{"id":10616,"date":"2018-09-05T09:57:49","date_gmt":"2018-09-05T07:57:49","guid":{"rendered":"http:\/\/ferreteriajulia.com\/tienda\/?post_type=product&#038;p=10616"},"modified":"2023-09-14T16:51:31","modified_gmt":"2023-09-14T14:51:31","slug":"codo-mixto-polietileno-laton-25x34-h","status":"publish","type":"product","link":"http:\/\/ferreteriajulia.com\/tienda\/producto\/codo-mixto-polietileno-laton-25x34-h\/","title":{"rendered":"codo mixto polietileno lat\u00f3n 25&#215;3\/4&#8243; H"},"content":{"rendered":"","protected":false},"excerpt":{"rendered":"","protected":false},"featured_media":17870,"template":"","meta":{"_monsterinsights_skip_tracking":false,"_monsterinsights_sitenote_active":false,"_monsterinsights_sitenote_note":"","_monsterinsights_sitenote_category":0},"product_brand":[],"product_cat":[827],"product_tag":[],"class_list":{"0":"post-10616","1":"product","2":"type-product","3":"status-publish","4":"has-post-thumbnail","6":"product_cat-accesorios-polietileno-laton","8":"first","9":"instock","10":"taxable","11":"shipping-taxable","12":"purchasable","13":"product-type-simple"},"yoast_head":"<!-- This site is optimized with the Yoast SEO plugin v27.4 - https:\/\/yoast.com\/product\/yoast-seo-wordpress\/ -->\n<title>codo mixto polietileno lat\u00f3n 25x3\/4&quot; H - Ferreter\u00eda Juli\u00e0<\/title>\n<meta name=\"robots\" content=\"index, follow, max-snippet:-1, max-image-preview:large, max-video-preview:-1\" \/>\n<link rel=\"canonical\" href=\"https:\/\/ferreteriajulia.com\/tienda\/producto\/codo-mixto-polietileno-laton-25x34-h\/\" \/>\n<meta property=\"og:locale\" content=\"es_ES\" \/>\n<meta property=\"og:type\" content=\"article\" \/>\n<meta property=\"og:title\" content=\"codo mixto polietileno lat\u00f3n 25x3\/4&quot; H - Ferreter\u00eda Juli\u00e0\" \/>\n<meta property=\"og:url\" content=\"https:\/\/ferreteriajulia.com\/tienda\/producto\/codo-mixto-polietileno-laton-25x34-h\/\" \/>\n<meta property=\"og:site_name\" content=\"Ferreter\u00eda Juli\u00e0\" \/>\n<meta property=\"article:modified_time\" content=\"2023-09-14T14:51:31+00:00\" \/>\n<meta property=\"og:image\" content=\"https:\/\/ferreteriajulia.com\/tienda\/wp-content\/uploads\/2018\/09\/codo-mixto-hembra-polietileno-laton.png\" \/>\n\t<meta property=\"og:image:width\" content=\"277\" \/>\n\t<meta property=\"og:image:height\" content=\"243\" \/>\n\t<meta property=\"og:image:type\" content=\"image\/png\" \/>\n<meta name=\"twitter:card\" content=\"summary_large_image\" \/>\n<script type=\"application\/ld+json\" class=\"yoast-schema-graph\">{\"@context\":\"https:\\\/\\\/schema.org\",\"@graph\":[{\"@type\":\"WebPage\",\"@id\":\"https:\\\/\\\/ferreteriajulia.com\\\/tienda\\\/producto\\\/codo-mixto-polietileno-laton-25x34-h\\\/\",\"url\":\"https:\\\/\\\/ferreteriajulia.com\\\/tienda\\\/producto\\\/codo-mixto-polietileno-laton-25x34-h\\\/\",\"name\":\"codo mixto polietileno lat\u00f3n 25x3\\\/4\\\" H - Ferreter\u00eda Juli\u00e0\",\"isPartOf\":{\"@id\":\"https:\\\/\\\/ferreteriajulia.com\\\/tienda\\\/#website\"},\"primaryImageOfPage\":{\"@id\":\"https:\\\/\\\/ferreteriajulia.com\\\/tienda\\\/producto\\\/codo-mixto-polietileno-laton-25x34-h\\\/#primaryimage\"},\"image\":{\"@id\":\"https:\\\/\\\/ferreteriajulia.com\\\/tienda\\\/producto\\\/codo-mixto-polietileno-laton-25x34-h\\\/#primaryimage\"},\"thumbnailUrl\":\"http:\\\/\\\/ferreteriajulia.com\\\/tienda\\\/wp-content\\\/uploads\\\/2018\\\/09\\\/codo-mixto-hembra-polietileno-laton.png\",\"datePublished\":\"2018-09-05T07:57:49+00:00\",\"dateModified\":\"2023-09-14T14:51:31+00:00\",\"breadcrumb\":{\"@id\":\"https:\\\/\\\/ferreteriajulia.com\\\/tienda\\\/producto\\\/codo-mixto-polietileno-laton-25x34-h\\\/#breadcrumb\"},\"inLanguage\":\"es\",\"potentialAction\":[{\"@type\":\"ReadAction\",\"target\":[\"https:\\\/\\\/ferreteriajulia.com\\\/tienda\\\/producto\\\/codo-mixto-polietileno-laton-25x34-h\\\/\"]}]},{\"@type\":\"ImageObject\",\"inLanguage\":\"es\",\"@id\":\"https:\\\/\\\/ferreteriajulia.com\\\/tienda\\\/producto\\\/codo-mixto-polietileno-laton-25x34-h\\\/#primaryimage\",\"url\":\"http:\\\/\\\/ferreteriajulia.com\\\/tienda\\\/wp-content\\\/uploads\\\/2018\\\/09\\\/codo-mixto-hembra-polietileno-laton.png\",\"contentUrl\":\"http:\\\/\\\/ferreteriajulia.com\\\/tienda\\\/wp-content\\\/uploads\\\/2018\\\/09\\\/codo-mixto-hembra-polietileno-laton.png\",\"width\":277,\"height\":243},{\"@type\":\"BreadcrumbList\",\"@id\":\"https:\\\/\\\/ferreteriajulia.com\\\/tienda\\\/producto\\\/codo-mixto-polietileno-laton-25x34-h\\\/#breadcrumb\",\"itemListElement\":[{\"@type\":\"ListItem\",\"position\":1,\"name\":\"Portada\",\"item\":\"https:\\\/\\\/ferreteriajulia.com\\\/tienda\\\/\"},{\"@type\":\"ListItem\",\"position\":2,\"name\":\"Tienda online\",\"item\":\"https:\\\/\\\/ferreteriajulia.com\\\/tienda\\\/shop\\\/\"},{\"@type\":\"ListItem\",\"position\":3,\"name\":\"codo mixto polietileno lat\u00f3n 25&#215;3\\\/4&#8243; H\"}]},{\"@type\":\"WebSite\",\"@id\":\"https:\\\/\\\/ferreteriajulia.com\\\/tienda\\\/#website\",\"url\":\"https:\\\/\\\/ferreteriajulia.com\\\/tienda\\\/\",\"name\":\"Ferreter\u00eda Juli\u00e0\",\"description\":\"Ferreter\u00eda generalista, material para intalaciones y reparaciones.\",\"publisher\":{\"@id\":\"https:\\\/\\\/ferreteriajulia.com\\\/tienda\\\/#organization\"},\"potentialAction\":[{\"@type\":\"SearchAction\",\"target\":{\"@type\":\"EntryPoint\",\"urlTemplate\":\"https:\\\/\\\/ferreteriajulia.com\\\/tienda\\\/?s={search_term_string}\"},\"query-input\":{\"@type\":\"PropertyValueSpecification\",\"valueRequired\":true,\"valueName\":\"search_term_string\"}}],\"inLanguage\":\"es\"},{\"@type\":\"Organization\",\"@id\":\"https:\\\/\\\/ferreteriajulia.com\\\/tienda\\\/#organization\",\"name\":\"Ferreter\u00eda Juli\u00e0\",\"url\":\"https:\\\/\\\/ferreteriajulia.com\\\/tienda\\\/\",\"logo\":{\"@type\":\"ImageObject\",\"inLanguage\":\"es\",\"@id\":\"https:\\\/\\\/ferreteriajulia.com\\\/tienda\\\/#\\\/schema\\\/logo\\\/image\\\/\",\"url\":\"http:\\\/\\\/ferreteriajulia.com\\\/tienda\\\/wp-content\\\/uploads\\\/2023\\\/04\\\/LOGO_Ferreteria_Julia_HD-e1680625558319.png\",\"contentUrl\":\"http:\\\/\\\/ferreteriajulia.com\\\/tienda\\\/wp-content\\\/uploads\\\/2023\\\/04\\\/LOGO_Ferreteria_Julia_HD-e1680625558319.png\",\"width\":240,\"height\":89,\"caption\":\"Ferreter\u00eda Juli\u00e0\"},\"image\":{\"@id\":\"https:\\\/\\\/ferreteriajulia.com\\\/tienda\\\/#\\\/schema\\\/logo\\\/image\\\/\"}}]}<\/script>\n<!-- \/ Yoast SEO plugin. -->","yoast_head_json":{"title":"codo mixto polietileno lat\u00f3n 25x3\/4\" H - Ferreter\u00eda Juli\u00e0","robots":{"index":"index","follow":"follow","max-snippet":"max-snippet:-1","max-image-preview":"max-image-preview:large","max-video-preview":"max-video-preview:-1"},"canonical":"https:\/\/ferreteriajulia.com\/tienda\/producto\/codo-mixto-polietileno-laton-25x34-h\/","og_locale":"es_ES","og_type":"article","og_title":"codo mixto polietileno lat\u00f3n 25x3\/4\" H - Ferreter\u00eda Juli\u00e0","og_url":"https:\/\/ferreteriajulia.com\/tienda\/producto\/codo-mixto-polietileno-laton-25x34-h\/","og_site_name":"Ferreter\u00eda Juli\u00e0","article_modified_time":"2023-09-14T14:51:31+00:00","og_image":[{"width":277,"height":243,"url":"https:\/\/ferreteriajulia.com\/tienda\/wp-content\/uploads\/2018\/09\/codo-mixto-hembra-polietileno-laton.png","type":"image\/png"}],"twitter_card":"summary_large_image","schema":{"@context":"https:\/\/schema.org","@graph":[{"@type":"WebPage","@id":"https:\/\/ferreteriajulia.com\/tienda\/producto\/codo-mixto-polietileno-laton-25x34-h\/","url":"https:\/\/ferreteriajulia.com\/tienda\/producto\/codo-mixto-polietileno-laton-25x34-h\/","name":"codo mixto polietileno lat\u00f3n 25x3\/4\" H - Ferreter\u00eda Juli\u00e0","isPartOf":{"@id":"https:\/\/ferreteriajulia.com\/tienda\/#website"},"primaryImageOfPage":{"@id":"https:\/\/ferreteriajulia.com\/tienda\/producto\/codo-mixto-polietileno-laton-25x34-h\/#primaryimage"},"image":{"@id":"https:\/\/ferreteriajulia.com\/tienda\/producto\/codo-mixto-polietileno-laton-25x34-h\/#primaryimage"},"thumbnailUrl":"http:\/\/ferreteriajulia.com\/tienda\/wp-content\/uploads\/2018\/09\/codo-mixto-hembra-polietileno-laton.png","datePublished":"2018-09-05T07:57:49+00:00","dateModified":"2023-09-14T14:51:31+00:00","breadcrumb":{"@id":"https:\/\/ferreteriajulia.com\/tienda\/producto\/codo-mixto-polietileno-laton-25x34-h\/#breadcrumb"},"inLanguage":"es","potentialAction":[{"@type":"ReadAction","target":["https:\/\/ferreteriajulia.com\/tienda\/producto\/codo-mixto-polietileno-laton-25x34-h\/"]}]},{"@type":"ImageObject","inLanguage":"es","@id":"https:\/\/ferreteriajulia.com\/tienda\/producto\/codo-mixto-polietileno-laton-25x34-h\/#primaryimage","url":"http:\/\/ferreteriajulia.com\/tienda\/wp-content\/uploads\/2018\/09\/codo-mixto-hembra-polietileno-laton.png","contentUrl":"http:\/\/ferreteriajulia.com\/tienda\/wp-content\/uploads\/2018\/09\/codo-mixto-hembra-polietileno-laton.png","width":277,"height":243},{"@type":"BreadcrumbList","@id":"https:\/\/ferreteriajulia.com\/tienda\/producto\/codo-mixto-polietileno-laton-25x34-h\/#breadcrumb","itemListElement":[{"@type":"ListItem","position":1,"name":"Portada","item":"https:\/\/ferreteriajulia.com\/tienda\/"},{"@type":"ListItem","position":2,"name":"Tienda online","item":"https:\/\/ferreteriajulia.com\/tienda\/shop\/"},{"@type":"ListItem","position":3,"name":"codo mixto polietileno lat\u00f3n 25&#215;3\/4&#8243; H"}]},{"@type":"WebSite","@id":"https:\/\/ferreteriajulia.com\/tienda\/#website","url":"https:\/\/ferreteriajulia.com\/tienda\/","name":"Ferreter\u00eda Juli\u00e0","description":"Ferreter\u00eda generalista, material para intalaciones y reparaciones.","publisher":{"@id":"https:\/\/ferreteriajulia.com\/tienda\/#organization"},"potentialAction":[{"@type":"SearchAction","target":{"@type":"EntryPoint","urlTemplate":"https:\/\/ferreteriajulia.com\/tienda\/?s={search_term_string}"},"query-input":{"@type":"PropertyValueSpecification","valueRequired":true,"valueName":"search_term_string"}}],"inLanguage":"es"},{"@type":"Organization","@id":"https:\/\/ferreteriajulia.com\/tienda\/#organization","name":"Ferreter\u00eda Juli\u00e0","url":"https:\/\/ferreteriajulia.com\/tienda\/","logo":{"@type":"ImageObject","inLanguage":"es","@id":"https:\/\/ferreteriajulia.com\/tienda\/#\/schema\/logo\/image\/","url":"http:\/\/ferreteriajulia.com\/tienda\/wp-content\/uploads\/2023\/04\/LOGO_Ferreteria_Julia_HD-e1680625558319.png","contentUrl":"http:\/\/ferreteriajulia.com\/tienda\/wp-content\/uploads\/2023\/04\/LOGO_Ferreteria_Julia_HD-e1680625558319.png","width":240,"height":89,"caption":"Ferreter\u00eda Juli\u00e0"},"image":{"@id":"https:\/\/ferreteriajulia.com\/tienda\/#\/schema\/logo\/image\/"}}]}},"_links":{"self":[{"href":"http:\/\/ferreteriajulia.com\/tienda\/wp-json\/wp\/v2\/product\/10616","targetHints":{"allow":["GET"]}}],"collection":[{"href":"http:\/\/ferreteriajulia.com\/tienda\/wp-json\/wp\/v2\/product"}],"about":[{"href":"http:\/\/ferreteriajulia.com\/tienda\/wp-json\/wp\/v2\/types\/product"}],"wp:featuredmedia":[{"embeddable":true,"href":"http:\/\/ferreteriajulia.com\/tienda\/wp-json\/wp\/v2\/media\/17870"}],"wp:attachment":[{"href":"http:\/\/ferreteriajulia.com\/tienda\/wp-json\/wp\/v2\/media?parent=10616"}],"wp:term":[{"taxonomy":"product_brand","embeddable":true,"href":"http:\/\/ferreteriajulia.com\/tienda\/wp-json\/wp\/v2\/product_brand?post=10616"},{"taxonomy":"product_cat","embeddable":true,"href":"http:\/\/ferreteriajulia.com\/tienda\/wp-json\/wp\/v2\/product_cat?post=10616"},{"taxonomy":"product_tag","embeddable":true,"href":"http:\/\/ferreteriajulia.com\/tienda\/wp-json\/wp\/v2\/product_tag?post=10616"}],"curies":[{"name":"wp","href":"https:\/\/api.w.org\/{rel}","templated":true}]}}