{"id":12175,"date":"2020-05-12T17:49:07","date_gmt":"2020-05-12T15:49:07","guid":{"rendered":"http:\/\/ferreteriajulia.com\/tienda\/?post_type=product&#038;p=12175"},"modified":"2023-02-24T10:49:04","modified_gmt":"2023-02-24T09:49:04","slug":"broca-metal-hss-co-profesional-4mm","status":"publish","type":"product","link":"http:\/\/ferreteriajulia.com\/tienda\/producto\/broca-metal-hss-co-profesional-4mm\/","title":{"rendered":"Broca metal HSS-CO Profesional 4mm"},"content":{"rendered":"<p>Acero al cobalto (HSSCo.). DIN 338RN, geometr\u00eda corte rectificada.<\/p>\n","protected":false},"excerpt":{"rendered":"<p>Acero al cobalto (HSSCo.). DIN 338RN, geometr\u00eda corte rectificada.<\/p>\n","protected":false},"featured_media":12169,"template":"","meta":{"_monsterinsights_skip_tracking":false,"_monsterinsights_sitenote_active":false,"_monsterinsights_sitenote_note":"","_monsterinsights_sitenote_category":0},"product_brand":[],"product_cat":[755],"product_tag":[],"class_list":{"0":"post-12175","1":"product","2":"type-product","3":"status-publish","4":"has-post-thumbnail","6":"product_cat-brocas-metal-y-plasticos","8":"first","9":"instock","10":"taxable","11":"shipping-taxable","12":"purchasable","13":"product-type-simple"},"yoast_head":"<!-- This site is optimized with the Yoast SEO plugin v27.4 - https:\/\/yoast.com\/product\/yoast-seo-wordpress\/ -->\n<title>Broca metal HSS-CO Profesional 4mm - Ferreter\u00eda Juli\u00e0<\/title>\n<meta name=\"robots\" content=\"index, follow, max-snippet:-1, max-image-preview:large, max-video-preview:-1\" \/>\n<link rel=\"canonical\" href=\"http:\/\/ferreteriajulia.com\/tienda\/producto\/broca-metal-hss-co-profesional-4mm\/\" \/>\n<meta property=\"og:locale\" content=\"es_ES\" \/>\n<meta property=\"og:type\" content=\"article\" \/>\n<meta property=\"og:title\" content=\"Broca metal HSS-CO Profesional 4mm - Ferreter\u00eda Juli\u00e0\" \/>\n<meta property=\"og:description\" content=\"Acero al cobalto (HSSCo.). DIN 338RN, geometr\u00eda corte rectificada.\" \/>\n<meta property=\"og:url\" content=\"http:\/\/ferreteriajulia.com\/tienda\/producto\/broca-metal-hss-co-profesional-4mm\/\" \/>\n<meta property=\"og:site_name\" content=\"Ferreter\u00eda Juli\u00e0\" \/>\n<meta property=\"article:modified_time\" content=\"2023-02-24T09:49:04+00:00\" \/>\n<meta property=\"og:image\" content=\"http:\/\/ferreteriajulia.com\/tienda\/wp-content\/uploads\/2020\/05\/broca-cobalto.jpg\" \/>\n\t<meta property=\"og:image:width\" content=\"640\" \/>\n\t<meta property=\"og:image:height\" content=\"530\" \/>\n\t<meta property=\"og:image:type\" content=\"image\/jpeg\" \/>\n<meta name=\"twitter:card\" content=\"summary_large_image\" \/>\n<script type=\"application\/ld+json\" class=\"yoast-schema-graph\">{\"@context\":\"https:\\\/\\\/schema.org\",\"@graph\":[{\"@type\":\"WebPage\",\"@id\":\"http:\\\/\\\/ferreteriajulia.com\\\/tienda\\\/producto\\\/broca-metal-hss-co-profesional-4mm\\\/\",\"url\":\"http:\\\/\\\/ferreteriajulia.com\\\/tienda\\\/producto\\\/broca-metal-hss-co-profesional-4mm\\\/\",\"name\":\"Broca metal HSS-CO Profesional 4mm - Ferreter\u00eda Juli\u00e0\",\"isPartOf\":{\"@id\":\"https:\\\/\\\/ferreteriajulia.com\\\/tienda\\\/#website\"},\"primaryImageOfPage\":{\"@id\":\"http:\\\/\\\/ferreteriajulia.com\\\/tienda\\\/producto\\\/broca-metal-hss-co-profesional-4mm\\\/#primaryimage\"},\"image\":{\"@id\":\"http:\\\/\\\/ferreteriajulia.com\\\/tienda\\\/producto\\\/broca-metal-hss-co-profesional-4mm\\\/#primaryimage\"},\"thumbnailUrl\":\"http:\\\/\\\/ferreteriajulia.com\\\/tienda\\\/wp-content\\\/uploads\\\/2020\\\/05\\\/broca-cobalto.jpg\",\"datePublished\":\"2020-05-12T15:49:07+00:00\",\"dateModified\":\"2023-02-24T09:49:04+00:00\",\"breadcrumb\":{\"@id\":\"http:\\\/\\\/ferreteriajulia.com\\\/tienda\\\/producto\\\/broca-metal-hss-co-profesional-4mm\\\/#breadcrumb\"},\"inLanguage\":\"es\",\"potentialAction\":[{\"@type\":\"ReadAction\",\"target\":[\"http:\\\/\\\/ferreteriajulia.com\\\/tienda\\\/producto\\\/broca-metal-hss-co-profesional-4mm\\\/\"]}]},{\"@type\":\"ImageObject\",\"inLanguage\":\"es\",\"@id\":\"http:\\\/\\\/ferreteriajulia.com\\\/tienda\\\/producto\\\/broca-metal-hss-co-profesional-4mm\\\/#primaryimage\",\"url\":\"http:\\\/\\\/ferreteriajulia.com\\\/tienda\\\/wp-content\\\/uploads\\\/2020\\\/05\\\/broca-cobalto.jpg\",\"contentUrl\":\"http:\\\/\\\/ferreteriajulia.com\\\/tienda\\\/wp-content\\\/uploads\\\/2020\\\/05\\\/broca-cobalto.jpg\",\"width\":640,\"height\":530},{\"@type\":\"BreadcrumbList\",\"@id\":\"http:\\\/\\\/ferreteriajulia.com\\\/tienda\\\/producto\\\/broca-metal-hss-co-profesional-4mm\\\/#breadcrumb\",\"itemListElement\":[{\"@type\":\"ListItem\",\"position\":1,\"name\":\"Portada\",\"item\":\"https:\\\/\\\/ferreteriajulia.com\\\/tienda\\\/\"},{\"@type\":\"ListItem\",\"position\":2,\"name\":\"Tienda online\",\"item\":\"https:\\\/\\\/ferreteriajulia.com\\\/tienda\\\/shop\\\/\"},{\"@type\":\"ListItem\",\"position\":3,\"name\":\"Broca metal HSS-CO Profesional 4mm\"}]},{\"@type\":\"WebSite\",\"@id\":\"https:\\\/\\\/ferreteriajulia.com\\\/tienda\\\/#website\",\"url\":\"https:\\\/\\\/ferreteriajulia.com\\\/tienda\\\/\",\"name\":\"Ferreter\u00eda Juli\u00e0\",\"description\":\"Ferreter\u00eda generalista, material para intalaciones y reparaciones.\",\"publisher\":{\"@id\":\"https:\\\/\\\/ferreteriajulia.com\\\/tienda\\\/#organization\"},\"potentialAction\":[{\"@type\":\"SearchAction\",\"target\":{\"@type\":\"EntryPoint\",\"urlTemplate\":\"https:\\\/\\\/ferreteriajulia.com\\\/tienda\\\/?s={search_term_string}\"},\"query-input\":{\"@type\":\"PropertyValueSpecification\",\"valueRequired\":true,\"valueName\":\"search_term_string\"}}],\"inLanguage\":\"es\"},{\"@type\":\"Organization\",\"@id\":\"https:\\\/\\\/ferreteriajulia.com\\\/tienda\\\/#organization\",\"name\":\"Ferreter\u00eda Juli\u00e0\",\"url\":\"https:\\\/\\\/ferreteriajulia.com\\\/tienda\\\/\",\"logo\":{\"@type\":\"ImageObject\",\"inLanguage\":\"es\",\"@id\":\"https:\\\/\\\/ferreteriajulia.com\\\/tienda\\\/#\\\/schema\\\/logo\\\/image\\\/\",\"url\":\"http:\\\/\\\/ferreteriajulia.com\\\/tienda\\\/wp-content\\\/uploads\\\/2023\\\/04\\\/LOGO_Ferreteria_Julia_HD-e1680625558319.png\",\"contentUrl\":\"http:\\\/\\\/ferreteriajulia.com\\\/tienda\\\/wp-content\\\/uploads\\\/2023\\\/04\\\/LOGO_Ferreteria_Julia_HD-e1680625558319.png\",\"width\":240,\"height\":89,\"caption\":\"Ferreter\u00eda Juli\u00e0\"},\"image\":{\"@id\":\"https:\\\/\\\/ferreteriajulia.com\\\/tienda\\\/#\\\/schema\\\/logo\\\/image\\\/\"}}]}<\/script>\n<!-- \/ Yoast SEO plugin. -->","yoast_head_json":{"title":"Broca metal HSS-CO Profesional 4mm - Ferreter\u00eda Juli\u00e0","robots":{"index":"index","follow":"follow","max-snippet":"max-snippet:-1","max-image-preview":"max-image-preview:large","max-video-preview":"max-video-preview:-1"},"canonical":"http:\/\/ferreteriajulia.com\/tienda\/producto\/broca-metal-hss-co-profesional-4mm\/","og_locale":"es_ES","og_type":"article","og_title":"Broca metal HSS-CO Profesional 4mm - Ferreter\u00eda Juli\u00e0","og_description":"Acero al cobalto (HSSCo.). DIN 338RN, geometr\u00eda corte rectificada.","og_url":"http:\/\/ferreteriajulia.com\/tienda\/producto\/broca-metal-hss-co-profesional-4mm\/","og_site_name":"Ferreter\u00eda Juli\u00e0","article_modified_time":"2023-02-24T09:49:04+00:00","og_image":[{"width":640,"height":530,"url":"http:\/\/ferreteriajulia.com\/tienda\/wp-content\/uploads\/2020\/05\/broca-cobalto.jpg","type":"image\/jpeg"}],"twitter_card":"summary_large_image","schema":{"@context":"https:\/\/schema.org","@graph":[{"@type":"WebPage","@id":"http:\/\/ferreteriajulia.com\/tienda\/producto\/broca-metal-hss-co-profesional-4mm\/","url":"http:\/\/ferreteriajulia.com\/tienda\/producto\/broca-metal-hss-co-profesional-4mm\/","name":"Broca metal HSS-CO Profesional 4mm - Ferreter\u00eda Juli\u00e0","isPartOf":{"@id":"https:\/\/ferreteriajulia.com\/tienda\/#website"},"primaryImageOfPage":{"@id":"http:\/\/ferreteriajulia.com\/tienda\/producto\/broca-metal-hss-co-profesional-4mm\/#primaryimage"},"image":{"@id":"http:\/\/ferreteriajulia.com\/tienda\/producto\/broca-metal-hss-co-profesional-4mm\/#primaryimage"},"thumbnailUrl":"http:\/\/ferreteriajulia.com\/tienda\/wp-content\/uploads\/2020\/05\/broca-cobalto.jpg","datePublished":"2020-05-12T15:49:07+00:00","dateModified":"2023-02-24T09:49:04+00:00","breadcrumb":{"@id":"http:\/\/ferreteriajulia.com\/tienda\/producto\/broca-metal-hss-co-profesional-4mm\/#breadcrumb"},"inLanguage":"es","potentialAction":[{"@type":"ReadAction","target":["http:\/\/ferreteriajulia.com\/tienda\/producto\/broca-metal-hss-co-profesional-4mm\/"]}]},{"@type":"ImageObject","inLanguage":"es","@id":"http:\/\/ferreteriajulia.com\/tienda\/producto\/broca-metal-hss-co-profesional-4mm\/#primaryimage","url":"http:\/\/ferreteriajulia.com\/tienda\/wp-content\/uploads\/2020\/05\/broca-cobalto.jpg","contentUrl":"http:\/\/ferreteriajulia.com\/tienda\/wp-content\/uploads\/2020\/05\/broca-cobalto.jpg","width":640,"height":530},{"@type":"BreadcrumbList","@id":"http:\/\/ferreteriajulia.com\/tienda\/producto\/broca-metal-hss-co-profesional-4mm\/#breadcrumb","itemListElement":[{"@type":"ListItem","position":1,"name":"Portada","item":"https:\/\/ferreteriajulia.com\/tienda\/"},{"@type":"ListItem","position":2,"name":"Tienda online","item":"https:\/\/ferreteriajulia.com\/tienda\/shop\/"},{"@type":"ListItem","position":3,"name":"Broca metal HSS-CO Profesional 4mm"}]},{"@type":"WebSite","@id":"https:\/\/ferreteriajulia.com\/tienda\/#website","url":"https:\/\/ferreteriajulia.com\/tienda\/","name":"Ferreter\u00eda Juli\u00e0","description":"Ferreter\u00eda generalista, material para intalaciones y reparaciones.","publisher":{"@id":"https:\/\/ferreteriajulia.com\/tienda\/#organization"},"potentialAction":[{"@type":"SearchAction","target":{"@type":"EntryPoint","urlTemplate":"https:\/\/ferreteriajulia.com\/tienda\/?s={search_term_string}"},"query-input":{"@type":"PropertyValueSpecification","valueRequired":true,"valueName":"search_term_string"}}],"inLanguage":"es"},{"@type":"Organization","@id":"https:\/\/ferreteriajulia.com\/tienda\/#organization","name":"Ferreter\u00eda Juli\u00e0","url":"https:\/\/ferreteriajulia.com\/tienda\/","logo":{"@type":"ImageObject","inLanguage":"es","@id":"https:\/\/ferreteriajulia.com\/tienda\/#\/schema\/logo\/image\/","url":"http:\/\/ferreteriajulia.com\/tienda\/wp-content\/uploads\/2023\/04\/LOGO_Ferreteria_Julia_HD-e1680625558319.png","contentUrl":"http:\/\/ferreteriajulia.com\/tienda\/wp-content\/uploads\/2023\/04\/LOGO_Ferreteria_Julia_HD-e1680625558319.png","width":240,"height":89,"caption":"Ferreter\u00eda Juli\u00e0"},"image":{"@id":"https:\/\/ferreteriajulia.com\/tienda\/#\/schema\/logo\/image\/"}}]}},"_links":{"self":[{"href":"http:\/\/ferreteriajulia.com\/tienda\/wp-json\/wp\/v2\/product\/12175","targetHints":{"allow":["GET"]}}],"collection":[{"href":"http:\/\/ferreteriajulia.com\/tienda\/wp-json\/wp\/v2\/product"}],"about":[{"href":"http:\/\/ferreteriajulia.com\/tienda\/wp-json\/wp\/v2\/types\/product"}],"wp:featuredmedia":[{"embeddable":true,"href":"http:\/\/ferreteriajulia.com\/tienda\/wp-json\/wp\/v2\/media\/12169"}],"wp:attachment":[{"href":"http:\/\/ferreteriajulia.com\/tienda\/wp-json\/wp\/v2\/media?parent=12175"}],"wp:term":[{"taxonomy":"product_brand","embeddable":true,"href":"http:\/\/ferreteriajulia.com\/tienda\/wp-json\/wp\/v2\/product_brand?post=12175"},{"taxonomy":"product_cat","embeddable":true,"href":"http:\/\/ferreteriajulia.com\/tienda\/wp-json\/wp\/v2\/product_cat?post=12175"},{"taxonomy":"product_tag","embeddable":true,"href":"http:\/\/ferreteriajulia.com\/tienda\/wp-json\/wp\/v2\/product_tag?post=12175"}],"curies":[{"name":"wp","href":"https:\/\/api.w.org\/{rel}","templated":true}]}}