{"id":15881,"date":"2023-04-24T17:20:34","date_gmt":"2023-04-24T15:20:34","guid":{"rendered":"https:\/\/ferreteriajulia.com\/tienda\/?post_type=product&#038;p=15881"},"modified":"2026-04-24T15:46:34","modified_gmt":"2026-04-24T13:46:34","slug":"base-superficie-famatel-16a-tt-lateral","status":"publish","type":"product","link":"http:\/\/ferreteriajulia.com\/tienda\/producto\/base-superficie-famatel-16a-tt-lateral\/","title":{"rendered":"base superficie famatel 16A TT lateral"},"content":{"rendered":"<p>base superficie famatel 16A 240V TT lateral<\/p>\n<p>color blanco nieve, con protecci\u00f3n para ni\u00f1os<\/p>\n<p id=\"tw-target-text\" class=\"tw-data-text tw-text-large tw-ta\" dir=\"ltr\" tabindex=\"-1\" role=\"text\" data-placeholder=\"Traducci\u00f3\" data-ved=\"2ahUKEwinqYjCh4aUAxU29QIHHYuGN2oQ3ewLegQIDBAV\" aria-label=\"Text tradu\u00eft: El conmutador de superficie Famatel 5002-B es un mecanismo el\u00e9ctrico de la Serie 5000 dise\u00f1ado para instalaciones donde no se desea o no se puede empotrar el cableado. Permite controlar un mismo punto de luz desde dos interruptores distintos. Famatel Famatel +3 Especificaciones T\u00e9cnicas Capacidad el\u00e9ctrica: Soporta hasta 10A y una tensi\u00f3n de 250V~ (potencia m\u00e1xima de 2300W). Dimensiones: Tiene un formato cuadrado de 65 x 65 mm. Dise\u00f1o: Se caracteriza por ser extraplano, lo que facilita su integraci\u00f3n est\u00e9tica en la pared. Materiales: Fabricado en material termopl\u00e1stico de alta resistencia. www.webmatel.es www.webmatel.es +3 Resistencia y Seguridad Protecci\u00f3n IP20: Apto exclusivamente para uso en interiores, puesto que no es estanco (no resiste el agua). Resistencia IK: Certificado con IK04 o IK07 (seg\u00fan variante) contra impactos mec\u00e1nicos. Resistencia al fuego: Soporta pruebas de hilo incandescente hasta 850 \u00baC. Normativa: Cumple con la norma UNE-EN 60669 para interruptores el\u00e9ctrico\"><span class=\"Y2IQFc\" lang=\"es\">La base superficie famatel 16A 240V SIN tierra, es un mecanismo el\u00e9ctrico de la Serie 5000 dise\u00f1ado para instalaciones donde no se desea o no se puede empotrar el cableado.\u00a0<\/span><\/p>\n<h3 class=\"tw-data-text tw-text-large tw-ta\" dir=\"ltr\" tabindex=\"-1\" role=\"text\" data-placeholder=\"Traducci\u00f3\" data-ved=\"2ahUKEwinqYjCh4aUAxU29QIHHYuGN2oQ3ewLegQIDBAV\" aria-label=\"Text tradu\u00eft: El conmutador de superficie Famatel 5002-B es un mecanismo el\u00e9ctrico de la Serie 5000 dise\u00f1ado para instalaciones donde no se desea o no se puede empotrar el cableado. Permite controlar un mismo punto de luz desde dos interruptores distintos. Famatel Famatel +3 Especificaciones T\u00e9cnicas Capacidad el\u00e9ctrica: Soporta hasta 10A y una tensi\u00f3n de 250V~ (potencia m\u00e1xima de 2300W). Dimensiones: Tiene un formato cuadrado de 65 x 65 mm. Dise\u00f1o: Se caracteriza por ser extraplano, lo que facilita su integraci\u00f3n est\u00e9tica en la pared. Materiales: Fabricado en material termopl\u00e1stico de alta resistencia. www.webmatel.es www.webmatel.es +3 Resistencia y Seguridad Protecci\u00f3n IP20: Apto exclusivamente para uso en interiores, puesto que no es estanco (no resiste el agua). Resistencia IK: Certificado con IK04 o IK07 (seg\u00fan variante) contra impactos mec\u00e1nicos. Resistencia al fuego: Soporta pruebas de hilo incandescente hasta 850 \u00baC. Normativa: Cumple con la norma UNE-EN 60669 para interruptores el\u00e9ctrico\"><span class=\"Y2IQFc\" lang=\"es\">Especificaciones T\u00e9cnicas:<\/span><\/h3>\n<p class=\"tw-data-text tw-text-large tw-ta\" dir=\"ltr\" tabindex=\"-1\" role=\"text\" data-placeholder=\"Traducci\u00f3\" data-ved=\"2ahUKEwinqYjCh4aUAxU29QIHHYuGN2oQ3ewLegQIDBAV\" aria-label=\"Text tradu\u00eft: El conmutador de superficie Famatel 5002-B es un mecanismo el\u00e9ctrico de la Serie 5000 dise\u00f1ado para instalaciones donde no se desea o no se puede empotrar el cableado. Permite controlar un mismo punto de luz desde dos interruptores distintos. Famatel Famatel +3 Especificaciones T\u00e9cnicas Capacidad el\u00e9ctrica: Soporta hasta 10A y una tensi\u00f3n de 250V~ (potencia m\u00e1xima de 2300W). Dimensiones: Tiene un formato cuadrado de 65 x 65 mm. Dise\u00f1o: Se caracteriza por ser extraplano, lo que facilita su integraci\u00f3n est\u00e9tica en la pared. Materiales: Fabricado en material termopl\u00e1stico de alta resistencia. www.webmatel.es www.webmatel.es +3 Resistencia y Seguridad Protecci\u00f3n IP20: Apto exclusivamente para uso en interiores, puesto que no es estanco (no resiste el agua). Resistencia IK: Certificado con IK04 o IK07 (seg\u00fan variante) contra impactos mec\u00e1nicos. Resistencia al fuego: Soporta pruebas de hilo incandescente hasta 850 \u00baC. Normativa: Cumple con la norma UNE-EN 60669 para interruptores el\u00e9ctrico\"><span class=\"Y2IQFc\" lang=\"es\">Capacidad el\u00e9ctrica: Soporta hasta 16A y una tensi\u00f3n de 250V~\u00a0<\/span><\/p>\n<p class=\"tw-data-text tw-text-large tw-ta\" dir=\"ltr\" tabindex=\"-1\" role=\"text\" data-placeholder=\"Traducci\u00f3\" data-ved=\"2ahUKEwinqYjCh4aUAxU29QIHHYuGN2oQ3ewLegQIDBAV\" aria-label=\"Text tradu\u00eft: El conmutador de superficie Famatel 5002-B es un mecanismo el\u00e9ctrico de la Serie 5000 dise\u00f1ado para instalaciones donde no se desea o no se puede empotrar el cableado. Permite controlar un mismo punto de luz desde dos interruptores distintos. Famatel Famatel +3 Especificaciones T\u00e9cnicas Capacidad el\u00e9ctrica: Soporta hasta 10A y una tensi\u00f3n de 250V~ (potencia m\u00e1xima de 2300W). Dimensiones: Tiene un formato cuadrado de 65 x 65 mm. Dise\u00f1o: Se caracteriza por ser extraplano, lo que facilita su integraci\u00f3n est\u00e9tica en la pared. Materiales: Fabricado en material termopl\u00e1stico de alta resistencia. www.webmatel.es www.webmatel.es +3 Resistencia y Seguridad Protecci\u00f3n IP20: Apto exclusivamente para uso en interiores, puesto que no es estanco (no resiste el agua). Resistencia IK: Certificado con IK04 o IK07 (seg\u00fan variante) contra impactos mec\u00e1nicos. Resistencia al fuego: Soporta pruebas de hilo incandescente hasta 850 \u00baC. Normativa: Cumple con la norma UNE-EN 60669 para interruptores el\u00e9ctrico\"><span class=\"Y2IQFc\" lang=\"es\"> Dimensiones: Tiene un formato cuadrado de 65 x 65 mm. <\/span><\/p>\n<p class=\"tw-data-text tw-text-large tw-ta\" dir=\"ltr\" tabindex=\"-1\" role=\"text\" data-placeholder=\"Traducci\u00f3\" data-ved=\"2ahUKEwinqYjCh4aUAxU29QIHHYuGN2oQ3ewLegQIDBAV\" aria-label=\"Text tradu\u00eft: El conmutador de superficie Famatel 5002-B es un mecanismo el\u00e9ctrico de la Serie 5000 dise\u00f1ado para instalaciones donde no se desea o no se puede empotrar el cableado. Permite controlar un mismo punto de luz desde dos interruptores distintos. Famatel Famatel +3 Especificaciones T\u00e9cnicas Capacidad el\u00e9ctrica: Soporta hasta 10A y una tensi\u00f3n de 250V~ (potencia m\u00e1xima de 2300W). Dimensiones: Tiene un formato cuadrado de 65 x 65 mm. Dise\u00f1o: Se caracteriza por ser extraplano, lo que facilita su integraci\u00f3n est\u00e9tica en la pared. Materiales: Fabricado en material termopl\u00e1stico de alta resistencia. www.webmatel.es www.webmatel.es +3 Resistencia y Seguridad Protecci\u00f3n IP20: Apto exclusivamente para uso en interiores, puesto que no es estanco (no resiste el agua). Resistencia IK: Certificado con IK04 o IK07 (seg\u00fan variante) contra impactos mec\u00e1nicos. Resistencia al fuego: Soporta pruebas de hilo incandescente hasta 850 \u00baC. Normativa: Cumple con la norma UNE-EN 60669 para interruptores el\u00e9ctrico\"><span class=\"Y2IQFc\" lang=\"es\">Dise\u00f1o: Se caracteriza por ser extraplano, lo que facilita su integraci\u00f3n est\u00e9tica en la pared. <\/span><\/p>\n<p class=\"tw-data-text tw-text-large tw-ta\" dir=\"ltr\" tabindex=\"-1\" role=\"text\" data-placeholder=\"Traducci\u00f3\" data-ved=\"2ahUKEwinqYjCh4aUAxU29QIHHYuGN2oQ3ewLegQIDBAV\" aria-label=\"Text tradu\u00eft: El conmutador de superficie Famatel 5002-B es un mecanismo el\u00e9ctrico de la Serie 5000 dise\u00f1ado para instalaciones donde no se desea o no se puede empotrar el cableado. Permite controlar un mismo punto de luz desde dos interruptores distintos. Famatel Famatel +3 Especificaciones T\u00e9cnicas Capacidad el\u00e9ctrica: Soporta hasta 10A y una tensi\u00f3n de 250V~ (potencia m\u00e1xima de 2300W). Dimensiones: Tiene un formato cuadrado de 65 x 65 mm. Dise\u00f1o: Se caracteriza por ser extraplano, lo que facilita su integraci\u00f3n est\u00e9tica en la pared. Materiales: Fabricado en material termopl\u00e1stico de alta resistencia. www.webmatel.es www.webmatel.es +3 Resistencia y Seguridad Protecci\u00f3n IP20: Apto exclusivamente para uso en interiores, puesto que no es estanco (no resiste el agua). Resistencia IK: Certificado con IK04 o IK07 (seg\u00fan variante) contra impactos mec\u00e1nicos. Resistencia al fuego: Soporta pruebas de hilo incandescente hasta 850 \u00baC. Normativa: Cumple con la norma UNE-EN 60669 para interruptores el\u00e9ctrico\"><span class=\"Y2IQFc\" lang=\"es\">Materiales: Fabricado en material termopl\u00e1stico de alta resistencia.<\/span><\/p>\n<h3 class=\"tw-data-text tw-text-large tw-ta\" dir=\"ltr\" tabindex=\"-1\" role=\"text\" data-placeholder=\"Traducci\u00f3\" data-ved=\"2ahUKEwinqYjCh4aUAxU29QIHHYuGN2oQ3ewLegQIDBAV\" aria-label=\"Text tradu\u00eft: El conmutador de superficie Famatel 5002-B es un mecanismo el\u00e9ctrico de la Serie 5000 dise\u00f1ado para instalaciones donde no se desea o no se puede empotrar el cableado. Permite controlar un mismo punto de luz desde dos interruptores distintos. Famatel Famatel +3 Especificaciones T\u00e9cnicas Capacidad el\u00e9ctrica: Soporta hasta 10A y una tensi\u00f3n de 250V~ (potencia m\u00e1xima de 2300W). Dimensiones: Tiene un formato cuadrado de 65 x 65 mm. Dise\u00f1o: Se caracteriza por ser extraplano, lo que facilita su integraci\u00f3n est\u00e9tica en la pared. Materiales: Fabricado en material termopl\u00e1stico de alta resistencia. www.webmatel.es www.webmatel.es +3 Resistencia y Seguridad Protecci\u00f3n IP20: Apto exclusivamente para uso en interiores, puesto que no es estanco (no resiste el agua). Resistencia IK: Certificado con IK04 o IK07 (seg\u00fan variante) contra impactos mec\u00e1nicos. Resistencia al fuego: Soporta pruebas de hilo incandescente hasta 850 \u00baC. Normativa: Cumple con la norma UNE-EN 60669 para interruptores el\u00e9ctrico\"><span class=\"Y2IQFc\" lang=\"es\">Resistencia y Seguridad<\/span><\/h3>\n<p class=\"tw-data-text tw-text-large tw-ta\" dir=\"ltr\" tabindex=\"-1\" role=\"text\" data-placeholder=\"Traducci\u00f3\" data-ved=\"2ahUKEwinqYjCh4aUAxU29QIHHYuGN2oQ3ewLegQIDBAV\" aria-label=\"Text tradu\u00eft: El conmutador de superficie Famatel 5002-B es un mecanismo el\u00e9ctrico de la Serie 5000 dise\u00f1ado para instalaciones donde no se desea o no se puede empotrar el cableado. Permite controlar un mismo punto de luz desde dos interruptores distintos. Famatel Famatel +3 Especificaciones T\u00e9cnicas Capacidad el\u00e9ctrica: Soporta hasta 10A y una tensi\u00f3n de 250V~ (potencia m\u00e1xima de 2300W). Dimensiones: Tiene un formato cuadrado de 65 x 65 mm. Dise\u00f1o: Se caracteriza por ser extraplano, lo que facilita su integraci\u00f3n est\u00e9tica en la pared. Materiales: Fabricado en material termopl\u00e1stico de alta resistencia. www.webmatel.es www.webmatel.es +3 Resistencia y Seguridad Protecci\u00f3n IP20: Apto exclusivamente para uso en interiores, puesto que no es estanco (no resiste el agua). Resistencia IK: Certificado con IK04 o IK07 (seg\u00fan variante) contra impactos mec\u00e1nicos. Resistencia al fuego: Soporta pruebas de hilo incandescente hasta 850 \u00baC. Normativa: Cumple con la norma UNE-EN 60669 para interruptores el\u00e9ctrico\"><span class=\"Y2IQFc\" lang=\"es\">Protecci\u00f3n IP20: Apto exclusivamente para uso en interiores, puesto que no es estanco (no resiste el agua). <\/span><\/p>\n<p class=\"tw-data-text tw-text-large tw-ta\" dir=\"ltr\" tabindex=\"-1\" role=\"text\" data-placeholder=\"Traducci\u00f3\" data-ved=\"2ahUKEwinqYjCh4aUAxU29QIHHYuGN2oQ3ewLegQIDBAV\" aria-label=\"Text tradu\u00eft: El conmutador de superficie Famatel 5002-B es un mecanismo el\u00e9ctrico de la Serie 5000 dise\u00f1ado para instalaciones donde no se desea o no se puede empotrar el cableado. Permite controlar un mismo punto de luz desde dos interruptores distintos. Famatel Famatel +3 Especificaciones T\u00e9cnicas Capacidad el\u00e9ctrica: Soporta hasta 10A y una tensi\u00f3n de 250V~ (potencia m\u00e1xima de 2300W). Dimensiones: Tiene un formato cuadrado de 65 x 65 mm. Dise\u00f1o: Se caracteriza por ser extraplano, lo que facilita su integraci\u00f3n est\u00e9tica en la pared. Materiales: Fabricado en material termopl\u00e1stico de alta resistencia. www.webmatel.es www.webmatel.es +3 Resistencia y Seguridad Protecci\u00f3n IP20: Apto exclusivamente para uso en interiores, puesto que no es estanco (no resiste el agua). Resistencia IK: Certificado con IK04 o IK07 (seg\u00fan variante) contra impactos mec\u00e1nicos. Resistencia al fuego: Soporta pruebas de hilo incandescente hasta 850 \u00baC. Normativa: Cumple con la norma UNE-EN 60669 para interruptores el\u00e9ctrico\"><span class=\"Y2IQFc\" lang=\"es\">Resistencia IK: Certificado con IK04\u00a0<\/span><span class=\"Y2IQFc\" lang=\"es\">contra impactos mec\u00e1nicos. <\/span><\/p>\n","protected":false},"excerpt":{"rendered":"<p>base superficie famatel 16A TT lateral<\/p>\n","protected":false},"featured_media":23523,"template":"","meta":{"_monsterinsights_skip_tracking":false,"_monsterinsights_sitenote_active":false,"_monsterinsights_sitenote_note":"","_monsterinsights_sitenote_category":0},"product_brand":[],"product_cat":[481],"product_tag":[],"class_list":{"0":"post-15881","1":"product","2":"type-product","3":"status-publish","4":"has-post-thumbnail","6":"product_cat-pequeno-material-electrico","8":"first","9":"instock","10":"taxable","11":"shipping-taxable","12":"purchasable","13":"product-type-simple"},"yoast_head":"<!-- This site is optimized with the Yoast SEO plugin v27.4 - https:\/\/yoast.com\/product\/yoast-seo-wordpress\/ -->\n<title>base superficie famatel 16A TT lateral - Ferreter\u00eda Juli\u00e0<\/title>\n<meta name=\"description\" content=\"base superficie famatel 16A TT lateral - Ferreter\u00eda Juli\u00e0 - Ferreter\u00eda Barcelona - 933 59 84 12 - info@ferreteriajulia.com - Gran variedad de productos\" \/>\n<meta name=\"robots\" content=\"index, follow, max-snippet:-1, max-image-preview:large, max-video-preview:-1\" \/>\n<link rel=\"canonical\" href=\"https:\/\/ferreteriajulia.com\/tienda\/producto\/base-superficie-famatel-16a-tt-lateral\/\" \/>\n<meta property=\"og:locale\" content=\"es_ES\" \/>\n<meta property=\"og:type\" content=\"article\" \/>\n<meta property=\"og:title\" content=\"base superficie famatel 16A TT lateral - Ferreter\u00eda Juli\u00e0\" \/>\n<meta property=\"og:description\" content=\"base superficie famatel 16A TT lateral - Ferreter\u00eda Juli\u00e0 - Ferreter\u00eda Barcelona - 933 59 84 12 - info@ferreteriajulia.com - Gran variedad de productos\" \/>\n<meta property=\"og:url\" content=\"https:\/\/ferreteriajulia.com\/tienda\/producto\/base-superficie-famatel-16a-tt-lateral\/\" \/>\n<meta property=\"og:site_name\" content=\"Ferreter\u00eda Juli\u00e0\" \/>\n<meta property=\"article:modified_time\" content=\"2026-04-24T13:46:34+00:00\" \/>\n<meta property=\"og:image\" content=\"https:\/\/ferreteriajulia.com\/tienda\/wp-content\/uploads\/2023\/04\/base-famatel-tt-e1777038386247.png\" \/>\n\t<meta property=\"og:image:width\" content=\"326\" \/>\n\t<meta property=\"og:image:height\" content=\"314\" \/>\n\t<meta property=\"og:image:type\" content=\"image\/png\" \/>\n<meta name=\"twitter:card\" content=\"summary_large_image\" \/>\n<meta name=\"twitter:label1\" content=\"Tiempo de lectura\" \/>\n\t<meta name=\"twitter:data1\" content=\"1 minuto\" \/>\n<script type=\"application\/ld+json\" class=\"yoast-schema-graph\">{\"@context\":\"https:\\\/\\\/schema.org\",\"@graph\":[{\"@type\":\"WebPage\",\"@id\":\"https:\\\/\\\/ferreteriajulia.com\\\/tienda\\\/producto\\\/base-superficie-famatel-16a-tt-lateral\\\/\",\"url\":\"https:\\\/\\\/ferreteriajulia.com\\\/tienda\\\/producto\\\/base-superficie-famatel-16a-tt-lateral\\\/\",\"name\":\"base superficie famatel 16A TT lateral - Ferreter\u00eda Juli\u00e0\",\"isPartOf\":{\"@id\":\"https:\\\/\\\/ferreteriajulia.com\\\/tienda\\\/#website\"},\"primaryImageOfPage\":{\"@id\":\"https:\\\/\\\/ferreteriajulia.com\\\/tienda\\\/producto\\\/base-superficie-famatel-16a-tt-lateral\\\/#primaryimage\"},\"image\":{\"@id\":\"https:\\\/\\\/ferreteriajulia.com\\\/tienda\\\/producto\\\/base-superficie-famatel-16a-tt-lateral\\\/#primaryimage\"},\"thumbnailUrl\":\"http:\\\/\\\/ferreteriajulia.com\\\/tienda\\\/wp-content\\\/uploads\\\/2023\\\/04\\\/base-famatel-tt-e1777038386247.png\",\"datePublished\":\"2023-04-24T15:20:34+00:00\",\"dateModified\":\"2026-04-24T13:46:34+00:00\",\"description\":\"base superficie famatel 16A TT lateral - Ferreter\u00eda Juli\u00e0 - Ferreter\u00eda Barcelona - 933 59 84 12 - info@ferreteriajulia.com - Gran variedad de productos\",\"breadcrumb\":{\"@id\":\"https:\\\/\\\/ferreteriajulia.com\\\/tienda\\\/producto\\\/base-superficie-famatel-16a-tt-lateral\\\/#breadcrumb\"},\"inLanguage\":\"es\",\"potentialAction\":[{\"@type\":\"ReadAction\",\"target\":[\"https:\\\/\\\/ferreteriajulia.com\\\/tienda\\\/producto\\\/base-superficie-famatel-16a-tt-lateral\\\/\"]}]},{\"@type\":\"ImageObject\",\"inLanguage\":\"es\",\"@id\":\"https:\\\/\\\/ferreteriajulia.com\\\/tienda\\\/producto\\\/base-superficie-famatel-16a-tt-lateral\\\/#primaryimage\",\"url\":\"http:\\\/\\\/ferreteriajulia.com\\\/tienda\\\/wp-content\\\/uploads\\\/2023\\\/04\\\/base-famatel-tt-e1777038386247.png\",\"contentUrl\":\"http:\\\/\\\/ferreteriajulia.com\\\/tienda\\\/wp-content\\\/uploads\\\/2023\\\/04\\\/base-famatel-tt-e1777038386247.png\",\"width\":326,\"height\":314},{\"@type\":\"BreadcrumbList\",\"@id\":\"https:\\\/\\\/ferreteriajulia.com\\\/tienda\\\/producto\\\/base-superficie-famatel-16a-tt-lateral\\\/#breadcrumb\",\"itemListElement\":[{\"@type\":\"ListItem\",\"position\":1,\"name\":\"Portada\",\"item\":\"https:\\\/\\\/ferreteriajulia.com\\\/tienda\\\/\"},{\"@type\":\"ListItem\",\"position\":2,\"name\":\"Tienda online\",\"item\":\"https:\\\/\\\/ferreteriajulia.com\\\/tienda\\\/shop\\\/\"},{\"@type\":\"ListItem\",\"position\":3,\"name\":\"base superficie famatel 16A TT lateral\"}]},{\"@type\":\"WebSite\",\"@id\":\"https:\\\/\\\/ferreteriajulia.com\\\/tienda\\\/#website\",\"url\":\"https:\\\/\\\/ferreteriajulia.com\\\/tienda\\\/\",\"name\":\"Ferreter\u00eda Juli\u00e0\",\"description\":\"Ferreter\u00eda generalista, material para intalaciones y reparaciones.\",\"publisher\":{\"@id\":\"https:\\\/\\\/ferreteriajulia.com\\\/tienda\\\/#organization\"},\"potentialAction\":[{\"@type\":\"SearchAction\",\"target\":{\"@type\":\"EntryPoint\",\"urlTemplate\":\"https:\\\/\\\/ferreteriajulia.com\\\/tienda\\\/?s={search_term_string}\"},\"query-input\":{\"@type\":\"PropertyValueSpecification\",\"valueRequired\":true,\"valueName\":\"search_term_string\"}}],\"inLanguage\":\"es\"},{\"@type\":\"Organization\",\"@id\":\"https:\\\/\\\/ferreteriajulia.com\\\/tienda\\\/#organization\",\"name\":\"Ferreter\u00eda Juli\u00e0\",\"url\":\"https:\\\/\\\/ferreteriajulia.com\\\/tienda\\\/\",\"logo\":{\"@type\":\"ImageObject\",\"inLanguage\":\"es\",\"@id\":\"https:\\\/\\\/ferreteriajulia.com\\\/tienda\\\/#\\\/schema\\\/logo\\\/image\\\/\",\"url\":\"http:\\\/\\\/ferreteriajulia.com\\\/tienda\\\/wp-content\\\/uploads\\\/2023\\\/04\\\/LOGO_Ferreteria_Julia_HD-e1680625558319.png\",\"contentUrl\":\"http:\\\/\\\/ferreteriajulia.com\\\/tienda\\\/wp-content\\\/uploads\\\/2023\\\/04\\\/LOGO_Ferreteria_Julia_HD-e1680625558319.png\",\"width\":240,\"height\":89,\"caption\":\"Ferreter\u00eda Juli\u00e0\"},\"image\":{\"@id\":\"https:\\\/\\\/ferreteriajulia.com\\\/tienda\\\/#\\\/schema\\\/logo\\\/image\\\/\"}}]}<\/script>\n<!-- \/ Yoast SEO plugin. -->","yoast_head_json":{"title":"base superficie famatel 16A TT lateral - Ferreter\u00eda Juli\u00e0","description":"base superficie famatel 16A TT lateral - Ferreter\u00eda Juli\u00e0 - Ferreter\u00eda Barcelona - 933 59 84 12 - info@ferreteriajulia.com - Gran variedad de productos","robots":{"index":"index","follow":"follow","max-snippet":"max-snippet:-1","max-image-preview":"max-image-preview:large","max-video-preview":"max-video-preview:-1"},"canonical":"https:\/\/ferreteriajulia.com\/tienda\/producto\/base-superficie-famatel-16a-tt-lateral\/","og_locale":"es_ES","og_type":"article","og_title":"base superficie famatel 16A TT lateral - Ferreter\u00eda Juli\u00e0","og_description":"base superficie famatel 16A TT lateral - Ferreter\u00eda Juli\u00e0 - Ferreter\u00eda Barcelona - 933 59 84 12 - info@ferreteriajulia.com - Gran variedad de productos","og_url":"https:\/\/ferreteriajulia.com\/tienda\/producto\/base-superficie-famatel-16a-tt-lateral\/","og_site_name":"Ferreter\u00eda Juli\u00e0","article_modified_time":"2026-04-24T13:46:34+00:00","og_image":[{"width":326,"height":314,"url":"https:\/\/ferreteriajulia.com\/tienda\/wp-content\/uploads\/2023\/04\/base-famatel-tt-e1777038386247.png","type":"image\/png"}],"twitter_card":"summary_large_image","twitter_misc":{"Tiempo de lectura":"1 minuto"},"schema":{"@context":"https:\/\/schema.org","@graph":[{"@type":"WebPage","@id":"https:\/\/ferreteriajulia.com\/tienda\/producto\/base-superficie-famatel-16a-tt-lateral\/","url":"https:\/\/ferreteriajulia.com\/tienda\/producto\/base-superficie-famatel-16a-tt-lateral\/","name":"base superficie famatel 16A TT lateral - Ferreter\u00eda Juli\u00e0","isPartOf":{"@id":"https:\/\/ferreteriajulia.com\/tienda\/#website"},"primaryImageOfPage":{"@id":"https:\/\/ferreteriajulia.com\/tienda\/producto\/base-superficie-famatel-16a-tt-lateral\/#primaryimage"},"image":{"@id":"https:\/\/ferreteriajulia.com\/tienda\/producto\/base-superficie-famatel-16a-tt-lateral\/#primaryimage"},"thumbnailUrl":"http:\/\/ferreteriajulia.com\/tienda\/wp-content\/uploads\/2023\/04\/base-famatel-tt-e1777038386247.png","datePublished":"2023-04-24T15:20:34+00:00","dateModified":"2026-04-24T13:46:34+00:00","description":"base superficie famatel 16A TT lateral - Ferreter\u00eda Juli\u00e0 - Ferreter\u00eda Barcelona - 933 59 84 12 - info@ferreteriajulia.com - Gran variedad de productos","breadcrumb":{"@id":"https:\/\/ferreteriajulia.com\/tienda\/producto\/base-superficie-famatel-16a-tt-lateral\/#breadcrumb"},"inLanguage":"es","potentialAction":[{"@type":"ReadAction","target":["https:\/\/ferreteriajulia.com\/tienda\/producto\/base-superficie-famatel-16a-tt-lateral\/"]}]},{"@type":"ImageObject","inLanguage":"es","@id":"https:\/\/ferreteriajulia.com\/tienda\/producto\/base-superficie-famatel-16a-tt-lateral\/#primaryimage","url":"http:\/\/ferreteriajulia.com\/tienda\/wp-content\/uploads\/2023\/04\/base-famatel-tt-e1777038386247.png","contentUrl":"http:\/\/ferreteriajulia.com\/tienda\/wp-content\/uploads\/2023\/04\/base-famatel-tt-e1777038386247.png","width":326,"height":314},{"@type":"BreadcrumbList","@id":"https:\/\/ferreteriajulia.com\/tienda\/producto\/base-superficie-famatel-16a-tt-lateral\/#breadcrumb","itemListElement":[{"@type":"ListItem","position":1,"name":"Portada","item":"https:\/\/ferreteriajulia.com\/tienda\/"},{"@type":"ListItem","position":2,"name":"Tienda online","item":"https:\/\/ferreteriajulia.com\/tienda\/shop\/"},{"@type":"ListItem","position":3,"name":"base superficie famatel 16A TT lateral"}]},{"@type":"WebSite","@id":"https:\/\/ferreteriajulia.com\/tienda\/#website","url":"https:\/\/ferreteriajulia.com\/tienda\/","name":"Ferreter\u00eda Juli\u00e0","description":"Ferreter\u00eda generalista, material para intalaciones y reparaciones.","publisher":{"@id":"https:\/\/ferreteriajulia.com\/tienda\/#organization"},"potentialAction":[{"@type":"SearchAction","target":{"@type":"EntryPoint","urlTemplate":"https:\/\/ferreteriajulia.com\/tienda\/?s={search_term_string}"},"query-input":{"@type":"PropertyValueSpecification","valueRequired":true,"valueName":"search_term_string"}}],"inLanguage":"es"},{"@type":"Organization","@id":"https:\/\/ferreteriajulia.com\/tienda\/#organization","name":"Ferreter\u00eda Juli\u00e0","url":"https:\/\/ferreteriajulia.com\/tienda\/","logo":{"@type":"ImageObject","inLanguage":"es","@id":"https:\/\/ferreteriajulia.com\/tienda\/#\/schema\/logo\/image\/","url":"http:\/\/ferreteriajulia.com\/tienda\/wp-content\/uploads\/2023\/04\/LOGO_Ferreteria_Julia_HD-e1680625558319.png","contentUrl":"http:\/\/ferreteriajulia.com\/tienda\/wp-content\/uploads\/2023\/04\/LOGO_Ferreteria_Julia_HD-e1680625558319.png","width":240,"height":89,"caption":"Ferreter\u00eda Juli\u00e0"},"image":{"@id":"https:\/\/ferreteriajulia.com\/tienda\/#\/schema\/logo\/image\/"}}]}},"_links":{"self":[{"href":"http:\/\/ferreteriajulia.com\/tienda\/wp-json\/wp\/v2\/product\/15881","targetHints":{"allow":["GET"]}}],"collection":[{"href":"http:\/\/ferreteriajulia.com\/tienda\/wp-json\/wp\/v2\/product"}],"about":[{"href":"http:\/\/ferreteriajulia.com\/tienda\/wp-json\/wp\/v2\/types\/product"}],"wp:featuredmedia":[{"embeddable":true,"href":"http:\/\/ferreteriajulia.com\/tienda\/wp-json\/wp\/v2\/media\/23523"}],"wp:attachment":[{"href":"http:\/\/ferreteriajulia.com\/tienda\/wp-json\/wp\/v2\/media?parent=15881"}],"wp:term":[{"taxonomy":"product_brand","embeddable":true,"href":"http:\/\/ferreteriajulia.com\/tienda\/wp-json\/wp\/v2\/product_brand?post=15881"},{"taxonomy":"product_cat","embeddable":true,"href":"http:\/\/ferreteriajulia.com\/tienda\/wp-json\/wp\/v2\/product_cat?post=15881"},{"taxonomy":"product_tag","embeddable":true,"href":"http:\/\/ferreteriajulia.com\/tienda\/wp-json\/wp\/v2\/product_tag?post=15881"}],"curies":[{"name":"wp","href":"https:\/\/api.w.org\/{rel}","templated":true}]}}