{"id":15935,"date":"2023-04-27T18:20:29","date_gmt":"2023-04-27T16:20:29","guid":{"rendered":"https:\/\/ferreteriajulia.com\/tienda\/?post_type=product&#038;p=15935"},"modified":"2026-05-08T13:47:28","modified_gmt":"2026-05-08T11:47:28","slug":"llave-combinada-estuche-12-piezas","status":"publish","type":"product","link":"http:\/\/ferreteriajulia.com\/tienda\/producto\/llave-combinada-estuche-12-piezas\/","title":{"rendered":"llave combinada estuche 12 piezas"},"content":{"rendered":"<p>llave combinada estuche 12 piezas<\/p>\n<ul>\n<li>Juego De Llaves Combinadas 12 Piezas En Soporte Pl\u00e1stico ALYCO ORANGE \/ HR Higt Resistance<\/li>\n<li>Juego apto para muchos tipos de tuerca, por sus 12 diferentes bocas, desde 6 hasta 22 mm. Muy apto para mec\u00e1nicos y montadores.<\/li>\n<li>F\u00e1cil de transportar o introducir en caja de herramientas por su soporte de pl\u00e1stico con asa.<\/li>\n<li>Llave fabricada en Acero al Cromo- Vanadio, dandole larga vida, resistencia a la deformaci\u00f3n y alta capacidad de esfuerzo.<\/li>\n<li>Forjada de una pieza, y endurecida por tratamiento t\u00e9rmico, dandole mas vida y capacidad de esfuerzo. Cromado exterior para evitar la oxidaci\u00f3n.<\/li>\n<li>Calidad garantizada por empresa de forja de mas de 108 a\u00f1os de existencia.<\/li>\n<\/ul>\n<h3>Descripci\u00f3n:<\/h3>\n<p>Juego de 12 llaves combinadas en Acero al Cromo-Vanadio, en soporte de pl\u00e1stico.<br \/>\nLlave de dos bocas una abierta y otra de estrella con aristas redondeadas, fabricada en Acero al Cromo- Vanadio, forjada de una sola pieza, endurecida por tratamiento t\u00e9rmico, y con tratamiento superficial de cromado para evitar la oxidaci\u00f3n.<br \/>\nLos procesos de fabricaci\u00f3n hacen que la llave cumpla la norma DIN 3113, y una larga vida debido al tratamiento t\u00e9rmico y al superficial de cromado.<br \/>\nPresentaci\u00f3n: cabezas pulidas y satinado mate. Boca con chafl\u00e1n y de estrella con aristas redondeadas para un f\u00e1cil encaje en la tuerca.<br \/>\nInclinaci\u00f3n de 15\u00b0 en la boca estrella para aprietes comprometidos.<br \/>\nAcodado de 15\u00b0 en la boca abierta para acceso a lugares dif\u00edciles.<br \/>\nMedidas: 6, 7, 8, 9, 10, 11, 12, 13, 14, 17, 19 y 22 mm.<\/p>\n<p>El soporte pl\u00e1stico permite la r\u00e1pida localizaci\u00f3n de las llaves, el control de las que faltan, y la posibilidad de mantener cerrado el juego para su transporte o almacenamiento. Tiene un colgador para colgar de ganchos.<\/p>\n<p>Herramienta \u00f3ptima para aprietes en industria, mec\u00e1nica, mantenimiento, fontaner\u00eda, instalaciones, etc.<\/p>\n","protected":false},"excerpt":{"rendered":"<p>llave combinada estuche 12 piezas<\/p>\n","protected":false},"featured_media":15936,"template":"","meta":{"_monsterinsights_skip_tracking":false,"_monsterinsights_sitenote_active":false,"_monsterinsights_sitenote_note":"","_monsterinsights_sitenote_category":0},"product_brand":[],"product_cat":[862],"product_tag":[],"class_list":{"0":"post-15935","1":"product","2":"type-product","3":"status-publish","4":"has-post-thumbnail","6":"product_cat-llaves-y-vasos-machos-y-carracas","8":"first","9":"instock","10":"taxable","11":"shipping-taxable","12":"purchasable","13":"product-type-simple"},"yoast_head":"<!-- This site is optimized with the Yoast SEO plugin v27.4 - https:\/\/yoast.com\/product\/yoast-seo-wordpress\/ -->\n<title>llave combinada estuche 12 piezas - Ferreter\u00eda Juli\u00e0<\/title>\n<meta name=\"description\" content=\"llave combinada estuche 12 piezas - Ferreter\u00eda Juli\u00e0 - Ferreter\u00eda Barcelona - 933 59 84 12 - info@ferreteriajulia.com - Gran variedad de productos\" \/>\n<meta name=\"robots\" content=\"index, follow, max-snippet:-1, max-image-preview:large, max-video-preview:-1\" \/>\n<link rel=\"canonical\" href=\"http:\/\/ferreteriajulia.com\/tienda\/producto\/llave-combinada-estuche-12-piezas\/\" \/>\n<meta property=\"og:locale\" content=\"es_ES\" \/>\n<meta property=\"og:type\" content=\"article\" \/>\n<meta property=\"og:title\" content=\"llave combinada estuche 12 piezas - Ferreter\u00eda Juli\u00e0\" \/>\n<meta property=\"og:description\" content=\"llave combinada estuche 12 piezas - Ferreter\u00eda Juli\u00e0 - Ferreter\u00eda Barcelona - 933 59 84 12 - info@ferreteriajulia.com - Gran variedad de productos\" \/>\n<meta property=\"og:url\" content=\"http:\/\/ferreteriajulia.com\/tienda\/producto\/llave-combinada-estuche-12-piezas\/\" \/>\n<meta property=\"og:site_name\" content=\"Ferreter\u00eda Juli\u00e0\" \/>\n<meta property=\"article:modified_time\" content=\"2026-05-08T11:47:28+00:00\" \/>\n<meta property=\"og:image\" content=\"http:\/\/ferreteriajulia.com\/tienda\/wp-content\/uploads\/2023\/04\/JUEGO-LLAVES-COMBINADAS-12-PIEZAS-SOPORTE-PLASTICO-ALYCO-170182PRINCIPAL.jpg\" \/>\n\t<meta property=\"og:image:width\" content=\"1600\" \/>\n\t<meta property=\"og:image:height\" content=\"1600\" \/>\n\t<meta property=\"og:image:type\" content=\"image\/jpeg\" \/>\n<meta name=\"twitter:card\" content=\"summary_large_image\" \/>\n<meta name=\"twitter:label1\" content=\"Tiempo de lectura\" \/>\n\t<meta name=\"twitter:data1\" content=\"2 minutos\" \/>\n<script type=\"application\/ld+json\" class=\"yoast-schema-graph\">{\"@context\":\"https:\\\/\\\/schema.org\",\"@graph\":[{\"@type\":\"WebPage\",\"@id\":\"http:\\\/\\\/ferreteriajulia.com\\\/tienda\\\/producto\\\/llave-combinada-estuche-12-piezas\\\/\",\"url\":\"http:\\\/\\\/ferreteriajulia.com\\\/tienda\\\/producto\\\/llave-combinada-estuche-12-piezas\\\/\",\"name\":\"llave combinada estuche 12 piezas - Ferreter\u00eda Juli\u00e0\",\"isPartOf\":{\"@id\":\"https:\\\/\\\/ferreteriajulia.com\\\/tienda\\\/#website\"},\"primaryImageOfPage\":{\"@id\":\"http:\\\/\\\/ferreteriajulia.com\\\/tienda\\\/producto\\\/llave-combinada-estuche-12-piezas\\\/#primaryimage\"},\"image\":{\"@id\":\"http:\\\/\\\/ferreteriajulia.com\\\/tienda\\\/producto\\\/llave-combinada-estuche-12-piezas\\\/#primaryimage\"},\"thumbnailUrl\":\"http:\\\/\\\/ferreteriajulia.com\\\/tienda\\\/wp-content\\\/uploads\\\/2023\\\/04\\\/JUEGO-LLAVES-COMBINADAS-12-PIEZAS-SOPORTE-PLASTICO-ALYCO-170182PRINCIPAL.jpg\",\"datePublished\":\"2023-04-27T16:20:29+00:00\",\"dateModified\":\"2026-05-08T11:47:28+00:00\",\"description\":\"llave combinada estuche 12 piezas - Ferreter\u00eda Juli\u00e0 - Ferreter\u00eda Barcelona - 933 59 84 12 - info@ferreteriajulia.com - Gran variedad de productos\",\"breadcrumb\":{\"@id\":\"http:\\\/\\\/ferreteriajulia.com\\\/tienda\\\/producto\\\/llave-combinada-estuche-12-piezas\\\/#breadcrumb\"},\"inLanguage\":\"es\",\"potentialAction\":[{\"@type\":\"ReadAction\",\"target\":[\"http:\\\/\\\/ferreteriajulia.com\\\/tienda\\\/producto\\\/llave-combinada-estuche-12-piezas\\\/\"]}]},{\"@type\":\"ImageObject\",\"inLanguage\":\"es\",\"@id\":\"http:\\\/\\\/ferreteriajulia.com\\\/tienda\\\/producto\\\/llave-combinada-estuche-12-piezas\\\/#primaryimage\",\"url\":\"http:\\\/\\\/ferreteriajulia.com\\\/tienda\\\/wp-content\\\/uploads\\\/2023\\\/04\\\/JUEGO-LLAVES-COMBINADAS-12-PIEZAS-SOPORTE-PLASTICO-ALYCO-170182PRINCIPAL.jpg\",\"contentUrl\":\"http:\\\/\\\/ferreteriajulia.com\\\/tienda\\\/wp-content\\\/uploads\\\/2023\\\/04\\\/JUEGO-LLAVES-COMBINADAS-12-PIEZAS-SOPORTE-PLASTICO-ALYCO-170182PRINCIPAL.jpg\",\"width\":1600,\"height\":1600},{\"@type\":\"BreadcrumbList\",\"@id\":\"http:\\\/\\\/ferreteriajulia.com\\\/tienda\\\/producto\\\/llave-combinada-estuche-12-piezas\\\/#breadcrumb\",\"itemListElement\":[{\"@type\":\"ListItem\",\"position\":1,\"name\":\"Portada\",\"item\":\"https:\\\/\\\/ferreteriajulia.com\\\/tienda\\\/\"},{\"@type\":\"ListItem\",\"position\":2,\"name\":\"Tienda online\",\"item\":\"https:\\\/\\\/ferreteriajulia.com\\\/tienda\\\/shop\\\/\"},{\"@type\":\"ListItem\",\"position\":3,\"name\":\"llave combinada estuche 12 piezas\"}]},{\"@type\":\"WebSite\",\"@id\":\"https:\\\/\\\/ferreteriajulia.com\\\/tienda\\\/#website\",\"url\":\"https:\\\/\\\/ferreteriajulia.com\\\/tienda\\\/\",\"name\":\"Ferreter\u00eda Juli\u00e0\",\"description\":\"Ferreter\u00eda generalista, material para intalaciones y reparaciones.\",\"publisher\":{\"@id\":\"https:\\\/\\\/ferreteriajulia.com\\\/tienda\\\/#organization\"},\"potentialAction\":[{\"@type\":\"SearchAction\",\"target\":{\"@type\":\"EntryPoint\",\"urlTemplate\":\"https:\\\/\\\/ferreteriajulia.com\\\/tienda\\\/?s={search_term_string}\"},\"query-input\":{\"@type\":\"PropertyValueSpecification\",\"valueRequired\":true,\"valueName\":\"search_term_string\"}}],\"inLanguage\":\"es\"},{\"@type\":\"Organization\",\"@id\":\"https:\\\/\\\/ferreteriajulia.com\\\/tienda\\\/#organization\",\"name\":\"Ferreter\u00eda Juli\u00e0\",\"url\":\"https:\\\/\\\/ferreteriajulia.com\\\/tienda\\\/\",\"logo\":{\"@type\":\"ImageObject\",\"inLanguage\":\"es\",\"@id\":\"https:\\\/\\\/ferreteriajulia.com\\\/tienda\\\/#\\\/schema\\\/logo\\\/image\\\/\",\"url\":\"http:\\\/\\\/ferreteriajulia.com\\\/tienda\\\/wp-content\\\/uploads\\\/2023\\\/04\\\/LOGO_Ferreteria_Julia_HD-e1680625558319.png\",\"contentUrl\":\"http:\\\/\\\/ferreteriajulia.com\\\/tienda\\\/wp-content\\\/uploads\\\/2023\\\/04\\\/LOGO_Ferreteria_Julia_HD-e1680625558319.png\",\"width\":240,\"height\":89,\"caption\":\"Ferreter\u00eda Juli\u00e0\"},\"image\":{\"@id\":\"https:\\\/\\\/ferreteriajulia.com\\\/tienda\\\/#\\\/schema\\\/logo\\\/image\\\/\"}}]}<\/script>\n<!-- \/ Yoast SEO plugin. -->","yoast_head_json":{"title":"llave combinada estuche 12 piezas - Ferreter\u00eda Juli\u00e0","description":"llave combinada estuche 12 piezas - Ferreter\u00eda Juli\u00e0 - Ferreter\u00eda Barcelona - 933 59 84 12 - info@ferreteriajulia.com - Gran variedad de productos","robots":{"index":"index","follow":"follow","max-snippet":"max-snippet:-1","max-image-preview":"max-image-preview:large","max-video-preview":"max-video-preview:-1"},"canonical":"http:\/\/ferreteriajulia.com\/tienda\/producto\/llave-combinada-estuche-12-piezas\/","og_locale":"es_ES","og_type":"article","og_title":"llave combinada estuche 12 piezas - Ferreter\u00eda Juli\u00e0","og_description":"llave combinada estuche 12 piezas - Ferreter\u00eda Juli\u00e0 - Ferreter\u00eda Barcelona - 933 59 84 12 - info@ferreteriajulia.com - Gran variedad de productos","og_url":"http:\/\/ferreteriajulia.com\/tienda\/producto\/llave-combinada-estuche-12-piezas\/","og_site_name":"Ferreter\u00eda Juli\u00e0","article_modified_time":"2026-05-08T11:47:28+00:00","og_image":[{"width":1600,"height":1600,"url":"http:\/\/ferreteriajulia.com\/tienda\/wp-content\/uploads\/2023\/04\/JUEGO-LLAVES-COMBINADAS-12-PIEZAS-SOPORTE-PLASTICO-ALYCO-170182PRINCIPAL.jpg","type":"image\/jpeg"}],"twitter_card":"summary_large_image","twitter_misc":{"Tiempo de lectura":"2 minutos"},"schema":{"@context":"https:\/\/schema.org","@graph":[{"@type":"WebPage","@id":"http:\/\/ferreteriajulia.com\/tienda\/producto\/llave-combinada-estuche-12-piezas\/","url":"http:\/\/ferreteriajulia.com\/tienda\/producto\/llave-combinada-estuche-12-piezas\/","name":"llave combinada estuche 12 piezas - Ferreter\u00eda Juli\u00e0","isPartOf":{"@id":"https:\/\/ferreteriajulia.com\/tienda\/#website"},"primaryImageOfPage":{"@id":"http:\/\/ferreteriajulia.com\/tienda\/producto\/llave-combinada-estuche-12-piezas\/#primaryimage"},"image":{"@id":"http:\/\/ferreteriajulia.com\/tienda\/producto\/llave-combinada-estuche-12-piezas\/#primaryimage"},"thumbnailUrl":"http:\/\/ferreteriajulia.com\/tienda\/wp-content\/uploads\/2023\/04\/JUEGO-LLAVES-COMBINADAS-12-PIEZAS-SOPORTE-PLASTICO-ALYCO-170182PRINCIPAL.jpg","datePublished":"2023-04-27T16:20:29+00:00","dateModified":"2026-05-08T11:47:28+00:00","description":"llave combinada estuche 12 piezas - Ferreter\u00eda Juli\u00e0 - Ferreter\u00eda Barcelona - 933 59 84 12 - info@ferreteriajulia.com - Gran variedad de productos","breadcrumb":{"@id":"http:\/\/ferreteriajulia.com\/tienda\/producto\/llave-combinada-estuche-12-piezas\/#breadcrumb"},"inLanguage":"es","potentialAction":[{"@type":"ReadAction","target":["http:\/\/ferreteriajulia.com\/tienda\/producto\/llave-combinada-estuche-12-piezas\/"]}]},{"@type":"ImageObject","inLanguage":"es","@id":"http:\/\/ferreteriajulia.com\/tienda\/producto\/llave-combinada-estuche-12-piezas\/#primaryimage","url":"http:\/\/ferreteriajulia.com\/tienda\/wp-content\/uploads\/2023\/04\/JUEGO-LLAVES-COMBINADAS-12-PIEZAS-SOPORTE-PLASTICO-ALYCO-170182PRINCIPAL.jpg","contentUrl":"http:\/\/ferreteriajulia.com\/tienda\/wp-content\/uploads\/2023\/04\/JUEGO-LLAVES-COMBINADAS-12-PIEZAS-SOPORTE-PLASTICO-ALYCO-170182PRINCIPAL.jpg","width":1600,"height":1600},{"@type":"BreadcrumbList","@id":"http:\/\/ferreteriajulia.com\/tienda\/producto\/llave-combinada-estuche-12-piezas\/#breadcrumb","itemListElement":[{"@type":"ListItem","position":1,"name":"Portada","item":"https:\/\/ferreteriajulia.com\/tienda\/"},{"@type":"ListItem","position":2,"name":"Tienda online","item":"https:\/\/ferreteriajulia.com\/tienda\/shop\/"},{"@type":"ListItem","position":3,"name":"llave combinada estuche 12 piezas"}]},{"@type":"WebSite","@id":"https:\/\/ferreteriajulia.com\/tienda\/#website","url":"https:\/\/ferreteriajulia.com\/tienda\/","name":"Ferreter\u00eda Juli\u00e0","description":"Ferreter\u00eda generalista, material para intalaciones y reparaciones.","publisher":{"@id":"https:\/\/ferreteriajulia.com\/tienda\/#organization"},"potentialAction":[{"@type":"SearchAction","target":{"@type":"EntryPoint","urlTemplate":"https:\/\/ferreteriajulia.com\/tienda\/?s={search_term_string}"},"query-input":{"@type":"PropertyValueSpecification","valueRequired":true,"valueName":"search_term_string"}}],"inLanguage":"es"},{"@type":"Organization","@id":"https:\/\/ferreteriajulia.com\/tienda\/#organization","name":"Ferreter\u00eda Juli\u00e0","url":"https:\/\/ferreteriajulia.com\/tienda\/","logo":{"@type":"ImageObject","inLanguage":"es","@id":"https:\/\/ferreteriajulia.com\/tienda\/#\/schema\/logo\/image\/","url":"http:\/\/ferreteriajulia.com\/tienda\/wp-content\/uploads\/2023\/04\/LOGO_Ferreteria_Julia_HD-e1680625558319.png","contentUrl":"http:\/\/ferreteriajulia.com\/tienda\/wp-content\/uploads\/2023\/04\/LOGO_Ferreteria_Julia_HD-e1680625558319.png","width":240,"height":89,"caption":"Ferreter\u00eda Juli\u00e0"},"image":{"@id":"https:\/\/ferreteriajulia.com\/tienda\/#\/schema\/logo\/image\/"}}]}},"_links":{"self":[{"href":"http:\/\/ferreteriajulia.com\/tienda\/wp-json\/wp\/v2\/product\/15935","targetHints":{"allow":["GET"]}}],"collection":[{"href":"http:\/\/ferreteriajulia.com\/tienda\/wp-json\/wp\/v2\/product"}],"about":[{"href":"http:\/\/ferreteriajulia.com\/tienda\/wp-json\/wp\/v2\/types\/product"}],"wp:featuredmedia":[{"embeddable":true,"href":"http:\/\/ferreteriajulia.com\/tienda\/wp-json\/wp\/v2\/media\/15936"}],"wp:attachment":[{"href":"http:\/\/ferreteriajulia.com\/tienda\/wp-json\/wp\/v2\/media?parent=15935"}],"wp:term":[{"taxonomy":"product_brand","embeddable":true,"href":"http:\/\/ferreteriajulia.com\/tienda\/wp-json\/wp\/v2\/product_brand?post=15935"},{"taxonomy":"product_cat","embeddable":true,"href":"http:\/\/ferreteriajulia.com\/tienda\/wp-json\/wp\/v2\/product_cat?post=15935"},{"taxonomy":"product_tag","embeddable":true,"href":"http:\/\/ferreteriajulia.com\/tienda\/wp-json\/wp\/v2\/product_tag?post=15935"}],"curies":[{"name":"wp","href":"https:\/\/api.w.org\/{rel}","templated":true}]}}