{"id":20737,"date":"2025-02-21T15:39:17","date_gmt":"2025-02-21T14:39:17","guid":{"rendered":"https:\/\/ferreteriajulia.com\/tienda\/?post_type=product&#038;p=20737"},"modified":"2026-03-27T18:17:28","modified_gmt":"2026-03-27T17:17:28","slug":"llave-tubo-estampada-alyco-6x7","status":"publish","type":"product","link":"http:\/\/ferreteriajulia.com\/tienda\/producto\/llave-tubo-estampada-alyco-6x7\/","title":{"rendered":"llave tubo estampada ALYCO 6&#215;7"},"content":{"rendered":"<p>llave tubo estampada ALYCO 6&#215;7<\/p>\n<h3>Detalles llave tubo estampada ALYCO 6&#215;7:<\/h3>\n<div class=\"entradilla\">\n<ul>\n<li>Llave tubular de dos bocas abiertas con tratamiento superficial de cromado para evitar la oxidaci\u00f3n.<\/li>\n<li>El cuerpo es de figura cilindrica, excepto en las puntas que es hexagonal, pudiendo usar una llave fija o ajustable para aumentar la capacidad de apriete.<\/li>\n<li>Las bocas son de hex\u00e1gono (6 caras), para apriete de tuercas hexagonales.<\/li>\n<li>Todas las dimensiones tienen agujeros en el cuerpo para usar la barra volvedora y ejercer palanca, dando m\u00e1s capacidad de apriete.<\/li>\n<li>La apertura interior de la llave facilita el uso con <a href=\"https:\/\/ferreteriajulia.com\/tienda\/producto\/varilla-roscada-zincada-1mts\/\">varillas roscadas<\/a> largas.<\/li>\n<\/ul>\n<\/div>\n<div class=\"nowrap-kendu-azalpena\">Llave tubular de dos bocas abiertas, fabricada en Acero al Cromo- Vanadio a partir de hoja estampada. Est\u00e1 endurecida por tratamiento t\u00e9rmico, y con tratamiento superficial de cromado para evitar la oxidaci\u00f3n.<\/div>\n<div class=\"nowrap-kendu-azalpena\">El cuerpo es de figura cil\u00edndrica y las bocas son de hex\u00e1gono (6 caras), para apriete de tuercas hexagonales.<\/div>\n<div class=\"nowrap-kendu-azalpena\">Todas las dimensiones son huecas (agujero de lado a lado), y tienen agujero en el cuerpo para usar la barra volvedora y ejercer palanca, dando m\u00e1s capacidad de apriete.<\/div>\n<div class=\"nowrap-kendu-azalpena\">La apertura interior de la llave facilita el uso con varillas roscadas largas.<br \/>\nEl dise\u00f1o y los procesos de fabricaci\u00f3n hacen que la llave tenga una capacidad de apriete superior a la norma DIN 896 form B, una elasticidad que evita la rotura durante su uso, haci\u00e9ndola mucho m\u00e1s segura, y una larga vida debido al tratamiento t\u00e9rmico y al tratamiento superficial de cromado.Presentaci\u00f3n: Cromado satinado mate. Bocas con chafl\u00e1n para un f\u00e1cil encaje en la tuerca.<br \/>\nHerramienta \u00f3ptima para aprietes en automoci\u00f3n, industria, mec\u00e1nica, mantenimiento, fontaner\u00eda, instalaciones, etc.<\/div>\n<div><\/div>\n<div><img loading=\"lazy\" decoding=\"async\" class=\"\" src=\"https:\/\/www.dateriumsystem.com\/appfiles\/clientes\/308\/catalogo\/LLAVE-TUBO-2-BOCAS-ESTAMPADA-ALYCO-191515-VISTA02.jpg\" width=\"465\" height=\"465\" \/><\/div>\n<div><\/div>\n<div><\/div>\n<div><\/div>\n<div><\/div>\n","protected":false},"excerpt":{"rendered":"<p>llave tubo estampada ALYCO 6&#215;7<\/p>\n","protected":false},"featured_media":17011,"template":"","meta":{"_monsterinsights_skip_tracking":false,"_monsterinsights_sitenote_active":false,"_monsterinsights_sitenote_note":"","_monsterinsights_sitenote_category":0},"product_brand":[],"product_cat":[862],"product_tag":[],"class_list":{"0":"post-20737","1":"product","2":"type-product","3":"status-publish","4":"has-post-thumbnail","6":"product_cat-llaves-y-vasos-machos-y-carracas","8":"first","9":"instock","10":"taxable","11":"shipping-taxable","12":"purchasable","13":"product-type-simple"},"yoast_head":"<!-- This site is optimized with the Yoast SEO plugin v27.4 - https:\/\/yoast.com\/product\/yoast-seo-wordpress\/ -->\n<title>llave tubo estampada ALYCO 6x7 - Ferreter\u00eda Juli\u00e0<\/title>\n<meta name=\"description\" content=\"llave tubo estampada ALYCO 6x7 - Ferreter\u00eda Juli\u00e0 - Ferreter\u00eda Barcelona - 933 59 84 12 - info@ferreteriajulia.com - Gran variedad de productos\" \/>\n<meta name=\"robots\" content=\"index, follow, max-snippet:-1, max-image-preview:large, max-video-preview:-1\" \/>\n<link rel=\"canonical\" href=\"http:\/\/ferreteriajulia.com\/tienda\/producto\/llave-tubo-estampada-alyco-6x7\/\" \/>\n<meta property=\"og:locale\" content=\"es_ES\" \/>\n<meta property=\"og:type\" content=\"article\" \/>\n<meta property=\"og:title\" content=\"llave tubo estampada ALYCO 6x7 - Ferreter\u00eda Juli\u00e0\" \/>\n<meta property=\"og:description\" content=\"llave tubo estampada ALYCO 6x7 - Ferreter\u00eda Juli\u00e0 - Ferreter\u00eda Barcelona - 933 59 84 12 - info@ferreteriajulia.com - Gran variedad de productos\" \/>\n<meta property=\"og:url\" content=\"http:\/\/ferreteriajulia.com\/tienda\/producto\/llave-tubo-estampada-alyco-6x7\/\" \/>\n<meta property=\"og:site_name\" content=\"Ferreter\u00eda Juli\u00e0\" \/>\n<meta property=\"article:modified_time\" content=\"2026-03-27T17:17:28+00:00\" \/>\n<meta property=\"og:image\" content=\"http:\/\/ferreteriajulia.com\/tienda\/wp-content\/uploads\/2019\/09\/llave-de-tubo-2-bocas-estampada-alyco.png\" \/>\n\t<meta property=\"og:image:width\" content=\"1509\" \/>\n\t<meta property=\"og:image:height\" content=\"1343\" \/>\n\t<meta property=\"og:image:type\" content=\"image\/png\" \/>\n<meta name=\"twitter:card\" content=\"summary_large_image\" \/>\n<meta name=\"twitter:label1\" content=\"Tiempo de lectura\" \/>\n\t<meta name=\"twitter:data1\" content=\"2 minutos\" \/>\n<script type=\"application\/ld+json\" class=\"yoast-schema-graph\">{\"@context\":\"https:\\\/\\\/schema.org\",\"@graph\":[{\"@type\":\"WebPage\",\"@id\":\"http:\\\/\\\/ferreteriajulia.com\\\/tienda\\\/producto\\\/llave-tubo-estampada-alyco-6x7\\\/\",\"url\":\"http:\\\/\\\/ferreteriajulia.com\\\/tienda\\\/producto\\\/llave-tubo-estampada-alyco-6x7\\\/\",\"name\":\"llave tubo estampada ALYCO 6x7 - Ferreter\u00eda Juli\u00e0\",\"isPartOf\":{\"@id\":\"https:\\\/\\\/ferreteriajulia.com\\\/tienda\\\/#website\"},\"primaryImageOfPage\":{\"@id\":\"http:\\\/\\\/ferreteriajulia.com\\\/tienda\\\/producto\\\/llave-tubo-estampada-alyco-6x7\\\/#primaryimage\"},\"image\":{\"@id\":\"http:\\\/\\\/ferreteriajulia.com\\\/tienda\\\/producto\\\/llave-tubo-estampada-alyco-6x7\\\/#primaryimage\"},\"thumbnailUrl\":\"http:\\\/\\\/ferreteriajulia.com\\\/tienda\\\/wp-content\\\/uploads\\\/2019\\\/09\\\/llave-de-tubo-2-bocas-estampada-alyco.png\",\"datePublished\":\"2025-02-21T14:39:17+00:00\",\"dateModified\":\"2026-03-27T17:17:28+00:00\",\"description\":\"llave tubo estampada ALYCO 6x7 - Ferreter\u00eda Juli\u00e0 - Ferreter\u00eda Barcelona - 933 59 84 12 - info@ferreteriajulia.com - Gran variedad de productos\",\"breadcrumb\":{\"@id\":\"http:\\\/\\\/ferreteriajulia.com\\\/tienda\\\/producto\\\/llave-tubo-estampada-alyco-6x7\\\/#breadcrumb\"},\"inLanguage\":\"es\",\"potentialAction\":[{\"@type\":\"ReadAction\",\"target\":[\"http:\\\/\\\/ferreteriajulia.com\\\/tienda\\\/producto\\\/llave-tubo-estampada-alyco-6x7\\\/\"]}]},{\"@type\":\"ImageObject\",\"inLanguage\":\"es\",\"@id\":\"http:\\\/\\\/ferreteriajulia.com\\\/tienda\\\/producto\\\/llave-tubo-estampada-alyco-6x7\\\/#primaryimage\",\"url\":\"http:\\\/\\\/ferreteriajulia.com\\\/tienda\\\/wp-content\\\/uploads\\\/2019\\\/09\\\/llave-de-tubo-2-bocas-estampada-alyco.png\",\"contentUrl\":\"http:\\\/\\\/ferreteriajulia.com\\\/tienda\\\/wp-content\\\/uploads\\\/2019\\\/09\\\/llave-de-tubo-2-bocas-estampada-alyco.png\",\"width\":1509,\"height\":1343},{\"@type\":\"BreadcrumbList\",\"@id\":\"http:\\\/\\\/ferreteriajulia.com\\\/tienda\\\/producto\\\/llave-tubo-estampada-alyco-6x7\\\/#breadcrumb\",\"itemListElement\":[{\"@type\":\"ListItem\",\"position\":1,\"name\":\"Portada\",\"item\":\"https:\\\/\\\/ferreteriajulia.com\\\/tienda\\\/\"},{\"@type\":\"ListItem\",\"position\":2,\"name\":\"Tienda online\",\"item\":\"https:\\\/\\\/ferreteriajulia.com\\\/tienda\\\/shop\\\/\"},{\"@type\":\"ListItem\",\"position\":3,\"name\":\"llave tubo estampada ALYCO 6&#215;7\"}]},{\"@type\":\"WebSite\",\"@id\":\"https:\\\/\\\/ferreteriajulia.com\\\/tienda\\\/#website\",\"url\":\"https:\\\/\\\/ferreteriajulia.com\\\/tienda\\\/\",\"name\":\"Ferreter\u00eda Juli\u00e0\",\"description\":\"Ferreter\u00eda generalista, material para intalaciones y reparaciones.\",\"publisher\":{\"@id\":\"https:\\\/\\\/ferreteriajulia.com\\\/tienda\\\/#organization\"},\"potentialAction\":[{\"@type\":\"SearchAction\",\"target\":{\"@type\":\"EntryPoint\",\"urlTemplate\":\"https:\\\/\\\/ferreteriajulia.com\\\/tienda\\\/?s={search_term_string}\"},\"query-input\":{\"@type\":\"PropertyValueSpecification\",\"valueRequired\":true,\"valueName\":\"search_term_string\"}}],\"inLanguage\":\"es\"},{\"@type\":\"Organization\",\"@id\":\"https:\\\/\\\/ferreteriajulia.com\\\/tienda\\\/#organization\",\"name\":\"Ferreter\u00eda Juli\u00e0\",\"url\":\"https:\\\/\\\/ferreteriajulia.com\\\/tienda\\\/\",\"logo\":{\"@type\":\"ImageObject\",\"inLanguage\":\"es\",\"@id\":\"https:\\\/\\\/ferreteriajulia.com\\\/tienda\\\/#\\\/schema\\\/logo\\\/image\\\/\",\"url\":\"http:\\\/\\\/ferreteriajulia.com\\\/tienda\\\/wp-content\\\/uploads\\\/2023\\\/04\\\/LOGO_Ferreteria_Julia_HD-e1680625558319.png\",\"contentUrl\":\"http:\\\/\\\/ferreteriajulia.com\\\/tienda\\\/wp-content\\\/uploads\\\/2023\\\/04\\\/LOGO_Ferreteria_Julia_HD-e1680625558319.png\",\"width\":240,\"height\":89,\"caption\":\"Ferreter\u00eda Juli\u00e0\"},\"image\":{\"@id\":\"https:\\\/\\\/ferreteriajulia.com\\\/tienda\\\/#\\\/schema\\\/logo\\\/image\\\/\"}}]}<\/script>\n<!-- \/ Yoast SEO plugin. -->","yoast_head_json":{"title":"llave tubo estampada ALYCO 6x7 - Ferreter\u00eda Juli\u00e0","description":"llave tubo estampada ALYCO 6x7 - Ferreter\u00eda Juli\u00e0 - Ferreter\u00eda Barcelona - 933 59 84 12 - info@ferreteriajulia.com - Gran variedad de productos","robots":{"index":"index","follow":"follow","max-snippet":"max-snippet:-1","max-image-preview":"max-image-preview:large","max-video-preview":"max-video-preview:-1"},"canonical":"http:\/\/ferreteriajulia.com\/tienda\/producto\/llave-tubo-estampada-alyco-6x7\/","og_locale":"es_ES","og_type":"article","og_title":"llave tubo estampada ALYCO 6x7 - Ferreter\u00eda Juli\u00e0","og_description":"llave tubo estampada ALYCO 6x7 - Ferreter\u00eda Juli\u00e0 - Ferreter\u00eda Barcelona - 933 59 84 12 - info@ferreteriajulia.com - Gran variedad de productos","og_url":"http:\/\/ferreteriajulia.com\/tienda\/producto\/llave-tubo-estampada-alyco-6x7\/","og_site_name":"Ferreter\u00eda Juli\u00e0","article_modified_time":"2026-03-27T17:17:28+00:00","og_image":[{"width":1509,"height":1343,"url":"http:\/\/ferreteriajulia.com\/tienda\/wp-content\/uploads\/2019\/09\/llave-de-tubo-2-bocas-estampada-alyco.png","type":"image\/png"}],"twitter_card":"summary_large_image","twitter_misc":{"Tiempo de lectura":"2 minutos"},"schema":{"@context":"https:\/\/schema.org","@graph":[{"@type":"WebPage","@id":"http:\/\/ferreteriajulia.com\/tienda\/producto\/llave-tubo-estampada-alyco-6x7\/","url":"http:\/\/ferreteriajulia.com\/tienda\/producto\/llave-tubo-estampada-alyco-6x7\/","name":"llave tubo estampada ALYCO 6x7 - Ferreter\u00eda Juli\u00e0","isPartOf":{"@id":"https:\/\/ferreteriajulia.com\/tienda\/#website"},"primaryImageOfPage":{"@id":"http:\/\/ferreteriajulia.com\/tienda\/producto\/llave-tubo-estampada-alyco-6x7\/#primaryimage"},"image":{"@id":"http:\/\/ferreteriajulia.com\/tienda\/producto\/llave-tubo-estampada-alyco-6x7\/#primaryimage"},"thumbnailUrl":"http:\/\/ferreteriajulia.com\/tienda\/wp-content\/uploads\/2019\/09\/llave-de-tubo-2-bocas-estampada-alyco.png","datePublished":"2025-02-21T14:39:17+00:00","dateModified":"2026-03-27T17:17:28+00:00","description":"llave tubo estampada ALYCO 6x7 - Ferreter\u00eda Juli\u00e0 - Ferreter\u00eda Barcelona - 933 59 84 12 - info@ferreteriajulia.com - Gran variedad de productos","breadcrumb":{"@id":"http:\/\/ferreteriajulia.com\/tienda\/producto\/llave-tubo-estampada-alyco-6x7\/#breadcrumb"},"inLanguage":"es","potentialAction":[{"@type":"ReadAction","target":["http:\/\/ferreteriajulia.com\/tienda\/producto\/llave-tubo-estampada-alyco-6x7\/"]}]},{"@type":"ImageObject","inLanguage":"es","@id":"http:\/\/ferreteriajulia.com\/tienda\/producto\/llave-tubo-estampada-alyco-6x7\/#primaryimage","url":"http:\/\/ferreteriajulia.com\/tienda\/wp-content\/uploads\/2019\/09\/llave-de-tubo-2-bocas-estampada-alyco.png","contentUrl":"http:\/\/ferreteriajulia.com\/tienda\/wp-content\/uploads\/2019\/09\/llave-de-tubo-2-bocas-estampada-alyco.png","width":1509,"height":1343},{"@type":"BreadcrumbList","@id":"http:\/\/ferreteriajulia.com\/tienda\/producto\/llave-tubo-estampada-alyco-6x7\/#breadcrumb","itemListElement":[{"@type":"ListItem","position":1,"name":"Portada","item":"https:\/\/ferreteriajulia.com\/tienda\/"},{"@type":"ListItem","position":2,"name":"Tienda online","item":"https:\/\/ferreteriajulia.com\/tienda\/shop\/"},{"@type":"ListItem","position":3,"name":"llave tubo estampada ALYCO 6&#215;7"}]},{"@type":"WebSite","@id":"https:\/\/ferreteriajulia.com\/tienda\/#website","url":"https:\/\/ferreteriajulia.com\/tienda\/","name":"Ferreter\u00eda Juli\u00e0","description":"Ferreter\u00eda generalista, material para intalaciones y reparaciones.","publisher":{"@id":"https:\/\/ferreteriajulia.com\/tienda\/#organization"},"potentialAction":[{"@type":"SearchAction","target":{"@type":"EntryPoint","urlTemplate":"https:\/\/ferreteriajulia.com\/tienda\/?s={search_term_string}"},"query-input":{"@type":"PropertyValueSpecification","valueRequired":true,"valueName":"search_term_string"}}],"inLanguage":"es"},{"@type":"Organization","@id":"https:\/\/ferreteriajulia.com\/tienda\/#organization","name":"Ferreter\u00eda Juli\u00e0","url":"https:\/\/ferreteriajulia.com\/tienda\/","logo":{"@type":"ImageObject","inLanguage":"es","@id":"https:\/\/ferreteriajulia.com\/tienda\/#\/schema\/logo\/image\/","url":"http:\/\/ferreteriajulia.com\/tienda\/wp-content\/uploads\/2023\/04\/LOGO_Ferreteria_Julia_HD-e1680625558319.png","contentUrl":"http:\/\/ferreteriajulia.com\/tienda\/wp-content\/uploads\/2023\/04\/LOGO_Ferreteria_Julia_HD-e1680625558319.png","width":240,"height":89,"caption":"Ferreter\u00eda Juli\u00e0"},"image":{"@id":"https:\/\/ferreteriajulia.com\/tienda\/#\/schema\/logo\/image\/"}}]}},"_links":{"self":[{"href":"http:\/\/ferreteriajulia.com\/tienda\/wp-json\/wp\/v2\/product\/20737","targetHints":{"allow":["GET"]}}],"collection":[{"href":"http:\/\/ferreteriajulia.com\/tienda\/wp-json\/wp\/v2\/product"}],"about":[{"href":"http:\/\/ferreteriajulia.com\/tienda\/wp-json\/wp\/v2\/types\/product"}],"wp:featuredmedia":[{"embeddable":true,"href":"http:\/\/ferreteriajulia.com\/tienda\/wp-json\/wp\/v2\/media\/17011"}],"wp:attachment":[{"href":"http:\/\/ferreteriajulia.com\/tienda\/wp-json\/wp\/v2\/media?parent=20737"}],"wp:term":[{"taxonomy":"product_brand","embeddable":true,"href":"http:\/\/ferreteriajulia.com\/tienda\/wp-json\/wp\/v2\/product_brand?post=20737"},{"taxonomy":"product_cat","embeddable":true,"href":"http:\/\/ferreteriajulia.com\/tienda\/wp-json\/wp\/v2\/product_cat?post=20737"},{"taxonomy":"product_tag","embeddable":true,"href":"http:\/\/ferreteriajulia.com\/tienda\/wp-json\/wp\/v2\/product_tag?post=20737"}],"curies":[{"name":"wp","href":"https:\/\/api.w.org\/{rel}","templated":true}]}}