{"id":21113,"date":"2025-04-09T18:40:26","date_gmt":"2025-04-09T16:40:26","guid":{"rendered":"https:\/\/ferreteriajulia.com\/tienda\/?post_type=product&#038;p=21113"},"modified":"2026-04-23T09:45:33","modified_gmt":"2026-04-23T07:45:33","slug":"juego-de-extractores-para-tornillos","status":"publish","type":"product","link":"http:\/\/ferreteriajulia.com\/tienda\/producto\/juego-de-extractores-para-tornillos\/","title":{"rendered":"Juego de extractores para tornillos"},"content":{"rendered":"<p>Juego de extractores para tornillos<\/p>\n<p>Este estuche de extractores proporciona un m\u00e9todo eficiente para extraer v\u00e1stagos de tornillos rotos, u otros tipos de fijaciones roscadas donde se haya roto la cabeza impidiendo su extracci\u00f3n normal.<br \/>\nSe utiliza con un taladro el\u00e9ctrico para obtener el efecto palanca necesario, y en caso de tornillos oxidados, es recomnedable lubicar con un <a href=\"https:\/\/ferreteriajulia.com\/tienda\/producto\/aflojatodo-wd-40-200ml-spray\/\">aflojatodo<\/a> de calidad.<\/p>\n<p>Los extractores est\u00e1n marcados por di\u00e1metros para su correcta utilizaci\u00f3n. Est\u00e1n fabricados en acero Cr-V para una alta durabilidad.<\/p>\n<h3>MEDIDAS Juego de extractores para tornillos:<\/h3>\n<p>N\u00ba&#8212;-\u00d8 mm&#8212;&#8212;\u00d8 \u02dd&#8212;&#8212;&#8212;Para m\u00e9trica<br \/>\n1&#8212;-1,4\/3,6&#8212;-1\/8-1\/4&#8212;&#8212;-M3-M6<br \/>\n2&#8212;-2,1\/4,9&#8212;-1\/4-5\/16&#8212;&#8212;M6-M8<br \/>\n3&#8212;-3,1\/6,5&#8212;-5\/16-7\/16&#8212;-M8-M11<br \/>\n4&#8212;-4,8\/8,8&#8212;-7\/16-9\/16&#8212;-M11-M14<br \/>\n5&#8212;-6,2\/11&#8212;&#8211;9\/16-3\/4&#8212;&#8211;M14-M18<\/p>\n<p>&nbsp;<\/p>\n<p>&nbsp;<\/p>\n<p>&nbsp;<\/p>\n<p><img loading=\"lazy\" decoding=\"async\" class=\"\" src=\"https:\/\/www.dateriumsystem.com\/appfiles\/clientes\/308\/catalogo\/JUEGO-EXTRACTORES-TORNILLOS-CAJA-PLASTICO-ALYCO-122330-VISTA03.jpg\" width=\"473\" height=\"473\" \/><img loading=\"lazy\" decoding=\"async\" class=\"\" src=\"https:\/\/www.dateriumsystem.com\/appfiles\/clientes\/308\/catalogo\/co_122330_esp.jpg\" width=\"366\" height=\"366\" \/><\/p>\n<p>&nbsp;<\/p>\n<p>Importante lubricar el tornillo a sacar:<\/p>\n<blockquote class=\"wp-embedded-content\" data-secret=\"xpMUb8dRt2\"><p><a href=\"https:\/\/ferreteriajulia.com\/tienda\/producto\/aflojatodo-wd-40-200ml-spray\/\">aflojatodo WD-40 200ml spray<\/a><\/p><\/blockquote>\n<p><iframe loading=\"lazy\" class=\"wp-embedded-content\" sandbox=\"allow-scripts\" security=\"restricted\" style=\"position: absolute; visibility: hidden;\" title=\"\u00abaflojatodo WD-40 200ml spray\u00bb \u2014 Ferreter\u00eda Juli\u00e0\" src=\"https:\/\/ferreteriajulia.com\/tienda\/producto\/aflojatodo-wd-40-200ml-spray\/embed\/#?secret=2qvkanMfBB#?secret=xpMUb8dRt2\" data-secret=\"xpMUb8dRt2\" width=\"600\" height=\"338\" frameborder=\"0\" marginwidth=\"0\" marginheight=\"0\" scrolling=\"no\"><\/iframe><\/p>\n","protected":false},"excerpt":{"rendered":"<p>Juego de extractores para tornillos<\/p>\n","protected":false},"featured_media":21114,"template":"","meta":{"_monsterinsights_skip_tracking":false,"_monsterinsights_sitenote_active":false,"_monsterinsights_sitenote_note":"","_monsterinsights_sitenote_category":0},"product_brand":[260],"product_cat":[862],"product_tag":[],"class_list":{"0":"post-21113","1":"product","2":"type-product","3":"status-publish","4":"has-post-thumbnail","6":"product_brand-260","7":"product_cat-llaves-y-vasos-machos-y-carracas","9":"first","10":"instock","11":"sale","12":"taxable","13":"shipping-taxable","14":"purchasable","15":"product-type-simple"},"yoast_head":"<!-- This site is optimized with the Yoast SEO plugin v27.4 - https:\/\/yoast.com\/product\/yoast-seo-wordpress\/ -->\n<title>Juego de extractores para tornillos - Ferreter\u00eda Juli\u00e0<\/title>\n<meta name=\"description\" content=\"Juego de extractores para tornillos - Ferreter\u00eda Juli\u00e0 - Ferreter\u00eda en Barcelona y venta On-line - telf.933 59 84 12 - info@ferreteriajulia.com - Gran variedad de productos\" \/>\n<meta name=\"robots\" content=\"index, follow, max-snippet:-1, max-image-preview:large, max-video-preview:-1\" \/>\n<link rel=\"canonical\" href=\"http:\/\/ferreteriajulia.com\/tienda\/producto\/juego-de-extractores-para-tornillos\/\" \/>\n<meta property=\"og:locale\" content=\"es_ES\" \/>\n<meta property=\"og:type\" content=\"article\" \/>\n<meta property=\"og:title\" content=\"Juego de extractores para tornillos - Ferreter\u00eda Juli\u00e0\" \/>\n<meta property=\"og:description\" content=\"Juego de extractores para tornillos - Ferreter\u00eda Juli\u00e0 - Ferreter\u00eda en Barcelona y venta On-line - telf.933 59 84 12 - info@ferreteriajulia.com - Gran variedad de productos\" \/>\n<meta property=\"og:url\" content=\"http:\/\/ferreteriajulia.com\/tienda\/producto\/juego-de-extractores-para-tornillos\/\" \/>\n<meta property=\"og:site_name\" content=\"Ferreter\u00eda Juli\u00e0\" \/>\n<meta property=\"article:modified_time\" content=\"2026-04-23T07:45:33+00:00\" \/>\n<meta property=\"og:image\" content=\"http:\/\/ferreteriajulia.com\/tienda\/wp-content\/uploads\/2025\/04\/juego-extractores-alyco.png\" \/>\n\t<meta property=\"og:image:width\" content=\"1627\" \/>\n\t<meta property=\"og:image:height\" content=\"1467\" \/>\n\t<meta property=\"og:image:type\" content=\"image\/png\" \/>\n<meta name=\"twitter:card\" content=\"summary_large_image\" \/>\n<meta name=\"twitter:label1\" content=\"Tiempo de lectura\" \/>\n\t<meta name=\"twitter:data1\" content=\"2 minutos\" \/>\n<script type=\"application\/ld+json\" class=\"yoast-schema-graph\">{\"@context\":\"https:\\\/\\\/schema.org\",\"@graph\":[{\"@type\":\"WebPage\",\"@id\":\"http:\\\/\\\/ferreteriajulia.com\\\/tienda\\\/producto\\\/juego-de-extractores-para-tornillos\\\/\",\"url\":\"http:\\\/\\\/ferreteriajulia.com\\\/tienda\\\/producto\\\/juego-de-extractores-para-tornillos\\\/\",\"name\":\"Juego de extractores para tornillos - Ferreter\u00eda Juli\u00e0\",\"isPartOf\":{\"@id\":\"https:\\\/\\\/ferreteriajulia.com\\\/tienda\\\/#website\"},\"primaryImageOfPage\":{\"@id\":\"http:\\\/\\\/ferreteriajulia.com\\\/tienda\\\/producto\\\/juego-de-extractores-para-tornillos\\\/#primaryimage\"},\"image\":{\"@id\":\"http:\\\/\\\/ferreteriajulia.com\\\/tienda\\\/producto\\\/juego-de-extractores-para-tornillos\\\/#primaryimage\"},\"thumbnailUrl\":\"http:\\\/\\\/ferreteriajulia.com\\\/tienda\\\/wp-content\\\/uploads\\\/2025\\\/04\\\/juego-extractores-alyco.png\",\"datePublished\":\"2025-04-09T16:40:26+00:00\",\"dateModified\":\"2026-04-23T07:45:33+00:00\",\"description\":\"Juego de extractores para tornillos - Ferreter\u00eda Juli\u00e0 - Ferreter\u00eda en Barcelona y venta On-line - telf.933 59 84 12 - info@ferreteriajulia.com - Gran variedad de productos\",\"breadcrumb\":{\"@id\":\"http:\\\/\\\/ferreteriajulia.com\\\/tienda\\\/producto\\\/juego-de-extractores-para-tornillos\\\/#breadcrumb\"},\"inLanguage\":\"es\",\"potentialAction\":[{\"@type\":\"ReadAction\",\"target\":[\"http:\\\/\\\/ferreteriajulia.com\\\/tienda\\\/producto\\\/juego-de-extractores-para-tornillos\\\/\"]}]},{\"@type\":\"ImageObject\",\"inLanguage\":\"es\",\"@id\":\"http:\\\/\\\/ferreteriajulia.com\\\/tienda\\\/producto\\\/juego-de-extractores-para-tornillos\\\/#primaryimage\",\"url\":\"http:\\\/\\\/ferreteriajulia.com\\\/tienda\\\/wp-content\\\/uploads\\\/2025\\\/04\\\/juego-extractores-alyco.png\",\"contentUrl\":\"http:\\\/\\\/ferreteriajulia.com\\\/tienda\\\/wp-content\\\/uploads\\\/2025\\\/04\\\/juego-extractores-alyco.png\",\"width\":1627,\"height\":1467},{\"@type\":\"BreadcrumbList\",\"@id\":\"http:\\\/\\\/ferreteriajulia.com\\\/tienda\\\/producto\\\/juego-de-extractores-para-tornillos\\\/#breadcrumb\",\"itemListElement\":[{\"@type\":\"ListItem\",\"position\":1,\"name\":\"Portada\",\"item\":\"https:\\\/\\\/ferreteriajulia.com\\\/tienda\\\/\"},{\"@type\":\"ListItem\",\"position\":2,\"name\":\"Tienda online\",\"item\":\"https:\\\/\\\/ferreteriajulia.com\\\/tienda\\\/shop\\\/\"},{\"@type\":\"ListItem\",\"position\":3,\"name\":\"Juego de extractores para tornillos\"}]},{\"@type\":\"WebSite\",\"@id\":\"https:\\\/\\\/ferreteriajulia.com\\\/tienda\\\/#website\",\"url\":\"https:\\\/\\\/ferreteriajulia.com\\\/tienda\\\/\",\"name\":\"Ferreter\u00eda Juli\u00e0\",\"description\":\"Ferreter\u00eda generalista, material para intalaciones y reparaciones.\",\"publisher\":{\"@id\":\"https:\\\/\\\/ferreteriajulia.com\\\/tienda\\\/#organization\"},\"potentialAction\":[{\"@type\":\"SearchAction\",\"target\":{\"@type\":\"EntryPoint\",\"urlTemplate\":\"https:\\\/\\\/ferreteriajulia.com\\\/tienda\\\/?s={search_term_string}\"},\"query-input\":{\"@type\":\"PropertyValueSpecification\",\"valueRequired\":true,\"valueName\":\"search_term_string\"}}],\"inLanguage\":\"es\"},{\"@type\":\"Organization\",\"@id\":\"https:\\\/\\\/ferreteriajulia.com\\\/tienda\\\/#organization\",\"name\":\"Ferreter\u00eda Juli\u00e0\",\"url\":\"https:\\\/\\\/ferreteriajulia.com\\\/tienda\\\/\",\"logo\":{\"@type\":\"ImageObject\",\"inLanguage\":\"es\",\"@id\":\"https:\\\/\\\/ferreteriajulia.com\\\/tienda\\\/#\\\/schema\\\/logo\\\/image\\\/\",\"url\":\"http:\\\/\\\/ferreteriajulia.com\\\/tienda\\\/wp-content\\\/uploads\\\/2023\\\/04\\\/LOGO_Ferreteria_Julia_HD-e1680625558319.png\",\"contentUrl\":\"http:\\\/\\\/ferreteriajulia.com\\\/tienda\\\/wp-content\\\/uploads\\\/2023\\\/04\\\/LOGO_Ferreteria_Julia_HD-e1680625558319.png\",\"width\":240,\"height\":89,\"caption\":\"Ferreter\u00eda Juli\u00e0\"},\"image\":{\"@id\":\"https:\\\/\\\/ferreteriajulia.com\\\/tienda\\\/#\\\/schema\\\/logo\\\/image\\\/\"}}]}<\/script>\n<!-- \/ Yoast SEO plugin. -->","yoast_head_json":{"title":"Juego de extractores para tornillos - Ferreter\u00eda Juli\u00e0","description":"Juego de extractores para tornillos - Ferreter\u00eda Juli\u00e0 - Ferreter\u00eda en Barcelona y venta On-line - telf.933 59 84 12 - info@ferreteriajulia.com - Gran variedad de productos","robots":{"index":"index","follow":"follow","max-snippet":"max-snippet:-1","max-image-preview":"max-image-preview:large","max-video-preview":"max-video-preview:-1"},"canonical":"http:\/\/ferreteriajulia.com\/tienda\/producto\/juego-de-extractores-para-tornillos\/","og_locale":"es_ES","og_type":"article","og_title":"Juego de extractores para tornillos - Ferreter\u00eda Juli\u00e0","og_description":"Juego de extractores para tornillos - Ferreter\u00eda Juli\u00e0 - Ferreter\u00eda en Barcelona y venta On-line - telf.933 59 84 12 - info@ferreteriajulia.com - Gran variedad de productos","og_url":"http:\/\/ferreteriajulia.com\/tienda\/producto\/juego-de-extractores-para-tornillos\/","og_site_name":"Ferreter\u00eda Juli\u00e0","article_modified_time":"2026-04-23T07:45:33+00:00","og_image":[{"width":1627,"height":1467,"url":"http:\/\/ferreteriajulia.com\/tienda\/wp-content\/uploads\/2025\/04\/juego-extractores-alyco.png","type":"image\/png"}],"twitter_card":"summary_large_image","twitter_misc":{"Tiempo de lectura":"2 minutos"},"schema":{"@context":"https:\/\/schema.org","@graph":[{"@type":"WebPage","@id":"http:\/\/ferreteriajulia.com\/tienda\/producto\/juego-de-extractores-para-tornillos\/","url":"http:\/\/ferreteriajulia.com\/tienda\/producto\/juego-de-extractores-para-tornillos\/","name":"Juego de extractores para tornillos - Ferreter\u00eda Juli\u00e0","isPartOf":{"@id":"https:\/\/ferreteriajulia.com\/tienda\/#website"},"primaryImageOfPage":{"@id":"http:\/\/ferreteriajulia.com\/tienda\/producto\/juego-de-extractores-para-tornillos\/#primaryimage"},"image":{"@id":"http:\/\/ferreteriajulia.com\/tienda\/producto\/juego-de-extractores-para-tornillos\/#primaryimage"},"thumbnailUrl":"http:\/\/ferreteriajulia.com\/tienda\/wp-content\/uploads\/2025\/04\/juego-extractores-alyco.png","datePublished":"2025-04-09T16:40:26+00:00","dateModified":"2026-04-23T07:45:33+00:00","description":"Juego de extractores para tornillos - Ferreter\u00eda Juli\u00e0 - Ferreter\u00eda en Barcelona y venta On-line - telf.933 59 84 12 - info@ferreteriajulia.com - Gran variedad de productos","breadcrumb":{"@id":"http:\/\/ferreteriajulia.com\/tienda\/producto\/juego-de-extractores-para-tornillos\/#breadcrumb"},"inLanguage":"es","potentialAction":[{"@type":"ReadAction","target":["http:\/\/ferreteriajulia.com\/tienda\/producto\/juego-de-extractores-para-tornillos\/"]}]},{"@type":"ImageObject","inLanguage":"es","@id":"http:\/\/ferreteriajulia.com\/tienda\/producto\/juego-de-extractores-para-tornillos\/#primaryimage","url":"http:\/\/ferreteriajulia.com\/tienda\/wp-content\/uploads\/2025\/04\/juego-extractores-alyco.png","contentUrl":"http:\/\/ferreteriajulia.com\/tienda\/wp-content\/uploads\/2025\/04\/juego-extractores-alyco.png","width":1627,"height":1467},{"@type":"BreadcrumbList","@id":"http:\/\/ferreteriajulia.com\/tienda\/producto\/juego-de-extractores-para-tornillos\/#breadcrumb","itemListElement":[{"@type":"ListItem","position":1,"name":"Portada","item":"https:\/\/ferreteriajulia.com\/tienda\/"},{"@type":"ListItem","position":2,"name":"Tienda online","item":"https:\/\/ferreteriajulia.com\/tienda\/shop\/"},{"@type":"ListItem","position":3,"name":"Juego de extractores para tornillos"}]},{"@type":"WebSite","@id":"https:\/\/ferreteriajulia.com\/tienda\/#website","url":"https:\/\/ferreteriajulia.com\/tienda\/","name":"Ferreter\u00eda Juli\u00e0","description":"Ferreter\u00eda generalista, material para intalaciones y reparaciones.","publisher":{"@id":"https:\/\/ferreteriajulia.com\/tienda\/#organization"},"potentialAction":[{"@type":"SearchAction","target":{"@type":"EntryPoint","urlTemplate":"https:\/\/ferreteriajulia.com\/tienda\/?s={search_term_string}"},"query-input":{"@type":"PropertyValueSpecification","valueRequired":true,"valueName":"search_term_string"}}],"inLanguage":"es"},{"@type":"Organization","@id":"https:\/\/ferreteriajulia.com\/tienda\/#organization","name":"Ferreter\u00eda Juli\u00e0","url":"https:\/\/ferreteriajulia.com\/tienda\/","logo":{"@type":"ImageObject","inLanguage":"es","@id":"https:\/\/ferreteriajulia.com\/tienda\/#\/schema\/logo\/image\/","url":"http:\/\/ferreteriajulia.com\/tienda\/wp-content\/uploads\/2023\/04\/LOGO_Ferreteria_Julia_HD-e1680625558319.png","contentUrl":"http:\/\/ferreteriajulia.com\/tienda\/wp-content\/uploads\/2023\/04\/LOGO_Ferreteria_Julia_HD-e1680625558319.png","width":240,"height":89,"caption":"Ferreter\u00eda Juli\u00e0"},"image":{"@id":"https:\/\/ferreteriajulia.com\/tienda\/#\/schema\/logo\/image\/"}}]}},"_links":{"self":[{"href":"http:\/\/ferreteriajulia.com\/tienda\/wp-json\/wp\/v2\/product\/21113","targetHints":{"allow":["GET"]}}],"collection":[{"href":"http:\/\/ferreteriajulia.com\/tienda\/wp-json\/wp\/v2\/product"}],"about":[{"href":"http:\/\/ferreteriajulia.com\/tienda\/wp-json\/wp\/v2\/types\/product"}],"wp:featuredmedia":[{"embeddable":true,"href":"http:\/\/ferreteriajulia.com\/tienda\/wp-json\/wp\/v2\/media\/21114"}],"wp:attachment":[{"href":"http:\/\/ferreteriajulia.com\/tienda\/wp-json\/wp\/v2\/media?parent=21113"}],"wp:term":[{"taxonomy":"product_brand","embeddable":true,"href":"http:\/\/ferreteriajulia.com\/tienda\/wp-json\/wp\/v2\/product_brand?post=21113"},{"taxonomy":"product_cat","embeddable":true,"href":"http:\/\/ferreteriajulia.com\/tienda\/wp-json\/wp\/v2\/product_cat?post=21113"},{"taxonomy":"product_tag","embeddable":true,"href":"http:\/\/ferreteriajulia.com\/tienda\/wp-json\/wp\/v2\/product_tag?post=21113"}],"curies":[{"name":"wp","href":"https:\/\/api.w.org\/{rel}","templated":true}]}}