{"id":10338,"date":"2020-04-12T13:30:04","date_gmt":"2020-04-12T11:30:04","guid":{"rendered":"http:\/\/ferreteriajulia.com\/tienda\/?post_type=product&#038;p=10338"},"modified":"2026-03-09T13:36:51","modified_gmt":"2026-03-09T12:36:51","slug":"placa-senalizacion-rellano-escalera","status":"publish","type":"product","link":"https:\/\/ferreteriajulia.com\/tienda\/producto\/placa-senalizacion-rellano-escalera\/","title":{"rendered":"placa se\u00f1alizaci\u00f3n rellano escalera"},"content":{"rendered":"<p>placa se\u00f1alizaci\u00f3n rellano escalera<\/p>\n<p>medidas 280mm x 70mm grosor 1.5mm<\/p>\n<p>PVC gris metalizado con GRABADO letra negra (larga durabilidad).<\/p>\n<p>Especifique nombre piso en el men\u00fa de la derecha, para otros textos o color\u00a0 cons\u00faltenos a info@ferreteriajulia.com<\/p>\n<p>Elija con adhesivo incorporado o con dos agujeros (entregamos torniller\u00eda, tacos y embellecedores).<\/p>\n<p><strong><span style=\"color: #ff0000;\">RECOGIDAS EN TIENDA 24\/48h<\/span><\/strong><span style=\"color: #ff0000;\">\u00a0seg\u00fan disponibilidad\u00a0<\/span><strong><span style=\"color: #ff0000;\">PAGO<\/span><span style=\"color: #ff0000;\"> PREVIO DESDE LA WEB<\/span><\/strong> (tarjeta) .<\/p>\n<div class=\"Y3BBE\" data-sfc-cp=\"\" data-sfc-cb=\"\" data-hveid=\"CAEQAA\" data-processed=\"true\">\n<p>Una placa de se\u00f1alizaci\u00f3n de rellano es un elemento informativo colocado donde termian cada tramo de escalera. Indica el n\u00famero de planta. Son de material duradero y se fijan a la pared mediante adhesivos o tornillos.<span class=\"uJ19be notranslate\" data-wiz-uids=\"HwSI0b_c,HwSI0b_d\" data-sfc-cb=\"\" data-processed=\"true\"><span class=\"vKEkVd\" data-animation-atomic=\"\" data-wiz-attrbind=\"class=HwSI0b_b\/TKHnVd\" data-processed=\"true\"><span aria-hidden=\"true\" data-processed=\"true\">\u00a0<\/span><\/span><\/span><\/p>\n<div class=\"Fwa2Od\" data-animation-skip=\"\" data-sfc-cb=\"\" data-ved=\"2ahUKEwj-_-Kb6ZKTAxWRSaQEHX0mA0EQ3s0SegQIARAD\" data-processed=\"true\"><span class=\"wJwe6c\" data-processed=\"true\"><span class=\"IjM6od\" data-processed=\"true\">\u00a0<\/span><\/span><\/div>\n<\/div>\n<div class=\"Y3BBE\" data-sfc-cp=\"\" data-sfc-cb=\"\" data-hveid=\"CAIQAA\" data-processed=\"true\"><strong class=\"Yjhzub\" data-sfc-cb=\"\" data-processed=\"true\">Caracter\u00edsticas y Usos Principales:<\/strong><\/div>\n<ul class=\"KsbFXc U6u95 Lem6n\" data-sfc-cb=\"\" data-processed=\"true\">\n<li class=\"dF3vjf\" data-sfc-cb=\"\" data-hveid=\"CAMQAA\" data-processed=\"true\"><span class=\"T286Pc\" data-sfc-cp=\"\" data-sfc-cb=\"\" data-processed=\"true\"><strong class=\"Yjhzub\" data-sfc-cb=\"\" data-processed=\"true\"><span class=\"N9Q8Lc\">Identificaci\u00f3n de Planta\/Piso:<\/span><\/strong><span class=\"N9Q8Lc\">\u00a0Identifican claramente en qu\u00e9 nivel del edificio se encuentra la persona (ej. \u00abPlanta 1\u00bb, \u00abPiso 2\u00ba A-B\u00bb).<\/span><\/span><\/li>\n<li class=\"dF3vjf\" data-sfc-cb=\"\" data-hveid=\"CAMQAQ\" data-processed=\"true\"><span class=\"T286Pc\" data-sfc-cp=\"\" data-sfc-cb=\"\" data-processed=\"true\"><strong class=\"Yjhzub\" data-sfc-cb=\"\" data-processed=\"true\"><span class=\"N9Q8Lc\">Se\u00f1alizaci\u00f3n de Seguridad:<\/span><\/strong><span class=\"N9Q8Lc\"> Ayudan a la orientaci\u00f3n en situaciones de emergencia, indicando la ubicaci\u00f3n de escaleras.<\/span><\/span><\/li>\n<li class=\"dF3vjf\" data-sfc-cb=\"\" data-hveid=\"CAMQAg\" data-processed=\"true\"><span class=\"T286Pc\" data-sfc-cp=\"\" data-sfc-cb=\"\" data-processed=\"true\"><strong class=\"Yjhzub\" data-sfc-cb=\"\" data-processed=\"true\"><span class=\"N9Q8Lc\">Materiales y Est\u00e9tica:<\/span><\/strong><span class=\"N9Q8Lc\"> Se fabrican en PVC, con dise\u00f1os grabados que aportan durabilidad y visibilidad.<\/span><\/span><\/li>\n<li class=\"dF3vjf\" data-sfc-cb=\"\" data-hveid=\"CAMQAw\" data-processed=\"true\"><span class=\"T286Pc\" data-sfc-cp=\"\" data-sfc-cb=\"\" data-processed=\"true\"><strong class=\"Yjhzub\" data-sfc-cb=\"\" data-processed=\"true\"><span class=\"N9Q8Lc\">Ubicaci\u00f3n:<\/span><\/strong><span class=\"N9Q8Lc\">\u00a0Deben colocarse en lugares visibles y estrat\u00e9gicos en los descansillos para facilitar la r\u00e1pida identificaci\u00f3n del piso.<\/span><\/span><span class=\"uJ19be notranslate\" data-wiz-uids=\"HwSI0b_13,HwSI0b_14\" data-sfc-cb=\"\" data-processed=\"true\"><span class=\"vKEkVd\" data-animation-atomic=\"\" data-wiz-attrbind=\"class=HwSI0b_12\/TKHnVd\" data-processed=\"true\"><span aria-hidden=\"true\" data-processed=\"true\">\u00a0<\/span><\/span><\/span><\/li>\n<\/ul>\n<p>Tambi\u00e9n tenemos a juego para se\u00f1alizar las puertas:<\/p>\n<blockquote class=\"wp-embedded-content\" data-secret=\"z8wC7Panwx\"><p><a href=\"https:\/\/ferreteriajulia.com\/tienda\/producto\/placa-senalizacion-puerta\/\">placa se\u00f1alizaci\u00f3n puerta 70x70mm<\/a><\/p><\/blockquote>\n<p><iframe loading=\"lazy\" class=\"wp-embedded-content\" sandbox=\"allow-scripts\" security=\"restricted\" style=\"position: absolute; visibility: hidden;\" title=\"\u00abplaca se\u00f1alizaci\u00f3n puerta 70x70mm\u00bb \u2014 Ferreter\u00eda Juli\u00e0\" src=\"https:\/\/ferreteriajulia.com\/tienda\/producto\/placa-senalizacion-puerta\/embed\/#?secret=uaAOo6jili#?secret=z8wC7Panwx\" data-secret=\"z8wC7Panwx\" width=\"600\" height=\"338\" frameborder=\"0\" marginwidth=\"0\" marginheight=\"0\" scrolling=\"no\"><\/iframe><\/p>\n","protected":false},"excerpt":{"rendered":"<p>placa se\u00f1alizaci\u00f3n rellano escalera<\/p>\n<p>medidas 280mm x 70mm grosor 1.5mm<\/p>\n<p>PVC gris metalizado con GRABADO letra negra (larga durabilidad).<\/p>\n<p>Especifique nombre piso en el men\u00fa de la derecha, para otros textos o color\u00a0 cons\u00faltenos a info@ferreteriajulia.com<\/p>\n<p>Elija con adhesivo incorporado o con dos agujeros (entregamos torniller\u00eda, tacos y embellecedores niquelados).<\/p>\n<p><strong><span style=\"color: #ff0000;\">RECOGIDAS EN TIENDA 24\/48h<\/span><\/strong><span style=\"color: #ff0000;\">\u00a0seg\u00fan disponibilidad\u00a0<\/span><strong><span style=\"color: #ff0000;\">PAGO<\/span><span style=\"color: #ff0000;\"> PREVIO DESDE LA WEB<\/span><\/strong> (tarjeta) .<\/p>\n","protected":false},"featured_media":20762,"template":"","meta":{"_monsterinsights_skip_tracking":false,"_monsterinsights_sitenote_active":false,"_monsterinsights_sitenote_note":"","_monsterinsights_sitenote_category":0},"product_brand":[],"product_cat":[683],"product_tag":[526],"class_list":{"0":"post-10338","1":"product","2":"type-product","3":"status-publish","4":"has-post-thumbnail","6":"product_cat-senalizacion-grabada","7":"product_tag-consulte-disponibilidad","9":"first","10":"onbackorder","11":"featured","12":"taxable","13":"shipping-taxable","14":"purchasable","15":"product-type-simple"},"yoast_head":"<!-- This site is optimized with the Yoast SEO plugin v27.4 - https:\/\/yoast.com\/product\/yoast-seo-wordpress\/ -->\n<title>placa se\u00f1alizaci\u00f3n rellano escalera - Ferreter\u00eda Juli\u00e0<\/title>\n<meta name=\"description\" content=\"placa se\u00f1alizaci\u00f3n rellano escalera - Ferreter\u00eda Juli\u00e0 - Ferreter\u00eda Barcelona - 933 59 84 12 - info@ferreteriajulia.com - Gran variedad de productos\" \/>\n<meta name=\"robots\" content=\"index, follow, max-snippet:-1, max-image-preview:large, max-video-preview:-1\" \/>\n<link rel=\"canonical\" href=\"https:\/\/ferreteriajulia.com\/tienda\/producto\/placa-senalizacion-rellano-escalera\/\" \/>\n<meta property=\"og:locale\" content=\"es_ES\" \/>\n<meta property=\"og:type\" content=\"article\" \/>\n<meta property=\"og:title\" content=\"placa se\u00f1alizaci\u00f3n rellano escalera - Ferreter\u00eda Juli\u00e0\" \/>\n<meta property=\"og:description\" content=\"placa se\u00f1alizaci\u00f3n rellano escalera - Ferreter\u00eda Juli\u00e0 - Ferreter\u00eda Barcelona - 933 59 84 12 - info@ferreteriajulia.com - Gran variedad de productos\" \/>\n<meta property=\"og:url\" content=\"https:\/\/ferreteriajulia.com\/tienda\/producto\/placa-senalizacion-rellano-escalera\/\" \/>\n<meta property=\"og:site_name\" content=\"Ferreter\u00eda Juli\u00e0\" \/>\n<meta property=\"article:modified_time\" content=\"2026-03-09T12:36:51+00:00\" \/>\n<meta property=\"og:image\" content=\"https:\/\/ferreteriajulia.com\/tienda\/wp-content\/uploads\/2020\/04\/grabado-placa-rellano-ferreteria-julia.jpg\" \/>\n\t<meta property=\"og:image:width\" content=\"1806\" \/>\n\t<meta property=\"og:image:height\" content=\"1342\" \/>\n\t<meta property=\"og:image:type\" content=\"image\/jpeg\" \/>\n<meta name=\"twitter:card\" content=\"summary_large_image\" \/>\n<meta name=\"twitter:label1\" content=\"Tiempo de lectura\" \/>\n\t<meta name=\"twitter:data1\" content=\"2 minutos\" \/>\n<script type=\"application\/ld+json\" class=\"yoast-schema-graph\">{\"@context\":\"https:\\\/\\\/schema.org\",\"@graph\":[{\"@type\":\"WebPage\",\"@id\":\"https:\\\/\\\/ferreteriajulia.com\\\/tienda\\\/producto\\\/placa-senalizacion-rellano-escalera\\\/\",\"url\":\"https:\\\/\\\/ferreteriajulia.com\\\/tienda\\\/producto\\\/placa-senalizacion-rellano-escalera\\\/\",\"name\":\"placa se\u00f1alizaci\u00f3n rellano escalera - Ferreter\u00eda Juli\u00e0\",\"isPartOf\":{\"@id\":\"http:\\\/\\\/ferreteriajulia.com\\\/tienda\\\/#website\"},\"primaryImageOfPage\":{\"@id\":\"https:\\\/\\\/ferreteriajulia.com\\\/tienda\\\/producto\\\/placa-senalizacion-rellano-escalera\\\/#primaryimage\"},\"image\":{\"@id\":\"https:\\\/\\\/ferreteriajulia.com\\\/tienda\\\/producto\\\/placa-senalizacion-rellano-escalera\\\/#primaryimage\"},\"thumbnailUrl\":\"https:\\\/\\\/ferreteriajulia.com\\\/tienda\\\/wp-content\\\/uploads\\\/2020\\\/04\\\/grabado-placa-rellano-ferreteria-julia.jpg\",\"datePublished\":\"2020-04-12T11:30:04+00:00\",\"dateModified\":\"2026-03-09T12:36:51+00:00\",\"description\":\"placa se\u00f1alizaci\u00f3n rellano escalera - Ferreter\u00eda Juli\u00e0 - Ferreter\u00eda Barcelona - 933 59 84 12 - info@ferreteriajulia.com - Gran variedad de productos\",\"breadcrumb\":{\"@id\":\"https:\\\/\\\/ferreteriajulia.com\\\/tienda\\\/producto\\\/placa-senalizacion-rellano-escalera\\\/#breadcrumb\"},\"inLanguage\":\"es\",\"potentialAction\":[{\"@type\":\"ReadAction\",\"target\":[\"https:\\\/\\\/ferreteriajulia.com\\\/tienda\\\/producto\\\/placa-senalizacion-rellano-escalera\\\/\"]}]},{\"@type\":\"ImageObject\",\"inLanguage\":\"es\",\"@id\":\"https:\\\/\\\/ferreteriajulia.com\\\/tienda\\\/producto\\\/placa-senalizacion-rellano-escalera\\\/#primaryimage\",\"url\":\"https:\\\/\\\/ferreteriajulia.com\\\/tienda\\\/wp-content\\\/uploads\\\/2020\\\/04\\\/grabado-placa-rellano-ferreteria-julia.jpg\",\"contentUrl\":\"https:\\\/\\\/ferreteriajulia.com\\\/tienda\\\/wp-content\\\/uploads\\\/2020\\\/04\\\/grabado-placa-rellano-ferreteria-julia.jpg\",\"width\":1806,\"height\":1342},{\"@type\":\"BreadcrumbList\",\"@id\":\"https:\\\/\\\/ferreteriajulia.com\\\/tienda\\\/producto\\\/placa-senalizacion-rellano-escalera\\\/#breadcrumb\",\"itemListElement\":[{\"@type\":\"ListItem\",\"position\":1,\"name\":\"Portada\",\"item\":\"http:\\\/\\\/ferreteriajulia.com\\\/tienda\\\/\"},{\"@type\":\"ListItem\",\"position\":2,\"name\":\"Tienda online\",\"item\":\"http:\\\/\\\/ferreteriajulia.com\\\/tienda\\\/shop\\\/\"},{\"@type\":\"ListItem\",\"position\":3,\"name\":\"placa se\u00f1alizaci\u00f3n rellano escalera\"}]},{\"@type\":\"WebSite\",\"@id\":\"http:\\\/\\\/ferreteriajulia.com\\\/tienda\\\/#website\",\"url\":\"http:\\\/\\\/ferreteriajulia.com\\\/tienda\\\/\",\"name\":\"Ferreter\u00eda Juli\u00e0\",\"description\":\"Ferreter\u00eda generalista, material para intalaciones y reparaciones.\",\"publisher\":{\"@id\":\"http:\\\/\\\/ferreteriajulia.com\\\/tienda\\\/#organization\"},\"potentialAction\":[{\"@type\":\"SearchAction\",\"target\":{\"@type\":\"EntryPoint\",\"urlTemplate\":\"http:\\\/\\\/ferreteriajulia.com\\\/tienda\\\/?s={search_term_string}\"},\"query-input\":{\"@type\":\"PropertyValueSpecification\",\"valueRequired\":true,\"valueName\":\"search_term_string\"}}],\"inLanguage\":\"es\"},{\"@type\":\"Organization\",\"@id\":\"http:\\\/\\\/ferreteriajulia.com\\\/tienda\\\/#organization\",\"name\":\"Ferreter\u00eda Juli\u00e0\",\"url\":\"http:\\\/\\\/ferreteriajulia.com\\\/tienda\\\/\",\"logo\":{\"@type\":\"ImageObject\",\"inLanguage\":\"es\",\"@id\":\"http:\\\/\\\/ferreteriajulia.com\\\/tienda\\\/#\\\/schema\\\/logo\\\/image\\\/\",\"url\":\"https:\\\/\\\/ferreteriajulia.com\\\/tienda\\\/wp-content\\\/uploads\\\/2023\\\/04\\\/LOGO_Ferreteria_Julia_HD-e1680625558319.png\",\"contentUrl\":\"https:\\\/\\\/ferreteriajulia.com\\\/tienda\\\/wp-content\\\/uploads\\\/2023\\\/04\\\/LOGO_Ferreteria_Julia_HD-e1680625558319.png\",\"width\":240,\"height\":89,\"caption\":\"Ferreter\u00eda Juli\u00e0\"},\"image\":{\"@id\":\"http:\\\/\\\/ferreteriajulia.com\\\/tienda\\\/#\\\/schema\\\/logo\\\/image\\\/\"}}]}<\/script>\n<!-- \/ Yoast SEO plugin. -->","yoast_head_json":{"title":"placa se\u00f1alizaci\u00f3n rellano escalera - Ferreter\u00eda Juli\u00e0","description":"placa se\u00f1alizaci\u00f3n rellano escalera - Ferreter\u00eda Juli\u00e0 - Ferreter\u00eda Barcelona - 933 59 84 12 - info@ferreteriajulia.com - Gran variedad de productos","robots":{"index":"index","follow":"follow","max-snippet":"max-snippet:-1","max-image-preview":"max-image-preview:large","max-video-preview":"max-video-preview:-1"},"canonical":"https:\/\/ferreteriajulia.com\/tienda\/producto\/placa-senalizacion-rellano-escalera\/","og_locale":"es_ES","og_type":"article","og_title":"placa se\u00f1alizaci\u00f3n rellano escalera - Ferreter\u00eda Juli\u00e0","og_description":"placa se\u00f1alizaci\u00f3n rellano escalera - Ferreter\u00eda Juli\u00e0 - Ferreter\u00eda Barcelona - 933 59 84 12 - info@ferreteriajulia.com - Gran variedad de productos","og_url":"https:\/\/ferreteriajulia.com\/tienda\/producto\/placa-senalizacion-rellano-escalera\/","og_site_name":"Ferreter\u00eda Juli\u00e0","article_modified_time":"2026-03-09T12:36:51+00:00","og_image":[{"width":1806,"height":1342,"url":"https:\/\/ferreteriajulia.com\/tienda\/wp-content\/uploads\/2020\/04\/grabado-placa-rellano-ferreteria-julia.jpg","type":"image\/jpeg"}],"twitter_card":"summary_large_image","twitter_misc":{"Tiempo de lectura":"2 minutos"},"schema":{"@context":"https:\/\/schema.org","@graph":[{"@type":"WebPage","@id":"https:\/\/ferreteriajulia.com\/tienda\/producto\/placa-senalizacion-rellano-escalera\/","url":"https:\/\/ferreteriajulia.com\/tienda\/producto\/placa-senalizacion-rellano-escalera\/","name":"placa se\u00f1alizaci\u00f3n rellano escalera - Ferreter\u00eda Juli\u00e0","isPartOf":{"@id":"http:\/\/ferreteriajulia.com\/tienda\/#website"},"primaryImageOfPage":{"@id":"https:\/\/ferreteriajulia.com\/tienda\/producto\/placa-senalizacion-rellano-escalera\/#primaryimage"},"image":{"@id":"https:\/\/ferreteriajulia.com\/tienda\/producto\/placa-senalizacion-rellano-escalera\/#primaryimage"},"thumbnailUrl":"https:\/\/ferreteriajulia.com\/tienda\/wp-content\/uploads\/2020\/04\/grabado-placa-rellano-ferreteria-julia.jpg","datePublished":"2020-04-12T11:30:04+00:00","dateModified":"2026-03-09T12:36:51+00:00","description":"placa se\u00f1alizaci\u00f3n rellano escalera - Ferreter\u00eda Juli\u00e0 - Ferreter\u00eda Barcelona - 933 59 84 12 - info@ferreteriajulia.com - Gran variedad de productos","breadcrumb":{"@id":"https:\/\/ferreteriajulia.com\/tienda\/producto\/placa-senalizacion-rellano-escalera\/#breadcrumb"},"inLanguage":"es","potentialAction":[{"@type":"ReadAction","target":["https:\/\/ferreteriajulia.com\/tienda\/producto\/placa-senalizacion-rellano-escalera\/"]}]},{"@type":"ImageObject","inLanguage":"es","@id":"https:\/\/ferreteriajulia.com\/tienda\/producto\/placa-senalizacion-rellano-escalera\/#primaryimage","url":"https:\/\/ferreteriajulia.com\/tienda\/wp-content\/uploads\/2020\/04\/grabado-placa-rellano-ferreteria-julia.jpg","contentUrl":"https:\/\/ferreteriajulia.com\/tienda\/wp-content\/uploads\/2020\/04\/grabado-placa-rellano-ferreteria-julia.jpg","width":1806,"height":1342},{"@type":"BreadcrumbList","@id":"https:\/\/ferreteriajulia.com\/tienda\/producto\/placa-senalizacion-rellano-escalera\/#breadcrumb","itemListElement":[{"@type":"ListItem","position":1,"name":"Portada","item":"http:\/\/ferreteriajulia.com\/tienda\/"},{"@type":"ListItem","position":2,"name":"Tienda online","item":"http:\/\/ferreteriajulia.com\/tienda\/shop\/"},{"@type":"ListItem","position":3,"name":"placa se\u00f1alizaci\u00f3n rellano escalera"}]},{"@type":"WebSite","@id":"http:\/\/ferreteriajulia.com\/tienda\/#website","url":"http:\/\/ferreteriajulia.com\/tienda\/","name":"Ferreter\u00eda Juli\u00e0","description":"Ferreter\u00eda generalista, material para intalaciones y reparaciones.","publisher":{"@id":"http:\/\/ferreteriajulia.com\/tienda\/#organization"},"potentialAction":[{"@type":"SearchAction","target":{"@type":"EntryPoint","urlTemplate":"http:\/\/ferreteriajulia.com\/tienda\/?s={search_term_string}"},"query-input":{"@type":"PropertyValueSpecification","valueRequired":true,"valueName":"search_term_string"}}],"inLanguage":"es"},{"@type":"Organization","@id":"http:\/\/ferreteriajulia.com\/tienda\/#organization","name":"Ferreter\u00eda Juli\u00e0","url":"http:\/\/ferreteriajulia.com\/tienda\/","logo":{"@type":"ImageObject","inLanguage":"es","@id":"http:\/\/ferreteriajulia.com\/tienda\/#\/schema\/logo\/image\/","url":"https:\/\/ferreteriajulia.com\/tienda\/wp-content\/uploads\/2023\/04\/LOGO_Ferreteria_Julia_HD-e1680625558319.png","contentUrl":"https:\/\/ferreteriajulia.com\/tienda\/wp-content\/uploads\/2023\/04\/LOGO_Ferreteria_Julia_HD-e1680625558319.png","width":240,"height":89,"caption":"Ferreter\u00eda Juli\u00e0"},"image":{"@id":"http:\/\/ferreteriajulia.com\/tienda\/#\/schema\/logo\/image\/"}}]}},"_links":{"self":[{"href":"https:\/\/ferreteriajulia.com\/tienda\/wp-json\/wp\/v2\/product\/10338","targetHints":{"allow":["GET"]}}],"collection":[{"href":"https:\/\/ferreteriajulia.com\/tienda\/wp-json\/wp\/v2\/product"}],"about":[{"href":"https:\/\/ferreteriajulia.com\/tienda\/wp-json\/wp\/v2\/types\/product"}],"wp:featuredmedia":[{"embeddable":true,"href":"https:\/\/ferreteriajulia.com\/tienda\/wp-json\/wp\/v2\/media\/20762"}],"wp:attachment":[{"href":"https:\/\/ferreteriajulia.com\/tienda\/wp-json\/wp\/v2\/media?parent=10338"}],"wp:term":[{"taxonomy":"product_brand","embeddable":true,"href":"https:\/\/ferreteriajulia.com\/tienda\/wp-json\/wp\/v2\/product_brand?post=10338"},{"taxonomy":"product_cat","embeddable":true,"href":"https:\/\/ferreteriajulia.com\/tienda\/wp-json\/wp\/v2\/product_cat?post=10338"},{"taxonomy":"product_tag","embeddable":true,"href":"https:\/\/ferreteriajulia.com\/tienda\/wp-json\/wp\/v2\/product_tag?post=10338"}],"curies":[{"name":"wp","href":"https:\/\/api.w.org\/{rel}","templated":true}]}}