{"id":10550,"date":"2018-07-12T16:24:40","date_gmt":"2018-07-12T14:24:40","guid":{"rendered":"http:\/\/ferreteriajulia.com\/tienda\/?post_type=product&#038;p=10550"},"modified":"2026-03-18T09:37:10","modified_gmt":"2026-03-18T08:37:10","slug":"placa-limpieza-escalera-50x70mm-con-cadena","status":"publish","type":"product","link":"https:\/\/ferreteriajulia.com\/tienda\/producto\/placa-limpieza-escalera-50x70mm-con-cadena\/","title":{"rendered":"placa LIMPIEZA ESCALERA 50x70mm con cadena"},"content":{"rendered":"<p>placa LIMPIEZA ESCALERA 50x70mm con cadena<\/p>\n<p>grabado en pl\u00e1stico de 1.5mm de gran resistencia y durabilidad, con cadeneta de bolas 30cm.<\/p>\n<p>pr\u00e1ctico cartel de limpieza para colgar en el pomo de puerta, de medidas similares a una tarjeta de visita.<\/p>\n<p id=\"tw-target-text\" class=\"tw-data-text tw-text-large tw-ta\" dir=\"ltr\" tabindex=\"-1\" role=\"text\" data-placeholder=\"Traducci\u00f3\" data-ved=\"2ahUKEwju5Nq-t6eTAxUqZ0EAHa5rI34Q3ewLegQIDBAW\" aria-label=\"Text tradu\u00eft: Esta placa de Limpieza Porter\u00eda es un elemento de se\u00f1alizaci\u00f3n utilizado habitualmente en comunidades de vecinos y comercios para informar sobre las labores de mantenimiento o el estado de un servicio concreto.\"><span class=\"Y2IQFc\" lang=\"es\">Esta placa con cadeneta, es un elemento de se\u00f1alizaci\u00f3n utilizado habitualmente en comunidades de vecinos y comercios para informar sobre las labores de mantenimiento o el estado de un servicio concreto.<\/span><\/p>\n<h3 id=\"tw-target-text\" class=\"tw-data-text tw-text-large tw-ta\" dir=\"ltr\" tabindex=\"-1\" role=\"text\" data-placeholder=\"Traducci\u00f3\" data-ved=\"2ahUKEwju5Nq-t6eTAxUqZ0EAHa5rI34Q3ewLegQIDBAW\" aria-label=\"Text tradu\u00eft: Caracter\u00edsticas T\u00e9cnicas Dimensiones: Tiene un tama\u00f1o compacto de 50 x 70 mm, ideal para ser visible sin ocupar demasiado espacio. Material: Suelen estar fabricadas en materiales met\u00e1licos (como aluminio o lat\u00f3n) o pl\u00e1sticos grabados de alta resistencia (tipo bicapa), a menudo con acabados en n\u00edquel satinado o plata para mayor durabilidad. Grabado: El texto &quot;LIMPIEZA PORTER\u00cdA&quot; est\u00e1 grabado directamente en la superficie, lo que garantiza que no se borre con el uso o la limpieza. Accesorios: Incluye una cadena que permite colgarla y descolgarla f\u00e1cilmente de pomos, clavos o ganchos.\"><span class=\"Y2IQFc\" lang=\"es\">Caracter\u00edsticas T\u00e9cnicas placa LIMPIEZA ESCALERA 50x70mm con cadena:<\/span><\/h3>\n<p class=\"tw-data-text tw-text-large tw-ta\" dir=\"ltr\" tabindex=\"-1\" role=\"text\" data-placeholder=\"Traducci\u00f3\" data-ved=\"2ahUKEwju5Nq-t6eTAxUqZ0EAHa5rI34Q3ewLegQIDBAW\" aria-label=\"Text tradu\u00eft: Caracter\u00edsticas T\u00e9cnicas Dimensiones: Tiene un tama\u00f1o compacto de 50 x 70 mm, ideal para ser visible sin ocupar demasiado espacio. Material: Suelen estar fabricadas en materiales met\u00e1licos (como aluminio o lat\u00f3n) o pl\u00e1sticos grabados de alta resistencia (tipo bicapa), a menudo con acabados en n\u00edquel satinado o plata para mayor durabilidad. Grabado: El texto &quot;LIMPIEZA PORTER\u00cdA&quot; est\u00e1 grabado directamente en la superficie, lo que garantiza que no se borre con el uso o la limpieza. Accesorios: Incluye una cadena que permite colgarla y descolgarla f\u00e1cilmente de pomos, clavos o ganchos.\"><span class=\"Y2IQFc\" lang=\"es\">Dimensiones: Tiene un tama\u00f1o compacto de 50 x 70 mm, ideal para ser visible sin ocupar demasiado espacio. <\/span><\/p>\n<p class=\"tw-data-text tw-text-large tw-ta\" dir=\"ltr\" tabindex=\"-1\" role=\"text\" data-placeholder=\"Traducci\u00f3\" data-ved=\"2ahUKEwju5Nq-t6eTAxUqZ0EAHa5rI34Q3ewLegQIDBAW\" aria-label=\"Text tradu\u00eft: Caracter\u00edsticas T\u00e9cnicas Dimensiones: Tiene un tama\u00f1o compacto de 50 x 70 mm, ideal para ser visible sin ocupar demasiado espacio. Material: Suelen estar fabricadas en materiales met\u00e1licos (como aluminio o lat\u00f3n) o pl\u00e1sticos grabados de alta resistencia (tipo bicapa), a menudo con acabados en n\u00edquel satinado o plata para mayor durabilidad. Grabado: El texto &quot;LIMPIEZA PORTER\u00cdA&quot; est\u00e1 grabado directamente en la superficie, lo que garantiza que no se borre con el uso o la limpieza. Accesorios: Incluye una cadena que permite colgarla y descolgarla f\u00e1cilmente de pomos, clavos o ganchos.\"><span class=\"Y2IQFc\" lang=\"es\">Material: Fabricadas en materiale <strong>pl\u00e1stico grabado<\/strong> de alta resistencia (tipo bicapa).<\/span><\/p>\n<p class=\"tw-data-text tw-text-large tw-ta\" dir=\"ltr\" tabindex=\"-1\" role=\"text\" data-placeholder=\"Traducci\u00f3\" data-ved=\"2ahUKEwju5Nq-t6eTAxUqZ0EAHa5rI34Q3ewLegQIDBAW\" aria-label=\"Text tradu\u00eft: Caracter\u00edsticas T\u00e9cnicas Dimensiones: Tiene un tama\u00f1o compacto de 50 x 70 mm, ideal para ser visible sin ocupar demasiado espacio. Material: Suelen estar fabricadas en materiales met\u00e1licos (como aluminio o lat\u00f3n) o pl\u00e1sticos grabados de alta resistencia (tipo bicapa), a menudo con acabados en n\u00edquel satinado o plata para mayor durabilidad. Grabado: El texto &quot;LIMPIEZA PORTER\u00cdA&quot; est\u00e1 grabado directamente en la superficie, lo que garantiza que no se borre con el uso o la limpieza. Accesorios: Incluye una cadena que permite colgarla y descolgarla f\u00e1cilmente de pomos, clavos o ganchos.\"><span class=\"Y2IQFc\" lang=\"es\">Grabado: El texto \u00abLIMPIEZA ESCALERA\u00bb est\u00e1 grabado directamente en la superficie, lo que garantiza que no se borre con el uso o la limpieza.<\/span><\/p>\n<p class=\"tw-data-text tw-text-large tw-ta\" dir=\"ltr\" tabindex=\"-1\" role=\"text\" data-placeholder=\"Traducci\u00f3\" data-ved=\"2ahUKEwju5Nq-t6eTAxUqZ0EAHa5rI34Q3ewLegQIDBAW\" aria-label=\"Text tradu\u00eft: Caracter\u00edsticas T\u00e9cnicas Dimensiones: Tiene un tama\u00f1o compacto de 50 x 70 mm, ideal para ser visible sin ocupar demasiado espacio. Material: Suelen estar fabricadas en materiales met\u00e1licos (como aluminio o lat\u00f3n) o pl\u00e1sticos grabados de alta resistencia (tipo bicapa), a menudo con acabados en n\u00edquel satinado o plata para mayor durabilidad. Grabado: El texto &quot;LIMPIEZA PORTER\u00cdA&quot; est\u00e1 grabado directamente en la superficie, lo que garantiza que no se borre con el uso o la limpieza. Accesorios: Incluye una cadena que permite colgarla y descolgarla f\u00e1cilmente de pomos, clavos o ganchos.\"><span class=\"Y2IQFc\" lang=\"es\"> Accesorios: Incluye una cadena que permite colgarla y descolgarla f\u00e1cilmente de <a href=\"https:\/\/ferreteriajulia.com\/tienda\/?s=pomo+puerta+70&amp;post_type=product\">pomos<\/a>\u00a0o ganchos.<\/span><\/p>\n<p dir=\"ltr\" tabindex=\"-1\" role=\"text\" data-placeholder=\"Traducci\u00f3\" data-ved=\"2ahUKEwju5Nq-t6eTAxUqZ0EAHa5rI34Q3ewLegQIDBAW\" aria-label=\"Text tradu\u00eft: Caracter\u00edsticas T\u00e9cnicas Dimensiones: Tiene un tama\u00f1o compacto de 50 x 70 mm, ideal para ser visible sin ocupar demasiado espacio. Material: Suelen estar fabricadas en materiales met\u00e1licos (como aluminio o lat\u00f3n) o pl\u00e1sticos grabados de alta resistencia (tipo bicapa), a menudo con acabados en n\u00edquel satinado o plata para mayor durabilidad. Grabado: El texto &quot;LIMPIEZA PORTER\u00cdA&quot; est\u00e1 grabado directamente en la superficie, lo que garantiza que no se borre con el uso o la limpieza. Accesorios: Incluye una cadena que permite colgarla y descolgarla f\u00e1cilmente de pomos, clavos o ganchos.\">Tambi\u00e9n tenemos con texto \u00ablimpieza porter\u00eda\u00bb<\/p>\n<blockquote class=\"wp-embedded-content\" data-secret=\"CSQdmTsAUI\"><p><a href=\"https:\/\/ferreteriajulia.com\/tienda\/producto\/placa-limpieza-porteria-50x70mm-con-cadena\/\">placa LIMPIEZA PORTER\u00cdA 50x70mm con cadena<\/a><\/p><\/blockquote>\n<p><iframe loading=\"lazy\" class=\"wp-embedded-content\" sandbox=\"allow-scripts\" security=\"restricted\" style=\"position: absolute; visibility: hidden;\" title=\"\u00abplaca LIMPIEZA PORTER\u00cdA 50x70mm con cadena\u00bb \u2014 Ferreter\u00eda Juli\u00e0\" src=\"https:\/\/ferreteriajulia.com\/tienda\/producto\/placa-limpieza-porteria-50x70mm-con-cadena\/embed\/#?secret=aomgErUELn#?secret=CSQdmTsAUI\" data-secret=\"CSQdmTsAUI\" width=\"600\" height=\"338\" frameborder=\"0\" marginwidth=\"0\" marginheight=\"0\" scrolling=\"no\"><\/iframe><\/p>\n","protected":false},"excerpt":{"rendered":"<p>placa LIMPIEZA ESCALERA 50x70mm con cadena de 30cm<\/p>\n","protected":false},"featured_media":22805,"template":"","meta":{"_monsterinsights_skip_tracking":false,"_monsterinsights_sitenote_active":false,"_monsterinsights_sitenote_note":"","_monsterinsights_sitenote_category":0},"product_brand":[],"product_cat":[683],"product_tag":[],"class_list":{"0":"post-10550","1":"product","2":"type-product","3":"status-publish","4":"has-post-thumbnail","6":"product_cat-senalizacion-grabada","8":"first","9":"instock","10":"taxable","11":"shipping-taxable","12":"purchasable","13":"product-type-simple"},"yoast_head":"<!-- This site is optimized with the Yoast SEO plugin v27.4 - https:\/\/yoast.com\/product\/yoast-seo-wordpress\/ -->\n<title>placa LIMPIEZA ESCALERA 50x70mm con cadena - Ferreter\u00eda Juli\u00e0<\/title>\n<meta name=\"description\" content=\"placa LIMPIEZA ESCALERA 50x70mm con cadena - Ferreter\u00eda Juli\u00e0 - Ferreter\u00eda en Barcelona - 933 59 84 12 - info@ferreteriajulia.com - Gran variedad de productos\" \/>\n<meta name=\"robots\" content=\"index, follow, max-snippet:-1, max-image-preview:large, max-video-preview:-1\" \/>\n<link rel=\"canonical\" href=\"https:\/\/ferreteriajulia.com\/tienda\/producto\/placa-limpieza-escalera-50x70mm-con-cadena\/\" \/>\n<meta property=\"og:locale\" content=\"es_ES\" \/>\n<meta property=\"og:type\" content=\"article\" \/>\n<meta property=\"og:title\" content=\"placa LIMPIEZA ESCALERA 50x70mm con cadena - Ferreter\u00eda Juli\u00e0\" \/>\n<meta property=\"og:description\" content=\"placa LIMPIEZA ESCALERA 50x70mm con cadena - Ferreter\u00eda Juli\u00e0 - Ferreter\u00eda en Barcelona - 933 59 84 12 - info@ferreteriajulia.com - Gran variedad de productos\" \/>\n<meta property=\"og:url\" content=\"https:\/\/ferreteriajulia.com\/tienda\/producto\/placa-limpieza-escalera-50x70mm-con-cadena\/\" \/>\n<meta property=\"og:site_name\" content=\"Ferreter\u00eda Juli\u00e0\" \/>\n<meta property=\"article:modified_time\" content=\"2026-03-18T08:37:10+00:00\" \/>\n<meta property=\"og:image\" content=\"https:\/\/ferreteriajulia.com\/tienda\/wp-content\/uploads\/2018\/07\/placa-con-cadeneta-limpieza-escalera.png\" \/>\n\t<meta property=\"og:image:width\" content=\"1020\" \/>\n\t<meta property=\"og:image:height\" content=\"896\" \/>\n\t<meta property=\"og:image:type\" content=\"image\/png\" \/>\n<meta name=\"twitter:card\" content=\"summary_large_image\" \/>\n<meta name=\"twitter:label1\" content=\"Tiempo de lectura\" \/>\n\t<meta name=\"twitter:data1\" content=\"1 minuto\" \/>\n<script type=\"application\/ld+json\" class=\"yoast-schema-graph\">{\"@context\":\"https:\\\/\\\/schema.org\",\"@graph\":[{\"@type\":\"WebPage\",\"@id\":\"https:\\\/\\\/ferreteriajulia.com\\\/tienda\\\/producto\\\/placa-limpieza-escalera-50x70mm-con-cadena\\\/\",\"url\":\"https:\\\/\\\/ferreteriajulia.com\\\/tienda\\\/producto\\\/placa-limpieza-escalera-50x70mm-con-cadena\\\/\",\"name\":\"placa LIMPIEZA ESCALERA 50x70mm con cadena - Ferreter\u00eda Juli\u00e0\",\"isPartOf\":{\"@id\":\"http:\\\/\\\/ferreteriajulia.com\\\/tienda\\\/#website\"},\"primaryImageOfPage\":{\"@id\":\"https:\\\/\\\/ferreteriajulia.com\\\/tienda\\\/producto\\\/placa-limpieza-escalera-50x70mm-con-cadena\\\/#primaryimage\"},\"image\":{\"@id\":\"https:\\\/\\\/ferreteriajulia.com\\\/tienda\\\/producto\\\/placa-limpieza-escalera-50x70mm-con-cadena\\\/#primaryimage\"},\"thumbnailUrl\":\"https:\\\/\\\/ferreteriajulia.com\\\/tienda\\\/wp-content\\\/uploads\\\/2018\\\/07\\\/placa-con-cadeneta-limpieza-escalera.png\",\"datePublished\":\"2018-07-12T14:24:40+00:00\",\"dateModified\":\"2026-03-18T08:37:10+00:00\",\"description\":\"placa LIMPIEZA ESCALERA 50x70mm con cadena - Ferreter\u00eda Juli\u00e0 - Ferreter\u00eda en Barcelona - 933 59 84 12 - info@ferreteriajulia.com - Gran variedad de productos\",\"breadcrumb\":{\"@id\":\"https:\\\/\\\/ferreteriajulia.com\\\/tienda\\\/producto\\\/placa-limpieza-escalera-50x70mm-con-cadena\\\/#breadcrumb\"},\"inLanguage\":\"es\",\"potentialAction\":[{\"@type\":\"ReadAction\",\"target\":[\"https:\\\/\\\/ferreteriajulia.com\\\/tienda\\\/producto\\\/placa-limpieza-escalera-50x70mm-con-cadena\\\/\"]}]},{\"@type\":\"ImageObject\",\"inLanguage\":\"es\",\"@id\":\"https:\\\/\\\/ferreteriajulia.com\\\/tienda\\\/producto\\\/placa-limpieza-escalera-50x70mm-con-cadena\\\/#primaryimage\",\"url\":\"https:\\\/\\\/ferreteriajulia.com\\\/tienda\\\/wp-content\\\/uploads\\\/2018\\\/07\\\/placa-con-cadeneta-limpieza-escalera.png\",\"contentUrl\":\"https:\\\/\\\/ferreteriajulia.com\\\/tienda\\\/wp-content\\\/uploads\\\/2018\\\/07\\\/placa-con-cadeneta-limpieza-escalera.png\",\"width\":1020,\"height\":896},{\"@type\":\"BreadcrumbList\",\"@id\":\"https:\\\/\\\/ferreteriajulia.com\\\/tienda\\\/producto\\\/placa-limpieza-escalera-50x70mm-con-cadena\\\/#breadcrumb\",\"itemListElement\":[{\"@type\":\"ListItem\",\"position\":1,\"name\":\"Portada\",\"item\":\"http:\\\/\\\/ferreteriajulia.com\\\/tienda\\\/\"},{\"@type\":\"ListItem\",\"position\":2,\"name\":\"Tienda online\",\"item\":\"http:\\\/\\\/ferreteriajulia.com\\\/tienda\\\/shop\\\/\"},{\"@type\":\"ListItem\",\"position\":3,\"name\":\"placa LIMPIEZA ESCALERA 50x70mm con cadena\"}]},{\"@type\":\"WebSite\",\"@id\":\"http:\\\/\\\/ferreteriajulia.com\\\/tienda\\\/#website\",\"url\":\"http:\\\/\\\/ferreteriajulia.com\\\/tienda\\\/\",\"name\":\"Ferreter\u00eda Juli\u00e0\",\"description\":\"Ferreter\u00eda generalista, material para intalaciones y reparaciones.\",\"publisher\":{\"@id\":\"http:\\\/\\\/ferreteriajulia.com\\\/tienda\\\/#organization\"},\"potentialAction\":[{\"@type\":\"SearchAction\",\"target\":{\"@type\":\"EntryPoint\",\"urlTemplate\":\"http:\\\/\\\/ferreteriajulia.com\\\/tienda\\\/?s={search_term_string}\"},\"query-input\":{\"@type\":\"PropertyValueSpecification\",\"valueRequired\":true,\"valueName\":\"search_term_string\"}}],\"inLanguage\":\"es\"},{\"@type\":\"Organization\",\"@id\":\"http:\\\/\\\/ferreteriajulia.com\\\/tienda\\\/#organization\",\"name\":\"Ferreter\u00eda Juli\u00e0\",\"url\":\"http:\\\/\\\/ferreteriajulia.com\\\/tienda\\\/\",\"logo\":{\"@type\":\"ImageObject\",\"inLanguage\":\"es\",\"@id\":\"http:\\\/\\\/ferreteriajulia.com\\\/tienda\\\/#\\\/schema\\\/logo\\\/image\\\/\",\"url\":\"https:\\\/\\\/ferreteriajulia.com\\\/tienda\\\/wp-content\\\/uploads\\\/2023\\\/04\\\/LOGO_Ferreteria_Julia_HD-e1680625558319.png\",\"contentUrl\":\"https:\\\/\\\/ferreteriajulia.com\\\/tienda\\\/wp-content\\\/uploads\\\/2023\\\/04\\\/LOGO_Ferreteria_Julia_HD-e1680625558319.png\",\"width\":240,\"height\":89,\"caption\":\"Ferreter\u00eda Juli\u00e0\"},\"image\":{\"@id\":\"http:\\\/\\\/ferreteriajulia.com\\\/tienda\\\/#\\\/schema\\\/logo\\\/image\\\/\"}}]}<\/script>\n<!-- \/ Yoast SEO plugin. -->","yoast_head_json":{"title":"placa LIMPIEZA ESCALERA 50x70mm con cadena - Ferreter\u00eda Juli\u00e0","description":"placa LIMPIEZA ESCALERA 50x70mm con cadena - Ferreter\u00eda Juli\u00e0 - Ferreter\u00eda en Barcelona - 933 59 84 12 - info@ferreteriajulia.com - Gran variedad de productos","robots":{"index":"index","follow":"follow","max-snippet":"max-snippet:-1","max-image-preview":"max-image-preview:large","max-video-preview":"max-video-preview:-1"},"canonical":"https:\/\/ferreteriajulia.com\/tienda\/producto\/placa-limpieza-escalera-50x70mm-con-cadena\/","og_locale":"es_ES","og_type":"article","og_title":"placa LIMPIEZA ESCALERA 50x70mm con cadena - Ferreter\u00eda Juli\u00e0","og_description":"placa LIMPIEZA ESCALERA 50x70mm con cadena - Ferreter\u00eda Juli\u00e0 - Ferreter\u00eda en Barcelona - 933 59 84 12 - info@ferreteriajulia.com - Gran variedad de productos","og_url":"https:\/\/ferreteriajulia.com\/tienda\/producto\/placa-limpieza-escalera-50x70mm-con-cadena\/","og_site_name":"Ferreter\u00eda Juli\u00e0","article_modified_time":"2026-03-18T08:37:10+00:00","og_image":[{"width":1020,"height":896,"url":"https:\/\/ferreteriajulia.com\/tienda\/wp-content\/uploads\/2018\/07\/placa-con-cadeneta-limpieza-escalera.png","type":"image\/png"}],"twitter_card":"summary_large_image","twitter_misc":{"Tiempo de lectura":"1 minuto"},"schema":{"@context":"https:\/\/schema.org","@graph":[{"@type":"WebPage","@id":"https:\/\/ferreteriajulia.com\/tienda\/producto\/placa-limpieza-escalera-50x70mm-con-cadena\/","url":"https:\/\/ferreteriajulia.com\/tienda\/producto\/placa-limpieza-escalera-50x70mm-con-cadena\/","name":"placa LIMPIEZA ESCALERA 50x70mm con cadena - Ferreter\u00eda Juli\u00e0","isPartOf":{"@id":"http:\/\/ferreteriajulia.com\/tienda\/#website"},"primaryImageOfPage":{"@id":"https:\/\/ferreteriajulia.com\/tienda\/producto\/placa-limpieza-escalera-50x70mm-con-cadena\/#primaryimage"},"image":{"@id":"https:\/\/ferreteriajulia.com\/tienda\/producto\/placa-limpieza-escalera-50x70mm-con-cadena\/#primaryimage"},"thumbnailUrl":"https:\/\/ferreteriajulia.com\/tienda\/wp-content\/uploads\/2018\/07\/placa-con-cadeneta-limpieza-escalera.png","datePublished":"2018-07-12T14:24:40+00:00","dateModified":"2026-03-18T08:37:10+00:00","description":"placa LIMPIEZA ESCALERA 50x70mm con cadena - Ferreter\u00eda Juli\u00e0 - Ferreter\u00eda en Barcelona - 933 59 84 12 - info@ferreteriajulia.com - Gran variedad de productos","breadcrumb":{"@id":"https:\/\/ferreteriajulia.com\/tienda\/producto\/placa-limpieza-escalera-50x70mm-con-cadena\/#breadcrumb"},"inLanguage":"es","potentialAction":[{"@type":"ReadAction","target":["https:\/\/ferreteriajulia.com\/tienda\/producto\/placa-limpieza-escalera-50x70mm-con-cadena\/"]}]},{"@type":"ImageObject","inLanguage":"es","@id":"https:\/\/ferreteriajulia.com\/tienda\/producto\/placa-limpieza-escalera-50x70mm-con-cadena\/#primaryimage","url":"https:\/\/ferreteriajulia.com\/tienda\/wp-content\/uploads\/2018\/07\/placa-con-cadeneta-limpieza-escalera.png","contentUrl":"https:\/\/ferreteriajulia.com\/tienda\/wp-content\/uploads\/2018\/07\/placa-con-cadeneta-limpieza-escalera.png","width":1020,"height":896},{"@type":"BreadcrumbList","@id":"https:\/\/ferreteriajulia.com\/tienda\/producto\/placa-limpieza-escalera-50x70mm-con-cadena\/#breadcrumb","itemListElement":[{"@type":"ListItem","position":1,"name":"Portada","item":"http:\/\/ferreteriajulia.com\/tienda\/"},{"@type":"ListItem","position":2,"name":"Tienda online","item":"http:\/\/ferreteriajulia.com\/tienda\/shop\/"},{"@type":"ListItem","position":3,"name":"placa LIMPIEZA ESCALERA 50x70mm con cadena"}]},{"@type":"WebSite","@id":"http:\/\/ferreteriajulia.com\/tienda\/#website","url":"http:\/\/ferreteriajulia.com\/tienda\/","name":"Ferreter\u00eda Juli\u00e0","description":"Ferreter\u00eda generalista, material para intalaciones y reparaciones.","publisher":{"@id":"http:\/\/ferreteriajulia.com\/tienda\/#organization"},"potentialAction":[{"@type":"SearchAction","target":{"@type":"EntryPoint","urlTemplate":"http:\/\/ferreteriajulia.com\/tienda\/?s={search_term_string}"},"query-input":{"@type":"PropertyValueSpecification","valueRequired":true,"valueName":"search_term_string"}}],"inLanguage":"es"},{"@type":"Organization","@id":"http:\/\/ferreteriajulia.com\/tienda\/#organization","name":"Ferreter\u00eda Juli\u00e0","url":"http:\/\/ferreteriajulia.com\/tienda\/","logo":{"@type":"ImageObject","inLanguage":"es","@id":"http:\/\/ferreteriajulia.com\/tienda\/#\/schema\/logo\/image\/","url":"https:\/\/ferreteriajulia.com\/tienda\/wp-content\/uploads\/2023\/04\/LOGO_Ferreteria_Julia_HD-e1680625558319.png","contentUrl":"https:\/\/ferreteriajulia.com\/tienda\/wp-content\/uploads\/2023\/04\/LOGO_Ferreteria_Julia_HD-e1680625558319.png","width":240,"height":89,"caption":"Ferreter\u00eda Juli\u00e0"},"image":{"@id":"http:\/\/ferreteriajulia.com\/tienda\/#\/schema\/logo\/image\/"}}]}},"_links":{"self":[{"href":"https:\/\/ferreteriajulia.com\/tienda\/wp-json\/wp\/v2\/product\/10550","targetHints":{"allow":["GET"]}}],"collection":[{"href":"https:\/\/ferreteriajulia.com\/tienda\/wp-json\/wp\/v2\/product"}],"about":[{"href":"https:\/\/ferreteriajulia.com\/tienda\/wp-json\/wp\/v2\/types\/product"}],"wp:featuredmedia":[{"embeddable":true,"href":"https:\/\/ferreteriajulia.com\/tienda\/wp-json\/wp\/v2\/media\/22805"}],"wp:attachment":[{"href":"https:\/\/ferreteriajulia.com\/tienda\/wp-json\/wp\/v2\/media?parent=10550"}],"wp:term":[{"taxonomy":"product_brand","embeddable":true,"href":"https:\/\/ferreteriajulia.com\/tienda\/wp-json\/wp\/v2\/product_brand?post=10550"},{"taxonomy":"product_cat","embeddable":true,"href":"https:\/\/ferreteriajulia.com\/tienda\/wp-json\/wp\/v2\/product_cat?post=10550"},{"taxonomy":"product_tag","embeddable":true,"href":"https:\/\/ferreteriajulia.com\/tienda\/wp-json\/wp\/v2\/product_tag?post=10550"}],"curies":[{"name":"wp","href":"https:\/\/api.w.org\/{rel}","templated":true}]}}