{"id":10669,"date":"2018-09-19T07:53:25","date_gmt":"2018-09-19T05:53:25","guid":{"rendered":"http:\/\/ferreteriajulia.com\/tienda\/?post_type=product&#038;p=10669"},"modified":"2026-03-13T14:42:17","modified_gmt":"2026-03-13T13:42:17","slug":"casquillo-taco-quimico-fischer-12x85","status":"publish","type":"product","link":"https:\/\/ferreteriajulia.com\/tienda\/producto\/casquillo-taco-quimico-fischer-12x85\/","title":{"rendered":"casquillo taco qu\u00edmico FISCHER 12&#215;85"},"content":{"rendered":"<p>casquillo taco qu\u00edmico FISCHER 12&#215;85<br \/>\nespecial para paredes huecas.<br \/>\npara varilla M6 &#8211; M8<\/p>\n<h3 id=\"tw-target-text\" class=\"tw-data-text tw-text-large tw-ta\" dir=\"ltr\" tabindex=\"-1\" role=\"text\" data-placeholder=\"Traducci\u00f3\" data-ved=\"2ahUKEwjCqr6V15yTAxUHNvsDHYv9KxAQ3ewLegQIDBAW\" aria-label=\"Text tradu\u00eft: Caracter\u00edsticas t\u00e9cnicas Dimensiones: Di\u00e1metro de 20 mm y longitud de 85 mm. Material: Fabricado en pl\u00e1stico (polipropileno\/nylon) de alta resistencia. Estructura de rejilla: Optimiza el consumo de resina y permite que \u00e9sta salga de forma controlada para crear el &quot;tap\u00f3n&quot; que sujeta el anclaje. Aletas de centrado: Permiten utilizar varillas roscadas de diferentes di\u00e1metros (normalmente M12 a M16) manteni\u00e9ndolas centradas. Gancho de p\u00faas: Facilita la instalaci\u00f3n en techos o superficies elevadas, evitando que el casquillo caiga antes de inyectar la resina.\"><span class=\"Y2IQFc\" lang=\"es\">Caracter\u00edsticas t\u00e9cnicas casquillo taco qu\u00edmico FISCHER 12&#215;85:<\/span><\/h3>\n<p class=\"tw-data-text tw-text-large tw-ta\" dir=\"ltr\" tabindex=\"-1\" role=\"text\" data-placeholder=\"Traducci\u00f3\" data-ved=\"2ahUKEwjCqr6V15yTAxUHNvsDHYv9KxAQ3ewLegQIDBAW\" aria-label=\"Text tradu\u00eft: Caracter\u00edsticas t\u00e9cnicas Dimensiones: Di\u00e1metro de 20 mm y longitud de 85 mm. Material: Fabricado en pl\u00e1stico (polipropileno\/nylon) de alta resistencia. Estructura de rejilla: Optimiza el consumo de resina y permite que \u00e9sta salga de forma controlada para crear el &quot;tap\u00f3n&quot; que sujeta el anclaje. Aletas de centrado: Permiten utilizar varillas roscadas de diferentes di\u00e1metros (normalmente M12 a M16) manteni\u00e9ndolas centradas. Gancho de p\u00faas: Facilita la instalaci\u00f3n en techos o superficies elevadas, evitando que el casquillo caiga antes de inyectar la resina.\"><span class=\"Y2IQFc\" lang=\"es\">Dimensiones: Di\u00e1metro de 12mm y longitud de 85 mm. <\/span><\/p>\n<p class=\"tw-data-text tw-text-large tw-ta\" dir=\"ltr\" tabindex=\"-1\" role=\"text\" data-placeholder=\"Traducci\u00f3\" data-ved=\"2ahUKEwjCqr6V15yTAxUHNvsDHYv9KxAQ3ewLegQIDBAW\" aria-label=\"Text tradu\u00eft: Caracter\u00edsticas t\u00e9cnicas Dimensiones: Di\u00e1metro de 20 mm y longitud de 85 mm. Material: Fabricado en pl\u00e1stico (polipropileno\/nylon) de alta resistencia. Estructura de rejilla: Optimiza el consumo de resina y permite que \u00e9sta salga de forma controlada para crear el &quot;tap\u00f3n&quot; que sujeta el anclaje. Aletas de centrado: Permiten utilizar varillas roscadas de diferentes di\u00e1metros (normalmente M12 a M16) manteni\u00e9ndolas centradas. Gancho de p\u00faas: Facilita la instalaci\u00f3n en techos o superficies elevadas, evitando que el casquillo caiga antes de inyectar la resina.\"><span class=\"Y2IQFc\" lang=\"es\">Material: Fabricado en pl\u00e1stico (polipropileno\/nylon) de alta resistencia. <\/span><\/p>\n<p class=\"tw-data-text tw-text-large tw-ta\" dir=\"ltr\" tabindex=\"-1\" role=\"text\" data-placeholder=\"Traducci\u00f3\" data-ved=\"2ahUKEwjCqr6V15yTAxUHNvsDHYv9KxAQ3ewLegQIDBAW\" aria-label=\"Text tradu\u00eft: Caracter\u00edsticas t\u00e9cnicas Dimensiones: Di\u00e1metro de 20 mm y longitud de 85 mm. Material: Fabricado en pl\u00e1stico (polipropileno\/nylon) de alta resistencia. Estructura de rejilla: Optimiza el consumo de resina y permite que \u00e9sta salga de forma controlada para crear el &quot;tap\u00f3n&quot; que sujeta el anclaje. Aletas de centrado: Permiten utilizar varillas roscadas de diferentes di\u00e1metros (normalmente M12 a M16) manteni\u00e9ndolas centradas. Gancho de p\u00faas: Facilita la instalaci\u00f3n en techos o superficies elevadas, evitando que el casquillo caiga antes de inyectar la resina.\"><span class=\"Y2IQFc\" lang=\"es\">Estructura de rejilla: Optimiza el consumo de resina y permite que \u00e9sta salga de forma controlada para crear el \u00abtap\u00f3n\u00bb que sujeta el anclaje. <\/span><\/p>\n<p class=\"tw-data-text tw-text-large tw-ta\" dir=\"ltr\" tabindex=\"-1\" role=\"text\" data-placeholder=\"Traducci\u00f3\" data-ved=\"2ahUKEwjCqr6V15yTAxUHNvsDHYv9KxAQ3ewLegQIDBAW\" aria-label=\"Text tradu\u00eft: Caracter\u00edsticas t\u00e9cnicas Dimensiones: Di\u00e1metro de 20 mm y longitud de 85 mm. Material: Fabricado en pl\u00e1stico (polipropileno\/nylon) de alta resistencia. Estructura de rejilla: Optimiza el consumo de resina y permite que \u00e9sta salga de forma controlada para crear el &quot;tap\u00f3n&quot; que sujeta el anclaje. Aletas de centrado: Permiten utilizar varillas roscadas de diferentes di\u00e1metros (normalmente M12 a M16) manteni\u00e9ndolas centradas. Gancho de p\u00faas: Facilita la instalaci\u00f3n en techos o superficies elevadas, evitando que el casquillo caiga antes de inyectar la resina.\"><span class=\"Y2IQFc\" lang=\"es\">Aletas de centrado: Permiten utilizar varillas roscadas de diferentes di\u00e1metros (normalmente M6-M8) manteni\u00e9ndolas centradas. <\/span><\/p>\n<p class=\"tw-data-text tw-text-large tw-ta\" dir=\"ltr\" tabindex=\"-1\" role=\"text\" data-placeholder=\"Traducci\u00f3\" data-ved=\"2ahUKEwjCqr6V15yTAxUHNvsDHYv9KxAQ3ewLegQIDBAW\" aria-label=\"Text tradu\u00eft: Caracter\u00edsticas t\u00e9cnicas Dimensiones: Di\u00e1metro de 20 mm y longitud de 85 mm. Material: Fabricado en pl\u00e1stico (polipropileno\/nylon) de alta resistencia. Estructura de rejilla: Optimiza el consumo de resina y permite que \u00e9sta salga de forma controlada para crear el &quot;tap\u00f3n&quot; que sujeta el anclaje. Aletas de centrado: Permiten utilizar varillas roscadas de diferentes di\u00e1metros (normalmente M12 a M16) manteni\u00e9ndolas centradas. Gancho de p\u00faas: Facilita la instalaci\u00f3n en techos o superficies elevadas, evitando que el casquillo caiga antes de inyectar la resina.\"><span class=\"Y2IQFc\" lang=\"es\">Gancho de p\u00faas: Facilita la instalaci\u00f3n en techos o superficies elevadas, evitando que el casquillo caiga antes de inyectar la resina.<\/span><\/p>\n<h3 id=\"tw-target-text\" class=\"tw-data-text tw-text-large tw-ta\" dir=\"ltr\" tabindex=\"-1\" role=\"text\" data-placeholder=\"Traducci\u00f3\" data-ved=\"2ahUKEwjCqr6V15yTAxUHNvsDHYv9KxAQ3ewLegQIDBAW\" aria-label=\"Text tradu\u00eft: Aplicaciones e instalaci\u00f3n Est\u00e1 dise\u00f1ado espec\u00edficamente para ladrillo perforado, bloques de hormig\u00f3n huecos y piedra p\u00f3mez. Para una correcta instalaci\u00f3n seg\u00fan los datos de Fischer International: Perforaci\u00f3n: Es necesario realizar un agujero de 20 mm de di\u00e1metro con una profundidad m\u00ednima de 95 mm. Limpieza: Es fundamental limpiar el agujero de polvo antes de insertar el tamiz. Inyecci\u00f3n: Se llena el casquillo con mortero de inyecci\u00f3n (como el FIS V Plus) desde el fondo hacia el exterior. Inserci\u00f3n: Se introduce la varilla roscada gir\u00e1ndola ligeramente hasta que quede bien fijada.\"><span class=\"Y2IQFc\" lang=\"es\">Aplicaciones e instalaci\u00f3n:<\/span><\/h3>\n<p class=\"tw-data-text tw-text-large tw-ta\" dir=\"ltr\" tabindex=\"-1\" role=\"text\" data-placeholder=\"Traducci\u00f3\" data-ved=\"2ahUKEwjCqr6V15yTAxUHNvsDHYv9KxAQ3ewLegQIDBAW\" aria-label=\"Text tradu\u00eft: Aplicaciones e instalaci\u00f3n Est\u00e1 dise\u00f1ado espec\u00edficamente para ladrillo perforado, bloques de hormig\u00f3n huecos y piedra p\u00f3mez. Para una correcta instalaci\u00f3n seg\u00fan los datos de Fischer International: Perforaci\u00f3n: Es necesario realizar un agujero de 20 mm de di\u00e1metro con una profundidad m\u00ednima de 95 mm. Limpieza: Es fundamental limpiar el agujero de polvo antes de insertar el tamiz. Inyecci\u00f3n: Se llena el casquillo con mortero de inyecci\u00f3n (como el FIS V Plus) desde el fondo hacia el exterior. Inserci\u00f3n: Se introduce la varilla roscada gir\u00e1ndola ligeramente hasta que quede bien fijada.\"><span class=\"Y2IQFc\" lang=\"es\"> Est\u00e1 dise\u00f1ado espec\u00edficamente para ladrillo perforado, bloques de hormig\u00f3n huecos y piedra p\u00f3mez. <\/span><\/p>\n<p class=\"tw-data-text tw-text-large tw-ta\" dir=\"ltr\" tabindex=\"-1\" role=\"text\" data-placeholder=\"Traducci\u00f3\" data-ved=\"2ahUKEwjCqr6V15yTAxUHNvsDHYv9KxAQ3ewLegQIDBAW\" aria-label=\"Text tradu\u00eft: Aplicaciones e instalaci\u00f3n Est\u00e1 dise\u00f1ado espec\u00edficamente para ladrillo perforado, bloques de hormig\u00f3n huecos y piedra p\u00f3mez. Para una correcta instalaci\u00f3n seg\u00fan los datos de Fischer International: Perforaci\u00f3n: Es necesario realizar un agujero de 20 mm de di\u00e1metro con una profundidad m\u00ednima de 95 mm. Limpieza: Es fundamental limpiar el agujero de polvo antes de insertar el tamiz. Inyecci\u00f3n: Se llena el casquillo con mortero de inyecci\u00f3n (como el FIS V Plus) desde el fondo hacia el exterior. Inserci\u00f3n: Se introduce la varilla roscada gir\u00e1ndola ligeramente hasta que quede bien fijada.\"><span class=\"Y2IQFc\" lang=\"es\">Para una correcta instalaci\u00f3n seg\u00fan los datos de Fischer International: Perforaci\u00f3n: Es necesario realizar un agujero de 12 mm de di\u00e1metro con una profundidad m\u00ednima de 95 mm. <\/span><\/p>\n<p class=\"tw-data-text tw-text-large tw-ta\" dir=\"ltr\" tabindex=\"-1\" role=\"text\" data-placeholder=\"Traducci\u00f3\" data-ved=\"2ahUKEwjCqr6V15yTAxUHNvsDHYv9KxAQ3ewLegQIDBAW\" aria-label=\"Text tradu\u00eft: Aplicaciones e instalaci\u00f3n Est\u00e1 dise\u00f1ado espec\u00edficamente para ladrillo perforado, bloques de hormig\u00f3n huecos y piedra p\u00f3mez. Para una correcta instalaci\u00f3n seg\u00fan los datos de Fischer International: Perforaci\u00f3n: Es necesario realizar un agujero de 20 mm de di\u00e1metro con una profundidad m\u00ednima de 95 mm. Limpieza: Es fundamental limpiar el agujero de polvo antes de insertar el tamiz. Inyecci\u00f3n: Se llena el casquillo con mortero de inyecci\u00f3n (como el FIS V Plus) desde el fondo hacia el exterior. Inserci\u00f3n: Se introduce la varilla roscada gir\u00e1ndola ligeramente hasta que quede bien fijada.\"><span class=\"Y2IQFc\" lang=\"es\">Limpieza: Es fundamental limpiar el agujero de polvo antes de insertar el tamiz. <\/span><\/p>\n<p class=\"tw-data-text tw-text-large tw-ta\" dir=\"ltr\" tabindex=\"-1\" role=\"text\" data-placeholder=\"Traducci\u00f3\" data-ved=\"2ahUKEwjCqr6V15yTAxUHNvsDHYv9KxAQ3ewLegQIDBAW\" aria-label=\"Text tradu\u00eft: Aplicaciones e instalaci\u00f3n Est\u00e1 dise\u00f1ado espec\u00edficamente para ladrillo perforado, bloques de hormig\u00f3n huecos y piedra p\u00f3mez. Para una correcta instalaci\u00f3n seg\u00fan los datos de Fischer International: Perforaci\u00f3n: Es necesario realizar un agujero de 20 mm de di\u00e1metro con una profundidad m\u00ednima de 95 mm. Limpieza: Es fundamental limpiar el agujero de polvo antes de insertar el tamiz. Inyecci\u00f3n: Se llena el casquillo con mortero de inyecci\u00f3n (como el FIS V Plus) desde el fondo hacia el exterior. Inserci\u00f3n: Se introduce la varilla roscada gir\u00e1ndola ligeramente hasta que quede bien fijada.\"><span class=\"Y2IQFc\" lang=\"es\">Inyecci\u00f3n: Se llena el casquillo con mortero de inyecci\u00f3n (como el FIS V Plus) desde el fondo hacia el exterior. <\/span><\/p>\n<p class=\"tw-data-text tw-text-large tw-ta\" dir=\"ltr\" tabindex=\"-1\" role=\"text\" data-placeholder=\"Traducci\u00f3\" data-ved=\"2ahUKEwjCqr6V15yTAxUHNvsDHYv9KxAQ3ewLegQIDBAW\" aria-label=\"Text tradu\u00eft: Aplicaciones e instalaci\u00f3n Est\u00e1 dise\u00f1ado espec\u00edficamente para ladrillo perforado, bloques de hormig\u00f3n huecos y piedra p\u00f3mez. Para una correcta instalaci\u00f3n seg\u00fan los datos de Fischer International: Perforaci\u00f3n: Es necesario realizar un agujero de 20 mm de di\u00e1metro con una profundidad m\u00ednima de 95 mm. Limpieza: Es fundamental limpiar el agujero de polvo antes de insertar el tamiz. Inyecci\u00f3n: Se llena el casquillo con mortero de inyecci\u00f3n (como el FIS V Plus) desde el fondo hacia el exterior. Inserci\u00f3n: Se introduce la varilla roscada gir\u00e1ndola ligeramente hasta que quede bien fijada.\"><span class=\"Y2IQFc\" lang=\"es\">Inserci\u00f3n: Se introduce la varilla roscada gir\u00e1ndola ligeramente hasta que quede bien fijada.<\/span><\/p>\n<p id=\"tw-target-text\" class=\"tw-data-text tw-text-large tw-ta\" dir=\"ltr\" tabindex=\"-1\" role=\"text\" data-placeholder=\"Traducci\u00f3\" data-ved=\"2ahUKEwjCqr6V15yTAxUHNvsDHYv9KxAQ3ewLegQIDBAW\" aria-label=\"Text tradu\u00eft: Este sistema es ideal para fijar toldos, barandillas, consolas o tuber\u00edas en paramentos que no son s\u00f3lidos.\"><span class=\"Y2IQFc\" lang=\"es\">Este sistema es ideal para fijar toldos, barandillas, c\u00f3nsolas o tuber\u00edas en paramentos que no son mazizos o s\u00f3lidos.<\/span><\/p>\n<blockquote class=\"wp-embedded-content\" data-secret=\"o1tKWQxuqj\"><p><a href=\"https:\/\/ferreteriajulia.com\/tienda\/producto\/cartucho-taco-quimico-viniliester\/\">cartucho taco qu\u00edmico FISCHER FIS VS Plus 300 T<\/a><\/p><\/blockquote>\n<p><iframe loading=\"lazy\" class=\"wp-embedded-content\" sandbox=\"allow-scripts\" security=\"restricted\" style=\"position: absolute; visibility: hidden;\" title=\"\u00abcartucho taco qu\u00edmico FISCHER FIS VS Plus 300 T\u00bb \u2014 Ferreter\u00eda Juli\u00e0\" src=\"https:\/\/ferreteriajulia.com\/tienda\/producto\/cartucho-taco-quimico-viniliester\/embed\/#?secret=0e4nvOIW90#?secret=o1tKWQxuqj\" data-secret=\"o1tKWQxuqj\" width=\"600\" height=\"338\" frameborder=\"0\" marginwidth=\"0\" marginheight=\"0\" scrolling=\"no\"><\/iframe><\/p>\n<p>&nbsp;<\/p>\n","protected":false},"excerpt":{"rendered":"<p>casquillo taco qu\u00edmico FISCHER 12&#215;85<\/p>\n","protected":false},"featured_media":17899,"template":"","meta":{"_monsterinsights_skip_tracking":false,"_monsterinsights_sitenote_active":false,"_monsterinsights_sitenote_note":"","_monsterinsights_sitenote_category":0},"product_brand":[],"product_cat":[690],"product_tag":[],"class_list":{"0":"post-10669","1":"product","2":"type-product","3":"status-publish","4":"has-post-thumbnail","6":"product_cat-tacos","8":"first","9":"instock","10":"sale","11":"taxable","12":"shipping-taxable","13":"purchasable","14":"product-type-simple"},"yoast_head":"<!-- This site is optimized with the Yoast SEO plugin v27.4 - https:\/\/yoast.com\/product\/yoast-seo-wordpress\/ -->\n<title>casquillo taco qu\u00edmico FISCHER 12x85 - Ferreter\u00eda Juli\u00e0<\/title>\n<meta name=\"description\" content=\"casquillo taco qu\u00edmico FISCHER 12x85 - Ferreter\u00eda Juli\u00e0 - Ferreter\u00eda Barcelona - 933 59 84 12 - info@ferreteriajulia.com - Gran variedad de productos\" \/>\n<meta name=\"robots\" content=\"index, follow, max-snippet:-1, max-image-preview:large, max-video-preview:-1\" \/>\n<link rel=\"canonical\" href=\"https:\/\/ferreteriajulia.com\/tienda\/producto\/casquillo-taco-quimico-fischer-12x85\/\" \/>\n<meta property=\"og:locale\" content=\"es_ES\" \/>\n<meta property=\"og:type\" content=\"article\" \/>\n<meta property=\"og:title\" content=\"casquillo taco qu\u00edmico FISCHER 12x85 - Ferreter\u00eda Juli\u00e0\" \/>\n<meta property=\"og:description\" content=\"casquillo taco qu\u00edmico FISCHER 12x85 - Ferreter\u00eda Juli\u00e0 - Ferreter\u00eda Barcelona - 933 59 84 12 - info@ferreteriajulia.com - Gran variedad de productos\" \/>\n<meta property=\"og:url\" content=\"https:\/\/ferreteriajulia.com\/tienda\/producto\/casquillo-taco-quimico-fischer-12x85\/\" \/>\n<meta property=\"og:site_name\" content=\"Ferreter\u00eda Juli\u00e0\" \/>\n<meta property=\"article:modified_time\" content=\"2026-03-13T13:42:17+00:00\" \/>\n<meta property=\"og:image\" content=\"https:\/\/ferreteriajulia.com\/tienda\/wp-content\/uploads\/2021\/06\/casquillo-taco-quimico-fischer.png\" \/>\n\t<meta property=\"og:image:width\" content=\"462\" \/>\n\t<meta property=\"og:image:height\" content=\"468\" \/>\n\t<meta property=\"og:image:type\" content=\"image\/png\" \/>\n<meta name=\"twitter:card\" content=\"summary_large_image\" \/>\n<meta name=\"twitter:label1\" content=\"Tiempo de lectura\" \/>\n\t<meta name=\"twitter:data1\" content=\"2 minutos\" \/>\n<script type=\"application\/ld+json\" class=\"yoast-schema-graph\">{\"@context\":\"https:\\\/\\\/schema.org\",\"@graph\":[{\"@type\":\"WebPage\",\"@id\":\"https:\\\/\\\/ferreteriajulia.com\\\/tienda\\\/producto\\\/casquillo-taco-quimico-fischer-12x85\\\/\",\"url\":\"https:\\\/\\\/ferreteriajulia.com\\\/tienda\\\/producto\\\/casquillo-taco-quimico-fischer-12x85\\\/\",\"name\":\"casquillo taco qu\u00edmico FISCHER 12x85 - Ferreter\u00eda Juli\u00e0\",\"isPartOf\":{\"@id\":\"https:\\\/\\\/ferreteriajulia.com\\\/tienda\\\/#website\"},\"primaryImageOfPage\":{\"@id\":\"https:\\\/\\\/ferreteriajulia.com\\\/tienda\\\/producto\\\/casquillo-taco-quimico-fischer-12x85\\\/#primaryimage\"},\"image\":{\"@id\":\"https:\\\/\\\/ferreteriajulia.com\\\/tienda\\\/producto\\\/casquillo-taco-quimico-fischer-12x85\\\/#primaryimage\"},\"thumbnailUrl\":\"https:\\\/\\\/ferreteriajulia.com\\\/tienda\\\/wp-content\\\/uploads\\\/2021\\\/06\\\/casquillo-taco-quimico-fischer.png\",\"datePublished\":\"2018-09-19T05:53:25+00:00\",\"dateModified\":\"2026-03-13T13:42:17+00:00\",\"description\":\"casquillo taco qu\u00edmico FISCHER 12x85 - Ferreter\u00eda Juli\u00e0 - Ferreter\u00eda Barcelona - 933 59 84 12 - info@ferreteriajulia.com - Gran variedad de productos\",\"breadcrumb\":{\"@id\":\"https:\\\/\\\/ferreteriajulia.com\\\/tienda\\\/producto\\\/casquillo-taco-quimico-fischer-12x85\\\/#breadcrumb\"},\"inLanguage\":\"es\",\"potentialAction\":[{\"@type\":\"ReadAction\",\"target\":[\"https:\\\/\\\/ferreteriajulia.com\\\/tienda\\\/producto\\\/casquillo-taco-quimico-fischer-12x85\\\/\"]}]},{\"@type\":\"ImageObject\",\"inLanguage\":\"es\",\"@id\":\"https:\\\/\\\/ferreteriajulia.com\\\/tienda\\\/producto\\\/casquillo-taco-quimico-fischer-12x85\\\/#primaryimage\",\"url\":\"https:\\\/\\\/ferreteriajulia.com\\\/tienda\\\/wp-content\\\/uploads\\\/2021\\\/06\\\/casquillo-taco-quimico-fischer.png\",\"contentUrl\":\"https:\\\/\\\/ferreteriajulia.com\\\/tienda\\\/wp-content\\\/uploads\\\/2021\\\/06\\\/casquillo-taco-quimico-fischer.png\",\"width\":462,\"height\":468},{\"@type\":\"BreadcrumbList\",\"@id\":\"https:\\\/\\\/ferreteriajulia.com\\\/tienda\\\/producto\\\/casquillo-taco-quimico-fischer-12x85\\\/#breadcrumb\",\"itemListElement\":[{\"@type\":\"ListItem\",\"position\":1,\"name\":\"Portada\",\"item\":\"https:\\\/\\\/ferreteriajulia.com\\\/tienda\\\/\"},{\"@type\":\"ListItem\",\"position\":2,\"name\":\"Tienda online\",\"item\":\"https:\\\/\\\/ferreteriajulia.com\\\/tienda\\\/shop\\\/\"},{\"@type\":\"ListItem\",\"position\":3,\"name\":\"casquillo taco qu\u00edmico FISCHER 12&#215;85\"}]},{\"@type\":\"WebSite\",\"@id\":\"https:\\\/\\\/ferreteriajulia.com\\\/tienda\\\/#website\",\"url\":\"https:\\\/\\\/ferreteriajulia.com\\\/tienda\\\/\",\"name\":\"Ferreter\u00eda Juli\u00e0\",\"description\":\"Ferreter\u00eda generalista, material para intalaciones y reparaciones.\",\"publisher\":{\"@id\":\"https:\\\/\\\/ferreteriajulia.com\\\/tienda\\\/#organization\"},\"potentialAction\":[{\"@type\":\"SearchAction\",\"target\":{\"@type\":\"EntryPoint\",\"urlTemplate\":\"https:\\\/\\\/ferreteriajulia.com\\\/tienda\\\/?s={search_term_string}\"},\"query-input\":{\"@type\":\"PropertyValueSpecification\",\"valueRequired\":true,\"valueName\":\"search_term_string\"}}],\"inLanguage\":\"es\"},{\"@type\":\"Organization\",\"@id\":\"https:\\\/\\\/ferreteriajulia.com\\\/tienda\\\/#organization\",\"name\":\"Ferreter\u00eda Juli\u00e0\",\"url\":\"https:\\\/\\\/ferreteriajulia.com\\\/tienda\\\/\",\"logo\":{\"@type\":\"ImageObject\",\"inLanguage\":\"es\",\"@id\":\"https:\\\/\\\/ferreteriajulia.com\\\/tienda\\\/#\\\/schema\\\/logo\\\/image\\\/\",\"url\":\"https:\\\/\\\/ferreteriajulia.com\\\/tienda\\\/wp-content\\\/uploads\\\/2023\\\/04\\\/LOGO_Ferreteria_Julia_HD-e1680625558319.png\",\"contentUrl\":\"https:\\\/\\\/ferreteriajulia.com\\\/tienda\\\/wp-content\\\/uploads\\\/2023\\\/04\\\/LOGO_Ferreteria_Julia_HD-e1680625558319.png\",\"width\":240,\"height\":89,\"caption\":\"Ferreter\u00eda Juli\u00e0\"},\"image\":{\"@id\":\"https:\\\/\\\/ferreteriajulia.com\\\/tienda\\\/#\\\/schema\\\/logo\\\/image\\\/\"}}]}<\/script>\n<!-- \/ Yoast SEO plugin. -->","yoast_head_json":{"title":"casquillo taco qu\u00edmico FISCHER 12x85 - Ferreter\u00eda Juli\u00e0","description":"casquillo taco qu\u00edmico FISCHER 12x85 - Ferreter\u00eda Juli\u00e0 - Ferreter\u00eda Barcelona - 933 59 84 12 - info@ferreteriajulia.com - Gran variedad de productos","robots":{"index":"index","follow":"follow","max-snippet":"max-snippet:-1","max-image-preview":"max-image-preview:large","max-video-preview":"max-video-preview:-1"},"canonical":"https:\/\/ferreteriajulia.com\/tienda\/producto\/casquillo-taco-quimico-fischer-12x85\/","og_locale":"es_ES","og_type":"article","og_title":"casquillo taco qu\u00edmico FISCHER 12x85 - Ferreter\u00eda Juli\u00e0","og_description":"casquillo taco qu\u00edmico FISCHER 12x85 - Ferreter\u00eda Juli\u00e0 - Ferreter\u00eda Barcelona - 933 59 84 12 - info@ferreteriajulia.com - Gran variedad de productos","og_url":"https:\/\/ferreteriajulia.com\/tienda\/producto\/casquillo-taco-quimico-fischer-12x85\/","og_site_name":"Ferreter\u00eda Juli\u00e0","article_modified_time":"2026-03-13T13:42:17+00:00","og_image":[{"width":462,"height":468,"url":"https:\/\/ferreteriajulia.com\/tienda\/wp-content\/uploads\/2021\/06\/casquillo-taco-quimico-fischer.png","type":"image\/png"}],"twitter_card":"summary_large_image","twitter_misc":{"Tiempo de lectura":"2 minutos"},"schema":{"@context":"https:\/\/schema.org","@graph":[{"@type":"WebPage","@id":"https:\/\/ferreteriajulia.com\/tienda\/producto\/casquillo-taco-quimico-fischer-12x85\/","url":"https:\/\/ferreteriajulia.com\/tienda\/producto\/casquillo-taco-quimico-fischer-12x85\/","name":"casquillo taco qu\u00edmico FISCHER 12x85 - Ferreter\u00eda Juli\u00e0","isPartOf":{"@id":"https:\/\/ferreteriajulia.com\/tienda\/#website"},"primaryImageOfPage":{"@id":"https:\/\/ferreteriajulia.com\/tienda\/producto\/casquillo-taco-quimico-fischer-12x85\/#primaryimage"},"image":{"@id":"https:\/\/ferreteriajulia.com\/tienda\/producto\/casquillo-taco-quimico-fischer-12x85\/#primaryimage"},"thumbnailUrl":"https:\/\/ferreteriajulia.com\/tienda\/wp-content\/uploads\/2021\/06\/casquillo-taco-quimico-fischer.png","datePublished":"2018-09-19T05:53:25+00:00","dateModified":"2026-03-13T13:42:17+00:00","description":"casquillo taco qu\u00edmico FISCHER 12x85 - Ferreter\u00eda Juli\u00e0 - Ferreter\u00eda Barcelona - 933 59 84 12 - info@ferreteriajulia.com - Gran variedad de productos","breadcrumb":{"@id":"https:\/\/ferreteriajulia.com\/tienda\/producto\/casquillo-taco-quimico-fischer-12x85\/#breadcrumb"},"inLanguage":"es","potentialAction":[{"@type":"ReadAction","target":["https:\/\/ferreteriajulia.com\/tienda\/producto\/casquillo-taco-quimico-fischer-12x85\/"]}]},{"@type":"ImageObject","inLanguage":"es","@id":"https:\/\/ferreteriajulia.com\/tienda\/producto\/casquillo-taco-quimico-fischer-12x85\/#primaryimage","url":"https:\/\/ferreteriajulia.com\/tienda\/wp-content\/uploads\/2021\/06\/casquillo-taco-quimico-fischer.png","contentUrl":"https:\/\/ferreteriajulia.com\/tienda\/wp-content\/uploads\/2021\/06\/casquillo-taco-quimico-fischer.png","width":462,"height":468},{"@type":"BreadcrumbList","@id":"https:\/\/ferreteriajulia.com\/tienda\/producto\/casquillo-taco-quimico-fischer-12x85\/#breadcrumb","itemListElement":[{"@type":"ListItem","position":1,"name":"Portada","item":"https:\/\/ferreteriajulia.com\/tienda\/"},{"@type":"ListItem","position":2,"name":"Tienda online","item":"https:\/\/ferreteriajulia.com\/tienda\/shop\/"},{"@type":"ListItem","position":3,"name":"casquillo taco qu\u00edmico FISCHER 12&#215;85"}]},{"@type":"WebSite","@id":"https:\/\/ferreteriajulia.com\/tienda\/#website","url":"https:\/\/ferreteriajulia.com\/tienda\/","name":"Ferreter\u00eda Juli\u00e0","description":"Ferreter\u00eda generalista, material para intalaciones y reparaciones.","publisher":{"@id":"https:\/\/ferreteriajulia.com\/tienda\/#organization"},"potentialAction":[{"@type":"SearchAction","target":{"@type":"EntryPoint","urlTemplate":"https:\/\/ferreteriajulia.com\/tienda\/?s={search_term_string}"},"query-input":{"@type":"PropertyValueSpecification","valueRequired":true,"valueName":"search_term_string"}}],"inLanguage":"es"},{"@type":"Organization","@id":"https:\/\/ferreteriajulia.com\/tienda\/#organization","name":"Ferreter\u00eda Juli\u00e0","url":"https:\/\/ferreteriajulia.com\/tienda\/","logo":{"@type":"ImageObject","inLanguage":"es","@id":"https:\/\/ferreteriajulia.com\/tienda\/#\/schema\/logo\/image\/","url":"https:\/\/ferreteriajulia.com\/tienda\/wp-content\/uploads\/2023\/04\/LOGO_Ferreteria_Julia_HD-e1680625558319.png","contentUrl":"https:\/\/ferreteriajulia.com\/tienda\/wp-content\/uploads\/2023\/04\/LOGO_Ferreteria_Julia_HD-e1680625558319.png","width":240,"height":89,"caption":"Ferreter\u00eda Juli\u00e0"},"image":{"@id":"https:\/\/ferreteriajulia.com\/tienda\/#\/schema\/logo\/image\/"}}]}},"_links":{"self":[{"href":"https:\/\/ferreteriajulia.com\/tienda\/wp-json\/wp\/v2\/product\/10669","targetHints":{"allow":["GET"]}}],"collection":[{"href":"https:\/\/ferreteriajulia.com\/tienda\/wp-json\/wp\/v2\/product"}],"about":[{"href":"https:\/\/ferreteriajulia.com\/tienda\/wp-json\/wp\/v2\/types\/product"}],"wp:featuredmedia":[{"embeddable":true,"href":"https:\/\/ferreteriajulia.com\/tienda\/wp-json\/wp\/v2\/media\/17899"}],"wp:attachment":[{"href":"https:\/\/ferreteriajulia.com\/tienda\/wp-json\/wp\/v2\/media?parent=10669"}],"wp:term":[{"taxonomy":"product_brand","embeddable":true,"href":"https:\/\/ferreteriajulia.com\/tienda\/wp-json\/wp\/v2\/product_brand?post=10669"},{"taxonomy":"product_cat","embeddable":true,"href":"https:\/\/ferreteriajulia.com\/tienda\/wp-json\/wp\/v2\/product_cat?post=10669"},{"taxonomy":"product_tag","embeddable":true,"href":"https:\/\/ferreteriajulia.com\/tienda\/wp-json\/wp\/v2\/product_tag?post=10669"}],"curies":[{"name":"wp","href":"https:\/\/api.w.org\/{rel}","templated":true}]}}