{"id":11478,"date":"2019-07-15T14:17:32","date_gmt":"2019-07-15T12:17:32","guid":{"rendered":"http:\/\/ferreteriajulia.com\/tienda\/?post_type=product&#038;p=11478"},"modified":"2026-03-12T12:35:18","modified_gmt":"2026-03-12T11:35:18","slug":"candado-abus-discus-25-70-llave-puntos","status":"publish","type":"product","link":"https:\/\/ferreteriajulia.com\/tienda\/producto\/candado-abus-discus-25-70-llave-puntos\/","title":{"rendered":"candado ABUS discus 25\/70 llave puntos"},"content":{"rendered":"<p>candado ABUS discus 25\/70 llave puntos<\/p>\n<p>se entrega con 5 llaves y cuenta con un cilindro de llave reversible.<\/p>\n<h1 class=\"hyphenate\">Diskus<sup>\u00ae<\/sup>\u00a025\/70<\/h1>\n<p>Trust the original: Nuestro candado Diskus\u00ae 25 cuenta con un cilindro de llave reversible y el volumen de entrega incluye cinco llaves reversibles.<\/p>\n<figure class=\"product-badges__figure\"><img loading=\"lazy\" decoding=\"async\" class=\"\" src=\"https:\/\/www.abus.com\/bundles\/abusdesign\/images\/security_level_hasi\/Level_08_abus_1280.png?asset-version=1770845659\" alt=\"Nivel de seguridad 8\/10 | ABUS GLOBAL PROTECTION STANDARD \u00ae |\" width=\"731\" height=\"103\" \/><\/figure>\n<p>Proteja sus objetos de valor almacenados en camiones, furgonetas, s\u00f3tanos o tras las puertas de la f\u00e1brica, por ejemplo.<\/p>\n<p>El candado est\u00e1 fabricado en acero inoxidable tanto en el interior como en el exterior y el arco es de acero especial templado, lo que lo hace especialmente resistente a intentos de forzamiento.<\/p>\n<p>La soldadura, que mantiene unidas las dos cubiertas de acero inoxidable, tambi\u00e9n est\u00e1 soldada a mano en el Diskus\u00ae 26,<br \/>\nproducido en\u00a0 Alemania. Esto significa que las dos mitades no se pueden separar f\u00e1cilmente<br \/>\ny que el Diskus\u00ae 25 protege muy bien sus objetos de valor.<\/p>\n<p>El candado se abre con una llave reversible, se trata de una caracter\u00edstica de calidad y seguridad y es sin\u00f3nimo de una gran comodidad de uso. Porque da igual c\u00f3mo se inserte la llave.<\/p>\n<h3>Tecnolog\u00edas candado ABUS discus 25\/70 llave puntos<\/h3>\n<p>\u2022 Llave reversible de precisi\u00f3n con 8,000 combinaciones<br \/>\n\u2022 Llaves codificadas, las llaves suplementarias s\u00f3lo se pueden pedir presentando la tarjeta de seguridad<br \/>\n\u2022 Acero inoxidable: Interior y exterior<br \/>\n\u2022 Arco de acero endurecido<br \/>\n\u2022 Dise\u00f1o original Diskus\u00ae: protecci\u00f3n 360\u00b0<br \/>\n\u2022 Palanca anti-cizallamiento<br \/>\n\u2022 Tecnolog\u00eda de Soldadura Profunda Diskus\u00ae &#8211; robustez m\u00e1xima<br \/>\n\u2022 Llave retenida: S\u00f3lo se podr\u00e1 cerrar con la llave (la llave se queda en el candado hasta que \u00e9ste haya sido cerrado)<br \/>\n\u2022 Se suministra con 5 llaves<\/p>\n","protected":false},"excerpt":{"rendered":"<p>candado ABUS discus 25\/70 llave puntos<\/p>\n","protected":false},"featured_media":20513,"template":"","meta":{"_monsterinsights_skip_tracking":false,"_monsterinsights_sitenote_active":false,"_monsterinsights_sitenote_note":"","_monsterinsights_sitenote_category":0},"product_brand":[],"product_cat":[451],"product_tag":[],"class_list":{"0":"post-11478","1":"product","2":"type-product","3":"status-publish","4":"has-post-thumbnail","6":"product_cat-candados","8":"first","9":"onbackorder","10":"taxable","11":"shipping-taxable","12":"purchasable","13":"product-type-simple"},"yoast_head":"<!-- This site is optimized with the Yoast SEO plugin v27.4 - https:\/\/yoast.com\/product\/yoast-seo-wordpress\/ -->\n<title>candado ABUS discus 25\/70 llave puntos - Ferreter\u00eda Juli\u00e0<\/title>\n<meta name=\"description\" content=\"candado ABUS discus 25\/70 llave puntos - Ferreter\u00eda Juli\u00e0 - Ferreter\u00eda en Barcelona y venta On-line - telf.933 59 84 12 - info@ferreteriajulia.com - Gran variedad de productos\" \/>\n<meta name=\"robots\" content=\"index, follow, max-snippet:-1, max-image-preview:large, max-video-preview:-1\" \/>\n<link rel=\"canonical\" href=\"https:\/\/ferreteriajulia.com\/tienda\/producto\/candado-abus-discus-25-70-llave-puntos\/\" \/>\n<meta property=\"og:locale\" content=\"es_ES\" \/>\n<meta property=\"og:type\" content=\"article\" \/>\n<meta property=\"og:title\" content=\"candado ABUS discus 25\/70 llave puntos - Ferreter\u00eda Juli\u00e0\" \/>\n<meta property=\"og:description\" content=\"candado ABUS discus 25\/70 llave puntos - Ferreter\u00eda Juli\u00e0 - Ferreter\u00eda en Barcelona y venta On-line - telf.933 59 84 12 - info@ferreteriajulia.com - Gran variedad de productos\" \/>\n<meta property=\"og:url\" content=\"https:\/\/ferreteriajulia.com\/tienda\/producto\/candado-abus-discus-25-70-llave-puntos\/\" \/>\n<meta property=\"og:site_name\" content=\"Ferreter\u00eda Juli\u00e0\" \/>\n<meta property=\"article:modified_time\" content=\"2026-03-12T11:35:18+00:00\" \/>\n<meta property=\"og:image\" content=\"https:\/\/ferreteriajulia.com\/tienda\/wp-content\/uploads\/2019\/07\/candado-abus-discus-25-70-ferreteria-julia.png\" \/>\n\t<meta property=\"og:image:width\" content=\"706\" \/>\n\t<meta property=\"og:image:height\" content=\"637\" \/>\n\t<meta property=\"og:image:type\" content=\"image\/png\" \/>\n<meta name=\"twitter:card\" content=\"summary_large_image\" \/>\n<meta name=\"twitter:label1\" content=\"Tiempo de lectura\" \/>\n\t<meta name=\"twitter:data1\" content=\"2 minutos\" \/>\n<script type=\"application\/ld+json\" class=\"yoast-schema-graph\">{\"@context\":\"https:\\\/\\\/schema.org\",\"@graph\":[{\"@type\":\"WebPage\",\"@id\":\"https:\\\/\\\/ferreteriajulia.com\\\/tienda\\\/producto\\\/candado-abus-discus-25-70-llave-puntos\\\/\",\"url\":\"https:\\\/\\\/ferreteriajulia.com\\\/tienda\\\/producto\\\/candado-abus-discus-25-70-llave-puntos\\\/\",\"name\":\"candado ABUS discus 25\\\/70 llave puntos - Ferreter\u00eda Juli\u00e0\",\"isPartOf\":{\"@id\":\"http:\\\/\\\/ferreteriajulia.com\\\/tienda\\\/#website\"},\"primaryImageOfPage\":{\"@id\":\"https:\\\/\\\/ferreteriajulia.com\\\/tienda\\\/producto\\\/candado-abus-discus-25-70-llave-puntos\\\/#primaryimage\"},\"image\":{\"@id\":\"https:\\\/\\\/ferreteriajulia.com\\\/tienda\\\/producto\\\/candado-abus-discus-25-70-llave-puntos\\\/#primaryimage\"},\"thumbnailUrl\":\"https:\\\/\\\/ferreteriajulia.com\\\/tienda\\\/wp-content\\\/uploads\\\/2019\\\/07\\\/candado-abus-discus-25-70-ferreteria-julia.png\",\"datePublished\":\"2019-07-15T12:17:32+00:00\",\"dateModified\":\"2026-03-12T11:35:18+00:00\",\"description\":\"candado ABUS discus 25\\\/70 llave puntos - Ferreter\u00eda Juli\u00e0 - Ferreter\u00eda en Barcelona y venta On-line - telf.933 59 84 12 - info@ferreteriajulia.com - Gran variedad de productos\",\"breadcrumb\":{\"@id\":\"https:\\\/\\\/ferreteriajulia.com\\\/tienda\\\/producto\\\/candado-abus-discus-25-70-llave-puntos\\\/#breadcrumb\"},\"inLanguage\":\"es\",\"potentialAction\":[{\"@type\":\"ReadAction\",\"target\":[\"https:\\\/\\\/ferreteriajulia.com\\\/tienda\\\/producto\\\/candado-abus-discus-25-70-llave-puntos\\\/\"]}]},{\"@type\":\"ImageObject\",\"inLanguage\":\"es\",\"@id\":\"https:\\\/\\\/ferreteriajulia.com\\\/tienda\\\/producto\\\/candado-abus-discus-25-70-llave-puntos\\\/#primaryimage\",\"url\":\"https:\\\/\\\/ferreteriajulia.com\\\/tienda\\\/wp-content\\\/uploads\\\/2019\\\/07\\\/candado-abus-discus-25-70-ferreteria-julia.png\",\"contentUrl\":\"https:\\\/\\\/ferreteriajulia.com\\\/tienda\\\/wp-content\\\/uploads\\\/2019\\\/07\\\/candado-abus-discus-25-70-ferreteria-julia.png\",\"width\":706,\"height\":637},{\"@type\":\"BreadcrumbList\",\"@id\":\"https:\\\/\\\/ferreteriajulia.com\\\/tienda\\\/producto\\\/candado-abus-discus-25-70-llave-puntos\\\/#breadcrumb\",\"itemListElement\":[{\"@type\":\"ListItem\",\"position\":1,\"name\":\"Portada\",\"item\":\"http:\\\/\\\/ferreteriajulia.com\\\/tienda\\\/\"},{\"@type\":\"ListItem\",\"position\":2,\"name\":\"Tienda online\",\"item\":\"http:\\\/\\\/ferreteriajulia.com\\\/tienda\\\/shop\\\/\"},{\"@type\":\"ListItem\",\"position\":3,\"name\":\"candado ABUS discus 25\\\/70 llave puntos\"}]},{\"@type\":\"WebSite\",\"@id\":\"http:\\\/\\\/ferreteriajulia.com\\\/tienda\\\/#website\",\"url\":\"http:\\\/\\\/ferreteriajulia.com\\\/tienda\\\/\",\"name\":\"Ferreter\u00eda Juli\u00e0\",\"description\":\"Ferreter\u00eda generalista, material para intalaciones y reparaciones.\",\"publisher\":{\"@id\":\"http:\\\/\\\/ferreteriajulia.com\\\/tienda\\\/#organization\"},\"potentialAction\":[{\"@type\":\"SearchAction\",\"target\":{\"@type\":\"EntryPoint\",\"urlTemplate\":\"http:\\\/\\\/ferreteriajulia.com\\\/tienda\\\/?s={search_term_string}\"},\"query-input\":{\"@type\":\"PropertyValueSpecification\",\"valueRequired\":true,\"valueName\":\"search_term_string\"}}],\"inLanguage\":\"es\"},{\"@type\":\"Organization\",\"@id\":\"http:\\\/\\\/ferreteriajulia.com\\\/tienda\\\/#organization\",\"name\":\"Ferreter\u00eda Juli\u00e0\",\"url\":\"http:\\\/\\\/ferreteriajulia.com\\\/tienda\\\/\",\"logo\":{\"@type\":\"ImageObject\",\"inLanguage\":\"es\",\"@id\":\"http:\\\/\\\/ferreteriajulia.com\\\/tienda\\\/#\\\/schema\\\/logo\\\/image\\\/\",\"url\":\"https:\\\/\\\/ferreteriajulia.com\\\/tienda\\\/wp-content\\\/uploads\\\/2023\\\/04\\\/LOGO_Ferreteria_Julia_HD-e1680625558319.png\",\"contentUrl\":\"https:\\\/\\\/ferreteriajulia.com\\\/tienda\\\/wp-content\\\/uploads\\\/2023\\\/04\\\/LOGO_Ferreteria_Julia_HD-e1680625558319.png\",\"width\":240,\"height\":89,\"caption\":\"Ferreter\u00eda Juli\u00e0\"},\"image\":{\"@id\":\"http:\\\/\\\/ferreteriajulia.com\\\/tienda\\\/#\\\/schema\\\/logo\\\/image\\\/\"}}]}<\/script>\n<!-- \/ Yoast SEO plugin. -->","yoast_head_json":{"title":"candado ABUS discus 25\/70 llave puntos - Ferreter\u00eda Juli\u00e0","description":"candado ABUS discus 25\/70 llave puntos - Ferreter\u00eda Juli\u00e0 - Ferreter\u00eda en Barcelona y venta On-line - telf.933 59 84 12 - info@ferreteriajulia.com - Gran variedad de productos","robots":{"index":"index","follow":"follow","max-snippet":"max-snippet:-1","max-image-preview":"max-image-preview:large","max-video-preview":"max-video-preview:-1"},"canonical":"https:\/\/ferreteriajulia.com\/tienda\/producto\/candado-abus-discus-25-70-llave-puntos\/","og_locale":"es_ES","og_type":"article","og_title":"candado ABUS discus 25\/70 llave puntos - Ferreter\u00eda Juli\u00e0","og_description":"candado ABUS discus 25\/70 llave puntos - Ferreter\u00eda Juli\u00e0 - Ferreter\u00eda en Barcelona y venta On-line - telf.933 59 84 12 - info@ferreteriajulia.com - Gran variedad de productos","og_url":"https:\/\/ferreteriajulia.com\/tienda\/producto\/candado-abus-discus-25-70-llave-puntos\/","og_site_name":"Ferreter\u00eda Juli\u00e0","article_modified_time":"2026-03-12T11:35:18+00:00","og_image":[{"width":706,"height":637,"url":"https:\/\/ferreteriajulia.com\/tienda\/wp-content\/uploads\/2019\/07\/candado-abus-discus-25-70-ferreteria-julia.png","type":"image\/png"}],"twitter_card":"summary_large_image","twitter_misc":{"Tiempo de lectura":"2 minutos"},"schema":{"@context":"https:\/\/schema.org","@graph":[{"@type":"WebPage","@id":"https:\/\/ferreteriajulia.com\/tienda\/producto\/candado-abus-discus-25-70-llave-puntos\/","url":"https:\/\/ferreteriajulia.com\/tienda\/producto\/candado-abus-discus-25-70-llave-puntos\/","name":"candado ABUS discus 25\/70 llave puntos - Ferreter\u00eda Juli\u00e0","isPartOf":{"@id":"http:\/\/ferreteriajulia.com\/tienda\/#website"},"primaryImageOfPage":{"@id":"https:\/\/ferreteriajulia.com\/tienda\/producto\/candado-abus-discus-25-70-llave-puntos\/#primaryimage"},"image":{"@id":"https:\/\/ferreteriajulia.com\/tienda\/producto\/candado-abus-discus-25-70-llave-puntos\/#primaryimage"},"thumbnailUrl":"https:\/\/ferreteriajulia.com\/tienda\/wp-content\/uploads\/2019\/07\/candado-abus-discus-25-70-ferreteria-julia.png","datePublished":"2019-07-15T12:17:32+00:00","dateModified":"2026-03-12T11:35:18+00:00","description":"candado ABUS discus 25\/70 llave puntos - Ferreter\u00eda Juli\u00e0 - Ferreter\u00eda en Barcelona y venta On-line - telf.933 59 84 12 - info@ferreteriajulia.com - Gran variedad de productos","breadcrumb":{"@id":"https:\/\/ferreteriajulia.com\/tienda\/producto\/candado-abus-discus-25-70-llave-puntos\/#breadcrumb"},"inLanguage":"es","potentialAction":[{"@type":"ReadAction","target":["https:\/\/ferreteriajulia.com\/tienda\/producto\/candado-abus-discus-25-70-llave-puntos\/"]}]},{"@type":"ImageObject","inLanguage":"es","@id":"https:\/\/ferreteriajulia.com\/tienda\/producto\/candado-abus-discus-25-70-llave-puntos\/#primaryimage","url":"https:\/\/ferreteriajulia.com\/tienda\/wp-content\/uploads\/2019\/07\/candado-abus-discus-25-70-ferreteria-julia.png","contentUrl":"https:\/\/ferreteriajulia.com\/tienda\/wp-content\/uploads\/2019\/07\/candado-abus-discus-25-70-ferreteria-julia.png","width":706,"height":637},{"@type":"BreadcrumbList","@id":"https:\/\/ferreteriajulia.com\/tienda\/producto\/candado-abus-discus-25-70-llave-puntos\/#breadcrumb","itemListElement":[{"@type":"ListItem","position":1,"name":"Portada","item":"http:\/\/ferreteriajulia.com\/tienda\/"},{"@type":"ListItem","position":2,"name":"Tienda online","item":"http:\/\/ferreteriajulia.com\/tienda\/shop\/"},{"@type":"ListItem","position":3,"name":"candado ABUS discus 25\/70 llave puntos"}]},{"@type":"WebSite","@id":"http:\/\/ferreteriajulia.com\/tienda\/#website","url":"http:\/\/ferreteriajulia.com\/tienda\/","name":"Ferreter\u00eda Juli\u00e0","description":"Ferreter\u00eda generalista, material para intalaciones y reparaciones.","publisher":{"@id":"http:\/\/ferreteriajulia.com\/tienda\/#organization"},"potentialAction":[{"@type":"SearchAction","target":{"@type":"EntryPoint","urlTemplate":"http:\/\/ferreteriajulia.com\/tienda\/?s={search_term_string}"},"query-input":{"@type":"PropertyValueSpecification","valueRequired":true,"valueName":"search_term_string"}}],"inLanguage":"es"},{"@type":"Organization","@id":"http:\/\/ferreteriajulia.com\/tienda\/#organization","name":"Ferreter\u00eda Juli\u00e0","url":"http:\/\/ferreteriajulia.com\/tienda\/","logo":{"@type":"ImageObject","inLanguage":"es","@id":"http:\/\/ferreteriajulia.com\/tienda\/#\/schema\/logo\/image\/","url":"https:\/\/ferreteriajulia.com\/tienda\/wp-content\/uploads\/2023\/04\/LOGO_Ferreteria_Julia_HD-e1680625558319.png","contentUrl":"https:\/\/ferreteriajulia.com\/tienda\/wp-content\/uploads\/2023\/04\/LOGO_Ferreteria_Julia_HD-e1680625558319.png","width":240,"height":89,"caption":"Ferreter\u00eda Juli\u00e0"},"image":{"@id":"http:\/\/ferreteriajulia.com\/tienda\/#\/schema\/logo\/image\/"}}]}},"_links":{"self":[{"href":"https:\/\/ferreteriajulia.com\/tienda\/wp-json\/wp\/v2\/product\/11478","targetHints":{"allow":["GET"]}}],"collection":[{"href":"https:\/\/ferreteriajulia.com\/tienda\/wp-json\/wp\/v2\/product"}],"about":[{"href":"https:\/\/ferreteriajulia.com\/tienda\/wp-json\/wp\/v2\/types\/product"}],"wp:featuredmedia":[{"embeddable":true,"href":"https:\/\/ferreteriajulia.com\/tienda\/wp-json\/wp\/v2\/media\/20513"}],"wp:attachment":[{"href":"https:\/\/ferreteriajulia.com\/tienda\/wp-json\/wp\/v2\/media?parent=11478"}],"wp:term":[{"taxonomy":"product_brand","embeddable":true,"href":"https:\/\/ferreteriajulia.com\/tienda\/wp-json\/wp\/v2\/product_brand?post=11478"},{"taxonomy":"product_cat","embeddable":true,"href":"https:\/\/ferreteriajulia.com\/tienda\/wp-json\/wp\/v2\/product_cat?post=11478"},{"taxonomy":"product_tag","embeddable":true,"href":"https:\/\/ferreteriajulia.com\/tienda\/wp-json\/wp\/v2\/product_tag?post=11478"}],"curies":[{"name":"wp","href":"https:\/\/api.w.org\/{rel}","templated":true}]}}