{"id":12296,"date":"2020-05-28T18:56:18","date_gmt":"2020-05-28T16:56:18","guid":{"rendered":"http:\/\/ferreteriajulia.com\/tienda\/?post_type=product&#038;p=12296"},"modified":"2026-03-14T12:22:44","modified_gmt":"2026-03-14T11:22:44","slug":"adhesivo-montaje-ceys-montack","status":"publish","type":"product","link":"https:\/\/ferreteriajulia.com\/tienda\/producto\/adhesivo-montaje-ceys-montack\/","title":{"rendered":"adhesivo montaje CEYS MONTACK 300ml"},"content":{"rendered":"<p>adhesivo montaje CEYS MONTACK PROFESIONAL 300ml<\/p>\n<p>interior\/exterior<\/p>\n<p>Madera, pl\u00e1stico, metal, piedra, hormig\u00f3n, yeso, cemento, ladrillo, azulejos.<\/p>\n<p>300ml<\/p>\n<h3 class=\"title\">adhesivo montaje CEYS MONTACK 300ml:<\/h3>\n<div class=\"description\">\n<p>Adhesivo de montaje con una gran resistencia final. Indicado para fijar todo tipo de materiales* sobre diferentes soportes. Adem\u00e1s, es un adhesivo que permite rectificar durante los primeros minutos de aplicaci\u00f3n.<\/p>\n<div class=\"title\">CARACTER\u00cdSTICAS<\/div>\n<p>Excelente adherencia<\/p>\n<p>Capacidad de relleno<\/p>\n<p>Interior\/Exterior<\/p>\n<p>Permite rectificar<\/p>\n<p>Fuerza a rotura 35kg\/cm2<\/p>\n<p>Resiste humedad y temperatura entre -15\u00baC y +80\u00baC<\/p>\n<h3 class=\"title\">APLICACIONES<\/h3>\n<p>Especialmente indicado para aplicaciones que requieran una alt\u00edsima resistencia final, necesitar\u00e1 una <a href=\"https:\/\/ferreteriajulia.com\/tienda\/?s=pistola+silicona&amp;post_type=product\">pistola para su aplicaci\u00f3n<\/a>.<\/p>\n<p>Fijaci\u00f3n de paneles, revestimientos y chapas<\/p>\n<p>Fijaci\u00f3n de z\u00f3calos, rodapi\u00e9s, travesa\u00f1os y perfiles<\/p>\n<p>Fijaci\u00f3n de accesorios en ba\u00f1os y cocinas<\/p>\n<p>Fijaci\u00f3n de marcos de puertas y ventanas<\/p>\n<p>Fijaci\u00f3n de paneles de se\u00f1alizaci\u00f3n (salida de emergencia, extintor)<\/p>\n<p>Fijaci\u00f3n de enchufes, cajas o cuadros de electricidad e interruptores<\/p>\n<\/div>\n<div class=\"col-xs-12 left tab one table\"><\/div>\n<div class=\"description\">\n<div class=\"tab-content\">\n<div id=\"tab1\" class=\"tab-pane fade in active\">\n<div class=\"row way-of-use not-tab\">\n<div class=\"col-xs-12\">\n<blockquote class=\"wp-embedded-content\" data-secret=\"yh0nUH56Fi\"><p><a href=\"https:\/\/ferreteriajulia.com\/tienda\/producto\/pistola-silicona-profesional\/\">pistola silicona profesional ALYCO alta potencia<\/a><\/p><\/blockquote>\n<p><iframe loading=\"lazy\" class=\"wp-embedded-content\" sandbox=\"allow-scripts\" security=\"restricted\" style=\"position: absolute; visibility: hidden;\" title=\"\u00abpistola silicona profesional ALYCO alta potencia\u00bb \u2014 Ferreter\u00eda Juli\u00e0\" src=\"https:\/\/ferreteriajulia.com\/tienda\/producto\/pistola-silicona-profesional\/embed\/#?secret=KUo7ZUeRDh#?secret=yh0nUH56Fi\" data-secret=\"yh0nUH56Fi\" width=\"600\" height=\"338\" frameborder=\"0\" marginwidth=\"0\" marginheight=\"0\" scrolling=\"no\"><\/iframe><\/p>\n<\/div>\n<\/div>\n<\/div>\n<\/div>\n<\/div>\n","protected":false},"excerpt":{"rendered":"<p>adhesivo montaje CEYS MONTACK 300ml<\/p>\n","protected":false},"featured_media":17169,"template":"","meta":{"_monsterinsights_skip_tracking":false,"_monsterinsights_sitenote_active":false,"_monsterinsights_sitenote_note":"","_monsterinsights_sitenote_category":0},"product_brand":[],"product_cat":[743],"product_tag":[],"class_list":{"0":"post-12296","1":"product","2":"type-product","3":"status-publish","4":"has-post-thumbnail","6":"product_cat-colas-selladores-y-adhesivos-en-tubo-o-lata","8":"first","9":"instock","10":"taxable","11":"shipping-taxable","12":"purchasable","13":"product-type-simple"},"yoast_head":"<!-- This site is optimized with the Yoast SEO plugin v27.1.1 - https:\/\/yoast.com\/product\/yoast-seo-wordpress\/ -->\n<title>adhesivo montaje CEYS MONTACK 300ml - Ferreter\u00eda Juli\u00e0<\/title>\n<meta name=\"description\" content=\"adhesivo montaje CEYS MONTACK 300ml - Ferreter\u00eda Juli\u00e0 - Ferreter\u00eda Barcelona - 933 59 84 12 - info@ferreteriajulia.com - Gran variedad de productos\" \/>\n<meta name=\"robots\" content=\"index, follow, max-snippet:-1, max-image-preview:large, max-video-preview:-1\" \/>\n<link rel=\"canonical\" href=\"https:\/\/ferreteriajulia.com\/tienda\/producto\/adhesivo-montaje-ceys-montack\/\" \/>\n<meta property=\"og:locale\" content=\"es_ES\" \/>\n<meta property=\"og:type\" content=\"article\" \/>\n<meta property=\"og:title\" content=\"adhesivo montaje CEYS MONTACK 300ml - Ferreter\u00eda Juli\u00e0\" \/>\n<meta property=\"og:description\" content=\"adhesivo montaje CEYS MONTACK 300ml - Ferreter\u00eda Juli\u00e0 - Ferreter\u00eda Barcelona - 933 59 84 12 - info@ferreteriajulia.com - Gran variedad de productos\" \/>\n<meta property=\"og:url\" content=\"https:\/\/ferreteriajulia.com\/tienda\/producto\/adhesivo-montaje-ceys-montack\/\" \/>\n<meta property=\"og:site_name\" content=\"Ferreter\u00eda Juli\u00e0\" \/>\n<meta property=\"article:modified_time\" content=\"2026-03-14T11:22:44+00:00\" \/>\n<meta property=\"og:image\" content=\"https:\/\/ferreteriajulia.com\/tienda\/wp-content\/uploads\/2020\/05\/ceys-montack-agarre-total-profesional-e1690546352464.png\" \/>\n\t<meta property=\"og:image:width\" content=\"918\" \/>\n\t<meta property=\"og:image:height\" content=\"1179\" \/>\n\t<meta property=\"og:image:type\" content=\"image\/png\" \/>\n<meta name=\"twitter:card\" content=\"summary_large_image\" \/>\n<meta name=\"twitter:label1\" content=\"Tiempo de lectura\" \/>\n\t<meta name=\"twitter:data1\" content=\"1 minuto\" \/>\n<script type=\"application\/ld+json\" class=\"yoast-schema-graph\">{\"@context\":\"https:\/\/schema.org\",\"@graph\":[{\"@type\":\"WebPage\",\"@id\":\"https:\/\/ferreteriajulia.com\/tienda\/producto\/adhesivo-montaje-ceys-montack\/\",\"url\":\"https:\/\/ferreteriajulia.com\/tienda\/producto\/adhesivo-montaje-ceys-montack\/\",\"name\":\"adhesivo montaje CEYS MONTACK 300ml - Ferreter\u00eda Juli\u00e0\",\"isPartOf\":{\"@id\":\"https:\/\/ferreteriajulia.com\/tienda\/#website\"},\"primaryImageOfPage\":{\"@id\":\"https:\/\/ferreteriajulia.com\/tienda\/producto\/adhesivo-montaje-ceys-montack\/#primaryimage\"},\"image\":{\"@id\":\"https:\/\/ferreteriajulia.com\/tienda\/producto\/adhesivo-montaje-ceys-montack\/#primaryimage\"},\"thumbnailUrl\":\"https:\/\/ferreteriajulia.com\/tienda\/wp-content\/uploads\/2020\/05\/ceys-montack-agarre-total-profesional-e1690546352464.png\",\"datePublished\":\"2020-05-28T16:56:18+00:00\",\"dateModified\":\"2026-03-14T11:22:44+00:00\",\"description\":\"adhesivo montaje CEYS MONTACK 300ml - Ferreter\u00eda Juli\u00e0 - Ferreter\u00eda Barcelona - 933 59 84 12 - info@ferreteriajulia.com - Gran variedad de productos\",\"breadcrumb\":{\"@id\":\"https:\/\/ferreteriajulia.com\/tienda\/producto\/adhesivo-montaje-ceys-montack\/#breadcrumb\"},\"inLanguage\":\"es\",\"potentialAction\":[{\"@type\":\"ReadAction\",\"target\":[\"https:\/\/ferreteriajulia.com\/tienda\/producto\/adhesivo-montaje-ceys-montack\/\"]}]},{\"@type\":\"ImageObject\",\"inLanguage\":\"es\",\"@id\":\"https:\/\/ferreteriajulia.com\/tienda\/producto\/adhesivo-montaje-ceys-montack\/#primaryimage\",\"url\":\"https:\/\/ferreteriajulia.com\/tienda\/wp-content\/uploads\/2020\/05\/ceys-montack-agarre-total-profesional-e1690546352464.png\",\"contentUrl\":\"https:\/\/ferreteriajulia.com\/tienda\/wp-content\/uploads\/2020\/05\/ceys-montack-agarre-total-profesional-e1690546352464.png\",\"width\":918,\"height\":1179},{\"@type\":\"BreadcrumbList\",\"@id\":\"https:\/\/ferreteriajulia.com\/tienda\/producto\/adhesivo-montaje-ceys-montack\/#breadcrumb\",\"itemListElement\":[{\"@type\":\"ListItem\",\"position\":1,\"name\":\"Portada\",\"item\":\"https:\/\/ferreteriajulia.com\/tienda\/\"},{\"@type\":\"ListItem\",\"position\":2,\"name\":\"Tienda online\",\"item\":\"https:\/\/ferreteriajulia.com\/tienda\/shop\/\"},{\"@type\":\"ListItem\",\"position\":3,\"name\":\"adhesivo montaje CEYS MONTACK 300ml\"}]},{\"@type\":\"WebSite\",\"@id\":\"https:\/\/ferreteriajulia.com\/tienda\/#website\",\"url\":\"https:\/\/ferreteriajulia.com\/tienda\/\",\"name\":\"Ferreter\u00eda Juli\u00e0\",\"description\":\"Ferreter\u00eda generalista, material para intalaciones y reparaciones.\",\"publisher\":{\"@id\":\"https:\/\/ferreteriajulia.com\/tienda\/#organization\"},\"potentialAction\":[{\"@type\":\"SearchAction\",\"target\":{\"@type\":\"EntryPoint\",\"urlTemplate\":\"https:\/\/ferreteriajulia.com\/tienda\/?s={search_term_string}\"},\"query-input\":{\"@type\":\"PropertyValueSpecification\",\"valueRequired\":true,\"valueName\":\"search_term_string\"}}],\"inLanguage\":\"es\"},{\"@type\":\"Organization\",\"@id\":\"https:\/\/ferreteriajulia.com\/tienda\/#organization\",\"name\":\"Ferreter\u00eda Juli\u00e0\",\"url\":\"https:\/\/ferreteriajulia.com\/tienda\/\",\"logo\":{\"@type\":\"ImageObject\",\"inLanguage\":\"es\",\"@id\":\"https:\/\/ferreteriajulia.com\/tienda\/#\/schema\/logo\/image\/\",\"url\":\"https:\/\/ferreteriajulia.com\/tienda\/wp-content\/uploads\/2023\/04\/LOGO_Ferreteria_Julia_HD-e1680625558319.png\",\"contentUrl\":\"https:\/\/ferreteriajulia.com\/tienda\/wp-content\/uploads\/2023\/04\/LOGO_Ferreteria_Julia_HD-e1680625558319.png\",\"width\":240,\"height\":89,\"caption\":\"Ferreter\u00eda Juli\u00e0\"},\"image\":{\"@id\":\"https:\/\/ferreteriajulia.com\/tienda\/#\/schema\/logo\/image\/\"}}]}<\/script>\n<!-- \/ Yoast SEO plugin. -->","yoast_head_json":{"title":"adhesivo montaje CEYS MONTACK 300ml - Ferreter\u00eda Juli\u00e0","description":"adhesivo montaje CEYS MONTACK 300ml - Ferreter\u00eda Juli\u00e0 - Ferreter\u00eda Barcelona - 933 59 84 12 - info@ferreteriajulia.com - Gran variedad de productos","robots":{"index":"index","follow":"follow","max-snippet":"max-snippet:-1","max-image-preview":"max-image-preview:large","max-video-preview":"max-video-preview:-1"},"canonical":"https:\/\/ferreteriajulia.com\/tienda\/producto\/adhesivo-montaje-ceys-montack\/","og_locale":"es_ES","og_type":"article","og_title":"adhesivo montaje CEYS MONTACK 300ml - Ferreter\u00eda Juli\u00e0","og_description":"adhesivo montaje CEYS MONTACK 300ml - Ferreter\u00eda Juli\u00e0 - Ferreter\u00eda Barcelona - 933 59 84 12 - info@ferreteriajulia.com - Gran variedad de productos","og_url":"https:\/\/ferreteriajulia.com\/tienda\/producto\/adhesivo-montaje-ceys-montack\/","og_site_name":"Ferreter\u00eda Juli\u00e0","article_modified_time":"2026-03-14T11:22:44+00:00","og_image":[{"width":918,"height":1179,"url":"https:\/\/ferreteriajulia.com\/tienda\/wp-content\/uploads\/2020\/05\/ceys-montack-agarre-total-profesional-e1690546352464.png","type":"image\/png"}],"twitter_card":"summary_large_image","twitter_misc":{"Tiempo de lectura":"1 minuto"},"schema":{"@context":"https:\/\/schema.org","@graph":[{"@type":"WebPage","@id":"https:\/\/ferreteriajulia.com\/tienda\/producto\/adhesivo-montaje-ceys-montack\/","url":"https:\/\/ferreteriajulia.com\/tienda\/producto\/adhesivo-montaje-ceys-montack\/","name":"adhesivo montaje CEYS MONTACK 300ml - Ferreter\u00eda Juli\u00e0","isPartOf":{"@id":"https:\/\/ferreteriajulia.com\/tienda\/#website"},"primaryImageOfPage":{"@id":"https:\/\/ferreteriajulia.com\/tienda\/producto\/adhesivo-montaje-ceys-montack\/#primaryimage"},"image":{"@id":"https:\/\/ferreteriajulia.com\/tienda\/producto\/adhesivo-montaje-ceys-montack\/#primaryimage"},"thumbnailUrl":"https:\/\/ferreteriajulia.com\/tienda\/wp-content\/uploads\/2020\/05\/ceys-montack-agarre-total-profesional-e1690546352464.png","datePublished":"2020-05-28T16:56:18+00:00","dateModified":"2026-03-14T11:22:44+00:00","description":"adhesivo montaje CEYS MONTACK 300ml - Ferreter\u00eda Juli\u00e0 - Ferreter\u00eda Barcelona - 933 59 84 12 - info@ferreteriajulia.com - Gran variedad de productos","breadcrumb":{"@id":"https:\/\/ferreteriajulia.com\/tienda\/producto\/adhesivo-montaje-ceys-montack\/#breadcrumb"},"inLanguage":"es","potentialAction":[{"@type":"ReadAction","target":["https:\/\/ferreteriajulia.com\/tienda\/producto\/adhesivo-montaje-ceys-montack\/"]}]},{"@type":"ImageObject","inLanguage":"es","@id":"https:\/\/ferreteriajulia.com\/tienda\/producto\/adhesivo-montaje-ceys-montack\/#primaryimage","url":"https:\/\/ferreteriajulia.com\/tienda\/wp-content\/uploads\/2020\/05\/ceys-montack-agarre-total-profesional-e1690546352464.png","contentUrl":"https:\/\/ferreteriajulia.com\/tienda\/wp-content\/uploads\/2020\/05\/ceys-montack-agarre-total-profesional-e1690546352464.png","width":918,"height":1179},{"@type":"BreadcrumbList","@id":"https:\/\/ferreteriajulia.com\/tienda\/producto\/adhesivo-montaje-ceys-montack\/#breadcrumb","itemListElement":[{"@type":"ListItem","position":1,"name":"Portada","item":"https:\/\/ferreteriajulia.com\/tienda\/"},{"@type":"ListItem","position":2,"name":"Tienda online","item":"https:\/\/ferreteriajulia.com\/tienda\/shop\/"},{"@type":"ListItem","position":3,"name":"adhesivo montaje CEYS MONTACK 300ml"}]},{"@type":"WebSite","@id":"https:\/\/ferreteriajulia.com\/tienda\/#website","url":"https:\/\/ferreteriajulia.com\/tienda\/","name":"Ferreter\u00eda Juli\u00e0","description":"Ferreter\u00eda generalista, material para intalaciones y reparaciones.","publisher":{"@id":"https:\/\/ferreteriajulia.com\/tienda\/#organization"},"potentialAction":[{"@type":"SearchAction","target":{"@type":"EntryPoint","urlTemplate":"https:\/\/ferreteriajulia.com\/tienda\/?s={search_term_string}"},"query-input":{"@type":"PropertyValueSpecification","valueRequired":true,"valueName":"search_term_string"}}],"inLanguage":"es"},{"@type":"Organization","@id":"https:\/\/ferreteriajulia.com\/tienda\/#organization","name":"Ferreter\u00eda Juli\u00e0","url":"https:\/\/ferreteriajulia.com\/tienda\/","logo":{"@type":"ImageObject","inLanguage":"es","@id":"https:\/\/ferreteriajulia.com\/tienda\/#\/schema\/logo\/image\/","url":"https:\/\/ferreteriajulia.com\/tienda\/wp-content\/uploads\/2023\/04\/LOGO_Ferreteria_Julia_HD-e1680625558319.png","contentUrl":"https:\/\/ferreteriajulia.com\/tienda\/wp-content\/uploads\/2023\/04\/LOGO_Ferreteria_Julia_HD-e1680625558319.png","width":240,"height":89,"caption":"Ferreter\u00eda Juli\u00e0"},"image":{"@id":"https:\/\/ferreteriajulia.com\/tienda\/#\/schema\/logo\/image\/"}}]}},"_links":{"self":[{"href":"https:\/\/ferreteriajulia.com\/tienda\/wp-json\/wp\/v2\/product\/12296","targetHints":{"allow":["GET"]}}],"collection":[{"href":"https:\/\/ferreteriajulia.com\/tienda\/wp-json\/wp\/v2\/product"}],"about":[{"href":"https:\/\/ferreteriajulia.com\/tienda\/wp-json\/wp\/v2\/types\/product"}],"wp:featuredmedia":[{"embeddable":true,"href":"https:\/\/ferreteriajulia.com\/tienda\/wp-json\/wp\/v2\/media\/17169"}],"wp:attachment":[{"href":"https:\/\/ferreteriajulia.com\/tienda\/wp-json\/wp\/v2\/media?parent=12296"}],"wp:term":[{"taxonomy":"product_brand","embeddable":true,"href":"https:\/\/ferreteriajulia.com\/tienda\/wp-json\/wp\/v2\/product_brand?post=12296"},{"taxonomy":"product_cat","embeddable":true,"href":"https:\/\/ferreteriajulia.com\/tienda\/wp-json\/wp\/v2\/product_cat?post=12296"},{"taxonomy":"product_tag","embeddable":true,"href":"https:\/\/ferreteriajulia.com\/tienda\/wp-json\/wp\/v2\/product_tag?post=12296"}],"curies":[{"name":"wp","href":"https:\/\/api.w.org\/{rel}","templated":true}]}}