{"id":13300,"date":"2021-04-21T16:32:15","date_gmt":"2021-04-21T14:32:15","guid":{"rendered":"http:\/\/ferreteriajulia.com\/tienda\/?post_type=product&#038;p=13300"},"modified":"2026-03-12T17:26:21","modified_gmt":"2026-03-12T16:26:21","slug":"pistola-aplicador-espuma-poliuretano-alyco","status":"publish","type":"product","link":"https:\/\/ferreteriajulia.com\/tienda\/producto\/pistola-aplicador-espuma-poliuretano-alyco\/","title":{"rendered":"pistola aplicador espuma poliuretano ALYCO"},"content":{"rendered":"<p>pistola aplicador espuma poliuretano ALYCO<\/p>\n<div class=\"entradilla\">\n<ul>\n<li>Aplicador muy ligero y manejable. F\u00e1cil conexi\u00f3n con el cartucho, y f\u00e1cil de regular el caudal, y de utilizar el gatillo.<\/li>\n<li>Mecanismo muy sencillo de presi\u00f3n sobre el gatillo y de regulaci\u00f3n del caudal.<\/li>\n<li>Protectores para la punta para evitar la entrada de aire, y que se solidifique la espuma.<\/li>\n<li>Circuito estanco, para evitar que baje la presi\u00f3n y entre el aire.<\/li>\n<li>Cumpliendo las precauciones, es un aplicador de muy larga vida, y resultados muy buenos en peque\u00f1as reparaciones.<\/li>\n<\/ul>\n<h3>Detalles pistola aplicador espuma poliuretano ALYCO:<\/h3>\n<\/div>\n<div class=\"nowrap-kendu-azalpena\">Aplicador de inyecci\u00f3n manual de espuma de poliuretano (PU) mediante cartucho de espuma PU sellante, mediante la presi\u00f3n de la espuma dentro del cartucho.<br \/>\nSistema de presi\u00f3n desde el cartucho y de salida regulada por el gatillo y la rosca trasera que puede regular el caudal de salida.<br \/>\nEl aplicador consta de una conexi\u00f3n estanca al cartucho de espuma de PU, un gatillo regulador del caudal de salida, una tuerca que permite regular la amplitud de salida del gatillo.<\/div>\n<div class=\"nowrap-kendu-azalpena\">Tambi\u00e9n trae un tubo hueco y una punta que permite la salida de la espuma. Seg\u00fan la presi\u00f3n que ejercemos sobre el gatillo podemos gradura la cantidad de espuma saliente.<br \/>\nLa conexi\u00f3n met\u00e1lica con el cartucho es universal.<br \/>\nLa espuma es l\u00edquida bajo presi\u00f3n, por tanto mientras est\u00e1 en el cartucho y en el tubo y no hay aire, se mantiene l\u00edquida. Al salir, y al contacto con el aire, comienza a solidificarse.<br \/>\nConsta de mango de pl\u00e1stico, parte m\u00e9talica del conector, gatillo y rosca regulada en zinc, tubo en zinc y punta en acero inoxidable.<br \/>\nSi entra aire en el tubo, toda la carga de espuma se solidifica, creando una labor de limpieza muy laboriosa.<br \/>\nPara evitarlo se suministra con dos protectores que tapan la punta, evitando que quede espuma solidificada.<\/div>\n<div class=\"nowrap-kendu-azalpena\">Es importante mantener la pistola en perfecto estado con el <a href=\"https:\/\/ferreteriajulia.com\/tienda\/producto\/limpiador-espuma-poliuretano-500ml\/\">limpiador para pistolas<\/a> de poliuretano.<br \/>\nAplicador de resultados excelentes, larga vida y alta efectividad de uso.<br \/>\nAplicaci\u00f3n en rellenado de agujeros, sellado de ventanas o puertas, o zonas para cerrar en tejados, ideal tanto para uso profesional como para bricolage.<\/div>\n<div>Proteja las manos con <a href=\"https:\/\/ferreteriajulia.com\/tienda\/producto\/guante-nitrilo-nylon\/\">guantes<\/a>.<\/div>\n<h3>Usos:<\/h3>\n<div class=\"nowrap-kendu-azalpena\">Aplicaci\u00f3n en rellenado de agujeros, sellado de ventanas o puertas, o zonas para cerrar en tejados, ideal tanto para uso profesional como para bricolage.<br \/>\nTambi\u00e9n en trabajos de construcci\u00f3n, montaje, aislamiento y acabados.<br \/>\nSe suministra con dos protectores para la punta para evitar el enbozado del tubo y de la punta.<\/div>\n<div><\/div>\n<div><img loading=\"lazy\" decoding=\"async\" class=\"alignnone\" src=\"https:\/\/www.dateriumsystem.com\/appfiles\/clientes\/308\/catalogo\/APLICADOR-ESPUMA-POLIURETANO-ALYCO-198820-VISTA02.jpg\" alt=\"pistola aplicador espuma poliuretano ALYCO\" width=\"240\" height=\"240\" \/><img loading=\"lazy\" decoding=\"async\" class=\"\" src=\"https:\/\/www.dateriumsystem.com\/appfiles\/clientes\/308\/catalogo\/APLICADOR-ESPUMA-POLIURETANO-ALYCO-198820-VISTA03.jpg\" width=\"241\" height=\"241\" \/><img loading=\"lazy\" decoding=\"async\" class=\"\" src=\"https:\/\/www.dateriumsystem.com\/appfiles\/clientes\/308\/catalogo\/APLICADOR-ESPUMA-POLIURETANO-ALYCO-198820-VISTA04.jpg\" width=\"242\" height=\"242\" \/><\/div>\n<div><\/div>\n<div><\/div>\n<div><\/div>\n<div><\/div>\n<div><\/div>\n<div><\/div>\n<div><\/div>\n","protected":false},"excerpt":{"rendered":"<p>pistola aplicador espuma poliuretano ALYCO<\/p>\n","protected":false},"featured_media":23097,"template":"","meta":{"_monsterinsights_skip_tracking":false,"_monsterinsights_sitenote_active":false,"_monsterinsights_sitenote_note":"","_monsterinsights_sitenote_category":0},"product_brand":[],"product_cat":[743,860],"product_tag":[],"class_list":{"0":"post-13300","1":"product","2":"type-product","3":"status-publish","4":"has-post-thumbnail","6":"product_cat-colas-selladores-y-adhesivos-en-tubo-o-lata","7":"product_cat-pistolas-silicona-remachadoras-grimpadoras-y-grapadoras","9":"first","10":"instock","11":"sale","12":"taxable","13":"shipping-taxable","14":"purchasable","15":"product-type-simple"},"yoast_head":"<!-- This site is optimized with the Yoast SEO plugin v27.1.1 - https:\/\/yoast.com\/product\/yoast-seo-wordpress\/ -->\n<title>pistola aplicador espuma poliuretano ALYCO - Ferreter\u00eda Juli\u00e0<\/title>\n<meta name=\"description\" content=\"pistola aplicador espuma poliuretano ALYCO - Ferreter\u00eda Juli\u00e0 - Ferreter\u00eda Barcelona - 933 59 84 12 - info@ferreteriajulia.com - Gran variedad de productos\" \/>\n<meta name=\"robots\" content=\"index, follow, max-snippet:-1, max-image-preview:large, max-video-preview:-1\" \/>\n<link rel=\"canonical\" href=\"https:\/\/ferreteriajulia.com\/tienda\/producto\/pistola-aplicador-espuma-poliuretano-alyco\/\" \/>\n<meta property=\"og:locale\" content=\"es_ES\" \/>\n<meta property=\"og:type\" content=\"article\" \/>\n<meta property=\"og:title\" content=\"pistola aplicador espuma poliuretano ALYCO - Ferreter\u00eda Juli\u00e0\" \/>\n<meta property=\"og:description\" content=\"pistola aplicador espuma poliuretano ALYCO - Ferreter\u00eda Juli\u00e0 - Ferreter\u00eda Barcelona - 933 59 84 12 - info@ferreteriajulia.com - Gran variedad de productos\" \/>\n<meta property=\"og:url\" content=\"https:\/\/ferreteriajulia.com\/tienda\/producto\/pistola-aplicador-espuma-poliuretano-alyco\/\" \/>\n<meta property=\"og:site_name\" content=\"Ferreter\u00eda Juli\u00e0\" \/>\n<meta property=\"article:modified_time\" content=\"2026-03-12T16:26:21+00:00\" \/>\n<meta property=\"og:image\" content=\"https:\/\/ferreteriajulia.com\/tienda\/wp-content\/uploads\/2021\/04\/pistola-espuma-alyco-scaled.png\" \/>\n\t<meta property=\"og:image:width\" content=\"2560\" \/>\n\t<meta property=\"og:image:height\" content=\"2091\" \/>\n\t<meta property=\"og:image:type\" content=\"image\/png\" \/>\n<meta name=\"twitter:card\" content=\"summary_large_image\" \/>\n<meta name=\"twitter:label1\" content=\"Tiempo de lectura\" \/>\n\t<meta name=\"twitter:data1\" content=\"3 minutos\" \/>\n<script type=\"application\/ld+json\" class=\"yoast-schema-graph\">{\"@context\":\"https:\/\/schema.org\",\"@graph\":[{\"@type\":\"WebPage\",\"@id\":\"https:\/\/ferreteriajulia.com\/tienda\/producto\/pistola-aplicador-espuma-poliuretano-alyco\/\",\"url\":\"https:\/\/ferreteriajulia.com\/tienda\/producto\/pistola-aplicador-espuma-poliuretano-alyco\/\",\"name\":\"pistola aplicador espuma poliuretano ALYCO - Ferreter\u00eda Juli\u00e0\",\"isPartOf\":{\"@id\":\"https:\/\/ferreteriajulia.com\/tienda\/#website\"},\"primaryImageOfPage\":{\"@id\":\"https:\/\/ferreteriajulia.com\/tienda\/producto\/pistola-aplicador-espuma-poliuretano-alyco\/#primaryimage\"},\"image\":{\"@id\":\"https:\/\/ferreteriajulia.com\/tienda\/producto\/pistola-aplicador-espuma-poliuretano-alyco\/#primaryimage\"},\"thumbnailUrl\":\"https:\/\/ferreteriajulia.com\/tienda\/wp-content\/uploads\/2021\/04\/pistola-espuma-alyco-scaled.png\",\"datePublished\":\"2021-04-21T14:32:15+00:00\",\"dateModified\":\"2026-03-12T16:26:21+00:00\",\"description\":\"pistola aplicador espuma poliuretano ALYCO - Ferreter\u00eda Juli\u00e0 - Ferreter\u00eda Barcelona - 933 59 84 12 - info@ferreteriajulia.com - Gran variedad de productos\",\"breadcrumb\":{\"@id\":\"https:\/\/ferreteriajulia.com\/tienda\/producto\/pistola-aplicador-espuma-poliuretano-alyco\/#breadcrumb\"},\"inLanguage\":\"es\",\"potentialAction\":[{\"@type\":\"ReadAction\",\"target\":[\"https:\/\/ferreteriajulia.com\/tienda\/producto\/pistola-aplicador-espuma-poliuretano-alyco\/\"]}]},{\"@type\":\"ImageObject\",\"inLanguage\":\"es\",\"@id\":\"https:\/\/ferreteriajulia.com\/tienda\/producto\/pistola-aplicador-espuma-poliuretano-alyco\/#primaryimage\",\"url\":\"https:\/\/ferreteriajulia.com\/tienda\/wp-content\/uploads\/2021\/04\/pistola-espuma-alyco-scaled.png\",\"contentUrl\":\"https:\/\/ferreteriajulia.com\/tienda\/wp-content\/uploads\/2021\/04\/pistola-espuma-alyco-scaled.png\",\"width\":2560,\"height\":2091},{\"@type\":\"BreadcrumbList\",\"@id\":\"https:\/\/ferreteriajulia.com\/tienda\/producto\/pistola-aplicador-espuma-poliuretano-alyco\/#breadcrumb\",\"itemListElement\":[{\"@type\":\"ListItem\",\"position\":1,\"name\":\"Portada\",\"item\":\"https:\/\/ferreteriajulia.com\/tienda\/\"},{\"@type\":\"ListItem\",\"position\":2,\"name\":\"Tienda online\",\"item\":\"https:\/\/ferreteriajulia.com\/tienda\/shop\/\"},{\"@type\":\"ListItem\",\"position\":3,\"name\":\"pistola aplicador espuma poliuretano ALYCO\"}]},{\"@type\":\"WebSite\",\"@id\":\"https:\/\/ferreteriajulia.com\/tienda\/#website\",\"url\":\"https:\/\/ferreteriajulia.com\/tienda\/\",\"name\":\"Ferreter\u00eda Juli\u00e0\",\"description\":\"Ferreter\u00eda generalista, material para intalaciones y reparaciones.\",\"publisher\":{\"@id\":\"https:\/\/ferreteriajulia.com\/tienda\/#organization\"},\"potentialAction\":[{\"@type\":\"SearchAction\",\"target\":{\"@type\":\"EntryPoint\",\"urlTemplate\":\"https:\/\/ferreteriajulia.com\/tienda\/?s={search_term_string}\"},\"query-input\":{\"@type\":\"PropertyValueSpecification\",\"valueRequired\":true,\"valueName\":\"search_term_string\"}}],\"inLanguage\":\"es\"},{\"@type\":\"Organization\",\"@id\":\"https:\/\/ferreteriajulia.com\/tienda\/#organization\",\"name\":\"Ferreter\u00eda Juli\u00e0\",\"url\":\"https:\/\/ferreteriajulia.com\/tienda\/\",\"logo\":{\"@type\":\"ImageObject\",\"inLanguage\":\"es\",\"@id\":\"https:\/\/ferreteriajulia.com\/tienda\/#\/schema\/logo\/image\/\",\"url\":\"https:\/\/ferreteriajulia.com\/tienda\/wp-content\/uploads\/2023\/04\/LOGO_Ferreteria_Julia_HD-e1680625558319.png\",\"contentUrl\":\"https:\/\/ferreteriajulia.com\/tienda\/wp-content\/uploads\/2023\/04\/LOGO_Ferreteria_Julia_HD-e1680625558319.png\",\"width\":240,\"height\":89,\"caption\":\"Ferreter\u00eda Juli\u00e0\"},\"image\":{\"@id\":\"https:\/\/ferreteriajulia.com\/tienda\/#\/schema\/logo\/image\/\"}}]}<\/script>\n<!-- \/ Yoast SEO plugin. -->","yoast_head_json":{"title":"pistola aplicador espuma poliuretano ALYCO - Ferreter\u00eda Juli\u00e0","description":"pistola aplicador espuma poliuretano ALYCO - Ferreter\u00eda Juli\u00e0 - Ferreter\u00eda Barcelona - 933 59 84 12 - info@ferreteriajulia.com - Gran variedad de productos","robots":{"index":"index","follow":"follow","max-snippet":"max-snippet:-1","max-image-preview":"max-image-preview:large","max-video-preview":"max-video-preview:-1"},"canonical":"https:\/\/ferreteriajulia.com\/tienda\/producto\/pistola-aplicador-espuma-poliuretano-alyco\/","og_locale":"es_ES","og_type":"article","og_title":"pistola aplicador espuma poliuretano ALYCO - Ferreter\u00eda Juli\u00e0","og_description":"pistola aplicador espuma poliuretano ALYCO - Ferreter\u00eda Juli\u00e0 - Ferreter\u00eda Barcelona - 933 59 84 12 - info@ferreteriajulia.com - Gran variedad de productos","og_url":"https:\/\/ferreteriajulia.com\/tienda\/producto\/pistola-aplicador-espuma-poliuretano-alyco\/","og_site_name":"Ferreter\u00eda Juli\u00e0","article_modified_time":"2026-03-12T16:26:21+00:00","og_image":[{"width":2560,"height":2091,"url":"https:\/\/ferreteriajulia.com\/tienda\/wp-content\/uploads\/2021\/04\/pistola-espuma-alyco-scaled.png","type":"image\/png"}],"twitter_card":"summary_large_image","twitter_misc":{"Tiempo de lectura":"3 minutos"},"schema":{"@context":"https:\/\/schema.org","@graph":[{"@type":"WebPage","@id":"https:\/\/ferreteriajulia.com\/tienda\/producto\/pistola-aplicador-espuma-poliuretano-alyco\/","url":"https:\/\/ferreteriajulia.com\/tienda\/producto\/pistola-aplicador-espuma-poliuretano-alyco\/","name":"pistola aplicador espuma poliuretano ALYCO - Ferreter\u00eda Juli\u00e0","isPartOf":{"@id":"https:\/\/ferreteriajulia.com\/tienda\/#website"},"primaryImageOfPage":{"@id":"https:\/\/ferreteriajulia.com\/tienda\/producto\/pistola-aplicador-espuma-poliuretano-alyco\/#primaryimage"},"image":{"@id":"https:\/\/ferreteriajulia.com\/tienda\/producto\/pistola-aplicador-espuma-poliuretano-alyco\/#primaryimage"},"thumbnailUrl":"https:\/\/ferreteriajulia.com\/tienda\/wp-content\/uploads\/2021\/04\/pistola-espuma-alyco-scaled.png","datePublished":"2021-04-21T14:32:15+00:00","dateModified":"2026-03-12T16:26:21+00:00","description":"pistola aplicador espuma poliuretano ALYCO - Ferreter\u00eda Juli\u00e0 - Ferreter\u00eda Barcelona - 933 59 84 12 - info@ferreteriajulia.com - Gran variedad de productos","breadcrumb":{"@id":"https:\/\/ferreteriajulia.com\/tienda\/producto\/pistola-aplicador-espuma-poliuretano-alyco\/#breadcrumb"},"inLanguage":"es","potentialAction":[{"@type":"ReadAction","target":["https:\/\/ferreteriajulia.com\/tienda\/producto\/pistola-aplicador-espuma-poliuretano-alyco\/"]}]},{"@type":"ImageObject","inLanguage":"es","@id":"https:\/\/ferreteriajulia.com\/tienda\/producto\/pistola-aplicador-espuma-poliuretano-alyco\/#primaryimage","url":"https:\/\/ferreteriajulia.com\/tienda\/wp-content\/uploads\/2021\/04\/pistola-espuma-alyco-scaled.png","contentUrl":"https:\/\/ferreteriajulia.com\/tienda\/wp-content\/uploads\/2021\/04\/pistola-espuma-alyco-scaled.png","width":2560,"height":2091},{"@type":"BreadcrumbList","@id":"https:\/\/ferreteriajulia.com\/tienda\/producto\/pistola-aplicador-espuma-poliuretano-alyco\/#breadcrumb","itemListElement":[{"@type":"ListItem","position":1,"name":"Portada","item":"https:\/\/ferreteriajulia.com\/tienda\/"},{"@type":"ListItem","position":2,"name":"Tienda online","item":"https:\/\/ferreteriajulia.com\/tienda\/shop\/"},{"@type":"ListItem","position":3,"name":"pistola aplicador espuma poliuretano ALYCO"}]},{"@type":"WebSite","@id":"https:\/\/ferreteriajulia.com\/tienda\/#website","url":"https:\/\/ferreteriajulia.com\/tienda\/","name":"Ferreter\u00eda Juli\u00e0","description":"Ferreter\u00eda generalista, material para intalaciones y reparaciones.","publisher":{"@id":"https:\/\/ferreteriajulia.com\/tienda\/#organization"},"potentialAction":[{"@type":"SearchAction","target":{"@type":"EntryPoint","urlTemplate":"https:\/\/ferreteriajulia.com\/tienda\/?s={search_term_string}"},"query-input":{"@type":"PropertyValueSpecification","valueRequired":true,"valueName":"search_term_string"}}],"inLanguage":"es"},{"@type":"Organization","@id":"https:\/\/ferreteriajulia.com\/tienda\/#organization","name":"Ferreter\u00eda Juli\u00e0","url":"https:\/\/ferreteriajulia.com\/tienda\/","logo":{"@type":"ImageObject","inLanguage":"es","@id":"https:\/\/ferreteriajulia.com\/tienda\/#\/schema\/logo\/image\/","url":"https:\/\/ferreteriajulia.com\/tienda\/wp-content\/uploads\/2023\/04\/LOGO_Ferreteria_Julia_HD-e1680625558319.png","contentUrl":"https:\/\/ferreteriajulia.com\/tienda\/wp-content\/uploads\/2023\/04\/LOGO_Ferreteria_Julia_HD-e1680625558319.png","width":240,"height":89,"caption":"Ferreter\u00eda Juli\u00e0"},"image":{"@id":"https:\/\/ferreteriajulia.com\/tienda\/#\/schema\/logo\/image\/"}}]}},"_links":{"self":[{"href":"https:\/\/ferreteriajulia.com\/tienda\/wp-json\/wp\/v2\/product\/13300","targetHints":{"allow":["GET"]}}],"collection":[{"href":"https:\/\/ferreteriajulia.com\/tienda\/wp-json\/wp\/v2\/product"}],"about":[{"href":"https:\/\/ferreteriajulia.com\/tienda\/wp-json\/wp\/v2\/types\/product"}],"wp:featuredmedia":[{"embeddable":true,"href":"https:\/\/ferreteriajulia.com\/tienda\/wp-json\/wp\/v2\/media\/23097"}],"wp:attachment":[{"href":"https:\/\/ferreteriajulia.com\/tienda\/wp-json\/wp\/v2\/media?parent=13300"}],"wp:term":[{"taxonomy":"product_brand","embeddable":true,"href":"https:\/\/ferreteriajulia.com\/tienda\/wp-json\/wp\/v2\/product_brand?post=13300"},{"taxonomy":"product_cat","embeddable":true,"href":"https:\/\/ferreteriajulia.com\/tienda\/wp-json\/wp\/v2\/product_cat?post=13300"},{"taxonomy":"product_tag","embeddable":true,"href":"https:\/\/ferreteriajulia.com\/tienda\/wp-json\/wp\/v2\/product_tag?post=13300"}],"curies":[{"name":"wp","href":"https:\/\/api.w.org\/{rel}","templated":true}]}}