{"id":14025,"date":"2021-09-07T10:25:25","date_gmt":"2021-09-07T08:25:25","guid":{"rendered":"http:\/\/ferreteriajulia.com\/tienda\/?post_type=product&#038;p=14025"},"modified":"2026-03-12T10:31:08","modified_gmt":"2026-03-12T09:31:08","slug":"cilindro-ixxtron-code-30x40-leva-135mm-llave-puntos","status":"publish","type":"product","link":"https:\/\/ferreteriajulia.com\/tienda\/producto\/cilindro-ixxtron-code-30x40-leva-135mm-llave-puntos\/","title":{"rendered":"cilindro ixxtron CODE 30&#215;40 leva 13,5mm llave puntos"},"content":{"rendered":"<p>cilindro ixxtron CODE 30&#215;40 leva 13,5mm llave puntos<\/p>\n<p>6 pitones antiganzua<\/p>\n<p>protecci\u00f3n antitaladro<\/p>\n<p>protecci\u00f3n anti rotura<\/p>\n<p>ANTIBUMPING<\/p>\n<p>EN1303:2005<\/p>\n<p id=\"tw-target-text\" class=\"tw-data-text tw-text-large tw-ta\" dir=\"ltr\" tabindex=\"-1\" role=\"text\" data-placeholder=\"Traducci\u00f3\" data-ved=\"2ahUKEwjW_Kb895mTAxVGRv4FHW0lIRIQ3ewLegQIDBAW\" aria-label=\"Text tradu\u00eft: Caracter\u00edsticas T\u00e9cnicas Dimensiones: 60 mm de longitud total, dividido en 30 mm por cada lado (30x30), lo que lo hace totalmente sim\u00e9trico. Leva Corta (13,2 mm): A diferencia de la leva larga est\u00e1ndar (15 mm), esta medida es espec\u00edfica para ciertos tipos de cerraduras de sobreponer o de perfil met\u00e1lico donde el espacio de accionamiento es reducido. Acabado Latonado: Presenta un color dorado (lat\u00f3n pulido), ideal para combinar con herrajes del mismo tono. Tipo de Clave: Utiliza claves planas reversibles de puntos, lo que facilita su\"><span class=\"Y2IQFc\" lang=\"es\">Caracter\u00edsticas T\u00e9cnicas cilindro ixxtron CODE 30&#215;40 leva 13,5mm llave puntos:<\/span><\/p>\n<ul>\n<li class=\"tw-data-text tw-text-large tw-ta\" dir=\"ltr\" tabindex=\"-1\" role=\"text\" data-placeholder=\"Traducci\u00f3\" data-ved=\"2ahUKEwjW_Kb895mTAxVGRv4FHW0lIRIQ3ewLegQIDBAW\" aria-label=\"Text tradu\u00eft: Caracter\u00edsticas T\u00e9cnicas Dimensiones: 60 mm de longitud total, dividido en 30 mm por cada lado (30x30), lo que lo hace totalmente sim\u00e9trico. Leva Corta (13,2 mm): A diferencia de la leva larga est\u00e1ndar (15 mm), esta medida es espec\u00edfica para ciertos tipos de cerraduras de sobreponer o de perfil met\u00e1lico donde el espacio de accionamiento es reducido. Acabado Latonado: Presenta un color dorado (lat\u00f3n pulido), ideal para combinar con herrajes del mismo tono. Tipo de Clave: Utiliza claves planas reversibles de puntos, lo que facilita su\"><span class=\"Y2IQFc\" lang=\"es\">Dimensiones: 70 mm de longitud total, dividido en 30\u00d740mm.<\/span><\/li>\n<li class=\"tw-data-text tw-text-large tw-ta\" dir=\"ltr\" tabindex=\"-1\" role=\"text\" data-placeholder=\"Traducci\u00f3\" data-ved=\"2ahUKEwjW_Kb895mTAxVGRv4FHW0lIRIQ3ewLegQIDBAW\" aria-label=\"Text tradu\u00eft: Caracter\u00edsticas T\u00e9cnicas Dimensiones: 60 mm de longitud total, dividido en 30 mm por cada lado (30x30), lo que lo hace totalmente sim\u00e9trico. Leva Corta (13,2 mm): A diferencia de la leva larga est\u00e1ndar (15 mm), esta medida es espec\u00edfica para ciertos tipos de cerraduras de sobreponer o de perfil met\u00e1lico donde el espacio de accionamiento es reducido. Acabado Latonado: Presenta un color dorado (lat\u00f3n pulido), ideal para combinar con herrajes del mismo tono. Tipo de Clave: Utiliza claves planas reversibles de puntos, lo que facilita su\"><span class=\"Y2IQFc\" lang=\"es\">Leva Corta (13,2 mm): A diferencia de la leva larga est\u00e1ndar (15 mm), esta medida es espec\u00edfica para ciertos tipos de cerraduras de perfil met\u00e1lico donde el espacio de accionamiento es reducido. Generalmente carpinter\u00eda aluminio.<\/span><\/li>\n<li class=\"tw-data-text tw-text-large tw-ta\" dir=\"ltr\" tabindex=\"-1\" role=\"text\" data-placeholder=\"Traducci\u00f3\" data-ved=\"2ahUKEwjW_Kb895mTAxVGRv4FHW0lIRIQ3ewLegQIDBAW\" aria-label=\"Text tradu\u00eft: Caracter\u00edsticas T\u00e9cnicas Dimensiones: 60 mm de longitud total, dividido en 30 mm por cada lado (30x30), lo que lo hace totalmente sim\u00e9trico. Leva Corta (13,2 mm): A diferencia de la leva larga est\u00e1ndar (15 mm), esta medida es espec\u00edfica para ciertos tipos de cerraduras de sobreponer o de perfil met\u00e1lico donde el espacio de accionamiento es reducido. Acabado Latonado: Presenta un color dorado (lat\u00f3n pulido), ideal para combinar con herrajes del mismo tono. Tipo de Clave: Utiliza claves planas reversibles de puntos, lo que facilita su\"><span class=\"Y2IQFc\" lang=\"es\">Acabado: Presenta un color ideal para combinar con herrajes del mismo tono. <\/span><\/li>\n<li class=\"tw-data-text tw-text-large tw-ta\" dir=\"ltr\" tabindex=\"-1\" role=\"text\" data-placeholder=\"Traducci\u00f3\" data-ved=\"2ahUKEwjW_Kb895mTAxVGRv4FHW0lIRIQ3ewLegQIDBAW\" aria-label=\"Text tradu\u00eft: Caracter\u00edsticas T\u00e9cnicas Dimensiones: 60 mm de longitud total, dividido en 30 mm por cada lado (30x30), lo que lo hace totalmente sim\u00e9trico. Leva Corta (13,2 mm): A diferencia de la leva larga est\u00e1ndar (15 mm), esta medida es espec\u00edfica para ciertos tipos de cerraduras de sobreponer o de perfil met\u00e1lico donde el espacio de accionamiento es reducido. Acabado Latonado: Presenta un color dorado (lat\u00f3n pulido), ideal para combinar con herrajes del mismo tono. Tipo de Clave: Utiliza claves planas reversibles de puntos, lo que facilita su\"><span class=\"Y2IQFc\" lang=\"es\">Tipo de Llave: Utiliza llaves <a href=\"https:\/\/ferreteriajulia.com\/tienda\/producto\/copia-llave-puntos\/\">planas de puntos<\/a>, reversibles, lo que facilita su uso.<\/span><\/li>\n<li dir=\"ltr\" tabindex=\"-1\" role=\"text\" data-placeholder=\"Traducci\u00f3\" data-ved=\"2ahUKEwjW_Kb895mTAxVGRv4FHW0lIRIQ3ewLegQIDBAW\" aria-label=\"Text tradu\u00eft: Caracter\u00edsticas T\u00e9cnicas Dimensiones: 60 mm de longitud total, dividido en 30 mm por cada lado (30x30), lo que lo hace totalmente sim\u00e9trico. Leva Corta (13,2 mm): A diferencia de la leva larga est\u00e1ndar (15 mm), esta medida es espec\u00edfica para ciertos tipos de cerraduras de sobreponer o de perfil met\u00e1lico donde el espacio de accionamiento es reducido. Acabado Latonado: Presenta un color dorado (lat\u00f3n pulido), ideal para combinar con herrajes del mismo tono. Tipo de Clave: Utiliza claves planas reversibles de puntos, lo que facilita su\">posibilidad de amaestramiento si necesita varios con la misma llave.<\/li>\n<\/ul>\n<p>&nbsp;<\/p>\n<p><iframe loading=\"lazy\" class=\"wp-embedded-content\" title=\"\u00abduplicado llave puntos\u00bb \u2014 Ferreter\u00eda Juli\u00e0\" src=\"https:\/\/ferreteriajulia.com\/tienda\/producto\/copia-llave-puntos\/embed\/#?secret=qCYlDgLBh7#?secret=06NIUJS62A\" width=\"600\" height=\"319\" frameborder=\"0\" marginwidth=\"0\" marginheight=\"0\" scrolling=\"no\" sandbox=\"allow-scripts\" data-secret=\"06NIUJS62A\" data-mce-fragment=\"1\"><\/iframe><\/p>\n","protected":false},"excerpt":{"rendered":"<p>cilindro ixxtron CODE 30&#215;40 leva 13,5mm llave puntos<\/p>\n","protected":false},"featured_media":21203,"template":"","meta":{"_monsterinsights_skip_tracking":false,"_monsterinsights_sitenote_active":false,"_monsterinsights_sitenote_note":"","_monsterinsights_sitenote_category":0},"product_brand":[],"product_cat":[450],"product_tag":[],"class_list":{"0":"post-14025","1":"product","2":"type-product","3":"status-publish","4":"has-post-thumbnail","6":"product_cat-cilindros-varios","8":"first","9":"instock","10":"taxable","11":"shipping-taxable","12":"purchasable","13":"product-type-simple"},"yoast_head":"<!-- This site is optimized with the Yoast SEO plugin v27.4 - https:\/\/yoast.com\/product\/yoast-seo-wordpress\/ -->\n<title>cilindro ixxtron CODE 30x40 leva 13,5mm llave puntos - Ferreter\u00eda Juli\u00e0<\/title>\n<meta name=\"description\" content=\"cilindro ixxtron CODE 30x40 leva 13,5mm llave puntos - Ferreter\u00eda Juli\u00e0 - Ferreter\u00eda en Barcelona y venta On-line - telf.933 59 84 12 - info@ferreteriajulia.com - Gran variedad de productos\" \/>\n<meta name=\"robots\" content=\"index, follow, max-snippet:-1, max-image-preview:large, max-video-preview:-1\" \/>\n<link rel=\"canonical\" href=\"http:\/\/ferreteriajulia.com\/tienda\/producto\/cilindro-ixxtron-code-30x40-leva-135mm-llave-puntos\/\" \/>\n<meta property=\"og:locale\" content=\"es_ES\" \/>\n<meta property=\"og:type\" content=\"article\" \/>\n<meta property=\"og:title\" content=\"cilindro ixxtron CODE 30x40 leva 13,5mm llave puntos - Ferreter\u00eda Juli\u00e0\" \/>\n<meta property=\"og:description\" content=\"cilindro ixxtron CODE 30x40 leva 13,5mm llave puntos - Ferreter\u00eda Juli\u00e0 - Ferreter\u00eda en Barcelona y venta On-line - telf.933 59 84 12 - info@ferreteriajulia.com - Gran variedad de productos\" \/>\n<meta property=\"og:url\" content=\"http:\/\/ferreteriajulia.com\/tienda\/producto\/cilindro-ixxtron-code-30x40-leva-135mm-llave-puntos\/\" \/>\n<meta property=\"og:site_name\" content=\"Ferreter\u00eda Juli\u00e0\" \/>\n<meta property=\"article:modified_time\" content=\"2026-03-12T09:31:08+00:00\" \/>\n<meta property=\"og:image\" content=\"http:\/\/ferreteriajulia.com\/tienda\/wp-content\/uploads\/2021\/09\/cilindro-ixxtron-code-30x40-leva-13.jpg\" \/>\n\t<meta property=\"og:image:width\" content=\"1570\" \/>\n\t<meta property=\"og:image:height\" content=\"1356\" \/>\n\t<meta property=\"og:image:type\" content=\"image\/jpeg\" \/>\n<meta name=\"twitter:card\" content=\"summary_large_image\" \/>\n<meta name=\"twitter:label1\" content=\"Tiempo de lectura\" \/>\n\t<meta name=\"twitter:data1\" content=\"1 minuto\" \/>\n<script type=\"application\/ld+json\" class=\"yoast-schema-graph\">{\"@context\":\"https:\\\/\\\/schema.org\",\"@graph\":[{\"@type\":\"WebPage\",\"@id\":\"http:\\\/\\\/ferreteriajulia.com\\\/tienda\\\/producto\\\/cilindro-ixxtron-code-30x40-leva-135mm-llave-puntos\\\/\",\"url\":\"http:\\\/\\\/ferreteriajulia.com\\\/tienda\\\/producto\\\/cilindro-ixxtron-code-30x40-leva-135mm-llave-puntos\\\/\",\"name\":\"cilindro ixxtron CODE 30x40 leva 13,5mm llave puntos - Ferreter\u00eda Juli\u00e0\",\"isPartOf\":{\"@id\":\"https:\\\/\\\/ferreteriajulia.com\\\/tienda\\\/#website\"},\"primaryImageOfPage\":{\"@id\":\"http:\\\/\\\/ferreteriajulia.com\\\/tienda\\\/producto\\\/cilindro-ixxtron-code-30x40-leva-135mm-llave-puntos\\\/#primaryimage\"},\"image\":{\"@id\":\"http:\\\/\\\/ferreteriajulia.com\\\/tienda\\\/producto\\\/cilindro-ixxtron-code-30x40-leva-135mm-llave-puntos\\\/#primaryimage\"},\"thumbnailUrl\":\"https:\\\/\\\/ferreteriajulia.com\\\/tienda\\\/wp-content\\\/uploads\\\/2021\\\/09\\\/cilindro-ixxtron-code-30x40-leva-13.jpg\",\"datePublished\":\"2021-09-07T08:25:25+00:00\",\"dateModified\":\"2026-03-12T09:31:08+00:00\",\"description\":\"cilindro ixxtron CODE 30x40 leva 13,5mm llave puntos - Ferreter\u00eda Juli\u00e0 - Ferreter\u00eda en Barcelona y venta On-line - telf.933 59 84 12 - info@ferreteriajulia.com - Gran variedad de productos\",\"breadcrumb\":{\"@id\":\"http:\\\/\\\/ferreteriajulia.com\\\/tienda\\\/producto\\\/cilindro-ixxtron-code-30x40-leva-135mm-llave-puntos\\\/#breadcrumb\"},\"inLanguage\":\"es\",\"potentialAction\":[{\"@type\":\"ReadAction\",\"target\":[\"http:\\\/\\\/ferreteriajulia.com\\\/tienda\\\/producto\\\/cilindro-ixxtron-code-30x40-leva-135mm-llave-puntos\\\/\"]}]},{\"@type\":\"ImageObject\",\"inLanguage\":\"es\",\"@id\":\"http:\\\/\\\/ferreteriajulia.com\\\/tienda\\\/producto\\\/cilindro-ixxtron-code-30x40-leva-135mm-llave-puntos\\\/#primaryimage\",\"url\":\"https:\\\/\\\/ferreteriajulia.com\\\/tienda\\\/wp-content\\\/uploads\\\/2021\\\/09\\\/cilindro-ixxtron-code-30x40-leva-13.jpg\",\"contentUrl\":\"https:\\\/\\\/ferreteriajulia.com\\\/tienda\\\/wp-content\\\/uploads\\\/2021\\\/09\\\/cilindro-ixxtron-code-30x40-leva-13.jpg\",\"width\":1570,\"height\":1356},{\"@type\":\"BreadcrumbList\",\"@id\":\"http:\\\/\\\/ferreteriajulia.com\\\/tienda\\\/producto\\\/cilindro-ixxtron-code-30x40-leva-135mm-llave-puntos\\\/#breadcrumb\",\"itemListElement\":[{\"@type\":\"ListItem\",\"position\":1,\"name\":\"Portada\",\"item\":\"https:\\\/\\\/ferreteriajulia.com\\\/tienda\\\/\"},{\"@type\":\"ListItem\",\"position\":2,\"name\":\"Tienda online\",\"item\":\"https:\\\/\\\/ferreteriajulia.com\\\/tienda\\\/shop\\\/\"},{\"@type\":\"ListItem\",\"position\":3,\"name\":\"cilindro ixxtron CODE 30&#215;40 leva 13,5mm llave puntos\"}]},{\"@type\":\"WebSite\",\"@id\":\"https:\\\/\\\/ferreteriajulia.com\\\/tienda\\\/#website\",\"url\":\"https:\\\/\\\/ferreteriajulia.com\\\/tienda\\\/\",\"name\":\"Ferreter\u00eda Juli\u00e0\",\"description\":\"Ferreter\u00eda generalista, material para intalaciones y reparaciones.\",\"publisher\":{\"@id\":\"https:\\\/\\\/ferreteriajulia.com\\\/tienda\\\/#organization\"},\"potentialAction\":[{\"@type\":\"SearchAction\",\"target\":{\"@type\":\"EntryPoint\",\"urlTemplate\":\"https:\\\/\\\/ferreteriajulia.com\\\/tienda\\\/?s={search_term_string}\"},\"query-input\":{\"@type\":\"PropertyValueSpecification\",\"valueRequired\":true,\"valueName\":\"search_term_string\"}}],\"inLanguage\":\"es\"},{\"@type\":\"Organization\",\"@id\":\"https:\\\/\\\/ferreteriajulia.com\\\/tienda\\\/#organization\",\"name\":\"Ferreter\u00eda Juli\u00e0\",\"url\":\"https:\\\/\\\/ferreteriajulia.com\\\/tienda\\\/\",\"logo\":{\"@type\":\"ImageObject\",\"inLanguage\":\"es\",\"@id\":\"https:\\\/\\\/ferreteriajulia.com\\\/tienda\\\/#\\\/schema\\\/logo\\\/image\\\/\",\"url\":\"https:\\\/\\\/ferreteriajulia.com\\\/tienda\\\/wp-content\\\/uploads\\\/2023\\\/04\\\/LOGO_Ferreteria_Julia_HD-e1680625558319.png\",\"contentUrl\":\"https:\\\/\\\/ferreteriajulia.com\\\/tienda\\\/wp-content\\\/uploads\\\/2023\\\/04\\\/LOGO_Ferreteria_Julia_HD-e1680625558319.png\",\"width\":240,\"height\":89,\"caption\":\"Ferreter\u00eda Juli\u00e0\"},\"image\":{\"@id\":\"https:\\\/\\\/ferreteriajulia.com\\\/tienda\\\/#\\\/schema\\\/logo\\\/image\\\/\"}}]}<\/script>\n<!-- \/ Yoast SEO plugin. -->","yoast_head_json":{"title":"cilindro ixxtron CODE 30x40 leva 13,5mm llave puntos - Ferreter\u00eda Juli\u00e0","description":"cilindro ixxtron CODE 30x40 leva 13,5mm llave puntos - Ferreter\u00eda Juli\u00e0 - Ferreter\u00eda en Barcelona y venta On-line - telf.933 59 84 12 - info@ferreteriajulia.com - Gran variedad de productos","robots":{"index":"index","follow":"follow","max-snippet":"max-snippet:-1","max-image-preview":"max-image-preview:large","max-video-preview":"max-video-preview:-1"},"canonical":"http:\/\/ferreteriajulia.com\/tienda\/producto\/cilindro-ixxtron-code-30x40-leva-135mm-llave-puntos\/","og_locale":"es_ES","og_type":"article","og_title":"cilindro ixxtron CODE 30x40 leva 13,5mm llave puntos - Ferreter\u00eda Juli\u00e0","og_description":"cilindro ixxtron CODE 30x40 leva 13,5mm llave puntos - Ferreter\u00eda Juli\u00e0 - Ferreter\u00eda en Barcelona y venta On-line - telf.933 59 84 12 - info@ferreteriajulia.com - Gran variedad de productos","og_url":"http:\/\/ferreteriajulia.com\/tienda\/producto\/cilindro-ixxtron-code-30x40-leva-135mm-llave-puntos\/","og_site_name":"Ferreter\u00eda Juli\u00e0","article_modified_time":"2026-03-12T09:31:08+00:00","og_image":[{"width":1570,"height":1356,"url":"http:\/\/ferreteriajulia.com\/tienda\/wp-content\/uploads\/2021\/09\/cilindro-ixxtron-code-30x40-leva-13.jpg","type":"image\/jpeg"}],"twitter_card":"summary_large_image","twitter_misc":{"Tiempo de lectura":"1 minuto"},"schema":{"@context":"https:\/\/schema.org","@graph":[{"@type":"WebPage","@id":"http:\/\/ferreteriajulia.com\/tienda\/producto\/cilindro-ixxtron-code-30x40-leva-135mm-llave-puntos\/","url":"http:\/\/ferreteriajulia.com\/tienda\/producto\/cilindro-ixxtron-code-30x40-leva-135mm-llave-puntos\/","name":"cilindro ixxtron CODE 30x40 leva 13,5mm llave puntos - Ferreter\u00eda Juli\u00e0","isPartOf":{"@id":"https:\/\/ferreteriajulia.com\/tienda\/#website"},"primaryImageOfPage":{"@id":"http:\/\/ferreteriajulia.com\/tienda\/producto\/cilindro-ixxtron-code-30x40-leva-135mm-llave-puntos\/#primaryimage"},"image":{"@id":"http:\/\/ferreteriajulia.com\/tienda\/producto\/cilindro-ixxtron-code-30x40-leva-135mm-llave-puntos\/#primaryimage"},"thumbnailUrl":"https:\/\/ferreteriajulia.com\/tienda\/wp-content\/uploads\/2021\/09\/cilindro-ixxtron-code-30x40-leva-13.jpg","datePublished":"2021-09-07T08:25:25+00:00","dateModified":"2026-03-12T09:31:08+00:00","description":"cilindro ixxtron CODE 30x40 leva 13,5mm llave puntos - Ferreter\u00eda Juli\u00e0 - Ferreter\u00eda en Barcelona y venta On-line - telf.933 59 84 12 - info@ferreteriajulia.com - Gran variedad de productos","breadcrumb":{"@id":"http:\/\/ferreteriajulia.com\/tienda\/producto\/cilindro-ixxtron-code-30x40-leva-135mm-llave-puntos\/#breadcrumb"},"inLanguage":"es","potentialAction":[{"@type":"ReadAction","target":["http:\/\/ferreteriajulia.com\/tienda\/producto\/cilindro-ixxtron-code-30x40-leva-135mm-llave-puntos\/"]}]},{"@type":"ImageObject","inLanguage":"es","@id":"http:\/\/ferreteriajulia.com\/tienda\/producto\/cilindro-ixxtron-code-30x40-leva-135mm-llave-puntos\/#primaryimage","url":"https:\/\/ferreteriajulia.com\/tienda\/wp-content\/uploads\/2021\/09\/cilindro-ixxtron-code-30x40-leva-13.jpg","contentUrl":"https:\/\/ferreteriajulia.com\/tienda\/wp-content\/uploads\/2021\/09\/cilindro-ixxtron-code-30x40-leva-13.jpg","width":1570,"height":1356},{"@type":"BreadcrumbList","@id":"http:\/\/ferreteriajulia.com\/tienda\/producto\/cilindro-ixxtron-code-30x40-leva-135mm-llave-puntos\/#breadcrumb","itemListElement":[{"@type":"ListItem","position":1,"name":"Portada","item":"https:\/\/ferreteriajulia.com\/tienda\/"},{"@type":"ListItem","position":2,"name":"Tienda online","item":"https:\/\/ferreteriajulia.com\/tienda\/shop\/"},{"@type":"ListItem","position":3,"name":"cilindro ixxtron CODE 30&#215;40 leva 13,5mm llave puntos"}]},{"@type":"WebSite","@id":"https:\/\/ferreteriajulia.com\/tienda\/#website","url":"https:\/\/ferreteriajulia.com\/tienda\/","name":"Ferreter\u00eda Juli\u00e0","description":"Ferreter\u00eda generalista, material para intalaciones y reparaciones.","publisher":{"@id":"https:\/\/ferreteriajulia.com\/tienda\/#organization"},"potentialAction":[{"@type":"SearchAction","target":{"@type":"EntryPoint","urlTemplate":"https:\/\/ferreteriajulia.com\/tienda\/?s={search_term_string}"},"query-input":{"@type":"PropertyValueSpecification","valueRequired":true,"valueName":"search_term_string"}}],"inLanguage":"es"},{"@type":"Organization","@id":"https:\/\/ferreteriajulia.com\/tienda\/#organization","name":"Ferreter\u00eda Juli\u00e0","url":"https:\/\/ferreteriajulia.com\/tienda\/","logo":{"@type":"ImageObject","inLanguage":"es","@id":"https:\/\/ferreteriajulia.com\/tienda\/#\/schema\/logo\/image\/","url":"https:\/\/ferreteriajulia.com\/tienda\/wp-content\/uploads\/2023\/04\/LOGO_Ferreteria_Julia_HD-e1680625558319.png","contentUrl":"https:\/\/ferreteriajulia.com\/tienda\/wp-content\/uploads\/2023\/04\/LOGO_Ferreteria_Julia_HD-e1680625558319.png","width":240,"height":89,"caption":"Ferreter\u00eda Juli\u00e0"},"image":{"@id":"https:\/\/ferreteriajulia.com\/tienda\/#\/schema\/logo\/image\/"}}]}},"_links":{"self":[{"href":"https:\/\/ferreteriajulia.com\/tienda\/wp-json\/wp\/v2\/product\/14025","targetHints":{"allow":["GET"]}}],"collection":[{"href":"https:\/\/ferreteriajulia.com\/tienda\/wp-json\/wp\/v2\/product"}],"about":[{"href":"https:\/\/ferreteriajulia.com\/tienda\/wp-json\/wp\/v2\/types\/product"}],"wp:featuredmedia":[{"embeddable":true,"href":"https:\/\/ferreteriajulia.com\/tienda\/wp-json\/wp\/v2\/media\/21203"}],"wp:attachment":[{"href":"https:\/\/ferreteriajulia.com\/tienda\/wp-json\/wp\/v2\/media?parent=14025"}],"wp:term":[{"taxonomy":"product_brand","embeddable":true,"href":"https:\/\/ferreteriajulia.com\/tienda\/wp-json\/wp\/v2\/product_brand?post=14025"},{"taxonomy":"product_cat","embeddable":true,"href":"https:\/\/ferreteriajulia.com\/tienda\/wp-json\/wp\/v2\/product_cat?post=14025"},{"taxonomy":"product_tag","embeddable":true,"href":"https:\/\/ferreteriajulia.com\/tienda\/wp-json\/wp\/v2\/product_tag?post=14025"}],"curies":[{"name":"wp","href":"https:\/\/api.w.org\/{rel}","templated":true}]}}