{"id":14443,"date":"2022-04-20T12:44:17","date_gmt":"2022-04-20T10:44:17","guid":{"rendered":"http:\/\/ferreteriajulia.com\/tienda\/?post_type=product&#038;p=14443"},"modified":"2025-09-23T12:59:30","modified_gmt":"2025-09-23T10:59:30","slug":"estuche-10-minas-grafito-pica-dry-4030","status":"publish","type":"product","link":"https:\/\/ferreteriajulia.com\/tienda\/producto\/estuche-10-minas-grafito-pica-dry-4030\/","title":{"rendered":"estuche 10 minas grafito PICA-Dry 4030"},"content":{"rendered":"<div id=\"prod-puntos_clave\" class=\"col-xs-12 col-md-9 eltexto\">\n<ul>\n<li>Minas multiuso solubles al agua<\/li>\n<li>Para la mayor parte de superficies, ya sean secas o h\u00famedas, lisas o rugosas, polvorientas o aceitosas, claras u oscuras<\/li>\n<li>Puntas previamente afiladas<\/li>\n<li>Estuches de 10 minas<\/li>\n<\/ul>\n<\/div>\n<div id=\"prod-texto\" class=\"col-xs-12 col-md-9 eltexto\">\n<p>&nbsp;<\/p>\n<h4><strong>DESCRIPCI\u00d3N<\/strong><\/h4>\n<p><img decoding=\"async\" src=\"http:\/\/www.dateriumsystem.com\/appfiles\/clientes\/3\/catalogo\/pica_Premium-Quality_print.jpg\" alt=\"\" \/><br \/>\nMinas multiuso solubles al agua<br \/>\n\u00b7 Para la mayor parte de superficies, ya sean secas o h\u00famedas, lisas o rugosas, polvorientas o aceitosas, claras u oscuras<br \/>\n\u00b7 Se puede eliminar en superficies lisas con un pa\u00f1o h\u00famedo<br \/>\n\u00b7 Puntas previamente afiladas<br \/>\n\u00b7 Estuche resistente<\/p>\n<p>Disponibles en:<br \/>\nEstuches de 10 minas<\/p>\n<p><img decoding=\"async\" src=\"http:\/\/www.dateriumsystem.com\/appfiles\/clientes\/3\/catalogo\/pica_4020_DRY-Refills_Size_print.jpg\" alt=\"\" \/>\u00a0<img decoding=\"async\" src=\"http:\/\/www.dateriumsystem.com\/appfiles\/clientes\/3\/catalogo\/pica_dry_aps.jpg\" alt=\"\" \/><\/p>\n<\/div>\n","protected":false},"excerpt":{"rendered":"<p>Minas multiuso solubles al agua Para la mayor parte de superficies, ya sean secas o h\u00famedas, lisas o rugosas, polvorientas o aceitosas, claras u oscuras Puntas previamente afiladas Estuches de 10 minas &nbsp; DESCRIPCI\u00d3N Minas multiuso solubles al agua \u00b7 Para la mayor parte de superficies, ya sean secas o h\u00famedas, lisas o rugosas, polvorientas [&#8230;]\n","protected":false},"featured_media":14444,"template":"","meta":{"_monsterinsights_skip_tracking":false,"_monsterinsights_sitenote_active":false,"_monsterinsights_sitenote_note":"","_monsterinsights_sitenote_category":0},"product_brand":[],"product_cat":[859],"product_tag":[],"class_list":{"0":"post-14443","1":"product","2":"type-product","3":"status-publish","4":"has-post-thumbnail","6":"product_cat-medicion-y-marcadores","8":"first","9":"instock","10":"sale","11":"taxable","12":"shipping-taxable","13":"purchasable","14":"product-type-simple"},"yoast_head":"<!-- This site is optimized with the Yoast SEO plugin v27.4 - https:\/\/yoast.com\/product\/yoast-seo-wordpress\/ -->\n<title>estuche 10 minas grafito PICA-Dry 4030 - Ferreter\u00eda Juli\u00e0<\/title>\n<meta name=\"description\" content=\"estuche 10 minas grafito PICA-Dry 4030 - Ferreter\u00eda Juli\u00e0 - Ferreter\u00eda en Barcelona y venta On-line - telf.933 59 84 12 - info@ferreteriajulia.com - Gran variedad de productos\" \/>\n<meta name=\"robots\" content=\"index, follow, max-snippet:-1, max-image-preview:large, max-video-preview:-1\" \/>\n<link rel=\"canonical\" href=\"https:\/\/ferreteriajulia.com\/tienda\/producto\/estuche-10-minas-grafito-pica-dry-4030\/\" \/>\n<meta property=\"og:locale\" content=\"es_ES\" \/>\n<meta property=\"og:type\" content=\"article\" \/>\n<meta property=\"og:title\" content=\"estuche 10 minas grafito PICA-Dry 4030 - Ferreter\u00eda Juli\u00e0\" \/>\n<meta property=\"og:description\" content=\"estuche 10 minas grafito PICA-Dry 4030 - Ferreter\u00eda Juli\u00e0 - Ferreter\u00eda en Barcelona y venta On-line - telf.933 59 84 12 - info@ferreteriajulia.com - Gran variedad de productos\" \/>\n<meta property=\"og:url\" content=\"https:\/\/ferreteriajulia.com\/tienda\/producto\/estuche-10-minas-grafito-pica-dry-4030\/\" \/>\n<meta property=\"og:site_name\" content=\"Ferreter\u00eda Juli\u00e0\" \/>\n<meta property=\"article:modified_time\" content=\"2025-09-23T10:59:30+00:00\" \/>\n<meta property=\"og:image\" content=\"https:\/\/ferreteriajulia.com\/tienda\/wp-content\/uploads\/2022\/04\/estuche-minas-grafito-pica-dry-4030.jpg\" \/>\n\t<meta property=\"og:image:width\" content=\"450\" \/>\n\t<meta property=\"og:image:height\" content=\"345\" \/>\n\t<meta property=\"og:image:type\" content=\"image\/jpeg\" \/>\n<meta name=\"twitter:card\" content=\"summary_large_image\" \/>\n<meta name=\"twitter:label1\" content=\"Tiempo de lectura\" \/>\n\t<meta name=\"twitter:data1\" content=\"2 minutos\" \/>\n<script type=\"application\/ld+json\" class=\"yoast-schema-graph\">{\"@context\":\"https:\\\/\\\/schema.org\",\"@graph\":[{\"@type\":\"WebPage\",\"@id\":\"https:\\\/\\\/ferreteriajulia.com\\\/tienda\\\/producto\\\/estuche-10-minas-grafito-pica-dry-4030\\\/\",\"url\":\"https:\\\/\\\/ferreteriajulia.com\\\/tienda\\\/producto\\\/estuche-10-minas-grafito-pica-dry-4030\\\/\",\"name\":\"estuche 10 minas grafito PICA-Dry 4030 - Ferreter\u00eda Juli\u00e0\",\"isPartOf\":{\"@id\":\"http:\\\/\\\/ferreteriajulia.com\\\/tienda\\\/#website\"},\"primaryImageOfPage\":{\"@id\":\"https:\\\/\\\/ferreteriajulia.com\\\/tienda\\\/producto\\\/estuche-10-minas-grafito-pica-dry-4030\\\/#primaryimage\"},\"image\":{\"@id\":\"https:\\\/\\\/ferreteriajulia.com\\\/tienda\\\/producto\\\/estuche-10-minas-grafito-pica-dry-4030\\\/#primaryimage\"},\"thumbnailUrl\":\"https:\\\/\\\/ferreteriajulia.com\\\/tienda\\\/wp-content\\\/uploads\\\/2022\\\/04\\\/estuche-minas-grafito-pica-dry-4030.jpg\",\"datePublished\":\"2022-04-20T10:44:17+00:00\",\"dateModified\":\"2025-09-23T10:59:30+00:00\",\"description\":\"estuche 10 minas grafito PICA-Dry 4030 - Ferreter\u00eda Juli\u00e0 - Ferreter\u00eda en Barcelona y venta On-line - telf.933 59 84 12 - info@ferreteriajulia.com - Gran variedad de productos\",\"breadcrumb\":{\"@id\":\"https:\\\/\\\/ferreteriajulia.com\\\/tienda\\\/producto\\\/estuche-10-minas-grafito-pica-dry-4030\\\/#breadcrumb\"},\"inLanguage\":\"es\",\"potentialAction\":[{\"@type\":\"ReadAction\",\"target\":[\"https:\\\/\\\/ferreteriajulia.com\\\/tienda\\\/producto\\\/estuche-10-minas-grafito-pica-dry-4030\\\/\"]}]},{\"@type\":\"ImageObject\",\"inLanguage\":\"es\",\"@id\":\"https:\\\/\\\/ferreteriajulia.com\\\/tienda\\\/producto\\\/estuche-10-minas-grafito-pica-dry-4030\\\/#primaryimage\",\"url\":\"https:\\\/\\\/ferreteriajulia.com\\\/tienda\\\/wp-content\\\/uploads\\\/2022\\\/04\\\/estuche-minas-grafito-pica-dry-4030.jpg\",\"contentUrl\":\"https:\\\/\\\/ferreteriajulia.com\\\/tienda\\\/wp-content\\\/uploads\\\/2022\\\/04\\\/estuche-minas-grafito-pica-dry-4030.jpg\",\"width\":450,\"height\":345},{\"@type\":\"BreadcrumbList\",\"@id\":\"https:\\\/\\\/ferreteriajulia.com\\\/tienda\\\/producto\\\/estuche-10-minas-grafito-pica-dry-4030\\\/#breadcrumb\",\"itemListElement\":[{\"@type\":\"ListItem\",\"position\":1,\"name\":\"Portada\",\"item\":\"http:\\\/\\\/ferreteriajulia.com\\\/tienda\\\/\"},{\"@type\":\"ListItem\",\"position\":2,\"name\":\"Tienda online\",\"item\":\"http:\\\/\\\/ferreteriajulia.com\\\/tienda\\\/shop\\\/\"},{\"@type\":\"ListItem\",\"position\":3,\"name\":\"estuche 10 minas grafito PICA-Dry 4030\"}]},{\"@type\":\"WebSite\",\"@id\":\"http:\\\/\\\/ferreteriajulia.com\\\/tienda\\\/#website\",\"url\":\"http:\\\/\\\/ferreteriajulia.com\\\/tienda\\\/\",\"name\":\"Ferreter\u00eda Juli\u00e0\",\"description\":\"Ferreter\u00eda generalista, material para intalaciones y reparaciones.\",\"publisher\":{\"@id\":\"http:\\\/\\\/ferreteriajulia.com\\\/tienda\\\/#organization\"},\"potentialAction\":[{\"@type\":\"SearchAction\",\"target\":{\"@type\":\"EntryPoint\",\"urlTemplate\":\"http:\\\/\\\/ferreteriajulia.com\\\/tienda\\\/?s={search_term_string}\"},\"query-input\":{\"@type\":\"PropertyValueSpecification\",\"valueRequired\":true,\"valueName\":\"search_term_string\"}}],\"inLanguage\":\"es\"},{\"@type\":\"Organization\",\"@id\":\"http:\\\/\\\/ferreteriajulia.com\\\/tienda\\\/#organization\",\"name\":\"Ferreter\u00eda Juli\u00e0\",\"url\":\"http:\\\/\\\/ferreteriajulia.com\\\/tienda\\\/\",\"logo\":{\"@type\":\"ImageObject\",\"inLanguage\":\"es\",\"@id\":\"http:\\\/\\\/ferreteriajulia.com\\\/tienda\\\/#\\\/schema\\\/logo\\\/image\\\/\",\"url\":\"https:\\\/\\\/ferreteriajulia.com\\\/tienda\\\/wp-content\\\/uploads\\\/2023\\\/04\\\/LOGO_Ferreteria_Julia_HD-e1680625558319.png\",\"contentUrl\":\"https:\\\/\\\/ferreteriajulia.com\\\/tienda\\\/wp-content\\\/uploads\\\/2023\\\/04\\\/LOGO_Ferreteria_Julia_HD-e1680625558319.png\",\"width\":240,\"height\":89,\"caption\":\"Ferreter\u00eda Juli\u00e0\"},\"image\":{\"@id\":\"http:\\\/\\\/ferreteriajulia.com\\\/tienda\\\/#\\\/schema\\\/logo\\\/image\\\/\"}}]}<\/script>\n<!-- \/ Yoast SEO plugin. -->","yoast_head_json":{"title":"estuche 10 minas grafito PICA-Dry 4030 - Ferreter\u00eda Juli\u00e0","description":"estuche 10 minas grafito PICA-Dry 4030 - Ferreter\u00eda Juli\u00e0 - Ferreter\u00eda en Barcelona y venta On-line - telf.933 59 84 12 - info@ferreteriajulia.com - Gran variedad de productos","robots":{"index":"index","follow":"follow","max-snippet":"max-snippet:-1","max-image-preview":"max-image-preview:large","max-video-preview":"max-video-preview:-1"},"canonical":"https:\/\/ferreteriajulia.com\/tienda\/producto\/estuche-10-minas-grafito-pica-dry-4030\/","og_locale":"es_ES","og_type":"article","og_title":"estuche 10 minas grafito PICA-Dry 4030 - Ferreter\u00eda Juli\u00e0","og_description":"estuche 10 minas grafito PICA-Dry 4030 - Ferreter\u00eda Juli\u00e0 - Ferreter\u00eda en Barcelona y venta On-line - telf.933 59 84 12 - info@ferreteriajulia.com - Gran variedad de productos","og_url":"https:\/\/ferreteriajulia.com\/tienda\/producto\/estuche-10-minas-grafito-pica-dry-4030\/","og_site_name":"Ferreter\u00eda Juli\u00e0","article_modified_time":"2025-09-23T10:59:30+00:00","og_image":[{"width":450,"height":345,"url":"https:\/\/ferreteriajulia.com\/tienda\/wp-content\/uploads\/2022\/04\/estuche-minas-grafito-pica-dry-4030.jpg","type":"image\/jpeg"}],"twitter_card":"summary_large_image","twitter_misc":{"Tiempo de lectura":"2 minutos"},"schema":{"@context":"https:\/\/schema.org","@graph":[{"@type":"WebPage","@id":"https:\/\/ferreteriajulia.com\/tienda\/producto\/estuche-10-minas-grafito-pica-dry-4030\/","url":"https:\/\/ferreteriajulia.com\/tienda\/producto\/estuche-10-minas-grafito-pica-dry-4030\/","name":"estuche 10 minas grafito PICA-Dry 4030 - Ferreter\u00eda Juli\u00e0","isPartOf":{"@id":"http:\/\/ferreteriajulia.com\/tienda\/#website"},"primaryImageOfPage":{"@id":"https:\/\/ferreteriajulia.com\/tienda\/producto\/estuche-10-minas-grafito-pica-dry-4030\/#primaryimage"},"image":{"@id":"https:\/\/ferreteriajulia.com\/tienda\/producto\/estuche-10-minas-grafito-pica-dry-4030\/#primaryimage"},"thumbnailUrl":"https:\/\/ferreteriajulia.com\/tienda\/wp-content\/uploads\/2022\/04\/estuche-minas-grafito-pica-dry-4030.jpg","datePublished":"2022-04-20T10:44:17+00:00","dateModified":"2025-09-23T10:59:30+00:00","description":"estuche 10 minas grafito PICA-Dry 4030 - Ferreter\u00eda Juli\u00e0 - Ferreter\u00eda en Barcelona y venta On-line - telf.933 59 84 12 - info@ferreteriajulia.com - Gran variedad de productos","breadcrumb":{"@id":"https:\/\/ferreteriajulia.com\/tienda\/producto\/estuche-10-minas-grafito-pica-dry-4030\/#breadcrumb"},"inLanguage":"es","potentialAction":[{"@type":"ReadAction","target":["https:\/\/ferreteriajulia.com\/tienda\/producto\/estuche-10-minas-grafito-pica-dry-4030\/"]}]},{"@type":"ImageObject","inLanguage":"es","@id":"https:\/\/ferreteriajulia.com\/tienda\/producto\/estuche-10-minas-grafito-pica-dry-4030\/#primaryimage","url":"https:\/\/ferreteriajulia.com\/tienda\/wp-content\/uploads\/2022\/04\/estuche-minas-grafito-pica-dry-4030.jpg","contentUrl":"https:\/\/ferreteriajulia.com\/tienda\/wp-content\/uploads\/2022\/04\/estuche-minas-grafito-pica-dry-4030.jpg","width":450,"height":345},{"@type":"BreadcrumbList","@id":"https:\/\/ferreteriajulia.com\/tienda\/producto\/estuche-10-minas-grafito-pica-dry-4030\/#breadcrumb","itemListElement":[{"@type":"ListItem","position":1,"name":"Portada","item":"http:\/\/ferreteriajulia.com\/tienda\/"},{"@type":"ListItem","position":2,"name":"Tienda online","item":"http:\/\/ferreteriajulia.com\/tienda\/shop\/"},{"@type":"ListItem","position":3,"name":"estuche 10 minas grafito PICA-Dry 4030"}]},{"@type":"WebSite","@id":"http:\/\/ferreteriajulia.com\/tienda\/#website","url":"http:\/\/ferreteriajulia.com\/tienda\/","name":"Ferreter\u00eda Juli\u00e0","description":"Ferreter\u00eda generalista, material para intalaciones y reparaciones.","publisher":{"@id":"http:\/\/ferreteriajulia.com\/tienda\/#organization"},"potentialAction":[{"@type":"SearchAction","target":{"@type":"EntryPoint","urlTemplate":"http:\/\/ferreteriajulia.com\/tienda\/?s={search_term_string}"},"query-input":{"@type":"PropertyValueSpecification","valueRequired":true,"valueName":"search_term_string"}}],"inLanguage":"es"},{"@type":"Organization","@id":"http:\/\/ferreteriajulia.com\/tienda\/#organization","name":"Ferreter\u00eda Juli\u00e0","url":"http:\/\/ferreteriajulia.com\/tienda\/","logo":{"@type":"ImageObject","inLanguage":"es","@id":"http:\/\/ferreteriajulia.com\/tienda\/#\/schema\/logo\/image\/","url":"https:\/\/ferreteriajulia.com\/tienda\/wp-content\/uploads\/2023\/04\/LOGO_Ferreteria_Julia_HD-e1680625558319.png","contentUrl":"https:\/\/ferreteriajulia.com\/tienda\/wp-content\/uploads\/2023\/04\/LOGO_Ferreteria_Julia_HD-e1680625558319.png","width":240,"height":89,"caption":"Ferreter\u00eda Juli\u00e0"},"image":{"@id":"http:\/\/ferreteriajulia.com\/tienda\/#\/schema\/logo\/image\/"}}]}},"_links":{"self":[{"href":"https:\/\/ferreteriajulia.com\/tienda\/wp-json\/wp\/v2\/product\/14443","targetHints":{"allow":["GET"]}}],"collection":[{"href":"https:\/\/ferreteriajulia.com\/tienda\/wp-json\/wp\/v2\/product"}],"about":[{"href":"https:\/\/ferreteriajulia.com\/tienda\/wp-json\/wp\/v2\/types\/product"}],"wp:featuredmedia":[{"embeddable":true,"href":"https:\/\/ferreteriajulia.com\/tienda\/wp-json\/wp\/v2\/media\/14444"}],"wp:attachment":[{"href":"https:\/\/ferreteriajulia.com\/tienda\/wp-json\/wp\/v2\/media?parent=14443"}],"wp:term":[{"taxonomy":"product_brand","embeddable":true,"href":"https:\/\/ferreteriajulia.com\/tienda\/wp-json\/wp\/v2\/product_brand?post=14443"},{"taxonomy":"product_cat","embeddable":true,"href":"https:\/\/ferreteriajulia.com\/tienda\/wp-json\/wp\/v2\/product_cat?post=14443"},{"taxonomy":"product_tag","embeddable":true,"href":"https:\/\/ferreteriajulia.com\/tienda\/wp-json\/wp\/v2\/product_tag?post=14443"}],"curies":[{"name":"wp","href":"https:\/\/api.w.org\/{rel}","templated":true}]}}