{"id":15675,"date":"2023-04-14T13:37:14","date_gmt":"2023-04-14T11:37:14","guid":{"rendered":"https:\/\/ferreteriajulia.com\/tienda\/?post_type=product&#038;p=15675"},"modified":"2024-06-20T13:16:09","modified_gmt":"2024-06-20T11:16:09","slug":"matacarcoma-prevalien-pro-spray-500ml","status":"publish","type":"product","link":"https:\/\/ferreteriajulia.com\/tienda\/producto\/matacarcoma-prevalien-pro-spray-500ml\/","title":{"rendered":"matacarcoma PREVALIEN Pro spray 500ml"},"content":{"rendered":"<div class=\"page-title-wrapper product\">\n<p class=\"page-title\">matacarcoma PREVALIEN Pro spray 500ml<\/p>\n<\/div>\n<div class=\"product attribute description\">\n<div class=\"value\">Protector de madera en aerosol frente a xil\u00f3fagos (carcoma y termitas) de aplicaci\u00f3n directa mediante pulverizaci\u00f3n o inyecci\u00f3n por c\u00e1nula para tratamientos preventivos y curativos.<\/div>\n<\/div>\n<div class=\"product-info-section characteristics\">\n<p class=\"product-info-text\"><strong class=\"product-info-title\">CARACTER\u00cdSTICAS<\/strong><span class=\"product-info-content\"><span class=\"line\">&#8211; El Aerosol incorpora c\u00e1nula de inyecci\u00f3n integrado para tratamientos localizados en los orificios de salida de la carcoma.<\/span><span class=\"line\">&#8211;<\/span><\/span><\/p>\n<p class=\"product-info-text\"><span class=\"product-info-content\"><span class=\"line\"> Protecci\u00f3n frente a CLASE DE RIESGO 2: Madera en el interior o bajo cubierta con elevada humedad ambiental.<\/span><\/span><\/p>\n<p class=\"product-info-text\"><span class=\"product-info-content\"><span class=\"line\">No altera las caracter\u00edsticas de la madera.<\/span><\/span><\/p>\n<p class=\"product-info-text\"><span class=\"product-info-content\"><span class=\"line\">Alta eficacia con dosificaciones bajas y alto poder de difusi\u00f3n.<\/span><\/span><\/p>\n<p class=\"product-info-text\"><span class=\"product-info-content\"><span class=\"line\">Cumple con las normas de eficacia: EN46, EN73 y EN84 (Determinaci\u00f3n de la eficacia preventiva contra larvas) y UNE-EN117, EN73 y EN84 (Determinaci\u00f3n del umbral de eficacia contra termitas).<\/span><\/span><\/p>\n<\/div>\n","protected":false},"excerpt":{"rendered":"<p>matacarcoma PREVALIEN Pro spray 500ml Protector de madera en aerosol frente a xil\u00f3fagos (carcoma y termitas) de aplicaci\u00f3n directa mediante pulverizaci\u00f3n o inyecci\u00f3n por c\u00e1nula para tratamientos preventivos y curativos. CARACTER\u00cdSTICAS&#8211; El Aerosol incorpora c\u00e1nula de inyecci\u00f3n integrado para tratamientos localizados en los orificios de salida de la carcoma.&#8211; Protecci\u00f3n frente a CLASE DE RIESGO [&#8230;]\n","protected":false},"featured_media":15676,"template":"","meta":{"_monsterinsights_skip_tracking":false,"_monsterinsights_sitenote_active":false,"_monsterinsights_sitenote_note":"","_monsterinsights_sitenote_category":0},"product_brand":[],"product_cat":[842],"product_tag":[],"class_list":{"0":"post-15675","1":"product","2":"type-product","3":"status-publish","4":"has-post-thumbnail","6":"product_cat-insecticidas","8":"first","9":"instock","10":"taxable","11":"shipping-taxable","12":"purchasable","13":"product-type-simple"},"yoast_head":"<!-- This site is optimized with the Yoast SEO plugin v27.1.1 - https:\/\/yoast.com\/product\/yoast-seo-wordpress\/ -->\n<title>matacarcoma PREVALIEN Pro spray 500ml - Ferreter\u00eda Juli\u00e0<\/title>\n<meta name=\"description\" content=\"matacarcoma PREVALIEN Pro spray 500ml - Ferreter\u00eda Juli\u00e0 - Ferreter\u00eda Barcelona - 933 59 84 12 - info@ferreteriajulia.com - Gran variedad de productos\" \/>\n<meta name=\"robots\" content=\"index, follow, max-snippet:-1, max-image-preview:large, max-video-preview:-1\" \/>\n<link rel=\"canonical\" href=\"https:\/\/ferreteriajulia.com\/tienda\/producto\/matacarcoma-prevalien-pro-spray-500ml\/\" \/>\n<meta property=\"og:locale\" content=\"es_ES\" \/>\n<meta property=\"og:type\" content=\"article\" \/>\n<meta property=\"og:title\" content=\"matacarcoma PREVALIEN Pro spray 500ml - Ferreter\u00eda Juli\u00e0\" \/>\n<meta property=\"og:description\" content=\"matacarcoma PREVALIEN Pro spray 500ml - Ferreter\u00eda Juli\u00e0 - Ferreter\u00eda Barcelona - 933 59 84 12 - info@ferreteriajulia.com - Gran variedad de productos\" \/>\n<meta property=\"og:url\" content=\"https:\/\/ferreteriajulia.com\/tienda\/producto\/matacarcoma-prevalien-pro-spray-500ml\/\" \/>\n<meta property=\"og:site_name\" content=\"Ferreter\u00eda Juli\u00e0\" \/>\n<meta property=\"article:modified_time\" content=\"2024-06-20T11:16:09+00:00\" \/>\n<meta property=\"og:image\" content=\"https:\/\/ferreteriajulia.com\/tienda\/wp-content\/uploads\/2023\/04\/matacarcoma-spray.jpg\" \/>\n\t<meta property=\"og:image:width\" content=\"1344\" \/>\n\t<meta property=\"og:image:height\" content=\"1412\" \/>\n\t<meta property=\"og:image:type\" content=\"image\/jpeg\" \/>\n<meta name=\"twitter:card\" content=\"summary_large_image\" \/>\n<meta name=\"twitter:label1\" content=\"Tiempo de lectura\" \/>\n\t<meta name=\"twitter:data1\" content=\"1 minuto\" \/>\n<script type=\"application\/ld+json\" class=\"yoast-schema-graph\">{\"@context\":\"https:\/\/schema.org\",\"@graph\":[{\"@type\":\"WebPage\",\"@id\":\"https:\/\/ferreteriajulia.com\/tienda\/producto\/matacarcoma-prevalien-pro-spray-500ml\/\",\"url\":\"https:\/\/ferreteriajulia.com\/tienda\/producto\/matacarcoma-prevalien-pro-spray-500ml\/\",\"name\":\"matacarcoma PREVALIEN Pro spray 500ml - Ferreter\u00eda Juli\u00e0\",\"isPartOf\":{\"@id\":\"http:\/\/ferreteriajulia.com\/tienda\/#website\"},\"primaryImageOfPage\":{\"@id\":\"https:\/\/ferreteriajulia.com\/tienda\/producto\/matacarcoma-prevalien-pro-spray-500ml\/#primaryimage\"},\"image\":{\"@id\":\"https:\/\/ferreteriajulia.com\/tienda\/producto\/matacarcoma-prevalien-pro-spray-500ml\/#primaryimage\"},\"thumbnailUrl\":\"https:\/\/ferreteriajulia.com\/tienda\/wp-content\/uploads\/2023\/04\/matacarcoma-spray.jpg\",\"datePublished\":\"2023-04-14T11:37:14+00:00\",\"dateModified\":\"2024-06-20T11:16:09+00:00\",\"description\":\"matacarcoma PREVALIEN Pro spray 500ml - Ferreter\u00eda Juli\u00e0 - Ferreter\u00eda Barcelona - 933 59 84 12 - info@ferreteriajulia.com - Gran variedad de productos\",\"breadcrumb\":{\"@id\":\"https:\/\/ferreteriajulia.com\/tienda\/producto\/matacarcoma-prevalien-pro-spray-500ml\/#breadcrumb\"},\"inLanguage\":\"es\",\"potentialAction\":[{\"@type\":\"ReadAction\",\"target\":[\"https:\/\/ferreteriajulia.com\/tienda\/producto\/matacarcoma-prevalien-pro-spray-500ml\/\"]}]},{\"@type\":\"ImageObject\",\"inLanguage\":\"es\",\"@id\":\"https:\/\/ferreteriajulia.com\/tienda\/producto\/matacarcoma-prevalien-pro-spray-500ml\/#primaryimage\",\"url\":\"https:\/\/ferreteriajulia.com\/tienda\/wp-content\/uploads\/2023\/04\/matacarcoma-spray.jpg\",\"contentUrl\":\"https:\/\/ferreteriajulia.com\/tienda\/wp-content\/uploads\/2023\/04\/matacarcoma-spray.jpg\",\"width\":1344,\"height\":1412},{\"@type\":\"BreadcrumbList\",\"@id\":\"https:\/\/ferreteriajulia.com\/tienda\/producto\/matacarcoma-prevalien-pro-spray-500ml\/#breadcrumb\",\"itemListElement\":[{\"@type\":\"ListItem\",\"position\":1,\"name\":\"Portada\",\"item\":\"https:\/\/ferreteriajulia.com\/tienda\/\"},{\"@type\":\"ListItem\",\"position\":2,\"name\":\"Tienda online\",\"item\":\"http:\/\/ferreteriajulia.com\/tienda\/shop\/\"},{\"@type\":\"ListItem\",\"position\":3,\"name\":\"matacarcoma PREVALIEN Pro spray 500ml\"}]},{\"@type\":\"WebSite\",\"@id\":\"http:\/\/ferreteriajulia.com\/tienda\/#website\",\"url\":\"http:\/\/ferreteriajulia.com\/tienda\/\",\"name\":\"Ferreter\u00eda Juli\u00e0\",\"description\":\"Ferreter\u00eda generalista, material para intalaciones y reparaciones.\",\"publisher\":{\"@id\":\"http:\/\/ferreteriajulia.com\/tienda\/#organization\"},\"potentialAction\":[{\"@type\":\"SearchAction\",\"target\":{\"@type\":\"EntryPoint\",\"urlTemplate\":\"http:\/\/ferreteriajulia.com\/tienda\/?s={search_term_string}\"},\"query-input\":{\"@type\":\"PropertyValueSpecification\",\"valueRequired\":true,\"valueName\":\"search_term_string\"}}],\"inLanguage\":\"es\"},{\"@type\":\"Organization\",\"@id\":\"http:\/\/ferreteriajulia.com\/tienda\/#organization\",\"name\":\"Ferreter\u00eda Juli\u00e0\",\"url\":\"http:\/\/ferreteriajulia.com\/tienda\/\",\"logo\":{\"@type\":\"ImageObject\",\"inLanguage\":\"es\",\"@id\":\"http:\/\/ferreteriajulia.com\/tienda\/#\/schema\/logo\/image\/\",\"url\":\"https:\/\/ferreteriajulia.com\/tienda\/wp-content\/uploads\/2023\/04\/LOGO_Ferreteria_Julia_HD-e1680625558319.png\",\"contentUrl\":\"https:\/\/ferreteriajulia.com\/tienda\/wp-content\/uploads\/2023\/04\/LOGO_Ferreteria_Julia_HD-e1680625558319.png\",\"width\":240,\"height\":89,\"caption\":\"Ferreter\u00eda Juli\u00e0\"},\"image\":{\"@id\":\"http:\/\/ferreteriajulia.com\/tienda\/#\/schema\/logo\/image\/\"}}]}<\/script>\n<!-- \/ Yoast SEO plugin. -->","yoast_head_json":{"title":"matacarcoma PREVALIEN Pro spray 500ml - Ferreter\u00eda Juli\u00e0","description":"matacarcoma PREVALIEN Pro spray 500ml - Ferreter\u00eda Juli\u00e0 - Ferreter\u00eda Barcelona - 933 59 84 12 - info@ferreteriajulia.com - Gran variedad de productos","robots":{"index":"index","follow":"follow","max-snippet":"max-snippet:-1","max-image-preview":"max-image-preview:large","max-video-preview":"max-video-preview:-1"},"canonical":"https:\/\/ferreteriajulia.com\/tienda\/producto\/matacarcoma-prevalien-pro-spray-500ml\/","og_locale":"es_ES","og_type":"article","og_title":"matacarcoma PREVALIEN Pro spray 500ml - Ferreter\u00eda Juli\u00e0","og_description":"matacarcoma PREVALIEN Pro spray 500ml - Ferreter\u00eda Juli\u00e0 - Ferreter\u00eda Barcelona - 933 59 84 12 - info@ferreteriajulia.com - Gran variedad de productos","og_url":"https:\/\/ferreteriajulia.com\/tienda\/producto\/matacarcoma-prevalien-pro-spray-500ml\/","og_site_name":"Ferreter\u00eda Juli\u00e0","article_modified_time":"2024-06-20T11:16:09+00:00","og_image":[{"width":1344,"height":1412,"url":"https:\/\/ferreteriajulia.com\/tienda\/wp-content\/uploads\/2023\/04\/matacarcoma-spray.jpg","type":"image\/jpeg"}],"twitter_card":"summary_large_image","twitter_misc":{"Tiempo de lectura":"1 minuto"},"schema":{"@context":"https:\/\/schema.org","@graph":[{"@type":"WebPage","@id":"https:\/\/ferreteriajulia.com\/tienda\/producto\/matacarcoma-prevalien-pro-spray-500ml\/","url":"https:\/\/ferreteriajulia.com\/tienda\/producto\/matacarcoma-prevalien-pro-spray-500ml\/","name":"matacarcoma PREVALIEN Pro spray 500ml - Ferreter\u00eda Juli\u00e0","isPartOf":{"@id":"http:\/\/ferreteriajulia.com\/tienda\/#website"},"primaryImageOfPage":{"@id":"https:\/\/ferreteriajulia.com\/tienda\/producto\/matacarcoma-prevalien-pro-spray-500ml\/#primaryimage"},"image":{"@id":"https:\/\/ferreteriajulia.com\/tienda\/producto\/matacarcoma-prevalien-pro-spray-500ml\/#primaryimage"},"thumbnailUrl":"https:\/\/ferreteriajulia.com\/tienda\/wp-content\/uploads\/2023\/04\/matacarcoma-spray.jpg","datePublished":"2023-04-14T11:37:14+00:00","dateModified":"2024-06-20T11:16:09+00:00","description":"matacarcoma PREVALIEN Pro spray 500ml - Ferreter\u00eda Juli\u00e0 - Ferreter\u00eda Barcelona - 933 59 84 12 - info@ferreteriajulia.com - Gran variedad de productos","breadcrumb":{"@id":"https:\/\/ferreteriajulia.com\/tienda\/producto\/matacarcoma-prevalien-pro-spray-500ml\/#breadcrumb"},"inLanguage":"es","potentialAction":[{"@type":"ReadAction","target":["https:\/\/ferreteriajulia.com\/tienda\/producto\/matacarcoma-prevalien-pro-spray-500ml\/"]}]},{"@type":"ImageObject","inLanguage":"es","@id":"https:\/\/ferreteriajulia.com\/tienda\/producto\/matacarcoma-prevalien-pro-spray-500ml\/#primaryimage","url":"https:\/\/ferreteriajulia.com\/tienda\/wp-content\/uploads\/2023\/04\/matacarcoma-spray.jpg","contentUrl":"https:\/\/ferreteriajulia.com\/tienda\/wp-content\/uploads\/2023\/04\/matacarcoma-spray.jpg","width":1344,"height":1412},{"@type":"BreadcrumbList","@id":"https:\/\/ferreteriajulia.com\/tienda\/producto\/matacarcoma-prevalien-pro-spray-500ml\/#breadcrumb","itemListElement":[{"@type":"ListItem","position":1,"name":"Portada","item":"https:\/\/ferreteriajulia.com\/tienda\/"},{"@type":"ListItem","position":2,"name":"Tienda online","item":"http:\/\/ferreteriajulia.com\/tienda\/shop\/"},{"@type":"ListItem","position":3,"name":"matacarcoma PREVALIEN Pro spray 500ml"}]},{"@type":"WebSite","@id":"http:\/\/ferreteriajulia.com\/tienda\/#website","url":"http:\/\/ferreteriajulia.com\/tienda\/","name":"Ferreter\u00eda Juli\u00e0","description":"Ferreter\u00eda generalista, material para intalaciones y reparaciones.","publisher":{"@id":"http:\/\/ferreteriajulia.com\/tienda\/#organization"},"potentialAction":[{"@type":"SearchAction","target":{"@type":"EntryPoint","urlTemplate":"http:\/\/ferreteriajulia.com\/tienda\/?s={search_term_string}"},"query-input":{"@type":"PropertyValueSpecification","valueRequired":true,"valueName":"search_term_string"}}],"inLanguage":"es"},{"@type":"Organization","@id":"http:\/\/ferreteriajulia.com\/tienda\/#organization","name":"Ferreter\u00eda Juli\u00e0","url":"http:\/\/ferreteriajulia.com\/tienda\/","logo":{"@type":"ImageObject","inLanguage":"es","@id":"http:\/\/ferreteriajulia.com\/tienda\/#\/schema\/logo\/image\/","url":"https:\/\/ferreteriajulia.com\/tienda\/wp-content\/uploads\/2023\/04\/LOGO_Ferreteria_Julia_HD-e1680625558319.png","contentUrl":"https:\/\/ferreteriajulia.com\/tienda\/wp-content\/uploads\/2023\/04\/LOGO_Ferreteria_Julia_HD-e1680625558319.png","width":240,"height":89,"caption":"Ferreter\u00eda Juli\u00e0"},"image":{"@id":"http:\/\/ferreteriajulia.com\/tienda\/#\/schema\/logo\/image\/"}}]}},"_links":{"self":[{"href":"https:\/\/ferreteriajulia.com\/tienda\/wp-json\/wp\/v2\/product\/15675","targetHints":{"allow":["GET"]}}],"collection":[{"href":"https:\/\/ferreteriajulia.com\/tienda\/wp-json\/wp\/v2\/product"}],"about":[{"href":"https:\/\/ferreteriajulia.com\/tienda\/wp-json\/wp\/v2\/types\/product"}],"wp:featuredmedia":[{"embeddable":true,"href":"https:\/\/ferreteriajulia.com\/tienda\/wp-json\/wp\/v2\/media\/15676"}],"wp:attachment":[{"href":"https:\/\/ferreteriajulia.com\/tienda\/wp-json\/wp\/v2\/media?parent=15675"}],"wp:term":[{"taxonomy":"product_brand","embeddable":true,"href":"https:\/\/ferreteriajulia.com\/tienda\/wp-json\/wp\/v2\/product_brand?post=15675"},{"taxonomy":"product_cat","embeddable":true,"href":"https:\/\/ferreteriajulia.com\/tienda\/wp-json\/wp\/v2\/product_cat?post=15675"},{"taxonomy":"product_tag","embeddable":true,"href":"https:\/\/ferreteriajulia.com\/tienda\/wp-json\/wp\/v2\/product_tag?post=15675"}],"curies":[{"name":"wp","href":"https:\/\/api.w.org\/{rel}","templated":true}]}}