{"id":17034,"date":"2023-07-17T15:08:51","date_gmt":"2023-07-17T13:08:51","guid":{"rendered":"https:\/\/ferreteriajulia.com\/tienda\/?post_type=product&#038;p=17034"},"modified":"2026-03-26T16:04:24","modified_gmt":"2026-03-26T15:04:24","slug":"pistola-silicona-esqueleton","status":"publish","type":"product","link":"https:\/\/ferreteriajulia.com\/tienda\/producto\/pistola-silicona-esqueleton\/","title":{"rendered":"pistola silicona ESQUELETON"},"content":{"rendered":"<p>pistola silicona ESQUELETON<\/p>\n<p>Mejor precio para uso bricolaje y espor\u00e1dico<\/p>\n<p>bot\u00f3n para evitar goteo y varilla de empuje lisa.<\/p>\n<p>La pistola de silicona Esqueleton es una herramienta econ\u00f3mica y pr\u00e1ctica para la aplicaci\u00f3n precisa de silicona. Fabricada con un dise\u00f1o sencillo y resistente, es perfecta para proyectos de bricolaje y peque\u00f1as reparaciones en el hogar.<\/p>\n<p><img loading=\"lazy\" decoding=\"async\" class=\"\" src=\"https:\/\/multissl.aftgrupo.com\/2\/7\/4\/7\/2.jpg\" width=\"251\" height=\"251\" \/><img loading=\"lazy\" decoding=\"async\" class=\"\" src=\"https:\/\/multissl.aftgrupo.com\/2\/7\/4\/7\/1.jpg\" width=\"267\" height=\"267\" \/><\/p>\n<h3 id=\"tw-target-text\" class=\"tw-data-text tw-text-large tw-ta\" dir=\"ltr\" tabindex=\"-1\" role=\"text\" data-placeholder=\"Traducci\u00f3\" data-ved=\"2ahUKEwjB2L6v6L2TAxWL2QIHHYA-IDwQ3ewLegQIDBAW\" aria-label=\"Text tradu\u00eft: Caracter\u00edsticas principales Estructura met\u00e1lica abierta: Fabricada generalmente en acero o aluminio, su marco permite una manipulaci\u00f3n ligera y ocupa menos espacio en la caja de herramientas. Mecanismo de presi\u00f3n: Utiliza un sistema de palanca con gatillo que empuja un \u00e9mbolo (a menudo una barra hexagonal o redonda) para sacar el producto de forma uniforme. Capacidad est\u00e1ndar: La mayor\u00eda est\u00e1n dise\u00f1adas para cartuchos de 300 ml o 310 ml, aunque existen modelos reforzados para tubos de hasta 400 ml. Funciones adicionales: Muchos modelos profesionales incluyen un sistema antigoteo para evitar residuos al dejar de pulsar y una pesta\u00f1a de liberaci\u00f3n r\u00e1pida para cambiar el cartucho f\u00e1cilmente. CFS Fibreglass CFS Fibreglass +7 Aplicaciones comunes Este tipo de pistola se utiliza tanto en el \u00e1mbito dom\u00e9stico (bricolaje) como en el profesional (construcci\u00f3n) para tareas como: Sellado de juntas en ba\u00f1os y cocinas. Aplicaci\u00f3n de masilla acr\u00edlica o pegatinas de montaje. Instalaci\u00f3n de marcos de ventanas y rodapi\u00e9s.\"><span class=\"Y2IQFc\" lang=\"es\">Caracter\u00edsticas principales pistola silicona ESQUELETON:<\/span><\/h3>\n<p class=\"tw-data-text tw-text-large tw-ta\" dir=\"ltr\" tabindex=\"-1\" role=\"text\" data-placeholder=\"Traducci\u00f3\" data-ved=\"2ahUKEwjB2L6v6L2TAxWL2QIHHYA-IDwQ3ewLegQIDBAW\" aria-label=\"Text tradu\u00eft: Caracter\u00edsticas principales Estructura met\u00e1lica abierta: Fabricada generalmente en acero o aluminio, su marco permite una manipulaci\u00f3n ligera y ocupa menos espacio en la caja de herramientas. Mecanismo de presi\u00f3n: Utiliza un sistema de palanca con gatillo que empuja un \u00e9mbolo (a menudo una barra hexagonal o redonda) para sacar el producto de forma uniforme. Capacidad est\u00e1ndar: La mayor\u00eda est\u00e1n dise\u00f1adas para cartuchos de 300 ml o 310 ml, aunque existen modelos reforzados para tubos de hasta 400 ml. Funciones adicionales: Muchos modelos profesionales incluyen un sistema antigoteo para evitar residuos al dejar de pulsar y una pesta\u00f1a de liberaci\u00f3n r\u00e1pida para cambiar el cartucho f\u00e1cilmente. CFS Fibreglass CFS Fibreglass +7 Aplicaciones comunes Este tipo de pistola se utiliza tanto en el \u00e1mbito dom\u00e9stico (bricolaje) como en el profesional (construcci\u00f3n) para tareas como: Sellado de juntas en ba\u00f1os y cocinas. Aplicaci\u00f3n de masilla acr\u00edlica o pegatinas de montaje. Instalaci\u00f3n de marcos de ventanas y rodapi\u00e9s.\"><span class=\"Y2IQFc\" lang=\"es\">Estructura met\u00e1lica abierta: Fabricada metal, su marco permite una manipulaci\u00f3n ligera y ocupa menos espacio en la caja de herramientas. <\/span><\/p>\n<p class=\"tw-data-text tw-text-large tw-ta\" dir=\"ltr\" tabindex=\"-1\" role=\"text\" data-placeholder=\"Traducci\u00f3\" data-ved=\"2ahUKEwjB2L6v6L2TAxWL2QIHHYA-IDwQ3ewLegQIDBAW\" aria-label=\"Text tradu\u00eft: Caracter\u00edsticas principales Estructura met\u00e1lica abierta: Fabricada generalmente en acero o aluminio, su marco permite una manipulaci\u00f3n ligera y ocupa menos espacio en la caja de herramientas. Mecanismo de presi\u00f3n: Utiliza un sistema de palanca con gatillo que empuja un \u00e9mbolo (a menudo una barra hexagonal o redonda) para sacar el producto de forma uniforme. Capacidad est\u00e1ndar: La mayor\u00eda est\u00e1n dise\u00f1adas para cartuchos de 300 ml o 310 ml, aunque existen modelos reforzados para tubos de hasta 400 ml. Funciones adicionales: Muchos modelos profesionales incluyen un sistema antigoteo para evitar residuos al dejar de pulsar y una pesta\u00f1a de liberaci\u00f3n r\u00e1pida para cambiar el cartucho f\u00e1cilmente. CFS Fibreglass CFS Fibreglass +7 Aplicaciones comunes Este tipo de pistola se utiliza tanto en el \u00e1mbito dom\u00e9stico (bricolaje) como en el profesional (construcci\u00f3n) para tareas como: Sellado de juntas en ba\u00f1os y cocinas. Aplicaci\u00f3n de masilla acr\u00edlica o pegatinas de montaje. Instalaci\u00f3n de marcos de ventanas y rodapi\u00e9s.\"><span class=\"Y2IQFc\" lang=\"es\">Mecanismo de presi\u00f3n: Utiliza un sistema de palanca con gatillo que empuja un \u00e9mbolo (barra hexagonal) para sacar el producto de forma uniforme.<\/span><\/p>\n<p class=\"tw-data-text tw-text-large tw-ta\" dir=\"ltr\" tabindex=\"-1\" role=\"text\" data-placeholder=\"Traducci\u00f3\" data-ved=\"2ahUKEwjB2L6v6L2TAxWL2QIHHYA-IDwQ3ewLegQIDBAW\" aria-label=\"Text tradu\u00eft: Caracter\u00edsticas principales Estructura met\u00e1lica abierta: Fabricada generalmente en acero o aluminio, su marco permite una manipulaci\u00f3n ligera y ocupa menos espacio en la caja de herramientas. Mecanismo de presi\u00f3n: Utiliza un sistema de palanca con gatillo que empuja un \u00e9mbolo (a menudo una barra hexagonal o redonda) para sacar el producto de forma uniforme. Capacidad est\u00e1ndar: La mayor\u00eda est\u00e1n dise\u00f1adas para cartuchos de 300 ml o 310 ml, aunque existen modelos reforzados para tubos de hasta 400 ml. Funciones adicionales: Muchos modelos profesionales incluyen un sistema antigoteo para evitar residuos al dejar de pulsar y una pesta\u00f1a de liberaci\u00f3n r\u00e1pida para cambiar el cartucho f\u00e1cilmente. CFS Fibreglass CFS Fibreglass +7 Aplicaciones comunes Este tipo de pistola se utiliza tanto en el \u00e1mbito dom\u00e9stico (bricolaje) como en el profesional (construcci\u00f3n) para tareas como: Sellado de juntas en ba\u00f1os y cocinas. Aplicaci\u00f3n de masilla acr\u00edlica o pegatinas de montaje. Instalaci\u00f3n de marcos de ventanas y rodapi\u00e9s.\"><span class=\"Y2IQFc\" lang=\"es\">Capacidad est\u00e1ndar: Est\u00e1 dise\u00f1ada para cartuchos de 300 ml o 310 ml. <\/span><\/p>\n<p class=\"tw-data-text tw-text-large tw-ta\" dir=\"ltr\" tabindex=\"-1\" role=\"text\" data-placeholder=\"Traducci\u00f3\" data-ved=\"2ahUKEwjB2L6v6L2TAxWL2QIHHYA-IDwQ3ewLegQIDBAW\" aria-label=\"Text tradu\u00eft: Caracter\u00edsticas principales Estructura met\u00e1lica abierta: Fabricada generalmente en acero o aluminio, su marco permite una manipulaci\u00f3n ligera y ocupa menos espacio en la caja de herramientas. Mecanismo de presi\u00f3n: Utiliza un sistema de palanca con gatillo que empuja un \u00e9mbolo (a menudo una barra hexagonal o redonda) para sacar el producto de forma uniforme. Capacidad est\u00e1ndar: La mayor\u00eda est\u00e1n dise\u00f1adas para cartuchos de 300 ml o 310 ml, aunque existen modelos reforzados para tubos de hasta 400 ml. Funciones adicionales: Muchos modelos profesionales incluyen un sistema antigoteo para evitar residuos al dejar de pulsar y una pesta\u00f1a de liberaci\u00f3n r\u00e1pida para cambiar el cartucho f\u00e1cilmente. CFS Fibreglass CFS Fibreglass +7 Aplicaciones comunes Este tipo de pistola se utiliza tanto en el \u00e1mbito dom\u00e9stico (bricolaje) como en el profesional (construcci\u00f3n) para tareas como: Sellado de juntas en ba\u00f1os y cocinas. Aplicaci\u00f3n de masilla acr\u00edlica o pegatinas de montaje. Instalaci\u00f3n de marcos de ventanas y rodapi\u00e9s.\"><span class=\"Y2IQFc\" lang=\"es\">Funciones adicionales: Incluye un sistema antigoteo para evitar residuos al dejar de pulsar y una pesta\u00f1a de liberaci\u00f3n r\u00e1pida para cambiar el cartucho f\u00e1cilmente. <\/span><\/p>\n<p class=\"tw-data-text tw-text-large tw-ta\" dir=\"ltr\" tabindex=\"-1\" role=\"text\" data-placeholder=\"Traducci\u00f3\" data-ved=\"2ahUKEwjB2L6v6L2TAxWL2QIHHYA-IDwQ3ewLegQIDBAW\" aria-label=\"Text tradu\u00eft: Caracter\u00edsticas principales Estructura met\u00e1lica abierta: Fabricada generalmente en acero o aluminio, su marco permite una manipulaci\u00f3n ligera y ocupa menos espacio en la caja de herramientas. Mecanismo de presi\u00f3n: Utiliza un sistema de palanca con gatillo que empuja un \u00e9mbolo (a menudo una barra hexagonal o redonda) para sacar el producto de forma uniforme. Capacidad est\u00e1ndar: La mayor\u00eda est\u00e1n dise\u00f1adas para cartuchos de 300 ml o 310 ml, aunque existen modelos reforzados para tubos de hasta 400 ml. Funciones adicionales: Muchos modelos profesionales incluyen un sistema antigoteo para evitar residuos al dejar de pulsar y una pesta\u00f1a de liberaci\u00f3n r\u00e1pida para cambiar el cartucho f\u00e1cilmente. CFS Fibreglass CFS Fibreglass +7 Aplicaciones comunes Este tipo de pistola se utiliza tanto en el \u00e1mbito dom\u00e9stico (bricolaje) como en el profesional (construcci\u00f3n) para tareas como: Sellado de juntas en ba\u00f1os y cocinas. Aplicaci\u00f3n de masilla acr\u00edlica o pegatinas de montaje. Instalaci\u00f3n de marcos de ventanas y rodapi\u00e9s.\"><span class=\"Y2IQFc\" lang=\"es\">Este tipo de pistola se utiliza tanto en el \u00e1mbito dom\u00e9stico (bricolaje) para tareas como sellado de juntas en ba\u00f1os y cocinas. Aplicaci\u00f3n de masilla acr\u00edlica o adhesivos de montaje. Instalaci\u00f3n de marcos de ventanas y rodapi\u00e9s.<\/span><\/p>\n<blockquote class=\"wp-embedded-content\" data-secret=\"FnKebDxu7q\"><p><a href=\"https:\/\/ferreteriajulia.com\/tienda\/producto\/silicona-multiuso-fischer\/\">silicona multiuso FISCHER blanca<\/a><\/p><\/blockquote>\n<p><iframe loading=\"lazy\" class=\"wp-embedded-content\" sandbox=\"allow-scripts\" security=\"restricted\" style=\"position: absolute; visibility: hidden;\" title=\"\u00absilicona multiuso FISCHER blanca\u00bb \u2014 Ferreter\u00eda Juli\u00e0\" src=\"https:\/\/ferreteriajulia.com\/tienda\/producto\/silicona-multiuso-fischer\/embed\/#?secret=l3M9sZ5HVz#?secret=FnKebDxu7q\" data-secret=\"FnKebDxu7q\" width=\"600\" height=\"338\" frameborder=\"0\" marginwidth=\"0\" marginheight=\"0\" scrolling=\"no\"><\/iframe><\/p>\n<p>&nbsp;<\/p>\n","protected":false},"excerpt":{"rendered":"<p>pistola silicona ESQUELETON<\/p>\n","protected":false},"featured_media":23226,"template":"","meta":{"_monsterinsights_skip_tracking":false,"_monsterinsights_sitenote_active":false,"_monsterinsights_sitenote_note":"","_monsterinsights_sitenote_category":0},"product_brand":[],"product_cat":[860],"product_tag":[],"class_list":{"0":"post-17034","1":"product","2":"type-product","3":"status-publish","4":"has-post-thumbnail","6":"product_cat-pistolas-silicona-remachadoras-grimpadoras-y-grapadoras","8":"first","9":"instock","10":"taxable","11":"shipping-taxable","12":"purchasable","13":"product-type-simple"},"yoast_head":"<!-- This site is optimized with the Yoast SEO plugin v27.1.1 - https:\/\/yoast.com\/product\/yoast-seo-wordpress\/ -->\n<title>pistola silicona ESQUELETON - Ferreter\u00eda Juli\u00e0<\/title>\n<meta name=\"description\" content=\"pistola silicona ESQUELETON - Ferreter\u00eda Juli\u00e0 - Ferreter\u00eda Barcelona - 933 59 84 12 - info@ferreteriajulia.com - Gran variedad de productos\" \/>\n<meta name=\"robots\" content=\"index, follow, max-snippet:-1, max-image-preview:large, max-video-preview:-1\" \/>\n<link rel=\"canonical\" href=\"https:\/\/ferreteriajulia.com\/tienda\/producto\/pistola-silicona-esqueleton\/\" \/>\n<meta property=\"og:locale\" content=\"es_ES\" \/>\n<meta property=\"og:type\" content=\"article\" \/>\n<meta property=\"og:title\" content=\"pistola silicona ESQUELETON - Ferreter\u00eda Juli\u00e0\" \/>\n<meta property=\"og:description\" content=\"pistola silicona ESQUELETON - Ferreter\u00eda Juli\u00e0 - Ferreter\u00eda Barcelona - 933 59 84 12 - info@ferreteriajulia.com - Gran variedad de productos\" \/>\n<meta property=\"og:url\" content=\"https:\/\/ferreteriajulia.com\/tienda\/producto\/pistola-silicona-esqueleton\/\" \/>\n<meta property=\"og:site_name\" content=\"Ferreter\u00eda Juli\u00e0\" \/>\n<meta property=\"article:modified_time\" content=\"2026-03-26T15:04:24+00:00\" \/>\n<meta property=\"og:image\" content=\"https:\/\/ferreteriajulia.com\/tienda\/wp-content\/uploads\/2023\/07\/pistola-esqueleton.png\" \/>\n\t<meta property=\"og:image:width\" content=\"1150\" \/>\n\t<meta property=\"og:image:height\" content=\"866\" \/>\n\t<meta property=\"og:image:type\" content=\"image\/png\" \/>\n<meta name=\"twitter:card\" content=\"summary_large_image\" \/>\n<meta name=\"twitter:label1\" content=\"Tiempo de lectura\" \/>\n\t<meta name=\"twitter:data1\" content=\"2 minutos\" \/>\n<script type=\"application\/ld+json\" class=\"yoast-schema-graph\">{\"@context\":\"https:\/\/schema.org\",\"@graph\":[{\"@type\":\"WebPage\",\"@id\":\"https:\/\/ferreteriajulia.com\/tienda\/producto\/pistola-silicona-esqueleton\/\",\"url\":\"https:\/\/ferreteriajulia.com\/tienda\/producto\/pistola-silicona-esqueleton\/\",\"name\":\"pistola silicona ESQUELETON - Ferreter\u00eda Juli\u00e0\",\"isPartOf\":{\"@id\":\"https:\/\/ferreteriajulia.com\/tienda\/#website\"},\"primaryImageOfPage\":{\"@id\":\"https:\/\/ferreteriajulia.com\/tienda\/producto\/pistola-silicona-esqueleton\/#primaryimage\"},\"image\":{\"@id\":\"https:\/\/ferreteriajulia.com\/tienda\/producto\/pistola-silicona-esqueleton\/#primaryimage\"},\"thumbnailUrl\":\"https:\/\/ferreteriajulia.com\/tienda\/wp-content\/uploads\/2023\/07\/pistola-esqueleton.png\",\"datePublished\":\"2023-07-17T13:08:51+00:00\",\"dateModified\":\"2026-03-26T15:04:24+00:00\",\"description\":\"pistola silicona ESQUELETON - Ferreter\u00eda Juli\u00e0 - Ferreter\u00eda Barcelona - 933 59 84 12 - info@ferreteriajulia.com - Gran variedad de productos\",\"breadcrumb\":{\"@id\":\"https:\/\/ferreteriajulia.com\/tienda\/producto\/pistola-silicona-esqueleton\/#breadcrumb\"},\"inLanguage\":\"es\",\"potentialAction\":[{\"@type\":\"ReadAction\",\"target\":[\"https:\/\/ferreteriajulia.com\/tienda\/producto\/pistola-silicona-esqueleton\/\"]}]},{\"@type\":\"ImageObject\",\"inLanguage\":\"es\",\"@id\":\"https:\/\/ferreteriajulia.com\/tienda\/producto\/pistola-silicona-esqueleton\/#primaryimage\",\"url\":\"https:\/\/ferreteriajulia.com\/tienda\/wp-content\/uploads\/2023\/07\/pistola-esqueleton.png\",\"contentUrl\":\"https:\/\/ferreteriajulia.com\/tienda\/wp-content\/uploads\/2023\/07\/pistola-esqueleton.png\",\"width\":1150,\"height\":866},{\"@type\":\"BreadcrumbList\",\"@id\":\"https:\/\/ferreteriajulia.com\/tienda\/producto\/pistola-silicona-esqueleton\/#breadcrumb\",\"itemListElement\":[{\"@type\":\"ListItem\",\"position\":1,\"name\":\"Portada\",\"item\":\"https:\/\/ferreteriajulia.com\/tienda\/\"},{\"@type\":\"ListItem\",\"position\":2,\"name\":\"Tienda online\",\"item\":\"https:\/\/ferreteriajulia.com\/tienda\/shop\/\"},{\"@type\":\"ListItem\",\"position\":3,\"name\":\"pistola silicona ESQUELETON\"}]},{\"@type\":\"WebSite\",\"@id\":\"https:\/\/ferreteriajulia.com\/tienda\/#website\",\"url\":\"https:\/\/ferreteriajulia.com\/tienda\/\",\"name\":\"Ferreter\u00eda Juli\u00e0\",\"description\":\"Ferreter\u00eda generalista, material para intalaciones y reparaciones.\",\"publisher\":{\"@id\":\"https:\/\/ferreteriajulia.com\/tienda\/#organization\"},\"potentialAction\":[{\"@type\":\"SearchAction\",\"target\":{\"@type\":\"EntryPoint\",\"urlTemplate\":\"https:\/\/ferreteriajulia.com\/tienda\/?s={search_term_string}\"},\"query-input\":{\"@type\":\"PropertyValueSpecification\",\"valueRequired\":true,\"valueName\":\"search_term_string\"}}],\"inLanguage\":\"es\"},{\"@type\":\"Organization\",\"@id\":\"https:\/\/ferreteriajulia.com\/tienda\/#organization\",\"name\":\"Ferreter\u00eda Juli\u00e0\",\"url\":\"https:\/\/ferreteriajulia.com\/tienda\/\",\"logo\":{\"@type\":\"ImageObject\",\"inLanguage\":\"es\",\"@id\":\"https:\/\/ferreteriajulia.com\/tienda\/#\/schema\/logo\/image\/\",\"url\":\"https:\/\/ferreteriajulia.com\/tienda\/wp-content\/uploads\/2023\/04\/LOGO_Ferreteria_Julia_HD-e1680625558319.png\",\"contentUrl\":\"https:\/\/ferreteriajulia.com\/tienda\/wp-content\/uploads\/2023\/04\/LOGO_Ferreteria_Julia_HD-e1680625558319.png\",\"width\":240,\"height\":89,\"caption\":\"Ferreter\u00eda Juli\u00e0\"},\"image\":{\"@id\":\"https:\/\/ferreteriajulia.com\/tienda\/#\/schema\/logo\/image\/\"}}]}<\/script>\n<!-- \/ Yoast SEO plugin. -->","yoast_head_json":{"title":"pistola silicona ESQUELETON - Ferreter\u00eda Juli\u00e0","description":"pistola silicona ESQUELETON - Ferreter\u00eda Juli\u00e0 - Ferreter\u00eda Barcelona - 933 59 84 12 - info@ferreteriajulia.com - Gran variedad de productos","robots":{"index":"index","follow":"follow","max-snippet":"max-snippet:-1","max-image-preview":"max-image-preview:large","max-video-preview":"max-video-preview:-1"},"canonical":"https:\/\/ferreteriajulia.com\/tienda\/producto\/pistola-silicona-esqueleton\/","og_locale":"es_ES","og_type":"article","og_title":"pistola silicona ESQUELETON - Ferreter\u00eda Juli\u00e0","og_description":"pistola silicona ESQUELETON - Ferreter\u00eda Juli\u00e0 - Ferreter\u00eda Barcelona - 933 59 84 12 - info@ferreteriajulia.com - Gran variedad de productos","og_url":"https:\/\/ferreteriajulia.com\/tienda\/producto\/pistola-silicona-esqueleton\/","og_site_name":"Ferreter\u00eda Juli\u00e0","article_modified_time":"2026-03-26T15:04:24+00:00","og_image":[{"width":1150,"height":866,"url":"https:\/\/ferreteriajulia.com\/tienda\/wp-content\/uploads\/2023\/07\/pistola-esqueleton.png","type":"image\/png"}],"twitter_card":"summary_large_image","twitter_misc":{"Tiempo de lectura":"2 minutos"},"schema":{"@context":"https:\/\/schema.org","@graph":[{"@type":"WebPage","@id":"https:\/\/ferreteriajulia.com\/tienda\/producto\/pistola-silicona-esqueleton\/","url":"https:\/\/ferreteriajulia.com\/tienda\/producto\/pistola-silicona-esqueleton\/","name":"pistola silicona ESQUELETON - Ferreter\u00eda Juli\u00e0","isPartOf":{"@id":"https:\/\/ferreteriajulia.com\/tienda\/#website"},"primaryImageOfPage":{"@id":"https:\/\/ferreteriajulia.com\/tienda\/producto\/pistola-silicona-esqueleton\/#primaryimage"},"image":{"@id":"https:\/\/ferreteriajulia.com\/tienda\/producto\/pistola-silicona-esqueleton\/#primaryimage"},"thumbnailUrl":"https:\/\/ferreteriajulia.com\/tienda\/wp-content\/uploads\/2023\/07\/pistola-esqueleton.png","datePublished":"2023-07-17T13:08:51+00:00","dateModified":"2026-03-26T15:04:24+00:00","description":"pistola silicona ESQUELETON - Ferreter\u00eda Juli\u00e0 - Ferreter\u00eda Barcelona - 933 59 84 12 - info@ferreteriajulia.com - Gran variedad de productos","breadcrumb":{"@id":"https:\/\/ferreteriajulia.com\/tienda\/producto\/pistola-silicona-esqueleton\/#breadcrumb"},"inLanguage":"es","potentialAction":[{"@type":"ReadAction","target":["https:\/\/ferreteriajulia.com\/tienda\/producto\/pistola-silicona-esqueleton\/"]}]},{"@type":"ImageObject","inLanguage":"es","@id":"https:\/\/ferreteriajulia.com\/tienda\/producto\/pistola-silicona-esqueleton\/#primaryimage","url":"https:\/\/ferreteriajulia.com\/tienda\/wp-content\/uploads\/2023\/07\/pistola-esqueleton.png","contentUrl":"https:\/\/ferreteriajulia.com\/tienda\/wp-content\/uploads\/2023\/07\/pistola-esqueleton.png","width":1150,"height":866},{"@type":"BreadcrumbList","@id":"https:\/\/ferreteriajulia.com\/tienda\/producto\/pistola-silicona-esqueleton\/#breadcrumb","itemListElement":[{"@type":"ListItem","position":1,"name":"Portada","item":"https:\/\/ferreteriajulia.com\/tienda\/"},{"@type":"ListItem","position":2,"name":"Tienda online","item":"https:\/\/ferreteriajulia.com\/tienda\/shop\/"},{"@type":"ListItem","position":3,"name":"pistola silicona ESQUELETON"}]},{"@type":"WebSite","@id":"https:\/\/ferreteriajulia.com\/tienda\/#website","url":"https:\/\/ferreteriajulia.com\/tienda\/","name":"Ferreter\u00eda Juli\u00e0","description":"Ferreter\u00eda generalista, material para intalaciones y reparaciones.","publisher":{"@id":"https:\/\/ferreteriajulia.com\/tienda\/#organization"},"potentialAction":[{"@type":"SearchAction","target":{"@type":"EntryPoint","urlTemplate":"https:\/\/ferreteriajulia.com\/tienda\/?s={search_term_string}"},"query-input":{"@type":"PropertyValueSpecification","valueRequired":true,"valueName":"search_term_string"}}],"inLanguage":"es"},{"@type":"Organization","@id":"https:\/\/ferreteriajulia.com\/tienda\/#organization","name":"Ferreter\u00eda Juli\u00e0","url":"https:\/\/ferreteriajulia.com\/tienda\/","logo":{"@type":"ImageObject","inLanguage":"es","@id":"https:\/\/ferreteriajulia.com\/tienda\/#\/schema\/logo\/image\/","url":"https:\/\/ferreteriajulia.com\/tienda\/wp-content\/uploads\/2023\/04\/LOGO_Ferreteria_Julia_HD-e1680625558319.png","contentUrl":"https:\/\/ferreteriajulia.com\/tienda\/wp-content\/uploads\/2023\/04\/LOGO_Ferreteria_Julia_HD-e1680625558319.png","width":240,"height":89,"caption":"Ferreter\u00eda Juli\u00e0"},"image":{"@id":"https:\/\/ferreteriajulia.com\/tienda\/#\/schema\/logo\/image\/"}}]}},"_links":{"self":[{"href":"https:\/\/ferreteriajulia.com\/tienda\/wp-json\/wp\/v2\/product\/17034","targetHints":{"allow":["GET"]}}],"collection":[{"href":"https:\/\/ferreteriajulia.com\/tienda\/wp-json\/wp\/v2\/product"}],"about":[{"href":"https:\/\/ferreteriajulia.com\/tienda\/wp-json\/wp\/v2\/types\/product"}],"wp:featuredmedia":[{"embeddable":true,"href":"https:\/\/ferreteriajulia.com\/tienda\/wp-json\/wp\/v2\/media\/23226"}],"wp:attachment":[{"href":"https:\/\/ferreteriajulia.com\/tienda\/wp-json\/wp\/v2\/media?parent=17034"}],"wp:term":[{"taxonomy":"product_brand","embeddable":true,"href":"https:\/\/ferreteriajulia.com\/tienda\/wp-json\/wp\/v2\/product_brand?post=17034"},{"taxonomy":"product_cat","embeddable":true,"href":"https:\/\/ferreteriajulia.com\/tienda\/wp-json\/wp\/v2\/product_cat?post=17034"},{"taxonomy":"product_tag","embeddable":true,"href":"https:\/\/ferreteriajulia.com\/tienda\/wp-json\/wp\/v2\/product_tag?post=17034"}],"curies":[{"name":"wp","href":"https:\/\/api.w.org\/{rel}","templated":true}]}}