{"id":18089,"date":"2023-10-11T16:17:30","date_gmt":"2023-10-11T14:17:30","guid":{"rendered":"https:\/\/ferreteriajulia.com\/tienda\/?post_type=product&#038;p=18089"},"modified":"2025-11-05T17:33:07","modified_gmt":"2025-11-05T16:33:07","slug":"remachadora-dos-manos-alyco-alta-potencia-300mm","status":"publish","type":"product","link":"https:\/\/ferreteriajulia.com\/tienda\/producto\/remachadora-dos-manos-alyco-alta-potencia-300mm\/","title":{"rendered":"remachadora dos manos ALYCO alta potencia 300mm"},"content":{"rendered":"<p>remachadora dos manos ALYCO alta potencia 300mm<\/p>\n<p>4 Bocas De 2,4 A 4,8 mm<\/p>\n<div class=\"entradilla\">\n<ul>\n<li>30% Reducci\u00f3n de esfuerzo<\/li>\n<li>Cuerpo fabricado en aluminio<\/li>\n<li>incluye llave para cambiar bocas<\/li>\n<li>Incluye 4 bocas de diferentes tama\u00f1os<\/li>\n<li>Botella de pl\u00e1stico recoge remaches<\/li>\n<\/ul>\n<h3>Descripci\u00f3n remachadora dos manos ALYCO alta potencia 300mm<\/h3>\n<\/div>\n<div class=\"nowrap-kendu-azalpena\">Remachadora de alta potencia para trabajos exigentes. Con esta remachadora se ahorra un 30% de esfuerzo gracias a su dise\u00f1o. Adem\u00e1s podr\u00e1s utilizarla con remaches de inoxidable.<br \/>\nLa remachadora incluye 4 bocas de diferentes tama\u00f1os e incorpora una llave para cambiar las bocas.<br \/>\nest\u00e1 fabricada en Aluminio con un mango bimaterial ergon\u00f3mico y antideslizante. existen dos composiciones de bocas:<br \/>\nReferencia 183105:<br \/>\n&#8211; di\u00e1metros 2,4mm; 3,2mm; 4,0mm y 4,8mm<\/div>\n<div><\/div>\n<div><img loading=\"lazy\" decoding=\"async\" class=\"alignnone\" src=\"https:\/\/www.dateriumsystem.com\/appfiles\/clientes\/308\/catalogo\/REMACHADORA-DOS-MANOS-ALTA-POTENCIA-4-BOCAS-2-4-4-8-MM-ALYCO-183105-PACKAGING01.jpg\" alt=\"remachadora dos manos ALYCO alta potencia 300mm\" width=\"311\" height=\"311\" \/><img loading=\"lazy\" decoding=\"async\" class=\"\" src=\"https:\/\/www.dateriumsystem.com\/appfiles\/clientes\/308\/catalogo\/REMACHADORA-DOS-MANOS-ALTA-POTENCIA-4-BOCAS-2-4-4-8-MM-ALYCO-183105-VISTA01.jpg\" width=\"242\" height=\"242\" \/><strong><img loading=\"lazy\" decoding=\"async\" class=\"\" src=\"https:\/\/www.dateriumsystem.com\/appfiles\/clientes\/308\/catalogo\/REMACHADORA-DOS-MANOS-ALTA-POTENCIA-4-BOCAS-2-4-4-8-MM-ALYCO-183105-VISTA02.jpg\" width=\"247\" height=\"247\" \/><\/strong><\/div>\n<div>\n<div class=\"entradilla\"><\/div>\n<div class=\"nowrap-kendu-azalpena\"><\/div>\n<\/div>\n","protected":false},"excerpt":{"rendered":"<p>remachadora dos manos ALYCO alta potencia 300mm<\/p>\n","protected":false},"featured_media":18090,"template":"","meta":{"_monsterinsights_skip_tracking":false,"_monsterinsights_sitenote_active":false,"_monsterinsights_sitenote_note":"","_monsterinsights_sitenote_category":0},"product_brand":[],"product_cat":[860],"product_tag":[],"class_list":{"0":"post-18089","1":"product","2":"type-product","3":"status-publish","4":"has-post-thumbnail","6":"product_cat-pistolas-silicona-remachadoras-grimpadoras-y-grapadoras","8":"first","9":"instock","10":"sale","11":"taxable","12":"shipping-taxable","13":"purchasable","14":"product-type-simple"},"yoast_head":"<!-- This site is optimized with the Yoast SEO plugin v27.1.1 - https:\/\/yoast.com\/product\/yoast-seo-wordpress\/ -->\n<title>remachadora dos manos ALYCO alta potencia 300mm - Ferreter\u00eda Juli\u00e0<\/title>\n<meta name=\"description\" content=\"remachadora dos manos ALYCO alta potencia 300mm - Ferreter\u00eda Juli\u00e0 - Ferreter\u00eda Barcelona - 933 59 84 12 - info@ferreteriajulia.com - Gran variedad de productos\" \/>\n<meta name=\"robots\" content=\"index, follow, max-snippet:-1, max-image-preview:large, max-video-preview:-1\" \/>\n<link rel=\"canonical\" href=\"https:\/\/ferreteriajulia.com\/tienda\/producto\/remachadora-dos-manos-alyco-alta-potencia-300mm\/\" \/>\n<meta property=\"og:locale\" content=\"es_ES\" \/>\n<meta property=\"og:type\" content=\"article\" \/>\n<meta property=\"og:title\" content=\"remachadora dos manos ALYCO alta potencia 300mm - Ferreter\u00eda Juli\u00e0\" \/>\n<meta property=\"og:description\" content=\"remachadora dos manos ALYCO alta potencia 300mm - Ferreter\u00eda Juli\u00e0 - Ferreter\u00eda Barcelona - 933 59 84 12 - info@ferreteriajulia.com - Gran variedad de productos\" \/>\n<meta property=\"og:url\" content=\"https:\/\/ferreteriajulia.com\/tienda\/producto\/remachadora-dos-manos-alyco-alta-potencia-300mm\/\" \/>\n<meta property=\"og:site_name\" content=\"Ferreter\u00eda Juli\u00e0\" \/>\n<meta property=\"article:modified_time\" content=\"2025-11-05T16:33:07+00:00\" \/>\n<meta property=\"og:image\" content=\"https:\/\/ferreteriajulia.com\/tienda\/wp-content\/uploads\/2023\/10\/remachadora-dos-manos-alyco.png\" \/>\n\t<meta property=\"og:image:width\" content=\"1093\" \/>\n\t<meta property=\"og:image:height\" content=\"993\" \/>\n\t<meta property=\"og:image:type\" content=\"image\/png\" \/>\n<meta name=\"twitter:card\" content=\"summary_large_image\" \/>\n<meta name=\"twitter:label1\" content=\"Tiempo de lectura\" \/>\n\t<meta name=\"twitter:data1\" content=\"2 minutos\" \/>\n<script type=\"application\/ld+json\" class=\"yoast-schema-graph\">{\"@context\":\"https:\/\/schema.org\",\"@graph\":[{\"@type\":\"WebPage\",\"@id\":\"https:\/\/ferreteriajulia.com\/tienda\/producto\/remachadora-dos-manos-alyco-alta-potencia-300mm\/\",\"url\":\"https:\/\/ferreteriajulia.com\/tienda\/producto\/remachadora-dos-manos-alyco-alta-potencia-300mm\/\",\"name\":\"remachadora dos manos ALYCO alta potencia 300mm - Ferreter\u00eda Juli\u00e0\",\"isPartOf\":{\"@id\":\"https:\/\/ferreteriajulia.com\/tienda\/#website\"},\"primaryImageOfPage\":{\"@id\":\"https:\/\/ferreteriajulia.com\/tienda\/producto\/remachadora-dos-manos-alyco-alta-potencia-300mm\/#primaryimage\"},\"image\":{\"@id\":\"https:\/\/ferreteriajulia.com\/tienda\/producto\/remachadora-dos-manos-alyco-alta-potencia-300mm\/#primaryimage\"},\"thumbnailUrl\":\"https:\/\/ferreteriajulia.com\/tienda\/wp-content\/uploads\/2023\/10\/remachadora-dos-manos-alyco.png\",\"datePublished\":\"2023-10-11T14:17:30+00:00\",\"dateModified\":\"2025-11-05T16:33:07+00:00\",\"description\":\"remachadora dos manos ALYCO alta potencia 300mm - Ferreter\u00eda Juli\u00e0 - Ferreter\u00eda Barcelona - 933 59 84 12 - info@ferreteriajulia.com - Gran variedad de productos\",\"breadcrumb\":{\"@id\":\"https:\/\/ferreteriajulia.com\/tienda\/producto\/remachadora-dos-manos-alyco-alta-potencia-300mm\/#breadcrumb\"},\"inLanguage\":\"es\",\"potentialAction\":[{\"@type\":\"ReadAction\",\"target\":[\"https:\/\/ferreteriajulia.com\/tienda\/producto\/remachadora-dos-manos-alyco-alta-potencia-300mm\/\"]}]},{\"@type\":\"ImageObject\",\"inLanguage\":\"es\",\"@id\":\"https:\/\/ferreteriajulia.com\/tienda\/producto\/remachadora-dos-manos-alyco-alta-potencia-300mm\/#primaryimage\",\"url\":\"https:\/\/ferreteriajulia.com\/tienda\/wp-content\/uploads\/2023\/10\/remachadora-dos-manos-alyco.png\",\"contentUrl\":\"https:\/\/ferreteriajulia.com\/tienda\/wp-content\/uploads\/2023\/10\/remachadora-dos-manos-alyco.png\",\"width\":1093,\"height\":993},{\"@type\":\"BreadcrumbList\",\"@id\":\"https:\/\/ferreteriajulia.com\/tienda\/producto\/remachadora-dos-manos-alyco-alta-potencia-300mm\/#breadcrumb\",\"itemListElement\":[{\"@type\":\"ListItem\",\"position\":1,\"name\":\"Portada\",\"item\":\"https:\/\/ferreteriajulia.com\/tienda\/\"},{\"@type\":\"ListItem\",\"position\":2,\"name\":\"Tienda online\",\"item\":\"https:\/\/ferreteriajulia.com\/tienda\/shop\/\"},{\"@type\":\"ListItem\",\"position\":3,\"name\":\"remachadora dos manos ALYCO alta potencia 300mm\"}]},{\"@type\":\"WebSite\",\"@id\":\"https:\/\/ferreteriajulia.com\/tienda\/#website\",\"url\":\"https:\/\/ferreteriajulia.com\/tienda\/\",\"name\":\"Ferreter\u00eda Juli\u00e0\",\"description\":\"Ferreter\u00eda generalista, material para intalaciones y reparaciones.\",\"publisher\":{\"@id\":\"https:\/\/ferreteriajulia.com\/tienda\/#organization\"},\"potentialAction\":[{\"@type\":\"SearchAction\",\"target\":{\"@type\":\"EntryPoint\",\"urlTemplate\":\"https:\/\/ferreteriajulia.com\/tienda\/?s={search_term_string}\"},\"query-input\":{\"@type\":\"PropertyValueSpecification\",\"valueRequired\":true,\"valueName\":\"search_term_string\"}}],\"inLanguage\":\"es\"},{\"@type\":\"Organization\",\"@id\":\"https:\/\/ferreteriajulia.com\/tienda\/#organization\",\"name\":\"Ferreter\u00eda Juli\u00e0\",\"url\":\"https:\/\/ferreteriajulia.com\/tienda\/\",\"logo\":{\"@type\":\"ImageObject\",\"inLanguage\":\"es\",\"@id\":\"https:\/\/ferreteriajulia.com\/tienda\/#\/schema\/logo\/image\/\",\"url\":\"https:\/\/ferreteriajulia.com\/tienda\/wp-content\/uploads\/2023\/04\/LOGO_Ferreteria_Julia_HD-e1680625558319.png\",\"contentUrl\":\"https:\/\/ferreteriajulia.com\/tienda\/wp-content\/uploads\/2023\/04\/LOGO_Ferreteria_Julia_HD-e1680625558319.png\",\"width\":240,\"height\":89,\"caption\":\"Ferreter\u00eda Juli\u00e0\"},\"image\":{\"@id\":\"https:\/\/ferreteriajulia.com\/tienda\/#\/schema\/logo\/image\/\"}}]}<\/script>\n<!-- \/ Yoast SEO plugin. -->","yoast_head_json":{"title":"remachadora dos manos ALYCO alta potencia 300mm - Ferreter\u00eda Juli\u00e0","description":"remachadora dos manos ALYCO alta potencia 300mm - Ferreter\u00eda Juli\u00e0 - Ferreter\u00eda Barcelona - 933 59 84 12 - info@ferreteriajulia.com - Gran variedad de productos","robots":{"index":"index","follow":"follow","max-snippet":"max-snippet:-1","max-image-preview":"max-image-preview:large","max-video-preview":"max-video-preview:-1"},"canonical":"https:\/\/ferreteriajulia.com\/tienda\/producto\/remachadora-dos-manos-alyco-alta-potencia-300mm\/","og_locale":"es_ES","og_type":"article","og_title":"remachadora dos manos ALYCO alta potencia 300mm - Ferreter\u00eda Juli\u00e0","og_description":"remachadora dos manos ALYCO alta potencia 300mm - Ferreter\u00eda Juli\u00e0 - Ferreter\u00eda Barcelona - 933 59 84 12 - info@ferreteriajulia.com - Gran variedad de productos","og_url":"https:\/\/ferreteriajulia.com\/tienda\/producto\/remachadora-dos-manos-alyco-alta-potencia-300mm\/","og_site_name":"Ferreter\u00eda Juli\u00e0","article_modified_time":"2025-11-05T16:33:07+00:00","og_image":[{"width":1093,"height":993,"url":"https:\/\/ferreteriajulia.com\/tienda\/wp-content\/uploads\/2023\/10\/remachadora-dos-manos-alyco.png","type":"image\/png"}],"twitter_card":"summary_large_image","twitter_misc":{"Tiempo de lectura":"2 minutos"},"schema":{"@context":"https:\/\/schema.org","@graph":[{"@type":"WebPage","@id":"https:\/\/ferreteriajulia.com\/tienda\/producto\/remachadora-dos-manos-alyco-alta-potencia-300mm\/","url":"https:\/\/ferreteriajulia.com\/tienda\/producto\/remachadora-dos-manos-alyco-alta-potencia-300mm\/","name":"remachadora dos manos ALYCO alta potencia 300mm - Ferreter\u00eda Juli\u00e0","isPartOf":{"@id":"https:\/\/ferreteriajulia.com\/tienda\/#website"},"primaryImageOfPage":{"@id":"https:\/\/ferreteriajulia.com\/tienda\/producto\/remachadora-dos-manos-alyco-alta-potencia-300mm\/#primaryimage"},"image":{"@id":"https:\/\/ferreteriajulia.com\/tienda\/producto\/remachadora-dos-manos-alyco-alta-potencia-300mm\/#primaryimage"},"thumbnailUrl":"https:\/\/ferreteriajulia.com\/tienda\/wp-content\/uploads\/2023\/10\/remachadora-dos-manos-alyco.png","datePublished":"2023-10-11T14:17:30+00:00","dateModified":"2025-11-05T16:33:07+00:00","description":"remachadora dos manos ALYCO alta potencia 300mm - Ferreter\u00eda Juli\u00e0 - Ferreter\u00eda Barcelona - 933 59 84 12 - info@ferreteriajulia.com - Gran variedad de productos","breadcrumb":{"@id":"https:\/\/ferreteriajulia.com\/tienda\/producto\/remachadora-dos-manos-alyco-alta-potencia-300mm\/#breadcrumb"},"inLanguage":"es","potentialAction":[{"@type":"ReadAction","target":["https:\/\/ferreteriajulia.com\/tienda\/producto\/remachadora-dos-manos-alyco-alta-potencia-300mm\/"]}]},{"@type":"ImageObject","inLanguage":"es","@id":"https:\/\/ferreteriajulia.com\/tienda\/producto\/remachadora-dos-manos-alyco-alta-potencia-300mm\/#primaryimage","url":"https:\/\/ferreteriajulia.com\/tienda\/wp-content\/uploads\/2023\/10\/remachadora-dos-manos-alyco.png","contentUrl":"https:\/\/ferreteriajulia.com\/tienda\/wp-content\/uploads\/2023\/10\/remachadora-dos-manos-alyco.png","width":1093,"height":993},{"@type":"BreadcrumbList","@id":"https:\/\/ferreteriajulia.com\/tienda\/producto\/remachadora-dos-manos-alyco-alta-potencia-300mm\/#breadcrumb","itemListElement":[{"@type":"ListItem","position":1,"name":"Portada","item":"https:\/\/ferreteriajulia.com\/tienda\/"},{"@type":"ListItem","position":2,"name":"Tienda online","item":"https:\/\/ferreteriajulia.com\/tienda\/shop\/"},{"@type":"ListItem","position":3,"name":"remachadora dos manos ALYCO alta potencia 300mm"}]},{"@type":"WebSite","@id":"https:\/\/ferreteriajulia.com\/tienda\/#website","url":"https:\/\/ferreteriajulia.com\/tienda\/","name":"Ferreter\u00eda Juli\u00e0","description":"Ferreter\u00eda generalista, material para intalaciones y reparaciones.","publisher":{"@id":"https:\/\/ferreteriajulia.com\/tienda\/#organization"},"potentialAction":[{"@type":"SearchAction","target":{"@type":"EntryPoint","urlTemplate":"https:\/\/ferreteriajulia.com\/tienda\/?s={search_term_string}"},"query-input":{"@type":"PropertyValueSpecification","valueRequired":true,"valueName":"search_term_string"}}],"inLanguage":"es"},{"@type":"Organization","@id":"https:\/\/ferreteriajulia.com\/tienda\/#organization","name":"Ferreter\u00eda Juli\u00e0","url":"https:\/\/ferreteriajulia.com\/tienda\/","logo":{"@type":"ImageObject","inLanguage":"es","@id":"https:\/\/ferreteriajulia.com\/tienda\/#\/schema\/logo\/image\/","url":"https:\/\/ferreteriajulia.com\/tienda\/wp-content\/uploads\/2023\/04\/LOGO_Ferreteria_Julia_HD-e1680625558319.png","contentUrl":"https:\/\/ferreteriajulia.com\/tienda\/wp-content\/uploads\/2023\/04\/LOGO_Ferreteria_Julia_HD-e1680625558319.png","width":240,"height":89,"caption":"Ferreter\u00eda Juli\u00e0"},"image":{"@id":"https:\/\/ferreteriajulia.com\/tienda\/#\/schema\/logo\/image\/"}}]}},"_links":{"self":[{"href":"https:\/\/ferreteriajulia.com\/tienda\/wp-json\/wp\/v2\/product\/18089","targetHints":{"allow":["GET"]}}],"collection":[{"href":"https:\/\/ferreteriajulia.com\/tienda\/wp-json\/wp\/v2\/product"}],"about":[{"href":"https:\/\/ferreteriajulia.com\/tienda\/wp-json\/wp\/v2\/types\/product"}],"wp:featuredmedia":[{"embeddable":true,"href":"https:\/\/ferreteriajulia.com\/tienda\/wp-json\/wp\/v2\/media\/18090"}],"wp:attachment":[{"href":"https:\/\/ferreteriajulia.com\/tienda\/wp-json\/wp\/v2\/media?parent=18089"}],"wp:term":[{"taxonomy":"product_brand","embeddable":true,"href":"https:\/\/ferreteriajulia.com\/tienda\/wp-json\/wp\/v2\/product_brand?post=18089"},{"taxonomy":"product_cat","embeddable":true,"href":"https:\/\/ferreteriajulia.com\/tienda\/wp-json\/wp\/v2\/product_cat?post=18089"},{"taxonomy":"product_tag","embeddable":true,"href":"https:\/\/ferreteriajulia.com\/tienda\/wp-json\/wp\/v2\/product_tag?post=18089"}],"curies":[{"name":"wp","href":"https:\/\/api.w.org\/{rel}","templated":true}]}}