{"id":18212,"date":"2023-10-31T14:57:34","date_gmt":"2023-10-31T13:57:34","guid":{"rendered":"https:\/\/ferreteriajulia.com\/tienda\/?post_type=product&#038;p=18212"},"modified":"2024-07-22T11:51:01","modified_gmt":"2024-07-22T09:51:01","slug":"insecticida-arpon-deltasec-rtu-plus-750ml","status":"publish","type":"product","link":"https:\/\/ferreteriajulia.com\/tienda\/producto\/insecticida-arpon-deltasec-rtu-plus-750ml\/","title":{"rendered":"insecticida ARPON\u00ae Deltasec RTU PLUS 750ml"},"content":{"rendered":"<p>insecticida ARPON\u00ae Deltasec RTU PLUS 750ml<\/p>\n<p><strong>ARPON\u00ae Deltasec RTU PLUS<\/strong>\u00a0es un insecticida\u00a0pulverizador a base de but\u00f3xido de piperonilo y deltametrina, compuesto del grupo de piretroides sint\u00e9ticos. De alta eficacia, gran efecto de choque, buena repelencia y eficacia residual. Es una formulaci\u00f3n l\u00edquida lista al uso con registro dom\u00e9stico, capaz de controlar insectos rastreros (cucarachas, chinches, hormigas, pulgas, piojos\u2026) y voladores (moscas, mosquitos, avispas\u2026). Controla tambi\u00e9n ara\u00f1as, \u00e1caros y garrapatas. Ideal para el entorno de nuestra mascota.<\/p>\n<p>Este insecticida pulverizador es un producto listo para usar con un amplio espectro de acci\u00f3n. Es adecuado para el control de una amplia gama de insectos voladores y rastreros. Act\u00faa por contacto e ingesti\u00f3n.<\/p>\n<h2>Modo de Aplicaci\u00f3n<\/h2>\n<p><strong>ARPON\u00ae Deltasec RTU PLUS<\/strong>\u00a0es un insecticida pulverizador que se aplica mediante pulverizaci\u00f3n sin diluir, dirigido al nido y en aquellas zonas donde se esconden o por las que transitan los insectos. Es recomendable incidir especialmente en aquellos lugares frecuentados por los insectos, como grietas, rendijas, fisuras, interior de z\u00f3calos u oquedades. Puede usarse como insecticida contra pulgas y otros insectos en un entorno dom\u00e9stico.<\/p>\n<p>Agitar el envase varias veces antes de utilizar. Abrir la boquilla pulverizadora fijando el s\u00edmbolo de pulverizador y presionar el dispensador, y seguidamente, aplicar.<\/p>\n<p>En caso de nueva aparici\u00f3n de insectos, el tratamiento debe repetirse despu\u00e9s de al menos dos semanas.<\/p>\n<h2>Informaci\u00f3n adicional<\/h2>\n<table class=\"woocommerce-product-attributes shop_attributes\">\n<tbody>\n<tr class=\"woocommerce-product-attributes-item woocommerce-product-attributes-item--attribute_pa_composition\">\n<th class=\"woocommerce-product-attributes-item__label\">Composici\u00f3n<\/th>\n<td class=\"woocommerce-product-attributes-item__value\">But\u00f3xido de piperonilo 2%, Deltametrina 0,04%, Sustancia de sabor amargo 0,01%, Excipientes csp 100%<\/td>\n<\/tr>\n<tr class=\"woocommerce-product-attributes-item woocommerce-product-attributes-item--attribute_pa_formats\">\n<th class=\"woocommerce-product-attributes-item__label\"><\/th>\n<td class=\"woocommerce-product-attributes-item__value\"><\/td>\n<\/tr>\n<tr class=\"woocommerce-product-attributes-item woocommerce-product-attributes-item--attribute_pa_no-reg\">\n<th class=\"woocommerce-product-attributes-item__label\">N\u00ba reg. \/ N\u00ba reg.<\/th>\n<td class=\"woocommerce-product-attributes-item__value\">18-30-09487<\/td>\n<\/tr>\n<\/tbody>\n<\/table>\n","protected":false},"excerpt":{"rendered":"<p>insecticida ARPON\u00ae Deltasec RTU PLUS 750ml ARPON\u00ae Deltasec RTU PLUS\u00a0es un insecticida\u00a0pulverizador a base de but\u00f3xido de piperonilo y deltametrina, compuesto del grupo de piretroides sint\u00e9ticos. De alta eficacia, gran efecto de choque, buena repelencia y eficacia residual. Es una formulaci\u00f3n l\u00edquida lista al uso con registro dom\u00e9stico, capaz de controlar insectos rastreros (cucarachas, chinches, [&#8230;]\n","protected":false},"featured_media":19501,"template":"","meta":{"_monsterinsights_skip_tracking":false,"_monsterinsights_sitenote_active":false,"_monsterinsights_sitenote_note":"","_monsterinsights_sitenote_category":0},"product_brand":[],"product_cat":[842],"product_tag":[],"class_list":{"0":"post-18212","1":"product","2":"type-product","3":"status-publish","4":"has-post-thumbnail","6":"product_cat-insecticidas","8":"first","9":"instock","10":"taxable","11":"shipping-taxable","12":"purchasable","13":"product-type-simple"},"yoast_head":"<!-- This site is optimized with the Yoast SEO plugin v27.1.1 - https:\/\/yoast.com\/product\/yoast-seo-wordpress\/ -->\n<title>insecticida ARPON\u00ae Deltasec RTU PLUS 750ml - Ferreter\u00eda Juli\u00e0<\/title>\n<meta name=\"description\" content=\"insecticida ARPON\u00ae Deltasec RTU PLUS 750ml - Ferreter\u00eda Juli\u00e0 - Ferreter\u00eda Barcelona - 933 59 84 12 - info@ferreteriajulia.com - Gran variedad de productos\" \/>\n<meta name=\"robots\" content=\"index, follow, max-snippet:-1, max-image-preview:large, max-video-preview:-1\" \/>\n<link rel=\"canonical\" href=\"https:\/\/ferreteriajulia.com\/tienda\/producto\/insecticida-arpon-deltasec-rtu-plus-750ml\/\" \/>\n<meta property=\"og:locale\" content=\"es_ES\" \/>\n<meta property=\"og:type\" content=\"article\" \/>\n<meta property=\"og:title\" content=\"insecticida ARPON\u00ae Deltasec RTU PLUS 750ml - Ferreter\u00eda Juli\u00e0\" \/>\n<meta property=\"og:description\" content=\"insecticida ARPON\u00ae Deltasec RTU PLUS 750ml - Ferreter\u00eda Juli\u00e0 - Ferreter\u00eda Barcelona - 933 59 84 12 - info@ferreteriajulia.com - Gran variedad de productos\" \/>\n<meta property=\"og:url\" content=\"https:\/\/ferreteriajulia.com\/tienda\/producto\/insecticida-arpon-deltasec-rtu-plus-750ml\/\" \/>\n<meta property=\"og:site_name\" content=\"Ferreter\u00eda Juli\u00e0\" \/>\n<meta property=\"article:modified_time\" content=\"2024-07-22T09:51:01+00:00\" \/>\n<meta property=\"og:image\" content=\"https:\/\/ferreteriajulia.com\/tienda\/wp-content\/uploads\/2023\/10\/insecticida-zotal-arpon-deltasect.png\" \/>\n\t<meta property=\"og:image:width\" content=\"800\" \/>\n\t<meta property=\"og:image:height\" content=\"800\" \/>\n\t<meta property=\"og:image:type\" content=\"image\/png\" \/>\n<meta name=\"twitter:card\" content=\"summary_large_image\" \/>\n<meta name=\"twitter:label1\" content=\"Tiempo de lectura\" \/>\n\t<meta name=\"twitter:data1\" content=\"2 minutos\" \/>\n<script type=\"application\/ld+json\" class=\"yoast-schema-graph\">{\"@context\":\"https:\/\/schema.org\",\"@graph\":[{\"@type\":\"WebPage\",\"@id\":\"https:\/\/ferreteriajulia.com\/tienda\/producto\/insecticida-arpon-deltasec-rtu-plus-750ml\/\",\"url\":\"https:\/\/ferreteriajulia.com\/tienda\/producto\/insecticida-arpon-deltasec-rtu-plus-750ml\/\",\"name\":\"insecticida ARPON\u00ae Deltasec RTU PLUS 750ml - Ferreter\u00eda Juli\u00e0\",\"isPartOf\":{\"@id\":\"http:\/\/ferreteriajulia.com\/tienda\/#website\"},\"primaryImageOfPage\":{\"@id\":\"https:\/\/ferreteriajulia.com\/tienda\/producto\/insecticida-arpon-deltasec-rtu-plus-750ml\/#primaryimage\"},\"image\":{\"@id\":\"https:\/\/ferreteriajulia.com\/tienda\/producto\/insecticida-arpon-deltasec-rtu-plus-750ml\/#primaryimage\"},\"thumbnailUrl\":\"https:\/\/ferreteriajulia.com\/tienda\/wp-content\/uploads\/2023\/10\/insecticida-zotal-arpon-deltasect.png\",\"datePublished\":\"2023-10-31T13:57:34+00:00\",\"dateModified\":\"2024-07-22T09:51:01+00:00\",\"description\":\"insecticida ARPON\u00ae Deltasec RTU PLUS 750ml - Ferreter\u00eda Juli\u00e0 - Ferreter\u00eda Barcelona - 933 59 84 12 - info@ferreteriajulia.com - Gran variedad de productos\",\"breadcrumb\":{\"@id\":\"https:\/\/ferreteriajulia.com\/tienda\/producto\/insecticida-arpon-deltasec-rtu-plus-750ml\/#breadcrumb\"},\"inLanguage\":\"es\",\"potentialAction\":[{\"@type\":\"ReadAction\",\"target\":[\"https:\/\/ferreteriajulia.com\/tienda\/producto\/insecticida-arpon-deltasec-rtu-plus-750ml\/\"]}]},{\"@type\":\"ImageObject\",\"inLanguage\":\"es\",\"@id\":\"https:\/\/ferreteriajulia.com\/tienda\/producto\/insecticida-arpon-deltasec-rtu-plus-750ml\/#primaryimage\",\"url\":\"https:\/\/ferreteriajulia.com\/tienda\/wp-content\/uploads\/2023\/10\/insecticida-zotal-arpon-deltasect.png\",\"contentUrl\":\"https:\/\/ferreteriajulia.com\/tienda\/wp-content\/uploads\/2023\/10\/insecticida-zotal-arpon-deltasect.png\",\"width\":800,\"height\":800},{\"@type\":\"BreadcrumbList\",\"@id\":\"https:\/\/ferreteriajulia.com\/tienda\/producto\/insecticida-arpon-deltasec-rtu-plus-750ml\/#breadcrumb\",\"itemListElement\":[{\"@type\":\"ListItem\",\"position\":1,\"name\":\"Portada\",\"item\":\"https:\/\/ferreteriajulia.com\/tienda\/\"},{\"@type\":\"ListItem\",\"position\":2,\"name\":\"Tienda online\",\"item\":\"http:\/\/ferreteriajulia.com\/tienda\/shop\/\"},{\"@type\":\"ListItem\",\"position\":3,\"name\":\"insecticida ARPON\u00ae Deltasec RTU PLUS 750ml\"}]},{\"@type\":\"WebSite\",\"@id\":\"http:\/\/ferreteriajulia.com\/tienda\/#website\",\"url\":\"http:\/\/ferreteriajulia.com\/tienda\/\",\"name\":\"Ferreter\u00eda Juli\u00e0\",\"description\":\"Ferreter\u00eda generalista, material para intalaciones y reparaciones.\",\"publisher\":{\"@id\":\"http:\/\/ferreteriajulia.com\/tienda\/#organization\"},\"potentialAction\":[{\"@type\":\"SearchAction\",\"target\":{\"@type\":\"EntryPoint\",\"urlTemplate\":\"http:\/\/ferreteriajulia.com\/tienda\/?s={search_term_string}\"},\"query-input\":{\"@type\":\"PropertyValueSpecification\",\"valueRequired\":true,\"valueName\":\"search_term_string\"}}],\"inLanguage\":\"es\"},{\"@type\":\"Organization\",\"@id\":\"http:\/\/ferreteriajulia.com\/tienda\/#organization\",\"name\":\"Ferreter\u00eda Juli\u00e0\",\"url\":\"http:\/\/ferreteriajulia.com\/tienda\/\",\"logo\":{\"@type\":\"ImageObject\",\"inLanguage\":\"es\",\"@id\":\"http:\/\/ferreteriajulia.com\/tienda\/#\/schema\/logo\/image\/\",\"url\":\"https:\/\/ferreteriajulia.com\/tienda\/wp-content\/uploads\/2023\/04\/LOGO_Ferreteria_Julia_HD-e1680625558319.png\",\"contentUrl\":\"https:\/\/ferreteriajulia.com\/tienda\/wp-content\/uploads\/2023\/04\/LOGO_Ferreteria_Julia_HD-e1680625558319.png\",\"width\":240,\"height\":89,\"caption\":\"Ferreter\u00eda Juli\u00e0\"},\"image\":{\"@id\":\"http:\/\/ferreteriajulia.com\/tienda\/#\/schema\/logo\/image\/\"}}]}<\/script>\n<!-- \/ Yoast SEO plugin. -->","yoast_head_json":{"title":"insecticida ARPON\u00ae Deltasec RTU PLUS 750ml - Ferreter\u00eda Juli\u00e0","description":"insecticida ARPON\u00ae Deltasec RTU PLUS 750ml - Ferreter\u00eda Juli\u00e0 - Ferreter\u00eda Barcelona - 933 59 84 12 - info@ferreteriajulia.com - Gran variedad de productos","robots":{"index":"index","follow":"follow","max-snippet":"max-snippet:-1","max-image-preview":"max-image-preview:large","max-video-preview":"max-video-preview:-1"},"canonical":"https:\/\/ferreteriajulia.com\/tienda\/producto\/insecticida-arpon-deltasec-rtu-plus-750ml\/","og_locale":"es_ES","og_type":"article","og_title":"insecticida ARPON\u00ae Deltasec RTU PLUS 750ml - Ferreter\u00eda Juli\u00e0","og_description":"insecticida ARPON\u00ae Deltasec RTU PLUS 750ml - Ferreter\u00eda Juli\u00e0 - Ferreter\u00eda Barcelona - 933 59 84 12 - info@ferreteriajulia.com - Gran variedad de productos","og_url":"https:\/\/ferreteriajulia.com\/tienda\/producto\/insecticida-arpon-deltasec-rtu-plus-750ml\/","og_site_name":"Ferreter\u00eda Juli\u00e0","article_modified_time":"2024-07-22T09:51:01+00:00","og_image":[{"width":800,"height":800,"url":"https:\/\/ferreteriajulia.com\/tienda\/wp-content\/uploads\/2023\/10\/insecticida-zotal-arpon-deltasect.png","type":"image\/png"}],"twitter_card":"summary_large_image","twitter_misc":{"Tiempo de lectura":"2 minutos"},"schema":{"@context":"https:\/\/schema.org","@graph":[{"@type":"WebPage","@id":"https:\/\/ferreteriajulia.com\/tienda\/producto\/insecticida-arpon-deltasec-rtu-plus-750ml\/","url":"https:\/\/ferreteriajulia.com\/tienda\/producto\/insecticida-arpon-deltasec-rtu-plus-750ml\/","name":"insecticida ARPON\u00ae Deltasec RTU PLUS 750ml - Ferreter\u00eda Juli\u00e0","isPartOf":{"@id":"http:\/\/ferreteriajulia.com\/tienda\/#website"},"primaryImageOfPage":{"@id":"https:\/\/ferreteriajulia.com\/tienda\/producto\/insecticida-arpon-deltasec-rtu-plus-750ml\/#primaryimage"},"image":{"@id":"https:\/\/ferreteriajulia.com\/tienda\/producto\/insecticida-arpon-deltasec-rtu-plus-750ml\/#primaryimage"},"thumbnailUrl":"https:\/\/ferreteriajulia.com\/tienda\/wp-content\/uploads\/2023\/10\/insecticida-zotal-arpon-deltasect.png","datePublished":"2023-10-31T13:57:34+00:00","dateModified":"2024-07-22T09:51:01+00:00","description":"insecticida ARPON\u00ae Deltasec RTU PLUS 750ml - Ferreter\u00eda Juli\u00e0 - Ferreter\u00eda Barcelona - 933 59 84 12 - info@ferreteriajulia.com - Gran variedad de productos","breadcrumb":{"@id":"https:\/\/ferreteriajulia.com\/tienda\/producto\/insecticida-arpon-deltasec-rtu-plus-750ml\/#breadcrumb"},"inLanguage":"es","potentialAction":[{"@type":"ReadAction","target":["https:\/\/ferreteriajulia.com\/tienda\/producto\/insecticida-arpon-deltasec-rtu-plus-750ml\/"]}]},{"@type":"ImageObject","inLanguage":"es","@id":"https:\/\/ferreteriajulia.com\/tienda\/producto\/insecticida-arpon-deltasec-rtu-plus-750ml\/#primaryimage","url":"https:\/\/ferreteriajulia.com\/tienda\/wp-content\/uploads\/2023\/10\/insecticida-zotal-arpon-deltasect.png","contentUrl":"https:\/\/ferreteriajulia.com\/tienda\/wp-content\/uploads\/2023\/10\/insecticida-zotal-arpon-deltasect.png","width":800,"height":800},{"@type":"BreadcrumbList","@id":"https:\/\/ferreteriajulia.com\/tienda\/producto\/insecticida-arpon-deltasec-rtu-plus-750ml\/#breadcrumb","itemListElement":[{"@type":"ListItem","position":1,"name":"Portada","item":"https:\/\/ferreteriajulia.com\/tienda\/"},{"@type":"ListItem","position":2,"name":"Tienda online","item":"http:\/\/ferreteriajulia.com\/tienda\/shop\/"},{"@type":"ListItem","position":3,"name":"insecticida ARPON\u00ae Deltasec RTU PLUS 750ml"}]},{"@type":"WebSite","@id":"http:\/\/ferreteriajulia.com\/tienda\/#website","url":"http:\/\/ferreteriajulia.com\/tienda\/","name":"Ferreter\u00eda Juli\u00e0","description":"Ferreter\u00eda generalista, material para intalaciones y reparaciones.","publisher":{"@id":"http:\/\/ferreteriajulia.com\/tienda\/#organization"},"potentialAction":[{"@type":"SearchAction","target":{"@type":"EntryPoint","urlTemplate":"http:\/\/ferreteriajulia.com\/tienda\/?s={search_term_string}"},"query-input":{"@type":"PropertyValueSpecification","valueRequired":true,"valueName":"search_term_string"}}],"inLanguage":"es"},{"@type":"Organization","@id":"http:\/\/ferreteriajulia.com\/tienda\/#organization","name":"Ferreter\u00eda Juli\u00e0","url":"http:\/\/ferreteriajulia.com\/tienda\/","logo":{"@type":"ImageObject","inLanguage":"es","@id":"http:\/\/ferreteriajulia.com\/tienda\/#\/schema\/logo\/image\/","url":"https:\/\/ferreteriajulia.com\/tienda\/wp-content\/uploads\/2023\/04\/LOGO_Ferreteria_Julia_HD-e1680625558319.png","contentUrl":"https:\/\/ferreteriajulia.com\/tienda\/wp-content\/uploads\/2023\/04\/LOGO_Ferreteria_Julia_HD-e1680625558319.png","width":240,"height":89,"caption":"Ferreter\u00eda Juli\u00e0"},"image":{"@id":"http:\/\/ferreteriajulia.com\/tienda\/#\/schema\/logo\/image\/"}}]}},"_links":{"self":[{"href":"https:\/\/ferreteriajulia.com\/tienda\/wp-json\/wp\/v2\/product\/18212","targetHints":{"allow":["GET"]}}],"collection":[{"href":"https:\/\/ferreteriajulia.com\/tienda\/wp-json\/wp\/v2\/product"}],"about":[{"href":"https:\/\/ferreteriajulia.com\/tienda\/wp-json\/wp\/v2\/types\/product"}],"wp:featuredmedia":[{"embeddable":true,"href":"https:\/\/ferreteriajulia.com\/tienda\/wp-json\/wp\/v2\/media\/19501"}],"wp:attachment":[{"href":"https:\/\/ferreteriajulia.com\/tienda\/wp-json\/wp\/v2\/media?parent=18212"}],"wp:term":[{"taxonomy":"product_brand","embeddable":true,"href":"https:\/\/ferreteriajulia.com\/tienda\/wp-json\/wp\/v2\/product_brand?post=18212"},{"taxonomy":"product_cat","embeddable":true,"href":"https:\/\/ferreteriajulia.com\/tienda\/wp-json\/wp\/v2\/product_cat?post=18212"},{"taxonomy":"product_tag","embeddable":true,"href":"https:\/\/ferreteriajulia.com\/tienda\/wp-json\/wp\/v2\/product_tag?post=18212"}],"curies":[{"name":"wp","href":"https:\/\/api.w.org\/{rel}","templated":true}]}}