{"id":18599,"date":"2023-11-29T16:46:28","date_gmt":"2023-11-29T15:46:28","guid":{"rendered":"https:\/\/ferreteriajulia.com\/tienda\/?post_type=product&#038;p=18599"},"modified":"2025-04-07T15:26:19","modified_gmt":"2025-04-07T13:26:19","slug":"cartucho-butsir-maxxgas-300","status":"publish","type":"product","link":"https:\/\/ferreteriajulia.com\/tienda\/producto\/cartucho-butsir-maxxgas-300\/","title":{"rendered":"cartucho Butsir Maxxgas 300"},"content":{"rendered":"<div class=\"elementor-element elementor-element-cb783c1 elementor-widget elementor-widget-theme-post-title elementor-page-title elementor-widget-heading\" data-id=\"cb783c1\" data-element_type=\"widget\" data-widget_type=\"theme-post-title.default\">\n<div class=\"elementor-widget-container\">\n<p class=\"elementor-heading-title elementor-size-default\">CARTUCHO BUTSIR MAXXGAS 300<\/p>\n<\/div>\n<\/div>\n<div class=\"elementor-element elementor-element-fb51bd6 elementor-widget elementor-widget-text-editor\" data-id=\"fb51bd6\" data-element_type=\"widget\" data-widget_type=\"text-editor.default\">\n<div class=\"elementor-widget-container\">\n<div class=\"elementor-text-editor elementor-clearfix\">REF. CARB0007<\/div>\n<\/div>\n<\/div>\n<div class=\"elementor-element elementor-element-a76ae0d elementor-widget elementor-widget-text-editor\" data-id=\"a76ae0d\" data-element_type=\"widget\" data-widget_type=\"text-editor.default\">\n<div class=\"elementor-widget-container\">\n<div class=\"elementor-text-editor elementor-clearfix\"><\/div>\n<\/div>\n<\/div>\n<div class=\"elementor-element elementor-element-9799fd6 elementor-widget elementor-widget-text-editor\" data-id=\"9799fd6\" data-element_type=\"widget\" data-widget_type=\"text-editor.default\">\n<div class=\"elementor-widget-container\">\n<div class=\"elementor-text-editor elementor-clearfix\">EAN 8414706006211<\/div>\n<\/div>\n<\/div>\n<div class=\"elementor-element elementor-element-f005990 elementor-widget elementor-widget-text-editor\" data-id=\"f005990\" data-element_type=\"widget\" data-widget_type=\"text-editor.default\">\n<div class=\"elementor-widget-container\">\n<div class=\"elementor-text-editor elementor-clearfix\">\n<p class=\"p1\">Cartucho de rosca 7\/16 universal (75% butano, 25% propano). Para soldadura profesional blanda<\/p>\n<\/div>\n<\/div>\n<\/div>\n<div class=\"elementor-element elementor-element-efdbfde elementor-widget elementor-widget-text-editor\" data-id=\"efdbfde\" data-element_type=\"widget\" data-widget_type=\"text-editor.default\">\n<div class=\"elementor-widget-container\">\n<div class=\"elementor-text-editor elementor-clearfix\">\n<p>Contenido: 330 g<br \/>\nMedidas: \u00d87 x 26 cm<br \/>\nPeso: 460 g<\/p>\n<\/div>\n<\/div>\n<\/div>\n","protected":false},"excerpt":{"rendered":"<p>cartucho gas multigas<\/p>\n","protected":false},"featured_media":18600,"template":"","meta":{"_monsterinsights_skip_tracking":false,"_monsterinsights_sitenote_active":false,"_monsterinsights_sitenote_note":"","_monsterinsights_sitenote_category":0},"product_brand":[],"product_cat":[851],"product_tag":[],"class_list":{"0":"post-18599","1":"product","2":"type-product","3":"status-publish","4":"has-post-thumbnail","6":"product_cat-soldadura-y-accesorios-soldar","8":"first","9":"instock","10":"taxable","11":"shipping-taxable","12":"purchasable","13":"product-type-simple"},"yoast_head":"<!-- This site is optimized with the Yoast SEO plugin v27.1.1 - https:\/\/yoast.com\/product\/yoast-seo-wordpress\/ -->\n<title>cartucho Butsir Maxxgas 300 - Ferreter\u00eda Juli\u00e0<\/title>\n<meta name=\"description\" content=\"cartucho Butsir Maxxgas 300 - Ferreter\u00eda Juli\u00e0 - Ferreter\u00eda Barcelona - 933 59 84 12 - info@ferreteriajulia.com - Gran variedad de productos\" \/>\n<meta name=\"robots\" content=\"index, follow, max-snippet:-1, max-image-preview:large, max-video-preview:-1\" \/>\n<link rel=\"canonical\" href=\"https:\/\/ferreteriajulia.com\/tienda\/producto\/cartucho-butsir-maxxgas-300\/\" \/>\n<meta property=\"og:locale\" content=\"es_ES\" \/>\n<meta property=\"og:type\" content=\"article\" \/>\n<meta property=\"og:title\" content=\"cartucho Butsir Maxxgas 300 - Ferreter\u00eda Juli\u00e0\" \/>\n<meta property=\"og:description\" content=\"cartucho Butsir Maxxgas 300 - Ferreter\u00eda Juli\u00e0 - Ferreter\u00eda Barcelona - 933 59 84 12 - info@ferreteriajulia.com - Gran variedad de productos\" \/>\n<meta property=\"og:url\" content=\"https:\/\/ferreteriajulia.com\/tienda\/producto\/cartucho-butsir-maxxgas-300\/\" \/>\n<meta property=\"og:site_name\" content=\"Ferreter\u00eda Juli\u00e0\" \/>\n<meta property=\"article:modified_time\" content=\"2025-04-07T13:26:19+00:00\" \/>\n<meta property=\"og:image\" content=\"https:\/\/ferreteriajulia.com\/tienda\/wp-content\/uploads\/2023\/11\/cartucho-butsir-maxxgas-300-e1701273384796.png\" \/>\n\t<meta property=\"og:image:width\" content=\"459\" \/>\n\t<meta property=\"og:image:height\" content=\"499\" \/>\n\t<meta property=\"og:image:type\" content=\"image\/png\" \/>\n<meta name=\"twitter:card\" content=\"summary_large_image\" \/>\n<meta name=\"twitter:label1\" content=\"Tiempo de lectura\" \/>\n\t<meta name=\"twitter:data1\" content=\"1 minuto\" \/>\n<script type=\"application\/ld+json\" class=\"yoast-schema-graph\">{\"@context\":\"https:\/\/schema.org\",\"@graph\":[{\"@type\":\"WebPage\",\"@id\":\"https:\/\/ferreteriajulia.com\/tienda\/producto\/cartucho-butsir-maxxgas-300\/\",\"url\":\"https:\/\/ferreteriajulia.com\/tienda\/producto\/cartucho-butsir-maxxgas-300\/\",\"name\":\"cartucho Butsir Maxxgas 300 - Ferreter\u00eda Juli\u00e0\",\"isPartOf\":{\"@id\":\"https:\/\/ferreteriajulia.com\/tienda\/#website\"},\"primaryImageOfPage\":{\"@id\":\"https:\/\/ferreteriajulia.com\/tienda\/producto\/cartucho-butsir-maxxgas-300\/#primaryimage\"},\"image\":{\"@id\":\"https:\/\/ferreteriajulia.com\/tienda\/producto\/cartucho-butsir-maxxgas-300\/#primaryimage\"},\"thumbnailUrl\":\"https:\/\/ferreteriajulia.com\/tienda\/wp-content\/uploads\/2023\/11\/cartucho-butsir-maxxgas-300-e1701273384796.png\",\"datePublished\":\"2023-11-29T15:46:28+00:00\",\"dateModified\":\"2025-04-07T13:26:19+00:00\",\"description\":\"cartucho Butsir Maxxgas 300 - Ferreter\u00eda Juli\u00e0 - Ferreter\u00eda Barcelona - 933 59 84 12 - info@ferreteriajulia.com - Gran variedad de productos\",\"breadcrumb\":{\"@id\":\"https:\/\/ferreteriajulia.com\/tienda\/producto\/cartucho-butsir-maxxgas-300\/#breadcrumb\"},\"inLanguage\":\"es\",\"potentialAction\":[{\"@type\":\"ReadAction\",\"target\":[\"https:\/\/ferreteriajulia.com\/tienda\/producto\/cartucho-butsir-maxxgas-300\/\"]}]},{\"@type\":\"ImageObject\",\"inLanguage\":\"es\",\"@id\":\"https:\/\/ferreteriajulia.com\/tienda\/producto\/cartucho-butsir-maxxgas-300\/#primaryimage\",\"url\":\"https:\/\/ferreteriajulia.com\/tienda\/wp-content\/uploads\/2023\/11\/cartucho-butsir-maxxgas-300-e1701273384796.png\",\"contentUrl\":\"https:\/\/ferreteriajulia.com\/tienda\/wp-content\/uploads\/2023\/11\/cartucho-butsir-maxxgas-300-e1701273384796.png\",\"width\":459,\"height\":499},{\"@type\":\"BreadcrumbList\",\"@id\":\"https:\/\/ferreteriajulia.com\/tienda\/producto\/cartucho-butsir-maxxgas-300\/#breadcrumb\",\"itemListElement\":[{\"@type\":\"ListItem\",\"position\":1,\"name\":\"Portada\",\"item\":\"https:\/\/ferreteriajulia.com\/tienda\/\"},{\"@type\":\"ListItem\",\"position\":2,\"name\":\"Tienda online\",\"item\":\"https:\/\/ferreteriajulia.com\/tienda\/shop\/\"},{\"@type\":\"ListItem\",\"position\":3,\"name\":\"cartucho Butsir Maxxgas 300\"}]},{\"@type\":\"WebSite\",\"@id\":\"https:\/\/ferreteriajulia.com\/tienda\/#website\",\"url\":\"https:\/\/ferreteriajulia.com\/tienda\/\",\"name\":\"Ferreter\u00eda Juli\u00e0\",\"description\":\"Ferreter\u00eda generalista, material para intalaciones y reparaciones.\",\"publisher\":{\"@id\":\"https:\/\/ferreteriajulia.com\/tienda\/#organization\"},\"potentialAction\":[{\"@type\":\"SearchAction\",\"target\":{\"@type\":\"EntryPoint\",\"urlTemplate\":\"https:\/\/ferreteriajulia.com\/tienda\/?s={search_term_string}\"},\"query-input\":{\"@type\":\"PropertyValueSpecification\",\"valueRequired\":true,\"valueName\":\"search_term_string\"}}],\"inLanguage\":\"es\"},{\"@type\":\"Organization\",\"@id\":\"https:\/\/ferreteriajulia.com\/tienda\/#organization\",\"name\":\"Ferreter\u00eda Juli\u00e0\",\"url\":\"https:\/\/ferreteriajulia.com\/tienda\/\",\"logo\":{\"@type\":\"ImageObject\",\"inLanguage\":\"es\",\"@id\":\"https:\/\/ferreteriajulia.com\/tienda\/#\/schema\/logo\/image\/\",\"url\":\"https:\/\/ferreteriajulia.com\/tienda\/wp-content\/uploads\/2023\/04\/LOGO_Ferreteria_Julia_HD-e1680625558319.png\",\"contentUrl\":\"https:\/\/ferreteriajulia.com\/tienda\/wp-content\/uploads\/2023\/04\/LOGO_Ferreteria_Julia_HD-e1680625558319.png\",\"width\":240,\"height\":89,\"caption\":\"Ferreter\u00eda Juli\u00e0\"},\"image\":{\"@id\":\"https:\/\/ferreteriajulia.com\/tienda\/#\/schema\/logo\/image\/\"}}]}<\/script>\n<!-- \/ Yoast SEO plugin. -->","yoast_head_json":{"title":"cartucho Butsir Maxxgas 300 - Ferreter\u00eda Juli\u00e0","description":"cartucho Butsir Maxxgas 300 - Ferreter\u00eda Juli\u00e0 - Ferreter\u00eda Barcelona - 933 59 84 12 - info@ferreteriajulia.com - Gran variedad de productos","robots":{"index":"index","follow":"follow","max-snippet":"max-snippet:-1","max-image-preview":"max-image-preview:large","max-video-preview":"max-video-preview:-1"},"canonical":"https:\/\/ferreteriajulia.com\/tienda\/producto\/cartucho-butsir-maxxgas-300\/","og_locale":"es_ES","og_type":"article","og_title":"cartucho Butsir Maxxgas 300 - Ferreter\u00eda Juli\u00e0","og_description":"cartucho Butsir Maxxgas 300 - Ferreter\u00eda Juli\u00e0 - Ferreter\u00eda Barcelona - 933 59 84 12 - info@ferreteriajulia.com - Gran variedad de productos","og_url":"https:\/\/ferreteriajulia.com\/tienda\/producto\/cartucho-butsir-maxxgas-300\/","og_site_name":"Ferreter\u00eda Juli\u00e0","article_modified_time":"2025-04-07T13:26:19+00:00","og_image":[{"width":459,"height":499,"url":"https:\/\/ferreteriajulia.com\/tienda\/wp-content\/uploads\/2023\/11\/cartucho-butsir-maxxgas-300-e1701273384796.png","type":"image\/png"}],"twitter_card":"summary_large_image","twitter_misc":{"Tiempo de lectura":"1 minuto"},"schema":{"@context":"https:\/\/schema.org","@graph":[{"@type":"WebPage","@id":"https:\/\/ferreteriajulia.com\/tienda\/producto\/cartucho-butsir-maxxgas-300\/","url":"https:\/\/ferreteriajulia.com\/tienda\/producto\/cartucho-butsir-maxxgas-300\/","name":"cartucho Butsir Maxxgas 300 - Ferreter\u00eda Juli\u00e0","isPartOf":{"@id":"https:\/\/ferreteriajulia.com\/tienda\/#website"},"primaryImageOfPage":{"@id":"https:\/\/ferreteriajulia.com\/tienda\/producto\/cartucho-butsir-maxxgas-300\/#primaryimage"},"image":{"@id":"https:\/\/ferreteriajulia.com\/tienda\/producto\/cartucho-butsir-maxxgas-300\/#primaryimage"},"thumbnailUrl":"https:\/\/ferreteriajulia.com\/tienda\/wp-content\/uploads\/2023\/11\/cartucho-butsir-maxxgas-300-e1701273384796.png","datePublished":"2023-11-29T15:46:28+00:00","dateModified":"2025-04-07T13:26:19+00:00","description":"cartucho Butsir Maxxgas 300 - Ferreter\u00eda Juli\u00e0 - Ferreter\u00eda Barcelona - 933 59 84 12 - info@ferreteriajulia.com - Gran variedad de productos","breadcrumb":{"@id":"https:\/\/ferreteriajulia.com\/tienda\/producto\/cartucho-butsir-maxxgas-300\/#breadcrumb"},"inLanguage":"es","potentialAction":[{"@type":"ReadAction","target":["https:\/\/ferreteriajulia.com\/tienda\/producto\/cartucho-butsir-maxxgas-300\/"]}]},{"@type":"ImageObject","inLanguage":"es","@id":"https:\/\/ferreteriajulia.com\/tienda\/producto\/cartucho-butsir-maxxgas-300\/#primaryimage","url":"https:\/\/ferreteriajulia.com\/tienda\/wp-content\/uploads\/2023\/11\/cartucho-butsir-maxxgas-300-e1701273384796.png","contentUrl":"https:\/\/ferreteriajulia.com\/tienda\/wp-content\/uploads\/2023\/11\/cartucho-butsir-maxxgas-300-e1701273384796.png","width":459,"height":499},{"@type":"BreadcrumbList","@id":"https:\/\/ferreteriajulia.com\/tienda\/producto\/cartucho-butsir-maxxgas-300\/#breadcrumb","itemListElement":[{"@type":"ListItem","position":1,"name":"Portada","item":"https:\/\/ferreteriajulia.com\/tienda\/"},{"@type":"ListItem","position":2,"name":"Tienda online","item":"https:\/\/ferreteriajulia.com\/tienda\/shop\/"},{"@type":"ListItem","position":3,"name":"cartucho Butsir Maxxgas 300"}]},{"@type":"WebSite","@id":"https:\/\/ferreteriajulia.com\/tienda\/#website","url":"https:\/\/ferreteriajulia.com\/tienda\/","name":"Ferreter\u00eda Juli\u00e0","description":"Ferreter\u00eda generalista, material para intalaciones y reparaciones.","publisher":{"@id":"https:\/\/ferreteriajulia.com\/tienda\/#organization"},"potentialAction":[{"@type":"SearchAction","target":{"@type":"EntryPoint","urlTemplate":"https:\/\/ferreteriajulia.com\/tienda\/?s={search_term_string}"},"query-input":{"@type":"PropertyValueSpecification","valueRequired":true,"valueName":"search_term_string"}}],"inLanguage":"es"},{"@type":"Organization","@id":"https:\/\/ferreteriajulia.com\/tienda\/#organization","name":"Ferreter\u00eda Juli\u00e0","url":"https:\/\/ferreteriajulia.com\/tienda\/","logo":{"@type":"ImageObject","inLanguage":"es","@id":"https:\/\/ferreteriajulia.com\/tienda\/#\/schema\/logo\/image\/","url":"https:\/\/ferreteriajulia.com\/tienda\/wp-content\/uploads\/2023\/04\/LOGO_Ferreteria_Julia_HD-e1680625558319.png","contentUrl":"https:\/\/ferreteriajulia.com\/tienda\/wp-content\/uploads\/2023\/04\/LOGO_Ferreteria_Julia_HD-e1680625558319.png","width":240,"height":89,"caption":"Ferreter\u00eda Juli\u00e0"},"image":{"@id":"https:\/\/ferreteriajulia.com\/tienda\/#\/schema\/logo\/image\/"}}]}},"_links":{"self":[{"href":"https:\/\/ferreteriajulia.com\/tienda\/wp-json\/wp\/v2\/product\/18599","targetHints":{"allow":["GET"]}}],"collection":[{"href":"https:\/\/ferreteriajulia.com\/tienda\/wp-json\/wp\/v2\/product"}],"about":[{"href":"https:\/\/ferreteriajulia.com\/tienda\/wp-json\/wp\/v2\/types\/product"}],"wp:featuredmedia":[{"embeddable":true,"href":"https:\/\/ferreteriajulia.com\/tienda\/wp-json\/wp\/v2\/media\/18600"}],"wp:attachment":[{"href":"https:\/\/ferreteriajulia.com\/tienda\/wp-json\/wp\/v2\/media?parent=18599"}],"wp:term":[{"taxonomy":"product_brand","embeddable":true,"href":"https:\/\/ferreteriajulia.com\/tienda\/wp-json\/wp\/v2\/product_brand?post=18599"},{"taxonomy":"product_cat","embeddable":true,"href":"https:\/\/ferreteriajulia.com\/tienda\/wp-json\/wp\/v2\/product_cat?post=18599"},{"taxonomy":"product_tag","embeddable":true,"href":"https:\/\/ferreteriajulia.com\/tienda\/wp-json\/wp\/v2\/product_tag?post=18599"}],"curies":[{"name":"wp","href":"https:\/\/api.w.org\/{rel}","templated":true}]}}