{"id":19686,"date":"2024-07-09T15:16:18","date_gmt":"2024-07-09T13:16:18","guid":{"rendered":"https:\/\/ferreteriajulia.com\/tienda\/?post_type=product&#038;p=19686"},"modified":"2024-07-09T15:20:19","modified_gmt":"2024-07-09T13:20:19","slug":"angulo-magnetico-para-soldadura-alyco","status":"publish","type":"product","link":"https:\/\/ferreteriajulia.com\/tienda\/producto\/angulo-magnetico-para-soldadura-alyco\/","title":{"rendered":"\u00e1ngulo magn\u00e9tico para soldadura Alyco"},"content":{"rendered":"<p>\u00e1ngulo magn\u00e9tico para soldadura Alyco<\/p>\n<div class=\"intro-ficha\">\n<ul>\n<li>Escuadra con im\u00e1n de neodimio muy potente, protegido por dos chapas remachadas lo que le da muy larga vida, fiabilidad de \u00e1ngulo y potencia.<\/li>\n<li>Indicado para sujetar piezas met\u00e1licas de acero en 45\u00ba, 90\u00ba y 135\u00ba, y realizar trabajos de soldadura, atornillado, pegado, etc. con el \u00e1ngulo deseado, pudiendo hacer la operaci\u00f3n de soldado con las manos libres.<\/li>\n<li>\u00datil para soldar y ensamblar tubos y barras met\u00e1licas con m\u00faltiples posibilidades de \u00e1ngulo. Tambi\u00e9n \u00fatil como soporte de marcado y separado de planchas.<\/li>\n<li>Circulo para elevaci\u00f3n de cargas usando un gancho que se introduce en el circulo.<\/li>\n<li>Indicado para soldaduras, instalaci\u00f3n de tuber\u00edas y montajes.<\/li>\n<\/ul>\n<\/div>\n<div class=\"bloque-print\">\n<h3>Descripci\u00f3n general<\/h3>\n<p>Escuadra compuesta por hierro imantado con 2 chapas met\u00e1licas de cobertura y figura triangular y rectangular con circulo interior.<br \/>\nEl cuerpo interior de Acero esta potentemente imantado.<br \/>\nIm\u00e1n permanente de neodimio protegido por las chapas de acero remachadas.<br \/>\nLas chapas est\u00e1n remachadas entre ellas para evitar que se desprendan.<br \/>\n\u00datil para soldaduras en \u00e1ngulos de 45\u00ba, 90\u00ba y 135\u00ba.<br \/>\nHay 8 superficies diferentes.<br \/>\nEscuadra industrial para uso por soldadores, fontaneros, para soldado de tubos, barras, etc.<\/p><\/div>\n<div>\n<div class=\"bloque-print\">\n<h3>Caracter\u00edsticas t\u00e9cnicas<\/h3>\n<dl>\n<dt>Material del cuerpo:<\/dt>\n<dd>Acero<\/dd>\n<dt>Tipo de Im\u00e1n:<\/dt>\n<dd>Neodimio<\/dd>\n<dt>Uni\u00f3n del cuerpo al im\u00e1n:<\/dt>\n<dd>Remachado<\/dd>\n<dt>\u00c1ngulos de utilizaci\u00f3n:<\/dt>\n<dd>45\u00ba;90;135\u00ba<\/dd>\n<dt>Utilizaci\u00f3n:<\/dt>\n<dd>Para soldar, marcar, aplicar, ensamblar, etc \u2026<\/dd>\n<\/dl>\n<\/div>\n<div class=\"bloque-print\">\n<h3>Acabados<\/h3>\n<dl>\n<dt>Color:<\/dt>\n<dd>Azul<\/dd>\n<dt>Material:<\/dt>\n<dd>Cuerpo de acero\/Iman de neodimio<\/dd>\n<\/dl>\n<\/div>\n<div class=\"bloque-print\">\n<h3>Dimensiones del producto<\/h3>\n<table class=\"table table-ficha\">\n<thead>\n<tr>\n<th scope=\"col\">Peso (kg)<\/th>\n<th scope=\"col\">Largo (cm)<\/th>\n<th scope=\"col\">Ancho (cm)<\/th>\n<th scope=\"col\">Alto (cm)<\/th>\n<\/tr>\n<\/thead>\n<tbody>\n<tr>\n<td data-title=\"Peso (kg)\">0.3000<\/td>\n<td data-title=\"Largo (cm)\">12.0<\/td>\n<td data-title=\"Ancho (cm)\">8.5<\/td>\n<td data-title=\"Alto (cm)\">1.6<\/td>\n<\/tr>\n<\/tbody>\n<\/table>\n<p><img loading=\"lazy\" decoding=\"async\" class=\"\" src=\"https:\/\/www.dateriumsystem.com\/appfiles\/clientes\/308\/catalogo\/ANGULO-MAGNETICO-SOLDADURA-ALYCO-197990UTILIZACION02.jpg\" width=\"274\" height=\"274\" \/><img loading=\"lazy\" decoding=\"async\" class=\"\" src=\"https:\/\/www.dateriumsystem.com\/appfiles\/clientes\/308\/catalogo\/ANGULO-MAGNETICO-SOLDADURA-ALYCO-197990UTILIZACION01.jpg\" width=\"273\" height=\"273\" \/><\/p>\n<\/div>\n<\/div>\n","protected":false},"excerpt":{"rendered":"<p>\u00e1ngulo magn\u00e9tico para soldadura Alyco<\/p>\n","protected":false},"featured_media":19687,"template":"","meta":{"_monsterinsights_skip_tracking":false,"_monsterinsights_sitenote_active":false,"_monsterinsights_sitenote_note":"","_monsterinsights_sitenote_category":0},"product_brand":[],"product_cat":[851],"product_tag":[],"class_list":{"0":"post-19686","1":"product","2":"type-product","3":"status-publish","4":"has-post-thumbnail","6":"product_cat-soldadura-y-accesorios-soldar","8":"first","9":"instock","10":"taxable","11":"shipping-taxable","12":"purchasable","13":"product-type-simple"},"yoast_head":"<!-- This site is optimized with the Yoast SEO plugin v27.1.1 - https:\/\/yoast.com\/product\/yoast-seo-wordpress\/ -->\n<title>\u00e1ngulo magn\u00e9tico para soldadura Alyco - Ferreter\u00eda Juli\u00e0<\/title>\n<meta name=\"description\" content=\"\u00e1ngulo magn\u00e9tico para soldadura Alyco - Ferreter\u00eda Juli\u00e0 - Ferreter\u00eda Barcelona - 933 59 84 12 - info@ferreteriajulia.com - Gran variedad de productos\" \/>\n<meta name=\"robots\" content=\"index, follow, max-snippet:-1, max-image-preview:large, max-video-preview:-1\" \/>\n<link rel=\"canonical\" href=\"https:\/\/ferreteriajulia.com\/tienda\/producto\/angulo-magnetico-para-soldadura-alyco\/\" \/>\n<meta property=\"og:locale\" content=\"es_ES\" \/>\n<meta property=\"og:type\" content=\"article\" \/>\n<meta property=\"og:title\" content=\"\u00e1ngulo magn\u00e9tico para soldadura Alyco - Ferreter\u00eda Juli\u00e0\" \/>\n<meta property=\"og:description\" content=\"\u00e1ngulo magn\u00e9tico para soldadura Alyco - Ferreter\u00eda Juli\u00e0 - Ferreter\u00eda Barcelona - 933 59 84 12 - info@ferreteriajulia.com - Gran variedad de productos\" \/>\n<meta property=\"og:url\" content=\"https:\/\/ferreteriajulia.com\/tienda\/producto\/angulo-magnetico-para-soldadura-alyco\/\" \/>\n<meta property=\"og:site_name\" content=\"Ferreter\u00eda Juli\u00e0\" \/>\n<meta property=\"article:modified_time\" content=\"2024-07-09T13:20:19+00:00\" \/>\n<meta property=\"og:image\" content=\"https:\/\/ferreteriajulia.com\/tienda\/wp-content\/uploads\/2024\/07\/angulo-magnetico-para-soldadura-Alyco.png\" \/>\n\t<meta property=\"og:image:width\" content=\"1681\" \/>\n\t<meta property=\"og:image:height\" content=\"1417\" \/>\n\t<meta property=\"og:image:type\" content=\"image\/png\" \/>\n<meta name=\"twitter:card\" content=\"summary_large_image\" \/>\n<meta name=\"twitter:label1\" content=\"Tiempo de lectura\" \/>\n\t<meta name=\"twitter:data1\" content=\"2 minutos\" \/>\n<script type=\"application\/ld+json\" class=\"yoast-schema-graph\">{\"@context\":\"https:\/\/schema.org\",\"@graph\":[{\"@type\":\"WebPage\",\"@id\":\"https:\/\/ferreteriajulia.com\/tienda\/producto\/angulo-magnetico-para-soldadura-alyco\/\",\"url\":\"https:\/\/ferreteriajulia.com\/tienda\/producto\/angulo-magnetico-para-soldadura-alyco\/\",\"name\":\"\u00e1ngulo magn\u00e9tico para soldadura Alyco - Ferreter\u00eda Juli\u00e0\",\"isPartOf\":{\"@id\":\"https:\/\/ferreteriajulia.com\/tienda\/#website\"},\"primaryImageOfPage\":{\"@id\":\"https:\/\/ferreteriajulia.com\/tienda\/producto\/angulo-magnetico-para-soldadura-alyco\/#primaryimage\"},\"image\":{\"@id\":\"https:\/\/ferreteriajulia.com\/tienda\/producto\/angulo-magnetico-para-soldadura-alyco\/#primaryimage\"},\"thumbnailUrl\":\"https:\/\/ferreteriajulia.com\/tienda\/wp-content\/uploads\/2024\/07\/angulo-magnetico-para-soldadura-Alyco.png\",\"datePublished\":\"2024-07-09T13:16:18+00:00\",\"dateModified\":\"2024-07-09T13:20:19+00:00\",\"description\":\"\u00e1ngulo magn\u00e9tico para soldadura Alyco - Ferreter\u00eda Juli\u00e0 - Ferreter\u00eda Barcelona - 933 59 84 12 - info@ferreteriajulia.com - Gran variedad de productos\",\"breadcrumb\":{\"@id\":\"https:\/\/ferreteriajulia.com\/tienda\/producto\/angulo-magnetico-para-soldadura-alyco\/#breadcrumb\"},\"inLanguage\":\"es\",\"potentialAction\":[{\"@type\":\"ReadAction\",\"target\":[\"https:\/\/ferreteriajulia.com\/tienda\/producto\/angulo-magnetico-para-soldadura-alyco\/\"]}]},{\"@type\":\"ImageObject\",\"inLanguage\":\"es\",\"@id\":\"https:\/\/ferreteriajulia.com\/tienda\/producto\/angulo-magnetico-para-soldadura-alyco\/#primaryimage\",\"url\":\"https:\/\/ferreteriajulia.com\/tienda\/wp-content\/uploads\/2024\/07\/angulo-magnetico-para-soldadura-Alyco.png\",\"contentUrl\":\"https:\/\/ferreteriajulia.com\/tienda\/wp-content\/uploads\/2024\/07\/angulo-magnetico-para-soldadura-Alyco.png\",\"width\":1681,\"height\":1417},{\"@type\":\"BreadcrumbList\",\"@id\":\"https:\/\/ferreteriajulia.com\/tienda\/producto\/angulo-magnetico-para-soldadura-alyco\/#breadcrumb\",\"itemListElement\":[{\"@type\":\"ListItem\",\"position\":1,\"name\":\"Portada\",\"item\":\"https:\/\/ferreteriajulia.com\/tienda\/\"},{\"@type\":\"ListItem\",\"position\":2,\"name\":\"Tienda online\",\"item\":\"https:\/\/ferreteriajulia.com\/tienda\/shop\/\"},{\"@type\":\"ListItem\",\"position\":3,\"name\":\"\u00e1ngulo magn\u00e9tico para soldadura Alyco\"}]},{\"@type\":\"WebSite\",\"@id\":\"https:\/\/ferreteriajulia.com\/tienda\/#website\",\"url\":\"https:\/\/ferreteriajulia.com\/tienda\/\",\"name\":\"Ferreter\u00eda Juli\u00e0\",\"description\":\"Ferreter\u00eda generalista, material para intalaciones y reparaciones.\",\"publisher\":{\"@id\":\"https:\/\/ferreteriajulia.com\/tienda\/#organization\"},\"potentialAction\":[{\"@type\":\"SearchAction\",\"target\":{\"@type\":\"EntryPoint\",\"urlTemplate\":\"https:\/\/ferreteriajulia.com\/tienda\/?s={search_term_string}\"},\"query-input\":{\"@type\":\"PropertyValueSpecification\",\"valueRequired\":true,\"valueName\":\"search_term_string\"}}],\"inLanguage\":\"es\"},{\"@type\":\"Organization\",\"@id\":\"https:\/\/ferreteriajulia.com\/tienda\/#organization\",\"name\":\"Ferreter\u00eda Juli\u00e0\",\"url\":\"https:\/\/ferreteriajulia.com\/tienda\/\",\"logo\":{\"@type\":\"ImageObject\",\"inLanguage\":\"es\",\"@id\":\"https:\/\/ferreteriajulia.com\/tienda\/#\/schema\/logo\/image\/\",\"url\":\"https:\/\/ferreteriajulia.com\/tienda\/wp-content\/uploads\/2023\/04\/LOGO_Ferreteria_Julia_HD-e1680625558319.png\",\"contentUrl\":\"https:\/\/ferreteriajulia.com\/tienda\/wp-content\/uploads\/2023\/04\/LOGO_Ferreteria_Julia_HD-e1680625558319.png\",\"width\":240,\"height\":89,\"caption\":\"Ferreter\u00eda Juli\u00e0\"},\"image\":{\"@id\":\"https:\/\/ferreteriajulia.com\/tienda\/#\/schema\/logo\/image\/\"}}]}<\/script>\n<!-- \/ Yoast SEO plugin. -->","yoast_head_json":{"title":"\u00e1ngulo magn\u00e9tico para soldadura Alyco - Ferreter\u00eda Juli\u00e0","description":"\u00e1ngulo magn\u00e9tico para soldadura Alyco - Ferreter\u00eda Juli\u00e0 - Ferreter\u00eda Barcelona - 933 59 84 12 - info@ferreteriajulia.com - Gran variedad de productos","robots":{"index":"index","follow":"follow","max-snippet":"max-snippet:-1","max-image-preview":"max-image-preview:large","max-video-preview":"max-video-preview:-1"},"canonical":"https:\/\/ferreteriajulia.com\/tienda\/producto\/angulo-magnetico-para-soldadura-alyco\/","og_locale":"es_ES","og_type":"article","og_title":"\u00e1ngulo magn\u00e9tico para soldadura Alyco - Ferreter\u00eda Juli\u00e0","og_description":"\u00e1ngulo magn\u00e9tico para soldadura Alyco - Ferreter\u00eda Juli\u00e0 - Ferreter\u00eda Barcelona - 933 59 84 12 - info@ferreteriajulia.com - Gran variedad de productos","og_url":"https:\/\/ferreteriajulia.com\/tienda\/producto\/angulo-magnetico-para-soldadura-alyco\/","og_site_name":"Ferreter\u00eda Juli\u00e0","article_modified_time":"2024-07-09T13:20:19+00:00","og_image":[{"width":1681,"height":1417,"url":"https:\/\/ferreteriajulia.com\/tienda\/wp-content\/uploads\/2024\/07\/angulo-magnetico-para-soldadura-Alyco.png","type":"image\/png"}],"twitter_card":"summary_large_image","twitter_misc":{"Tiempo de lectura":"2 minutos"},"schema":{"@context":"https:\/\/schema.org","@graph":[{"@type":"WebPage","@id":"https:\/\/ferreteriajulia.com\/tienda\/producto\/angulo-magnetico-para-soldadura-alyco\/","url":"https:\/\/ferreteriajulia.com\/tienda\/producto\/angulo-magnetico-para-soldadura-alyco\/","name":"\u00e1ngulo magn\u00e9tico para soldadura Alyco - Ferreter\u00eda Juli\u00e0","isPartOf":{"@id":"https:\/\/ferreteriajulia.com\/tienda\/#website"},"primaryImageOfPage":{"@id":"https:\/\/ferreteriajulia.com\/tienda\/producto\/angulo-magnetico-para-soldadura-alyco\/#primaryimage"},"image":{"@id":"https:\/\/ferreteriajulia.com\/tienda\/producto\/angulo-magnetico-para-soldadura-alyco\/#primaryimage"},"thumbnailUrl":"https:\/\/ferreteriajulia.com\/tienda\/wp-content\/uploads\/2024\/07\/angulo-magnetico-para-soldadura-Alyco.png","datePublished":"2024-07-09T13:16:18+00:00","dateModified":"2024-07-09T13:20:19+00:00","description":"\u00e1ngulo magn\u00e9tico para soldadura Alyco - Ferreter\u00eda Juli\u00e0 - Ferreter\u00eda Barcelona - 933 59 84 12 - info@ferreteriajulia.com - Gran variedad de productos","breadcrumb":{"@id":"https:\/\/ferreteriajulia.com\/tienda\/producto\/angulo-magnetico-para-soldadura-alyco\/#breadcrumb"},"inLanguage":"es","potentialAction":[{"@type":"ReadAction","target":["https:\/\/ferreteriajulia.com\/tienda\/producto\/angulo-magnetico-para-soldadura-alyco\/"]}]},{"@type":"ImageObject","inLanguage":"es","@id":"https:\/\/ferreteriajulia.com\/tienda\/producto\/angulo-magnetico-para-soldadura-alyco\/#primaryimage","url":"https:\/\/ferreteriajulia.com\/tienda\/wp-content\/uploads\/2024\/07\/angulo-magnetico-para-soldadura-Alyco.png","contentUrl":"https:\/\/ferreteriajulia.com\/tienda\/wp-content\/uploads\/2024\/07\/angulo-magnetico-para-soldadura-Alyco.png","width":1681,"height":1417},{"@type":"BreadcrumbList","@id":"https:\/\/ferreteriajulia.com\/tienda\/producto\/angulo-magnetico-para-soldadura-alyco\/#breadcrumb","itemListElement":[{"@type":"ListItem","position":1,"name":"Portada","item":"https:\/\/ferreteriajulia.com\/tienda\/"},{"@type":"ListItem","position":2,"name":"Tienda online","item":"https:\/\/ferreteriajulia.com\/tienda\/shop\/"},{"@type":"ListItem","position":3,"name":"\u00e1ngulo magn\u00e9tico para soldadura Alyco"}]},{"@type":"WebSite","@id":"https:\/\/ferreteriajulia.com\/tienda\/#website","url":"https:\/\/ferreteriajulia.com\/tienda\/","name":"Ferreter\u00eda Juli\u00e0","description":"Ferreter\u00eda generalista, material para intalaciones y reparaciones.","publisher":{"@id":"https:\/\/ferreteriajulia.com\/tienda\/#organization"},"potentialAction":[{"@type":"SearchAction","target":{"@type":"EntryPoint","urlTemplate":"https:\/\/ferreteriajulia.com\/tienda\/?s={search_term_string}"},"query-input":{"@type":"PropertyValueSpecification","valueRequired":true,"valueName":"search_term_string"}}],"inLanguage":"es"},{"@type":"Organization","@id":"https:\/\/ferreteriajulia.com\/tienda\/#organization","name":"Ferreter\u00eda Juli\u00e0","url":"https:\/\/ferreteriajulia.com\/tienda\/","logo":{"@type":"ImageObject","inLanguage":"es","@id":"https:\/\/ferreteriajulia.com\/tienda\/#\/schema\/logo\/image\/","url":"https:\/\/ferreteriajulia.com\/tienda\/wp-content\/uploads\/2023\/04\/LOGO_Ferreteria_Julia_HD-e1680625558319.png","contentUrl":"https:\/\/ferreteriajulia.com\/tienda\/wp-content\/uploads\/2023\/04\/LOGO_Ferreteria_Julia_HD-e1680625558319.png","width":240,"height":89,"caption":"Ferreter\u00eda Juli\u00e0"},"image":{"@id":"https:\/\/ferreteriajulia.com\/tienda\/#\/schema\/logo\/image\/"}}]}},"_links":{"self":[{"href":"https:\/\/ferreteriajulia.com\/tienda\/wp-json\/wp\/v2\/product\/19686","targetHints":{"allow":["GET"]}}],"collection":[{"href":"https:\/\/ferreteriajulia.com\/tienda\/wp-json\/wp\/v2\/product"}],"about":[{"href":"https:\/\/ferreteriajulia.com\/tienda\/wp-json\/wp\/v2\/types\/product"}],"wp:featuredmedia":[{"embeddable":true,"href":"https:\/\/ferreteriajulia.com\/tienda\/wp-json\/wp\/v2\/media\/19687"}],"wp:attachment":[{"href":"https:\/\/ferreteriajulia.com\/tienda\/wp-json\/wp\/v2\/media?parent=19686"}],"wp:term":[{"taxonomy":"product_brand","embeddable":true,"href":"https:\/\/ferreteriajulia.com\/tienda\/wp-json\/wp\/v2\/product_brand?post=19686"},{"taxonomy":"product_cat","embeddable":true,"href":"https:\/\/ferreteriajulia.com\/tienda\/wp-json\/wp\/v2\/product_cat?post=19686"},{"taxonomy":"product_tag","embeddable":true,"href":"https:\/\/ferreteriajulia.com\/tienda\/wp-json\/wp\/v2\/product_tag?post=19686"}],"curies":[{"name":"wp","href":"https:\/\/api.w.org\/{rel}","templated":true}]}}