{"id":19701,"date":"2024-07-12T12:58:55","date_gmt":"2024-07-12T10:58:55","guid":{"rendered":"https:\/\/ferreteriajulia.com\/tienda\/?post_type=product&#038;p=19701"},"modified":"2024-07-13T10:01:54","modified_gmt":"2024-07-13T08:01:54","slug":"camiseta-tecnica-transpirable-gris-negro-talla-xxxl","status":"publish","type":"product","link":"https:\/\/ferreteriajulia.com\/tienda\/producto\/camiseta-tecnica-transpirable-gris-negro-talla-xxxl\/","title":{"rendered":"camiseta t\u00e9cnica transpirable gris\/negro talla XXXL"},"content":{"rendered":"<p>camiseta t\u00e9cnica transpirable gris\/negro talla XXXL<\/p>\n<p>Modelo Pilote.<\/p>\n<p>Composici\u00f3n 100 % de poli\u00e9ster con un gramaje de 160 g\/m2.<\/p>\n<p>Disponible en color gris\/negro.<\/p>\n<p>Esta camiseta es muy c\u00f3moda y pr\u00e1ctica para usarla en cualquier tipo de sector (agricultura, industria,construcci\u00f3n).<\/p>\n<p><img loading=\"lazy\" decoding=\"async\" class=\"alignnone wp-image-19697\" src=\"http:\/\/ferreteriajulia.com\/tienda\/wp-content\/uploads\/2024\/07\/guia-tallas-camisetas-y-chalecos.png\" alt=\"\" width=\"713\" height=\"475\" srcset=\"https:\/\/ferreteriajulia.com\/tienda\/wp-content\/uploads\/2024\/07\/guia-tallas-camisetas-y-chalecos.png 1024w, https:\/\/ferreteriajulia.com\/tienda\/wp-content\/uploads\/2024\/07\/guia-tallas-camisetas-y-chalecos-300x200.png 300w, https:\/\/ferreteriajulia.com\/tienda\/wp-content\/uploads\/2024\/07\/guia-tallas-camisetas-y-chalecos-768x512.png 768w, https:\/\/ferreteriajulia.com\/tienda\/wp-content\/uploads\/2024\/07\/guia-tallas-camisetas-y-chalecos-510x340.png 510w\" sizes=\"auto, (max-width: 713px) 100vw, 713px\" \/><\/p>\n<p>&nbsp;<\/p>\n","protected":false},"excerpt":{"rendered":"<p>camiseta t\u00e9cnica transpirable<\/p>\n","protected":false},"featured_media":19696,"template":"","meta":{"_monsterinsights_skip_tracking":false,"_monsterinsights_sitenote_active":false,"_monsterinsights_sitenote_note":"","_monsterinsights_sitenote_category":0},"product_brand":[],"product_cat":[899],"product_tag":[],"class_list":{"0":"post-19701","1":"product","2":"type-product","3":"status-publish","4":"has-post-thumbnail","6":"product_cat-camisetas-sudaderas-chalecos","8":"first","9":"instock","10":"taxable","11":"shipping-taxable","12":"purchasable","13":"product-type-simple"},"yoast_head":"<!-- This site is optimized with the Yoast SEO plugin v27.4 - https:\/\/yoast.com\/product\/yoast-seo-wordpress\/ -->\n<title>camiseta t\u00e9cnica transpirable gris\/negro talla XXXL - Ferreter\u00eda Juli\u00e0<\/title>\n<meta name=\"description\" content=\"camiseta t\u00e9cnica transpirable gris\/negro talla XXXL - Ferreter\u00eda Juli\u00e0 - Ferreter\u00eda en Barcelona - 933 59 84 12 - info@ferreteriajulia.com - Gran variedad de productos\" \/>\n<meta name=\"robots\" content=\"index, follow, max-snippet:-1, max-image-preview:large, max-video-preview:-1\" \/>\n<link rel=\"canonical\" href=\"https:\/\/ferreteriajulia.com\/tienda\/producto\/camiseta-tecnica-transpirable-gris-negro-talla-xxxl\/\" \/>\n<meta property=\"og:locale\" content=\"es_ES\" \/>\n<meta property=\"og:type\" content=\"article\" \/>\n<meta property=\"og:title\" content=\"camiseta t\u00e9cnica transpirable gris\/negro talla XXXL - Ferreter\u00eda Juli\u00e0\" \/>\n<meta property=\"og:description\" content=\"camiseta t\u00e9cnica transpirable gris\/negro talla XXXL - Ferreter\u00eda Juli\u00e0 - Ferreter\u00eda en Barcelona - 933 59 84 12 - info@ferreteriajulia.com - Gran variedad de productos\" \/>\n<meta property=\"og:url\" content=\"https:\/\/ferreteriajulia.com\/tienda\/producto\/camiseta-tecnica-transpirable-gris-negro-talla-xxxl\/\" \/>\n<meta property=\"og:site_name\" content=\"Ferreter\u00eda Juli\u00e0\" \/>\n<meta property=\"article:modified_time\" content=\"2024-07-13T08:01:54+00:00\" \/>\n<meta property=\"og:image\" content=\"https:\/\/ferreteriajulia.com\/tienda\/wp-content\/uploads\/2024\/07\/camiseta-transpirable-e1720781246219.png\" \/>\n\t<meta property=\"og:image:width\" content=\"761\" \/>\n\t<meta property=\"og:image:height\" content=\"770\" \/>\n\t<meta property=\"og:image:type\" content=\"image\/png\" \/>\n<meta name=\"twitter:card\" content=\"summary_large_image\" \/>\n<meta name=\"twitter:label1\" content=\"Tiempo de lectura\" \/>\n\t<meta name=\"twitter:data1\" content=\"1 minuto\" \/>\n<script type=\"application\/ld+json\" class=\"yoast-schema-graph\">{\"@context\":\"https:\\\/\\\/schema.org\",\"@graph\":[{\"@type\":\"WebPage\",\"@id\":\"https:\\\/\\\/ferreteriajulia.com\\\/tienda\\\/producto\\\/camiseta-tecnica-transpirable-gris-negro-talla-xxxl\\\/\",\"url\":\"https:\\\/\\\/ferreteriajulia.com\\\/tienda\\\/producto\\\/camiseta-tecnica-transpirable-gris-negro-talla-xxxl\\\/\",\"name\":\"camiseta t\u00e9cnica transpirable gris\\\/negro talla XXXL - Ferreter\u00eda Juli\u00e0\",\"isPartOf\":{\"@id\":\"http:\\\/\\\/ferreteriajulia.com\\\/tienda\\\/#website\"},\"primaryImageOfPage\":{\"@id\":\"https:\\\/\\\/ferreteriajulia.com\\\/tienda\\\/producto\\\/camiseta-tecnica-transpirable-gris-negro-talla-xxxl\\\/#primaryimage\"},\"image\":{\"@id\":\"https:\\\/\\\/ferreteriajulia.com\\\/tienda\\\/producto\\\/camiseta-tecnica-transpirable-gris-negro-talla-xxxl\\\/#primaryimage\"},\"thumbnailUrl\":\"https:\\\/\\\/ferreteriajulia.com\\\/tienda\\\/wp-content\\\/uploads\\\/2024\\\/07\\\/camiseta-transpirable-e1720781246219.png\",\"datePublished\":\"2024-07-12T10:58:55+00:00\",\"dateModified\":\"2024-07-13T08:01:54+00:00\",\"description\":\"camiseta t\u00e9cnica transpirable gris\\\/negro talla XXXL - Ferreter\u00eda Juli\u00e0 - Ferreter\u00eda en Barcelona - 933 59 84 12 - info@ferreteriajulia.com - Gran variedad de productos\",\"breadcrumb\":{\"@id\":\"https:\\\/\\\/ferreteriajulia.com\\\/tienda\\\/producto\\\/camiseta-tecnica-transpirable-gris-negro-talla-xxxl\\\/#breadcrumb\"},\"inLanguage\":\"es\",\"potentialAction\":[{\"@type\":\"ReadAction\",\"target\":[\"https:\\\/\\\/ferreteriajulia.com\\\/tienda\\\/producto\\\/camiseta-tecnica-transpirable-gris-negro-talla-xxxl\\\/\"]}]},{\"@type\":\"ImageObject\",\"inLanguage\":\"es\",\"@id\":\"https:\\\/\\\/ferreteriajulia.com\\\/tienda\\\/producto\\\/camiseta-tecnica-transpirable-gris-negro-talla-xxxl\\\/#primaryimage\",\"url\":\"https:\\\/\\\/ferreteriajulia.com\\\/tienda\\\/wp-content\\\/uploads\\\/2024\\\/07\\\/camiseta-transpirable-e1720781246219.png\",\"contentUrl\":\"https:\\\/\\\/ferreteriajulia.com\\\/tienda\\\/wp-content\\\/uploads\\\/2024\\\/07\\\/camiseta-transpirable-e1720781246219.png\",\"width\":761,\"height\":770},{\"@type\":\"BreadcrumbList\",\"@id\":\"https:\\\/\\\/ferreteriajulia.com\\\/tienda\\\/producto\\\/camiseta-tecnica-transpirable-gris-negro-talla-xxxl\\\/#breadcrumb\",\"itemListElement\":[{\"@type\":\"ListItem\",\"position\":1,\"name\":\"Portada\",\"item\":\"http:\\\/\\\/ferreteriajulia.com\\\/tienda\\\/\"},{\"@type\":\"ListItem\",\"position\":2,\"name\":\"Tienda online\",\"item\":\"http:\\\/\\\/ferreteriajulia.com\\\/tienda\\\/shop\\\/\"},{\"@type\":\"ListItem\",\"position\":3,\"name\":\"camiseta t\u00e9cnica transpirable gris\\\/negro talla XXXL\"}]},{\"@type\":\"WebSite\",\"@id\":\"http:\\\/\\\/ferreteriajulia.com\\\/tienda\\\/#website\",\"url\":\"http:\\\/\\\/ferreteriajulia.com\\\/tienda\\\/\",\"name\":\"Ferreter\u00eda Juli\u00e0\",\"description\":\"Ferreter\u00eda generalista, material para intalaciones y reparaciones.\",\"publisher\":{\"@id\":\"http:\\\/\\\/ferreteriajulia.com\\\/tienda\\\/#organization\"},\"potentialAction\":[{\"@type\":\"SearchAction\",\"target\":{\"@type\":\"EntryPoint\",\"urlTemplate\":\"http:\\\/\\\/ferreteriajulia.com\\\/tienda\\\/?s={search_term_string}\"},\"query-input\":{\"@type\":\"PropertyValueSpecification\",\"valueRequired\":true,\"valueName\":\"search_term_string\"}}],\"inLanguage\":\"es\"},{\"@type\":\"Organization\",\"@id\":\"http:\\\/\\\/ferreteriajulia.com\\\/tienda\\\/#organization\",\"name\":\"Ferreter\u00eda Juli\u00e0\",\"url\":\"http:\\\/\\\/ferreteriajulia.com\\\/tienda\\\/\",\"logo\":{\"@type\":\"ImageObject\",\"inLanguage\":\"es\",\"@id\":\"http:\\\/\\\/ferreteriajulia.com\\\/tienda\\\/#\\\/schema\\\/logo\\\/image\\\/\",\"url\":\"https:\\\/\\\/ferreteriajulia.com\\\/tienda\\\/wp-content\\\/uploads\\\/2023\\\/04\\\/LOGO_Ferreteria_Julia_HD-e1680625558319.png\",\"contentUrl\":\"https:\\\/\\\/ferreteriajulia.com\\\/tienda\\\/wp-content\\\/uploads\\\/2023\\\/04\\\/LOGO_Ferreteria_Julia_HD-e1680625558319.png\",\"width\":240,\"height\":89,\"caption\":\"Ferreter\u00eda Juli\u00e0\"},\"image\":{\"@id\":\"http:\\\/\\\/ferreteriajulia.com\\\/tienda\\\/#\\\/schema\\\/logo\\\/image\\\/\"}}]}<\/script>\n<!-- \/ Yoast SEO plugin. -->","yoast_head_json":{"title":"camiseta t\u00e9cnica transpirable gris\/negro talla XXXL - Ferreter\u00eda Juli\u00e0","description":"camiseta t\u00e9cnica transpirable gris\/negro talla XXXL - Ferreter\u00eda Juli\u00e0 - Ferreter\u00eda en Barcelona - 933 59 84 12 - info@ferreteriajulia.com - Gran variedad de productos","robots":{"index":"index","follow":"follow","max-snippet":"max-snippet:-1","max-image-preview":"max-image-preview:large","max-video-preview":"max-video-preview:-1"},"canonical":"https:\/\/ferreteriajulia.com\/tienda\/producto\/camiseta-tecnica-transpirable-gris-negro-talla-xxxl\/","og_locale":"es_ES","og_type":"article","og_title":"camiseta t\u00e9cnica transpirable gris\/negro talla XXXL - Ferreter\u00eda Juli\u00e0","og_description":"camiseta t\u00e9cnica transpirable gris\/negro talla XXXL - Ferreter\u00eda Juli\u00e0 - Ferreter\u00eda en Barcelona - 933 59 84 12 - info@ferreteriajulia.com - Gran variedad de productos","og_url":"https:\/\/ferreteriajulia.com\/tienda\/producto\/camiseta-tecnica-transpirable-gris-negro-talla-xxxl\/","og_site_name":"Ferreter\u00eda Juli\u00e0","article_modified_time":"2024-07-13T08:01:54+00:00","og_image":[{"width":761,"height":770,"url":"https:\/\/ferreteriajulia.com\/tienda\/wp-content\/uploads\/2024\/07\/camiseta-transpirable-e1720781246219.png","type":"image\/png"}],"twitter_card":"summary_large_image","twitter_misc":{"Tiempo de lectura":"1 minuto"},"schema":{"@context":"https:\/\/schema.org","@graph":[{"@type":"WebPage","@id":"https:\/\/ferreteriajulia.com\/tienda\/producto\/camiseta-tecnica-transpirable-gris-negro-talla-xxxl\/","url":"https:\/\/ferreteriajulia.com\/tienda\/producto\/camiseta-tecnica-transpirable-gris-negro-talla-xxxl\/","name":"camiseta t\u00e9cnica transpirable gris\/negro talla XXXL - Ferreter\u00eda Juli\u00e0","isPartOf":{"@id":"http:\/\/ferreteriajulia.com\/tienda\/#website"},"primaryImageOfPage":{"@id":"https:\/\/ferreteriajulia.com\/tienda\/producto\/camiseta-tecnica-transpirable-gris-negro-talla-xxxl\/#primaryimage"},"image":{"@id":"https:\/\/ferreteriajulia.com\/tienda\/producto\/camiseta-tecnica-transpirable-gris-negro-talla-xxxl\/#primaryimage"},"thumbnailUrl":"https:\/\/ferreteriajulia.com\/tienda\/wp-content\/uploads\/2024\/07\/camiseta-transpirable-e1720781246219.png","datePublished":"2024-07-12T10:58:55+00:00","dateModified":"2024-07-13T08:01:54+00:00","description":"camiseta t\u00e9cnica transpirable gris\/negro talla XXXL - Ferreter\u00eda Juli\u00e0 - Ferreter\u00eda en Barcelona - 933 59 84 12 - info@ferreteriajulia.com - Gran variedad de productos","breadcrumb":{"@id":"https:\/\/ferreteriajulia.com\/tienda\/producto\/camiseta-tecnica-transpirable-gris-negro-talla-xxxl\/#breadcrumb"},"inLanguage":"es","potentialAction":[{"@type":"ReadAction","target":["https:\/\/ferreteriajulia.com\/tienda\/producto\/camiseta-tecnica-transpirable-gris-negro-talla-xxxl\/"]}]},{"@type":"ImageObject","inLanguage":"es","@id":"https:\/\/ferreteriajulia.com\/tienda\/producto\/camiseta-tecnica-transpirable-gris-negro-talla-xxxl\/#primaryimage","url":"https:\/\/ferreteriajulia.com\/tienda\/wp-content\/uploads\/2024\/07\/camiseta-transpirable-e1720781246219.png","contentUrl":"https:\/\/ferreteriajulia.com\/tienda\/wp-content\/uploads\/2024\/07\/camiseta-transpirable-e1720781246219.png","width":761,"height":770},{"@type":"BreadcrumbList","@id":"https:\/\/ferreteriajulia.com\/tienda\/producto\/camiseta-tecnica-transpirable-gris-negro-talla-xxxl\/#breadcrumb","itemListElement":[{"@type":"ListItem","position":1,"name":"Portada","item":"http:\/\/ferreteriajulia.com\/tienda\/"},{"@type":"ListItem","position":2,"name":"Tienda online","item":"http:\/\/ferreteriajulia.com\/tienda\/shop\/"},{"@type":"ListItem","position":3,"name":"camiseta t\u00e9cnica transpirable gris\/negro talla XXXL"}]},{"@type":"WebSite","@id":"http:\/\/ferreteriajulia.com\/tienda\/#website","url":"http:\/\/ferreteriajulia.com\/tienda\/","name":"Ferreter\u00eda Juli\u00e0","description":"Ferreter\u00eda generalista, material para intalaciones y reparaciones.","publisher":{"@id":"http:\/\/ferreteriajulia.com\/tienda\/#organization"},"potentialAction":[{"@type":"SearchAction","target":{"@type":"EntryPoint","urlTemplate":"http:\/\/ferreteriajulia.com\/tienda\/?s={search_term_string}"},"query-input":{"@type":"PropertyValueSpecification","valueRequired":true,"valueName":"search_term_string"}}],"inLanguage":"es"},{"@type":"Organization","@id":"http:\/\/ferreteriajulia.com\/tienda\/#organization","name":"Ferreter\u00eda Juli\u00e0","url":"http:\/\/ferreteriajulia.com\/tienda\/","logo":{"@type":"ImageObject","inLanguage":"es","@id":"http:\/\/ferreteriajulia.com\/tienda\/#\/schema\/logo\/image\/","url":"https:\/\/ferreteriajulia.com\/tienda\/wp-content\/uploads\/2023\/04\/LOGO_Ferreteria_Julia_HD-e1680625558319.png","contentUrl":"https:\/\/ferreteriajulia.com\/tienda\/wp-content\/uploads\/2023\/04\/LOGO_Ferreteria_Julia_HD-e1680625558319.png","width":240,"height":89,"caption":"Ferreter\u00eda Juli\u00e0"},"image":{"@id":"http:\/\/ferreteriajulia.com\/tienda\/#\/schema\/logo\/image\/"}}]}},"_links":{"self":[{"href":"https:\/\/ferreteriajulia.com\/tienda\/wp-json\/wp\/v2\/product\/19701","targetHints":{"allow":["GET"]}}],"collection":[{"href":"https:\/\/ferreteriajulia.com\/tienda\/wp-json\/wp\/v2\/product"}],"about":[{"href":"https:\/\/ferreteriajulia.com\/tienda\/wp-json\/wp\/v2\/types\/product"}],"wp:featuredmedia":[{"embeddable":true,"href":"https:\/\/ferreteriajulia.com\/tienda\/wp-json\/wp\/v2\/media\/19696"}],"wp:attachment":[{"href":"https:\/\/ferreteriajulia.com\/tienda\/wp-json\/wp\/v2\/media?parent=19701"}],"wp:term":[{"taxonomy":"product_brand","embeddable":true,"href":"https:\/\/ferreteriajulia.com\/tienda\/wp-json\/wp\/v2\/product_brand?post=19701"},{"taxonomy":"product_cat","embeddable":true,"href":"https:\/\/ferreteriajulia.com\/tienda\/wp-json\/wp\/v2\/product_cat?post=19701"},{"taxonomy":"product_tag","embeddable":true,"href":"https:\/\/ferreteriajulia.com\/tienda\/wp-json\/wp\/v2\/product_tag?post=19701"}],"curies":[{"name":"wp","href":"https:\/\/api.w.org\/{rel}","templated":true}]}}