{"id":20448,"date":"2025-01-21T15:19:01","date_gmt":"2025-01-21T14:19:01","guid":{"rendered":"https:\/\/ferreteriajulia.com\/tienda\/?post_type=product&#038;p=20448"},"modified":"2025-12-09T16:18:16","modified_gmt":"2025-12-09T15:18:16","slug":"wecook-sarten-de-acero-inoxidable-28-cm","status":"publish","type":"product","link":"https:\/\/ferreteriajulia.com\/tienda\/producto\/wecook-sarten-de-acero-inoxidable-28-cm\/","title":{"rendered":"WeCook Sart\u00e9n de acero inoxidable 28 cm"},"content":{"rendered":"<p>WeCook Sart\u00e9n de acero inoxidable 28 cm<\/p>\n<p>Es un utensilio de cocina esencial que combina durabilidad, dise\u00f1o elegante y un rendimiento superior.<\/p>\n<p>Fabricada con acero inoxidable de alta calidad con base tricapa, destaca por ser una opci\u00f3n segura y saludable, libre de qu\u00edmicos como tefl\u00f3n o revestimientos artificiales, convirti\u00e9ndose en la mejor elecci\u00f3n para quienes valoran la pureza en sus alimentos y la sostenibilidad en su cocina.<\/p>\n<h3>Caracter\u00edsticas principales<\/h3>\n<ul>\n<li><strong>Material saludable y duradero<\/strong>: El acero inoxidable es un material 100% seguro, libre de qu\u00edmicos nocivos como PTFE o PFOA. Esto garantiza que no habr\u00e1 transferencia de part\u00edculas t\u00f3xicas a los alimentos, incluso a altas temperaturas.<\/li>\n<li><strong>Dise\u00f1o ergon\u00f3mico<\/strong>: Equipado con un mango remachado de acero inoxidable, esta sart\u00e9n asegura un agarre c\u00f3modo y firme, evitando accidentes durante el uso.<\/li>\n<li><strong>Distribuci\u00f3n uniforme del calor<\/strong>: Gracias a su base encapsulada, esta sart\u00e9n distribuye el calor de manera uniforme, asegurando una cocci\u00f3n perfecta y eficiente en cualquier tipo de cocina, incluyendo inducci\u00f3n y\u00a0 tambi\u00e9n es apta para horno, hasta 200\u00baC<\/li>\n<li><strong>F\u00e1cil de limpiar<\/strong>: Su superficie de acero inoxidable es naturalmente antiadherente cuando se usa correctamente y resiste manchas, permitiendo una limpieza r\u00e1pida y sencilla.<\/li>\n<\/ul>\n<h3>Beneficios del acero inoxidable frente a otras opciones<\/h3>\n<p>Optar por una sart\u00e9n de acero inoxidable como esta de WeCook tiene numerosas ventajas:<\/p>\n<ul>\n<li><strong>Cocina saludable<\/strong>: Al no tener recubrimientos qu\u00edmicos, es completamente segura para el contacto con alimentos.<\/li>\n<li><strong>Larga vida \u00fatil<\/strong>: El acero inoxidable es extremadamente resistente a la corrosi\u00f3n, deformaciones y rayaduras, lo que la hace una herramienta de cocina duradera y confiable.<\/li>\n<li><strong>Respetuosa con el medio ambiente<\/strong>: A diferencia de las sartenes con recubrimientos que se desgastan y generan desechos no reciclables, esta sart\u00e9n es una opci\u00f3n m\u00e1s sostenible.<\/li>\n<\/ul>\n<p>Informaci\u00f3n t\u00e9cnica<\/p>\n<ul>\n<li><strong>Marca<\/strong>: WeCook<\/li>\n<li><strong>Material<\/strong>: Acero inoxidable<\/li>\n<li><strong>Compatibilidad<\/strong>: Todo tipo de cocinas, incluidas inducci\u00f3n, gas y vitrocer\u00e1mica<\/li>\n<li><strong>Apto para lavavajillas<\/strong>: S\u00ed<\/li>\n<\/ul>\n<p>Wecook es una empresa con sede en Vilafranca del Pened\u00e9s, que son especialistas en fabricaci\u00f3n de utensilios de cocina, y en concreto de cocci\u00f3n. Su relaci\u00f3n calidad\/precio es incre\u00edble.<\/p>\n<h3>Como usar una sart\u00e9n Inoxidable:<\/h3>\n<div class=\"gmail_default\">1. Calentar la sart\u00e9n sin poner aceite.<\/div>\n<div class=\"gmail_default\">2. Controlar la temperatura tirando unas gotas de agua (salpicar con agua).<\/div>\n<div class=\"gmail_default\">3. Cuando las salpicaduras se transforman en gotas que parecen gotas duras encima de la sart\u00e9n, significa que la sart\u00e9n ya est\u00e1 lo bastante caliente.<\/div>\n<div class=\"gmail_default\">4. Secar con papel de cocina las gotas de agua.<\/div>\n<div class=\"gmail_default\">5. Poner aceite y repartir bien moviendo la sart\u00e9n.<\/div>\n<div class=\"gmail_default\">6. Bajar ligeramente la potencia de fuego.<\/div>\n<div class=\"gmail_default\">7. Cocinar los alimentos ajustando la potencia de fuego si es necesario.<\/div>\n<div>8. NO APLICAR AGUA FRIA con la sart\u00e9n aun caliente del cocinado, dejar enfriar antes de lavar.<\/div>\n<div class=\"gmail_default\"><\/div>\n<div class=\"gmail_default\">No es necesario curar las sartenes de acero inoxidable ni hacer ning\u00fan proceso especial antes de usarlas. Tal y como las recibimos, le pasamos agua para quitar el polvo y podemos empezar a usarlas.<\/div>\n<div class=\"gmail_default\"><\/div>\n<div class=\"gmail_default\">Si a nuestra sart\u00e9n de acero inoxidable se pega la comida, podemos poner un poco de agua en la sart\u00e9n y frotar con una esp\u00e1tula de madera o silicona para soltar los restos que hayan podido quedar pegados. Podemos lavar la sart\u00e9n a mano o incluso en el lavavajillas ya que estas sartenes no se oxidan<\/div>\n<p>&nbsp;<\/p>\n","protected":false},"excerpt":{"rendered":"<p class=\"product-title\">WeCook Sart\u00e9n de acero inoxidable<\/p>\n","protected":false},"featured_media":20443,"template":"","meta":{"_monsterinsights_skip_tracking":false,"_monsterinsights_sitenote_active":false,"_monsterinsights_sitenote_note":"","_monsterinsights_sitenote_category":0},"product_brand":[],"product_cat":[756],"product_tag":[],"class_list":{"0":"post-20448","1":"product","2":"type-product","3":"status-publish","4":"has-post-thumbnail","6":"product_cat-sartenes-antiadherentes-y-sartenes-inox","8":"first","9":"instock","10":"taxable","11":"shipping-taxable","12":"purchasable","13":"product-type-simple"},"yoast_head":"<!-- This site is optimized with the Yoast SEO plugin v27.1.1 - https:\/\/yoast.com\/product\/yoast-seo-wordpress\/ -->\n<title>WeCook Sart\u00e9n de acero inoxidable 28 cm - Ferreter\u00eda Juli\u00e0<\/title>\n<meta name=\"description\" content=\"WeCook Sart\u00e9n de acero inoxidable 28 cm - Ferreter\u00eda Juli\u00e0 - Ferreter\u00eda Barcelona - 933 59 84 12 - info@ferreteriajulia.com - Gran variedad de productos\" \/>\n<meta name=\"robots\" content=\"index, follow, max-snippet:-1, max-image-preview:large, max-video-preview:-1\" \/>\n<link rel=\"canonical\" href=\"https:\/\/ferreteriajulia.com\/tienda\/producto\/wecook-sarten-de-acero-inoxidable-28-cm\/\" \/>\n<meta property=\"og:locale\" content=\"es_ES\" \/>\n<meta property=\"og:type\" content=\"article\" \/>\n<meta property=\"og:title\" content=\"WeCook Sart\u00e9n de acero inoxidable 28 cm - Ferreter\u00eda Juli\u00e0\" \/>\n<meta property=\"og:description\" content=\"WeCook Sart\u00e9n de acero inoxidable 28 cm - Ferreter\u00eda Juli\u00e0 - Ferreter\u00eda Barcelona - 933 59 84 12 - info@ferreteriajulia.com - Gran variedad de productos\" \/>\n<meta property=\"og:url\" content=\"https:\/\/ferreteriajulia.com\/tienda\/producto\/wecook-sarten-de-acero-inoxidable-28-cm\/\" \/>\n<meta property=\"og:site_name\" content=\"Ferreter\u00eda Juli\u00e0\" \/>\n<meta property=\"article:modified_time\" content=\"2025-12-09T15:18:16+00:00\" \/>\n<meta property=\"og:image\" content=\"https:\/\/ferreteriajulia.com\/tienda\/wp-content\/uploads\/2025\/01\/sarten-wecook-pro-inox.png\" \/>\n\t<meta property=\"og:image:width\" content=\"1153\" \/>\n\t<meta property=\"og:image:height\" content=\"1103\" \/>\n\t<meta property=\"og:image:type\" content=\"image\/png\" \/>\n<meta name=\"twitter:card\" content=\"summary_large_image\" \/>\n<meta name=\"twitter:label1\" content=\"Tiempo de lectura\" \/>\n\t<meta name=\"twitter:data1\" content=\"3 minutos\" \/>\n<script type=\"application\/ld+json\" class=\"yoast-schema-graph\">{\"@context\":\"https:\/\/schema.org\",\"@graph\":[{\"@type\":\"WebPage\",\"@id\":\"https:\/\/ferreteriajulia.com\/tienda\/producto\/wecook-sarten-de-acero-inoxidable-28-cm\/\",\"url\":\"https:\/\/ferreteriajulia.com\/tienda\/producto\/wecook-sarten-de-acero-inoxidable-28-cm\/\",\"name\":\"WeCook Sart\u00e9n de acero inoxidable 28 cm - Ferreter\u00eda Juli\u00e0\",\"isPartOf\":{\"@id\":\"https:\/\/ferreteriajulia.com\/tienda\/#website\"},\"primaryImageOfPage\":{\"@id\":\"https:\/\/ferreteriajulia.com\/tienda\/producto\/wecook-sarten-de-acero-inoxidable-28-cm\/#primaryimage\"},\"image\":{\"@id\":\"https:\/\/ferreteriajulia.com\/tienda\/producto\/wecook-sarten-de-acero-inoxidable-28-cm\/#primaryimage\"},\"thumbnailUrl\":\"https:\/\/ferreteriajulia.com\/tienda\/wp-content\/uploads\/2025\/01\/sarten-wecook-pro-inox.png\",\"datePublished\":\"2025-01-21T14:19:01+00:00\",\"dateModified\":\"2025-12-09T15:18:16+00:00\",\"description\":\"WeCook Sart\u00e9n de acero inoxidable 28 cm - Ferreter\u00eda Juli\u00e0 - Ferreter\u00eda Barcelona - 933 59 84 12 - info@ferreteriajulia.com - Gran variedad de productos\",\"breadcrumb\":{\"@id\":\"https:\/\/ferreteriajulia.com\/tienda\/producto\/wecook-sarten-de-acero-inoxidable-28-cm\/#breadcrumb\"},\"inLanguage\":\"es\",\"potentialAction\":[{\"@type\":\"ReadAction\",\"target\":[\"https:\/\/ferreteriajulia.com\/tienda\/producto\/wecook-sarten-de-acero-inoxidable-28-cm\/\"]}]},{\"@type\":\"ImageObject\",\"inLanguage\":\"es\",\"@id\":\"https:\/\/ferreteriajulia.com\/tienda\/producto\/wecook-sarten-de-acero-inoxidable-28-cm\/#primaryimage\",\"url\":\"https:\/\/ferreteriajulia.com\/tienda\/wp-content\/uploads\/2025\/01\/sarten-wecook-pro-inox.png\",\"contentUrl\":\"https:\/\/ferreteriajulia.com\/tienda\/wp-content\/uploads\/2025\/01\/sarten-wecook-pro-inox.png\",\"width\":1153,\"height\":1103},{\"@type\":\"BreadcrumbList\",\"@id\":\"https:\/\/ferreteriajulia.com\/tienda\/producto\/wecook-sarten-de-acero-inoxidable-28-cm\/#breadcrumb\",\"itemListElement\":[{\"@type\":\"ListItem\",\"position\":1,\"name\":\"Portada\",\"item\":\"https:\/\/ferreteriajulia.com\/tienda\/\"},{\"@type\":\"ListItem\",\"position\":2,\"name\":\"Tienda online\",\"item\":\"https:\/\/ferreteriajulia.com\/tienda\/shop\/\"},{\"@type\":\"ListItem\",\"position\":3,\"name\":\"WeCook Sart\u00e9n de acero inoxidable 28 cm\"}]},{\"@type\":\"WebSite\",\"@id\":\"https:\/\/ferreteriajulia.com\/tienda\/#website\",\"url\":\"https:\/\/ferreteriajulia.com\/tienda\/\",\"name\":\"Ferreter\u00eda Juli\u00e0\",\"description\":\"Ferreter\u00eda generalista, material para intalaciones y reparaciones.\",\"publisher\":{\"@id\":\"https:\/\/ferreteriajulia.com\/tienda\/#organization\"},\"potentialAction\":[{\"@type\":\"SearchAction\",\"target\":{\"@type\":\"EntryPoint\",\"urlTemplate\":\"https:\/\/ferreteriajulia.com\/tienda\/?s={search_term_string}\"},\"query-input\":{\"@type\":\"PropertyValueSpecification\",\"valueRequired\":true,\"valueName\":\"search_term_string\"}}],\"inLanguage\":\"es\"},{\"@type\":\"Organization\",\"@id\":\"https:\/\/ferreteriajulia.com\/tienda\/#organization\",\"name\":\"Ferreter\u00eda Juli\u00e0\",\"url\":\"https:\/\/ferreteriajulia.com\/tienda\/\",\"logo\":{\"@type\":\"ImageObject\",\"inLanguage\":\"es\",\"@id\":\"https:\/\/ferreteriajulia.com\/tienda\/#\/schema\/logo\/image\/\",\"url\":\"https:\/\/ferreteriajulia.com\/tienda\/wp-content\/uploads\/2023\/04\/LOGO_Ferreteria_Julia_HD-e1680625558319.png\",\"contentUrl\":\"https:\/\/ferreteriajulia.com\/tienda\/wp-content\/uploads\/2023\/04\/LOGO_Ferreteria_Julia_HD-e1680625558319.png\",\"width\":240,\"height\":89,\"caption\":\"Ferreter\u00eda Juli\u00e0\"},\"image\":{\"@id\":\"https:\/\/ferreteriajulia.com\/tienda\/#\/schema\/logo\/image\/\"}}]}<\/script>\n<!-- \/ Yoast SEO plugin. -->","yoast_head_json":{"title":"WeCook Sart\u00e9n de acero inoxidable 28 cm - Ferreter\u00eda Juli\u00e0","description":"WeCook Sart\u00e9n de acero inoxidable 28 cm - Ferreter\u00eda Juli\u00e0 - Ferreter\u00eda Barcelona - 933 59 84 12 - info@ferreteriajulia.com - Gran variedad de productos","robots":{"index":"index","follow":"follow","max-snippet":"max-snippet:-1","max-image-preview":"max-image-preview:large","max-video-preview":"max-video-preview:-1"},"canonical":"https:\/\/ferreteriajulia.com\/tienda\/producto\/wecook-sarten-de-acero-inoxidable-28-cm\/","og_locale":"es_ES","og_type":"article","og_title":"WeCook Sart\u00e9n de acero inoxidable 28 cm - Ferreter\u00eda Juli\u00e0","og_description":"WeCook Sart\u00e9n de acero inoxidable 28 cm - Ferreter\u00eda Juli\u00e0 - Ferreter\u00eda Barcelona - 933 59 84 12 - info@ferreteriajulia.com - Gran variedad de productos","og_url":"https:\/\/ferreteriajulia.com\/tienda\/producto\/wecook-sarten-de-acero-inoxidable-28-cm\/","og_site_name":"Ferreter\u00eda Juli\u00e0","article_modified_time":"2025-12-09T15:18:16+00:00","og_image":[{"width":1153,"height":1103,"url":"https:\/\/ferreteriajulia.com\/tienda\/wp-content\/uploads\/2025\/01\/sarten-wecook-pro-inox.png","type":"image\/png"}],"twitter_card":"summary_large_image","twitter_misc":{"Tiempo de lectura":"3 minutos"},"schema":{"@context":"https:\/\/schema.org","@graph":[{"@type":"WebPage","@id":"https:\/\/ferreteriajulia.com\/tienda\/producto\/wecook-sarten-de-acero-inoxidable-28-cm\/","url":"https:\/\/ferreteriajulia.com\/tienda\/producto\/wecook-sarten-de-acero-inoxidable-28-cm\/","name":"WeCook Sart\u00e9n de acero inoxidable 28 cm - Ferreter\u00eda Juli\u00e0","isPartOf":{"@id":"https:\/\/ferreteriajulia.com\/tienda\/#website"},"primaryImageOfPage":{"@id":"https:\/\/ferreteriajulia.com\/tienda\/producto\/wecook-sarten-de-acero-inoxidable-28-cm\/#primaryimage"},"image":{"@id":"https:\/\/ferreteriajulia.com\/tienda\/producto\/wecook-sarten-de-acero-inoxidable-28-cm\/#primaryimage"},"thumbnailUrl":"https:\/\/ferreteriajulia.com\/tienda\/wp-content\/uploads\/2025\/01\/sarten-wecook-pro-inox.png","datePublished":"2025-01-21T14:19:01+00:00","dateModified":"2025-12-09T15:18:16+00:00","description":"WeCook Sart\u00e9n de acero inoxidable 28 cm - Ferreter\u00eda Juli\u00e0 - Ferreter\u00eda Barcelona - 933 59 84 12 - info@ferreteriajulia.com - Gran variedad de productos","breadcrumb":{"@id":"https:\/\/ferreteriajulia.com\/tienda\/producto\/wecook-sarten-de-acero-inoxidable-28-cm\/#breadcrumb"},"inLanguage":"es","potentialAction":[{"@type":"ReadAction","target":["https:\/\/ferreteriajulia.com\/tienda\/producto\/wecook-sarten-de-acero-inoxidable-28-cm\/"]}]},{"@type":"ImageObject","inLanguage":"es","@id":"https:\/\/ferreteriajulia.com\/tienda\/producto\/wecook-sarten-de-acero-inoxidable-28-cm\/#primaryimage","url":"https:\/\/ferreteriajulia.com\/tienda\/wp-content\/uploads\/2025\/01\/sarten-wecook-pro-inox.png","contentUrl":"https:\/\/ferreteriajulia.com\/tienda\/wp-content\/uploads\/2025\/01\/sarten-wecook-pro-inox.png","width":1153,"height":1103},{"@type":"BreadcrumbList","@id":"https:\/\/ferreteriajulia.com\/tienda\/producto\/wecook-sarten-de-acero-inoxidable-28-cm\/#breadcrumb","itemListElement":[{"@type":"ListItem","position":1,"name":"Portada","item":"https:\/\/ferreteriajulia.com\/tienda\/"},{"@type":"ListItem","position":2,"name":"Tienda online","item":"https:\/\/ferreteriajulia.com\/tienda\/shop\/"},{"@type":"ListItem","position":3,"name":"WeCook Sart\u00e9n de acero inoxidable 28 cm"}]},{"@type":"WebSite","@id":"https:\/\/ferreteriajulia.com\/tienda\/#website","url":"https:\/\/ferreteriajulia.com\/tienda\/","name":"Ferreter\u00eda Juli\u00e0","description":"Ferreter\u00eda generalista, material para intalaciones y reparaciones.","publisher":{"@id":"https:\/\/ferreteriajulia.com\/tienda\/#organization"},"potentialAction":[{"@type":"SearchAction","target":{"@type":"EntryPoint","urlTemplate":"https:\/\/ferreteriajulia.com\/tienda\/?s={search_term_string}"},"query-input":{"@type":"PropertyValueSpecification","valueRequired":true,"valueName":"search_term_string"}}],"inLanguage":"es"},{"@type":"Organization","@id":"https:\/\/ferreteriajulia.com\/tienda\/#organization","name":"Ferreter\u00eda Juli\u00e0","url":"https:\/\/ferreteriajulia.com\/tienda\/","logo":{"@type":"ImageObject","inLanguage":"es","@id":"https:\/\/ferreteriajulia.com\/tienda\/#\/schema\/logo\/image\/","url":"https:\/\/ferreteriajulia.com\/tienda\/wp-content\/uploads\/2023\/04\/LOGO_Ferreteria_Julia_HD-e1680625558319.png","contentUrl":"https:\/\/ferreteriajulia.com\/tienda\/wp-content\/uploads\/2023\/04\/LOGO_Ferreteria_Julia_HD-e1680625558319.png","width":240,"height":89,"caption":"Ferreter\u00eda Juli\u00e0"},"image":{"@id":"https:\/\/ferreteriajulia.com\/tienda\/#\/schema\/logo\/image\/"}}]}},"_links":{"self":[{"href":"https:\/\/ferreteriajulia.com\/tienda\/wp-json\/wp\/v2\/product\/20448","targetHints":{"allow":["GET"]}}],"collection":[{"href":"https:\/\/ferreteriajulia.com\/tienda\/wp-json\/wp\/v2\/product"}],"about":[{"href":"https:\/\/ferreteriajulia.com\/tienda\/wp-json\/wp\/v2\/types\/product"}],"wp:featuredmedia":[{"embeddable":true,"href":"https:\/\/ferreteriajulia.com\/tienda\/wp-json\/wp\/v2\/media\/20443"}],"wp:attachment":[{"href":"https:\/\/ferreteriajulia.com\/tienda\/wp-json\/wp\/v2\/media?parent=20448"}],"wp:term":[{"taxonomy":"product_brand","embeddable":true,"href":"https:\/\/ferreteriajulia.com\/tienda\/wp-json\/wp\/v2\/product_brand?post=20448"},{"taxonomy":"product_cat","embeddable":true,"href":"https:\/\/ferreteriajulia.com\/tienda\/wp-json\/wp\/v2\/product_cat?post=20448"},{"taxonomy":"product_tag","embeddable":true,"href":"https:\/\/ferreteriajulia.com\/tienda\/wp-json\/wp\/v2\/product_tag?post=20448"}],"curies":[{"name":"wp","href":"https:\/\/api.w.org\/{rel}","templated":true}]}}