{"id":20485,"date":"2025-01-25T09:22:51","date_gmt":"2025-01-25T08:22:51","guid":{"rendered":"https:\/\/ferreteriajulia.com\/tienda\/?post_type=product&#038;p=20485"},"modified":"2026-04-30T18:21:47","modified_gmt":"2026-04-30T16:21:47","slug":"cilindro-seguridad-arcu-modelo-corona-antigua-y-llave-st8-cromado-y-doble-embrague","status":"publish","type":"product","link":"https:\/\/ferreteriajulia.com\/tienda\/producto\/cilindro-seguridad-arcu-modelo-corona-antigua-y-llave-st8-cromado-y-doble-embrague\/","title":{"rendered":"cilindro seguridad ARCU modelo corona antigua y llave ST8 CROMADO y DOBLE EMBRAGUE"},"content":{"rendered":"<p>cilindro seguridad ARCU modelo corona antigua y llave ST8 CROMADO y DOBLE EMBRAGUE<\/p>\n<p>para cerradura arcublock,\u00a0 65mm largo modelo corona antigua (compruebe caracter\u00edsticas con las de la foto)<\/p>\n<p>ANTIBUMPING\u00a0y <a href=\"https:\/\/ferreteriajulia.com\/tienda\/producto\/copia-llave-st8-arcu\/\">llave\u00a0ST8<\/a> (incopiable sin tarjeta)<\/p>\n<p><strong>La sujecci\u00f3n a la cerradura es por el lateral de la puerta<\/strong><\/p>\n<p>cilindro seguridad ARCU modelo corona antigua y llave ST8 CROMADO y DOBLE EMBRAGUE con sistema antibumping y con llaves incopiables (exclusivamente con la targeta y pidi\u00e9ndolas a f\u00e1brica). UNE EN-1303<\/p>\n<ul class=\"KsbFXc U6u95\" data-sfc-cb=\"\" data-processed=\"true\">\n<li class=\"dF3vjf\" data-sfc-cb=\"\" data-hveid=\"CAMQAA\" data-processed=\"true\"><span class=\"T286Pc\" data-sfc-cp=\"\" data-sfc-cb=\"\" data-processed=\"true\"><strong class=\"Yjhzub\" data-sfc-cb=\"\" data-processed=\"true\">Alta Seguridad Anti-Bumping:<\/strong>\u00a0Incorpora sistemas patentados (STS) dise\u00f1ados espec\u00edficamente para resistir el m\u00e9todo\u00a0<em class=\"eujQNb\" data-sfc-cb=\"\" data-processed=\"true\">bumping<\/em>\u00a0(golpes secos con llave modificada).<\/span><\/li>\n<li class=\"dF3vjf\" data-sfc-cb=\"\" data-hveid=\"CAMQAQ\" data-processed=\"true\"><span class=\"T286Pc\" data-sfc-cp=\"\" data-sfc-cb=\"\" data-processed=\"true\"><strong class=\"Yjhzub\" data-sfc-cb=\"\" data-processed=\"true\">Compatibilidad Arcublock:<\/strong>\u00a0Es el cilindro dise\u00f1ado para las cerraduras de seguridad embutidas de la gama Arcublock (modelos <a href=\"https:\/\/ferreteriajulia.com\/tienda\/producto\/caja-central-arcu-509-nueva-izquierda-cilindro-redondo-arcu\/\">509<\/a>\/<a href=\"https:\/\/ferreteriajulia.com\/tienda\/producto\/caja-central-arcu-511-nueva-izquierda-cilindro-arcu-redondo\/\">511<\/a>), que incluyen conjuntos antipalanca con m\u00faltiples pestillos cil\u00edndricos.<\/span><\/li>\n<li class=\"dF3vjf\" data-sfc-cb=\"\" data-hveid=\"CAMQAg\" data-processed=\"true\"><span class=\"T286Pc\" data-sfc-cp=\"\" data-sfc-cb=\"\" data-processed=\"true\"><strong class=\"Yjhzub\" data-sfc-cb=\"\" data-processed=\"true\">Caracter\u00edsticas T\u00e9cnicas:<\/strong><\/span>\n<ul class=\"KsbFXc U6u95\" data-sfc-cb=\"\" data-processed=\"true\">\n<li class=\"dF3vjf\" data-sfc-cb=\"\" data-hveid=\"CAMQBA\" data-processed=\"true\"><span class=\"T286Pc\" data-sfc-cp=\"\" data-sfc-cb=\"\" data-processed=\"true\"><strong class=\"Yjhzub\" data-sfc-cb=\"\" data-processed=\"true\">Anclaje:<\/strong>\u00a0Es fundamental distinguir entre anclaje con tornillo frontal (m\u00e1s moderno) o lateral (m\u00e1s antiguo).<\/span><\/li>\n<li class=\"dF3vjf\" data-sfc-cb=\"\" data-hveid=\"CAMQBQ\" data-processed=\"true\"><span class=\"T286Pc\" data-sfc-cp=\"\" data-sfc-cb=\"\" data-processed=\"true\"><strong class=\"Yjhzub\" data-sfc-cb=\"\" data-processed=\"true\">Medidas:<\/strong> Disponibles en medida 65mm<\/span><\/li>\n<li class=\"dF3vjf\" data-sfc-cb=\"\" data-hveid=\"CAMQBg\" data-processed=\"true\"><span class=\"T286Pc\" data-sfc-cp=\"\" data-sfc-cb=\"\" data-processed=\"true\"><strong class=\"Yjhzub\" data-sfc-cb=\"\" data-processed=\"true\">Acabados:<\/strong> cromado.<\/span><\/li>\n<\/ul>\n<\/li>\n<li class=\"dF3vjf\" data-sfc-cb=\"\" data-hveid=\"CAMQBw\" data-processed=\"true\"><span class=\"T286Pc\" data-sfc-cp=\"\" data-sfc-cb=\"\" data-processed=\"true\"><strong class=\"Yjhzub\" data-sfc-cb=\"\" data-processed=\"true\">Funcionalidades:<\/strong> Incluye\u00a0 5 llaves de puntos de alta seguridad y doble embrague (permite abrir desde fuera incluso si hay una llave puesta por dentro).<\/span><span class=\"uJ19be notranslate\" data-wiz-uids=\"QR04I_1g,QR04I_1h\" data-sfc-cb=\"\" data-processed=\"true\"><span class=\"vKEkVd\" data-animation-atomic=\"\" data-wiz-attrbind=\"class=QR04I_1f\/TKHnVd\" data-processed=\"true\"><span aria-hidden=\"true\" data-processed=\"true\">\u00a0<\/span><\/span><\/span><\/li>\n<\/ul>\n<p>Recambio ORIGINAL para cerraduras Arcu, IMPORTANTE guardar la tarjeta entregara con el clilindro para pocer solicitar <a href=\"https:\/\/ferreteriajulia.com\/tienda\/producto\/copia-llave-st8-arcu\/\">duplicados de llaves<\/a>.<\/p>\n<p>&nbsp;<\/p>\n<blockquote class=\"wp-embedded-content\" data-secret=\"BOTMvLyugf\"><p><a href=\"https:\/\/ferreteriajulia.com\/tienda\/producto\/bocallave-cilindro-arcu-sts-cromo-mate\/\">bocallave cilindro ARCU\/STS cromo mate<\/a><\/p><\/blockquote>\n<p><iframe loading=\"lazy\" class=\"wp-embedded-content\" sandbox=\"allow-scripts\" security=\"restricted\" style=\"position: absolute; visibility: hidden;\" title=\"\u00abbocallave cilindro ARCU\/STS cromo mate\u00bb \u2014 Ferreter\u00eda Juli\u00e0\" src=\"https:\/\/ferreteriajulia.com\/tienda\/producto\/bocallave-cilindro-arcu-sts-cromo-mate\/embed\/#?secret=5j02sV3fUq#?secret=BOTMvLyugf\" data-secret=\"BOTMvLyugf\" width=\"600\" height=\"338\" frameborder=\"0\" marginwidth=\"0\" marginheight=\"0\" scrolling=\"no\"><\/iframe><\/p>\n<div class=\"Y3BBE\" data-sfc-cp=\"\" data-sfc-cb=\"\" data-hveid=\"CAQQAA\" data-processed=\"true\"><\/div>\n","protected":false},"excerpt":{"rendered":"<p>cilindro seguridad ARCU modelo corona antigua y llave ST8 CROMADO y DOBLE EMBRAGUE<\/p>\n","protected":false},"featured_media":20487,"template":"","meta":{"_monsterinsights_skip_tracking":false,"_monsterinsights_sitenote_active":false,"_monsterinsights_sitenote_note":"","_monsterinsights_sitenote_category":0},"product_brand":[254],"product_cat":[462],"product_tag":[],"class_list":{"0":"post-20485","1":"product","2":"type-product","3":"status-publish","4":"has-post-thumbnail","6":"product_brand-254","7":"product_cat-cilindros-y-accesorios-arcu","9":"first","10":"instock","11":"taxable","12":"shipping-taxable","13":"purchasable","14":"product-type-simple"},"yoast_head":"<!-- This site is optimized with the Yoast SEO plugin v27.4 - https:\/\/yoast.com\/product\/yoast-seo-wordpress\/ -->\n<title>cilindro seguridad ARCU modelo corona antigua y llave ST8 CROMADO y DOBLE EMBRAGUE - Ferreter\u00eda Juli\u00e0<\/title>\n<meta name=\"description\" content=\"cilindro seguridad ARCU modelo corona antigua y llave ST8 CROMADO y DOBLE EMBRAGUE - Ferreter\u00eda en Barcelona y venta On-line - telf.933 59 84 12 - info@ferreteriajulia.com -\" \/>\n<meta name=\"robots\" content=\"index, follow, max-snippet:-1, max-image-preview:large, max-video-preview:-1\" \/>\n<link rel=\"canonical\" href=\"https:\/\/ferreteriajulia.com\/tienda\/producto\/cilindro-seguridad-arcu-modelo-corona-antigua-y-llave-st8-cromado-y-doble-embrague\/\" \/>\n<meta property=\"og:locale\" content=\"es_ES\" \/>\n<meta property=\"og:type\" content=\"article\" \/>\n<meta property=\"og:title\" content=\"cilindro seguridad ARCU modelo corona antigua y llave ST8 CROMADO y DOBLE EMBRAGUE - Ferreter\u00eda Juli\u00e0\" \/>\n<meta property=\"og:description\" content=\"cilindro seguridad ARCU modelo corona antigua y llave ST8 CROMADO y DOBLE EMBRAGUE - Ferreter\u00eda en Barcelona y venta On-line - telf.933 59 84 12 - info@ferreteriajulia.com -\" \/>\n<meta property=\"og:url\" content=\"https:\/\/ferreteriajulia.com\/tienda\/producto\/cilindro-seguridad-arcu-modelo-corona-antigua-y-llave-st8-cromado-y-doble-embrague\/\" \/>\n<meta property=\"og:site_name\" content=\"Ferreter\u00eda Juli\u00e0\" \/>\n<meta property=\"article:modified_time\" content=\"2026-04-30T16:21:47+00:00\" \/>\n<meta property=\"og:image\" content=\"https:\/\/ferreteriajulia.com\/tienda\/wp-content\/uploads\/2025\/01\/cilindro-arcu-st8-corona-antigua-ferreteria-julia.jpg\" \/>\n\t<meta property=\"og:image:width\" content=\"1536\" \/>\n\t<meta property=\"og:image:height\" content=\"1234\" \/>\n\t<meta property=\"og:image:type\" content=\"image\/jpeg\" \/>\n<meta name=\"twitter:card\" content=\"summary_large_image\" \/>\n<meta name=\"twitter:label1\" content=\"Tiempo de lectura\" \/>\n\t<meta name=\"twitter:data1\" content=\"2 minutos\" \/>\n<script type=\"application\/ld+json\" class=\"yoast-schema-graph\">{\"@context\":\"https:\\\/\\\/schema.org\",\"@graph\":[{\"@type\":\"WebPage\",\"@id\":\"https:\\\/\\\/ferreteriajulia.com\\\/tienda\\\/producto\\\/cilindro-seguridad-arcu-modelo-corona-antigua-y-llave-st8-cromado-y-doble-embrague\\\/\",\"url\":\"https:\\\/\\\/ferreteriajulia.com\\\/tienda\\\/producto\\\/cilindro-seguridad-arcu-modelo-corona-antigua-y-llave-st8-cromado-y-doble-embrague\\\/\",\"name\":\"cilindro seguridad ARCU modelo corona antigua y llave ST8 CROMADO y DOBLE EMBRAGUE - Ferreter\u00eda Juli\u00e0\",\"isPartOf\":{\"@id\":\"https:\\\/\\\/ferreteriajulia.com\\\/tienda\\\/#website\"},\"primaryImageOfPage\":{\"@id\":\"https:\\\/\\\/ferreteriajulia.com\\\/tienda\\\/producto\\\/cilindro-seguridad-arcu-modelo-corona-antigua-y-llave-st8-cromado-y-doble-embrague\\\/#primaryimage\"},\"image\":{\"@id\":\"https:\\\/\\\/ferreteriajulia.com\\\/tienda\\\/producto\\\/cilindro-seguridad-arcu-modelo-corona-antigua-y-llave-st8-cromado-y-doble-embrague\\\/#primaryimage\"},\"thumbnailUrl\":\"https:\\\/\\\/ferreteriajulia.com\\\/tienda\\\/wp-content\\\/uploads\\\/2025\\\/01\\\/cilindro-arcu-st8-corona-antigua-ferreteria-julia.jpg\",\"datePublished\":\"2025-01-25T08:22:51+00:00\",\"dateModified\":\"2026-04-30T16:21:47+00:00\",\"description\":\"cilindro seguridad ARCU modelo corona antigua y llave ST8 CROMADO y DOBLE EMBRAGUE - Ferreter\u00eda en Barcelona y venta On-line - telf.933 59 84 12 - info@ferreteriajulia.com -\",\"breadcrumb\":{\"@id\":\"https:\\\/\\\/ferreteriajulia.com\\\/tienda\\\/producto\\\/cilindro-seguridad-arcu-modelo-corona-antigua-y-llave-st8-cromado-y-doble-embrague\\\/#breadcrumb\"},\"inLanguage\":\"es\",\"potentialAction\":[{\"@type\":\"ReadAction\",\"target\":[\"https:\\\/\\\/ferreteriajulia.com\\\/tienda\\\/producto\\\/cilindro-seguridad-arcu-modelo-corona-antigua-y-llave-st8-cromado-y-doble-embrague\\\/\"]}]},{\"@type\":\"ImageObject\",\"inLanguage\":\"es\",\"@id\":\"https:\\\/\\\/ferreteriajulia.com\\\/tienda\\\/producto\\\/cilindro-seguridad-arcu-modelo-corona-antigua-y-llave-st8-cromado-y-doble-embrague\\\/#primaryimage\",\"url\":\"https:\\\/\\\/ferreteriajulia.com\\\/tienda\\\/wp-content\\\/uploads\\\/2025\\\/01\\\/cilindro-arcu-st8-corona-antigua-ferreteria-julia.jpg\",\"contentUrl\":\"https:\\\/\\\/ferreteriajulia.com\\\/tienda\\\/wp-content\\\/uploads\\\/2025\\\/01\\\/cilindro-arcu-st8-corona-antigua-ferreteria-julia.jpg\",\"width\":1536,\"height\":1234,\"caption\":\"cilindro seguridad ARCU modelo corona antigua y llave ST8 CROMADO y DOBLE EMBRAGU\"},{\"@type\":\"BreadcrumbList\",\"@id\":\"https:\\\/\\\/ferreteriajulia.com\\\/tienda\\\/producto\\\/cilindro-seguridad-arcu-modelo-corona-antigua-y-llave-st8-cromado-y-doble-embrague\\\/#breadcrumb\",\"itemListElement\":[{\"@type\":\"ListItem\",\"position\":1,\"name\":\"Portada\",\"item\":\"https:\\\/\\\/ferreteriajulia.com\\\/tienda\\\/\"},{\"@type\":\"ListItem\",\"position\":2,\"name\":\"Tienda online\",\"item\":\"https:\\\/\\\/ferreteriajulia.com\\\/tienda\\\/shop\\\/\"},{\"@type\":\"ListItem\",\"position\":3,\"name\":\"cilindro seguridad ARCU modelo corona antigua y llave ST8 CROMADO y DOBLE EMBRAGUE\"}]},{\"@type\":\"WebSite\",\"@id\":\"https:\\\/\\\/ferreteriajulia.com\\\/tienda\\\/#website\",\"url\":\"https:\\\/\\\/ferreteriajulia.com\\\/tienda\\\/\",\"name\":\"Ferreter\u00eda Juli\u00e0\",\"description\":\"Ferreter\u00eda generalista, material para intalaciones y reparaciones.\",\"publisher\":{\"@id\":\"https:\\\/\\\/ferreteriajulia.com\\\/tienda\\\/#organization\"},\"potentialAction\":[{\"@type\":\"SearchAction\",\"target\":{\"@type\":\"EntryPoint\",\"urlTemplate\":\"https:\\\/\\\/ferreteriajulia.com\\\/tienda\\\/?s={search_term_string}\"},\"query-input\":{\"@type\":\"PropertyValueSpecification\",\"valueRequired\":true,\"valueName\":\"search_term_string\"}}],\"inLanguage\":\"es\"},{\"@type\":\"Organization\",\"@id\":\"https:\\\/\\\/ferreteriajulia.com\\\/tienda\\\/#organization\",\"name\":\"Ferreter\u00eda Juli\u00e0\",\"url\":\"https:\\\/\\\/ferreteriajulia.com\\\/tienda\\\/\",\"logo\":{\"@type\":\"ImageObject\",\"inLanguage\":\"es\",\"@id\":\"https:\\\/\\\/ferreteriajulia.com\\\/tienda\\\/#\\\/schema\\\/logo\\\/image\\\/\",\"url\":\"https:\\\/\\\/ferreteriajulia.com\\\/tienda\\\/wp-content\\\/uploads\\\/2023\\\/04\\\/LOGO_Ferreteria_Julia_HD-e1680625558319.png\",\"contentUrl\":\"https:\\\/\\\/ferreteriajulia.com\\\/tienda\\\/wp-content\\\/uploads\\\/2023\\\/04\\\/LOGO_Ferreteria_Julia_HD-e1680625558319.png\",\"width\":240,\"height\":89,\"caption\":\"Ferreter\u00eda Juli\u00e0\"},\"image\":{\"@id\":\"https:\\\/\\\/ferreteriajulia.com\\\/tienda\\\/#\\\/schema\\\/logo\\\/image\\\/\"}}]}<\/script>\n<!-- \/ Yoast SEO plugin. -->","yoast_head_json":{"title":"cilindro seguridad ARCU modelo corona antigua y llave ST8 CROMADO y DOBLE EMBRAGUE - Ferreter\u00eda Juli\u00e0","description":"cilindro seguridad ARCU modelo corona antigua y llave ST8 CROMADO y DOBLE EMBRAGUE - Ferreter\u00eda en Barcelona y venta On-line - telf.933 59 84 12 - info@ferreteriajulia.com -","robots":{"index":"index","follow":"follow","max-snippet":"max-snippet:-1","max-image-preview":"max-image-preview:large","max-video-preview":"max-video-preview:-1"},"canonical":"https:\/\/ferreteriajulia.com\/tienda\/producto\/cilindro-seguridad-arcu-modelo-corona-antigua-y-llave-st8-cromado-y-doble-embrague\/","og_locale":"es_ES","og_type":"article","og_title":"cilindro seguridad ARCU modelo corona antigua y llave ST8 CROMADO y DOBLE EMBRAGUE - Ferreter\u00eda Juli\u00e0","og_description":"cilindro seguridad ARCU modelo corona antigua y llave ST8 CROMADO y DOBLE EMBRAGUE - Ferreter\u00eda en Barcelona y venta On-line - telf.933 59 84 12 - info@ferreteriajulia.com -","og_url":"https:\/\/ferreteriajulia.com\/tienda\/producto\/cilindro-seguridad-arcu-modelo-corona-antigua-y-llave-st8-cromado-y-doble-embrague\/","og_site_name":"Ferreter\u00eda Juli\u00e0","article_modified_time":"2026-04-30T16:21:47+00:00","og_image":[{"width":1536,"height":1234,"url":"https:\/\/ferreteriajulia.com\/tienda\/wp-content\/uploads\/2025\/01\/cilindro-arcu-st8-corona-antigua-ferreteria-julia.jpg","type":"image\/jpeg"}],"twitter_card":"summary_large_image","twitter_misc":{"Tiempo de lectura":"2 minutos"},"schema":{"@context":"https:\/\/schema.org","@graph":[{"@type":"WebPage","@id":"https:\/\/ferreteriajulia.com\/tienda\/producto\/cilindro-seguridad-arcu-modelo-corona-antigua-y-llave-st8-cromado-y-doble-embrague\/","url":"https:\/\/ferreteriajulia.com\/tienda\/producto\/cilindro-seguridad-arcu-modelo-corona-antigua-y-llave-st8-cromado-y-doble-embrague\/","name":"cilindro seguridad ARCU modelo corona antigua y llave ST8 CROMADO y DOBLE EMBRAGUE - Ferreter\u00eda Juli\u00e0","isPartOf":{"@id":"https:\/\/ferreteriajulia.com\/tienda\/#website"},"primaryImageOfPage":{"@id":"https:\/\/ferreteriajulia.com\/tienda\/producto\/cilindro-seguridad-arcu-modelo-corona-antigua-y-llave-st8-cromado-y-doble-embrague\/#primaryimage"},"image":{"@id":"https:\/\/ferreteriajulia.com\/tienda\/producto\/cilindro-seguridad-arcu-modelo-corona-antigua-y-llave-st8-cromado-y-doble-embrague\/#primaryimage"},"thumbnailUrl":"https:\/\/ferreteriajulia.com\/tienda\/wp-content\/uploads\/2025\/01\/cilindro-arcu-st8-corona-antigua-ferreteria-julia.jpg","datePublished":"2025-01-25T08:22:51+00:00","dateModified":"2026-04-30T16:21:47+00:00","description":"cilindro seguridad ARCU modelo corona antigua y llave ST8 CROMADO y DOBLE EMBRAGUE - Ferreter\u00eda en Barcelona y venta On-line - telf.933 59 84 12 - info@ferreteriajulia.com -","breadcrumb":{"@id":"https:\/\/ferreteriajulia.com\/tienda\/producto\/cilindro-seguridad-arcu-modelo-corona-antigua-y-llave-st8-cromado-y-doble-embrague\/#breadcrumb"},"inLanguage":"es","potentialAction":[{"@type":"ReadAction","target":["https:\/\/ferreteriajulia.com\/tienda\/producto\/cilindro-seguridad-arcu-modelo-corona-antigua-y-llave-st8-cromado-y-doble-embrague\/"]}]},{"@type":"ImageObject","inLanguage":"es","@id":"https:\/\/ferreteriajulia.com\/tienda\/producto\/cilindro-seguridad-arcu-modelo-corona-antigua-y-llave-st8-cromado-y-doble-embrague\/#primaryimage","url":"https:\/\/ferreteriajulia.com\/tienda\/wp-content\/uploads\/2025\/01\/cilindro-arcu-st8-corona-antigua-ferreteria-julia.jpg","contentUrl":"https:\/\/ferreteriajulia.com\/tienda\/wp-content\/uploads\/2025\/01\/cilindro-arcu-st8-corona-antigua-ferreteria-julia.jpg","width":1536,"height":1234,"caption":"cilindro seguridad ARCU modelo corona antigua y llave ST8 CROMADO y DOBLE EMBRAGU"},{"@type":"BreadcrumbList","@id":"https:\/\/ferreteriajulia.com\/tienda\/producto\/cilindro-seguridad-arcu-modelo-corona-antigua-y-llave-st8-cromado-y-doble-embrague\/#breadcrumb","itemListElement":[{"@type":"ListItem","position":1,"name":"Portada","item":"https:\/\/ferreteriajulia.com\/tienda\/"},{"@type":"ListItem","position":2,"name":"Tienda online","item":"https:\/\/ferreteriajulia.com\/tienda\/shop\/"},{"@type":"ListItem","position":3,"name":"cilindro seguridad ARCU modelo corona antigua y llave ST8 CROMADO y DOBLE EMBRAGUE"}]},{"@type":"WebSite","@id":"https:\/\/ferreteriajulia.com\/tienda\/#website","url":"https:\/\/ferreteriajulia.com\/tienda\/","name":"Ferreter\u00eda Juli\u00e0","description":"Ferreter\u00eda generalista, material para intalaciones y reparaciones.","publisher":{"@id":"https:\/\/ferreteriajulia.com\/tienda\/#organization"},"potentialAction":[{"@type":"SearchAction","target":{"@type":"EntryPoint","urlTemplate":"https:\/\/ferreteriajulia.com\/tienda\/?s={search_term_string}"},"query-input":{"@type":"PropertyValueSpecification","valueRequired":true,"valueName":"search_term_string"}}],"inLanguage":"es"},{"@type":"Organization","@id":"https:\/\/ferreteriajulia.com\/tienda\/#organization","name":"Ferreter\u00eda Juli\u00e0","url":"https:\/\/ferreteriajulia.com\/tienda\/","logo":{"@type":"ImageObject","inLanguage":"es","@id":"https:\/\/ferreteriajulia.com\/tienda\/#\/schema\/logo\/image\/","url":"https:\/\/ferreteriajulia.com\/tienda\/wp-content\/uploads\/2023\/04\/LOGO_Ferreteria_Julia_HD-e1680625558319.png","contentUrl":"https:\/\/ferreteriajulia.com\/tienda\/wp-content\/uploads\/2023\/04\/LOGO_Ferreteria_Julia_HD-e1680625558319.png","width":240,"height":89,"caption":"Ferreter\u00eda Juli\u00e0"},"image":{"@id":"https:\/\/ferreteriajulia.com\/tienda\/#\/schema\/logo\/image\/"}}]}},"_links":{"self":[{"href":"https:\/\/ferreteriajulia.com\/tienda\/wp-json\/wp\/v2\/product\/20485","targetHints":{"allow":["GET"]}}],"collection":[{"href":"https:\/\/ferreteriajulia.com\/tienda\/wp-json\/wp\/v2\/product"}],"about":[{"href":"https:\/\/ferreteriajulia.com\/tienda\/wp-json\/wp\/v2\/types\/product"}],"wp:featuredmedia":[{"embeddable":true,"href":"https:\/\/ferreteriajulia.com\/tienda\/wp-json\/wp\/v2\/media\/20487"}],"wp:attachment":[{"href":"https:\/\/ferreteriajulia.com\/tienda\/wp-json\/wp\/v2\/media?parent=20485"}],"wp:term":[{"taxonomy":"product_brand","embeddable":true,"href":"https:\/\/ferreteriajulia.com\/tienda\/wp-json\/wp\/v2\/product_brand?post=20485"},{"taxonomy":"product_cat","embeddable":true,"href":"https:\/\/ferreteriajulia.com\/tienda\/wp-json\/wp\/v2\/product_cat?post=20485"},{"taxonomy":"product_tag","embeddable":true,"href":"https:\/\/ferreteriajulia.com\/tienda\/wp-json\/wp\/v2\/product_tag?post=20485"}],"curies":[{"name":"wp","href":"https:\/\/api.w.org\/{rel}","templated":true}]}}