{"id":20686,"date":"2025-02-14T17:48:26","date_gmt":"2025-02-14T16:48:26","guid":{"rendered":"https:\/\/ferreteriajulia.com\/tienda\/?post_type=product&#038;p=20686"},"modified":"2026-02-23T10:15:41","modified_gmt":"2026-02-23T09:15:41","slug":"anclaje-total-fischer-3-segundos-tubo-290ml","status":"publish","type":"product","link":"https:\/\/ferreteriajulia.com\/tienda\/producto\/anclaje-total-fischer-3-segundos-tubo-290ml\/","title":{"rendered":"anclaje total Fischer 3 segundos tubo 290ml"},"content":{"rendered":"<p>anclaje total Fischer 3 segundos tubo 290ml<\/p>\n<p>Adhesivo h\u00edbrido de alto agarre inicial y r\u00e1pido curado, y con gran fuerza de agarre final, para aplicaciones<br \/>\ntanto interiores como exteriores.<\/p>\n<p>Pegado de un amplio rango de materiales como ladrillo, hormig\u00f3n, <em>piedra*<\/em>, baldosas y tejas, metales, madera, pl\u00e1sticos diversos, vidrio, mortero y la mayor\u00eda de los materiales utilizados en la construcci\u00f3n.<\/p>\n<p>Libre de disolventes, isocianatos y siliconas.<\/p>\n<p>Pega incluso sobre superficies h\u00famedas.<\/p>\n<h3>Modo de empleo de anclaje total Fischer 3 segundos tubo 290ml:<\/h3>\n<p>Las superficies deben estar limpias, estables y libres de polvo, aceites y grasas. Cortar la boquilla y aplicar<br \/>\ndirectamente desde el cartucho utilizando una pistola adecuada. El pegado debe efectuarse durante el<br \/>\ntiempo de procesado. Debido a su alto agarre inicial, normalmente no es necesaria la sujeci\u00f3n adicional de<br \/>\nlas piezas a pegar. El adhesivo fresco puede ser limpiado con alcohol o isopropilo. El adhesivo curado s\u00f3lo<br \/>\npodr\u00e1 ser eliminado mec\u00e1nicamente.<\/p>\n<p>No adecuado para PE, PP, PTFE ni sustancias bituminosas.<\/p>\n<p>No adecuado para contactos permanentes con el agua.<\/p>\n<p><em>*Normalmente adecuado para pegar piedra, aunque debido a la gran variedad de piedras existentes, se<\/em><br \/>\n<em>recomienda hacer tests previos para evitar el manchado en ocasiones puntuales.<\/em><\/p>\n<p>&nbsp;<\/p>\n<h3><strong><strong>Casos en los que podr\u00eda fallar\u00a0<\/strong><\/strong>anclaje total Fischer 3 segundos tubo 290ml:<\/h3>\n<ul>\n<li>Superficies sucias o polvorientas.<\/li>\n<li>Aplicaci\u00f3n en madera tratada sin lijar previamente.<\/li>\n<li>Manipulaci\u00f3n o carga antes del tiempo de curado.<\/li>\n<li><strong>Alta resistencia y fuerte agarre inicial<\/strong><br \/>\n<strong>Tiempo de curado: 24h para m\u00e1xima adhesi\u00f3n<\/strong><br \/>\n<strong>No manipular ni cargar antes del tiempo recomendado<\/strong><br \/>\n<strong>Lijar maderas tratadas y limpiar bien superficies antes de aplicar.<\/strong><\/li>\n<\/ul>\n<p>Datos t\u00e9cnicos:<\/p>\n<table class=\"technical-details-table-fi__table\" data-v-087ce178=\"\">\n<tbody data-v-087ce178=\"\">\n<tr class=\"technical-details-table-fi__table-row\" data-v-087ce178=\"\">\n<td class=\"technical-details-table-fi__table-column--left\" data-v-087ce178=\"\"><span class=\"technical-details-table-fi__attribute-name\" data-v-087ce178=\"\">Contenido<\/span><\/td>\n<td class=\"technical-details-table-fi__table-column--right\" data-v-087ce178=\"\"><span class=\"technical-details-table-fi__attribute-value\" data-v-087ce178=\"\">290<\/span><span data-v-087ce178=\"\"> ml<\/span><\/td>\n<\/tr>\n<tr class=\"technical-details-table-fi__table-row\" data-v-087ce178=\"\">\n<td class=\"technical-details-table-fi__table-column--left\" data-v-087ce178=\"\"><span class=\"technical-details-table-fi__attribute-name\" data-v-087ce178=\"\">Color <\/span><\/td>\n<td class=\"technical-details-table-fi__table-column--right\" data-v-087ce178=\"\"><span class=\"technical-details-table-fi__attribute-value\" data-v-087ce178=\"\">blanco<\/span><\/td>\n<\/tr>\n<tr class=\"technical-details-table-fi__table-row\" data-v-087ce178=\"\">\n<td class=\"technical-details-table-fi__table-column--left\" data-v-087ce178=\"\"><span class=\"technical-details-table-fi__attribute-name\" data-v-087ce178=\"\">Idiomas en el cartucho <\/span><\/td>\n<td class=\"technical-details-table-fi__table-column--right\" data-v-087ce178=\"\"><span class=\"technical-details-table-fi__attribute-value\" data-v-087ce178=\"\">ES<\/span><\/td>\n<\/tr>\n<tr class=\"technical-details-table-fi__table-row\" data-v-087ce178=\"\">\n<td class=\"technical-details-table-fi__table-column--left\" data-v-087ce178=\"\"><span class=\"technical-details-table-fi__attribute-name\" data-v-087ce178=\"\">Contenido<\/span><\/td>\n<td class=\"technical-details-table-fi__table-column--right\" data-v-087ce178=\"\"><span class=\"technical-details-table-fi__attribute-value\" data-v-087ce178=\"\">1 x Anclaje Total Blanco (290 ml.)<\/span><\/td>\n<\/tr>\n<tr class=\"technical-details-table-fi__table-row\" data-v-087ce178=\"\">\n<td class=\"technical-details-table-fi__table-column--left\" data-v-087ce178=\"\"><span class=\"technical-details-table-fi__attribute-name\" data-v-087ce178=\"\">Variante de embalaje <\/span><\/td>\n<td class=\"technical-details-table-fi__table-column--right\" data-v-087ce178=\"\"><span class=\"technical-details-table-fi__attribute-value\" data-v-087ce178=\"\">Cartucho<\/span><\/td>\n<\/tr>\n<tr class=\"technical-details-table-fi__table-row\" data-v-087ce178=\"\">\n<td class=\"technical-details-table-fi__table-column--left\" data-v-087ce178=\"\"><span class=\"technical-details-table-fi__attribute-name\" data-v-087ce178=\"\">Contenido por Pack <\/span><\/td>\n<td class=\"technical-details-table-fi__table-column--right\" data-v-087ce178=\"\"><span class=\"technical-details-table-fi__attribute-value\" data-v-087ce178=\"\">1<\/span><\/td>\n<\/tr>\n<tr class=\"technical-details-table-fi__table-row\" data-v-087ce178=\"\">\n<td class=\"technical-details-table-fi__table-column--left\" data-v-087ce178=\"\"><span class=\"technical-details-table-fi__attribute-name\" data-v-087ce178=\"\">GTIN (EAN-Code) <\/span><\/td>\n<td class=\"technical-details-table-fi__table-column--right\" data-v-087ce178=\"\"><span class=\"technical-details-table-fi__attribute-value\" data-v-087ce178=\"\">4048962551426<\/span><\/td>\n<\/tr>\n<\/tbody>\n<\/table>\n","protected":false},"excerpt":{"rendered":"<p>anclaje total Fischer 3 segundos tubo 290ml<\/p>\n","protected":false},"featured_media":20687,"template":"","meta":{"_monsterinsights_skip_tracking":false,"_monsterinsights_sitenote_active":false,"_monsterinsights_sitenote_note":"","_monsterinsights_sitenote_category":0},"product_brand":[],"product_cat":[743,499],"product_tag":[],"class_list":{"0":"post-20686","1":"product","2":"type-product","3":"status-publish","4":"has-post-thumbnail","6":"product_cat-colas-selladores-y-adhesivos-en-tubo-o-lata","7":"product_cat-instalaciones-agua","9":"first","10":"instock","11":"featured","12":"taxable","13":"shipping-taxable","14":"purchasable","15":"product-type-simple"},"yoast_head":"<!-- This site is optimized with the Yoast SEO plugin v27.4 - https:\/\/yoast.com\/product\/yoast-seo-wordpress\/ -->\n<title>anclaje total Fischer 3 segundos tubo 290ml - Ferreter\u00eda Juli\u00e0<\/title>\n<meta name=\"description\" content=\"anclaje total Fischer 3 segundos tubo 290ml - Ferreter\u00eda Juli\u00e0 - Ferreter\u00eda Barcelona - 933 59 84 12 - info@ferreteriajulia.com - Gran variedad de productos\" \/>\n<meta name=\"robots\" content=\"index, follow, max-snippet:-1, max-image-preview:large, max-video-preview:-1\" \/>\n<link rel=\"canonical\" href=\"https:\/\/ferreteriajulia.com\/tienda\/producto\/anclaje-total-fischer-3-segundos-tubo-290ml\/\" \/>\n<meta property=\"og:locale\" content=\"es_ES\" \/>\n<meta property=\"og:type\" content=\"article\" \/>\n<meta property=\"og:title\" content=\"anclaje total Fischer 3 segundos tubo 290ml - Ferreter\u00eda Juli\u00e0\" \/>\n<meta property=\"og:description\" content=\"anclaje total Fischer 3 segundos tubo 290ml - Ferreter\u00eda Juli\u00e0 - Ferreter\u00eda Barcelona - 933 59 84 12 - info@ferreteriajulia.com - Gran variedad de productos\" \/>\n<meta property=\"og:url\" content=\"https:\/\/ferreteriajulia.com\/tienda\/producto\/anclaje-total-fischer-3-segundos-tubo-290ml\/\" \/>\n<meta property=\"og:site_name\" content=\"Ferreter\u00eda Juli\u00e0\" \/>\n<meta property=\"article:modified_time\" content=\"2026-02-23T09:15:41+00:00\" \/>\n<meta property=\"og:image\" content=\"https:\/\/ferreteriajulia.com\/tienda\/wp-content\/uploads\/2025\/02\/fischer-anclaje-total-3-seg.png\" \/>\n\t<meta property=\"og:image:width\" content=\"1004\" \/>\n\t<meta property=\"og:image:height\" content=\"1000\" \/>\n\t<meta property=\"og:image:type\" content=\"image\/png\" \/>\n<meta name=\"twitter:card\" content=\"summary_large_image\" \/>\n<meta name=\"twitter:label1\" content=\"Tiempo de lectura\" \/>\n\t<meta name=\"twitter:data1\" content=\"2 minutos\" \/>\n<script type=\"application\/ld+json\" class=\"yoast-schema-graph\">{\"@context\":\"https:\\\/\\\/schema.org\",\"@graph\":[{\"@type\":\"WebPage\",\"@id\":\"https:\\\/\\\/ferreteriajulia.com\\\/tienda\\\/producto\\\/anclaje-total-fischer-3-segundos-tubo-290ml\\\/\",\"url\":\"https:\\\/\\\/ferreteriajulia.com\\\/tienda\\\/producto\\\/anclaje-total-fischer-3-segundos-tubo-290ml\\\/\",\"name\":\"anclaje total Fischer 3 segundos tubo 290ml - Ferreter\u00eda Juli\u00e0\",\"isPartOf\":{\"@id\":\"https:\\\/\\\/ferreteriajulia.com\\\/tienda\\\/#website\"},\"primaryImageOfPage\":{\"@id\":\"https:\\\/\\\/ferreteriajulia.com\\\/tienda\\\/producto\\\/anclaje-total-fischer-3-segundos-tubo-290ml\\\/#primaryimage\"},\"image\":{\"@id\":\"https:\\\/\\\/ferreteriajulia.com\\\/tienda\\\/producto\\\/anclaje-total-fischer-3-segundos-tubo-290ml\\\/#primaryimage\"},\"thumbnailUrl\":\"https:\\\/\\\/ferreteriajulia.com\\\/tienda\\\/wp-content\\\/uploads\\\/2025\\\/02\\\/fischer-anclaje-total-3-seg.png\",\"datePublished\":\"2025-02-14T16:48:26+00:00\",\"dateModified\":\"2026-02-23T09:15:41+00:00\",\"description\":\"anclaje total Fischer 3 segundos tubo 290ml - Ferreter\u00eda Juli\u00e0 - Ferreter\u00eda Barcelona - 933 59 84 12 - info@ferreteriajulia.com - Gran variedad de productos\",\"breadcrumb\":{\"@id\":\"https:\\\/\\\/ferreteriajulia.com\\\/tienda\\\/producto\\\/anclaje-total-fischer-3-segundos-tubo-290ml\\\/#breadcrumb\"},\"inLanguage\":\"es\",\"potentialAction\":[{\"@type\":\"ReadAction\",\"target\":[\"https:\\\/\\\/ferreteriajulia.com\\\/tienda\\\/producto\\\/anclaje-total-fischer-3-segundos-tubo-290ml\\\/\"]}]},{\"@type\":\"ImageObject\",\"inLanguage\":\"es\",\"@id\":\"https:\\\/\\\/ferreteriajulia.com\\\/tienda\\\/producto\\\/anclaje-total-fischer-3-segundos-tubo-290ml\\\/#primaryimage\",\"url\":\"https:\\\/\\\/ferreteriajulia.com\\\/tienda\\\/wp-content\\\/uploads\\\/2025\\\/02\\\/fischer-anclaje-total-3-seg.png\",\"contentUrl\":\"https:\\\/\\\/ferreteriajulia.com\\\/tienda\\\/wp-content\\\/uploads\\\/2025\\\/02\\\/fischer-anclaje-total-3-seg.png\",\"width\":1004,\"height\":1000},{\"@type\":\"BreadcrumbList\",\"@id\":\"https:\\\/\\\/ferreteriajulia.com\\\/tienda\\\/producto\\\/anclaje-total-fischer-3-segundos-tubo-290ml\\\/#breadcrumb\",\"itemListElement\":[{\"@type\":\"ListItem\",\"position\":1,\"name\":\"Portada\",\"item\":\"https:\\\/\\\/ferreteriajulia.com\\\/tienda\\\/\"},{\"@type\":\"ListItem\",\"position\":2,\"name\":\"Tienda online\",\"item\":\"https:\\\/\\\/ferreteriajulia.com\\\/tienda\\\/shop\\\/\"},{\"@type\":\"ListItem\",\"position\":3,\"name\":\"anclaje total Fischer 3 segundos tubo 290ml\"}]},{\"@type\":\"WebSite\",\"@id\":\"https:\\\/\\\/ferreteriajulia.com\\\/tienda\\\/#website\",\"url\":\"https:\\\/\\\/ferreteriajulia.com\\\/tienda\\\/\",\"name\":\"Ferreter\u00eda Juli\u00e0\",\"description\":\"Ferreter\u00eda generalista, material para intalaciones y reparaciones.\",\"publisher\":{\"@id\":\"https:\\\/\\\/ferreteriajulia.com\\\/tienda\\\/#organization\"},\"potentialAction\":[{\"@type\":\"SearchAction\",\"target\":{\"@type\":\"EntryPoint\",\"urlTemplate\":\"https:\\\/\\\/ferreteriajulia.com\\\/tienda\\\/?s={search_term_string}\"},\"query-input\":{\"@type\":\"PropertyValueSpecification\",\"valueRequired\":true,\"valueName\":\"search_term_string\"}}],\"inLanguage\":\"es\"},{\"@type\":\"Organization\",\"@id\":\"https:\\\/\\\/ferreteriajulia.com\\\/tienda\\\/#organization\",\"name\":\"Ferreter\u00eda Juli\u00e0\",\"url\":\"https:\\\/\\\/ferreteriajulia.com\\\/tienda\\\/\",\"logo\":{\"@type\":\"ImageObject\",\"inLanguage\":\"es\",\"@id\":\"https:\\\/\\\/ferreteriajulia.com\\\/tienda\\\/#\\\/schema\\\/logo\\\/image\\\/\",\"url\":\"https:\\\/\\\/ferreteriajulia.com\\\/tienda\\\/wp-content\\\/uploads\\\/2023\\\/04\\\/LOGO_Ferreteria_Julia_HD-e1680625558319.png\",\"contentUrl\":\"https:\\\/\\\/ferreteriajulia.com\\\/tienda\\\/wp-content\\\/uploads\\\/2023\\\/04\\\/LOGO_Ferreteria_Julia_HD-e1680625558319.png\",\"width\":240,\"height\":89,\"caption\":\"Ferreter\u00eda Juli\u00e0\"},\"image\":{\"@id\":\"https:\\\/\\\/ferreteriajulia.com\\\/tienda\\\/#\\\/schema\\\/logo\\\/image\\\/\"}}]}<\/script>\n<!-- \/ Yoast SEO plugin. -->","yoast_head_json":{"title":"anclaje total Fischer 3 segundos tubo 290ml - Ferreter\u00eda Juli\u00e0","description":"anclaje total Fischer 3 segundos tubo 290ml - Ferreter\u00eda Juli\u00e0 - Ferreter\u00eda Barcelona - 933 59 84 12 - info@ferreteriajulia.com - Gran variedad de productos","robots":{"index":"index","follow":"follow","max-snippet":"max-snippet:-1","max-image-preview":"max-image-preview:large","max-video-preview":"max-video-preview:-1"},"canonical":"https:\/\/ferreteriajulia.com\/tienda\/producto\/anclaje-total-fischer-3-segundos-tubo-290ml\/","og_locale":"es_ES","og_type":"article","og_title":"anclaje total Fischer 3 segundos tubo 290ml - Ferreter\u00eda Juli\u00e0","og_description":"anclaje total Fischer 3 segundos tubo 290ml - Ferreter\u00eda Juli\u00e0 - Ferreter\u00eda Barcelona - 933 59 84 12 - info@ferreteriajulia.com - Gran variedad de productos","og_url":"https:\/\/ferreteriajulia.com\/tienda\/producto\/anclaje-total-fischer-3-segundos-tubo-290ml\/","og_site_name":"Ferreter\u00eda Juli\u00e0","article_modified_time":"2026-02-23T09:15:41+00:00","og_image":[{"width":1004,"height":1000,"url":"https:\/\/ferreteriajulia.com\/tienda\/wp-content\/uploads\/2025\/02\/fischer-anclaje-total-3-seg.png","type":"image\/png"}],"twitter_card":"summary_large_image","twitter_misc":{"Tiempo de lectura":"2 minutos"},"schema":{"@context":"https:\/\/schema.org","@graph":[{"@type":"WebPage","@id":"https:\/\/ferreteriajulia.com\/tienda\/producto\/anclaje-total-fischer-3-segundos-tubo-290ml\/","url":"https:\/\/ferreteriajulia.com\/tienda\/producto\/anclaje-total-fischer-3-segundos-tubo-290ml\/","name":"anclaje total Fischer 3 segundos tubo 290ml - Ferreter\u00eda Juli\u00e0","isPartOf":{"@id":"https:\/\/ferreteriajulia.com\/tienda\/#website"},"primaryImageOfPage":{"@id":"https:\/\/ferreteriajulia.com\/tienda\/producto\/anclaje-total-fischer-3-segundos-tubo-290ml\/#primaryimage"},"image":{"@id":"https:\/\/ferreteriajulia.com\/tienda\/producto\/anclaje-total-fischer-3-segundos-tubo-290ml\/#primaryimage"},"thumbnailUrl":"https:\/\/ferreteriajulia.com\/tienda\/wp-content\/uploads\/2025\/02\/fischer-anclaje-total-3-seg.png","datePublished":"2025-02-14T16:48:26+00:00","dateModified":"2026-02-23T09:15:41+00:00","description":"anclaje total Fischer 3 segundos tubo 290ml - Ferreter\u00eda Juli\u00e0 - Ferreter\u00eda Barcelona - 933 59 84 12 - info@ferreteriajulia.com - Gran variedad de productos","breadcrumb":{"@id":"https:\/\/ferreteriajulia.com\/tienda\/producto\/anclaje-total-fischer-3-segundos-tubo-290ml\/#breadcrumb"},"inLanguage":"es","potentialAction":[{"@type":"ReadAction","target":["https:\/\/ferreteriajulia.com\/tienda\/producto\/anclaje-total-fischer-3-segundos-tubo-290ml\/"]}]},{"@type":"ImageObject","inLanguage":"es","@id":"https:\/\/ferreteriajulia.com\/tienda\/producto\/anclaje-total-fischer-3-segundos-tubo-290ml\/#primaryimage","url":"https:\/\/ferreteriajulia.com\/tienda\/wp-content\/uploads\/2025\/02\/fischer-anclaje-total-3-seg.png","contentUrl":"https:\/\/ferreteriajulia.com\/tienda\/wp-content\/uploads\/2025\/02\/fischer-anclaje-total-3-seg.png","width":1004,"height":1000},{"@type":"BreadcrumbList","@id":"https:\/\/ferreteriajulia.com\/tienda\/producto\/anclaje-total-fischer-3-segundos-tubo-290ml\/#breadcrumb","itemListElement":[{"@type":"ListItem","position":1,"name":"Portada","item":"https:\/\/ferreteriajulia.com\/tienda\/"},{"@type":"ListItem","position":2,"name":"Tienda online","item":"https:\/\/ferreteriajulia.com\/tienda\/shop\/"},{"@type":"ListItem","position":3,"name":"anclaje total Fischer 3 segundos tubo 290ml"}]},{"@type":"WebSite","@id":"https:\/\/ferreteriajulia.com\/tienda\/#website","url":"https:\/\/ferreteriajulia.com\/tienda\/","name":"Ferreter\u00eda Juli\u00e0","description":"Ferreter\u00eda generalista, material para intalaciones y reparaciones.","publisher":{"@id":"https:\/\/ferreteriajulia.com\/tienda\/#organization"},"potentialAction":[{"@type":"SearchAction","target":{"@type":"EntryPoint","urlTemplate":"https:\/\/ferreteriajulia.com\/tienda\/?s={search_term_string}"},"query-input":{"@type":"PropertyValueSpecification","valueRequired":true,"valueName":"search_term_string"}}],"inLanguage":"es"},{"@type":"Organization","@id":"https:\/\/ferreteriajulia.com\/tienda\/#organization","name":"Ferreter\u00eda Juli\u00e0","url":"https:\/\/ferreteriajulia.com\/tienda\/","logo":{"@type":"ImageObject","inLanguage":"es","@id":"https:\/\/ferreteriajulia.com\/tienda\/#\/schema\/logo\/image\/","url":"https:\/\/ferreteriajulia.com\/tienda\/wp-content\/uploads\/2023\/04\/LOGO_Ferreteria_Julia_HD-e1680625558319.png","contentUrl":"https:\/\/ferreteriajulia.com\/tienda\/wp-content\/uploads\/2023\/04\/LOGO_Ferreteria_Julia_HD-e1680625558319.png","width":240,"height":89,"caption":"Ferreter\u00eda Juli\u00e0"},"image":{"@id":"https:\/\/ferreteriajulia.com\/tienda\/#\/schema\/logo\/image\/"}}]}},"_links":{"self":[{"href":"https:\/\/ferreteriajulia.com\/tienda\/wp-json\/wp\/v2\/product\/20686","targetHints":{"allow":["GET"]}}],"collection":[{"href":"https:\/\/ferreteriajulia.com\/tienda\/wp-json\/wp\/v2\/product"}],"about":[{"href":"https:\/\/ferreteriajulia.com\/tienda\/wp-json\/wp\/v2\/types\/product"}],"wp:featuredmedia":[{"embeddable":true,"href":"https:\/\/ferreteriajulia.com\/tienda\/wp-json\/wp\/v2\/media\/20687"}],"wp:attachment":[{"href":"https:\/\/ferreteriajulia.com\/tienda\/wp-json\/wp\/v2\/media?parent=20686"}],"wp:term":[{"taxonomy":"product_brand","embeddable":true,"href":"https:\/\/ferreteriajulia.com\/tienda\/wp-json\/wp\/v2\/product_brand?post=20686"},{"taxonomy":"product_cat","embeddable":true,"href":"https:\/\/ferreteriajulia.com\/tienda\/wp-json\/wp\/v2\/product_cat?post=20686"},{"taxonomy":"product_tag","embeddable":true,"href":"https:\/\/ferreteriajulia.com\/tienda\/wp-json\/wp\/v2\/product_tag?post=20686"}],"curies":[{"name":"wp","href":"https:\/\/api.w.org\/{rel}","templated":true}]}}