{"id":20955,"date":"2025-03-24T15:29:03","date_gmt":"2025-03-24T14:29:03","guid":{"rendered":"https:\/\/ferreteriajulia.com\/tienda\/?post_type=product&#038;p=20955"},"modified":"2026-03-18T17:37:19","modified_gmt":"2026-03-18T16:37:19","slug":"abrelatas-montanero-pavonado-boj","status":"publish","type":"product","link":"https:\/\/ferreteriajulia.com\/tienda\/producto\/abrelatas-montanero-pavonado-boj\/","title":{"rendered":"abrelatas monta\u00f1ero pavonado BOJ"},"content":{"rendered":"<p>abrelatas monta\u00f1ero pavonado BOJ<\/p>\n<h2 id=\"tab-label-description\" class=\"data item title\" aria-labeledby=\"tab-label-description-title\">Descripci\u00f3n<\/h2>\n<div id=\"description\" class=\"data item content\" data-role=\"content\">\n<div class=\"product attribute description\">\n<div class=\"value\">\n<p>Este abrelatas Boj de tipo explorador resulta ideal para tener siempre al alcance de la mano. Su pr\u00e1ctico dise\u00f1o permite abrir f\u00e1cilmente las conservas, as\u00ed como tambi\u00e9n las botellas con tapa sellada.<\/p>\n<h2>Caracter\u00edsticas abrelatas monta\u00f1ero pavonado BOJ<\/h2>\n<ul>\n<li style=\"list-style-type: none;\">\n<ul>\n<li><strong>Cuchilla afilada y resistente al oxido<\/strong><\/li>\n<\/ul>\n<\/li>\n<\/ul>\n<p>Este producto est\u00e1 fabricado en n\u00edquel, un metal realmente duro y resistente a la corrosi\u00f3n. Dicha propiedad hace que sea ideal para abrir las latas que contienen l\u00edquidos dentro sin que la cuchilla pierda filo ni se oxide.<\/p>\n<ul>\n<li style=\"list-style-type: none;\">\n<ul>\n<li><strong>Dise\u00f1o eficiente y funcional<\/strong><\/li>\n<\/ul>\n<\/li>\n<\/ul>\n<p>La practicidad de su formato permite abrir las latas con una sola mano debido a su agarre ergon\u00f3mico y su \u00e1ngulo adecuado para que puedas operar c\u00f3modamente.<\/p>\n<ul>\n<li style=\"list-style-type: none;\">\n<ul>\n<li><strong>Rapidez para abrir cualquier tipo de lata<\/strong><\/li>\n<\/ul>\n<\/li>\n<\/ul>\n<p>El filo \u00f3ptimo de la cuchilla y el agarre ergon\u00f3mico te permiten abrir las latas en unos segundos, desliz\u00e1ndose sobre el material del contenedor sin que este oponga resistencia.<\/p>\n<ul>\n<li style=\"list-style-type: none;\">\n<ul>\n<li><strong>F\u00e1cil de guardar y llevar a todas partes<\/strong><\/li>\n<\/ul>\n<\/li>\n<\/ul>\n<p>Al ser un objeto de tama\u00f1o peque\u00f1o y casi plano tiene la particularidad de caber en cualquier bolsillo o compartimiento ya sea de un bolso o de una prenda de vestir, resultando ideal para que lo puedas llevar en los campamentos o viajes.<\/p>\n<ul>\n<li style=\"list-style-type: none;\">\n<ul>\n<li><strong>Limpieza sencilla<\/strong><\/li>\n<\/ul>\n<\/li>\n<\/ul>\n<p>Su dise\u00f1o simple sin recovecos permite que su lavado sea realmente sencillo ya que la suciedad no quedar\u00e1 adherida en ning\u00fan espacio dif\u00edcil de alcanzar por el elemento de limpieza.<\/p>\n<\/div>\n<\/div>\n<\/div>\n","protected":false},"excerpt":{"rendered":"<p>abrelatas monta\u00f1ero pavonado BOJ<\/p>\n","protected":false},"featured_media":20956,"template":"","meta":{"_monsterinsights_skip_tracking":false,"_monsterinsights_sitenote_active":false,"_monsterinsights_sitenote_note":"","_monsterinsights_sitenote_category":0},"product_brand":[],"product_cat":[876],"product_tag":[],"class_list":{"0":"post-20955","1":"product","2":"type-product","3":"status-publish","4":"has-post-thumbnail","6":"product_cat-varios-cocina","8":"first","9":"instock","10":"taxable","11":"shipping-taxable","12":"purchasable","13":"product-type-simple"},"yoast_head":"<!-- This site is optimized with the Yoast SEO plugin v27.4 - https:\/\/yoast.com\/product\/yoast-seo-wordpress\/ -->\n<title>abrelatas monta\u00f1ero pavonado BOJ - Ferreter\u00eda Juli\u00e0<\/title>\n<meta name=\"description\" content=\"abrelatas monta\u00f1ero pavonado BOJ - Ferreter\u00eda Juli\u00e0 - Ferreter\u00eda Barcelona - 933 59 84 12 - info@ferreteriajulia.com - Gran variedad de productos\" \/>\n<meta name=\"robots\" content=\"index, follow, max-snippet:-1, max-image-preview:large, max-video-preview:-1\" \/>\n<link rel=\"canonical\" href=\"http:\/\/ferreteriajulia.com\/tienda\/producto\/abrelatas-montanero-pavonado-boj\/\" \/>\n<meta property=\"og:locale\" content=\"es_ES\" \/>\n<meta property=\"og:type\" content=\"article\" \/>\n<meta property=\"og:title\" content=\"abrelatas monta\u00f1ero pavonado BOJ - Ferreter\u00eda Juli\u00e0\" \/>\n<meta property=\"og:description\" content=\"abrelatas monta\u00f1ero pavonado BOJ - Ferreter\u00eda Juli\u00e0 - Ferreter\u00eda Barcelona - 933 59 84 12 - info@ferreteriajulia.com - Gran variedad de productos\" \/>\n<meta property=\"og:url\" content=\"http:\/\/ferreteriajulia.com\/tienda\/producto\/abrelatas-montanero-pavonado-boj\/\" \/>\n<meta property=\"og:site_name\" content=\"Ferreter\u00eda Juli\u00e0\" \/>\n<meta property=\"article:modified_time\" content=\"2026-03-18T16:37:19+00:00\" \/>\n<meta property=\"og:image\" content=\"http:\/\/ferreteriajulia.com\/tienda\/wp-content\/uploads\/2025\/03\/abrelatas-tipo-explorador.png\" \/>\n\t<meta property=\"og:image:width\" content=\"1450\" \/>\n\t<meta property=\"og:image:height\" content=\"1376\" \/>\n\t<meta property=\"og:image:type\" content=\"image\/png\" \/>\n<meta name=\"twitter:card\" content=\"summary_large_image\" \/>\n<meta name=\"twitter:label1\" content=\"Tiempo de lectura\" \/>\n\t<meta name=\"twitter:data1\" content=\"2 minutos\" \/>\n<script type=\"application\/ld+json\" class=\"yoast-schema-graph\">{\"@context\":\"https:\\\/\\\/schema.org\",\"@graph\":[{\"@type\":\"WebPage\",\"@id\":\"http:\\\/\\\/ferreteriajulia.com\\\/tienda\\\/producto\\\/abrelatas-montanero-pavonado-boj\\\/\",\"url\":\"http:\\\/\\\/ferreteriajulia.com\\\/tienda\\\/producto\\\/abrelatas-montanero-pavonado-boj\\\/\",\"name\":\"abrelatas monta\u00f1ero pavonado BOJ - Ferreter\u00eda Juli\u00e0\",\"isPartOf\":{\"@id\":\"https:\\\/\\\/ferreteriajulia.com\\\/tienda\\\/#website\"},\"primaryImageOfPage\":{\"@id\":\"http:\\\/\\\/ferreteriajulia.com\\\/tienda\\\/producto\\\/abrelatas-montanero-pavonado-boj\\\/#primaryimage\"},\"image\":{\"@id\":\"http:\\\/\\\/ferreteriajulia.com\\\/tienda\\\/producto\\\/abrelatas-montanero-pavonado-boj\\\/#primaryimage\"},\"thumbnailUrl\":\"https:\\\/\\\/ferreteriajulia.com\\\/tienda\\\/wp-content\\\/uploads\\\/2025\\\/03\\\/abrelatas-tipo-explorador.png\",\"datePublished\":\"2025-03-24T14:29:03+00:00\",\"dateModified\":\"2026-03-18T16:37:19+00:00\",\"description\":\"abrelatas monta\u00f1ero pavonado BOJ - Ferreter\u00eda Juli\u00e0 - Ferreter\u00eda Barcelona - 933 59 84 12 - info@ferreteriajulia.com - Gran variedad de productos\",\"breadcrumb\":{\"@id\":\"http:\\\/\\\/ferreteriajulia.com\\\/tienda\\\/producto\\\/abrelatas-montanero-pavonado-boj\\\/#breadcrumb\"},\"inLanguage\":\"es\",\"potentialAction\":[{\"@type\":\"ReadAction\",\"target\":[\"http:\\\/\\\/ferreteriajulia.com\\\/tienda\\\/producto\\\/abrelatas-montanero-pavonado-boj\\\/\"]}]},{\"@type\":\"ImageObject\",\"inLanguage\":\"es\",\"@id\":\"http:\\\/\\\/ferreteriajulia.com\\\/tienda\\\/producto\\\/abrelatas-montanero-pavonado-boj\\\/#primaryimage\",\"url\":\"https:\\\/\\\/ferreteriajulia.com\\\/tienda\\\/wp-content\\\/uploads\\\/2025\\\/03\\\/abrelatas-tipo-explorador.png\",\"contentUrl\":\"https:\\\/\\\/ferreteriajulia.com\\\/tienda\\\/wp-content\\\/uploads\\\/2025\\\/03\\\/abrelatas-tipo-explorador.png\",\"width\":1450,\"height\":1376},{\"@type\":\"BreadcrumbList\",\"@id\":\"http:\\\/\\\/ferreteriajulia.com\\\/tienda\\\/producto\\\/abrelatas-montanero-pavonado-boj\\\/#breadcrumb\",\"itemListElement\":[{\"@type\":\"ListItem\",\"position\":1,\"name\":\"Portada\",\"item\":\"https:\\\/\\\/ferreteriajulia.com\\\/tienda\\\/\"},{\"@type\":\"ListItem\",\"position\":2,\"name\":\"Tienda online\",\"item\":\"https:\\\/\\\/ferreteriajulia.com\\\/tienda\\\/shop\\\/\"},{\"@type\":\"ListItem\",\"position\":3,\"name\":\"abrelatas monta\u00f1ero pavonado BOJ\"}]},{\"@type\":\"WebSite\",\"@id\":\"https:\\\/\\\/ferreteriajulia.com\\\/tienda\\\/#website\",\"url\":\"https:\\\/\\\/ferreteriajulia.com\\\/tienda\\\/\",\"name\":\"Ferreter\u00eda Juli\u00e0\",\"description\":\"Ferreter\u00eda generalista, material para intalaciones y reparaciones.\",\"publisher\":{\"@id\":\"https:\\\/\\\/ferreteriajulia.com\\\/tienda\\\/#organization\"},\"potentialAction\":[{\"@type\":\"SearchAction\",\"target\":{\"@type\":\"EntryPoint\",\"urlTemplate\":\"https:\\\/\\\/ferreteriajulia.com\\\/tienda\\\/?s={search_term_string}\"},\"query-input\":{\"@type\":\"PropertyValueSpecification\",\"valueRequired\":true,\"valueName\":\"search_term_string\"}}],\"inLanguage\":\"es\"},{\"@type\":\"Organization\",\"@id\":\"https:\\\/\\\/ferreteriajulia.com\\\/tienda\\\/#organization\",\"name\":\"Ferreter\u00eda Juli\u00e0\",\"url\":\"https:\\\/\\\/ferreteriajulia.com\\\/tienda\\\/\",\"logo\":{\"@type\":\"ImageObject\",\"inLanguage\":\"es\",\"@id\":\"https:\\\/\\\/ferreteriajulia.com\\\/tienda\\\/#\\\/schema\\\/logo\\\/image\\\/\",\"url\":\"https:\\\/\\\/ferreteriajulia.com\\\/tienda\\\/wp-content\\\/uploads\\\/2023\\\/04\\\/LOGO_Ferreteria_Julia_HD-e1680625558319.png\",\"contentUrl\":\"https:\\\/\\\/ferreteriajulia.com\\\/tienda\\\/wp-content\\\/uploads\\\/2023\\\/04\\\/LOGO_Ferreteria_Julia_HD-e1680625558319.png\",\"width\":240,\"height\":89,\"caption\":\"Ferreter\u00eda Juli\u00e0\"},\"image\":{\"@id\":\"https:\\\/\\\/ferreteriajulia.com\\\/tienda\\\/#\\\/schema\\\/logo\\\/image\\\/\"}}]}<\/script>\n<!-- \/ Yoast SEO plugin. -->","yoast_head_json":{"title":"abrelatas monta\u00f1ero pavonado BOJ - Ferreter\u00eda Juli\u00e0","description":"abrelatas monta\u00f1ero pavonado BOJ - Ferreter\u00eda Juli\u00e0 - Ferreter\u00eda Barcelona - 933 59 84 12 - info@ferreteriajulia.com - Gran variedad de productos","robots":{"index":"index","follow":"follow","max-snippet":"max-snippet:-1","max-image-preview":"max-image-preview:large","max-video-preview":"max-video-preview:-1"},"canonical":"http:\/\/ferreteriajulia.com\/tienda\/producto\/abrelatas-montanero-pavonado-boj\/","og_locale":"es_ES","og_type":"article","og_title":"abrelatas monta\u00f1ero pavonado BOJ - Ferreter\u00eda Juli\u00e0","og_description":"abrelatas monta\u00f1ero pavonado BOJ - Ferreter\u00eda Juli\u00e0 - Ferreter\u00eda Barcelona - 933 59 84 12 - info@ferreteriajulia.com - Gran variedad de productos","og_url":"http:\/\/ferreteriajulia.com\/tienda\/producto\/abrelatas-montanero-pavonado-boj\/","og_site_name":"Ferreter\u00eda Juli\u00e0","article_modified_time":"2026-03-18T16:37:19+00:00","og_image":[{"width":1450,"height":1376,"url":"http:\/\/ferreteriajulia.com\/tienda\/wp-content\/uploads\/2025\/03\/abrelatas-tipo-explorador.png","type":"image\/png"}],"twitter_card":"summary_large_image","twitter_misc":{"Tiempo de lectura":"2 minutos"},"schema":{"@context":"https:\/\/schema.org","@graph":[{"@type":"WebPage","@id":"http:\/\/ferreteriajulia.com\/tienda\/producto\/abrelatas-montanero-pavonado-boj\/","url":"http:\/\/ferreteriajulia.com\/tienda\/producto\/abrelatas-montanero-pavonado-boj\/","name":"abrelatas monta\u00f1ero pavonado BOJ - Ferreter\u00eda Juli\u00e0","isPartOf":{"@id":"https:\/\/ferreteriajulia.com\/tienda\/#website"},"primaryImageOfPage":{"@id":"http:\/\/ferreteriajulia.com\/tienda\/producto\/abrelatas-montanero-pavonado-boj\/#primaryimage"},"image":{"@id":"http:\/\/ferreteriajulia.com\/tienda\/producto\/abrelatas-montanero-pavonado-boj\/#primaryimage"},"thumbnailUrl":"https:\/\/ferreteriajulia.com\/tienda\/wp-content\/uploads\/2025\/03\/abrelatas-tipo-explorador.png","datePublished":"2025-03-24T14:29:03+00:00","dateModified":"2026-03-18T16:37:19+00:00","description":"abrelatas monta\u00f1ero pavonado BOJ - Ferreter\u00eda Juli\u00e0 - Ferreter\u00eda Barcelona - 933 59 84 12 - info@ferreteriajulia.com - Gran variedad de productos","breadcrumb":{"@id":"http:\/\/ferreteriajulia.com\/tienda\/producto\/abrelatas-montanero-pavonado-boj\/#breadcrumb"},"inLanguage":"es","potentialAction":[{"@type":"ReadAction","target":["http:\/\/ferreteriajulia.com\/tienda\/producto\/abrelatas-montanero-pavonado-boj\/"]}]},{"@type":"ImageObject","inLanguage":"es","@id":"http:\/\/ferreteriajulia.com\/tienda\/producto\/abrelatas-montanero-pavonado-boj\/#primaryimage","url":"https:\/\/ferreteriajulia.com\/tienda\/wp-content\/uploads\/2025\/03\/abrelatas-tipo-explorador.png","contentUrl":"https:\/\/ferreteriajulia.com\/tienda\/wp-content\/uploads\/2025\/03\/abrelatas-tipo-explorador.png","width":1450,"height":1376},{"@type":"BreadcrumbList","@id":"http:\/\/ferreteriajulia.com\/tienda\/producto\/abrelatas-montanero-pavonado-boj\/#breadcrumb","itemListElement":[{"@type":"ListItem","position":1,"name":"Portada","item":"https:\/\/ferreteriajulia.com\/tienda\/"},{"@type":"ListItem","position":2,"name":"Tienda online","item":"https:\/\/ferreteriajulia.com\/tienda\/shop\/"},{"@type":"ListItem","position":3,"name":"abrelatas monta\u00f1ero pavonado BOJ"}]},{"@type":"WebSite","@id":"https:\/\/ferreteriajulia.com\/tienda\/#website","url":"https:\/\/ferreteriajulia.com\/tienda\/","name":"Ferreter\u00eda Juli\u00e0","description":"Ferreter\u00eda generalista, material para intalaciones y reparaciones.","publisher":{"@id":"https:\/\/ferreteriajulia.com\/tienda\/#organization"},"potentialAction":[{"@type":"SearchAction","target":{"@type":"EntryPoint","urlTemplate":"https:\/\/ferreteriajulia.com\/tienda\/?s={search_term_string}"},"query-input":{"@type":"PropertyValueSpecification","valueRequired":true,"valueName":"search_term_string"}}],"inLanguage":"es"},{"@type":"Organization","@id":"https:\/\/ferreteriajulia.com\/tienda\/#organization","name":"Ferreter\u00eda Juli\u00e0","url":"https:\/\/ferreteriajulia.com\/tienda\/","logo":{"@type":"ImageObject","inLanguage":"es","@id":"https:\/\/ferreteriajulia.com\/tienda\/#\/schema\/logo\/image\/","url":"https:\/\/ferreteriajulia.com\/tienda\/wp-content\/uploads\/2023\/04\/LOGO_Ferreteria_Julia_HD-e1680625558319.png","contentUrl":"https:\/\/ferreteriajulia.com\/tienda\/wp-content\/uploads\/2023\/04\/LOGO_Ferreteria_Julia_HD-e1680625558319.png","width":240,"height":89,"caption":"Ferreter\u00eda Juli\u00e0"},"image":{"@id":"https:\/\/ferreteriajulia.com\/tienda\/#\/schema\/logo\/image\/"}}]}},"_links":{"self":[{"href":"https:\/\/ferreteriajulia.com\/tienda\/wp-json\/wp\/v2\/product\/20955","targetHints":{"allow":["GET"]}}],"collection":[{"href":"https:\/\/ferreteriajulia.com\/tienda\/wp-json\/wp\/v2\/product"}],"about":[{"href":"https:\/\/ferreteriajulia.com\/tienda\/wp-json\/wp\/v2\/types\/product"}],"wp:featuredmedia":[{"embeddable":true,"href":"https:\/\/ferreteriajulia.com\/tienda\/wp-json\/wp\/v2\/media\/20956"}],"wp:attachment":[{"href":"https:\/\/ferreteriajulia.com\/tienda\/wp-json\/wp\/v2\/media?parent=20955"}],"wp:term":[{"taxonomy":"product_brand","embeddable":true,"href":"https:\/\/ferreteriajulia.com\/tienda\/wp-json\/wp\/v2\/product_brand?post=20955"},{"taxonomy":"product_cat","embeddable":true,"href":"https:\/\/ferreteriajulia.com\/tienda\/wp-json\/wp\/v2\/product_cat?post=20955"},{"taxonomy":"product_tag","embeddable":true,"href":"https:\/\/ferreteriajulia.com\/tienda\/wp-json\/wp\/v2\/product_tag?post=20955"}],"curies":[{"name":"wp","href":"https:\/\/api.w.org\/{rel}","templated":true}]}}