{"id":21587,"date":"2025-07-01T13:15:22","date_gmt":"2025-07-01T11:15:22","guid":{"rendered":"https:\/\/ferreteriajulia.com\/tienda\/?post_type=product&#038;p=21587"},"modified":"2025-11-06T16:48:22","modified_gmt":"2025-11-06T15:48:22","slug":"conector-hembra-rj45-cat6a-utp-p-panel500mhz","status":"publish","type":"product","link":"https:\/\/ferreteriajulia.com\/tienda\/producto\/conector-hembra-rj45-cat6a-utp-p-panel500mhz\/","title":{"rendered":"conector hembra RJ45 CAT6A UTP p\/panel(500Mhz)"},"content":{"rendered":"<p>conector hembra RJ45 CAT6A UTP p\/panel(500Mhz)<\/p>\n<p>se adapta a la tapa con soporte 90442SBR<\/p>\n<p>Encaje Universal tipo KEYSTONE<\/p>\n<p><img loading=\"lazy\" decoding=\"async\" class=\"alignnone size-full wp-image-22233\" src=\"http:\/\/ferreteriajulia.com\/tienda\/wp-content\/uploads\/2025\/07\/cotas-conector-RJ45-Efapel.png\" alt=\"\" width=\"582\" height=\"422\" srcset=\"https:\/\/ferreteriajulia.com\/tienda\/wp-content\/uploads\/2025\/07\/cotas-conector-RJ45-Efapel.png 582w, https:\/\/ferreteriajulia.com\/tienda\/wp-content\/uploads\/2025\/07\/cotas-conector-RJ45-Efapel-300x218.png 300w, https:\/\/ferreteriajulia.com\/tienda\/wp-content\/uploads\/2025\/07\/cotas-conector-RJ45-Efapel-510x370.png 510w\" sizes=\"auto, (max-width: 582px) 100vw, 582px\" \/> <img loading=\"lazy\" decoding=\"async\" class=\"alignnone size-large wp-image-22234\" src=\"http:\/\/ferreteriajulia.com\/tienda\/wp-content\/uploads\/2025\/07\/esquema-conector-RJ45-efapel.png\" alt=\"\" width=\"590\" height=\"394\" srcset=\"https:\/\/ferreteriajulia.com\/tienda\/wp-content\/uploads\/2025\/07\/esquema-conector-RJ45-efapel.png 590w, https:\/\/ferreteriajulia.com\/tienda\/wp-content\/uploads\/2025\/07\/esquema-conector-RJ45-efapel-300x200.png 300w, https:\/\/ferreteriajulia.com\/tienda\/wp-content\/uploads\/2025\/07\/esquema-conector-RJ45-efapel-510x341.png 510w\" sizes=\"auto, (max-width: 590px) 100vw, 590px\" \/> <img loading=\"lazy\" decoding=\"async\" class=\"alignnone size-full wp-image-22235\" src=\"http:\/\/ferreteriajulia.com\/tienda\/wp-content\/uploads\/2025\/07\/instalacion-conector-Efapel-RJ45.png\" alt=\"\" width=\"562\" height=\"219\" srcset=\"https:\/\/ferreteriajulia.com\/tienda\/wp-content\/uploads\/2025\/07\/instalacion-conector-Efapel-RJ45.png 562w, https:\/\/ferreteriajulia.com\/tienda\/wp-content\/uploads\/2025\/07\/instalacion-conector-Efapel-RJ45-300x117.png 300w, https:\/\/ferreteriajulia.com\/tienda\/wp-content\/uploads\/2025\/07\/instalacion-conector-Efapel-RJ45-510x199.png 510w\" sizes=\"auto, (max-width: 562px) 100vw, 562px\" \/><\/p>\n<p>conector hembra RJ45 CAT6A UTP p\/panel(500Mhz)<\/p>\n<p>Tama\u00f1o reducido<br \/>\nMontaje r\u00e1pido<br \/>\nConexi\u00f3n robusta y segura, a trav\u00e9s de un eficaz sistema de enclavado<br \/>\nde los conductores<br \/>\nCompatibilidad de cables: 23-26 AWG<br \/>\nCompatible con el c\u00f3digo de colores EIA\/TIA 568A y EIA\/TIA 568B<br \/>\nFull PoE compliance &#8211; en conformidad con la Norma IEC 60512-99-002:Tipo 4 \/ Clase Potencia 8<br \/>\nEn conformidad con las normas TIA 568.2-D, ISO 11801, EN 50173-1 y IEC<br \/>\n60603-7-4; Conexi\u00f3n sin herramientas (conectores con contactos que pelan los cables autom\u00e1ticamente)<\/p>\n","protected":false},"excerpt":{"rendered":"<p>conector hembra RJ45 CAT6A UTP p\/panel(500Mhz)<\/p>\n","protected":false},"featured_media":21588,"template":"","meta":{"_monsterinsights_skip_tracking":false,"_monsterinsights_sitenote_active":false,"_monsterinsights_sitenote_note":"","_monsterinsights_sitenote_category":0},"product_brand":[258],"product_cat":[794,542,519],"product_tag":[],"class_list":{"0":"post-21587","1":"product","2":"type-product","3":"status-publish","4":"has-post-thumbnail","6":"product_brand-258","7":"product_cat-conectores-tv-y-red","8":"product_cat-efapel-mecanismos-mec-21","9":"product_cat-efapel-quadra-45","11":"first","12":"instock","13":"sale","14":"taxable","15":"shipping-taxable","16":"purchasable","17":"product-type-simple"},"yoast_head":"<!-- This site is optimized with the Yoast SEO plugin v27.1.1 - https:\/\/yoast.com\/product\/yoast-seo-wordpress\/ -->\n<title>conector hembra RJ45 CAT6A UTP p\/panel(500Mhz) - Ferreter\u00eda Juli\u00e0<\/title>\n<meta name=\"description\" content=\"conector hembra RJ45 CAT6A UTP p\/panel(500Mhz) - Ferreter\u00eda Juli\u00e0 - Ferreter\u00eda Barcelona - 933 59 84 12 - info@ferreteriajulia.com - Gran variedad de productos\" \/>\n<meta name=\"robots\" content=\"index, follow, max-snippet:-1, max-image-preview:large, max-video-preview:-1\" \/>\n<link rel=\"canonical\" href=\"https:\/\/ferreteriajulia.com\/tienda\/producto\/conector-hembra-rj45-cat6a-utp-p-panel500mhz\/\" \/>\n<meta property=\"og:locale\" content=\"es_ES\" \/>\n<meta property=\"og:type\" content=\"article\" \/>\n<meta property=\"og:title\" content=\"conector hembra RJ45 CAT6A UTP p\/panel(500Mhz) - Ferreter\u00eda Juli\u00e0\" \/>\n<meta property=\"og:description\" content=\"conector hembra RJ45 CAT6A UTP p\/panel(500Mhz) - Ferreter\u00eda Juli\u00e0 - Ferreter\u00eda Barcelona - 933 59 84 12 - info@ferreteriajulia.com - Gran variedad de productos\" \/>\n<meta property=\"og:url\" content=\"https:\/\/ferreteriajulia.com\/tienda\/producto\/conector-hembra-rj45-cat6a-utp-p-panel500mhz\/\" \/>\n<meta property=\"og:site_name\" content=\"Ferreter\u00eda Juli\u00e0\" \/>\n<meta property=\"article:modified_time\" content=\"2025-11-06T15:48:22+00:00\" \/>\n<meta property=\"og:image\" content=\"http:\/\/ferreteriajulia.com\/tienda\/wp-content\/uploads\/2025\/07\/conector-RJ45-efapel-CAT6A-82021.png\" \/>\n\t<meta property=\"og:image:width\" content=\"535\" \/>\n\t<meta property=\"og:image:height\" content=\"478\" \/>\n\t<meta property=\"og:image:type\" content=\"image\/png\" \/>\n<meta name=\"twitter:card\" content=\"summary_large_image\" \/>\n<meta name=\"twitter:label1\" content=\"Tiempo de lectura\" \/>\n\t<meta name=\"twitter:data1\" content=\"2 minutos\" \/>\n<script type=\"application\/ld+json\" class=\"yoast-schema-graph\">{\"@context\":\"https:\/\/schema.org\",\"@graph\":[{\"@type\":\"WebPage\",\"@id\":\"https:\/\/ferreteriajulia.com\/tienda\/producto\/conector-hembra-rj45-cat6a-utp-p-panel500mhz\/\",\"url\":\"https:\/\/ferreteriajulia.com\/tienda\/producto\/conector-hembra-rj45-cat6a-utp-p-panel500mhz\/\",\"name\":\"conector hembra RJ45 CAT6A UTP p\/panel(500Mhz) - Ferreter\u00eda Juli\u00e0\",\"isPartOf\":{\"@id\":\"https:\/\/ferreteriajulia.com\/tienda\/#website\"},\"primaryImageOfPage\":{\"@id\":\"https:\/\/ferreteriajulia.com\/tienda\/producto\/conector-hembra-rj45-cat6a-utp-p-panel500mhz\/#primaryimage\"},\"image\":{\"@id\":\"https:\/\/ferreteriajulia.com\/tienda\/producto\/conector-hembra-rj45-cat6a-utp-p-panel500mhz\/#primaryimage\"},\"thumbnailUrl\":\"https:\/\/ferreteriajulia.com\/tienda\/wp-content\/uploads\/2025\/07\/conector-RJ45-efapel-CAT6A-82021.png\",\"datePublished\":\"2025-07-01T11:15:22+00:00\",\"dateModified\":\"2025-11-06T15:48:22+00:00\",\"description\":\"conector hembra RJ45 CAT6A UTP p\/panel(500Mhz) - Ferreter\u00eda Juli\u00e0 - Ferreter\u00eda Barcelona - 933 59 84 12 - info@ferreteriajulia.com - Gran variedad de productos\",\"breadcrumb\":{\"@id\":\"https:\/\/ferreteriajulia.com\/tienda\/producto\/conector-hembra-rj45-cat6a-utp-p-panel500mhz\/#breadcrumb\"},\"inLanguage\":\"es\",\"potentialAction\":[{\"@type\":\"ReadAction\",\"target\":[\"https:\/\/ferreteriajulia.com\/tienda\/producto\/conector-hembra-rj45-cat6a-utp-p-panel500mhz\/\"]}]},{\"@type\":\"ImageObject\",\"inLanguage\":\"es\",\"@id\":\"https:\/\/ferreteriajulia.com\/tienda\/producto\/conector-hembra-rj45-cat6a-utp-p-panel500mhz\/#primaryimage\",\"url\":\"https:\/\/ferreteriajulia.com\/tienda\/wp-content\/uploads\/2025\/07\/conector-RJ45-efapel-CAT6A-82021.png\",\"contentUrl\":\"https:\/\/ferreteriajulia.com\/tienda\/wp-content\/uploads\/2025\/07\/conector-RJ45-efapel-CAT6A-82021.png\",\"width\":535,\"height\":478},{\"@type\":\"BreadcrumbList\",\"@id\":\"https:\/\/ferreteriajulia.com\/tienda\/producto\/conector-hembra-rj45-cat6a-utp-p-panel500mhz\/#breadcrumb\",\"itemListElement\":[{\"@type\":\"ListItem\",\"position\":1,\"name\":\"Portada\",\"item\":\"https:\/\/ferreteriajulia.com\/tienda\/\"},{\"@type\":\"ListItem\",\"position\":2,\"name\":\"Tienda online\",\"item\":\"https:\/\/ferreteriajulia.com\/tienda\/shop\/\"},{\"@type\":\"ListItem\",\"position\":3,\"name\":\"conector hembra RJ45 CAT6A UTP p\/panel(500Mhz)\"}]},{\"@type\":\"WebSite\",\"@id\":\"https:\/\/ferreteriajulia.com\/tienda\/#website\",\"url\":\"https:\/\/ferreteriajulia.com\/tienda\/\",\"name\":\"Ferreter\u00eda Juli\u00e0\",\"description\":\"Ferreter\u00eda generalista, material para intalaciones y reparaciones.\",\"publisher\":{\"@id\":\"https:\/\/ferreteriajulia.com\/tienda\/#organization\"},\"potentialAction\":[{\"@type\":\"SearchAction\",\"target\":{\"@type\":\"EntryPoint\",\"urlTemplate\":\"https:\/\/ferreteriajulia.com\/tienda\/?s={search_term_string}\"},\"query-input\":{\"@type\":\"PropertyValueSpecification\",\"valueRequired\":true,\"valueName\":\"search_term_string\"}}],\"inLanguage\":\"es\"},{\"@type\":\"Organization\",\"@id\":\"https:\/\/ferreteriajulia.com\/tienda\/#organization\",\"name\":\"Ferreter\u00eda Juli\u00e0\",\"url\":\"https:\/\/ferreteriajulia.com\/tienda\/\",\"logo\":{\"@type\":\"ImageObject\",\"inLanguage\":\"es\",\"@id\":\"https:\/\/ferreteriajulia.com\/tienda\/#\/schema\/logo\/image\/\",\"url\":\"https:\/\/ferreteriajulia.com\/tienda\/wp-content\/uploads\/2023\/04\/LOGO_Ferreteria_Julia_HD-e1680625558319.png\",\"contentUrl\":\"https:\/\/ferreteriajulia.com\/tienda\/wp-content\/uploads\/2023\/04\/LOGO_Ferreteria_Julia_HD-e1680625558319.png\",\"width\":240,\"height\":89,\"caption\":\"Ferreter\u00eda Juli\u00e0\"},\"image\":{\"@id\":\"https:\/\/ferreteriajulia.com\/tienda\/#\/schema\/logo\/image\/\"}}]}<\/script>\n<!-- \/ Yoast SEO plugin. -->","yoast_head_json":{"title":"conector hembra RJ45 CAT6A UTP p\/panel(500Mhz) - Ferreter\u00eda Juli\u00e0","description":"conector hembra RJ45 CAT6A UTP p\/panel(500Mhz) - Ferreter\u00eda Juli\u00e0 - Ferreter\u00eda Barcelona - 933 59 84 12 - info@ferreteriajulia.com - Gran variedad de productos","robots":{"index":"index","follow":"follow","max-snippet":"max-snippet:-1","max-image-preview":"max-image-preview:large","max-video-preview":"max-video-preview:-1"},"canonical":"https:\/\/ferreteriajulia.com\/tienda\/producto\/conector-hembra-rj45-cat6a-utp-p-panel500mhz\/","og_locale":"es_ES","og_type":"article","og_title":"conector hembra RJ45 CAT6A UTP p\/panel(500Mhz) - Ferreter\u00eda Juli\u00e0","og_description":"conector hembra RJ45 CAT6A UTP p\/panel(500Mhz) - Ferreter\u00eda Juli\u00e0 - Ferreter\u00eda Barcelona - 933 59 84 12 - info@ferreteriajulia.com - Gran variedad de productos","og_url":"https:\/\/ferreteriajulia.com\/tienda\/producto\/conector-hembra-rj45-cat6a-utp-p-panel500mhz\/","og_site_name":"Ferreter\u00eda Juli\u00e0","article_modified_time":"2025-11-06T15:48:22+00:00","og_image":[{"width":535,"height":478,"url":"http:\/\/ferreteriajulia.com\/tienda\/wp-content\/uploads\/2025\/07\/conector-RJ45-efapel-CAT6A-82021.png","type":"image\/png"}],"twitter_card":"summary_large_image","twitter_misc":{"Tiempo de lectura":"2 minutos"},"schema":{"@context":"https:\/\/schema.org","@graph":[{"@type":"WebPage","@id":"https:\/\/ferreteriajulia.com\/tienda\/producto\/conector-hembra-rj45-cat6a-utp-p-panel500mhz\/","url":"https:\/\/ferreteriajulia.com\/tienda\/producto\/conector-hembra-rj45-cat6a-utp-p-panel500mhz\/","name":"conector hembra RJ45 CAT6A UTP p\/panel(500Mhz) - Ferreter\u00eda Juli\u00e0","isPartOf":{"@id":"https:\/\/ferreteriajulia.com\/tienda\/#website"},"primaryImageOfPage":{"@id":"https:\/\/ferreteriajulia.com\/tienda\/producto\/conector-hembra-rj45-cat6a-utp-p-panel500mhz\/#primaryimage"},"image":{"@id":"https:\/\/ferreteriajulia.com\/tienda\/producto\/conector-hembra-rj45-cat6a-utp-p-panel500mhz\/#primaryimage"},"thumbnailUrl":"https:\/\/ferreteriajulia.com\/tienda\/wp-content\/uploads\/2025\/07\/conector-RJ45-efapel-CAT6A-82021.png","datePublished":"2025-07-01T11:15:22+00:00","dateModified":"2025-11-06T15:48:22+00:00","description":"conector hembra RJ45 CAT6A UTP p\/panel(500Mhz) - Ferreter\u00eda Juli\u00e0 - Ferreter\u00eda Barcelona - 933 59 84 12 - info@ferreteriajulia.com - Gran variedad de productos","breadcrumb":{"@id":"https:\/\/ferreteriajulia.com\/tienda\/producto\/conector-hembra-rj45-cat6a-utp-p-panel500mhz\/#breadcrumb"},"inLanguage":"es","potentialAction":[{"@type":"ReadAction","target":["https:\/\/ferreteriajulia.com\/tienda\/producto\/conector-hembra-rj45-cat6a-utp-p-panel500mhz\/"]}]},{"@type":"ImageObject","inLanguage":"es","@id":"https:\/\/ferreteriajulia.com\/tienda\/producto\/conector-hembra-rj45-cat6a-utp-p-panel500mhz\/#primaryimage","url":"https:\/\/ferreteriajulia.com\/tienda\/wp-content\/uploads\/2025\/07\/conector-RJ45-efapel-CAT6A-82021.png","contentUrl":"https:\/\/ferreteriajulia.com\/tienda\/wp-content\/uploads\/2025\/07\/conector-RJ45-efapel-CAT6A-82021.png","width":535,"height":478},{"@type":"BreadcrumbList","@id":"https:\/\/ferreteriajulia.com\/tienda\/producto\/conector-hembra-rj45-cat6a-utp-p-panel500mhz\/#breadcrumb","itemListElement":[{"@type":"ListItem","position":1,"name":"Portada","item":"https:\/\/ferreteriajulia.com\/tienda\/"},{"@type":"ListItem","position":2,"name":"Tienda online","item":"https:\/\/ferreteriajulia.com\/tienda\/shop\/"},{"@type":"ListItem","position":3,"name":"conector hembra RJ45 CAT6A UTP p\/panel(500Mhz)"}]},{"@type":"WebSite","@id":"https:\/\/ferreteriajulia.com\/tienda\/#website","url":"https:\/\/ferreteriajulia.com\/tienda\/","name":"Ferreter\u00eda Juli\u00e0","description":"Ferreter\u00eda generalista, material para intalaciones y reparaciones.","publisher":{"@id":"https:\/\/ferreteriajulia.com\/tienda\/#organization"},"potentialAction":[{"@type":"SearchAction","target":{"@type":"EntryPoint","urlTemplate":"https:\/\/ferreteriajulia.com\/tienda\/?s={search_term_string}"},"query-input":{"@type":"PropertyValueSpecification","valueRequired":true,"valueName":"search_term_string"}}],"inLanguage":"es"},{"@type":"Organization","@id":"https:\/\/ferreteriajulia.com\/tienda\/#organization","name":"Ferreter\u00eda Juli\u00e0","url":"https:\/\/ferreteriajulia.com\/tienda\/","logo":{"@type":"ImageObject","inLanguage":"es","@id":"https:\/\/ferreteriajulia.com\/tienda\/#\/schema\/logo\/image\/","url":"https:\/\/ferreteriajulia.com\/tienda\/wp-content\/uploads\/2023\/04\/LOGO_Ferreteria_Julia_HD-e1680625558319.png","contentUrl":"https:\/\/ferreteriajulia.com\/tienda\/wp-content\/uploads\/2023\/04\/LOGO_Ferreteria_Julia_HD-e1680625558319.png","width":240,"height":89,"caption":"Ferreter\u00eda Juli\u00e0"},"image":{"@id":"https:\/\/ferreteriajulia.com\/tienda\/#\/schema\/logo\/image\/"}}]}},"_links":{"self":[{"href":"https:\/\/ferreteriajulia.com\/tienda\/wp-json\/wp\/v2\/product\/21587","targetHints":{"allow":["GET"]}}],"collection":[{"href":"https:\/\/ferreteriajulia.com\/tienda\/wp-json\/wp\/v2\/product"}],"about":[{"href":"https:\/\/ferreteriajulia.com\/tienda\/wp-json\/wp\/v2\/types\/product"}],"wp:featuredmedia":[{"embeddable":true,"href":"https:\/\/ferreteriajulia.com\/tienda\/wp-json\/wp\/v2\/media\/21588"}],"wp:attachment":[{"href":"https:\/\/ferreteriajulia.com\/tienda\/wp-json\/wp\/v2\/media?parent=21587"}],"wp:term":[{"taxonomy":"product_brand","embeddable":true,"href":"https:\/\/ferreteriajulia.com\/tienda\/wp-json\/wp\/v2\/product_brand?post=21587"},{"taxonomy":"product_cat","embeddable":true,"href":"https:\/\/ferreteriajulia.com\/tienda\/wp-json\/wp\/v2\/product_cat?post=21587"},{"taxonomy":"product_tag","embeddable":true,"href":"https:\/\/ferreteriajulia.com\/tienda\/wp-json\/wp\/v2\/product_tag?post=21587"}],"curies":[{"name":"wp","href":"https:\/\/api.w.org\/{rel}","templated":true}]}}