{"id":21649,"date":"2025-07-21T15:51:43","date_gmt":"2025-07-21T13:51:43","guid":{"rendered":"https:\/\/ferreteriajulia.com\/tienda\/?post_type=product&#038;p=21649"},"modified":"2025-07-21T15:55:05","modified_gmt":"2025-07-21T13:55:05","slug":"matacarcoma-prevalien-pro-lata-1lts","status":"publish","type":"product","link":"https:\/\/ferreteriajulia.com\/tienda\/producto\/matacarcoma-prevalien-pro-lata-1lts\/","title":{"rendered":"Matacarcoma PREVALIEN Pro lata 1lts"},"content":{"rendered":"<div class=\"page-title-wrapper product\">\n<p class=\"page-title\">Matacarcoma PREVALIEN Pro lata 1lts<\/p>\n<\/div>\n<div class=\"product attribute description\">\n<div class=\"value\">\n<div class=\"product attribute description\">\n<div class=\"value\">Tratamiento preventivo y curativo de la madera contra insectos xil\u00f3fagos degradadores (carcoma y termita). Producto en base a disolvente de bajo olor que no modifica el color de la madera.<\/div>\n<\/div>\n<div class=\"product-info-section characteristics\">\n<p class=\"product-info-text\"><strong class=\"product-info-title\">Caracter\u00edsticas<\/strong><span class=\"product-info-content\"><span class=\"line\">&#8211; Protecci\u00f3n frente a CLASE DE RIESGO 2: Madera en el interior o bajo cubierta con elevada humedad ambiental.<\/span><span class=\"line\">&#8211; No altera las caracter\u00edsticas de la madera.<\/span><span class=\"line\">&#8211; Alta eficacia con dosificaciones bajas.<\/span><span class=\"line\">&#8211; Alto poder de difusi\u00f3n.<\/span><span class=\"line\">&#8211; Cumple con las normas de eficacia: EN46, EN73 y EN84 (Determinaci\u00f3n de la eficacia preventiva contra larvas) y UNE-EN117, EN73 y EN84 (Determinaci\u00f3n del umbral de eficacia contra termitas).<\/span><\/span><\/p>\n<\/div>\n<div class=\"product-info-section dosage\">\n<p class=\"product-info-text\"><strong class=\"product-info-title\">Dosificaci\u00f3n<\/strong>\u00a0<span class=\"product-info-content\">100-150 ml \/ m2 mediante pincelado.<\/span><\/p>\n<\/div>\n<div class=\"product-info-attributes\">\n<div class=\"product-info-section sku\">\n<p class=\"product-info-text\"><strong class=\"product-info-title\">Referencia<\/strong>\u00a0<span class=\"product-info-content\">8P80102001<\/span><\/p>\n<\/div>\n<div class=\"product-info-section composition\">\n<p class=\"product-info-text\"><strong class=\"product-info-title\">Composici\u00f3n<\/strong>\u00a0<span class=\"product-info-content\">Permetrina 0,40% Diamina 0,05% &#8211; Nafta hidrogenada, excipientes y propelente csp 100%<\/span><\/p>\n<\/div>\n<\/div>\n<\/div>\n<\/div>\n","protected":false},"excerpt":{"rendered":"<p>Matacarcoma PREVALIEN Pro lata 1lts<\/p>\n","protected":false},"featured_media":21650,"template":"","meta":{"_monsterinsights_skip_tracking":false,"_monsterinsights_sitenote_active":false,"_monsterinsights_sitenote_note":"","_monsterinsights_sitenote_category":0},"product_brand":[],"product_cat":[842],"product_tag":[],"class_list":{"0":"post-21649","1":"product","2":"type-product","3":"status-publish","4":"has-post-thumbnail","6":"product_cat-insecticidas","8":"first","9":"instock","10":"taxable","11":"shipping-taxable","12":"purchasable","13":"product-type-simple"},"yoast_head":"<!-- This site is optimized with the Yoast SEO plugin v27.1.1 - https:\/\/yoast.com\/product\/yoast-seo-wordpress\/ -->\n<title>Matacarcoma PREVALIEN Pro lata 1lts - Ferreter\u00eda Juli\u00e0<\/title>\n<meta name=\"description\" content=\"Matacarcoma PREVALIEN Pro lata 1lts - Ferreter\u00eda Juli\u00e0 - Ferreter\u00eda Barcelona - 933 59 84 12 - info@ferreteriajulia.com - Gran variedad de productos\" \/>\n<meta name=\"robots\" content=\"index, follow, max-snippet:-1, max-image-preview:large, max-video-preview:-1\" \/>\n<link rel=\"canonical\" href=\"https:\/\/ferreteriajulia.com\/tienda\/producto\/matacarcoma-prevalien-pro-lata-1lts\/\" \/>\n<meta property=\"og:locale\" content=\"es_ES\" \/>\n<meta property=\"og:type\" content=\"article\" \/>\n<meta property=\"og:title\" content=\"Matacarcoma PREVALIEN Pro lata 1lts - Ferreter\u00eda Juli\u00e0\" \/>\n<meta property=\"og:description\" content=\"Matacarcoma PREVALIEN Pro lata 1lts - Ferreter\u00eda Juli\u00e0 - Ferreter\u00eda Barcelona - 933 59 84 12 - info@ferreteriajulia.com - Gran variedad de productos\" \/>\n<meta property=\"og:url\" content=\"https:\/\/ferreteriajulia.com\/tienda\/producto\/matacarcoma-prevalien-pro-lata-1lts\/\" \/>\n<meta property=\"og:site_name\" content=\"Ferreter\u00eda Juli\u00e0\" \/>\n<meta property=\"article:modified_time\" content=\"2025-07-21T13:55:05+00:00\" \/>\n<meta property=\"og:image\" content=\"https:\/\/ferreteriajulia.com\/tienda\/wp-content\/uploads\/2025\/07\/prevalien-pro-matacarcoma-1lts.png\" \/>\n\t<meta property=\"og:image:width\" content=\"1145\" \/>\n\t<meta property=\"og:image:height\" content=\"1213\" \/>\n\t<meta property=\"og:image:type\" content=\"image\/png\" \/>\n<meta name=\"twitter:card\" content=\"summary_large_image\" \/>\n<meta name=\"twitter:label1\" content=\"Tiempo de lectura\" \/>\n\t<meta name=\"twitter:data1\" content=\"1 minuto\" \/>\n<script type=\"application\/ld+json\" class=\"yoast-schema-graph\">{\"@context\":\"https:\/\/schema.org\",\"@graph\":[{\"@type\":\"WebPage\",\"@id\":\"https:\/\/ferreteriajulia.com\/tienda\/producto\/matacarcoma-prevalien-pro-lata-1lts\/\",\"url\":\"https:\/\/ferreteriajulia.com\/tienda\/producto\/matacarcoma-prevalien-pro-lata-1lts\/\",\"name\":\"Matacarcoma PREVALIEN Pro lata 1lts - Ferreter\u00eda Juli\u00e0\",\"isPartOf\":{\"@id\":\"http:\/\/ferreteriajulia.com\/tienda\/#website\"},\"primaryImageOfPage\":{\"@id\":\"https:\/\/ferreteriajulia.com\/tienda\/producto\/matacarcoma-prevalien-pro-lata-1lts\/#primaryimage\"},\"image\":{\"@id\":\"https:\/\/ferreteriajulia.com\/tienda\/producto\/matacarcoma-prevalien-pro-lata-1lts\/#primaryimage\"},\"thumbnailUrl\":\"https:\/\/ferreteriajulia.com\/tienda\/wp-content\/uploads\/2025\/07\/prevalien-pro-matacarcoma-1lts.png\",\"datePublished\":\"2025-07-21T13:51:43+00:00\",\"dateModified\":\"2025-07-21T13:55:05+00:00\",\"description\":\"Matacarcoma PREVALIEN Pro lata 1lts - Ferreter\u00eda Juli\u00e0 - Ferreter\u00eda Barcelona - 933 59 84 12 - info@ferreteriajulia.com - Gran variedad de productos\",\"breadcrumb\":{\"@id\":\"https:\/\/ferreteriajulia.com\/tienda\/producto\/matacarcoma-prevalien-pro-lata-1lts\/#breadcrumb\"},\"inLanguage\":\"es\",\"potentialAction\":[{\"@type\":\"ReadAction\",\"target\":[\"https:\/\/ferreteriajulia.com\/tienda\/producto\/matacarcoma-prevalien-pro-lata-1lts\/\"]}]},{\"@type\":\"ImageObject\",\"inLanguage\":\"es\",\"@id\":\"https:\/\/ferreteriajulia.com\/tienda\/producto\/matacarcoma-prevalien-pro-lata-1lts\/#primaryimage\",\"url\":\"https:\/\/ferreteriajulia.com\/tienda\/wp-content\/uploads\/2025\/07\/prevalien-pro-matacarcoma-1lts.png\",\"contentUrl\":\"https:\/\/ferreteriajulia.com\/tienda\/wp-content\/uploads\/2025\/07\/prevalien-pro-matacarcoma-1lts.png\",\"width\":1145,\"height\":1213},{\"@type\":\"BreadcrumbList\",\"@id\":\"https:\/\/ferreteriajulia.com\/tienda\/producto\/matacarcoma-prevalien-pro-lata-1lts\/#breadcrumb\",\"itemListElement\":[{\"@type\":\"ListItem\",\"position\":1,\"name\":\"Portada\",\"item\":\"https:\/\/ferreteriajulia.com\/tienda\/\"},{\"@type\":\"ListItem\",\"position\":2,\"name\":\"Tienda online\",\"item\":\"http:\/\/ferreteriajulia.com\/tienda\/shop\/\"},{\"@type\":\"ListItem\",\"position\":3,\"name\":\"Matacarcoma PREVALIEN Pro lata 1lts\"}]},{\"@type\":\"WebSite\",\"@id\":\"http:\/\/ferreteriajulia.com\/tienda\/#website\",\"url\":\"http:\/\/ferreteriajulia.com\/tienda\/\",\"name\":\"Ferreter\u00eda Juli\u00e0\",\"description\":\"Ferreter\u00eda generalista, material para intalaciones y reparaciones.\",\"publisher\":{\"@id\":\"http:\/\/ferreteriajulia.com\/tienda\/#organization\"},\"potentialAction\":[{\"@type\":\"SearchAction\",\"target\":{\"@type\":\"EntryPoint\",\"urlTemplate\":\"http:\/\/ferreteriajulia.com\/tienda\/?s={search_term_string}\"},\"query-input\":{\"@type\":\"PropertyValueSpecification\",\"valueRequired\":true,\"valueName\":\"search_term_string\"}}],\"inLanguage\":\"es\"},{\"@type\":\"Organization\",\"@id\":\"http:\/\/ferreteriajulia.com\/tienda\/#organization\",\"name\":\"Ferreter\u00eda Juli\u00e0\",\"url\":\"http:\/\/ferreteriajulia.com\/tienda\/\",\"logo\":{\"@type\":\"ImageObject\",\"inLanguage\":\"es\",\"@id\":\"http:\/\/ferreteriajulia.com\/tienda\/#\/schema\/logo\/image\/\",\"url\":\"https:\/\/ferreteriajulia.com\/tienda\/wp-content\/uploads\/2023\/04\/LOGO_Ferreteria_Julia_HD-e1680625558319.png\",\"contentUrl\":\"https:\/\/ferreteriajulia.com\/tienda\/wp-content\/uploads\/2023\/04\/LOGO_Ferreteria_Julia_HD-e1680625558319.png\",\"width\":240,\"height\":89,\"caption\":\"Ferreter\u00eda Juli\u00e0\"},\"image\":{\"@id\":\"http:\/\/ferreteriajulia.com\/tienda\/#\/schema\/logo\/image\/\"}}]}<\/script>\n<!-- \/ Yoast SEO plugin. -->","yoast_head_json":{"title":"Matacarcoma PREVALIEN Pro lata 1lts - Ferreter\u00eda Juli\u00e0","description":"Matacarcoma PREVALIEN Pro lata 1lts - Ferreter\u00eda Juli\u00e0 - Ferreter\u00eda Barcelona - 933 59 84 12 - info@ferreteriajulia.com - Gran variedad de productos","robots":{"index":"index","follow":"follow","max-snippet":"max-snippet:-1","max-image-preview":"max-image-preview:large","max-video-preview":"max-video-preview:-1"},"canonical":"https:\/\/ferreteriajulia.com\/tienda\/producto\/matacarcoma-prevalien-pro-lata-1lts\/","og_locale":"es_ES","og_type":"article","og_title":"Matacarcoma PREVALIEN Pro lata 1lts - Ferreter\u00eda Juli\u00e0","og_description":"Matacarcoma PREVALIEN Pro lata 1lts - Ferreter\u00eda Juli\u00e0 - Ferreter\u00eda Barcelona - 933 59 84 12 - info@ferreteriajulia.com - Gran variedad de productos","og_url":"https:\/\/ferreteriajulia.com\/tienda\/producto\/matacarcoma-prevalien-pro-lata-1lts\/","og_site_name":"Ferreter\u00eda Juli\u00e0","article_modified_time":"2025-07-21T13:55:05+00:00","og_image":[{"width":1145,"height":1213,"url":"https:\/\/ferreteriajulia.com\/tienda\/wp-content\/uploads\/2025\/07\/prevalien-pro-matacarcoma-1lts.png","type":"image\/png"}],"twitter_card":"summary_large_image","twitter_misc":{"Tiempo de lectura":"1 minuto"},"schema":{"@context":"https:\/\/schema.org","@graph":[{"@type":"WebPage","@id":"https:\/\/ferreteriajulia.com\/tienda\/producto\/matacarcoma-prevalien-pro-lata-1lts\/","url":"https:\/\/ferreteriajulia.com\/tienda\/producto\/matacarcoma-prevalien-pro-lata-1lts\/","name":"Matacarcoma PREVALIEN Pro lata 1lts - Ferreter\u00eda Juli\u00e0","isPartOf":{"@id":"http:\/\/ferreteriajulia.com\/tienda\/#website"},"primaryImageOfPage":{"@id":"https:\/\/ferreteriajulia.com\/tienda\/producto\/matacarcoma-prevalien-pro-lata-1lts\/#primaryimage"},"image":{"@id":"https:\/\/ferreteriajulia.com\/tienda\/producto\/matacarcoma-prevalien-pro-lata-1lts\/#primaryimage"},"thumbnailUrl":"https:\/\/ferreteriajulia.com\/tienda\/wp-content\/uploads\/2025\/07\/prevalien-pro-matacarcoma-1lts.png","datePublished":"2025-07-21T13:51:43+00:00","dateModified":"2025-07-21T13:55:05+00:00","description":"Matacarcoma PREVALIEN Pro lata 1lts - Ferreter\u00eda Juli\u00e0 - Ferreter\u00eda Barcelona - 933 59 84 12 - info@ferreteriajulia.com - Gran variedad de productos","breadcrumb":{"@id":"https:\/\/ferreteriajulia.com\/tienda\/producto\/matacarcoma-prevalien-pro-lata-1lts\/#breadcrumb"},"inLanguage":"es","potentialAction":[{"@type":"ReadAction","target":["https:\/\/ferreteriajulia.com\/tienda\/producto\/matacarcoma-prevalien-pro-lata-1lts\/"]}]},{"@type":"ImageObject","inLanguage":"es","@id":"https:\/\/ferreteriajulia.com\/tienda\/producto\/matacarcoma-prevalien-pro-lata-1lts\/#primaryimage","url":"https:\/\/ferreteriajulia.com\/tienda\/wp-content\/uploads\/2025\/07\/prevalien-pro-matacarcoma-1lts.png","contentUrl":"https:\/\/ferreteriajulia.com\/tienda\/wp-content\/uploads\/2025\/07\/prevalien-pro-matacarcoma-1lts.png","width":1145,"height":1213},{"@type":"BreadcrumbList","@id":"https:\/\/ferreteriajulia.com\/tienda\/producto\/matacarcoma-prevalien-pro-lata-1lts\/#breadcrumb","itemListElement":[{"@type":"ListItem","position":1,"name":"Portada","item":"https:\/\/ferreteriajulia.com\/tienda\/"},{"@type":"ListItem","position":2,"name":"Tienda online","item":"http:\/\/ferreteriajulia.com\/tienda\/shop\/"},{"@type":"ListItem","position":3,"name":"Matacarcoma PREVALIEN Pro lata 1lts"}]},{"@type":"WebSite","@id":"http:\/\/ferreteriajulia.com\/tienda\/#website","url":"http:\/\/ferreteriajulia.com\/tienda\/","name":"Ferreter\u00eda Juli\u00e0","description":"Ferreter\u00eda generalista, material para intalaciones y reparaciones.","publisher":{"@id":"http:\/\/ferreteriajulia.com\/tienda\/#organization"},"potentialAction":[{"@type":"SearchAction","target":{"@type":"EntryPoint","urlTemplate":"http:\/\/ferreteriajulia.com\/tienda\/?s={search_term_string}"},"query-input":{"@type":"PropertyValueSpecification","valueRequired":true,"valueName":"search_term_string"}}],"inLanguage":"es"},{"@type":"Organization","@id":"http:\/\/ferreteriajulia.com\/tienda\/#organization","name":"Ferreter\u00eda Juli\u00e0","url":"http:\/\/ferreteriajulia.com\/tienda\/","logo":{"@type":"ImageObject","inLanguage":"es","@id":"http:\/\/ferreteriajulia.com\/tienda\/#\/schema\/logo\/image\/","url":"https:\/\/ferreteriajulia.com\/tienda\/wp-content\/uploads\/2023\/04\/LOGO_Ferreteria_Julia_HD-e1680625558319.png","contentUrl":"https:\/\/ferreteriajulia.com\/tienda\/wp-content\/uploads\/2023\/04\/LOGO_Ferreteria_Julia_HD-e1680625558319.png","width":240,"height":89,"caption":"Ferreter\u00eda Juli\u00e0"},"image":{"@id":"http:\/\/ferreteriajulia.com\/tienda\/#\/schema\/logo\/image\/"}}]}},"_links":{"self":[{"href":"https:\/\/ferreteriajulia.com\/tienda\/wp-json\/wp\/v2\/product\/21649","targetHints":{"allow":["GET"]}}],"collection":[{"href":"https:\/\/ferreteriajulia.com\/tienda\/wp-json\/wp\/v2\/product"}],"about":[{"href":"https:\/\/ferreteriajulia.com\/tienda\/wp-json\/wp\/v2\/types\/product"}],"wp:featuredmedia":[{"embeddable":true,"href":"https:\/\/ferreteriajulia.com\/tienda\/wp-json\/wp\/v2\/media\/21650"}],"wp:attachment":[{"href":"https:\/\/ferreteriajulia.com\/tienda\/wp-json\/wp\/v2\/media?parent=21649"}],"wp:term":[{"taxonomy":"product_brand","embeddable":true,"href":"https:\/\/ferreteriajulia.com\/tienda\/wp-json\/wp\/v2\/product_brand?post=21649"},{"taxonomy":"product_cat","embeddable":true,"href":"https:\/\/ferreteriajulia.com\/tienda\/wp-json\/wp\/v2\/product_cat?post=21649"},{"taxonomy":"product_tag","embeddable":true,"href":"https:\/\/ferreteriajulia.com\/tienda\/wp-json\/wp\/v2\/product_tag?post=21649"}],"curies":[{"name":"wp","href":"https:\/\/api.w.org\/{rel}","templated":true}]}}