{"id":21739,"date":"2025-08-28T13:05:07","date_gmt":"2025-08-28T11:05:07","guid":{"rendered":"https:\/\/ferreteriajulia.com\/tienda\/?post_type=product&#038;p=21739"},"modified":"2026-03-31T16:47:26","modified_gmt":"2026-03-31T14:47:26","slug":"juego-accesorios-klein-roll-22","status":"publish","type":"product","link":"https:\/\/ferreteriajulia.com\/tienda\/producto\/juego-accesorios-klein-roll-22\/","title":{"rendered":"juego accesorios KLEIN roll 22"},"content":{"rendered":"<p>juego accesorios KLEIN roll 22<\/p>\n<p>para una puerta corredera max. 22kg<\/p>\n<p>di\u00e1metro encaste 34mm<\/p>\n<p>centro tornillo mecanismo superior 50mm &#8211; centro tornilos mecanimso inferior 50-25mm<\/p>\n<p>ROLL proporciona una apertura de muebles y armarios a trav\u00e9s de dos paneles de madera paralelos.<\/p>\n<p>El sistema ROLL dispone de una gu\u00eda inferior que favorece la trayectoria y desplazamiento del sistema dentro del armario.<\/p>\n<p>Roll est\u00e1 dise\u00f1ado para apertura de muebles y armarios<br \/>\nmediante varios paneles de madera correderos paralelos<br \/>\nconsiguiendo varios accesos dentro de la misma aplicaci\u00f3n<\/p>\n<p>&nbsp;<\/p>\n<h3>Detalles juego accesorios KLEIN roll 22<\/h3>\n<p>Ideal para armarios, muebles, archivadores\u2026<br \/>\n\u2022 Dise\u00f1o minimalista del mueble con un espacio reducido de 4 mm<br \/>\nentre puerta y marco.<br \/>\n\u2022 Sistema pr\u00e1ctico para funcionamiento operativo diario.<br \/>\n\u2022 Configuraci\u00f3n con perfil empotrado o sobre puesto.<br \/>\n\u2022 Perfil inferior para un deslizamiento \u00f3ptimo de las puertas.<br \/>\n\u2022 Perfil de pvc o de aluminio con varias opciones de colores.<br \/>\n\u2022 Sujeci\u00f3n de la puerta por sistema regulable en altura.<br \/>\n\u2022 Rodamiento de bolas o de fricci\u00f3n.<br \/>\n\u2022 Puerta de hasta 52 Kg.<br \/>\n\u2022 Instalaci\u00f3n con perfil inferior y superior.<br \/>\nSistemas testados hasta 100.000 ciclos seg\u00fan la norma EN1527.<\/p>\n<p>&nbsp;<\/p>\n<p><img loading=\"lazy\" decoding=\"async\" class=\"alignnone size-large wp-image-22876\" src=\"http:\/\/ferreteriajulia.com\/tienda\/wp-content\/uploads\/2025\/08\/esquema-klein-roll-22-1024x666.png\" alt=\"\" width=\"1020\" height=\"663\" srcset=\"https:\/\/ferreteriajulia.com\/tienda\/wp-content\/uploads\/2025\/08\/esquema-klein-roll-22-1024x666.png 1024w, https:\/\/ferreteriajulia.com\/tienda\/wp-content\/uploads\/2025\/08\/esquema-klein-roll-22-300x195.png 300w, https:\/\/ferreteriajulia.com\/tienda\/wp-content\/uploads\/2025\/08\/esquema-klein-roll-22-768x500.png 768w, https:\/\/ferreteriajulia.com\/tienda\/wp-content\/uploads\/2025\/08\/esquema-klein-roll-22-510x332.png 510w, https:\/\/ferreteriajulia.com\/tienda\/wp-content\/uploads\/2025\/08\/esquema-klein-roll-22.png 1119w\" sizes=\"auto, (max-width: 1020px) 100vw, 1020px\" \/><\/p>\n<p>Instrucciones de instalaci\u00f3n AQU\u00cd: <a href=\"http:\/\/ferreteriajulia.com\/tienda\/wp-content\/uploads\/2025\/08\/HI_ROLL-22.pdf\">HI_ROLL 22<\/a><\/p>\n<p>&nbsp;<\/p>\n<p>&nbsp;<\/p>\n<p>&nbsp;<\/p>\n","protected":false},"excerpt":{"rendered":"<p>juego accesorios KLEIN roll 22<\/p>\n","protected":false},"featured_media":21740,"template":"","meta":{"_monsterinsights_skip_tracking":false,"_monsterinsights_sitenote_active":false,"_monsterinsights_sitenote_note":"","_monsterinsights_sitenote_category":0},"product_brand":[317],"product_cat":[835],"product_tag":[],"class_list":{"0":"post-21739","1":"product","2":"type-product","3":"status-publish","4":"has-post-thumbnail","6":"product_brand-317","7":"product_cat-klein-guias-y-accesorios","9":"first","10":"instock","11":"taxable","12":"shipping-taxable","13":"purchasable","14":"product-type-simple"},"yoast_head":"<!-- This site is optimized with the Yoast SEO plugin v27.4 - https:\/\/yoast.com\/product\/yoast-seo-wordpress\/ -->\n<title>juego accesorios KLEIN roll 22 - Ferreter\u00eda Juli\u00e0<\/title>\n<meta name=\"description\" content=\"juego accesorios KLEIN roll 22 - Ferreter\u00eda Juli\u00e0 - Ferreter\u00eda en Barcelona - 933 59 84 12 - info@ferreteriajulia.com - Gran variedad de productos\" \/>\n<meta name=\"robots\" content=\"index, follow, max-snippet:-1, max-image-preview:large, max-video-preview:-1\" \/>\n<link rel=\"canonical\" href=\"https:\/\/ferreteriajulia.com\/tienda\/producto\/juego-accesorios-klein-roll-22\/\" \/>\n<meta property=\"og:locale\" content=\"es_ES\" \/>\n<meta property=\"og:type\" content=\"article\" \/>\n<meta property=\"og:title\" content=\"juego accesorios KLEIN roll 22 - Ferreter\u00eda Juli\u00e0\" \/>\n<meta property=\"og:description\" content=\"juego accesorios KLEIN roll 22 - Ferreter\u00eda Juli\u00e0 - Ferreter\u00eda en Barcelona - 933 59 84 12 - info@ferreteriajulia.com - Gran variedad de productos\" \/>\n<meta property=\"og:url\" content=\"https:\/\/ferreteriajulia.com\/tienda\/producto\/juego-accesorios-klein-roll-22\/\" \/>\n<meta property=\"og:site_name\" content=\"Ferreter\u00eda Juli\u00e0\" \/>\n<meta property=\"article:modified_time\" content=\"2026-03-31T14:47:26+00:00\" \/>\n<meta property=\"og:image\" content=\"https:\/\/ferreteriajulia.com\/tienda\/wp-content\/uploads\/2025\/08\/juego-accesorios-klein-roll-22.png\" \/>\n\t<meta property=\"og:image:width\" content=\"1487\" \/>\n\t<meta property=\"og:image:height\" content=\"1209\" \/>\n\t<meta property=\"og:image:type\" content=\"image\/png\" \/>\n<meta name=\"twitter:card\" content=\"summary_large_image\" \/>\n<meta name=\"twitter:label1\" content=\"Tiempo de lectura\" \/>\n\t<meta name=\"twitter:data1\" content=\"2 minutos\" \/>\n<script type=\"application\/ld+json\" class=\"yoast-schema-graph\">{\"@context\":\"https:\\\/\\\/schema.org\",\"@graph\":[{\"@type\":\"WebPage\",\"@id\":\"https:\\\/\\\/ferreteriajulia.com\\\/tienda\\\/producto\\\/juego-accesorios-klein-roll-22\\\/\",\"url\":\"https:\\\/\\\/ferreteriajulia.com\\\/tienda\\\/producto\\\/juego-accesorios-klein-roll-22\\\/\",\"name\":\"juego accesorios KLEIN roll 22 - Ferreter\u00eda Juli\u00e0\",\"isPartOf\":{\"@id\":\"https:\\\/\\\/ferreteriajulia.com\\\/tienda\\\/#website\"},\"primaryImageOfPage\":{\"@id\":\"https:\\\/\\\/ferreteriajulia.com\\\/tienda\\\/producto\\\/juego-accesorios-klein-roll-22\\\/#primaryimage\"},\"image\":{\"@id\":\"https:\\\/\\\/ferreteriajulia.com\\\/tienda\\\/producto\\\/juego-accesorios-klein-roll-22\\\/#primaryimage\"},\"thumbnailUrl\":\"https:\\\/\\\/ferreteriajulia.com\\\/tienda\\\/wp-content\\\/uploads\\\/2025\\\/08\\\/juego-accesorios-klein-roll-22.png\",\"datePublished\":\"2025-08-28T11:05:07+00:00\",\"dateModified\":\"2026-03-31T14:47:26+00:00\",\"description\":\"juego accesorios KLEIN roll 22 - Ferreter\u00eda Juli\u00e0 - Ferreter\u00eda en Barcelona - 933 59 84 12 - info@ferreteriajulia.com - Gran variedad de productos\",\"breadcrumb\":{\"@id\":\"https:\\\/\\\/ferreteriajulia.com\\\/tienda\\\/producto\\\/juego-accesorios-klein-roll-22\\\/#breadcrumb\"},\"inLanguage\":\"es\",\"potentialAction\":[{\"@type\":\"ReadAction\",\"target\":[\"https:\\\/\\\/ferreteriajulia.com\\\/tienda\\\/producto\\\/juego-accesorios-klein-roll-22\\\/\"]}]},{\"@type\":\"ImageObject\",\"inLanguage\":\"es\",\"@id\":\"https:\\\/\\\/ferreteriajulia.com\\\/tienda\\\/producto\\\/juego-accesorios-klein-roll-22\\\/#primaryimage\",\"url\":\"https:\\\/\\\/ferreteriajulia.com\\\/tienda\\\/wp-content\\\/uploads\\\/2025\\\/08\\\/juego-accesorios-klein-roll-22.png\",\"contentUrl\":\"https:\\\/\\\/ferreteriajulia.com\\\/tienda\\\/wp-content\\\/uploads\\\/2025\\\/08\\\/juego-accesorios-klein-roll-22.png\",\"width\":1487,\"height\":1209},{\"@type\":\"BreadcrumbList\",\"@id\":\"https:\\\/\\\/ferreteriajulia.com\\\/tienda\\\/producto\\\/juego-accesorios-klein-roll-22\\\/#breadcrumb\",\"itemListElement\":[{\"@type\":\"ListItem\",\"position\":1,\"name\":\"Portada\",\"item\":\"https:\\\/\\\/ferreteriajulia.com\\\/tienda\\\/\"},{\"@type\":\"ListItem\",\"position\":2,\"name\":\"Tienda online\",\"item\":\"https:\\\/\\\/ferreteriajulia.com\\\/tienda\\\/shop\\\/\"},{\"@type\":\"ListItem\",\"position\":3,\"name\":\"juego accesorios KLEIN roll 22\"}]},{\"@type\":\"WebSite\",\"@id\":\"https:\\\/\\\/ferreteriajulia.com\\\/tienda\\\/#website\",\"url\":\"https:\\\/\\\/ferreteriajulia.com\\\/tienda\\\/\",\"name\":\"Ferreter\u00eda Juli\u00e0\",\"description\":\"Ferreter\u00eda generalista, material para intalaciones y reparaciones.\",\"publisher\":{\"@id\":\"https:\\\/\\\/ferreteriajulia.com\\\/tienda\\\/#organization\"},\"potentialAction\":[{\"@type\":\"SearchAction\",\"target\":{\"@type\":\"EntryPoint\",\"urlTemplate\":\"https:\\\/\\\/ferreteriajulia.com\\\/tienda\\\/?s={search_term_string}\"},\"query-input\":{\"@type\":\"PropertyValueSpecification\",\"valueRequired\":true,\"valueName\":\"search_term_string\"}}],\"inLanguage\":\"es\"},{\"@type\":\"Organization\",\"@id\":\"https:\\\/\\\/ferreteriajulia.com\\\/tienda\\\/#organization\",\"name\":\"Ferreter\u00eda Juli\u00e0\",\"url\":\"https:\\\/\\\/ferreteriajulia.com\\\/tienda\\\/\",\"logo\":{\"@type\":\"ImageObject\",\"inLanguage\":\"es\",\"@id\":\"https:\\\/\\\/ferreteriajulia.com\\\/tienda\\\/#\\\/schema\\\/logo\\\/image\\\/\",\"url\":\"https:\\\/\\\/ferreteriajulia.com\\\/tienda\\\/wp-content\\\/uploads\\\/2023\\\/04\\\/LOGO_Ferreteria_Julia_HD-e1680625558319.png\",\"contentUrl\":\"https:\\\/\\\/ferreteriajulia.com\\\/tienda\\\/wp-content\\\/uploads\\\/2023\\\/04\\\/LOGO_Ferreteria_Julia_HD-e1680625558319.png\",\"width\":240,\"height\":89,\"caption\":\"Ferreter\u00eda Juli\u00e0\"},\"image\":{\"@id\":\"https:\\\/\\\/ferreteriajulia.com\\\/tienda\\\/#\\\/schema\\\/logo\\\/image\\\/\"}}]}<\/script>\n<!-- \/ Yoast SEO plugin. -->","yoast_head_json":{"title":"juego accesorios KLEIN roll 22 - Ferreter\u00eda Juli\u00e0","description":"juego accesorios KLEIN roll 22 - Ferreter\u00eda Juli\u00e0 - Ferreter\u00eda en Barcelona - 933 59 84 12 - info@ferreteriajulia.com - Gran variedad de productos","robots":{"index":"index","follow":"follow","max-snippet":"max-snippet:-1","max-image-preview":"max-image-preview:large","max-video-preview":"max-video-preview:-1"},"canonical":"https:\/\/ferreteriajulia.com\/tienda\/producto\/juego-accesorios-klein-roll-22\/","og_locale":"es_ES","og_type":"article","og_title":"juego accesorios KLEIN roll 22 - Ferreter\u00eda Juli\u00e0","og_description":"juego accesorios KLEIN roll 22 - Ferreter\u00eda Juli\u00e0 - Ferreter\u00eda en Barcelona - 933 59 84 12 - info@ferreteriajulia.com - Gran variedad de productos","og_url":"https:\/\/ferreteriajulia.com\/tienda\/producto\/juego-accesorios-klein-roll-22\/","og_site_name":"Ferreter\u00eda Juli\u00e0","article_modified_time":"2026-03-31T14:47:26+00:00","og_image":[{"width":1487,"height":1209,"url":"https:\/\/ferreteriajulia.com\/tienda\/wp-content\/uploads\/2025\/08\/juego-accesorios-klein-roll-22.png","type":"image\/png"}],"twitter_card":"summary_large_image","twitter_misc":{"Tiempo de lectura":"2 minutos"},"schema":{"@context":"https:\/\/schema.org","@graph":[{"@type":"WebPage","@id":"https:\/\/ferreteriajulia.com\/tienda\/producto\/juego-accesorios-klein-roll-22\/","url":"https:\/\/ferreteriajulia.com\/tienda\/producto\/juego-accesorios-klein-roll-22\/","name":"juego accesorios KLEIN roll 22 - Ferreter\u00eda Juli\u00e0","isPartOf":{"@id":"https:\/\/ferreteriajulia.com\/tienda\/#website"},"primaryImageOfPage":{"@id":"https:\/\/ferreteriajulia.com\/tienda\/producto\/juego-accesorios-klein-roll-22\/#primaryimage"},"image":{"@id":"https:\/\/ferreteriajulia.com\/tienda\/producto\/juego-accesorios-klein-roll-22\/#primaryimage"},"thumbnailUrl":"https:\/\/ferreteriajulia.com\/tienda\/wp-content\/uploads\/2025\/08\/juego-accesorios-klein-roll-22.png","datePublished":"2025-08-28T11:05:07+00:00","dateModified":"2026-03-31T14:47:26+00:00","description":"juego accesorios KLEIN roll 22 - Ferreter\u00eda Juli\u00e0 - Ferreter\u00eda en Barcelona - 933 59 84 12 - info@ferreteriajulia.com - Gran variedad de productos","breadcrumb":{"@id":"https:\/\/ferreteriajulia.com\/tienda\/producto\/juego-accesorios-klein-roll-22\/#breadcrumb"},"inLanguage":"es","potentialAction":[{"@type":"ReadAction","target":["https:\/\/ferreteriajulia.com\/tienda\/producto\/juego-accesorios-klein-roll-22\/"]}]},{"@type":"ImageObject","inLanguage":"es","@id":"https:\/\/ferreteriajulia.com\/tienda\/producto\/juego-accesorios-klein-roll-22\/#primaryimage","url":"https:\/\/ferreteriajulia.com\/tienda\/wp-content\/uploads\/2025\/08\/juego-accesorios-klein-roll-22.png","contentUrl":"https:\/\/ferreteriajulia.com\/tienda\/wp-content\/uploads\/2025\/08\/juego-accesorios-klein-roll-22.png","width":1487,"height":1209},{"@type":"BreadcrumbList","@id":"https:\/\/ferreteriajulia.com\/tienda\/producto\/juego-accesorios-klein-roll-22\/#breadcrumb","itemListElement":[{"@type":"ListItem","position":1,"name":"Portada","item":"https:\/\/ferreteriajulia.com\/tienda\/"},{"@type":"ListItem","position":2,"name":"Tienda online","item":"https:\/\/ferreteriajulia.com\/tienda\/shop\/"},{"@type":"ListItem","position":3,"name":"juego accesorios KLEIN roll 22"}]},{"@type":"WebSite","@id":"https:\/\/ferreteriajulia.com\/tienda\/#website","url":"https:\/\/ferreteriajulia.com\/tienda\/","name":"Ferreter\u00eda Juli\u00e0","description":"Ferreter\u00eda generalista, material para intalaciones y reparaciones.","publisher":{"@id":"https:\/\/ferreteriajulia.com\/tienda\/#organization"},"potentialAction":[{"@type":"SearchAction","target":{"@type":"EntryPoint","urlTemplate":"https:\/\/ferreteriajulia.com\/tienda\/?s={search_term_string}"},"query-input":{"@type":"PropertyValueSpecification","valueRequired":true,"valueName":"search_term_string"}}],"inLanguage":"es"},{"@type":"Organization","@id":"https:\/\/ferreteriajulia.com\/tienda\/#organization","name":"Ferreter\u00eda Juli\u00e0","url":"https:\/\/ferreteriajulia.com\/tienda\/","logo":{"@type":"ImageObject","inLanguage":"es","@id":"https:\/\/ferreteriajulia.com\/tienda\/#\/schema\/logo\/image\/","url":"https:\/\/ferreteriajulia.com\/tienda\/wp-content\/uploads\/2023\/04\/LOGO_Ferreteria_Julia_HD-e1680625558319.png","contentUrl":"https:\/\/ferreteriajulia.com\/tienda\/wp-content\/uploads\/2023\/04\/LOGO_Ferreteria_Julia_HD-e1680625558319.png","width":240,"height":89,"caption":"Ferreter\u00eda Juli\u00e0"},"image":{"@id":"https:\/\/ferreteriajulia.com\/tienda\/#\/schema\/logo\/image\/"}}]}},"_links":{"self":[{"href":"https:\/\/ferreteriajulia.com\/tienda\/wp-json\/wp\/v2\/product\/21739","targetHints":{"allow":["GET"]}}],"collection":[{"href":"https:\/\/ferreteriajulia.com\/tienda\/wp-json\/wp\/v2\/product"}],"about":[{"href":"https:\/\/ferreteriajulia.com\/tienda\/wp-json\/wp\/v2\/types\/product"}],"wp:featuredmedia":[{"embeddable":true,"href":"https:\/\/ferreteriajulia.com\/tienda\/wp-json\/wp\/v2\/media\/21740"}],"wp:attachment":[{"href":"https:\/\/ferreteriajulia.com\/tienda\/wp-json\/wp\/v2\/media?parent=21739"}],"wp:term":[{"taxonomy":"product_brand","embeddable":true,"href":"https:\/\/ferreteriajulia.com\/tienda\/wp-json\/wp\/v2\/product_brand?post=21739"},{"taxonomy":"product_cat","embeddable":true,"href":"https:\/\/ferreteriajulia.com\/tienda\/wp-json\/wp\/v2\/product_cat?post=21739"},{"taxonomy":"product_tag","embeddable":true,"href":"https:\/\/ferreteriajulia.com\/tienda\/wp-json\/wp\/v2\/product_tag?post=21739"}],"curies":[{"name":"wp","href":"https:\/\/api.w.org\/{rel}","templated":true}]}}