{"id":21876,"date":"2025-10-01T18:01:37","date_gmt":"2025-10-01T16:01:37","guid":{"rendered":"https:\/\/ferreteriajulia.com\/tienda\/?post_type=product&#038;p=21876"},"modified":"2026-03-18T11:32:44","modified_gmt":"2026-03-18T10:32:44","slug":"paquete-5-cuchillas-recambio-rascador-vitroceramica","status":"publish","type":"product","link":"https:\/\/ferreteriajulia.com\/tienda\/producto\/paquete-5-cuchillas-recambio-rascador-vitroceramica\/","title":{"rendered":"paquete 5 cuchillas recambio rascador vitrocer\u00e1mica"},"content":{"rendered":"<p>paquete 5 cuchillas recambio rascador vitrocer\u00e1mica<\/p>\n<p>deja como nuevo el rascador para la limpieza de la vitrocer\u00e1mica<\/p>\n<p>&nbsp;<\/p>\n<p>&nbsp;<\/p>\n<blockquote class=\"wp-embedded-content\" data-secret=\"Op2Wup2Lfi\"><p><a href=\"https:\/\/ferreteriajulia.com\/tienda\/producto\/rascador-vitroceramica-inox\/\">rascador vitrocer\u00e1mica INOX<\/a><\/p><\/blockquote>\n<p><iframe loading=\"lazy\" class=\"wp-embedded-content\" sandbox=\"allow-scripts\" security=\"restricted\" style=\"position: absolute; visibility: hidden;\" title=\"\u00abrascador vitrocer\u00e1mica INOX\u00bb \u2014 Ferreter\u00eda Juli\u00e0\" src=\"https:\/\/ferreteriajulia.com\/tienda\/producto\/rascador-vitroceramica-inox\/embed\/#?secret=8Wi9G90rpv#?secret=Op2Wup2Lfi\" data-secret=\"Op2Wup2Lfi\" width=\"600\" height=\"338\" frameborder=\"0\" marginwidth=\"0\" marginheight=\"0\" scrolling=\"no\"><\/iframe><\/p>\n<p id=\"tw-target-text\" class=\"tw-data-text tw-text-large tw-ta\" dir=\"ltr\" tabindex=\"-1\" role=\"text\" data-placeholder=\"Traducci\u00f3\" data-ved=\"2ahUKEwixmuTxiKmTAxULY0EAHWkbGKwQ3ewLegQIDBAW\" aria-label=\"Text tradu\u00eft: Un rascador de vitrocer\u00e1mica de acero inoxidable es un utensilio de limpieza dise\u00f1ado espec\u00edficamente para eliminar la suciedad incrustada, la grasa y los residuos de comida quemadas de las placas de vitrocer\u00e1mica e inducci\u00f3n sin rayar la superficie de vidrio.\"><span class=\"Y2IQFc\" lang=\"es\">Un rascador de vitrocer\u00e1mica de acero inoxidable es un utensilio de limpieza dise\u00f1ado espec\u00edficamente para eliminar la suciedad incrustada, la grasa y los residuos de comida quemadas de las placas de vitrocer\u00e1mica e inducci\u00f3n sin rayar la superficie de vidrio.<\/span><\/p>\n<h3 id=\"tw-target-text\" class=\"tw-data-text tw-text-large tw-ta\" dir=\"ltr\" tabindex=\"-1\" role=\"text\" data-placeholder=\"Traducci\u00f3\" data-ved=\"2ahUKEwixmuTxiKmTAxULY0EAHWkbGKwQ3ewLegQIDBAW\" aria-label=\"Text tradu\u00eft: Caracter\u00edsticas principales\nMaterial: Est\u00e1 fabricado \u00edntegra o parcialmente en acero inoxidable (inox), lo que le hace resistente a la corrosi\u00f3n y muy duradero en ambientes h\u00famedos como la cocina.\nHoja intercambiable: Utiliza hojas met\u00e1licas muy afiladas que pueden cambiarse cuando pierden el corte.\nMecanismo de seguridad: La mayor\u00eda de modelos incluyen un cierre de seguridad o un protector deslizante que permite esconder la hoja cuando no se utiliza para evitar cortes accidentales.\nDise\u00f1o ergon\u00f3mico: El mango est\u00e1 pensado para ofrecer una buena sujeci\u00f3n y permitir aplicar la presi\u00f3n necesaria de forma c\u00f3moda.\"><span class=\"Y2IQFc\" lang=\"es\">Caracter\u00edsticas principales rascador vitrocer\u00e1mica INOX<\/span><\/h3>\n<p class=\"tw-data-text tw-text-large tw-ta\" dir=\"ltr\" tabindex=\"-1\" role=\"text\" data-placeholder=\"Traducci\u00f3\" data-ved=\"2ahUKEwixmuTxiKmTAxULY0EAHWkbGKwQ3ewLegQIDBAW\" aria-label=\"Text tradu\u00eft: Caracter\u00edsticas principales\nMaterial: Est\u00e1 fabricado \u00edntegra o parcialmente en acero inoxidable (inox), lo que le hace resistente a la corrosi\u00f3n y muy duradero en ambientes h\u00famedos como la cocina.\nHoja intercambiable: Utiliza hojas met\u00e1licas muy afiladas que pueden cambiarse cuando pierden el corte.\nMecanismo de seguridad: La mayor\u00eda de modelos incluyen un cierre de seguridad o un protector deslizante que permite esconder la hoja cuando no se utiliza para evitar cortes accidentales.\nDise\u00f1o ergon\u00f3mico: El mango est\u00e1 pensado para ofrecer una buena sujeci\u00f3n y permitir aplicar la presi\u00f3n necesaria de forma c\u00f3moda.\"><span class=\"Y2IQFc\" lang=\"es\">Material: Est\u00e1 fabricado \u00edntegra o parcialmente en acero inoxidable (inox), lo que le hace resistente a la corrosi\u00f3n y muy duradero en ambientes h\u00famedos como la cocina. <\/span><\/p>\n<p class=\"tw-data-text tw-text-large tw-ta\" dir=\"ltr\" tabindex=\"-1\" role=\"text\" data-placeholder=\"Traducci\u00f3\" data-ved=\"2ahUKEwixmuTxiKmTAxULY0EAHWkbGKwQ3ewLegQIDBAW\" aria-label=\"Text tradu\u00eft: Caracter\u00edsticas principales\nMaterial: Est\u00e1 fabricado \u00edntegra o parcialmente en acero inoxidable (inox), lo que le hace resistente a la corrosi\u00f3n y muy duradero en ambientes h\u00famedos como la cocina.\nHoja intercambiable: Utiliza hojas met\u00e1licas muy afiladas que pueden cambiarse cuando pierden el corte.\nMecanismo de seguridad: La mayor\u00eda de modelos incluyen un cierre de seguridad o un protector deslizante que permite esconder la hoja cuando no se utiliza para evitar cortes accidentales.\nDise\u00f1o ergon\u00f3mico: El mango est\u00e1 pensado para ofrecer una buena sujeci\u00f3n y permitir aplicar la presi\u00f3n necesaria de forma c\u00f3moda.\"><span class=\"Y2IQFc\" lang=\"es\">Hoja intercambiable: Utiliza hojas met\u00e1licas muy afiladas que pueden cambiarse cuando pierden el corte. <\/span><\/p>\n<p class=\"tw-data-text tw-text-large tw-ta\" dir=\"ltr\" tabindex=\"-1\" role=\"text\" data-placeholder=\"Traducci\u00f3\" data-ved=\"2ahUKEwixmuTxiKmTAxULY0EAHWkbGKwQ3ewLegQIDBAW\" aria-label=\"Text tradu\u00eft: Caracter\u00edsticas principales\nMaterial: Est\u00e1 fabricado \u00edntegra o parcialmente en acero inoxidable (inox), lo que le hace resistente a la corrosi\u00f3n y muy duradero en ambientes h\u00famedos como la cocina.\nHoja intercambiable: Utiliza hojas met\u00e1licas muy afiladas que pueden cambiarse cuando pierden el corte.\nMecanismo de seguridad: La mayor\u00eda de modelos incluyen un cierre de seguridad o un protector deslizante que permite esconder la hoja cuando no se utiliza para evitar cortes accidentales.\nDise\u00f1o ergon\u00f3mico: El mango est\u00e1 pensado para ofrecer una buena sujeci\u00f3n y permitir aplicar la presi\u00f3n necesaria de forma c\u00f3moda.\"><span class=\"Y2IQFc\" lang=\"es\">Mecanismo de seguridad: Cierre de seguridad o protector deslizante que permite esconder la hoja cuando no se utiliza para evitar cortes accidentales. <\/span><\/p>\n","protected":false},"excerpt":{"rendered":"<p>paquete 5 cuchillas recambio rascador vitrocer\u00e1mica<\/p>\n","protected":false},"featured_media":21877,"template":"","meta":{"_monsterinsights_skip_tracking":false,"_monsterinsights_sitenote_active":false,"_monsterinsights_sitenote_note":"","_monsterinsights_sitenote_category":0},"product_brand":[],"product_cat":[876],"product_tag":[],"class_list":{"0":"post-21876","1":"product","2":"type-product","3":"status-publish","4":"has-post-thumbnail","6":"product_cat-varios-cocina","8":"first","9":"instock","10":"taxable","11":"shipping-taxable","12":"purchasable","13":"product-type-simple"},"yoast_head":"<!-- This site is optimized with the Yoast SEO plugin v27.4 - https:\/\/yoast.com\/product\/yoast-seo-wordpress\/ -->\n<title>paquete 5 cuchillas recambio rascador vitrocer\u00e1mica - Ferreter\u00eda Juli\u00e0<\/title>\n<meta name=\"description\" content=\"paquete 5 cuchillas recambio rascador vitrocer\u00e1mica - Ferreter\u00eda Juli\u00e0 - Ferreter\u00eda en Barcelona - 933 59 84 12 - info@ferreteriajulia.com - Gran variedad de productos\" \/>\n<meta name=\"robots\" content=\"index, follow, max-snippet:-1, max-image-preview:large, max-video-preview:-1\" \/>\n<link rel=\"canonical\" href=\"https:\/\/ferreteriajulia.com\/tienda\/producto\/paquete-5-cuchillas-recambio-rascador-vitroceramica\/\" \/>\n<meta property=\"og:locale\" content=\"es_ES\" \/>\n<meta property=\"og:type\" content=\"article\" \/>\n<meta property=\"og:title\" content=\"paquete 5 cuchillas recambio rascador vitrocer\u00e1mica - Ferreter\u00eda Juli\u00e0\" \/>\n<meta property=\"og:description\" content=\"paquete 5 cuchillas recambio rascador vitrocer\u00e1mica - Ferreter\u00eda Juli\u00e0 - Ferreter\u00eda en Barcelona - 933 59 84 12 - info@ferreteriajulia.com - Gran variedad de productos\" \/>\n<meta property=\"og:url\" content=\"https:\/\/ferreteriajulia.com\/tienda\/producto\/paquete-5-cuchillas-recambio-rascador-vitroceramica\/\" \/>\n<meta property=\"og:site_name\" content=\"Ferreter\u00eda Juli\u00e0\" \/>\n<meta property=\"article:modified_time\" content=\"2026-03-18T10:32:44+00:00\" \/>\n<meta property=\"og:image\" content=\"https:\/\/ferreteriajulia.com\/tienda\/wp-content\/uploads\/2025\/10\/5-cuchillas-recambio-rascador-vitro.png\" \/>\n\t<meta property=\"og:image:width\" content=\"805\" \/>\n\t<meta property=\"og:image:height\" content=\"599\" \/>\n\t<meta property=\"og:image:type\" content=\"image\/png\" \/>\n<meta name=\"twitter:card\" content=\"summary_large_image\" \/>\n<meta name=\"twitter:label1\" content=\"Tiempo de lectura\" \/>\n\t<meta name=\"twitter:data1\" content=\"1 minuto\" \/>\n<script type=\"application\/ld+json\" class=\"yoast-schema-graph\">{\"@context\":\"https:\\\/\\\/schema.org\",\"@graph\":[{\"@type\":\"WebPage\",\"@id\":\"https:\\\/\\\/ferreteriajulia.com\\\/tienda\\\/producto\\\/paquete-5-cuchillas-recambio-rascador-vitroceramica\\\/\",\"url\":\"https:\\\/\\\/ferreteriajulia.com\\\/tienda\\\/producto\\\/paquete-5-cuchillas-recambio-rascador-vitroceramica\\\/\",\"name\":\"paquete 5 cuchillas recambio rascador vitrocer\u00e1mica - Ferreter\u00eda Juli\u00e0\",\"isPartOf\":{\"@id\":\"https:\\\/\\\/ferreteriajulia.com\\\/tienda\\\/#website\"},\"primaryImageOfPage\":{\"@id\":\"https:\\\/\\\/ferreteriajulia.com\\\/tienda\\\/producto\\\/paquete-5-cuchillas-recambio-rascador-vitroceramica\\\/#primaryimage\"},\"image\":{\"@id\":\"https:\\\/\\\/ferreteriajulia.com\\\/tienda\\\/producto\\\/paquete-5-cuchillas-recambio-rascador-vitroceramica\\\/#primaryimage\"},\"thumbnailUrl\":\"https:\\\/\\\/ferreteriajulia.com\\\/tienda\\\/wp-content\\\/uploads\\\/2025\\\/10\\\/5-cuchillas-recambio-rascador-vitro.png\",\"datePublished\":\"2025-10-01T16:01:37+00:00\",\"dateModified\":\"2026-03-18T10:32:44+00:00\",\"description\":\"paquete 5 cuchillas recambio rascador vitrocer\u00e1mica - Ferreter\u00eda Juli\u00e0 - Ferreter\u00eda en Barcelona - 933 59 84 12 - info@ferreteriajulia.com - Gran variedad de productos\",\"breadcrumb\":{\"@id\":\"https:\\\/\\\/ferreteriajulia.com\\\/tienda\\\/producto\\\/paquete-5-cuchillas-recambio-rascador-vitroceramica\\\/#breadcrumb\"},\"inLanguage\":\"es\",\"potentialAction\":[{\"@type\":\"ReadAction\",\"target\":[\"https:\\\/\\\/ferreteriajulia.com\\\/tienda\\\/producto\\\/paquete-5-cuchillas-recambio-rascador-vitroceramica\\\/\"]}]},{\"@type\":\"ImageObject\",\"inLanguage\":\"es\",\"@id\":\"https:\\\/\\\/ferreteriajulia.com\\\/tienda\\\/producto\\\/paquete-5-cuchillas-recambio-rascador-vitroceramica\\\/#primaryimage\",\"url\":\"https:\\\/\\\/ferreteriajulia.com\\\/tienda\\\/wp-content\\\/uploads\\\/2025\\\/10\\\/5-cuchillas-recambio-rascador-vitro.png\",\"contentUrl\":\"https:\\\/\\\/ferreteriajulia.com\\\/tienda\\\/wp-content\\\/uploads\\\/2025\\\/10\\\/5-cuchillas-recambio-rascador-vitro.png\",\"width\":805,\"height\":599},{\"@type\":\"BreadcrumbList\",\"@id\":\"https:\\\/\\\/ferreteriajulia.com\\\/tienda\\\/producto\\\/paquete-5-cuchillas-recambio-rascador-vitroceramica\\\/#breadcrumb\",\"itemListElement\":[{\"@type\":\"ListItem\",\"position\":1,\"name\":\"Portada\",\"item\":\"https:\\\/\\\/ferreteriajulia.com\\\/tienda\\\/\"},{\"@type\":\"ListItem\",\"position\":2,\"name\":\"Tienda online\",\"item\":\"https:\\\/\\\/ferreteriajulia.com\\\/tienda\\\/shop\\\/\"},{\"@type\":\"ListItem\",\"position\":3,\"name\":\"paquete 5 cuchillas recambio rascador vitrocer\u00e1mica\"}]},{\"@type\":\"WebSite\",\"@id\":\"https:\\\/\\\/ferreteriajulia.com\\\/tienda\\\/#website\",\"url\":\"https:\\\/\\\/ferreteriajulia.com\\\/tienda\\\/\",\"name\":\"Ferreter\u00eda Juli\u00e0\",\"description\":\"Ferreter\u00eda generalista, material para intalaciones y reparaciones.\",\"publisher\":{\"@id\":\"https:\\\/\\\/ferreteriajulia.com\\\/tienda\\\/#organization\"},\"potentialAction\":[{\"@type\":\"SearchAction\",\"target\":{\"@type\":\"EntryPoint\",\"urlTemplate\":\"https:\\\/\\\/ferreteriajulia.com\\\/tienda\\\/?s={search_term_string}\"},\"query-input\":{\"@type\":\"PropertyValueSpecification\",\"valueRequired\":true,\"valueName\":\"search_term_string\"}}],\"inLanguage\":\"es\"},{\"@type\":\"Organization\",\"@id\":\"https:\\\/\\\/ferreteriajulia.com\\\/tienda\\\/#organization\",\"name\":\"Ferreter\u00eda Juli\u00e0\",\"url\":\"https:\\\/\\\/ferreteriajulia.com\\\/tienda\\\/\",\"logo\":{\"@type\":\"ImageObject\",\"inLanguage\":\"es\",\"@id\":\"https:\\\/\\\/ferreteriajulia.com\\\/tienda\\\/#\\\/schema\\\/logo\\\/image\\\/\",\"url\":\"https:\\\/\\\/ferreteriajulia.com\\\/tienda\\\/wp-content\\\/uploads\\\/2023\\\/04\\\/LOGO_Ferreteria_Julia_HD-e1680625558319.png\",\"contentUrl\":\"https:\\\/\\\/ferreteriajulia.com\\\/tienda\\\/wp-content\\\/uploads\\\/2023\\\/04\\\/LOGO_Ferreteria_Julia_HD-e1680625558319.png\",\"width\":240,\"height\":89,\"caption\":\"Ferreter\u00eda Juli\u00e0\"},\"image\":{\"@id\":\"https:\\\/\\\/ferreteriajulia.com\\\/tienda\\\/#\\\/schema\\\/logo\\\/image\\\/\"}}]}<\/script>\n<!-- \/ Yoast SEO plugin. -->","yoast_head_json":{"title":"paquete 5 cuchillas recambio rascador vitrocer\u00e1mica - Ferreter\u00eda Juli\u00e0","description":"paquete 5 cuchillas recambio rascador vitrocer\u00e1mica - Ferreter\u00eda Juli\u00e0 - Ferreter\u00eda en Barcelona - 933 59 84 12 - info@ferreteriajulia.com - Gran variedad de productos","robots":{"index":"index","follow":"follow","max-snippet":"max-snippet:-1","max-image-preview":"max-image-preview:large","max-video-preview":"max-video-preview:-1"},"canonical":"https:\/\/ferreteriajulia.com\/tienda\/producto\/paquete-5-cuchillas-recambio-rascador-vitroceramica\/","og_locale":"es_ES","og_type":"article","og_title":"paquete 5 cuchillas recambio rascador vitrocer\u00e1mica - Ferreter\u00eda Juli\u00e0","og_description":"paquete 5 cuchillas recambio rascador vitrocer\u00e1mica - Ferreter\u00eda Juli\u00e0 - Ferreter\u00eda en Barcelona - 933 59 84 12 - info@ferreteriajulia.com - Gran variedad de productos","og_url":"https:\/\/ferreteriajulia.com\/tienda\/producto\/paquete-5-cuchillas-recambio-rascador-vitroceramica\/","og_site_name":"Ferreter\u00eda Juli\u00e0","article_modified_time":"2026-03-18T10:32:44+00:00","og_image":[{"width":805,"height":599,"url":"https:\/\/ferreteriajulia.com\/tienda\/wp-content\/uploads\/2025\/10\/5-cuchillas-recambio-rascador-vitro.png","type":"image\/png"}],"twitter_card":"summary_large_image","twitter_misc":{"Tiempo de lectura":"1 minuto"},"schema":{"@context":"https:\/\/schema.org","@graph":[{"@type":"WebPage","@id":"https:\/\/ferreteriajulia.com\/tienda\/producto\/paquete-5-cuchillas-recambio-rascador-vitroceramica\/","url":"https:\/\/ferreteriajulia.com\/tienda\/producto\/paquete-5-cuchillas-recambio-rascador-vitroceramica\/","name":"paquete 5 cuchillas recambio rascador vitrocer\u00e1mica - Ferreter\u00eda Juli\u00e0","isPartOf":{"@id":"https:\/\/ferreteriajulia.com\/tienda\/#website"},"primaryImageOfPage":{"@id":"https:\/\/ferreteriajulia.com\/tienda\/producto\/paquete-5-cuchillas-recambio-rascador-vitroceramica\/#primaryimage"},"image":{"@id":"https:\/\/ferreteriajulia.com\/tienda\/producto\/paquete-5-cuchillas-recambio-rascador-vitroceramica\/#primaryimage"},"thumbnailUrl":"https:\/\/ferreteriajulia.com\/tienda\/wp-content\/uploads\/2025\/10\/5-cuchillas-recambio-rascador-vitro.png","datePublished":"2025-10-01T16:01:37+00:00","dateModified":"2026-03-18T10:32:44+00:00","description":"paquete 5 cuchillas recambio rascador vitrocer\u00e1mica - Ferreter\u00eda Juli\u00e0 - Ferreter\u00eda en Barcelona - 933 59 84 12 - info@ferreteriajulia.com - Gran variedad de productos","breadcrumb":{"@id":"https:\/\/ferreteriajulia.com\/tienda\/producto\/paquete-5-cuchillas-recambio-rascador-vitroceramica\/#breadcrumb"},"inLanguage":"es","potentialAction":[{"@type":"ReadAction","target":["https:\/\/ferreteriajulia.com\/tienda\/producto\/paquete-5-cuchillas-recambio-rascador-vitroceramica\/"]}]},{"@type":"ImageObject","inLanguage":"es","@id":"https:\/\/ferreteriajulia.com\/tienda\/producto\/paquete-5-cuchillas-recambio-rascador-vitroceramica\/#primaryimage","url":"https:\/\/ferreteriajulia.com\/tienda\/wp-content\/uploads\/2025\/10\/5-cuchillas-recambio-rascador-vitro.png","contentUrl":"https:\/\/ferreteriajulia.com\/tienda\/wp-content\/uploads\/2025\/10\/5-cuchillas-recambio-rascador-vitro.png","width":805,"height":599},{"@type":"BreadcrumbList","@id":"https:\/\/ferreteriajulia.com\/tienda\/producto\/paquete-5-cuchillas-recambio-rascador-vitroceramica\/#breadcrumb","itemListElement":[{"@type":"ListItem","position":1,"name":"Portada","item":"https:\/\/ferreteriajulia.com\/tienda\/"},{"@type":"ListItem","position":2,"name":"Tienda online","item":"https:\/\/ferreteriajulia.com\/tienda\/shop\/"},{"@type":"ListItem","position":3,"name":"paquete 5 cuchillas recambio rascador vitrocer\u00e1mica"}]},{"@type":"WebSite","@id":"https:\/\/ferreteriajulia.com\/tienda\/#website","url":"https:\/\/ferreteriajulia.com\/tienda\/","name":"Ferreter\u00eda Juli\u00e0","description":"Ferreter\u00eda generalista, material para intalaciones y reparaciones.","publisher":{"@id":"https:\/\/ferreteriajulia.com\/tienda\/#organization"},"potentialAction":[{"@type":"SearchAction","target":{"@type":"EntryPoint","urlTemplate":"https:\/\/ferreteriajulia.com\/tienda\/?s={search_term_string}"},"query-input":{"@type":"PropertyValueSpecification","valueRequired":true,"valueName":"search_term_string"}}],"inLanguage":"es"},{"@type":"Organization","@id":"https:\/\/ferreteriajulia.com\/tienda\/#organization","name":"Ferreter\u00eda Juli\u00e0","url":"https:\/\/ferreteriajulia.com\/tienda\/","logo":{"@type":"ImageObject","inLanguage":"es","@id":"https:\/\/ferreteriajulia.com\/tienda\/#\/schema\/logo\/image\/","url":"https:\/\/ferreteriajulia.com\/tienda\/wp-content\/uploads\/2023\/04\/LOGO_Ferreteria_Julia_HD-e1680625558319.png","contentUrl":"https:\/\/ferreteriajulia.com\/tienda\/wp-content\/uploads\/2023\/04\/LOGO_Ferreteria_Julia_HD-e1680625558319.png","width":240,"height":89,"caption":"Ferreter\u00eda Juli\u00e0"},"image":{"@id":"https:\/\/ferreteriajulia.com\/tienda\/#\/schema\/logo\/image\/"}}]}},"_links":{"self":[{"href":"https:\/\/ferreteriajulia.com\/tienda\/wp-json\/wp\/v2\/product\/21876","targetHints":{"allow":["GET"]}}],"collection":[{"href":"https:\/\/ferreteriajulia.com\/tienda\/wp-json\/wp\/v2\/product"}],"about":[{"href":"https:\/\/ferreteriajulia.com\/tienda\/wp-json\/wp\/v2\/types\/product"}],"wp:featuredmedia":[{"embeddable":true,"href":"https:\/\/ferreteriajulia.com\/tienda\/wp-json\/wp\/v2\/media\/21877"}],"wp:attachment":[{"href":"https:\/\/ferreteriajulia.com\/tienda\/wp-json\/wp\/v2\/media?parent=21876"}],"wp:term":[{"taxonomy":"product_brand","embeddable":true,"href":"https:\/\/ferreteriajulia.com\/tienda\/wp-json\/wp\/v2\/product_brand?post=21876"},{"taxonomy":"product_cat","embeddable":true,"href":"https:\/\/ferreteriajulia.com\/tienda\/wp-json\/wp\/v2\/product_cat?post=21876"},{"taxonomy":"product_tag","embeddable":true,"href":"https:\/\/ferreteriajulia.com\/tienda\/wp-json\/wp\/v2\/product_tag?post=21876"}],"curies":[{"name":"wp","href":"https:\/\/api.w.org\/{rel}","templated":true}]}}