{"id":21999,"date":"2025-10-15T15:44:43","date_gmt":"2025-10-15T13:44:43","guid":{"rendered":"https:\/\/ferreteriajulia.com\/tienda\/?post_type=product&#038;p=21999"},"modified":"2025-10-15T15:46:59","modified_gmt":"2025-10-15T13:46:59","slug":"buzon-btv-exterior-nano-inox","status":"publish","type":"product","link":"https:\/\/ferreteriajulia.com\/tienda\/producto\/buzon-btv-exterior-nano-inox\/","title":{"rendered":"buz\u00f3n BTV exterior NANO inox con peque\u00f1o ara\u00f1azo"},"content":{"rendered":"<p>buz\u00f3n BTV exterior NANO inox con peque\u00f1o ara\u00f1azo<\/p>\n<p>360mm alto 216mm ancho 70mm fondo (apertura superior 192mmx24mm)<\/p>\n<p>Acero calidad 304<\/p>\n<p><span style=\"background-color: #ed1c24;\"><strong>EN LAS FOTOS DE LA GALER\u00cdA SE APRECIA EL PEQUE\u00d1O DESPERFECTO<\/strong><\/span><\/p>\n<p>&nbsp;<\/p>\n<p>&nbsp;<\/p>\n<p>&nbsp;<\/p>\n","protected":false},"excerpt":{"rendered":"<p>buz\u00f3n BTV exterior NANO inox con peque\u00f1o ara\u00f1azo<\/p>\n","protected":false},"featured_media":10142,"template":"","meta":{"_monsterinsights_skip_tracking":false,"_monsterinsights_sitenote_active":false,"_monsterinsights_sitenote_note":"","_monsterinsights_sitenote_category":0},"product_brand":[],"product_cat":[866,245],"product_tag":[],"class_list":{"0":"post-21999","1":"product","2":"type-product","3":"status-publish","4":"has-post-thumbnail","6":"product_cat-buzones-exterior","7":"product_cat-outlet-ferreteria-julia","9":"first","10":"instock","11":"sale","12":"taxable","13":"shipping-taxable","14":"purchasable","15":"product-type-simple"},"yoast_head":"<!-- This site is optimized with the Yoast SEO plugin v27.1.1 - https:\/\/yoast.com\/product\/yoast-seo-wordpress\/ -->\n<title>buz\u00f3n BTV exterior NANO inox con peque\u00f1o ara\u00f1azo - Ferreter\u00eda Juli\u00e0<\/title>\n<meta name=\"description\" content=\"buz\u00f3n BTV exterior NANO inox con peque\u00f1o ara\u00f1azo - Ferreter\u00eda Juli\u00e0 - Ferreter\u00eda Barcelona - 933 59 84 12 - info@ferreteriajulia.com - Gran variedad de productos\" \/>\n<meta name=\"robots\" content=\"index, follow, max-snippet:-1, max-image-preview:large, max-video-preview:-1\" \/>\n<link rel=\"canonical\" href=\"http:\/\/ferreteriajulia.com\/tienda\/producto\/buzon-btv-exterior-nano-inox\/\" \/>\n<meta property=\"og:locale\" content=\"es_ES\" \/>\n<meta property=\"og:type\" content=\"article\" \/>\n<meta property=\"og:title\" content=\"buz\u00f3n BTV exterior NANO inox con peque\u00f1o ara\u00f1azo - Ferreter\u00eda Juli\u00e0\" \/>\n<meta property=\"og:description\" content=\"buz\u00f3n BTV exterior NANO inox con peque\u00f1o ara\u00f1azo - Ferreter\u00eda Juli\u00e0 - Ferreter\u00eda Barcelona - 933 59 84 12 - info@ferreteriajulia.com - Gran variedad de productos\" \/>\n<meta property=\"og:url\" content=\"http:\/\/ferreteriajulia.com\/tienda\/producto\/buzon-btv-exterior-nano-inox\/\" \/>\n<meta property=\"og:site_name\" content=\"Ferreter\u00eda Juli\u00e0\" \/>\n<meta property=\"article:modified_time\" content=\"2025-10-15T13:46:59+00:00\" \/>\n<meta property=\"og:image\" content=\"http:\/\/ferreteriajulia.com\/tienda\/wp-content\/uploads\/2018\/03\/buz\u00f3n-BTV-nano-inox-exterior.jpg\" \/>\n\t<meta property=\"og:image:width\" content=\"369\" \/>\n\t<meta property=\"og:image:height\" content=\"270\" \/>\n\t<meta property=\"og:image:type\" content=\"image\/jpeg\" \/>\n<meta name=\"twitter:card\" content=\"summary_large_image\" \/>\n<meta name=\"twitter:label1\" content=\"Tiempo de lectura\" \/>\n\t<meta name=\"twitter:data1\" content=\"1 minuto\" \/>\n<script type=\"application\/ld+json\" class=\"yoast-schema-graph\">{\"@context\":\"https:\/\/schema.org\",\"@graph\":[{\"@type\":\"WebPage\",\"@id\":\"http:\/\/ferreteriajulia.com\/tienda\/producto\/buzon-btv-exterior-nano-inox\/\",\"url\":\"http:\/\/ferreteriajulia.com\/tienda\/producto\/buzon-btv-exterior-nano-inox\/\",\"name\":\"buz\u00f3n BTV exterior NANO inox con peque\u00f1o ara\u00f1azo - Ferreter\u00eda Juli\u00e0\",\"isPartOf\":{\"@id\":\"https:\/\/ferreteriajulia.com\/tienda\/#website\"},\"primaryImageOfPage\":{\"@id\":\"http:\/\/ferreteriajulia.com\/tienda\/producto\/buzon-btv-exterior-nano-inox\/#primaryimage\"},\"image\":{\"@id\":\"http:\/\/ferreteriajulia.com\/tienda\/producto\/buzon-btv-exterior-nano-inox\/#primaryimage\"},\"thumbnailUrl\":\"https:\/\/ferreteriajulia.com\/tienda\/wp-content\/uploads\/2018\/03\/buz\u00f3n-BTV-nano-inox-exterior.jpg\",\"datePublished\":\"2025-10-15T13:44:43+00:00\",\"dateModified\":\"2025-10-15T13:46:59+00:00\",\"description\":\"buz\u00f3n BTV exterior NANO inox con peque\u00f1o ara\u00f1azo - Ferreter\u00eda Juli\u00e0 - Ferreter\u00eda Barcelona - 933 59 84 12 - info@ferreteriajulia.com - Gran variedad de productos\",\"breadcrumb\":{\"@id\":\"http:\/\/ferreteriajulia.com\/tienda\/producto\/buzon-btv-exterior-nano-inox\/#breadcrumb\"},\"inLanguage\":\"es\",\"potentialAction\":[{\"@type\":\"ReadAction\",\"target\":[\"http:\/\/ferreteriajulia.com\/tienda\/producto\/buzon-btv-exterior-nano-inox\/\"]}]},{\"@type\":\"ImageObject\",\"inLanguage\":\"es\",\"@id\":\"http:\/\/ferreteriajulia.com\/tienda\/producto\/buzon-btv-exterior-nano-inox\/#primaryimage\",\"url\":\"https:\/\/ferreteriajulia.com\/tienda\/wp-content\/uploads\/2018\/03\/buz\u00f3n-BTV-nano-inox-exterior.jpg\",\"contentUrl\":\"https:\/\/ferreteriajulia.com\/tienda\/wp-content\/uploads\/2018\/03\/buz\u00f3n-BTV-nano-inox-exterior.jpg\",\"width\":369,\"height\":270,\"caption\":\"buz\u00f3n BTV exterior NANO inox\"},{\"@type\":\"BreadcrumbList\",\"@id\":\"http:\/\/ferreteriajulia.com\/tienda\/producto\/buzon-btv-exterior-nano-inox\/#breadcrumb\",\"itemListElement\":[{\"@type\":\"ListItem\",\"position\":1,\"name\":\"Portada\",\"item\":\"https:\/\/ferreteriajulia.com\/tienda\/\"},{\"@type\":\"ListItem\",\"position\":2,\"name\":\"Tienda online\",\"item\":\"https:\/\/ferreteriajulia.com\/tienda\/shop\/\"},{\"@type\":\"ListItem\",\"position\":3,\"name\":\"buz\u00f3n BTV exterior NANO inox con peque\u00f1o ara\u00f1azo\"}]},{\"@type\":\"WebSite\",\"@id\":\"https:\/\/ferreteriajulia.com\/tienda\/#website\",\"url\":\"https:\/\/ferreteriajulia.com\/tienda\/\",\"name\":\"Ferreter\u00eda Juli\u00e0\",\"description\":\"Ferreter\u00eda generalista, material para intalaciones y reparaciones.\",\"publisher\":{\"@id\":\"https:\/\/ferreteriajulia.com\/tienda\/#organization\"},\"potentialAction\":[{\"@type\":\"SearchAction\",\"target\":{\"@type\":\"EntryPoint\",\"urlTemplate\":\"https:\/\/ferreteriajulia.com\/tienda\/?s={search_term_string}\"},\"query-input\":{\"@type\":\"PropertyValueSpecification\",\"valueRequired\":true,\"valueName\":\"search_term_string\"}}],\"inLanguage\":\"es\"},{\"@type\":\"Organization\",\"@id\":\"https:\/\/ferreteriajulia.com\/tienda\/#organization\",\"name\":\"Ferreter\u00eda Juli\u00e0\",\"url\":\"https:\/\/ferreteriajulia.com\/tienda\/\",\"logo\":{\"@type\":\"ImageObject\",\"inLanguage\":\"es\",\"@id\":\"https:\/\/ferreteriajulia.com\/tienda\/#\/schema\/logo\/image\/\",\"url\":\"https:\/\/ferreteriajulia.com\/tienda\/wp-content\/uploads\/2023\/04\/LOGO_Ferreteria_Julia_HD-e1680625558319.png\",\"contentUrl\":\"https:\/\/ferreteriajulia.com\/tienda\/wp-content\/uploads\/2023\/04\/LOGO_Ferreteria_Julia_HD-e1680625558319.png\",\"width\":240,\"height\":89,\"caption\":\"Ferreter\u00eda Juli\u00e0\"},\"image\":{\"@id\":\"https:\/\/ferreteriajulia.com\/tienda\/#\/schema\/logo\/image\/\"}}]}<\/script>\n<!-- \/ Yoast SEO plugin. -->","yoast_head_json":{"title":"buz\u00f3n BTV exterior NANO inox con peque\u00f1o ara\u00f1azo - Ferreter\u00eda Juli\u00e0","description":"buz\u00f3n BTV exterior NANO inox con peque\u00f1o ara\u00f1azo - Ferreter\u00eda Juli\u00e0 - Ferreter\u00eda Barcelona - 933 59 84 12 - info@ferreteriajulia.com - Gran variedad de productos","robots":{"index":"index","follow":"follow","max-snippet":"max-snippet:-1","max-image-preview":"max-image-preview:large","max-video-preview":"max-video-preview:-1"},"canonical":"http:\/\/ferreteriajulia.com\/tienda\/producto\/buzon-btv-exterior-nano-inox\/","og_locale":"es_ES","og_type":"article","og_title":"buz\u00f3n BTV exterior NANO inox con peque\u00f1o ara\u00f1azo - Ferreter\u00eda Juli\u00e0","og_description":"buz\u00f3n BTV exterior NANO inox con peque\u00f1o ara\u00f1azo - Ferreter\u00eda Juli\u00e0 - Ferreter\u00eda Barcelona - 933 59 84 12 - info@ferreteriajulia.com - Gran variedad de productos","og_url":"http:\/\/ferreteriajulia.com\/tienda\/producto\/buzon-btv-exterior-nano-inox\/","og_site_name":"Ferreter\u00eda Juli\u00e0","article_modified_time":"2025-10-15T13:46:59+00:00","og_image":[{"width":369,"height":270,"url":"http:\/\/ferreteriajulia.com\/tienda\/wp-content\/uploads\/2018\/03\/buz\u00f3n-BTV-nano-inox-exterior.jpg","type":"image\/jpeg"}],"twitter_card":"summary_large_image","twitter_misc":{"Tiempo de lectura":"1 minuto"},"schema":{"@context":"https:\/\/schema.org","@graph":[{"@type":"WebPage","@id":"http:\/\/ferreteriajulia.com\/tienda\/producto\/buzon-btv-exterior-nano-inox\/","url":"http:\/\/ferreteriajulia.com\/tienda\/producto\/buzon-btv-exterior-nano-inox\/","name":"buz\u00f3n BTV exterior NANO inox con peque\u00f1o ara\u00f1azo - Ferreter\u00eda Juli\u00e0","isPartOf":{"@id":"https:\/\/ferreteriajulia.com\/tienda\/#website"},"primaryImageOfPage":{"@id":"http:\/\/ferreteriajulia.com\/tienda\/producto\/buzon-btv-exterior-nano-inox\/#primaryimage"},"image":{"@id":"http:\/\/ferreteriajulia.com\/tienda\/producto\/buzon-btv-exterior-nano-inox\/#primaryimage"},"thumbnailUrl":"https:\/\/ferreteriajulia.com\/tienda\/wp-content\/uploads\/2018\/03\/buz\u00f3n-BTV-nano-inox-exterior.jpg","datePublished":"2025-10-15T13:44:43+00:00","dateModified":"2025-10-15T13:46:59+00:00","description":"buz\u00f3n BTV exterior NANO inox con peque\u00f1o ara\u00f1azo - Ferreter\u00eda Juli\u00e0 - Ferreter\u00eda Barcelona - 933 59 84 12 - info@ferreteriajulia.com - Gran variedad de productos","breadcrumb":{"@id":"http:\/\/ferreteriajulia.com\/tienda\/producto\/buzon-btv-exterior-nano-inox\/#breadcrumb"},"inLanguage":"es","potentialAction":[{"@type":"ReadAction","target":["http:\/\/ferreteriajulia.com\/tienda\/producto\/buzon-btv-exterior-nano-inox\/"]}]},{"@type":"ImageObject","inLanguage":"es","@id":"http:\/\/ferreteriajulia.com\/tienda\/producto\/buzon-btv-exterior-nano-inox\/#primaryimage","url":"https:\/\/ferreteriajulia.com\/tienda\/wp-content\/uploads\/2018\/03\/buz\u00f3n-BTV-nano-inox-exterior.jpg","contentUrl":"https:\/\/ferreteriajulia.com\/tienda\/wp-content\/uploads\/2018\/03\/buz\u00f3n-BTV-nano-inox-exterior.jpg","width":369,"height":270,"caption":"buz\u00f3n BTV exterior NANO inox"},{"@type":"BreadcrumbList","@id":"http:\/\/ferreteriajulia.com\/tienda\/producto\/buzon-btv-exterior-nano-inox\/#breadcrumb","itemListElement":[{"@type":"ListItem","position":1,"name":"Portada","item":"https:\/\/ferreteriajulia.com\/tienda\/"},{"@type":"ListItem","position":2,"name":"Tienda online","item":"https:\/\/ferreteriajulia.com\/tienda\/shop\/"},{"@type":"ListItem","position":3,"name":"buz\u00f3n BTV exterior NANO inox con peque\u00f1o ara\u00f1azo"}]},{"@type":"WebSite","@id":"https:\/\/ferreteriajulia.com\/tienda\/#website","url":"https:\/\/ferreteriajulia.com\/tienda\/","name":"Ferreter\u00eda Juli\u00e0","description":"Ferreter\u00eda generalista, material para intalaciones y reparaciones.","publisher":{"@id":"https:\/\/ferreteriajulia.com\/tienda\/#organization"},"potentialAction":[{"@type":"SearchAction","target":{"@type":"EntryPoint","urlTemplate":"https:\/\/ferreteriajulia.com\/tienda\/?s={search_term_string}"},"query-input":{"@type":"PropertyValueSpecification","valueRequired":true,"valueName":"search_term_string"}}],"inLanguage":"es"},{"@type":"Organization","@id":"https:\/\/ferreteriajulia.com\/tienda\/#organization","name":"Ferreter\u00eda Juli\u00e0","url":"https:\/\/ferreteriajulia.com\/tienda\/","logo":{"@type":"ImageObject","inLanguage":"es","@id":"https:\/\/ferreteriajulia.com\/tienda\/#\/schema\/logo\/image\/","url":"https:\/\/ferreteriajulia.com\/tienda\/wp-content\/uploads\/2023\/04\/LOGO_Ferreteria_Julia_HD-e1680625558319.png","contentUrl":"https:\/\/ferreteriajulia.com\/tienda\/wp-content\/uploads\/2023\/04\/LOGO_Ferreteria_Julia_HD-e1680625558319.png","width":240,"height":89,"caption":"Ferreter\u00eda Juli\u00e0"},"image":{"@id":"https:\/\/ferreteriajulia.com\/tienda\/#\/schema\/logo\/image\/"}}]}},"_links":{"self":[{"href":"https:\/\/ferreteriajulia.com\/tienda\/wp-json\/wp\/v2\/product\/21999","targetHints":{"allow":["GET"]}}],"collection":[{"href":"https:\/\/ferreteriajulia.com\/tienda\/wp-json\/wp\/v2\/product"}],"about":[{"href":"https:\/\/ferreteriajulia.com\/tienda\/wp-json\/wp\/v2\/types\/product"}],"wp:featuredmedia":[{"embeddable":true,"href":"https:\/\/ferreteriajulia.com\/tienda\/wp-json\/wp\/v2\/media\/10142"}],"wp:attachment":[{"href":"https:\/\/ferreteriajulia.com\/tienda\/wp-json\/wp\/v2\/media?parent=21999"}],"wp:term":[{"taxonomy":"product_brand","embeddable":true,"href":"https:\/\/ferreteriajulia.com\/tienda\/wp-json\/wp\/v2\/product_brand?post=21999"},{"taxonomy":"product_cat","embeddable":true,"href":"https:\/\/ferreteriajulia.com\/tienda\/wp-json\/wp\/v2\/product_cat?post=21999"},{"taxonomy":"product_tag","embeddable":true,"href":"https:\/\/ferreteriajulia.com\/tienda\/wp-json\/wp\/v2\/product_tag?post=21999"}],"curies":[{"name":"wp","href":"https:\/\/api.w.org\/{rel}","templated":true}]}}