{"id":23126,"date":"2026-03-17T16:00:15","date_gmt":"2026-03-17T15:00:15","guid":{"rendered":"https:\/\/ferreteriajulia.com\/tienda\/?post_type=product&#038;p=23126"},"modified":"2026-05-13T16:28:37","modified_gmt":"2026-05-13T14:28:37","slug":"interruptor-diferencial-2p-a-40a-30ma","status":"publish","type":"product","link":"https:\/\/ferreteriajulia.com\/tienda\/producto\/interruptor-diferencial-2p-a-40a-30ma\/","title":{"rendered":"interruptor diferencial 2p A 40A 30mA"},"content":{"rendered":"<p>interruptor diferencial 2p A 40A 30mA<\/p>\n<p>EFAPEL MODUS 55 55640 2BA, para combinar con toda la gama de magnetot\u00e9rmicos <a href=\"https:\/\/ferreteriajulia.com\/tienda\/categoria-producto\/efapel\/efapel-modus-55\/efapel-magnetotermicos-modus-55\/\">MODUS 55<\/a> de Efapel y los <a href=\"https:\/\/ferreteriajulia.com\/tienda\/categoria-producto\/efapel\/efapel-cuadros-electricos-empotrar\/\">cuadros el\u00e9ctricos.<\/a><\/p>\n<p>*** la referencia que sale en la imagen puede NO corresponder con la del art\u00edculo***<\/p>\n<h3>Funcionamiento del interruptor diferencial 2p A 40A 30mA<\/h3>\n<p>Funcionamiento como diferencial.<br \/>\nIndicaci\u00f3n de la posici\u00f3n del contacto.<br \/>\nCapacidad para disipar r\u00e1pidamente la energ\u00eda almacenada durante el corte.<br \/>\nAlta resistencia a la corriente de cortocircuito.<\/p>\n<h3><img loading=\"lazy\" decoding=\"async\" class=\"alignnone wp-image-22162\" src=\"http:\/\/ferreteriajulia.com\/tienda\/wp-content\/uploads\/2014\/09\/esquema-diferencial-Efapel-55640-2bc.png\" alt=\"\" width=\"194\" height=\"186\" srcset=\"https:\/\/ferreteriajulia.com\/tienda\/wp-content\/uploads\/2014\/09\/esquema-diferencial-Efapel-55640-2bc.png 325w, https:\/\/ferreteriajulia.com\/tienda\/wp-content\/uploads\/2014\/09\/esquema-diferencial-Efapel-55640-2bc-300x287.png 300w\" sizes=\"auto, (max-width: 194px) 100vw, 194px\" \/><\/h3>\n<h3>Caracter\u00edsticas:<\/h3>\n<p>Caracter\u00edsticas Funcionamiento<br \/>\nN\u00famero de polos: 2p<br \/>\nTensi\u00f3n: 240\/415 V<br \/>\nCalibre (A): 40A<\/p>\n<h3><strong>Clase: A<\/strong><\/h3>\n<p>Sensibilidad (I n): 30mA<br \/>\nPoder de corte (Icn): 10 kA<br \/>\nFrecuencia: 50\/60 Hz<br \/>\nCorriente de no funcionamiento: 0,5 I n<br \/>\nCorriente de funcionamiento: 0,5 n a I n<br \/>\nTiempo de disparo: &lt;0,1 segundos<br \/>\nVida \u00fatil electromecanica: &gt;4000 ciclos<br \/>\nConexi\u00f3n por Puente de Conexi\u00f3n en \u201cU\u201d<br \/>\nConexi\u00f3n por Puente de Conexi\u00f3n Recto<br \/>\nCapacidad de conexi\u00f3n de conductores: 25 mm2<br \/>\nAltura conexi\u00f3n: 19 mm<br \/>\nM\u00e1xima capacidad de conexi\u00f3n: 2,0 Nm<br \/>\nTemperatura ambiente de instalaci\u00f3n: -5 \u00b0C a +40 \u00b0C (la temperatura media no debe exceder los 35 \u00baC)<br \/>\nLa humedad no debe exceder los 50 % a 40 \u00b0C o los 90 % a 25 \u00b0C.<br \/>\nEl equipo debe instalarse verticalmente en un lugar donde no haya impactos ni vibraciones fuertes.<\/p>\n<p><a href=\"http:\/\/ferreteriajulia.com\/tienda\/wp-content\/uploads\/2025\/10\/FICHA-TECNICA-INTERRUPTORES-DIFERENCIALES-EFAPEL-MODUS-55.pdf\">FICHA T\u00c9CNICA INTERRUPTORES DIFERENCIALES EFAPEL MODUS 55<\/a><\/p>\n<p>&nbsp;<\/p>\n<blockquote class=\"wp-embedded-content\" data-secret=\"UMGE3haf0Q\"><p><a href=\"https:\/\/ferreteriajulia.com\/tienda\/producto\/puente-u-dos-polos-modus-55\/\">puente U dos polos MODUS 55<\/a><\/p><\/blockquote>\n<p><iframe loading=\"lazy\" class=\"wp-embedded-content\" sandbox=\"allow-scripts\" security=\"restricted\" style=\"position: absolute; visibility: hidden;\" title=\"\u00abpuente U dos polos MODUS 55\u00bb \u2014 Ferreter\u00eda Juli\u00e0\" src=\"https:\/\/ferreteriajulia.com\/tienda\/producto\/puente-u-dos-polos-modus-55\/embed\/#?secret=x3l9ojE5wS#?secret=UMGE3haf0Q\" data-secret=\"UMGE3haf0Q\" width=\"600\" height=\"338\" frameborder=\"0\" marginwidth=\"0\" marginheight=\"0\" scrolling=\"no\"><\/iframe><\/p>\n","protected":false},"excerpt":{"rendered":"<p>interruptor diferencial 2p A 40A 30mA<\/p>\n","protected":false},"featured_media":22163,"template":"","meta":{"_monsterinsights_skip_tracking":false,"_monsterinsights_sitenote_active":false,"_monsterinsights_sitenote_note":"","_monsterinsights_sitenote_category":0},"product_brand":[258],"product_cat":[799],"product_tag":[],"class_list":{"0":"post-23126","1":"product","2":"type-product","3":"status-publish","4":"has-post-thumbnail","6":"product_brand-258","7":"product_cat-efapel-modus-55-diferenciales","9":"first","10":"instock","11":"sale","12":"taxable","13":"shipping-taxable","14":"purchasable","15":"product-type-simple"},"yoast_head":"<!-- This site is optimized with the Yoast SEO plugin v27.4 - https:\/\/yoast.com\/product\/yoast-seo-wordpress\/ -->\n<title>interruptor diferencial 2p A 40A 30mA - Ferreter\u00eda Juli\u00e0<\/title>\n<meta name=\"description\" content=\"interruptor diferencial 2p A 40A 30mA - Ferreter\u00eda Juli\u00e0 - Ferreter\u00eda en Barcelona - 933 59 84 12 - info@ferreteriajulia.com - Gran variedad de productos\" \/>\n<meta name=\"robots\" content=\"index, follow, max-snippet:-1, max-image-preview:large, max-video-preview:-1\" \/>\n<link rel=\"canonical\" href=\"https:\/\/ferreteriajulia.com\/tienda\/producto\/interruptor-diferencial-2p-a-40a-30ma\/\" \/>\n<meta property=\"og:locale\" content=\"es_ES\" \/>\n<meta property=\"og:type\" content=\"article\" \/>\n<meta property=\"og:title\" content=\"interruptor diferencial 2p A 40A 30mA - Ferreter\u00eda Juli\u00e0\" \/>\n<meta property=\"og:description\" content=\"interruptor diferencial 2p A 40A 30mA - Ferreter\u00eda Juli\u00e0 - Ferreter\u00eda en Barcelona - 933 59 84 12 - info@ferreteriajulia.com - Gran variedad de productos\" \/>\n<meta property=\"og:url\" content=\"https:\/\/ferreteriajulia.com\/tienda\/producto\/interruptor-diferencial-2p-a-40a-30ma\/\" \/>\n<meta property=\"og:site_name\" content=\"Ferreter\u00eda Juli\u00e0\" \/>\n<meta property=\"article:modified_time\" content=\"2026-05-13T14:28:37+00:00\" \/>\n<meta property=\"og:image\" content=\"https:\/\/ferreteriajulia.com\/tienda\/wp-content\/uploads\/2014\/09\/interruptor-diferencial-Efapel-55640-55630-55663-2bc.png\" \/>\n\t<meta property=\"og:image:width\" content=\"499\" \/>\n\t<meta property=\"og:image:height\" content=\"484\" \/>\n\t<meta property=\"og:image:type\" content=\"image\/png\" \/>\n<meta name=\"twitter:card\" content=\"summary_large_image\" \/>\n<meta name=\"twitter:label1\" content=\"Tiempo de lectura\" \/>\n\t<meta name=\"twitter:data1\" content=\"2 minutos\" \/>\n<script type=\"application\/ld+json\" class=\"yoast-schema-graph\">{\"@context\":\"https:\\\/\\\/schema.org\",\"@graph\":[{\"@type\":\"WebPage\",\"@id\":\"https:\\\/\\\/ferreteriajulia.com\\\/tienda\\\/producto\\\/interruptor-diferencial-2p-a-40a-30ma\\\/\",\"url\":\"https:\\\/\\\/ferreteriajulia.com\\\/tienda\\\/producto\\\/interruptor-diferencial-2p-a-40a-30ma\\\/\",\"name\":\"interruptor diferencial 2p A 40A 30mA - Ferreter\u00eda Juli\u00e0\",\"isPartOf\":{\"@id\":\"http:\\\/\\\/ferreteriajulia.com\\\/tienda\\\/#website\"},\"primaryImageOfPage\":{\"@id\":\"https:\\\/\\\/ferreteriajulia.com\\\/tienda\\\/producto\\\/interruptor-diferencial-2p-a-40a-30ma\\\/#primaryimage\"},\"image\":{\"@id\":\"https:\\\/\\\/ferreteriajulia.com\\\/tienda\\\/producto\\\/interruptor-diferencial-2p-a-40a-30ma\\\/#primaryimage\"},\"thumbnailUrl\":\"https:\\\/\\\/ferreteriajulia.com\\\/tienda\\\/wp-content\\\/uploads\\\/2014\\\/09\\\/interruptor-diferencial-Efapel-55640-55630-55663-2bc.png\",\"datePublished\":\"2026-03-17T15:00:15+00:00\",\"dateModified\":\"2026-05-13T14:28:37+00:00\",\"description\":\"interruptor diferencial 2p A 40A 30mA - Ferreter\u00eda Juli\u00e0 - Ferreter\u00eda en Barcelona - 933 59 84 12 - info@ferreteriajulia.com - Gran variedad de productos\",\"breadcrumb\":{\"@id\":\"https:\\\/\\\/ferreteriajulia.com\\\/tienda\\\/producto\\\/interruptor-diferencial-2p-a-40a-30ma\\\/#breadcrumb\"},\"inLanguage\":\"es\",\"potentialAction\":[{\"@type\":\"ReadAction\",\"target\":[\"https:\\\/\\\/ferreteriajulia.com\\\/tienda\\\/producto\\\/interruptor-diferencial-2p-a-40a-30ma\\\/\"]}]},{\"@type\":\"ImageObject\",\"inLanguage\":\"es\",\"@id\":\"https:\\\/\\\/ferreteriajulia.com\\\/tienda\\\/producto\\\/interruptor-diferencial-2p-a-40a-30ma\\\/#primaryimage\",\"url\":\"https:\\\/\\\/ferreteriajulia.com\\\/tienda\\\/wp-content\\\/uploads\\\/2014\\\/09\\\/interruptor-diferencial-Efapel-55640-55630-55663-2bc.png\",\"contentUrl\":\"https:\\\/\\\/ferreteriajulia.com\\\/tienda\\\/wp-content\\\/uploads\\\/2014\\\/09\\\/interruptor-diferencial-Efapel-55640-55630-55663-2bc.png\",\"width\":499,\"height\":484},{\"@type\":\"BreadcrumbList\",\"@id\":\"https:\\\/\\\/ferreteriajulia.com\\\/tienda\\\/producto\\\/interruptor-diferencial-2p-a-40a-30ma\\\/#breadcrumb\",\"itemListElement\":[{\"@type\":\"ListItem\",\"position\":1,\"name\":\"Portada\",\"item\":\"http:\\\/\\\/ferreteriajulia.com\\\/tienda\\\/\"},{\"@type\":\"ListItem\",\"position\":2,\"name\":\"Tienda online\",\"item\":\"http:\\\/\\\/ferreteriajulia.com\\\/tienda\\\/shop\\\/\"},{\"@type\":\"ListItem\",\"position\":3,\"name\":\"interruptor diferencial 2p A 40A 30mA\"}]},{\"@type\":\"WebSite\",\"@id\":\"http:\\\/\\\/ferreteriajulia.com\\\/tienda\\\/#website\",\"url\":\"http:\\\/\\\/ferreteriajulia.com\\\/tienda\\\/\",\"name\":\"Ferreter\u00eda Juli\u00e0\",\"description\":\"Ferreter\u00eda generalista, material para intalaciones y reparaciones.\",\"publisher\":{\"@id\":\"http:\\\/\\\/ferreteriajulia.com\\\/tienda\\\/#organization\"},\"potentialAction\":[{\"@type\":\"SearchAction\",\"target\":{\"@type\":\"EntryPoint\",\"urlTemplate\":\"http:\\\/\\\/ferreteriajulia.com\\\/tienda\\\/?s={search_term_string}\"},\"query-input\":{\"@type\":\"PropertyValueSpecification\",\"valueRequired\":true,\"valueName\":\"search_term_string\"}}],\"inLanguage\":\"es\"},{\"@type\":\"Organization\",\"@id\":\"http:\\\/\\\/ferreteriajulia.com\\\/tienda\\\/#organization\",\"name\":\"Ferreter\u00eda Juli\u00e0\",\"url\":\"http:\\\/\\\/ferreteriajulia.com\\\/tienda\\\/\",\"logo\":{\"@type\":\"ImageObject\",\"inLanguage\":\"es\",\"@id\":\"http:\\\/\\\/ferreteriajulia.com\\\/tienda\\\/#\\\/schema\\\/logo\\\/image\\\/\",\"url\":\"https:\\\/\\\/ferreteriajulia.com\\\/tienda\\\/wp-content\\\/uploads\\\/2023\\\/04\\\/LOGO_Ferreteria_Julia_HD-e1680625558319.png\",\"contentUrl\":\"https:\\\/\\\/ferreteriajulia.com\\\/tienda\\\/wp-content\\\/uploads\\\/2023\\\/04\\\/LOGO_Ferreteria_Julia_HD-e1680625558319.png\",\"width\":240,\"height\":89,\"caption\":\"Ferreter\u00eda Juli\u00e0\"},\"image\":{\"@id\":\"http:\\\/\\\/ferreteriajulia.com\\\/tienda\\\/#\\\/schema\\\/logo\\\/image\\\/\"}}]}<\/script>\n<!-- \/ Yoast SEO plugin. -->","yoast_head_json":{"title":"interruptor diferencial 2p A 40A 30mA - Ferreter\u00eda Juli\u00e0","description":"interruptor diferencial 2p A 40A 30mA - Ferreter\u00eda Juli\u00e0 - Ferreter\u00eda en Barcelona - 933 59 84 12 - info@ferreteriajulia.com - Gran variedad de productos","robots":{"index":"index","follow":"follow","max-snippet":"max-snippet:-1","max-image-preview":"max-image-preview:large","max-video-preview":"max-video-preview:-1"},"canonical":"https:\/\/ferreteriajulia.com\/tienda\/producto\/interruptor-diferencial-2p-a-40a-30ma\/","og_locale":"es_ES","og_type":"article","og_title":"interruptor diferencial 2p A 40A 30mA - Ferreter\u00eda Juli\u00e0","og_description":"interruptor diferencial 2p A 40A 30mA - Ferreter\u00eda Juli\u00e0 - Ferreter\u00eda en Barcelona - 933 59 84 12 - info@ferreteriajulia.com - Gran variedad de productos","og_url":"https:\/\/ferreteriajulia.com\/tienda\/producto\/interruptor-diferencial-2p-a-40a-30ma\/","og_site_name":"Ferreter\u00eda Juli\u00e0","article_modified_time":"2026-05-13T14:28:37+00:00","og_image":[{"width":499,"height":484,"url":"https:\/\/ferreteriajulia.com\/tienda\/wp-content\/uploads\/2014\/09\/interruptor-diferencial-Efapel-55640-55630-55663-2bc.png","type":"image\/png"}],"twitter_card":"summary_large_image","twitter_misc":{"Tiempo de lectura":"2 minutos"},"schema":{"@context":"https:\/\/schema.org","@graph":[{"@type":"WebPage","@id":"https:\/\/ferreteriajulia.com\/tienda\/producto\/interruptor-diferencial-2p-a-40a-30ma\/","url":"https:\/\/ferreteriajulia.com\/tienda\/producto\/interruptor-diferencial-2p-a-40a-30ma\/","name":"interruptor diferencial 2p A 40A 30mA - Ferreter\u00eda Juli\u00e0","isPartOf":{"@id":"http:\/\/ferreteriajulia.com\/tienda\/#website"},"primaryImageOfPage":{"@id":"https:\/\/ferreteriajulia.com\/tienda\/producto\/interruptor-diferencial-2p-a-40a-30ma\/#primaryimage"},"image":{"@id":"https:\/\/ferreteriajulia.com\/tienda\/producto\/interruptor-diferencial-2p-a-40a-30ma\/#primaryimage"},"thumbnailUrl":"https:\/\/ferreteriajulia.com\/tienda\/wp-content\/uploads\/2014\/09\/interruptor-diferencial-Efapel-55640-55630-55663-2bc.png","datePublished":"2026-03-17T15:00:15+00:00","dateModified":"2026-05-13T14:28:37+00:00","description":"interruptor diferencial 2p A 40A 30mA - Ferreter\u00eda Juli\u00e0 - Ferreter\u00eda en Barcelona - 933 59 84 12 - info@ferreteriajulia.com - Gran variedad de productos","breadcrumb":{"@id":"https:\/\/ferreteriajulia.com\/tienda\/producto\/interruptor-diferencial-2p-a-40a-30ma\/#breadcrumb"},"inLanguage":"es","potentialAction":[{"@type":"ReadAction","target":["https:\/\/ferreteriajulia.com\/tienda\/producto\/interruptor-diferencial-2p-a-40a-30ma\/"]}]},{"@type":"ImageObject","inLanguage":"es","@id":"https:\/\/ferreteriajulia.com\/tienda\/producto\/interruptor-diferencial-2p-a-40a-30ma\/#primaryimage","url":"https:\/\/ferreteriajulia.com\/tienda\/wp-content\/uploads\/2014\/09\/interruptor-diferencial-Efapel-55640-55630-55663-2bc.png","contentUrl":"https:\/\/ferreteriajulia.com\/tienda\/wp-content\/uploads\/2014\/09\/interruptor-diferencial-Efapel-55640-55630-55663-2bc.png","width":499,"height":484},{"@type":"BreadcrumbList","@id":"https:\/\/ferreteriajulia.com\/tienda\/producto\/interruptor-diferencial-2p-a-40a-30ma\/#breadcrumb","itemListElement":[{"@type":"ListItem","position":1,"name":"Portada","item":"http:\/\/ferreteriajulia.com\/tienda\/"},{"@type":"ListItem","position":2,"name":"Tienda online","item":"http:\/\/ferreteriajulia.com\/tienda\/shop\/"},{"@type":"ListItem","position":3,"name":"interruptor diferencial 2p A 40A 30mA"}]},{"@type":"WebSite","@id":"http:\/\/ferreteriajulia.com\/tienda\/#website","url":"http:\/\/ferreteriajulia.com\/tienda\/","name":"Ferreter\u00eda Juli\u00e0","description":"Ferreter\u00eda generalista, material para intalaciones y reparaciones.","publisher":{"@id":"http:\/\/ferreteriajulia.com\/tienda\/#organization"},"potentialAction":[{"@type":"SearchAction","target":{"@type":"EntryPoint","urlTemplate":"http:\/\/ferreteriajulia.com\/tienda\/?s={search_term_string}"},"query-input":{"@type":"PropertyValueSpecification","valueRequired":true,"valueName":"search_term_string"}}],"inLanguage":"es"},{"@type":"Organization","@id":"http:\/\/ferreteriajulia.com\/tienda\/#organization","name":"Ferreter\u00eda Juli\u00e0","url":"http:\/\/ferreteriajulia.com\/tienda\/","logo":{"@type":"ImageObject","inLanguage":"es","@id":"http:\/\/ferreteriajulia.com\/tienda\/#\/schema\/logo\/image\/","url":"https:\/\/ferreteriajulia.com\/tienda\/wp-content\/uploads\/2023\/04\/LOGO_Ferreteria_Julia_HD-e1680625558319.png","contentUrl":"https:\/\/ferreteriajulia.com\/tienda\/wp-content\/uploads\/2023\/04\/LOGO_Ferreteria_Julia_HD-e1680625558319.png","width":240,"height":89,"caption":"Ferreter\u00eda Juli\u00e0"},"image":{"@id":"http:\/\/ferreteriajulia.com\/tienda\/#\/schema\/logo\/image\/"}}]}},"_links":{"self":[{"href":"https:\/\/ferreteriajulia.com\/tienda\/wp-json\/wp\/v2\/product\/23126","targetHints":{"allow":["GET"]}}],"collection":[{"href":"https:\/\/ferreteriajulia.com\/tienda\/wp-json\/wp\/v2\/product"}],"about":[{"href":"https:\/\/ferreteriajulia.com\/tienda\/wp-json\/wp\/v2\/types\/product"}],"wp:featuredmedia":[{"embeddable":true,"href":"https:\/\/ferreteriajulia.com\/tienda\/wp-json\/wp\/v2\/media\/22163"}],"wp:attachment":[{"href":"https:\/\/ferreteriajulia.com\/tienda\/wp-json\/wp\/v2\/media?parent=23126"}],"wp:term":[{"taxonomy":"product_brand","embeddable":true,"href":"https:\/\/ferreteriajulia.com\/tienda\/wp-json\/wp\/v2\/product_brand?post=23126"},{"taxonomy":"product_cat","embeddable":true,"href":"https:\/\/ferreteriajulia.com\/tienda\/wp-json\/wp\/v2\/product_cat?post=23126"},{"taxonomy":"product_tag","embeddable":true,"href":"https:\/\/ferreteriajulia.com\/tienda\/wp-json\/wp\/v2\/product_tag?post=23126"}],"curies":[{"name":"wp","href":"https:\/\/api.w.org\/{rel}","templated":true}]}}