{"id":23213,"date":"2026-03-25T09:56:09","date_gmt":"2026-03-25T08:56:09","guid":{"rendered":"https:\/\/ferreteriajulia.com\/tienda\/?post_type=product&#038;p=23213"},"modified":"2026-04-20T17:38:07","modified_gmt":"2026-04-20T15:38:07","slug":"pack-electrificacion-basica-vivienda-efapel","status":"publish","type":"product","link":"https:\/\/ferreteriajulia.com\/tienda\/producto\/pack-electrificacion-basica-vivienda-efapel\/","title":{"rendered":"PACK ELECTRIFICACI\u00d3N B\u00c1SICA VIVIENDA EFAPEL"},"content":{"rendered":"<p>&nbsp;<\/p>\n<p>PACK ELECTRIFICACI\u00d3N B\u00c1SICA VIVIENDA EFAPEL<\/p>\n<h3>Composici\u00f3n:<\/h3>\n<p><strong>Una unidad<\/strong> Interruptor usado como IGA de 2P 25A (<a href=\"https:\/\/ferreteriajulia.com\/tienda\/producto\/disyuntor-mt-2p-6ka-c-25a\/\">magnetot\u00e9rmico disyuntor MT 2 polo 6kA<\/a>)<\/p>\n<p><strong>1<\/strong> interruptor <a href=\"https:\/\/ferreteriajulia.com\/tienda\/producto\/interruptor-diferencial-2p-ac-40a-30ma\/\">diferencial 2P 40A 30mA,<\/a><\/p>\n<p><strong>1<\/strong> magnetot\u00e9rmico <a href=\"https:\/\/ferreteriajulia.com\/tienda\/producto\/disyuntor-mt-2p-6ka-c-10a\/\">disyuntor MT 2 polo 6kA <strong>10A<\/strong><\/a><\/p>\n<p><strong>5<\/strong> magnetot\u00e9rmico <a href=\"https:\/\/ferreteriajulia.com\/tienda\/producto\/disyuntor-mt-2p-6ka-c-16a\/\">disyuntor MT 2 polo 6kA <strong>16A<\/strong><\/a><\/p>\n<p><strong>1<\/strong> magnetot\u00e9rmico <a href=\"https:\/\/ferreteriajulia.com\/tienda\/producto\/disyuntor-mt-2p-6ka-c-25a\/\">disyuntor MT 2 polo 6kA <strong>25A<\/strong><\/a><\/p>\n<p>Este pack NO LLEVA <a href=\"https:\/\/ferreteriajulia.com\/tienda\/?s=sobretensiones&amp;post_type=product\">SOBRETENSIONES<\/a><\/p>\n<p><span style=\"color: #00aae7;\"><strong>todos los magnetot\u00e9rmicos de este pack son de 2p<\/strong><\/span> :\u00a0 \u00a0<img loading=\"lazy\" decoding=\"async\" class=\"show-on-hover absolute fill hide-for-small back-image\" src=\"https:\/\/ferreteriajulia.com\/tienda\/wp-content\/uploads\/2023\/04\/esquema-disyuntor-magnetotermico-efapel-6kA-247x296.png\" alt=\"Alternative view of disyuntor mt - 2p - 6ka - c - 10A\" width=\"120\" height=\"144\" aria-hidden=\"true\" \/><\/p>\n<p><span style=\"color: #ed1c24;\"><strong>** PROMOCION \/ OFERTA EFAPEL**<\/strong><\/span><\/p>\n<p><strong><span style=\"color: #ff0000;\">**LA COMPRA DEL PACK IMPLICA LA NO DEVOLUCI\u00d3N PARCIAL DEL MISMO**<\/span><\/strong><\/p>\n<h3><strong>Funcionamiento de interruptor diferencial 2p 40A 30mA<\/strong><\/h3>\n<p><img loading=\"lazy\" decoding=\"async\" class=\"alignnone wp-image-22163\" src=\"http:\/\/ferreteriajulia.com\/tienda\/wp-content\/uploads\/2014\/09\/interruptor-diferencial-Efapel-55640-55630-55663-2bc.png\" alt=\"\" width=\"149\" height=\"144\" srcset=\"https:\/\/ferreteriajulia.com\/tienda\/wp-content\/uploads\/2014\/09\/interruptor-diferencial-Efapel-55640-55630-55663-2bc.png 499w, https:\/\/ferreteriajulia.com\/tienda\/wp-content\/uploads\/2014\/09\/interruptor-diferencial-Efapel-55640-55630-55663-2bc-300x291.png 300w\" sizes=\"auto, (max-width: 149px) 100vw, 149px\" \/><\/p>\n<p>Indicaci\u00f3n de la posici\u00f3n del contacto.<br \/>\nCapacidad para disipar r\u00e1pidamente la energ\u00eda almacenada durante el corte.<br \/>\nAlta resistencia a la corriente de cortocircuito.<\/p>\n<h3>Caracter\u00edsticas<\/h3>\n<p>N\u00famero de polos: 2 polo<br \/>\nTensi\u00f3n: 240\/415 V<br \/>\nCalibre (A):\u00a0 40A<br \/>\nClase: <strong>AC<\/strong><br \/>\nSensibilidad (I n): 30mA<\/p>\n<h3><strong>Funcionamiento disyuntores magnetotermicos MT 2 polo 6kA (IGA y resto del pack) <img loading=\"lazy\" decoding=\"async\" class=\"alignnone wp-image-22179\" src=\"http:\/\/ferreteriajulia.com\/tienda\/wp-content\/uploads\/2023\/04\/magnetotermico-disyuntor-6kA-2-polo-Efapel.png\" alt=\"\" width=\"179\" height=\"176\" srcset=\"https:\/\/ferreteriajulia.com\/tienda\/wp-content\/uploads\/2023\/04\/magnetotermico-disyuntor-6kA-2-polo-Efapel.png 632w, https:\/\/ferreteriajulia.com\/tienda\/wp-content\/uploads\/2023\/04\/magnetotermico-disyuntor-6kA-2-polo-Efapel-300x294.png 300w, https:\/\/ferreteriajulia.com\/tienda\/wp-content\/uploads\/2023\/04\/magnetotermico-disyuntor-6kA-2-polo-Efapel-510x500.png 510w\" sizes=\"auto, (max-width: 179px) 100vw, 179px\" \/><\/strong><\/h3>\n<p>Indicaci\u00f3n de la posici\u00f3n del contacto.<br \/>\nCapacidad para disipar r\u00e1pidamente la energ\u00eda almacenada durante el corte.<br \/>\nAlta resistencia a la corriente de cortocircuito.<\/p>\n<h3>Caracter\u00edsticas<\/h3>\n<p><img loading=\"lazy\" decoding=\"async\" class=\"alignnone wp-image-22175\" src=\"http:\/\/ferreteriajulia.com\/tienda\/wp-content\/uploads\/2023\/04\/esquema-disyuntor-magnetotermico-efapel-6kA.png\" sizes=\"auto, (max-width: 288px) 100vw, 288px\" srcset=\"https:\/\/ferreteriajulia.com\/tienda\/wp-content\/uploads\/2023\/04\/esquema-disyuntor-magnetotermico-efapel-6kA.png 519w, https:\/\/ferreteriajulia.com\/tienda\/wp-content\/uploads\/2023\/04\/esquema-disyuntor-magnetotermico-efapel-6kA-300x207.png 300w, https:\/\/ferreteriajulia.com\/tienda\/wp-content\/uploads\/2023\/04\/esquema-disyuntor-magnetotermico-efapel-6kA-510x352.png 510w\" alt=\"\" width=\"288\" height=\"199\" \/><\/p>\n<p>N\u00famero de polos:\u00a0 2<br \/>\nTensi\u00f3n: 230\/400 V<br \/>\nCalibre: 10A &#8211; 16A &#8211; 25A<br \/>\nCurvas de disparo:C<\/p>\n<p>Poder de corte (Icn):\u00a0 6 kA<br \/>\nFrecuencia: 50\/60 Hz<br \/>\nClase de energ\u00eda: 3<br \/>\nPulso de tensi\u00f3n m\u00e1ximo: 6,2 KV<br \/>\nVida \u00fatil mec\u00e1nica: &gt;20000 ciclos<br \/>\nVida \u00fatil el\u00e9ctrica: &gt;8000 ciclos<br \/>\nConexi\u00f3n por Puente de Conexi\u00f3n en \u201cU\u201d<br \/>\nConexi\u00f3n por Puente de Conexi\u00f3n Recto<br \/>\nCapacidad de conexi\u00f3n de conductores: 25 mm2<br \/>\nAltura conexi\u00f3n: 19 mm<br \/>\nM\u00e1xima capacidad de conexi\u00f3n: 2,0 Nm<br \/>\nTemperatura ambiente de instalaci\u00f3n: -5 \u00b0C a +40 \u00b0C (la temperatura<br \/>\nmedia no debe exceder los 35 \u00baC)<br \/>\nLa humedad no debe exceder los 50 % a 40 \u00b0C o los 90 % a 25 \u00b0C.<br \/>\nEl equipo debe instalarse verticalmente en un lugar donde no haya impactos ni vibraciones fuertes.<\/p>\n<p>&nbsp;<\/p>\n<p><a href=\"http:\/\/ferreteriajulia.com\/tienda\/wp-content\/uploads\/2025\/10\/FICHA-TECNICA-INTERRUPTORES-DIFERENCIALES-EFAPEL-MODUS-55.pdf\">FICHA T\u00c9CNICA INTERRUPTORES DIFERENCIALES EFAPEL MODUS 55<\/a><\/p>\n<p><a href=\"http:\/\/ferreteriajulia.com\/tienda\/wp-content\/uploads\/2023\/04\/FICHA-TECNICA-INTERRUPTORES-MAGNETOTERMICOS-EFAPEL.pdf\">FICHA T\u00c9CNICA INTERRUPTORES MAGNETOT\u00c9RMICOS EFAPEL<\/a><\/p>\n<p>Ideal para hacer los puentes:<\/p>\n<blockquote class=\"wp-embedded-content\" data-secret=\"1Fm2qO21wF\"><p><a href=\"https:\/\/ferreteriajulia.com\/tienda\/producto\/puente-u-dos-polos-modus-55\/\">puente U dos polos MODUS 55<\/a><\/p><\/blockquote>\n<p><iframe loading=\"lazy\" class=\"wp-embedded-content\" sandbox=\"allow-scripts\" security=\"restricted\" style=\"position: absolute; visibility: hidden;\" title=\"\u00abpuente U dos polos MODUS 55\u00bb \u2014 Ferreter\u00eda Juli\u00e0\" src=\"https:\/\/ferreteriajulia.com\/tienda\/producto\/puente-u-dos-polos-modus-55\/embed\/#?secret=Qwy6QXTYwi#?secret=1Fm2qO21wF\" data-secret=\"1Fm2qO21wF\" width=\"600\" height=\"338\" frameborder=\"0\" marginwidth=\"0\" marginheight=\"0\" scrolling=\"no\"><\/iframe><\/p>\n<blockquote class=\"wp-embedded-content\" data-secret=\"ETQftG24Tv\"><p><a href=\"https:\/\/ferreteriajulia.com\/tienda\/producto\/etiqueta-personalizada-cuadro-electrico-2-polos-bl-neg-35x15mm-adh\/\">etiqueta PERSONALIZADA cuadro el\u00e9ctrico 2 polos BL\/neg 35x15mm ADH<\/a><\/p><\/blockquote>\n<p><iframe loading=\"lazy\" class=\"wp-embedded-content\" sandbox=\"allow-scripts\" security=\"restricted\" style=\"position: absolute; visibility: hidden;\" title=\"\u00abetiqueta PERSONALIZADA cuadro el\u00e9ctrico 2 polos BL\/neg 35x15mm ADH\u00bb \u2014 Ferreter\u00eda Juli\u00e0\" src=\"https:\/\/ferreteriajulia.com\/tienda\/producto\/etiqueta-personalizada-cuadro-electrico-2-polos-bl-neg-35x15mm-adh\/embed\/#?secret=5j9iTJfE1c#?secret=ETQftG24Tv\" data-secret=\"ETQftG24Tv\" width=\"600\" height=\"338\" frameborder=\"0\" marginwidth=\"0\" marginheight=\"0\" scrolling=\"no\"><\/iframe><\/p>\n<p>&nbsp;<\/p>\n","protected":false},"excerpt":{"rendered":"<p>PACK ELECTRIFICACI\u00d3N B\u00c1SICA VIVIENDA EFAPEL<\/p>\n","protected":false},"featured_media":23216,"template":"","meta":{"_monsterinsights_skip_tracking":false,"_monsterinsights_sitenote_active":false,"_monsterinsights_sitenote_note":"","_monsterinsights_sitenote_category":0},"product_brand":[],"product_cat":[742],"product_tag":[],"class_list":{"0":"post-23213","1":"product","2":"type-product","3":"status-publish","4":"has-post-thumbnail","6":"product_cat-promociones-efapel","8":"first","9":"instock","10":"featured","11":"taxable","12":"shipping-taxable","13":"purchasable","14":"product-type-simple"},"yoast_head":"<!-- This site is optimized with the Yoast SEO plugin v27.4 - https:\/\/yoast.com\/product\/yoast-seo-wordpress\/ -->\n<title>PACK ELECTRIFICACI\u00d3N B\u00c1SICA VIVIENDA EFAPEL - Ferreter\u00eda Juli\u00e0<\/title>\n<meta name=\"description\" content=\"PACK ELECTRIFICACI\u00d3N B\u00c1SICA VIVIENDA EFAPEL - Ferreter\u00eda Juli\u00e0 - Ferreter\u00eda Barcelona - 933 59 84 12 - info@ferreteriajulia.com - Gran variedad de productos\" \/>\n<meta name=\"robots\" content=\"index, follow, max-snippet:-1, max-image-preview:large, max-video-preview:-1\" \/>\n<link rel=\"canonical\" href=\"http:\/\/ferreteriajulia.com\/tienda\/producto\/pack-electrificacion-basica-vivienda-efapel\/\" \/>\n<meta property=\"og:locale\" content=\"es_ES\" \/>\n<meta property=\"og:type\" content=\"article\" \/>\n<meta property=\"og:title\" content=\"PACK ELECTRIFICACI\u00d3N B\u00c1SICA VIVIENDA EFAPEL - Ferreter\u00eda Juli\u00e0\" \/>\n<meta property=\"og:description\" content=\"PACK ELECTRIFICACI\u00d3N B\u00c1SICA VIVIENDA EFAPEL - Ferreter\u00eda Juli\u00e0 - Ferreter\u00eda Barcelona - 933 59 84 12 - info@ferreteriajulia.com - Gran variedad de productos\" \/>\n<meta property=\"og:url\" content=\"http:\/\/ferreteriajulia.com\/tienda\/producto\/pack-electrificacion-basica-vivienda-efapel\/\" \/>\n<meta property=\"og:site_name\" content=\"Ferreter\u00eda Juli\u00e0\" \/>\n<meta property=\"article:modified_time\" content=\"2026-04-20T15:38:07+00:00\" \/>\n<meta property=\"og:image\" content=\"http:\/\/ferreteriajulia.com\/tienda\/wp-content\/uploads\/2026\/03\/pak-electrificacion-basica-magnetos-EFAPEL-ferreteria-Julia-scaled.png\" \/>\n\t<meta property=\"og:image:width\" content=\"2560\" \/>\n\t<meta property=\"og:image:height\" content=\"2019\" \/>\n\t<meta property=\"og:image:type\" content=\"image\/png\" \/>\n<meta name=\"twitter:card\" content=\"summary_large_image\" \/>\n<meta name=\"twitter:label1\" content=\"Tiempo de lectura\" \/>\n\t<meta name=\"twitter:data1\" content=\"3 minutos\" \/>\n<script type=\"application\/ld+json\" class=\"yoast-schema-graph\">{\"@context\":\"https:\\\/\\\/schema.org\",\"@graph\":[{\"@type\":\"WebPage\",\"@id\":\"http:\\\/\\\/ferreteriajulia.com\\\/tienda\\\/producto\\\/pack-electrificacion-basica-vivienda-efapel\\\/\",\"url\":\"http:\\\/\\\/ferreteriajulia.com\\\/tienda\\\/producto\\\/pack-electrificacion-basica-vivienda-efapel\\\/\",\"name\":\"PACK ELECTRIFICACI\u00d3N B\u00c1SICA VIVIENDA EFAPEL - Ferreter\u00eda Juli\u00e0\",\"isPartOf\":{\"@id\":\"https:\\\/\\\/ferreteriajulia.com\\\/tienda\\\/#website\"},\"primaryImageOfPage\":{\"@id\":\"http:\\\/\\\/ferreteriajulia.com\\\/tienda\\\/producto\\\/pack-electrificacion-basica-vivienda-efapel\\\/#primaryimage\"},\"image\":{\"@id\":\"http:\\\/\\\/ferreteriajulia.com\\\/tienda\\\/producto\\\/pack-electrificacion-basica-vivienda-efapel\\\/#primaryimage\"},\"thumbnailUrl\":\"https:\\\/\\\/ferreteriajulia.com\\\/tienda\\\/wp-content\\\/uploads\\\/2026\\\/03\\\/pak-electrificacion-basica-magnetos-EFAPEL-ferreteria-Julia-scaled.png\",\"datePublished\":\"2026-03-25T08:56:09+00:00\",\"dateModified\":\"2026-04-20T15:38:07+00:00\",\"description\":\"PACK ELECTRIFICACI\u00d3N B\u00c1SICA VIVIENDA EFAPEL - Ferreter\u00eda Juli\u00e0 - Ferreter\u00eda Barcelona - 933 59 84 12 - info@ferreteriajulia.com - Gran variedad de productos\",\"breadcrumb\":{\"@id\":\"http:\\\/\\\/ferreteriajulia.com\\\/tienda\\\/producto\\\/pack-electrificacion-basica-vivienda-efapel\\\/#breadcrumb\"},\"inLanguage\":\"es\",\"potentialAction\":[{\"@type\":\"ReadAction\",\"target\":[\"http:\\\/\\\/ferreteriajulia.com\\\/tienda\\\/producto\\\/pack-electrificacion-basica-vivienda-efapel\\\/\"]}]},{\"@type\":\"ImageObject\",\"inLanguage\":\"es\",\"@id\":\"http:\\\/\\\/ferreteriajulia.com\\\/tienda\\\/producto\\\/pack-electrificacion-basica-vivienda-efapel\\\/#primaryimage\",\"url\":\"https:\\\/\\\/ferreteriajulia.com\\\/tienda\\\/wp-content\\\/uploads\\\/2026\\\/03\\\/pak-electrificacion-basica-magnetos-EFAPEL-ferreteria-Julia-scaled.png\",\"contentUrl\":\"https:\\\/\\\/ferreteriajulia.com\\\/tienda\\\/wp-content\\\/uploads\\\/2026\\\/03\\\/pak-electrificacion-basica-magnetos-EFAPEL-ferreteria-Julia-scaled.png\",\"width\":2560,\"height\":2019},{\"@type\":\"BreadcrumbList\",\"@id\":\"http:\\\/\\\/ferreteriajulia.com\\\/tienda\\\/producto\\\/pack-electrificacion-basica-vivienda-efapel\\\/#breadcrumb\",\"itemListElement\":[{\"@type\":\"ListItem\",\"position\":1,\"name\":\"Portada\",\"item\":\"https:\\\/\\\/ferreteriajulia.com\\\/tienda\\\/\"},{\"@type\":\"ListItem\",\"position\":2,\"name\":\"Tienda online\",\"item\":\"https:\\\/\\\/ferreteriajulia.com\\\/tienda\\\/shop\\\/\"},{\"@type\":\"ListItem\",\"position\":3,\"name\":\"PACK ELECTRIFICACI\u00d3N B\u00c1SICA VIVIENDA EFAPEL\"}]},{\"@type\":\"WebSite\",\"@id\":\"https:\\\/\\\/ferreteriajulia.com\\\/tienda\\\/#website\",\"url\":\"https:\\\/\\\/ferreteriajulia.com\\\/tienda\\\/\",\"name\":\"Ferreter\u00eda Juli\u00e0\",\"description\":\"Ferreter\u00eda generalista, material para intalaciones y reparaciones.\",\"publisher\":{\"@id\":\"https:\\\/\\\/ferreteriajulia.com\\\/tienda\\\/#organization\"},\"potentialAction\":[{\"@type\":\"SearchAction\",\"target\":{\"@type\":\"EntryPoint\",\"urlTemplate\":\"https:\\\/\\\/ferreteriajulia.com\\\/tienda\\\/?s={search_term_string}\"},\"query-input\":{\"@type\":\"PropertyValueSpecification\",\"valueRequired\":true,\"valueName\":\"search_term_string\"}}],\"inLanguage\":\"es\"},{\"@type\":\"Organization\",\"@id\":\"https:\\\/\\\/ferreteriajulia.com\\\/tienda\\\/#organization\",\"name\":\"Ferreter\u00eda Juli\u00e0\",\"url\":\"https:\\\/\\\/ferreteriajulia.com\\\/tienda\\\/\",\"logo\":{\"@type\":\"ImageObject\",\"inLanguage\":\"es\",\"@id\":\"https:\\\/\\\/ferreteriajulia.com\\\/tienda\\\/#\\\/schema\\\/logo\\\/image\\\/\",\"url\":\"https:\\\/\\\/ferreteriajulia.com\\\/tienda\\\/wp-content\\\/uploads\\\/2023\\\/04\\\/LOGO_Ferreteria_Julia_HD-e1680625558319.png\",\"contentUrl\":\"https:\\\/\\\/ferreteriajulia.com\\\/tienda\\\/wp-content\\\/uploads\\\/2023\\\/04\\\/LOGO_Ferreteria_Julia_HD-e1680625558319.png\",\"width\":240,\"height\":89,\"caption\":\"Ferreter\u00eda Juli\u00e0\"},\"image\":{\"@id\":\"https:\\\/\\\/ferreteriajulia.com\\\/tienda\\\/#\\\/schema\\\/logo\\\/image\\\/\"}}]}<\/script>\n<!-- \/ Yoast SEO plugin. -->","yoast_head_json":{"title":"PACK ELECTRIFICACI\u00d3N B\u00c1SICA VIVIENDA EFAPEL - Ferreter\u00eda Juli\u00e0","description":"PACK ELECTRIFICACI\u00d3N B\u00c1SICA VIVIENDA EFAPEL - Ferreter\u00eda Juli\u00e0 - Ferreter\u00eda Barcelona - 933 59 84 12 - info@ferreteriajulia.com - Gran variedad de productos","robots":{"index":"index","follow":"follow","max-snippet":"max-snippet:-1","max-image-preview":"max-image-preview:large","max-video-preview":"max-video-preview:-1"},"canonical":"http:\/\/ferreteriajulia.com\/tienda\/producto\/pack-electrificacion-basica-vivienda-efapel\/","og_locale":"es_ES","og_type":"article","og_title":"PACK ELECTRIFICACI\u00d3N B\u00c1SICA VIVIENDA EFAPEL - Ferreter\u00eda Juli\u00e0","og_description":"PACK ELECTRIFICACI\u00d3N B\u00c1SICA VIVIENDA EFAPEL - Ferreter\u00eda Juli\u00e0 - Ferreter\u00eda Barcelona - 933 59 84 12 - info@ferreteriajulia.com - Gran variedad de productos","og_url":"http:\/\/ferreteriajulia.com\/tienda\/producto\/pack-electrificacion-basica-vivienda-efapel\/","og_site_name":"Ferreter\u00eda Juli\u00e0","article_modified_time":"2026-04-20T15:38:07+00:00","og_image":[{"width":2560,"height":2019,"url":"http:\/\/ferreteriajulia.com\/tienda\/wp-content\/uploads\/2026\/03\/pak-electrificacion-basica-magnetos-EFAPEL-ferreteria-Julia-scaled.png","type":"image\/png"}],"twitter_card":"summary_large_image","twitter_misc":{"Tiempo de lectura":"3 minutos"},"schema":{"@context":"https:\/\/schema.org","@graph":[{"@type":"WebPage","@id":"http:\/\/ferreteriajulia.com\/tienda\/producto\/pack-electrificacion-basica-vivienda-efapel\/","url":"http:\/\/ferreteriajulia.com\/tienda\/producto\/pack-electrificacion-basica-vivienda-efapel\/","name":"PACK ELECTRIFICACI\u00d3N B\u00c1SICA VIVIENDA EFAPEL - Ferreter\u00eda Juli\u00e0","isPartOf":{"@id":"https:\/\/ferreteriajulia.com\/tienda\/#website"},"primaryImageOfPage":{"@id":"http:\/\/ferreteriajulia.com\/tienda\/producto\/pack-electrificacion-basica-vivienda-efapel\/#primaryimage"},"image":{"@id":"http:\/\/ferreteriajulia.com\/tienda\/producto\/pack-electrificacion-basica-vivienda-efapel\/#primaryimage"},"thumbnailUrl":"https:\/\/ferreteriajulia.com\/tienda\/wp-content\/uploads\/2026\/03\/pak-electrificacion-basica-magnetos-EFAPEL-ferreteria-Julia-scaled.png","datePublished":"2026-03-25T08:56:09+00:00","dateModified":"2026-04-20T15:38:07+00:00","description":"PACK ELECTRIFICACI\u00d3N B\u00c1SICA VIVIENDA EFAPEL - Ferreter\u00eda Juli\u00e0 - Ferreter\u00eda Barcelona - 933 59 84 12 - info@ferreteriajulia.com - Gran variedad de productos","breadcrumb":{"@id":"http:\/\/ferreteriajulia.com\/tienda\/producto\/pack-electrificacion-basica-vivienda-efapel\/#breadcrumb"},"inLanguage":"es","potentialAction":[{"@type":"ReadAction","target":["http:\/\/ferreteriajulia.com\/tienda\/producto\/pack-electrificacion-basica-vivienda-efapel\/"]}]},{"@type":"ImageObject","inLanguage":"es","@id":"http:\/\/ferreteriajulia.com\/tienda\/producto\/pack-electrificacion-basica-vivienda-efapel\/#primaryimage","url":"https:\/\/ferreteriajulia.com\/tienda\/wp-content\/uploads\/2026\/03\/pak-electrificacion-basica-magnetos-EFAPEL-ferreteria-Julia-scaled.png","contentUrl":"https:\/\/ferreteriajulia.com\/tienda\/wp-content\/uploads\/2026\/03\/pak-electrificacion-basica-magnetos-EFAPEL-ferreteria-Julia-scaled.png","width":2560,"height":2019},{"@type":"BreadcrumbList","@id":"http:\/\/ferreteriajulia.com\/tienda\/producto\/pack-electrificacion-basica-vivienda-efapel\/#breadcrumb","itemListElement":[{"@type":"ListItem","position":1,"name":"Portada","item":"https:\/\/ferreteriajulia.com\/tienda\/"},{"@type":"ListItem","position":2,"name":"Tienda online","item":"https:\/\/ferreteriajulia.com\/tienda\/shop\/"},{"@type":"ListItem","position":3,"name":"PACK ELECTRIFICACI\u00d3N B\u00c1SICA VIVIENDA EFAPEL"}]},{"@type":"WebSite","@id":"https:\/\/ferreteriajulia.com\/tienda\/#website","url":"https:\/\/ferreteriajulia.com\/tienda\/","name":"Ferreter\u00eda Juli\u00e0","description":"Ferreter\u00eda generalista, material para intalaciones y reparaciones.","publisher":{"@id":"https:\/\/ferreteriajulia.com\/tienda\/#organization"},"potentialAction":[{"@type":"SearchAction","target":{"@type":"EntryPoint","urlTemplate":"https:\/\/ferreteriajulia.com\/tienda\/?s={search_term_string}"},"query-input":{"@type":"PropertyValueSpecification","valueRequired":true,"valueName":"search_term_string"}}],"inLanguage":"es"},{"@type":"Organization","@id":"https:\/\/ferreteriajulia.com\/tienda\/#organization","name":"Ferreter\u00eda Juli\u00e0","url":"https:\/\/ferreteriajulia.com\/tienda\/","logo":{"@type":"ImageObject","inLanguage":"es","@id":"https:\/\/ferreteriajulia.com\/tienda\/#\/schema\/logo\/image\/","url":"https:\/\/ferreteriajulia.com\/tienda\/wp-content\/uploads\/2023\/04\/LOGO_Ferreteria_Julia_HD-e1680625558319.png","contentUrl":"https:\/\/ferreteriajulia.com\/tienda\/wp-content\/uploads\/2023\/04\/LOGO_Ferreteria_Julia_HD-e1680625558319.png","width":240,"height":89,"caption":"Ferreter\u00eda Juli\u00e0"},"image":{"@id":"https:\/\/ferreteriajulia.com\/tienda\/#\/schema\/logo\/image\/"}}]}},"_links":{"self":[{"href":"https:\/\/ferreteriajulia.com\/tienda\/wp-json\/wp\/v2\/product\/23213","targetHints":{"allow":["GET"]}}],"collection":[{"href":"https:\/\/ferreteriajulia.com\/tienda\/wp-json\/wp\/v2\/product"}],"about":[{"href":"https:\/\/ferreteriajulia.com\/tienda\/wp-json\/wp\/v2\/types\/product"}],"wp:featuredmedia":[{"embeddable":true,"href":"https:\/\/ferreteriajulia.com\/tienda\/wp-json\/wp\/v2\/media\/23216"}],"wp:attachment":[{"href":"https:\/\/ferreteriajulia.com\/tienda\/wp-json\/wp\/v2\/media?parent=23213"}],"wp:term":[{"taxonomy":"product_brand","embeddable":true,"href":"https:\/\/ferreteriajulia.com\/tienda\/wp-json\/wp\/v2\/product_brand?post=23213"},{"taxonomy":"product_cat","embeddable":true,"href":"https:\/\/ferreteriajulia.com\/tienda\/wp-json\/wp\/v2\/product_cat?post=23213"},{"taxonomy":"product_tag","embeddable":true,"href":"https:\/\/ferreteriajulia.com\/tienda\/wp-json\/wp\/v2\/product_tag?post=23213"}],"curies":[{"name":"wp","href":"https:\/\/api.w.org\/{rel}","templated":true}]}}