{"id":23508,"date":"2026-04-24T11:43:22","date_gmt":"2026-04-24T09:43:22","guid":{"rendered":"https:\/\/ferreteriajulia.com\/tienda\/?post_type=product&#038;p=23508"},"modified":"2026-04-24T11:47:50","modified_gmt":"2026-04-24T09:47:50","slug":"recambio-cilindro-mottura-401-411-cp28","status":"publish","type":"product","link":"https:\/\/ferreteriajulia.com\/tienda\/producto\/recambio-cilindro-mottura-401-411-cp28\/","title":{"rendered":"recambio cilindro MOTTURA 401 411 CP28"},"content":{"rendered":"<p>Recambio bomb\u00edn MOTTURA para cerraduras de la 401 a la 411.<br \/>\nSe sirve con tres llaves, modelo CP28 plus incopiable sin la tarjeta que se entrega con la compra.<\/p>\n<p>&nbsp;<\/p>\n<ul>\n<li>Di\u00e1metro pompa: 30 mm.<\/li>\n<li>Longitud pompa: 100 mm.<\/li>\n<li>Tipolog\u00eda pompa: Sencilla<\/li>\n<li>Dimensiones: 127&#215;108 mm.<\/li>\n<li>Accionamiento interior: Llave<\/li>\n<li>Acabado: Cromado<\/li>\n<\/ul>\n<p>instrucciones <em>orientativas<\/em> de instalaci\u00f3n <a href=\"https:\/\/ferreteriajulia.com\/tienda\/cambio-cilindro-mottura\/\">Aqu\u00ed<\/a><\/p>\n<h2>C\u00f3mo cambiar un cilindro Mottura llave seguridad fronal:<\/h2>\n<p>Sacamos la cerradura de la puerta con la puerta abierta los cuatro frontales y los tres laterales que sujetan el cuerpo de la cerradura.<\/p>\n<p><img loading=\"lazy\" decoding=\"async\" class=\"alignnone size-medium wp-image-9088\" src=\"http:\/\/ferreteriajulia.com\/tienda\/wp-content\/uploads\/2017\/07\/cilindro-mottura-1-1-300x225.jpg\" sizes=\"auto, (max-width: 300px) 100vw, 300px\" srcset=\"https:\/\/ferreteriajulia.com\/tienda\/wp-content\/uploads\/2017\/07\/cilindro-mottura-1-1-300x225.jpg 300w, https:\/\/ferreteriajulia.com\/tienda\/wp-content\/uploads\/2017\/07\/cilindro-mottura-1-1-510x383.jpg 510w, https:\/\/ferreteriajulia.com\/tienda\/wp-content\/uploads\/2017\/07\/cilindro-mottura-1-1-500x375.jpg 500w, https:\/\/ferreteriajulia.com\/tienda\/wp-content\/uploads\/2017\/07\/cilindro-mottura-1-1.jpg 512w\" alt=\"\" width=\"300\" height=\"225\" \/><\/p>\n<p>Una vez sacada de la puerta la ponemos en una superficie plana para sacar los cuatro tornillos que sujetan el cilindro (uno puede estar tapado por una etiqueta).<\/p>\n<p>Separamos con cuidado la placa con el cilindro.<\/p>\n<p><img loading=\"lazy\" decoding=\"async\" class=\"alignnone size-medium wp-image-9090\" src=\"http:\/\/ferreteriajulia.com\/tienda\/wp-content\/uploads\/2017\/07\/cilindro-mottura-2-300x225.jpg\" sizes=\"auto, (max-width: 300px) 100vw, 300px\" srcset=\"https:\/\/ferreteriajulia.com\/tienda\/wp-content\/uploads\/2017\/07\/cilindro-mottura-2-300x225.jpg 300w, https:\/\/ferreteriajulia.com\/tienda\/wp-content\/uploads\/2017\/07\/cilindro-mottura-2-510x383.jpg 510w, https:\/\/ferreteriajulia.com\/tienda\/wp-content\/uploads\/2017\/07\/cilindro-mottura-2-500x375.jpg 500w, https:\/\/ferreteriajulia.com\/tienda\/wp-content\/uploads\/2017\/07\/cilindro-mottura-2.jpg 512w\" alt=\"\" width=\"300\" height=\"225\" \/><\/p>\n<p>Aprovechamos para limpiar el exeso de grasas y lubricamos con\u00a0<a href=\"http:\/\/ferreteriajulia.com\/tienda\/producto\/aerosol-de-silicona-400ml\/\" target=\"_self\" rel=\"noopener noreferrer\">silicona en spray<\/a>\u00a0o\u00a0<a href=\"http:\/\/ferreteriajulia.com\/tienda\/?s=aflojatodo&amp;post_type=product\" target=\"_self\" rel=\"noopener noreferrer\">lubricante multiusos<\/a>\u00a0de calidad.<\/p>\n<p>Cogemos el cilindro nuevo con la placa incorporada y lo colocamos haciendo coincidir el pivote giratorio con el agujero de la exc\u00e9ntrica.<\/p>\n<p>Atornillamos los cuatro tornillos firmemente y comprobamos el correcto funcionamiento de la cerradura.<\/p>\n<p><img loading=\"lazy\" decoding=\"async\" class=\"alignnone size-medium wp-image-9094\" src=\"http:\/\/ferreteriajulia.com\/tienda\/wp-content\/uploads\/2017\/07\/cilindro-mottura-5-300x225.jpg\" sizes=\"auto, (max-width: 300px) 100vw, 300px\" srcset=\"https:\/\/ferreteriajulia.com\/tienda\/wp-content\/uploads\/2017\/07\/cilindro-mottura-5-300x225.jpg 300w, https:\/\/ferreteriajulia.com\/tienda\/wp-content\/uploads\/2017\/07\/cilindro-mottura-5-510x383.jpg 510w, https:\/\/ferreteriajulia.com\/tienda\/wp-content\/uploads\/2017\/07\/cilindro-mottura-5-500x375.jpg 500w, https:\/\/ferreteriajulia.com\/tienda\/wp-content\/uploads\/2017\/07\/cilindro-mottura-5.jpg 512w\" alt=\"\" width=\"300\" height=\"225\" \/><\/p>\n<p>En caso de ir muy duro aflojamos un poco.<\/p>\n<p>Comprobamos con la llave el correcto funcionamiento.<\/p>\n<p>Volvemos a colocar la cerradura en la puerta con las barras y comprobamos el correcto ajuste con el tancador del marco.<\/p>\n<p>\u00bfLe ha sido \u00fatil la informaci\u00f3n? Nos puede dejar estrellitas o una rese\u00f1a en\u00a0<a href=\"https:\/\/www.google.com\/maps\/place\/Ferreteria+JULI%C3%80+%26+Bricolatge\/@41.4471511,2.1737706,17z\/data=!3m1!4b1!4m5!3m4!1s0x12a4a2f8c4316a9f:0x42cba72866244994!8m2!3d41.4471511!4d2.1759593\">Google maps<\/a><\/p>\n<p><em>Gracias por confiar en el peque\u00f1o comercio, Ferreter\u00eda Juli\u00e0 desde 1999.<\/em><\/p>\n","protected":false},"excerpt":{"rendered":"<p>recambio cilindro MOTTURA 401 411 CP28<\/p>\n","protected":false},"featured_media":23509,"template":"","meta":{"_monsterinsights_skip_tracking":false,"_monsterinsights_sitenote_active":false,"_monsterinsights_sitenote_note":"","_monsterinsights_sitenote_category":0},"product_brand":[252],"product_cat":[883],"product_tag":[],"class_list":{"0":"post-23508","1":"product","2":"type-product","3":"status-publish","4":"has-post-thumbnail","6":"product_brand-252","7":"product_cat-cilindros-para-cerraduras-mottura","9":"first","10":"onbackorder","11":"sale","12":"taxable","13":"shipping-taxable","14":"purchasable","15":"product-type-simple"},"yoast_head":"<!-- This site is optimized with the Yoast SEO plugin v27.4 - https:\/\/yoast.com\/product\/yoast-seo-wordpress\/ -->\n<title>recambio cilindro MOTTURA 401 411 CP28 - Ferreter\u00eda Juli\u00e0<\/title>\n<meta name=\"description\" content=\"recambio cilindro MOTTURA 401 411 CP28 - Ferreter\u00eda Juli\u00e0 - Ferreter\u00eda Barcelona - 933 59 84 12 - info@ferreteriajulia.com - Gran variedad de productos\" \/>\n<meta name=\"robots\" content=\"index, follow, max-snippet:-1, max-image-preview:large, max-video-preview:-1\" \/>\n<link rel=\"canonical\" href=\"https:\/\/ferreteriajulia.com\/tienda\/producto\/recambio-cilindro-mottura-401-411-cp28\/\" \/>\n<meta property=\"og:locale\" content=\"es_ES\" \/>\n<meta property=\"og:type\" content=\"article\" \/>\n<meta property=\"og:title\" content=\"recambio cilindro MOTTURA 401 411 CP28 - Ferreter\u00eda Juli\u00e0\" \/>\n<meta property=\"og:description\" content=\"recambio cilindro MOTTURA 401 411 CP28 - Ferreter\u00eda Juli\u00e0 - Ferreter\u00eda Barcelona - 933 59 84 12 - info@ferreteriajulia.com - Gran variedad de productos\" \/>\n<meta property=\"og:url\" content=\"https:\/\/ferreteriajulia.com\/tienda\/producto\/recambio-cilindro-mottura-401-411-cp28\/\" \/>\n<meta property=\"og:site_name\" content=\"Ferreter\u00eda Juli\u00e0\" \/>\n<meta property=\"article:modified_time\" content=\"2026-04-24T09:47:50+00:00\" \/>\n<meta property=\"og:image\" content=\"https:\/\/ferreteriajulia.com\/tienda\/wp-content\/uploads\/2026\/04\/cilindro-pompa-serie-400-C28.png\" \/>\n\t<meta property=\"og:image:width\" content=\"872\" \/>\n\t<meta property=\"og:image:height\" content=\"672\" \/>\n\t<meta property=\"og:image:type\" content=\"image\/png\" \/>\n<meta name=\"twitter:card\" content=\"summary_large_image\" \/>\n<meta name=\"twitter:label1\" content=\"Tiempo de lectura\" \/>\n\t<meta name=\"twitter:data1\" content=\"2 minutos\" \/>\n<script type=\"application\/ld+json\" class=\"yoast-schema-graph\">{\"@context\":\"https:\\\/\\\/schema.org\",\"@graph\":[{\"@type\":\"WebPage\",\"@id\":\"https:\\\/\\\/ferreteriajulia.com\\\/tienda\\\/producto\\\/recambio-cilindro-mottura-401-411-cp28\\\/\",\"url\":\"https:\\\/\\\/ferreteriajulia.com\\\/tienda\\\/producto\\\/recambio-cilindro-mottura-401-411-cp28\\\/\",\"name\":\"recambio cilindro MOTTURA 401 411 CP28 - Ferreter\u00eda Juli\u00e0\",\"isPartOf\":{\"@id\":\"https:\\\/\\\/ferreteriajulia.com\\\/tienda\\\/#website\"},\"primaryImageOfPage\":{\"@id\":\"https:\\\/\\\/ferreteriajulia.com\\\/tienda\\\/producto\\\/recambio-cilindro-mottura-401-411-cp28\\\/#primaryimage\"},\"image\":{\"@id\":\"https:\\\/\\\/ferreteriajulia.com\\\/tienda\\\/producto\\\/recambio-cilindro-mottura-401-411-cp28\\\/#primaryimage\"},\"thumbnailUrl\":\"https:\\\/\\\/ferreteriajulia.com\\\/tienda\\\/wp-content\\\/uploads\\\/2026\\\/04\\\/cilindro-pompa-serie-400-C28.png\",\"datePublished\":\"2026-04-24T09:43:22+00:00\",\"dateModified\":\"2026-04-24T09:47:50+00:00\",\"description\":\"recambio cilindro MOTTURA 401 411 CP28 - Ferreter\u00eda Juli\u00e0 - Ferreter\u00eda Barcelona - 933 59 84 12 - info@ferreteriajulia.com - Gran variedad de productos\",\"breadcrumb\":{\"@id\":\"https:\\\/\\\/ferreteriajulia.com\\\/tienda\\\/producto\\\/recambio-cilindro-mottura-401-411-cp28\\\/#breadcrumb\"},\"inLanguage\":\"es\",\"potentialAction\":[{\"@type\":\"ReadAction\",\"target\":[\"https:\\\/\\\/ferreteriajulia.com\\\/tienda\\\/producto\\\/recambio-cilindro-mottura-401-411-cp28\\\/\"]}]},{\"@type\":\"ImageObject\",\"inLanguage\":\"es\",\"@id\":\"https:\\\/\\\/ferreteriajulia.com\\\/tienda\\\/producto\\\/recambio-cilindro-mottura-401-411-cp28\\\/#primaryimage\",\"url\":\"https:\\\/\\\/ferreteriajulia.com\\\/tienda\\\/wp-content\\\/uploads\\\/2026\\\/04\\\/cilindro-pompa-serie-400-C28.png\",\"contentUrl\":\"https:\\\/\\\/ferreteriajulia.com\\\/tienda\\\/wp-content\\\/uploads\\\/2026\\\/04\\\/cilindro-pompa-serie-400-C28.png\",\"width\":872,\"height\":672},{\"@type\":\"BreadcrumbList\",\"@id\":\"https:\\\/\\\/ferreteriajulia.com\\\/tienda\\\/producto\\\/recambio-cilindro-mottura-401-411-cp28\\\/#breadcrumb\",\"itemListElement\":[{\"@type\":\"ListItem\",\"position\":1,\"name\":\"Portada\",\"item\":\"https:\\\/\\\/ferreteriajulia.com\\\/tienda\\\/\"},{\"@type\":\"ListItem\",\"position\":2,\"name\":\"Tienda online\",\"item\":\"https:\\\/\\\/ferreteriajulia.com\\\/tienda\\\/shop\\\/\"},{\"@type\":\"ListItem\",\"position\":3,\"name\":\"recambio cilindro MOTTURA 401 411 CP28\"}]},{\"@type\":\"WebSite\",\"@id\":\"https:\\\/\\\/ferreteriajulia.com\\\/tienda\\\/#website\",\"url\":\"https:\\\/\\\/ferreteriajulia.com\\\/tienda\\\/\",\"name\":\"Ferreter\u00eda Juli\u00e0\",\"description\":\"Ferreter\u00eda generalista, material para intalaciones y reparaciones.\",\"publisher\":{\"@id\":\"https:\\\/\\\/ferreteriajulia.com\\\/tienda\\\/#organization\"},\"potentialAction\":[{\"@type\":\"SearchAction\",\"target\":{\"@type\":\"EntryPoint\",\"urlTemplate\":\"https:\\\/\\\/ferreteriajulia.com\\\/tienda\\\/?s={search_term_string}\"},\"query-input\":{\"@type\":\"PropertyValueSpecification\",\"valueRequired\":true,\"valueName\":\"search_term_string\"}}],\"inLanguage\":\"es\"},{\"@type\":\"Organization\",\"@id\":\"https:\\\/\\\/ferreteriajulia.com\\\/tienda\\\/#organization\",\"name\":\"Ferreter\u00eda Juli\u00e0\",\"url\":\"https:\\\/\\\/ferreteriajulia.com\\\/tienda\\\/\",\"logo\":{\"@type\":\"ImageObject\",\"inLanguage\":\"es\",\"@id\":\"https:\\\/\\\/ferreteriajulia.com\\\/tienda\\\/#\\\/schema\\\/logo\\\/image\\\/\",\"url\":\"https:\\\/\\\/ferreteriajulia.com\\\/tienda\\\/wp-content\\\/uploads\\\/2023\\\/04\\\/LOGO_Ferreteria_Julia_HD-e1680625558319.png\",\"contentUrl\":\"https:\\\/\\\/ferreteriajulia.com\\\/tienda\\\/wp-content\\\/uploads\\\/2023\\\/04\\\/LOGO_Ferreteria_Julia_HD-e1680625558319.png\",\"width\":240,\"height\":89,\"caption\":\"Ferreter\u00eda Juli\u00e0\"},\"image\":{\"@id\":\"https:\\\/\\\/ferreteriajulia.com\\\/tienda\\\/#\\\/schema\\\/logo\\\/image\\\/\"}}]}<\/script>\n<!-- \/ Yoast SEO plugin. -->","yoast_head_json":{"title":"recambio cilindro MOTTURA 401 411 CP28 - Ferreter\u00eda Juli\u00e0","description":"recambio cilindro MOTTURA 401 411 CP28 - Ferreter\u00eda Juli\u00e0 - Ferreter\u00eda Barcelona - 933 59 84 12 - info@ferreteriajulia.com - Gran variedad de productos","robots":{"index":"index","follow":"follow","max-snippet":"max-snippet:-1","max-image-preview":"max-image-preview:large","max-video-preview":"max-video-preview:-1"},"canonical":"https:\/\/ferreteriajulia.com\/tienda\/producto\/recambio-cilindro-mottura-401-411-cp28\/","og_locale":"es_ES","og_type":"article","og_title":"recambio cilindro MOTTURA 401 411 CP28 - Ferreter\u00eda Juli\u00e0","og_description":"recambio cilindro MOTTURA 401 411 CP28 - Ferreter\u00eda Juli\u00e0 - Ferreter\u00eda Barcelona - 933 59 84 12 - info@ferreteriajulia.com - Gran variedad de productos","og_url":"https:\/\/ferreteriajulia.com\/tienda\/producto\/recambio-cilindro-mottura-401-411-cp28\/","og_site_name":"Ferreter\u00eda Juli\u00e0","article_modified_time":"2026-04-24T09:47:50+00:00","og_image":[{"width":872,"height":672,"url":"https:\/\/ferreteriajulia.com\/tienda\/wp-content\/uploads\/2026\/04\/cilindro-pompa-serie-400-C28.png","type":"image\/png"}],"twitter_card":"summary_large_image","twitter_misc":{"Tiempo de lectura":"2 minutos"},"schema":{"@context":"https:\/\/schema.org","@graph":[{"@type":"WebPage","@id":"https:\/\/ferreteriajulia.com\/tienda\/producto\/recambio-cilindro-mottura-401-411-cp28\/","url":"https:\/\/ferreteriajulia.com\/tienda\/producto\/recambio-cilindro-mottura-401-411-cp28\/","name":"recambio cilindro MOTTURA 401 411 CP28 - Ferreter\u00eda Juli\u00e0","isPartOf":{"@id":"https:\/\/ferreteriajulia.com\/tienda\/#website"},"primaryImageOfPage":{"@id":"https:\/\/ferreteriajulia.com\/tienda\/producto\/recambio-cilindro-mottura-401-411-cp28\/#primaryimage"},"image":{"@id":"https:\/\/ferreteriajulia.com\/tienda\/producto\/recambio-cilindro-mottura-401-411-cp28\/#primaryimage"},"thumbnailUrl":"https:\/\/ferreteriajulia.com\/tienda\/wp-content\/uploads\/2026\/04\/cilindro-pompa-serie-400-C28.png","datePublished":"2026-04-24T09:43:22+00:00","dateModified":"2026-04-24T09:47:50+00:00","description":"recambio cilindro MOTTURA 401 411 CP28 - Ferreter\u00eda Juli\u00e0 - Ferreter\u00eda Barcelona - 933 59 84 12 - info@ferreteriajulia.com - Gran variedad de productos","breadcrumb":{"@id":"https:\/\/ferreteriajulia.com\/tienda\/producto\/recambio-cilindro-mottura-401-411-cp28\/#breadcrumb"},"inLanguage":"es","potentialAction":[{"@type":"ReadAction","target":["https:\/\/ferreteriajulia.com\/tienda\/producto\/recambio-cilindro-mottura-401-411-cp28\/"]}]},{"@type":"ImageObject","inLanguage":"es","@id":"https:\/\/ferreteriajulia.com\/tienda\/producto\/recambio-cilindro-mottura-401-411-cp28\/#primaryimage","url":"https:\/\/ferreteriajulia.com\/tienda\/wp-content\/uploads\/2026\/04\/cilindro-pompa-serie-400-C28.png","contentUrl":"https:\/\/ferreteriajulia.com\/tienda\/wp-content\/uploads\/2026\/04\/cilindro-pompa-serie-400-C28.png","width":872,"height":672},{"@type":"BreadcrumbList","@id":"https:\/\/ferreteriajulia.com\/tienda\/producto\/recambio-cilindro-mottura-401-411-cp28\/#breadcrumb","itemListElement":[{"@type":"ListItem","position":1,"name":"Portada","item":"https:\/\/ferreteriajulia.com\/tienda\/"},{"@type":"ListItem","position":2,"name":"Tienda online","item":"https:\/\/ferreteriajulia.com\/tienda\/shop\/"},{"@type":"ListItem","position":3,"name":"recambio cilindro MOTTURA 401 411 CP28"}]},{"@type":"WebSite","@id":"https:\/\/ferreteriajulia.com\/tienda\/#website","url":"https:\/\/ferreteriajulia.com\/tienda\/","name":"Ferreter\u00eda Juli\u00e0","description":"Ferreter\u00eda generalista, material para intalaciones y reparaciones.","publisher":{"@id":"https:\/\/ferreteriajulia.com\/tienda\/#organization"},"potentialAction":[{"@type":"SearchAction","target":{"@type":"EntryPoint","urlTemplate":"https:\/\/ferreteriajulia.com\/tienda\/?s={search_term_string}"},"query-input":{"@type":"PropertyValueSpecification","valueRequired":true,"valueName":"search_term_string"}}],"inLanguage":"es"},{"@type":"Organization","@id":"https:\/\/ferreteriajulia.com\/tienda\/#organization","name":"Ferreter\u00eda Juli\u00e0","url":"https:\/\/ferreteriajulia.com\/tienda\/","logo":{"@type":"ImageObject","inLanguage":"es","@id":"https:\/\/ferreteriajulia.com\/tienda\/#\/schema\/logo\/image\/","url":"https:\/\/ferreteriajulia.com\/tienda\/wp-content\/uploads\/2023\/04\/LOGO_Ferreteria_Julia_HD-e1680625558319.png","contentUrl":"https:\/\/ferreteriajulia.com\/tienda\/wp-content\/uploads\/2023\/04\/LOGO_Ferreteria_Julia_HD-e1680625558319.png","width":240,"height":89,"caption":"Ferreter\u00eda Juli\u00e0"},"image":{"@id":"https:\/\/ferreteriajulia.com\/tienda\/#\/schema\/logo\/image\/"}}]}},"_links":{"self":[{"href":"https:\/\/ferreteriajulia.com\/tienda\/wp-json\/wp\/v2\/product\/23508","targetHints":{"allow":["GET"]}}],"collection":[{"href":"https:\/\/ferreteriajulia.com\/tienda\/wp-json\/wp\/v2\/product"}],"about":[{"href":"https:\/\/ferreteriajulia.com\/tienda\/wp-json\/wp\/v2\/types\/product"}],"wp:featuredmedia":[{"embeddable":true,"href":"https:\/\/ferreteriajulia.com\/tienda\/wp-json\/wp\/v2\/media\/23509"}],"wp:attachment":[{"href":"https:\/\/ferreteriajulia.com\/tienda\/wp-json\/wp\/v2\/media?parent=23508"}],"wp:term":[{"taxonomy":"product_brand","embeddable":true,"href":"https:\/\/ferreteriajulia.com\/tienda\/wp-json\/wp\/v2\/product_brand?post=23508"},{"taxonomy":"product_cat","embeddable":true,"href":"https:\/\/ferreteriajulia.com\/tienda\/wp-json\/wp\/v2\/product_cat?post=23508"},{"taxonomy":"product_tag","embeddable":true,"href":"https:\/\/ferreteriajulia.com\/tienda\/wp-json\/wp\/v2\/product_tag?post=23508"}],"curies":[{"name":"wp","href":"https:\/\/api.w.org\/{rel}","templated":true}]}}