{"id":4577,"date":"2014-10-06T14:47:55","date_gmt":"2014-10-06T12:47:55","guid":{"rendered":"http:\/\/ferreteriajulia.com\/tienda\/?post_type=product&#038;p=4577"},"modified":"2026-02-23T10:32:58","modified_gmt":"2026-02-23T09:32:58","slug":"juego-accesorios-klein-k-20","status":"publish","type":"product","link":"https:\/\/ferreteriajulia.com\/tienda\/producto\/juego-accesorios-klein-k-20\/","title":{"rendered":"juego accesorios KLEIN k 20"},"content":{"rendered":"<p>juego accesorios KLEIN k 20<\/p>\n<p>para una puerta corredera KLEIN k 20<br \/>\npara correderas m\u00e1x. 20kg<\/p>\n<div class=\"mb-4 flex items-center\">\n<h1 class=\"mr-5 flex-1 font-light md:text-6xl xl:text-67\">K-MUEBLES<\/h1>\n<div class=\"relative flex items-center \"><span style=\"color: #555555; text-transform: uppercase;\">Sistema para puertas correderas de armarios sin perfil o gu\u00eda inferior<\/span><\/div>\n<\/div>\n<div class=\"mb-6 mt-4 text-sm md:text-15 markdown\">\n<p>El sistema K-MUEBLES es la soluci\u00f3n ideal para la instalaci\u00f3n de puertas correderas. Este sistema para puertas de armarios ha sido fabricado en acero y dise\u00f1ado para la instalaci\u00f3n) en armarios, muebles o archivadores.<\/p>\n<div class=\"mx-auto w-full py-16 md:py-32 px-4 md:px-15 2xl:px-[10vw] 3xl:px-[20vw] bg-lightGray text-darkGray\">\n<div class=\"grid grid-cols-4 md:grid-cols-12 gap-x-4 md:gap-x-6 gap-y-2 \">\n<div class=\"col-span-4 md:col-span-7 md:col-start-5\">\n<p class=\"mb-10 w-[95%] whitespace-pre-wrap text-3xl font-light md:text-40\">Minimalismo tambi\u00e9n en armarios para la optimizaci\u00f3n del espacio.<\/p>\n<div class=\"text-lg md:text-xl markdown\">\n<p>Ausencia de aluminio ni perfiles inferiores para un dise\u00f1o minimalista de tus muebles.<\/p>\n<div class=\"flex cursor-pointer flex-col items-start justify-between  py-4 md:py-8\">\n<div class=\"flex w-full justify-between undefined\">\n<h3 class=\"font-light text-xl md:text-28\">Detalles del producto juego accesorios KLEIN k 20:<\/h3>\n<\/div>\n<\/div>\n<div class=\"w-full overflow-y-hidden \">\n<div>\n<div class=\"mb-6 markdown\">\n<ul>\n<li>&#8211; Sistema pr\u00e1ctico para funcionamiento operativo diario.<\/li>\n<li>&#8211; Perfil simple de acero en \u201cNeocrom\u201d o \u201cSendzimir\u201d.<\/li>\n<li>&#8211; Perfil doble de aluminio natural.<\/li>\n<li>&#8211; Sujeci\u00f3n de la puerta por sistema regulable en altura.<\/li>\n<li>&#8211; Rodamiento con eje de fricci\u00f3n (K 20) o de bolas (K 30).<\/li>\n<li>&#8211; Puerta de hasta 30 Kg.<\/li>\n<li>&#8211; Instalaci\u00f3n a techo.<\/li>\n<\/ul>\n<p><img loading=\"lazy\" decoding=\"async\" class=\"alignnone size-full wp-image-22890\" src=\"http:\/\/ferreteriajulia.com\/tienda\/wp-content\/uploads\/2014\/10\/esquema-klein-K-20.png\" alt=\"\" width=\"890\" height=\"804\" srcset=\"https:\/\/ferreteriajulia.com\/tienda\/wp-content\/uploads\/2014\/10\/esquema-klein-K-20.png 890w, https:\/\/ferreteriajulia.com\/tienda\/wp-content\/uploads\/2014\/10\/esquema-klein-K-20-300x271.png 300w, https:\/\/ferreteriajulia.com\/tienda\/wp-content\/uploads\/2014\/10\/esquema-klein-K-20-768x694.png 768w, https:\/\/ferreteriajulia.com\/tienda\/wp-content\/uploads\/2014\/10\/esquema-klein-K-20-510x461.png 510w\" sizes=\"auto, (max-width: 890px) 100vw, 890px\" \/><\/p>\n<p>Manual instalaci\u00f3n: <a href=\"http:\/\/ferreteriajulia.com\/tienda\/wp-content\/uploads\/2014\/10\/HI_K-20_instalacion.pdf\">HI_K 20_instalaci\u00f3n<\/a><\/p>\n<\/div>\n<\/div>\n<\/div>\n<\/div>\n<\/div>\n<\/div>\n<\/div>\n<p>&nbsp;<\/p>\n<p>&nbsp;<\/p>\n<\/div>\n","protected":false},"excerpt":{"rendered":"<p>jgo.accesorios KLEIN k-20<\/p>\n","protected":false},"featured_media":18965,"template":"","meta":{"_monsterinsights_skip_tracking":false,"_monsterinsights_sitenote_active":false,"_monsterinsights_sitenote_note":"","_monsterinsights_sitenote_category":0},"product_brand":[317],"product_cat":[835],"product_tag":[],"class_list":{"0":"post-4577","1":"product","2":"type-product","3":"status-publish","4":"has-post-thumbnail","6":"product_brand-317","7":"product_cat-klein-guias-y-accesorios","9":"first","10":"instock","11":"taxable","12":"shipping-taxable","13":"purchasable","14":"product-type-simple"},"yoast_head":"<!-- This site is optimized with the Yoast SEO plugin v27.4 - https:\/\/yoast.com\/product\/yoast-seo-wordpress\/ -->\n<title>juego accesorios KLEIN k 20 - Ferreter\u00eda Juli\u00e0<\/title>\n<meta name=\"description\" content=\"juego accesorios KLEIN k 20 - Ferreter\u00eda Juli\u00e0 - Ferreter\u00eda en Barcelona - 933 59 84 12 - info@ferreteriajulia.com - Gran variedad de productos\" \/>\n<meta name=\"robots\" content=\"index, follow, max-snippet:-1, max-image-preview:large, max-video-preview:-1\" \/>\n<link rel=\"canonical\" href=\"https:\/\/ferreteriajulia.com\/tienda\/producto\/juego-accesorios-klein-k-20\/\" \/>\n<meta property=\"og:locale\" content=\"es_ES\" \/>\n<meta property=\"og:type\" content=\"article\" \/>\n<meta property=\"og:title\" content=\"juego accesorios KLEIN k 20 - Ferreter\u00eda Juli\u00e0\" \/>\n<meta property=\"og:description\" content=\"juego accesorios KLEIN k 20 - Ferreter\u00eda Juli\u00e0 - Ferreter\u00eda en Barcelona - 933 59 84 12 - info@ferreteriajulia.com - Gran variedad de productos\" \/>\n<meta property=\"og:url\" content=\"https:\/\/ferreteriajulia.com\/tienda\/producto\/juego-accesorios-klein-k-20\/\" \/>\n<meta property=\"og:site_name\" content=\"Ferreter\u00eda Juli\u00e0\" \/>\n<meta property=\"article:modified_time\" content=\"2026-02-23T09:32:58+00:00\" \/>\n<meta property=\"og:image\" content=\"https:\/\/ferreteriajulia.com\/tienda\/wp-content\/uploads\/2016\/04\/klein-k-20.png\" \/>\n\t<meta property=\"og:image:width\" content=\"824\" \/>\n\t<meta property=\"og:image:height\" content=\"647\" \/>\n\t<meta property=\"og:image:type\" content=\"image\/png\" \/>\n<meta name=\"twitter:card\" content=\"summary_large_image\" \/>\n<meta name=\"twitter:label1\" content=\"Tiempo de lectura\" \/>\n\t<meta name=\"twitter:data1\" content=\"2 minutos\" \/>\n<script type=\"application\/ld+json\" class=\"yoast-schema-graph\">{\"@context\":\"https:\\\/\\\/schema.org\",\"@graph\":[{\"@type\":\"WebPage\",\"@id\":\"https:\\\/\\\/ferreteriajulia.com\\\/tienda\\\/producto\\\/juego-accesorios-klein-k-20\\\/\",\"url\":\"https:\\\/\\\/ferreteriajulia.com\\\/tienda\\\/producto\\\/juego-accesorios-klein-k-20\\\/\",\"name\":\"juego accesorios KLEIN k 20 - Ferreter\u00eda Juli\u00e0\",\"isPartOf\":{\"@id\":\"https:\\\/\\\/ferreteriajulia.com\\\/tienda\\\/#website\"},\"primaryImageOfPage\":{\"@id\":\"https:\\\/\\\/ferreteriajulia.com\\\/tienda\\\/producto\\\/juego-accesorios-klein-k-20\\\/#primaryimage\"},\"image\":{\"@id\":\"https:\\\/\\\/ferreteriajulia.com\\\/tienda\\\/producto\\\/juego-accesorios-klein-k-20\\\/#primaryimage\"},\"thumbnailUrl\":\"https:\\\/\\\/ferreteriajulia.com\\\/tienda\\\/wp-content\\\/uploads\\\/2016\\\/04\\\/klein-k-20.png\",\"datePublished\":\"2014-10-06T12:47:55+00:00\",\"dateModified\":\"2026-02-23T09:32:58+00:00\",\"description\":\"juego accesorios KLEIN k 20 - Ferreter\u00eda Juli\u00e0 - Ferreter\u00eda en Barcelona - 933 59 84 12 - info@ferreteriajulia.com - Gran variedad de productos\",\"breadcrumb\":{\"@id\":\"https:\\\/\\\/ferreteriajulia.com\\\/tienda\\\/producto\\\/juego-accesorios-klein-k-20\\\/#breadcrumb\"},\"inLanguage\":\"es\",\"potentialAction\":[{\"@type\":\"ReadAction\",\"target\":[\"https:\\\/\\\/ferreteriajulia.com\\\/tienda\\\/producto\\\/juego-accesorios-klein-k-20\\\/\"]}]},{\"@type\":\"ImageObject\",\"inLanguage\":\"es\",\"@id\":\"https:\\\/\\\/ferreteriajulia.com\\\/tienda\\\/producto\\\/juego-accesorios-klein-k-20\\\/#primaryimage\",\"url\":\"https:\\\/\\\/ferreteriajulia.com\\\/tienda\\\/wp-content\\\/uploads\\\/2016\\\/04\\\/klein-k-20.png\",\"contentUrl\":\"https:\\\/\\\/ferreteriajulia.com\\\/tienda\\\/wp-content\\\/uploads\\\/2016\\\/04\\\/klein-k-20.png\",\"width\":824,\"height\":647},{\"@type\":\"BreadcrumbList\",\"@id\":\"https:\\\/\\\/ferreteriajulia.com\\\/tienda\\\/producto\\\/juego-accesorios-klein-k-20\\\/#breadcrumb\",\"itemListElement\":[{\"@type\":\"ListItem\",\"position\":1,\"name\":\"Portada\",\"item\":\"https:\\\/\\\/ferreteriajulia.com\\\/tienda\\\/\"},{\"@type\":\"ListItem\",\"position\":2,\"name\":\"Tienda online\",\"item\":\"https:\\\/\\\/ferreteriajulia.com\\\/tienda\\\/shop\\\/\"},{\"@type\":\"ListItem\",\"position\":3,\"name\":\"juego accesorios KLEIN k 20\"}]},{\"@type\":\"WebSite\",\"@id\":\"https:\\\/\\\/ferreteriajulia.com\\\/tienda\\\/#website\",\"url\":\"https:\\\/\\\/ferreteriajulia.com\\\/tienda\\\/\",\"name\":\"Ferreter\u00eda Juli\u00e0\",\"description\":\"Ferreter\u00eda generalista, material para intalaciones y reparaciones.\",\"publisher\":{\"@id\":\"https:\\\/\\\/ferreteriajulia.com\\\/tienda\\\/#organization\"},\"potentialAction\":[{\"@type\":\"SearchAction\",\"target\":{\"@type\":\"EntryPoint\",\"urlTemplate\":\"https:\\\/\\\/ferreteriajulia.com\\\/tienda\\\/?s={search_term_string}\"},\"query-input\":{\"@type\":\"PropertyValueSpecification\",\"valueRequired\":true,\"valueName\":\"search_term_string\"}}],\"inLanguage\":\"es\"},{\"@type\":\"Organization\",\"@id\":\"https:\\\/\\\/ferreteriajulia.com\\\/tienda\\\/#organization\",\"name\":\"Ferreter\u00eda Juli\u00e0\",\"url\":\"https:\\\/\\\/ferreteriajulia.com\\\/tienda\\\/\",\"logo\":{\"@type\":\"ImageObject\",\"inLanguage\":\"es\",\"@id\":\"https:\\\/\\\/ferreteriajulia.com\\\/tienda\\\/#\\\/schema\\\/logo\\\/image\\\/\",\"url\":\"https:\\\/\\\/ferreteriajulia.com\\\/tienda\\\/wp-content\\\/uploads\\\/2023\\\/04\\\/LOGO_Ferreteria_Julia_HD-e1680625558319.png\",\"contentUrl\":\"https:\\\/\\\/ferreteriajulia.com\\\/tienda\\\/wp-content\\\/uploads\\\/2023\\\/04\\\/LOGO_Ferreteria_Julia_HD-e1680625558319.png\",\"width\":240,\"height\":89,\"caption\":\"Ferreter\u00eda Juli\u00e0\"},\"image\":{\"@id\":\"https:\\\/\\\/ferreteriajulia.com\\\/tienda\\\/#\\\/schema\\\/logo\\\/image\\\/\"}}]}<\/script>\n<!-- \/ Yoast SEO plugin. -->","yoast_head_json":{"title":"juego accesorios KLEIN k 20 - Ferreter\u00eda Juli\u00e0","description":"juego accesorios KLEIN k 20 - Ferreter\u00eda Juli\u00e0 - Ferreter\u00eda en Barcelona - 933 59 84 12 - info@ferreteriajulia.com - Gran variedad de productos","robots":{"index":"index","follow":"follow","max-snippet":"max-snippet:-1","max-image-preview":"max-image-preview:large","max-video-preview":"max-video-preview:-1"},"canonical":"https:\/\/ferreteriajulia.com\/tienda\/producto\/juego-accesorios-klein-k-20\/","og_locale":"es_ES","og_type":"article","og_title":"juego accesorios KLEIN k 20 - Ferreter\u00eda Juli\u00e0","og_description":"juego accesorios KLEIN k 20 - Ferreter\u00eda Juli\u00e0 - Ferreter\u00eda en Barcelona - 933 59 84 12 - info@ferreteriajulia.com - Gran variedad de productos","og_url":"https:\/\/ferreteriajulia.com\/tienda\/producto\/juego-accesorios-klein-k-20\/","og_site_name":"Ferreter\u00eda Juli\u00e0","article_modified_time":"2026-02-23T09:32:58+00:00","og_image":[{"width":824,"height":647,"url":"https:\/\/ferreteriajulia.com\/tienda\/wp-content\/uploads\/2016\/04\/klein-k-20.png","type":"image\/png"}],"twitter_card":"summary_large_image","twitter_misc":{"Tiempo de lectura":"2 minutos"},"schema":{"@context":"https:\/\/schema.org","@graph":[{"@type":"WebPage","@id":"https:\/\/ferreteriajulia.com\/tienda\/producto\/juego-accesorios-klein-k-20\/","url":"https:\/\/ferreteriajulia.com\/tienda\/producto\/juego-accesorios-klein-k-20\/","name":"juego accesorios KLEIN k 20 - Ferreter\u00eda Juli\u00e0","isPartOf":{"@id":"https:\/\/ferreteriajulia.com\/tienda\/#website"},"primaryImageOfPage":{"@id":"https:\/\/ferreteriajulia.com\/tienda\/producto\/juego-accesorios-klein-k-20\/#primaryimage"},"image":{"@id":"https:\/\/ferreteriajulia.com\/tienda\/producto\/juego-accesorios-klein-k-20\/#primaryimage"},"thumbnailUrl":"https:\/\/ferreteriajulia.com\/tienda\/wp-content\/uploads\/2016\/04\/klein-k-20.png","datePublished":"2014-10-06T12:47:55+00:00","dateModified":"2026-02-23T09:32:58+00:00","description":"juego accesorios KLEIN k 20 - Ferreter\u00eda Juli\u00e0 - Ferreter\u00eda en Barcelona - 933 59 84 12 - info@ferreteriajulia.com - Gran variedad de productos","breadcrumb":{"@id":"https:\/\/ferreteriajulia.com\/tienda\/producto\/juego-accesorios-klein-k-20\/#breadcrumb"},"inLanguage":"es","potentialAction":[{"@type":"ReadAction","target":["https:\/\/ferreteriajulia.com\/tienda\/producto\/juego-accesorios-klein-k-20\/"]}]},{"@type":"ImageObject","inLanguage":"es","@id":"https:\/\/ferreteriajulia.com\/tienda\/producto\/juego-accesorios-klein-k-20\/#primaryimage","url":"https:\/\/ferreteriajulia.com\/tienda\/wp-content\/uploads\/2016\/04\/klein-k-20.png","contentUrl":"https:\/\/ferreteriajulia.com\/tienda\/wp-content\/uploads\/2016\/04\/klein-k-20.png","width":824,"height":647},{"@type":"BreadcrumbList","@id":"https:\/\/ferreteriajulia.com\/tienda\/producto\/juego-accesorios-klein-k-20\/#breadcrumb","itemListElement":[{"@type":"ListItem","position":1,"name":"Portada","item":"https:\/\/ferreteriajulia.com\/tienda\/"},{"@type":"ListItem","position":2,"name":"Tienda online","item":"https:\/\/ferreteriajulia.com\/tienda\/shop\/"},{"@type":"ListItem","position":3,"name":"juego accesorios KLEIN k 20"}]},{"@type":"WebSite","@id":"https:\/\/ferreteriajulia.com\/tienda\/#website","url":"https:\/\/ferreteriajulia.com\/tienda\/","name":"Ferreter\u00eda Juli\u00e0","description":"Ferreter\u00eda generalista, material para intalaciones y reparaciones.","publisher":{"@id":"https:\/\/ferreteriajulia.com\/tienda\/#organization"},"potentialAction":[{"@type":"SearchAction","target":{"@type":"EntryPoint","urlTemplate":"https:\/\/ferreteriajulia.com\/tienda\/?s={search_term_string}"},"query-input":{"@type":"PropertyValueSpecification","valueRequired":true,"valueName":"search_term_string"}}],"inLanguage":"es"},{"@type":"Organization","@id":"https:\/\/ferreteriajulia.com\/tienda\/#organization","name":"Ferreter\u00eda Juli\u00e0","url":"https:\/\/ferreteriajulia.com\/tienda\/","logo":{"@type":"ImageObject","inLanguage":"es","@id":"https:\/\/ferreteriajulia.com\/tienda\/#\/schema\/logo\/image\/","url":"https:\/\/ferreteriajulia.com\/tienda\/wp-content\/uploads\/2023\/04\/LOGO_Ferreteria_Julia_HD-e1680625558319.png","contentUrl":"https:\/\/ferreteriajulia.com\/tienda\/wp-content\/uploads\/2023\/04\/LOGO_Ferreteria_Julia_HD-e1680625558319.png","width":240,"height":89,"caption":"Ferreter\u00eda Juli\u00e0"},"image":{"@id":"https:\/\/ferreteriajulia.com\/tienda\/#\/schema\/logo\/image\/"}}]}},"_links":{"self":[{"href":"https:\/\/ferreteriajulia.com\/tienda\/wp-json\/wp\/v2\/product\/4577","targetHints":{"allow":["GET"]}}],"collection":[{"href":"https:\/\/ferreteriajulia.com\/tienda\/wp-json\/wp\/v2\/product"}],"about":[{"href":"https:\/\/ferreteriajulia.com\/tienda\/wp-json\/wp\/v2\/types\/product"}],"wp:featuredmedia":[{"embeddable":true,"href":"https:\/\/ferreteriajulia.com\/tienda\/wp-json\/wp\/v2\/media\/18965"}],"wp:attachment":[{"href":"https:\/\/ferreteriajulia.com\/tienda\/wp-json\/wp\/v2\/media?parent=4577"}],"wp:term":[{"taxonomy":"product_brand","embeddable":true,"href":"https:\/\/ferreteriajulia.com\/tienda\/wp-json\/wp\/v2\/product_brand?post=4577"},{"taxonomy":"product_cat","embeddable":true,"href":"https:\/\/ferreteriajulia.com\/tienda\/wp-json\/wp\/v2\/product_cat?post=4577"},{"taxonomy":"product_tag","embeddable":true,"href":"https:\/\/ferreteriajulia.com\/tienda\/wp-json\/wp\/v2\/product_tag?post=4577"}],"curies":[{"name":"wp","href":"https:\/\/api.w.org\/{rel}","templated":true}]}}