{"id":4583,"date":"2014-10-06T14:55:31","date_gmt":"2014-10-06T12:55:31","guid":{"rendered":"http:\/\/ferreteriajulia.com\/tienda\/?post_type=product&#038;p=4583"},"modified":"2026-02-23T10:21:45","modified_gmt":"2026-02-23T09:21:45","slug":"jgo-accesorios-klein-k-75","status":"publish","type":"product","link":"https:\/\/ferreteriajulia.com\/tienda\/producto\/jgo-accesorios-klein-k-75\/","title":{"rendered":"juego accesorios KLEIN k 75"},"content":{"rendered":"<p>juego accesorios corredera KLEIN k 75<br \/>\npara hojas de m\u00e1x. 75kg. con doble rueda de nylon.<br \/>\ntenemos guias galvanizadas de 1,50mts, 2mts y 3 mts.<br \/>\ntambi\u00e9n tenemos recambio de la aleta gu\u00eda, de tope gu\u00eda o de las escuadras para la gu\u00eda.<\/p>\n<div class=\"mb-4 flex items-center\">\n<h1 class=\"mr-5 flex-1 font-light md:text-6xl xl:text-67\">sietema K de klein:<\/h1>\n<div class=\"relative flex items-center \"><\/div>\n<\/div>\n<p class=\"text-sm uppercase md:text-15\">Sistema de estilo industrial para puertas correderas de metal o madera pesadas<\/p>\n<div class=\"mb-6 mt-4 text-sm md:text-15 markdown\">\n<p>El sistema K es una soluci\u00f3n ideal para la instalaci\u00f3n de puertas correderas de madera o metal de gran pesaje en espacios interiores d\u00f3nde se pretende aportar una est\u00e9tica industrial. El sistema K destaca por su robustez y durabilidad.<\/p>\n<\/div>\n<p>&nbsp;<\/p>\n<p>&nbsp;<\/p>\n<div class=\"w-full\">\n<div class=\"-mt-2 border-b border-gray\">\n<div class=\"flex cursor-pointer flex-col items-start justify-between  py-4 md:py-8\">\n<div class=\"flex w-full justify-between undefined\">\n<h3 class=\"font-light text-xl md:text-28\">Detalles del producto juego accesorios KLEIN k 75:<\/h3>\n<\/div>\n<\/div>\n<div class=\"w-full overflow-y-hidden \">\n<div class=\"mb-6 markdown\">\n<ul>\n<li>&#8211; Sistema de puertas correderas de madera o metal.<\/li>\n<li>&#8211; Perfil de acero acabado \u201cneocrom\u201d o \u201csendzimir\u201d.<\/li>\n<li>&#8211; Rodamiento a bolas \u201cfull ball bearings\u201d.<\/li>\n<li>&#8211; Gran robustez y durabilidad del producto.<\/li>\n<li>&#8211; Garant\u00eda KLEIN 5 a\u00f1os.<\/li>\n<\/ul>\n<p><img loading=\"lazy\" decoding=\"async\" class=\"alignnone size-large wp-image-22888\" src=\"http:\/\/ferreteriajulia.com\/tienda\/wp-content\/uploads\/2014\/10\/detalle-klein-k75-1024x730.png\" alt=\"\" width=\"1020\" height=\"727\" srcset=\"https:\/\/ferreteriajulia.com\/tienda\/wp-content\/uploads\/2014\/10\/detalle-klein-k75-1024x730.png 1024w, https:\/\/ferreteriajulia.com\/tienda\/wp-content\/uploads\/2014\/10\/detalle-klein-k75-300x214.png 300w, https:\/\/ferreteriajulia.com\/tienda\/wp-content\/uploads\/2014\/10\/detalle-klein-k75-768x548.png 768w, https:\/\/ferreteriajulia.com\/tienda\/wp-content\/uploads\/2014\/10\/detalle-klein-k75-510x364.png 510w, https:\/\/ferreteriajulia.com\/tienda\/wp-content\/uploads\/2014\/10\/detalle-klein-k75.png 1045w\" sizes=\"auto, (max-width: 1020px) 100vw, 1020px\" \/><\/p>\n<p>Manual insatalaci\u00f3n: <a href=\"http:\/\/ferreteriajulia.com\/tienda\/wp-content\/uploads\/2014\/10\/K40_K75-HI_K-75-instalacion.pdf\">K40_K75 &#8211; HI_K 75 instalaci\u00f3n<\/a><\/p>\n<\/div>\n<\/div>\n<\/div>\n<\/div>\n<div class=\"mb-6 mt-4 text-sm md:text-15 markdown\">\n<p>&nbsp;<\/p>\n<\/div>\n","protected":false},"excerpt":{"rendered":"<p>jgo.accesorios corredera KLEIN k 75<\/p>\n","protected":false},"featured_media":18967,"template":"","meta":{"_monsterinsights_skip_tracking":false,"_monsterinsights_sitenote_active":false,"_monsterinsights_sitenote_note":"","_monsterinsights_sitenote_category":0},"product_brand":[317],"product_cat":[835],"product_tag":[],"class_list":{"0":"post-4583","1":"product","2":"type-product","3":"status-publish","4":"has-post-thumbnail","6":"product_brand-317","7":"product_cat-klein-guias-y-accesorios","9":"first","10":"instock","11":"sale","12":"taxable","13":"shipping-taxable","14":"purchasable","15":"product-type-simple"},"yoast_head":"<!-- This site is optimized with the Yoast SEO plugin v27.4 - https:\/\/yoast.com\/product\/yoast-seo-wordpress\/ -->\n<title>juego accesorios KLEIN k 75 - Ferreter\u00eda Juli\u00e0<\/title>\n<meta name=\"description\" content=\"juego accesorios KLEIN k 75 - Ferreter\u00eda Juli\u00e0 - Ferreter\u00eda Barcelona - 933 59 84 12 - info@ferreteriajulia.com - Gran variedad de productos\" \/>\n<meta name=\"robots\" content=\"index, follow, max-snippet:-1, max-image-preview:large, max-video-preview:-1\" \/>\n<link rel=\"canonical\" href=\"https:\/\/ferreteriajulia.com\/tienda\/producto\/jgo-accesorios-klein-k-75\/\" \/>\n<meta property=\"og:locale\" content=\"es_ES\" \/>\n<meta property=\"og:type\" content=\"article\" \/>\n<meta property=\"og:title\" content=\"juego accesorios KLEIN k 75 - Ferreter\u00eda Juli\u00e0\" \/>\n<meta property=\"og:description\" content=\"juego accesorios KLEIN k 75 - Ferreter\u00eda Juli\u00e0 - Ferreter\u00eda Barcelona - 933 59 84 12 - info@ferreteriajulia.com - Gran variedad de productos\" \/>\n<meta property=\"og:url\" content=\"https:\/\/ferreteriajulia.com\/tienda\/producto\/jgo-accesorios-klein-k-75\/\" \/>\n<meta property=\"og:site_name\" content=\"Ferreter\u00eda Juli\u00e0\" \/>\n<meta property=\"article:modified_time\" content=\"2026-02-23T09:21:45+00:00\" \/>\n<meta property=\"og:image\" content=\"https:\/\/ferreteriajulia.com\/tienda\/wp-content\/uploads\/2016\/04\/klein-k-75.png\" \/>\n\t<meta property=\"og:image:width\" content=\"1106\" \/>\n\t<meta property=\"og:image:height\" content=\"926\" \/>\n\t<meta property=\"og:image:type\" content=\"image\/png\" \/>\n<meta name=\"twitter:card\" content=\"summary_large_image\" \/>\n<meta name=\"twitter:label1\" content=\"Tiempo de lectura\" \/>\n\t<meta name=\"twitter:data1\" content=\"2 minutos\" \/>\n<script type=\"application\/ld+json\" class=\"yoast-schema-graph\">{\"@context\":\"https:\\\/\\\/schema.org\",\"@graph\":[{\"@type\":\"WebPage\",\"@id\":\"https:\\\/\\\/ferreteriajulia.com\\\/tienda\\\/producto\\\/jgo-accesorios-klein-k-75\\\/\",\"url\":\"https:\\\/\\\/ferreteriajulia.com\\\/tienda\\\/producto\\\/jgo-accesorios-klein-k-75\\\/\",\"name\":\"juego accesorios KLEIN k 75 - Ferreter\u00eda Juli\u00e0\",\"isPartOf\":{\"@id\":\"https:\\\/\\\/ferreteriajulia.com\\\/tienda\\\/#website\"},\"primaryImageOfPage\":{\"@id\":\"https:\\\/\\\/ferreteriajulia.com\\\/tienda\\\/producto\\\/jgo-accesorios-klein-k-75\\\/#primaryimage\"},\"image\":{\"@id\":\"https:\\\/\\\/ferreteriajulia.com\\\/tienda\\\/producto\\\/jgo-accesorios-klein-k-75\\\/#primaryimage\"},\"thumbnailUrl\":\"https:\\\/\\\/ferreteriajulia.com\\\/tienda\\\/wp-content\\\/uploads\\\/2016\\\/04\\\/klein-k-75.png\",\"datePublished\":\"2014-10-06T12:55:31+00:00\",\"dateModified\":\"2026-02-23T09:21:45+00:00\",\"description\":\"juego accesorios KLEIN k 75 - Ferreter\u00eda Juli\u00e0 - Ferreter\u00eda Barcelona - 933 59 84 12 - info@ferreteriajulia.com - Gran variedad de productos\",\"breadcrumb\":{\"@id\":\"https:\\\/\\\/ferreteriajulia.com\\\/tienda\\\/producto\\\/jgo-accesorios-klein-k-75\\\/#breadcrumb\"},\"inLanguage\":\"es\",\"potentialAction\":[{\"@type\":\"ReadAction\",\"target\":[\"https:\\\/\\\/ferreteriajulia.com\\\/tienda\\\/producto\\\/jgo-accesorios-klein-k-75\\\/\"]}]},{\"@type\":\"ImageObject\",\"inLanguage\":\"es\",\"@id\":\"https:\\\/\\\/ferreteriajulia.com\\\/tienda\\\/producto\\\/jgo-accesorios-klein-k-75\\\/#primaryimage\",\"url\":\"https:\\\/\\\/ferreteriajulia.com\\\/tienda\\\/wp-content\\\/uploads\\\/2016\\\/04\\\/klein-k-75.png\",\"contentUrl\":\"https:\\\/\\\/ferreteriajulia.com\\\/tienda\\\/wp-content\\\/uploads\\\/2016\\\/04\\\/klein-k-75.png\",\"width\":1106,\"height\":926},{\"@type\":\"BreadcrumbList\",\"@id\":\"https:\\\/\\\/ferreteriajulia.com\\\/tienda\\\/producto\\\/jgo-accesorios-klein-k-75\\\/#breadcrumb\",\"itemListElement\":[{\"@type\":\"ListItem\",\"position\":1,\"name\":\"Portada\",\"item\":\"https:\\\/\\\/ferreteriajulia.com\\\/tienda\\\/\"},{\"@type\":\"ListItem\",\"position\":2,\"name\":\"Tienda online\",\"item\":\"https:\\\/\\\/ferreteriajulia.com\\\/tienda\\\/shop\\\/\"},{\"@type\":\"ListItem\",\"position\":3,\"name\":\"juego accesorios KLEIN k 75\"}]},{\"@type\":\"WebSite\",\"@id\":\"https:\\\/\\\/ferreteriajulia.com\\\/tienda\\\/#website\",\"url\":\"https:\\\/\\\/ferreteriajulia.com\\\/tienda\\\/\",\"name\":\"Ferreter\u00eda Juli\u00e0\",\"description\":\"Ferreter\u00eda generalista, material para intalaciones y reparaciones.\",\"publisher\":{\"@id\":\"https:\\\/\\\/ferreteriajulia.com\\\/tienda\\\/#organization\"},\"potentialAction\":[{\"@type\":\"SearchAction\",\"target\":{\"@type\":\"EntryPoint\",\"urlTemplate\":\"https:\\\/\\\/ferreteriajulia.com\\\/tienda\\\/?s={search_term_string}\"},\"query-input\":{\"@type\":\"PropertyValueSpecification\",\"valueRequired\":true,\"valueName\":\"search_term_string\"}}],\"inLanguage\":\"es\"},{\"@type\":\"Organization\",\"@id\":\"https:\\\/\\\/ferreteriajulia.com\\\/tienda\\\/#organization\",\"name\":\"Ferreter\u00eda Juli\u00e0\",\"url\":\"https:\\\/\\\/ferreteriajulia.com\\\/tienda\\\/\",\"logo\":{\"@type\":\"ImageObject\",\"inLanguage\":\"es\",\"@id\":\"https:\\\/\\\/ferreteriajulia.com\\\/tienda\\\/#\\\/schema\\\/logo\\\/image\\\/\",\"url\":\"https:\\\/\\\/ferreteriajulia.com\\\/tienda\\\/wp-content\\\/uploads\\\/2023\\\/04\\\/LOGO_Ferreteria_Julia_HD-e1680625558319.png\",\"contentUrl\":\"https:\\\/\\\/ferreteriajulia.com\\\/tienda\\\/wp-content\\\/uploads\\\/2023\\\/04\\\/LOGO_Ferreteria_Julia_HD-e1680625558319.png\",\"width\":240,\"height\":89,\"caption\":\"Ferreter\u00eda Juli\u00e0\"},\"image\":{\"@id\":\"https:\\\/\\\/ferreteriajulia.com\\\/tienda\\\/#\\\/schema\\\/logo\\\/image\\\/\"}}]}<\/script>\n<!-- \/ Yoast SEO plugin. -->","yoast_head_json":{"title":"juego accesorios KLEIN k 75 - Ferreter\u00eda Juli\u00e0","description":"juego accesorios KLEIN k 75 - Ferreter\u00eda Juli\u00e0 - Ferreter\u00eda Barcelona - 933 59 84 12 - info@ferreteriajulia.com - Gran variedad de productos","robots":{"index":"index","follow":"follow","max-snippet":"max-snippet:-1","max-image-preview":"max-image-preview:large","max-video-preview":"max-video-preview:-1"},"canonical":"https:\/\/ferreteriajulia.com\/tienda\/producto\/jgo-accesorios-klein-k-75\/","og_locale":"es_ES","og_type":"article","og_title":"juego accesorios KLEIN k 75 - Ferreter\u00eda Juli\u00e0","og_description":"juego accesorios KLEIN k 75 - Ferreter\u00eda Juli\u00e0 - Ferreter\u00eda Barcelona - 933 59 84 12 - info@ferreteriajulia.com - Gran variedad de productos","og_url":"https:\/\/ferreteriajulia.com\/tienda\/producto\/jgo-accesorios-klein-k-75\/","og_site_name":"Ferreter\u00eda Juli\u00e0","article_modified_time":"2026-02-23T09:21:45+00:00","og_image":[{"width":1106,"height":926,"url":"https:\/\/ferreteriajulia.com\/tienda\/wp-content\/uploads\/2016\/04\/klein-k-75.png","type":"image\/png"}],"twitter_card":"summary_large_image","twitter_misc":{"Tiempo de lectura":"2 minutos"},"schema":{"@context":"https:\/\/schema.org","@graph":[{"@type":"WebPage","@id":"https:\/\/ferreteriajulia.com\/tienda\/producto\/jgo-accesorios-klein-k-75\/","url":"https:\/\/ferreteriajulia.com\/tienda\/producto\/jgo-accesorios-klein-k-75\/","name":"juego accesorios KLEIN k 75 - Ferreter\u00eda Juli\u00e0","isPartOf":{"@id":"https:\/\/ferreteriajulia.com\/tienda\/#website"},"primaryImageOfPage":{"@id":"https:\/\/ferreteriajulia.com\/tienda\/producto\/jgo-accesorios-klein-k-75\/#primaryimage"},"image":{"@id":"https:\/\/ferreteriajulia.com\/tienda\/producto\/jgo-accesorios-klein-k-75\/#primaryimage"},"thumbnailUrl":"https:\/\/ferreteriajulia.com\/tienda\/wp-content\/uploads\/2016\/04\/klein-k-75.png","datePublished":"2014-10-06T12:55:31+00:00","dateModified":"2026-02-23T09:21:45+00:00","description":"juego accesorios KLEIN k 75 - Ferreter\u00eda Juli\u00e0 - Ferreter\u00eda Barcelona - 933 59 84 12 - info@ferreteriajulia.com - Gran variedad de productos","breadcrumb":{"@id":"https:\/\/ferreteriajulia.com\/tienda\/producto\/jgo-accesorios-klein-k-75\/#breadcrumb"},"inLanguage":"es","potentialAction":[{"@type":"ReadAction","target":["https:\/\/ferreteriajulia.com\/tienda\/producto\/jgo-accesorios-klein-k-75\/"]}]},{"@type":"ImageObject","inLanguage":"es","@id":"https:\/\/ferreteriajulia.com\/tienda\/producto\/jgo-accesorios-klein-k-75\/#primaryimage","url":"https:\/\/ferreteriajulia.com\/tienda\/wp-content\/uploads\/2016\/04\/klein-k-75.png","contentUrl":"https:\/\/ferreteriajulia.com\/tienda\/wp-content\/uploads\/2016\/04\/klein-k-75.png","width":1106,"height":926},{"@type":"BreadcrumbList","@id":"https:\/\/ferreteriajulia.com\/tienda\/producto\/jgo-accesorios-klein-k-75\/#breadcrumb","itemListElement":[{"@type":"ListItem","position":1,"name":"Portada","item":"https:\/\/ferreteriajulia.com\/tienda\/"},{"@type":"ListItem","position":2,"name":"Tienda online","item":"https:\/\/ferreteriajulia.com\/tienda\/shop\/"},{"@type":"ListItem","position":3,"name":"juego accesorios KLEIN k 75"}]},{"@type":"WebSite","@id":"https:\/\/ferreteriajulia.com\/tienda\/#website","url":"https:\/\/ferreteriajulia.com\/tienda\/","name":"Ferreter\u00eda Juli\u00e0","description":"Ferreter\u00eda generalista, material para intalaciones y reparaciones.","publisher":{"@id":"https:\/\/ferreteriajulia.com\/tienda\/#organization"},"potentialAction":[{"@type":"SearchAction","target":{"@type":"EntryPoint","urlTemplate":"https:\/\/ferreteriajulia.com\/tienda\/?s={search_term_string}"},"query-input":{"@type":"PropertyValueSpecification","valueRequired":true,"valueName":"search_term_string"}}],"inLanguage":"es"},{"@type":"Organization","@id":"https:\/\/ferreteriajulia.com\/tienda\/#organization","name":"Ferreter\u00eda Juli\u00e0","url":"https:\/\/ferreteriajulia.com\/tienda\/","logo":{"@type":"ImageObject","inLanguage":"es","@id":"https:\/\/ferreteriajulia.com\/tienda\/#\/schema\/logo\/image\/","url":"https:\/\/ferreteriajulia.com\/tienda\/wp-content\/uploads\/2023\/04\/LOGO_Ferreteria_Julia_HD-e1680625558319.png","contentUrl":"https:\/\/ferreteriajulia.com\/tienda\/wp-content\/uploads\/2023\/04\/LOGO_Ferreteria_Julia_HD-e1680625558319.png","width":240,"height":89,"caption":"Ferreter\u00eda Juli\u00e0"},"image":{"@id":"https:\/\/ferreteriajulia.com\/tienda\/#\/schema\/logo\/image\/"}}]}},"_links":{"self":[{"href":"https:\/\/ferreteriajulia.com\/tienda\/wp-json\/wp\/v2\/product\/4583","targetHints":{"allow":["GET"]}}],"collection":[{"href":"https:\/\/ferreteriajulia.com\/tienda\/wp-json\/wp\/v2\/product"}],"about":[{"href":"https:\/\/ferreteriajulia.com\/tienda\/wp-json\/wp\/v2\/types\/product"}],"wp:featuredmedia":[{"embeddable":true,"href":"https:\/\/ferreteriajulia.com\/tienda\/wp-json\/wp\/v2\/media\/18967"}],"wp:attachment":[{"href":"https:\/\/ferreteriajulia.com\/tienda\/wp-json\/wp\/v2\/media?parent=4583"}],"wp:term":[{"taxonomy":"product_brand","embeddable":true,"href":"https:\/\/ferreteriajulia.com\/tienda\/wp-json\/wp\/v2\/product_brand?post=4583"},{"taxonomy":"product_cat","embeddable":true,"href":"https:\/\/ferreteriajulia.com\/tienda\/wp-json\/wp\/v2\/product_cat?post=4583"},{"taxonomy":"product_tag","embeddable":true,"href":"https:\/\/ferreteriajulia.com\/tienda\/wp-json\/wp\/v2\/product_tag?post=4583"}],"curies":[{"name":"wp","href":"https:\/\/api.w.org\/{rel}","templated":true}]}}