{"id":4610,"date":"2014-10-07T10:34:57","date_gmt":"2014-10-07T08:34:57","guid":{"rendered":"http:\/\/ferreteriajulia.com\/tienda\/?post_type=product&#038;p=4610"},"modified":"2026-04-20T16:53:21","modified_gmt":"2026-04-20T14:53:21","slug":"botella-aguarras-1lts","status":"publish","type":"product","link":"https:\/\/ferreteriajulia.com\/tienda\/producto\/botella-aguarras-1lts\/","title":{"rendered":"botella aguarr\u00e1s 1lts"},"content":{"rendered":"<p>botella aguarr\u00e1s 1lts Lepanto<\/p>\n<div class=\"Y3BBE\" data-sfc-cp=\"\" data-sfc-root=\"c\" data-sfc-cb=\"\" data-hveid=\"CAEQAA\" data-processed=\"true\">\n<p>El\u00a0Aguarr\u00e1s de <a href=\"https:\/\/ferreteriajulia.com\/tienda\/categoria-producto\/pintura-y-drogueria\/pinturas-y-accesorios-pintor\/pinturas-lepanto\/\">Pinturas Lepanto\u00a0<\/a>es una\u00a0mezcla de disolventes org\u00e1nicos de\u00a0evaporaci\u00f3n lenta, ideal para diluir esmaltes sint\u00e9ticos, barnices y pinturas al aceite. Es un producto incoloro, con olor caracter\u00edstico, dise\u00f1ado para mejorar la extensibilidad de la pintura y para la limpieza de herramientas y manchas.<\/p>\n<div class=\"Fwa2Od\" data-animation-skip=\"\" data-sfc-root=\"c\" data-sfc-cb=\"\" data-ved=\"2ahUKEwjB5YGK1vyTAxXJ1QIHHVvdKkgQ3s0SegQIARAE\" data-processed=\"true\"><\/div>\n<\/div>\n<div class=\"Y3BBE\" data-sfc-cp=\"\" data-sfc-root=\"c\" data-sfc-cb=\"\" data-hveid=\"CAIQAA\" data-processed=\"true\"><strong class=\"Yjhzub\" data-sfc-root=\"c\" data-sfc-cb=\"\" data-processed=\"true\">Caracter\u00edsticas Principales:\u00a0 \u00a0<\/strong><\/div>\n<ul class=\"KsbFXc U6u95\" data-sfc-root=\"c\" data-sfc-cb=\"\" data-processed=\"true\">\n<li class=\"dF3vjf\" data-sfc-root=\"c\" data-sfc-cb=\"\" data-hveid=\"CAMQAA\" data-processed=\"true\"><span class=\"T286Pc\" data-sfc-cp=\"\" data-sfc-root=\"c\" data-sfc-cb=\"\" data-processed=\"true\"><strong class=\"Yjhzub\" data-sfc-root=\"c\" data-sfc-cb=\"\" data-processed=\"true\">Uso:<\/strong>\u00a0Diluyente de pinturas sint\u00e9ticas y limpieza de brochas\/rodillos.<\/span><\/li>\n<li class=\"dF3vjf\" data-sfc-root=\"c\" data-sfc-cb=\"\" data-hveid=\"CAMQAQ\" data-processed=\"true\"><span class=\"T286Pc\" data-sfc-cp=\"\" data-sfc-root=\"c\" data-sfc-cb=\"\" data-processed=\"true\"><strong class=\"Yjhzub\" data-sfc-root=\"c\" data-sfc-cb=\"\" data-processed=\"true\">Evaporaci\u00f3n:<\/strong>\u00a0Lenta, lo que permite un mejor acabado sin marcas de brocha.<\/span><\/li>\n<li class=\"dF3vjf\" data-sfc-root=\"c\" data-sfc-cb=\"\" data-hveid=\"CAMQAg\" data-processed=\"true\"><span class=\"T286Pc\" data-sfc-cp=\"\" data-sfc-root=\"c\" data-sfc-cb=\"\" data-processed=\"true\"><strong class=\"Yjhzub\" data-sfc-root=\"c\" data-sfc-cb=\"\" data-processed=\"true\">Presentaciones:<\/strong> Disponible en varios tama\u00f1os, incluyendo 500 ml, 1 L<\/span>\n<div class=\"Fwa2Od\" data-animation-skip=\"\" data-sfc-root=\"c\" data-sfc-cb=\"\" data-ved=\"2ahUKEwjB5YGK1vyTAxXJ1QIHHVvdKkgQ3s0SegQIAxAF\" data-processed=\"true\"><\/div>\n<\/li>\n<\/ul>\n<div class=\"Y3BBE\" data-sfc-cp=\"\" data-sfc-root=\"c\" data-sfc-cb=\"\" data-hveid=\"CAQQAA\" data-processed=\"true\">Es un producto fundamental en la gama de disolventes de\u00a0<span data-sfc-cp=\"\" data-sfc-root=\"c\" data-sfc-cb=\"\" data-processed=\"true\">Pinturas Lepanto<\/span> para el profesional y el hogar.<\/div>\n<div class=\"Y3BBE\" data-sfc-cp=\"\" data-sfc-root=\"c\" data-sfc-cb=\"\" data-hveid=\"CAcQAA\" data-processed=\"true\"><\/div>\n<div data-sfc-cp=\"\" data-sfc-root=\"c\" data-sfc-cb=\"\" data-hveid=\"CAcQAA\" data-processed=\"true\"><\/div>\n<blockquote class=\"wp-embedded-content\" data-secret=\"QH2AFS9ZMm\"><p><a href=\"https:\/\/ferreteriajulia.com\/tienda\/producto\/disolvente-universal-500ml-lepanto\/\">Disolvente universal 500ml Lepanto<\/a><\/p><\/blockquote>\n<p><iframe loading=\"lazy\" class=\"wp-embedded-content\" sandbox=\"allow-scripts\" security=\"restricted\" style=\"position: absolute; visibility: hidden;\" title=\"\u00abDisolvente universal 500ml Lepanto\u00bb \u2014 Ferreter\u00eda Juli\u00e0\" src=\"https:\/\/ferreteriajulia.com\/tienda\/producto\/disolvente-universal-500ml-lepanto\/embed\/#?secret=6OR0wsT0jq#?secret=QH2AFS9ZMm\" data-secret=\"QH2AFS9ZMm\" width=\"600\" height=\"338\" frameborder=\"0\" marginwidth=\"0\" marginheight=\"0\" scrolling=\"no\"><\/iframe><\/p>\n<p>&nbsp;<\/p>\n","protected":false},"excerpt":{"rendered":"<p>botella aguarr\u00e1s 1lts<\/p>\n","protected":false},"featured_media":4611,"template":"","meta":{"_monsterinsights_skip_tracking":false,"_monsterinsights_sitenote_active":false,"_monsterinsights_sitenote_note":"","_monsterinsights_sitenote_category":0},"product_brand":[283],"product_cat":[847],"product_tag":[],"class_list":{"0":"post-4610","1":"product","2":"type-product","3":"status-publish","4":"has-post-thumbnail","6":"product_brand-283","7":"product_cat-imprimaciones-y-disolventes","9":"first","10":"instock","11":"taxable","12":"shipping-taxable","13":"purchasable","14":"product-type-simple"},"yoast_head":"<!-- This site is optimized with the Yoast SEO plugin v27.1.1 - https:\/\/yoast.com\/product\/yoast-seo-wordpress\/ -->\n<title>botella aguarr\u00e1s 1lts - Ferreter\u00eda Juli\u00e0<\/title>\n<meta name=\"description\" content=\"botella aguarr\u00e1s 1lts - Ferreter\u00eda Juli\u00e0 - Ferreter\u00eda en Barcelona y venta On-line - telf.933 59 84 12 - info@ferreteriajulia.com - Gran variedad de productos\" \/>\n<meta name=\"robots\" content=\"index, follow, max-snippet:-1, max-image-preview:large, max-video-preview:-1\" \/>\n<link rel=\"canonical\" href=\"http:\/\/ferreteriajulia.com\/tienda\/producto\/botella-aguarras-1lts\/\" \/>\n<meta property=\"og:locale\" content=\"es_ES\" \/>\n<meta property=\"og:type\" content=\"article\" \/>\n<meta property=\"og:title\" content=\"botella aguarr\u00e1s 1lts - Ferreter\u00eda Juli\u00e0\" \/>\n<meta property=\"og:description\" content=\"botella aguarr\u00e1s 1lts - Ferreter\u00eda Juli\u00e0 - Ferreter\u00eda en Barcelona y venta On-line - telf.933 59 84 12 - info@ferreteriajulia.com - Gran variedad de productos\" \/>\n<meta property=\"og:url\" content=\"http:\/\/ferreteriajulia.com\/tienda\/producto\/botella-aguarras-1lts\/\" \/>\n<meta property=\"og:site_name\" content=\"Ferreter\u00eda Juli\u00e0\" \/>\n<meta property=\"article:modified_time\" content=\"2026-04-20T14:53:21+00:00\" \/>\n<meta property=\"og:image\" content=\"http:\/\/ferreteriajulia.com\/tienda\/wp-content\/uploads\/2014\/10\/p-4610-aguarr\u00e1s-1lts.jpg\" \/>\n\t<meta property=\"og:image:width\" content=\"640\" \/>\n\t<meta property=\"og:image:height\" content=\"640\" \/>\n\t<meta property=\"og:image:type\" content=\"image\/jpeg\" \/>\n<meta name=\"twitter:card\" content=\"summary_large_image\" \/>\n<meta name=\"twitter:label1\" content=\"Tiempo de lectura\" \/>\n\t<meta name=\"twitter:data1\" content=\"1 minuto\" \/>\n<script type=\"application\/ld+json\" class=\"yoast-schema-graph\">{\"@context\":\"https:\/\/schema.org\",\"@graph\":[{\"@type\":\"WebPage\",\"@id\":\"http:\/\/ferreteriajulia.com\/tienda\/producto\/botella-aguarras-1lts\/\",\"url\":\"http:\/\/ferreteriajulia.com\/tienda\/producto\/botella-aguarras-1lts\/\",\"name\":\"botella aguarr\u00e1s 1lts - Ferreter\u00eda Juli\u00e0\",\"isPartOf\":{\"@id\":\"https:\/\/ferreteriajulia.com\/tienda\/#website\"},\"primaryImageOfPage\":{\"@id\":\"http:\/\/ferreteriajulia.com\/tienda\/producto\/botella-aguarras-1lts\/#primaryimage\"},\"image\":{\"@id\":\"http:\/\/ferreteriajulia.com\/tienda\/producto\/botella-aguarras-1lts\/#primaryimage\"},\"thumbnailUrl\":\"https:\/\/ferreteriajulia.com\/tienda\/wp-content\/uploads\/2014\/10\/p-4610-aguarr\u00e1s-1lts.jpg\",\"datePublished\":\"2014-10-07T08:34:57+00:00\",\"dateModified\":\"2026-04-20T14:53:21+00:00\",\"description\":\"botella aguarr\u00e1s 1lts - Ferreter\u00eda Juli\u00e0 - Ferreter\u00eda en Barcelona y venta On-line - telf.933 59 84 12 - info@ferreteriajulia.com - Gran variedad de productos\",\"breadcrumb\":{\"@id\":\"http:\/\/ferreteriajulia.com\/tienda\/producto\/botella-aguarras-1lts\/#breadcrumb\"},\"inLanguage\":\"es\",\"potentialAction\":[{\"@type\":\"ReadAction\",\"target\":[\"http:\/\/ferreteriajulia.com\/tienda\/producto\/botella-aguarras-1lts\/\"]}]},{\"@type\":\"ImageObject\",\"inLanguage\":\"es\",\"@id\":\"http:\/\/ferreteriajulia.com\/tienda\/producto\/botella-aguarras-1lts\/#primaryimage\",\"url\":\"https:\/\/ferreteriajulia.com\/tienda\/wp-content\/uploads\/2014\/10\/p-4610-aguarr\u00e1s-1lts.jpg\",\"contentUrl\":\"https:\/\/ferreteriajulia.com\/tienda\/wp-content\/uploads\/2014\/10\/p-4610-aguarr\u00e1s-1lts.jpg\",\"width\":640,\"height\":640,\"caption\":\"botella aguarr\u00e1s 1lts\"},{\"@type\":\"BreadcrumbList\",\"@id\":\"http:\/\/ferreteriajulia.com\/tienda\/producto\/botella-aguarras-1lts\/#breadcrumb\",\"itemListElement\":[{\"@type\":\"ListItem\",\"position\":1,\"name\":\"Portada\",\"item\":\"https:\/\/ferreteriajulia.com\/tienda\/\"},{\"@type\":\"ListItem\",\"position\":2,\"name\":\"Tienda online\",\"item\":\"https:\/\/ferreteriajulia.com\/tienda\/shop\/\"},{\"@type\":\"ListItem\",\"position\":3,\"name\":\"botella aguarr\u00e1s 1lts\"}]},{\"@type\":\"WebSite\",\"@id\":\"https:\/\/ferreteriajulia.com\/tienda\/#website\",\"url\":\"https:\/\/ferreteriajulia.com\/tienda\/\",\"name\":\"Ferreter\u00eda Juli\u00e0\",\"description\":\"Ferreter\u00eda generalista, material para intalaciones y reparaciones.\",\"publisher\":{\"@id\":\"https:\/\/ferreteriajulia.com\/tienda\/#organization\"},\"potentialAction\":[{\"@type\":\"SearchAction\",\"target\":{\"@type\":\"EntryPoint\",\"urlTemplate\":\"https:\/\/ferreteriajulia.com\/tienda\/?s={search_term_string}\"},\"query-input\":{\"@type\":\"PropertyValueSpecification\",\"valueRequired\":true,\"valueName\":\"search_term_string\"}}],\"inLanguage\":\"es\"},{\"@type\":\"Organization\",\"@id\":\"https:\/\/ferreteriajulia.com\/tienda\/#organization\",\"name\":\"Ferreter\u00eda Juli\u00e0\",\"url\":\"https:\/\/ferreteriajulia.com\/tienda\/\",\"logo\":{\"@type\":\"ImageObject\",\"inLanguage\":\"es\",\"@id\":\"https:\/\/ferreteriajulia.com\/tienda\/#\/schema\/logo\/image\/\",\"url\":\"https:\/\/ferreteriajulia.com\/tienda\/wp-content\/uploads\/2023\/04\/LOGO_Ferreteria_Julia_HD-e1680625558319.png\",\"contentUrl\":\"https:\/\/ferreteriajulia.com\/tienda\/wp-content\/uploads\/2023\/04\/LOGO_Ferreteria_Julia_HD-e1680625558319.png\",\"width\":240,\"height\":89,\"caption\":\"Ferreter\u00eda Juli\u00e0\"},\"image\":{\"@id\":\"https:\/\/ferreteriajulia.com\/tienda\/#\/schema\/logo\/image\/\"}}]}<\/script>\n<!-- \/ Yoast SEO plugin. -->","yoast_head_json":{"title":"botella aguarr\u00e1s 1lts - Ferreter\u00eda Juli\u00e0","description":"botella aguarr\u00e1s 1lts - Ferreter\u00eda Juli\u00e0 - Ferreter\u00eda en Barcelona y venta On-line - telf.933 59 84 12 - info@ferreteriajulia.com - Gran variedad de productos","robots":{"index":"index","follow":"follow","max-snippet":"max-snippet:-1","max-image-preview":"max-image-preview:large","max-video-preview":"max-video-preview:-1"},"canonical":"http:\/\/ferreteriajulia.com\/tienda\/producto\/botella-aguarras-1lts\/","og_locale":"es_ES","og_type":"article","og_title":"botella aguarr\u00e1s 1lts - Ferreter\u00eda Juli\u00e0","og_description":"botella aguarr\u00e1s 1lts - Ferreter\u00eda Juli\u00e0 - Ferreter\u00eda en Barcelona y venta On-line - telf.933 59 84 12 - info@ferreteriajulia.com - Gran variedad de productos","og_url":"http:\/\/ferreteriajulia.com\/tienda\/producto\/botella-aguarras-1lts\/","og_site_name":"Ferreter\u00eda Juli\u00e0","article_modified_time":"2026-04-20T14:53:21+00:00","og_image":[{"width":640,"height":640,"url":"http:\/\/ferreteriajulia.com\/tienda\/wp-content\/uploads\/2014\/10\/p-4610-aguarr\u00e1s-1lts.jpg","type":"image\/jpeg"}],"twitter_card":"summary_large_image","twitter_misc":{"Tiempo de lectura":"1 minuto"},"schema":{"@context":"https:\/\/schema.org","@graph":[{"@type":"WebPage","@id":"http:\/\/ferreteriajulia.com\/tienda\/producto\/botella-aguarras-1lts\/","url":"http:\/\/ferreteriajulia.com\/tienda\/producto\/botella-aguarras-1lts\/","name":"botella aguarr\u00e1s 1lts - Ferreter\u00eda Juli\u00e0","isPartOf":{"@id":"https:\/\/ferreteriajulia.com\/tienda\/#website"},"primaryImageOfPage":{"@id":"http:\/\/ferreteriajulia.com\/tienda\/producto\/botella-aguarras-1lts\/#primaryimage"},"image":{"@id":"http:\/\/ferreteriajulia.com\/tienda\/producto\/botella-aguarras-1lts\/#primaryimage"},"thumbnailUrl":"https:\/\/ferreteriajulia.com\/tienda\/wp-content\/uploads\/2014\/10\/p-4610-aguarr\u00e1s-1lts.jpg","datePublished":"2014-10-07T08:34:57+00:00","dateModified":"2026-04-20T14:53:21+00:00","description":"botella aguarr\u00e1s 1lts - Ferreter\u00eda Juli\u00e0 - Ferreter\u00eda en Barcelona y venta On-line - telf.933 59 84 12 - info@ferreteriajulia.com - Gran variedad de productos","breadcrumb":{"@id":"http:\/\/ferreteriajulia.com\/tienda\/producto\/botella-aguarras-1lts\/#breadcrumb"},"inLanguage":"es","potentialAction":[{"@type":"ReadAction","target":["http:\/\/ferreteriajulia.com\/tienda\/producto\/botella-aguarras-1lts\/"]}]},{"@type":"ImageObject","inLanguage":"es","@id":"http:\/\/ferreteriajulia.com\/tienda\/producto\/botella-aguarras-1lts\/#primaryimage","url":"https:\/\/ferreteriajulia.com\/tienda\/wp-content\/uploads\/2014\/10\/p-4610-aguarr\u00e1s-1lts.jpg","contentUrl":"https:\/\/ferreteriajulia.com\/tienda\/wp-content\/uploads\/2014\/10\/p-4610-aguarr\u00e1s-1lts.jpg","width":640,"height":640,"caption":"botella aguarr\u00e1s 1lts"},{"@type":"BreadcrumbList","@id":"http:\/\/ferreteriajulia.com\/tienda\/producto\/botella-aguarras-1lts\/#breadcrumb","itemListElement":[{"@type":"ListItem","position":1,"name":"Portada","item":"https:\/\/ferreteriajulia.com\/tienda\/"},{"@type":"ListItem","position":2,"name":"Tienda online","item":"https:\/\/ferreteriajulia.com\/tienda\/shop\/"},{"@type":"ListItem","position":3,"name":"botella aguarr\u00e1s 1lts"}]},{"@type":"WebSite","@id":"https:\/\/ferreteriajulia.com\/tienda\/#website","url":"https:\/\/ferreteriajulia.com\/tienda\/","name":"Ferreter\u00eda Juli\u00e0","description":"Ferreter\u00eda generalista, material para intalaciones y reparaciones.","publisher":{"@id":"https:\/\/ferreteriajulia.com\/tienda\/#organization"},"potentialAction":[{"@type":"SearchAction","target":{"@type":"EntryPoint","urlTemplate":"https:\/\/ferreteriajulia.com\/tienda\/?s={search_term_string}"},"query-input":{"@type":"PropertyValueSpecification","valueRequired":true,"valueName":"search_term_string"}}],"inLanguage":"es"},{"@type":"Organization","@id":"https:\/\/ferreteriajulia.com\/tienda\/#organization","name":"Ferreter\u00eda Juli\u00e0","url":"https:\/\/ferreteriajulia.com\/tienda\/","logo":{"@type":"ImageObject","inLanguage":"es","@id":"https:\/\/ferreteriajulia.com\/tienda\/#\/schema\/logo\/image\/","url":"https:\/\/ferreteriajulia.com\/tienda\/wp-content\/uploads\/2023\/04\/LOGO_Ferreteria_Julia_HD-e1680625558319.png","contentUrl":"https:\/\/ferreteriajulia.com\/tienda\/wp-content\/uploads\/2023\/04\/LOGO_Ferreteria_Julia_HD-e1680625558319.png","width":240,"height":89,"caption":"Ferreter\u00eda Juli\u00e0"},"image":{"@id":"https:\/\/ferreteriajulia.com\/tienda\/#\/schema\/logo\/image\/"}}]}},"_links":{"self":[{"href":"https:\/\/ferreteriajulia.com\/tienda\/wp-json\/wp\/v2\/product\/4610","targetHints":{"allow":["GET"]}}],"collection":[{"href":"https:\/\/ferreteriajulia.com\/tienda\/wp-json\/wp\/v2\/product"}],"about":[{"href":"https:\/\/ferreteriajulia.com\/tienda\/wp-json\/wp\/v2\/types\/product"}],"wp:featuredmedia":[{"embeddable":true,"href":"https:\/\/ferreteriajulia.com\/tienda\/wp-json\/wp\/v2\/media\/4611"}],"wp:attachment":[{"href":"https:\/\/ferreteriajulia.com\/tienda\/wp-json\/wp\/v2\/media?parent=4610"}],"wp:term":[{"taxonomy":"product_brand","embeddable":true,"href":"https:\/\/ferreteriajulia.com\/tienda\/wp-json\/wp\/v2\/product_brand?post=4610"},{"taxonomy":"product_cat","embeddable":true,"href":"https:\/\/ferreteriajulia.com\/tienda\/wp-json\/wp\/v2\/product_cat?post=4610"},{"taxonomy":"product_tag","embeddable":true,"href":"https:\/\/ferreteriajulia.com\/tienda\/wp-json\/wp\/v2\/product_tag?post=4610"}],"curies":[{"name":"wp","href":"https:\/\/api.w.org\/{rel}","templated":true}]}}