{"id":4893,"date":"2014-10-13T17:50:18","date_gmt":"2014-10-13T15:50:18","guid":{"rendered":"http:\/\/ferreteriajulia.com\/tienda\/?post_type=product&#038;p=4893"},"modified":"2026-03-13T14:39:09","modified_gmt":"2026-03-13T13:39:09","slug":"cartucho-taco-quimico-viniliester","status":"publish","type":"product","link":"https:\/\/ferreteriajulia.com\/tienda\/producto\/cartucho-taco-quimico-viniliester\/","title":{"rendered":"cartucho taco qu\u00edmico FISCHER FIS VS Plus 300 T"},"content":{"rendered":"<p>cartucho taco qu\u00edmico FISCHER FIS VS Plus 300 T Viniliester<\/p>\n<p>cartucho resina DIY FIS V 300+ DOS mezcladores<\/p>\n<h4>APTO PARA EXTERIORES Y SITIOS H\u00daMEDOS<\/h4>\n<h4>extraresistente 3700kg (fijaci\u00f3n M16, profundidad m\u00ednima 192mm)<br \/>\ntenemos <a href=\"https:\/\/ferreteriajulia.com\/tienda\/?s=casquillo+taco+qu%C3%ADmico&amp;post_type=product\">vainas \/ casquillos para paredes huecas d.12mm d.16mm y d.20mm<\/a><\/h4>\n<p>490g\u00a0 300ml\u00a0El poderoso mortero universal para hormig\u00f3n y mamposter\u00eda<\/p>\n<h3>\u00a0Ventajas cartucho taco qu\u00edmico FISCHER FIS VS Plus 300 T<\/h3>\n<div class=\"richtext-fi accordion-benefits-description-fi__text accordion-benefits-description-fi__text--no-spacings\">\n<ul>\n<li>El mortero de inyecci\u00f3n FIS V Plus cuenta con numerosas homologaciones de sistemas, como en hormig\u00f3n agrietado y no agrietado, mamposter\u00eda y para aplicaciones especiales.<\/li>\n<li>La evaluaci\u00f3n ETA para una vida \u00fatil de 100 a\u00f1os ofrece una seguridad permanente para todas las aplicaciones.<\/li>\n<li>El uso aprobado en perforaciones llenas de agua permite una amplia gama de aplicaciones, incluso en condiciones ambientales adversas.<\/li>\n<li>El FIS VW Plus High Speed tiene un tiempo de endurecimiento significativamente m\u00e1s corto que el FIS V Plus, lo que garantiza un progreso r\u00e1pido del trabajo incluso a bajas temperaturas.<\/li>\n<li>El FIS VS Plus Low Speed tiene un tiempo de procesamiento ampliado que evita el endurecimiento prematuro del mortero a temperaturas m\u00e1s altas. Es ideal para grandes profundidades de perforaci\u00f3n.<\/li>\n<li>La amplia gama de accesorios se adapta perfectamente a la familia de morteros de inyecci\u00f3n FIS V Plus, aumenta la gran flexibilidad del sistema y permite as\u00ed una amplia gama de aplicaciones.<\/li>\n<\/ul>\n<p>l mortero fischer de alto rendimiento FIS V Plus es el todoterreno universal para los m\u00e1s altos requisitos. El mortero h\u00edbrido de \u00e9ster vin\u00edlico sin estireno con sus numerosos elementos de fijaci\u00f3n est\u00e1 aprobado para fijaciones en hormig\u00f3n agrietado y no agrietado, as\u00ed como en mamposter\u00eda. Sin embargo, el mortero de inyecci\u00f3n tambi\u00e9n se utiliza con los componentes del sistema aprobados para conexiones de barras de refuerzo, el anclaje reparador de muro VBS 8 de fischer, el anclaje resistente a la intemperie FWS II de fischer y la instalaci\u00f3n a distancia TherMax. La variante FIS VS Plus permite un tiempo de procesamiento prolongado a temperaturas de procesamiento m\u00e1s altas o una mayor profundidad de barreno de perforaci\u00f3n. El menor tiempo de endurecimiento de la variante FIS VW Plus High Speed permite un r\u00e1pido progreso del trabajo incluso a bajas temperaturas.<\/p>\n<\/div>\n<blockquote class=\"wp-embedded-content\" data-secret=\"pkW8U3UHgo\"><p><a href=\"https:\/\/ferreteriajulia.com\/tienda\/producto\/pistola-silicona-tajima-convoy-lite\/\">pistola silicona Tajima Convoy LITE<\/a><\/p><\/blockquote>\n<p><iframe loading=\"lazy\" class=\"wp-embedded-content\" sandbox=\"allow-scripts\" security=\"restricted\" style=\"position: absolute; visibility: hidden;\" title=\"\u00abpistola silicona Tajima Convoy LITE\u00bb \u2014 Ferreter\u00eda Juli\u00e0\" src=\"https:\/\/ferreteriajulia.com\/tienda\/producto\/pistola-silicona-tajima-convoy-lite\/embed\/#?secret=yvSOnO0rpy#?secret=pkW8U3UHgo\" data-secret=\"pkW8U3UHgo\" width=\"600\" height=\"338\" frameborder=\"0\" marginwidth=\"0\" marginheight=\"0\" scrolling=\"no\"><\/iframe><\/p>\n","protected":false},"excerpt":{"rendered":"<p>cartucho taco qu\u00edmico FISCHER FIS VS Plus 300 T<\/p>\n","protected":false},"featured_media":18218,"template":"","meta":{"_monsterinsights_skip_tracking":false,"_monsterinsights_sitenote_active":false,"_monsterinsights_sitenote_note":"","_monsterinsights_sitenote_category":0},"product_brand":[262],"product_cat":[690],"product_tag":[],"class_list":{"0":"post-4893","1":"product","2":"type-product","3":"status-publish","4":"has-post-thumbnail","6":"product_brand-262","7":"product_cat-tacos","9":"first","10":"instock","11":"sale","12":"taxable","13":"shipping-taxable","14":"purchasable","15":"product-type-simple"},"yoast_head":"<!-- This site is optimized with the Yoast SEO plugin v27.4 - https:\/\/yoast.com\/product\/yoast-seo-wordpress\/ -->\n<title>cartucho taco qu\u00edmico FISCHER FIS VS Plus 300 T - Ferreter\u00eda Juli\u00e0<\/title>\n<meta name=\"description\" content=\"cartucho taco qu\u00edmico FISCHER FIS VS Plus 300 T - Ferreter\u00eda Juli\u00e0 - Ferreter\u00eda en Barcelona y venta On-line - telf.933 59 84 12 - info@ferreteriajulia.com - Gran variedad de productos\" \/>\n<meta name=\"robots\" content=\"index, follow, max-snippet:-1, max-image-preview:large, max-video-preview:-1\" \/>\n<link rel=\"canonical\" href=\"https:\/\/ferreteriajulia.com\/tienda\/producto\/cartucho-taco-quimico-viniliester\/\" \/>\n<meta property=\"og:locale\" content=\"es_ES\" \/>\n<meta property=\"og:type\" content=\"article\" \/>\n<meta property=\"og:title\" content=\"cartucho taco qu\u00edmico FISCHER FIS VS Plus 300 T - Ferreter\u00eda Juli\u00e0\" \/>\n<meta property=\"og:description\" content=\"cartucho taco qu\u00edmico FISCHER FIS VS Plus 300 T - Ferreter\u00eda Juli\u00e0 - Ferreter\u00eda en Barcelona y venta On-line - telf.933 59 84 12 - info@ferreteriajulia.com - Gran variedad de productos\" \/>\n<meta property=\"og:url\" content=\"https:\/\/ferreteriajulia.com\/tienda\/producto\/cartucho-taco-quimico-viniliester\/\" \/>\n<meta property=\"og:site_name\" content=\"Ferreter\u00eda Juli\u00e0\" \/>\n<meta property=\"article:modified_time\" content=\"2026-03-13T13:39:09+00:00\" \/>\n<meta property=\"og:image\" content=\"https:\/\/ferreteriajulia.com\/tienda\/wp-content\/uploads\/2014\/10\/cartucho-fischer-viniliester.png\" \/>\n\t<meta property=\"og:image:width\" content=\"849\" \/>\n\t<meta property=\"og:image:height\" content=\"770\" \/>\n\t<meta property=\"og:image:type\" content=\"image\/png\" \/>\n<meta name=\"twitter:card\" content=\"summary_large_image\" \/>\n<meta name=\"twitter:label1\" content=\"Tiempo de lectura\" \/>\n\t<meta name=\"twitter:data1\" content=\"2 minutos\" \/>\n<script type=\"application\/ld+json\" class=\"yoast-schema-graph\">{\"@context\":\"https:\\\/\\\/schema.org\",\"@graph\":[{\"@type\":\"WebPage\",\"@id\":\"https:\\\/\\\/ferreteriajulia.com\\\/tienda\\\/producto\\\/cartucho-taco-quimico-viniliester\\\/\",\"url\":\"https:\\\/\\\/ferreteriajulia.com\\\/tienda\\\/producto\\\/cartucho-taco-quimico-viniliester\\\/\",\"name\":\"cartucho taco qu\u00edmico FISCHER FIS VS Plus 300 T - Ferreter\u00eda Juli\u00e0\",\"isPartOf\":{\"@id\":\"https:\\\/\\\/ferreteriajulia.com\\\/tienda\\\/#website\"},\"primaryImageOfPage\":{\"@id\":\"https:\\\/\\\/ferreteriajulia.com\\\/tienda\\\/producto\\\/cartucho-taco-quimico-viniliester\\\/#primaryimage\"},\"image\":{\"@id\":\"https:\\\/\\\/ferreteriajulia.com\\\/tienda\\\/producto\\\/cartucho-taco-quimico-viniliester\\\/#primaryimage\"},\"thumbnailUrl\":\"https:\\\/\\\/ferreteriajulia.com\\\/tienda\\\/wp-content\\\/uploads\\\/2014\\\/10\\\/cartucho-fischer-viniliester.png\",\"datePublished\":\"2014-10-13T15:50:18+00:00\",\"dateModified\":\"2026-03-13T13:39:09+00:00\",\"description\":\"cartucho taco qu\u00edmico FISCHER FIS VS Plus 300 T - Ferreter\u00eda Juli\u00e0 - Ferreter\u00eda en Barcelona y venta On-line - telf.933 59 84 12 - info@ferreteriajulia.com - Gran variedad de productos\",\"breadcrumb\":{\"@id\":\"https:\\\/\\\/ferreteriajulia.com\\\/tienda\\\/producto\\\/cartucho-taco-quimico-viniliester\\\/#breadcrumb\"},\"inLanguage\":\"es\",\"potentialAction\":[{\"@type\":\"ReadAction\",\"target\":[\"https:\\\/\\\/ferreteriajulia.com\\\/tienda\\\/producto\\\/cartucho-taco-quimico-viniliester\\\/\"]}]},{\"@type\":\"ImageObject\",\"inLanguage\":\"es\",\"@id\":\"https:\\\/\\\/ferreteriajulia.com\\\/tienda\\\/producto\\\/cartucho-taco-quimico-viniliester\\\/#primaryimage\",\"url\":\"https:\\\/\\\/ferreteriajulia.com\\\/tienda\\\/wp-content\\\/uploads\\\/2014\\\/10\\\/cartucho-fischer-viniliester.png\",\"contentUrl\":\"https:\\\/\\\/ferreteriajulia.com\\\/tienda\\\/wp-content\\\/uploads\\\/2014\\\/10\\\/cartucho-fischer-viniliester.png\",\"width\":849,\"height\":770},{\"@type\":\"BreadcrumbList\",\"@id\":\"https:\\\/\\\/ferreteriajulia.com\\\/tienda\\\/producto\\\/cartucho-taco-quimico-viniliester\\\/#breadcrumb\",\"itemListElement\":[{\"@type\":\"ListItem\",\"position\":1,\"name\":\"Portada\",\"item\":\"https:\\\/\\\/ferreteriajulia.com\\\/tienda\\\/\"},{\"@type\":\"ListItem\",\"position\":2,\"name\":\"Tienda online\",\"item\":\"https:\\\/\\\/ferreteriajulia.com\\\/tienda\\\/shop\\\/\"},{\"@type\":\"ListItem\",\"position\":3,\"name\":\"cartucho taco qu\u00edmico FISCHER FIS VS Plus 300 T\"}]},{\"@type\":\"WebSite\",\"@id\":\"https:\\\/\\\/ferreteriajulia.com\\\/tienda\\\/#website\",\"url\":\"https:\\\/\\\/ferreteriajulia.com\\\/tienda\\\/\",\"name\":\"Ferreter\u00eda Juli\u00e0\",\"description\":\"Ferreter\u00eda generalista, material para intalaciones y reparaciones.\",\"publisher\":{\"@id\":\"https:\\\/\\\/ferreteriajulia.com\\\/tienda\\\/#organization\"},\"potentialAction\":[{\"@type\":\"SearchAction\",\"target\":{\"@type\":\"EntryPoint\",\"urlTemplate\":\"https:\\\/\\\/ferreteriajulia.com\\\/tienda\\\/?s={search_term_string}\"},\"query-input\":{\"@type\":\"PropertyValueSpecification\",\"valueRequired\":true,\"valueName\":\"search_term_string\"}}],\"inLanguage\":\"es\"},{\"@type\":\"Organization\",\"@id\":\"https:\\\/\\\/ferreteriajulia.com\\\/tienda\\\/#organization\",\"name\":\"Ferreter\u00eda Juli\u00e0\",\"url\":\"https:\\\/\\\/ferreteriajulia.com\\\/tienda\\\/\",\"logo\":{\"@type\":\"ImageObject\",\"inLanguage\":\"es\",\"@id\":\"https:\\\/\\\/ferreteriajulia.com\\\/tienda\\\/#\\\/schema\\\/logo\\\/image\\\/\",\"url\":\"https:\\\/\\\/ferreteriajulia.com\\\/tienda\\\/wp-content\\\/uploads\\\/2023\\\/04\\\/LOGO_Ferreteria_Julia_HD-e1680625558319.png\",\"contentUrl\":\"https:\\\/\\\/ferreteriajulia.com\\\/tienda\\\/wp-content\\\/uploads\\\/2023\\\/04\\\/LOGO_Ferreteria_Julia_HD-e1680625558319.png\",\"width\":240,\"height\":89,\"caption\":\"Ferreter\u00eda Juli\u00e0\"},\"image\":{\"@id\":\"https:\\\/\\\/ferreteriajulia.com\\\/tienda\\\/#\\\/schema\\\/logo\\\/image\\\/\"}}]}<\/script>\n<!-- \/ Yoast SEO plugin. -->","yoast_head_json":{"title":"cartucho taco qu\u00edmico FISCHER FIS VS Plus 300 T - Ferreter\u00eda Juli\u00e0","description":"cartucho taco qu\u00edmico FISCHER FIS VS Plus 300 T - Ferreter\u00eda Juli\u00e0 - Ferreter\u00eda en Barcelona y venta On-line - telf.933 59 84 12 - info@ferreteriajulia.com - Gran variedad de productos","robots":{"index":"index","follow":"follow","max-snippet":"max-snippet:-1","max-image-preview":"max-image-preview:large","max-video-preview":"max-video-preview:-1"},"canonical":"https:\/\/ferreteriajulia.com\/tienda\/producto\/cartucho-taco-quimico-viniliester\/","og_locale":"es_ES","og_type":"article","og_title":"cartucho taco qu\u00edmico FISCHER FIS VS Plus 300 T - Ferreter\u00eda Juli\u00e0","og_description":"cartucho taco qu\u00edmico FISCHER FIS VS Plus 300 T - Ferreter\u00eda Juli\u00e0 - Ferreter\u00eda en Barcelona y venta On-line - telf.933 59 84 12 - info@ferreteriajulia.com - Gran variedad de productos","og_url":"https:\/\/ferreteriajulia.com\/tienda\/producto\/cartucho-taco-quimico-viniliester\/","og_site_name":"Ferreter\u00eda Juli\u00e0","article_modified_time":"2026-03-13T13:39:09+00:00","og_image":[{"width":849,"height":770,"url":"https:\/\/ferreteriajulia.com\/tienda\/wp-content\/uploads\/2014\/10\/cartucho-fischer-viniliester.png","type":"image\/png"}],"twitter_card":"summary_large_image","twitter_misc":{"Tiempo de lectura":"2 minutos"},"schema":{"@context":"https:\/\/schema.org","@graph":[{"@type":"WebPage","@id":"https:\/\/ferreteriajulia.com\/tienda\/producto\/cartucho-taco-quimico-viniliester\/","url":"https:\/\/ferreteriajulia.com\/tienda\/producto\/cartucho-taco-quimico-viniliester\/","name":"cartucho taco qu\u00edmico FISCHER FIS VS Plus 300 T - Ferreter\u00eda Juli\u00e0","isPartOf":{"@id":"https:\/\/ferreteriajulia.com\/tienda\/#website"},"primaryImageOfPage":{"@id":"https:\/\/ferreteriajulia.com\/tienda\/producto\/cartucho-taco-quimico-viniliester\/#primaryimage"},"image":{"@id":"https:\/\/ferreteriajulia.com\/tienda\/producto\/cartucho-taco-quimico-viniliester\/#primaryimage"},"thumbnailUrl":"https:\/\/ferreteriajulia.com\/tienda\/wp-content\/uploads\/2014\/10\/cartucho-fischer-viniliester.png","datePublished":"2014-10-13T15:50:18+00:00","dateModified":"2026-03-13T13:39:09+00:00","description":"cartucho taco qu\u00edmico FISCHER FIS VS Plus 300 T - Ferreter\u00eda Juli\u00e0 - Ferreter\u00eda en Barcelona y venta On-line - telf.933 59 84 12 - info@ferreteriajulia.com - Gran variedad de productos","breadcrumb":{"@id":"https:\/\/ferreteriajulia.com\/tienda\/producto\/cartucho-taco-quimico-viniliester\/#breadcrumb"},"inLanguage":"es","potentialAction":[{"@type":"ReadAction","target":["https:\/\/ferreteriajulia.com\/tienda\/producto\/cartucho-taco-quimico-viniliester\/"]}]},{"@type":"ImageObject","inLanguage":"es","@id":"https:\/\/ferreteriajulia.com\/tienda\/producto\/cartucho-taco-quimico-viniliester\/#primaryimage","url":"https:\/\/ferreteriajulia.com\/tienda\/wp-content\/uploads\/2014\/10\/cartucho-fischer-viniliester.png","contentUrl":"https:\/\/ferreteriajulia.com\/tienda\/wp-content\/uploads\/2014\/10\/cartucho-fischer-viniliester.png","width":849,"height":770},{"@type":"BreadcrumbList","@id":"https:\/\/ferreteriajulia.com\/tienda\/producto\/cartucho-taco-quimico-viniliester\/#breadcrumb","itemListElement":[{"@type":"ListItem","position":1,"name":"Portada","item":"https:\/\/ferreteriajulia.com\/tienda\/"},{"@type":"ListItem","position":2,"name":"Tienda online","item":"https:\/\/ferreteriajulia.com\/tienda\/shop\/"},{"@type":"ListItem","position":3,"name":"cartucho taco qu\u00edmico FISCHER FIS VS Plus 300 T"}]},{"@type":"WebSite","@id":"https:\/\/ferreteriajulia.com\/tienda\/#website","url":"https:\/\/ferreteriajulia.com\/tienda\/","name":"Ferreter\u00eda Juli\u00e0","description":"Ferreter\u00eda generalista, material para intalaciones y reparaciones.","publisher":{"@id":"https:\/\/ferreteriajulia.com\/tienda\/#organization"},"potentialAction":[{"@type":"SearchAction","target":{"@type":"EntryPoint","urlTemplate":"https:\/\/ferreteriajulia.com\/tienda\/?s={search_term_string}"},"query-input":{"@type":"PropertyValueSpecification","valueRequired":true,"valueName":"search_term_string"}}],"inLanguage":"es"},{"@type":"Organization","@id":"https:\/\/ferreteriajulia.com\/tienda\/#organization","name":"Ferreter\u00eda Juli\u00e0","url":"https:\/\/ferreteriajulia.com\/tienda\/","logo":{"@type":"ImageObject","inLanguage":"es","@id":"https:\/\/ferreteriajulia.com\/tienda\/#\/schema\/logo\/image\/","url":"https:\/\/ferreteriajulia.com\/tienda\/wp-content\/uploads\/2023\/04\/LOGO_Ferreteria_Julia_HD-e1680625558319.png","contentUrl":"https:\/\/ferreteriajulia.com\/tienda\/wp-content\/uploads\/2023\/04\/LOGO_Ferreteria_Julia_HD-e1680625558319.png","width":240,"height":89,"caption":"Ferreter\u00eda Juli\u00e0"},"image":{"@id":"https:\/\/ferreteriajulia.com\/tienda\/#\/schema\/logo\/image\/"}}]}},"_links":{"self":[{"href":"https:\/\/ferreteriajulia.com\/tienda\/wp-json\/wp\/v2\/product\/4893","targetHints":{"allow":["GET"]}}],"collection":[{"href":"https:\/\/ferreteriajulia.com\/tienda\/wp-json\/wp\/v2\/product"}],"about":[{"href":"https:\/\/ferreteriajulia.com\/tienda\/wp-json\/wp\/v2\/types\/product"}],"wp:featuredmedia":[{"embeddable":true,"href":"https:\/\/ferreteriajulia.com\/tienda\/wp-json\/wp\/v2\/media\/18218"}],"wp:attachment":[{"href":"https:\/\/ferreteriajulia.com\/tienda\/wp-json\/wp\/v2\/media?parent=4893"}],"wp:term":[{"taxonomy":"product_brand","embeddable":true,"href":"https:\/\/ferreteriajulia.com\/tienda\/wp-json\/wp\/v2\/product_brand?post=4893"},{"taxonomy":"product_cat","embeddable":true,"href":"https:\/\/ferreteriajulia.com\/tienda\/wp-json\/wp\/v2\/product_cat?post=4893"},{"taxonomy":"product_tag","embeddable":true,"href":"https:\/\/ferreteriajulia.com\/tienda\/wp-json\/wp\/v2\/product_tag?post=4893"}],"curies":[{"name":"wp","href":"https:\/\/api.w.org\/{rel}","templated":true}]}}