{"id":5451,"date":"2015-01-30T09:59:25","date_gmt":"2015-01-30T08:59:25","guid":{"rendered":"http:\/\/ferreteriajulia.com\/tienda\/?post_type=product&#038;p=5451"},"modified":"2024-09-10T12:40:54","modified_gmt":"2024-09-10T10:40:54","slug":"botella-romassgas","status":"publish","type":"product","link":"https:\/\/ferreteriajulia.com\/tienda\/producto\/botella-romassgas\/","title":{"rendered":"botella ROMASSGAS"},"content":{"rendered":"<p>botella Gas ROMASSGAS de s\u00faper EGO<br \/>\nrosca US\u00bb 400gr (14oz) (igual que GAS MAPP)<br \/>\ncartucho desechable con v\u00e1lvula de seguridad<br \/>\nmezcla estabilizada de gas metil-acetileno con propadieno<br \/>\n35% m\u00e1s r\u00e1pido que el propano<br \/>\ntemperatura 2.400\u00baC<br \/>\nconsulte ficha t\u00e9cnica aqu\u00ed<\/p>\n","protected":false},"excerpt":{"rendered":"<p>botella Gas ROMASSGAS<\/p>\n","protected":false},"featured_media":18602,"template":"","meta":{"_monsterinsights_skip_tracking":false,"_monsterinsights_sitenote_active":false,"_monsterinsights_sitenote_note":"","_monsterinsights_sitenote_category":0},"product_brand":[288],"product_cat":[851],"product_tag":[],"class_list":{"0":"post-5451","1":"product","2":"type-product","3":"status-publish","4":"has-post-thumbnail","6":"product_brand-288","7":"product_cat-soldadura-y-accesorios-soldar","9":"first","10":"instock","11":"taxable","12":"shipping-taxable","13":"purchasable","14":"product-type-simple"},"yoast_head":"<!-- This site is optimized with the Yoast SEO plugin v27.1.1 - https:\/\/yoast.com\/product\/yoast-seo-wordpress\/ -->\n<title>botella ROMASSGAS - Ferreter\u00eda Juli\u00e0<\/title>\n<meta name=\"description\" content=\"botella ROMASSGAS - Ferreter\u00eda Juli\u00e0 - Ferreter\u00eda Barcelona - 933 59 84 12 - info@ferreteriajulia.com - Gran variedad de productos\" \/>\n<meta name=\"robots\" content=\"index, follow, max-snippet:-1, max-image-preview:large, max-video-preview:-1\" \/>\n<link rel=\"canonical\" href=\"http:\/\/ferreteriajulia.com\/tienda\/producto\/botella-romassgas\/\" \/>\n<meta property=\"og:locale\" content=\"es_ES\" \/>\n<meta property=\"og:type\" content=\"article\" \/>\n<meta property=\"og:title\" content=\"botella ROMASSGAS - Ferreter\u00eda Juli\u00e0\" \/>\n<meta property=\"og:description\" content=\"botella ROMASSGAS - Ferreter\u00eda Juli\u00e0 - Ferreter\u00eda Barcelona - 933 59 84 12 - info@ferreteriajulia.com - Gran variedad de productos\" \/>\n<meta property=\"og:url\" content=\"http:\/\/ferreteriajulia.com\/tienda\/producto\/botella-romassgas\/\" \/>\n<meta property=\"og:site_name\" content=\"Ferreter\u00eda Juli\u00e0\" \/>\n<meta property=\"article:modified_time\" content=\"2024-09-10T10:40:54+00:00\" \/>\n<meta property=\"og:image\" content=\"http:\/\/ferreteriajulia.com\/tienda\/wp-content\/uploads\/2015\/01\/botelal-romassgas-de-super-ego.png\" \/>\n\t<meta property=\"og:image:width\" content=\"902\" \/>\n\t<meta property=\"og:image:height\" content=\"938\" \/>\n\t<meta property=\"og:image:type\" content=\"image\/png\" \/>\n<meta name=\"twitter:card\" content=\"summary_large_image\" \/>\n<meta name=\"twitter:label1\" content=\"Tiempo de lectura\" \/>\n\t<meta name=\"twitter:data1\" content=\"1 minuto\" \/>\n<script type=\"application\/ld+json\" class=\"yoast-schema-graph\">{\"@context\":\"https:\/\/schema.org\",\"@graph\":[{\"@type\":\"WebPage\",\"@id\":\"http:\/\/ferreteriajulia.com\/tienda\/producto\/botella-romassgas\/\",\"url\":\"http:\/\/ferreteriajulia.com\/tienda\/producto\/botella-romassgas\/\",\"name\":\"botella ROMASSGAS - Ferreter\u00eda Juli\u00e0\",\"isPartOf\":{\"@id\":\"https:\/\/ferreteriajulia.com\/tienda\/#website\"},\"primaryImageOfPage\":{\"@id\":\"http:\/\/ferreteriajulia.com\/tienda\/producto\/botella-romassgas\/#primaryimage\"},\"image\":{\"@id\":\"http:\/\/ferreteriajulia.com\/tienda\/producto\/botella-romassgas\/#primaryimage\"},\"thumbnailUrl\":\"https:\/\/ferreteriajulia.com\/tienda\/wp-content\/uploads\/2015\/01\/botelal-romassgas-de-super-ego.png\",\"datePublished\":\"2015-01-30T08:59:25+00:00\",\"dateModified\":\"2024-09-10T10:40:54+00:00\",\"description\":\"botella ROMASSGAS - Ferreter\u00eda Juli\u00e0 - Ferreter\u00eda Barcelona - 933 59 84 12 - info@ferreteriajulia.com - Gran variedad de productos\",\"breadcrumb\":{\"@id\":\"http:\/\/ferreteriajulia.com\/tienda\/producto\/botella-romassgas\/#breadcrumb\"},\"inLanguage\":\"es\",\"potentialAction\":[{\"@type\":\"ReadAction\",\"target\":[\"http:\/\/ferreteriajulia.com\/tienda\/producto\/botella-romassgas\/\"]}]},{\"@type\":\"ImageObject\",\"inLanguage\":\"es\",\"@id\":\"http:\/\/ferreteriajulia.com\/tienda\/producto\/botella-romassgas\/#primaryimage\",\"url\":\"https:\/\/ferreteriajulia.com\/tienda\/wp-content\/uploads\/2015\/01\/botelal-romassgas-de-super-ego.png\",\"contentUrl\":\"https:\/\/ferreteriajulia.com\/tienda\/wp-content\/uploads\/2015\/01\/botelal-romassgas-de-super-ego.png\",\"width\":902,\"height\":938},{\"@type\":\"BreadcrumbList\",\"@id\":\"http:\/\/ferreteriajulia.com\/tienda\/producto\/botella-romassgas\/#breadcrumb\",\"itemListElement\":[{\"@type\":\"ListItem\",\"position\":1,\"name\":\"Portada\",\"item\":\"https:\/\/ferreteriajulia.com\/tienda\/\"},{\"@type\":\"ListItem\",\"position\":2,\"name\":\"Tienda online\",\"item\":\"https:\/\/ferreteriajulia.com\/tienda\/shop\/\"},{\"@type\":\"ListItem\",\"position\":3,\"name\":\"botella ROMASSGAS\"}]},{\"@type\":\"WebSite\",\"@id\":\"https:\/\/ferreteriajulia.com\/tienda\/#website\",\"url\":\"https:\/\/ferreteriajulia.com\/tienda\/\",\"name\":\"Ferreter\u00eda Juli\u00e0\",\"description\":\"Ferreter\u00eda generalista, material para intalaciones y reparaciones.\",\"publisher\":{\"@id\":\"https:\/\/ferreteriajulia.com\/tienda\/#organization\"},\"potentialAction\":[{\"@type\":\"SearchAction\",\"target\":{\"@type\":\"EntryPoint\",\"urlTemplate\":\"https:\/\/ferreteriajulia.com\/tienda\/?s={search_term_string}\"},\"query-input\":{\"@type\":\"PropertyValueSpecification\",\"valueRequired\":true,\"valueName\":\"search_term_string\"}}],\"inLanguage\":\"es\"},{\"@type\":\"Organization\",\"@id\":\"https:\/\/ferreteriajulia.com\/tienda\/#organization\",\"name\":\"Ferreter\u00eda Juli\u00e0\",\"url\":\"https:\/\/ferreteriajulia.com\/tienda\/\",\"logo\":{\"@type\":\"ImageObject\",\"inLanguage\":\"es\",\"@id\":\"https:\/\/ferreteriajulia.com\/tienda\/#\/schema\/logo\/image\/\",\"url\":\"https:\/\/ferreteriajulia.com\/tienda\/wp-content\/uploads\/2023\/04\/LOGO_Ferreteria_Julia_HD-e1680625558319.png\",\"contentUrl\":\"https:\/\/ferreteriajulia.com\/tienda\/wp-content\/uploads\/2023\/04\/LOGO_Ferreteria_Julia_HD-e1680625558319.png\",\"width\":240,\"height\":89,\"caption\":\"Ferreter\u00eda Juli\u00e0\"},\"image\":{\"@id\":\"https:\/\/ferreteriajulia.com\/tienda\/#\/schema\/logo\/image\/\"}}]}<\/script>\n<!-- \/ Yoast SEO plugin. -->","yoast_head_json":{"title":"botella ROMASSGAS - Ferreter\u00eda Juli\u00e0","description":"botella ROMASSGAS - Ferreter\u00eda Juli\u00e0 - Ferreter\u00eda Barcelona - 933 59 84 12 - info@ferreteriajulia.com - Gran variedad de productos","robots":{"index":"index","follow":"follow","max-snippet":"max-snippet:-1","max-image-preview":"max-image-preview:large","max-video-preview":"max-video-preview:-1"},"canonical":"http:\/\/ferreteriajulia.com\/tienda\/producto\/botella-romassgas\/","og_locale":"es_ES","og_type":"article","og_title":"botella ROMASSGAS - Ferreter\u00eda Juli\u00e0","og_description":"botella ROMASSGAS - Ferreter\u00eda Juli\u00e0 - Ferreter\u00eda Barcelona - 933 59 84 12 - info@ferreteriajulia.com - Gran variedad de productos","og_url":"http:\/\/ferreteriajulia.com\/tienda\/producto\/botella-romassgas\/","og_site_name":"Ferreter\u00eda Juli\u00e0","article_modified_time":"2024-09-10T10:40:54+00:00","og_image":[{"width":902,"height":938,"url":"http:\/\/ferreteriajulia.com\/tienda\/wp-content\/uploads\/2015\/01\/botelal-romassgas-de-super-ego.png","type":"image\/png"}],"twitter_card":"summary_large_image","twitter_misc":{"Tiempo de lectura":"1 minuto"},"schema":{"@context":"https:\/\/schema.org","@graph":[{"@type":"WebPage","@id":"http:\/\/ferreteriajulia.com\/tienda\/producto\/botella-romassgas\/","url":"http:\/\/ferreteriajulia.com\/tienda\/producto\/botella-romassgas\/","name":"botella ROMASSGAS - Ferreter\u00eda Juli\u00e0","isPartOf":{"@id":"https:\/\/ferreteriajulia.com\/tienda\/#website"},"primaryImageOfPage":{"@id":"http:\/\/ferreteriajulia.com\/tienda\/producto\/botella-romassgas\/#primaryimage"},"image":{"@id":"http:\/\/ferreteriajulia.com\/tienda\/producto\/botella-romassgas\/#primaryimage"},"thumbnailUrl":"https:\/\/ferreteriajulia.com\/tienda\/wp-content\/uploads\/2015\/01\/botelal-romassgas-de-super-ego.png","datePublished":"2015-01-30T08:59:25+00:00","dateModified":"2024-09-10T10:40:54+00:00","description":"botella ROMASSGAS - Ferreter\u00eda Juli\u00e0 - Ferreter\u00eda Barcelona - 933 59 84 12 - info@ferreteriajulia.com - Gran variedad de productos","breadcrumb":{"@id":"http:\/\/ferreteriajulia.com\/tienda\/producto\/botella-romassgas\/#breadcrumb"},"inLanguage":"es","potentialAction":[{"@type":"ReadAction","target":["http:\/\/ferreteriajulia.com\/tienda\/producto\/botella-romassgas\/"]}]},{"@type":"ImageObject","inLanguage":"es","@id":"http:\/\/ferreteriajulia.com\/tienda\/producto\/botella-romassgas\/#primaryimage","url":"https:\/\/ferreteriajulia.com\/tienda\/wp-content\/uploads\/2015\/01\/botelal-romassgas-de-super-ego.png","contentUrl":"https:\/\/ferreteriajulia.com\/tienda\/wp-content\/uploads\/2015\/01\/botelal-romassgas-de-super-ego.png","width":902,"height":938},{"@type":"BreadcrumbList","@id":"http:\/\/ferreteriajulia.com\/tienda\/producto\/botella-romassgas\/#breadcrumb","itemListElement":[{"@type":"ListItem","position":1,"name":"Portada","item":"https:\/\/ferreteriajulia.com\/tienda\/"},{"@type":"ListItem","position":2,"name":"Tienda online","item":"https:\/\/ferreteriajulia.com\/tienda\/shop\/"},{"@type":"ListItem","position":3,"name":"botella ROMASSGAS"}]},{"@type":"WebSite","@id":"https:\/\/ferreteriajulia.com\/tienda\/#website","url":"https:\/\/ferreteriajulia.com\/tienda\/","name":"Ferreter\u00eda Juli\u00e0","description":"Ferreter\u00eda generalista, material para intalaciones y reparaciones.","publisher":{"@id":"https:\/\/ferreteriajulia.com\/tienda\/#organization"},"potentialAction":[{"@type":"SearchAction","target":{"@type":"EntryPoint","urlTemplate":"https:\/\/ferreteriajulia.com\/tienda\/?s={search_term_string}"},"query-input":{"@type":"PropertyValueSpecification","valueRequired":true,"valueName":"search_term_string"}}],"inLanguage":"es"},{"@type":"Organization","@id":"https:\/\/ferreteriajulia.com\/tienda\/#organization","name":"Ferreter\u00eda Juli\u00e0","url":"https:\/\/ferreteriajulia.com\/tienda\/","logo":{"@type":"ImageObject","inLanguage":"es","@id":"https:\/\/ferreteriajulia.com\/tienda\/#\/schema\/logo\/image\/","url":"https:\/\/ferreteriajulia.com\/tienda\/wp-content\/uploads\/2023\/04\/LOGO_Ferreteria_Julia_HD-e1680625558319.png","contentUrl":"https:\/\/ferreteriajulia.com\/tienda\/wp-content\/uploads\/2023\/04\/LOGO_Ferreteria_Julia_HD-e1680625558319.png","width":240,"height":89,"caption":"Ferreter\u00eda Juli\u00e0"},"image":{"@id":"https:\/\/ferreteriajulia.com\/tienda\/#\/schema\/logo\/image\/"}}]}},"_links":{"self":[{"href":"https:\/\/ferreteriajulia.com\/tienda\/wp-json\/wp\/v2\/product\/5451","targetHints":{"allow":["GET"]}}],"collection":[{"href":"https:\/\/ferreteriajulia.com\/tienda\/wp-json\/wp\/v2\/product"}],"about":[{"href":"https:\/\/ferreteriajulia.com\/tienda\/wp-json\/wp\/v2\/types\/product"}],"wp:featuredmedia":[{"embeddable":true,"href":"https:\/\/ferreteriajulia.com\/tienda\/wp-json\/wp\/v2\/media\/18602"}],"wp:attachment":[{"href":"https:\/\/ferreteriajulia.com\/tienda\/wp-json\/wp\/v2\/media?parent=5451"}],"wp:term":[{"taxonomy":"product_brand","embeddable":true,"href":"https:\/\/ferreteriajulia.com\/tienda\/wp-json\/wp\/v2\/product_brand?post=5451"},{"taxonomy":"product_cat","embeddable":true,"href":"https:\/\/ferreteriajulia.com\/tienda\/wp-json\/wp\/v2\/product_cat?post=5451"},{"taxonomy":"product_tag","embeddable":true,"href":"https:\/\/ferreteriajulia.com\/tienda\/wp-json\/wp\/v2\/product_tag?post=5451"}],"curies":[{"name":"wp","href":"https:\/\/api.w.org\/{rel}","templated":true}]}}