{"id":5456,"date":"2015-01-30T17:17:39","date_gmt":"2015-01-30T16:17:39","guid":{"rendered":"http:\/\/ferreteriajulia.com\/tienda\/?post_type=product&#038;p=5456"},"modified":"2026-03-18T11:27:12","modified_gmt":"2026-03-18T10:27:12","slug":"toldo-protector-2x3mts","status":"publish","type":"product","link":"https:\/\/ferreteriajulia.com\/tienda\/producto\/toldo-protector-2x3mts\/","title":{"rendered":"toldo protector 2x3mts"},"content":{"rendered":"<p>toldo protector 2x3mts<\/p>\n<p>toldo protector r\u00e1fia\/polietileno 80gr<br \/>\ncolor azul y con ojales a metro, esquinas reforzadas.<\/p>\n<p>Un\u00a0toldo protector es una lona multiusos dise\u00f1ada principalmente para proteger objetos y superficies contra la intemperie. Debido a sus dimensiones compactas,es una de las opciones m\u00e1s vers\u00e1tiles para uso dom\u00e9stico, industrial y de ocio.<\/p>\n<div class=\"otQkpb\" role=\"heading\" aria-level=\"3\" data-animation-nesting=\"\" data-sfc-cp=\"\" data-sfc-cb=\"\" data-complete=\"true\" data-processed=\"true\" data-sae=\"\">Caracter\u00edsticas Principales:<\/div>\n<ul class=\"KsbFXc U6u95\" data-sfc-cb=\"\" data-complete=\"true\" data-processed=\"true\">\n<li class=\"dF3vjf\" data-sfc-cb=\"\" data-hveid=\"CAQQAA\" data-complete=\"true\" data-sae=\"\"><span class=\"T286Pc\" data-sfc-cp=\"\" data-sfc-cb=\"\" data-complete=\"true\"><strong class=\"Yjhzub\" data-sfc-cb=\"\" data-complete=\"true\">Material:<\/strong> Fabricados en\u00a0<strong class=\"Yjhzub\" data-sfc-cb=\"\" data-complete=\"true\">polietileno (PE)<\/strong>\u00a0de alta densidad o rafia laminada. Este material es inherentemente impermeable y resistente al moho.<\/span><\/li>\n<li class=\"dF3vjf\" data-sfc-cb=\"\" data-hveid=\"CAQQAQ\" data-complete=\"true\" data-sae=\"\"><span class=\"T286Pc\" data-sfc-cp=\"\" data-sfc-cb=\"\" data-complete=\"true\"><strong class=\"Yjhzub\" data-sfc-cb=\"\" data-complete=\"true\">Resistencia y Durabilidad:<\/strong> Cuenta con un tratamiento contra rayos UV para evitar que el sol degrade el pl\u00e1stico prematuramente. Su gramaje es de <strong class=\"Yjhzub\" data-sfc-cb=\"\" data-complete=\"true\">80 g\/m\u00b2<\/strong> (ligeros).<\/span><\/li>\n<li class=\"dF3vjf\" data-sfc-cb=\"\" data-hveid=\"CAQQAg\" data-complete=\"true\" data-sae=\"\"><span class=\"T286Pc\" data-sfc-cp=\"\" data-sfc-cb=\"\" data-complete=\"true\"><strong class=\"Yjhzub\" data-sfc-cb=\"\" data-complete=\"true\">Sistema de Fijaci\u00f3n:<\/strong>\u00a0Incluyen\u00a0<strong class=\"Yjhzub\" data-sfc-cb=\"\" data-complete=\"true\">ojales met\u00e1licos<\/strong> (antioxidantes) situados en los bordes y esquinas, para facilitar su amarre con cuerdas o tensores.<\/span><\/li>\n<li class=\"dF3vjf\" data-sfc-cb=\"\" data-hveid=\"CAQQAw\" data-complete=\"true\" data-sae=\"\"><span class=\"T286Pc\" data-sfc-cp=\"\" data-sfc-cb=\"\" data-complete=\"true\"><strong class=\"Yjhzub\" data-sfc-cb=\"\" data-complete=\"true\">Refuerzos:<\/strong> Presentan bordes con dobladillos reforzados y esquinas con refuerzo.<\/span>\n<div class=\"Fwa2Od\" data-animation-skip=\"\" data-sfc-cb=\"\" data-ved=\"2ahUKEwiN5eStnamTAxXNVvEDHfyoLngQ3s0SegQIBBAF\" data-complete=\"true\"><\/div>\n<\/li>\n<\/ul>\n<p>Usos Comunes:<\/p>\n<ul class=\"KsbFXc U6u95\" data-sfc-cb=\"\" data-complete=\"true\" data-processed=\"true\">\n<li class=\"dF3vjf\" data-sfc-cb=\"\" data-hveid=\"CAcQAA\" data-complete=\"true\" data-sae=\"\"><span class=\"T286Pc\" data-sfc-cp=\"\" data-sfc-cb=\"\" data-complete=\"true\"><strong class=\"Yjhzub\" data-sfc-cb=\"\" data-complete=\"true\">Protecci\u00f3n de Objetos:<\/strong>\u00a0Ideal para cubrir le\u00f1a, muebles de jard\u00edn, barbacoas, piscinas peque\u00f1as o motocicletas.<\/span><\/li>\n<li class=\"dF3vjf\" data-sfc-cb=\"\" data-hveid=\"CAcQAQ\" data-complete=\"true\" data-sae=\"\"><span class=\"T286Pc\" data-sfc-cp=\"\" data-sfc-cb=\"\" data-complete=\"true\"><strong class=\"Yjhzub\" data-sfc-cb=\"\" data-complete=\"true\">Uso en Construcci\u00f3n:<\/strong>\u00a0Se utiliza para proteger materiales de obra (cemento, arena) y maquinaria frente a la lluvia y el polvo.<\/span><\/li>\n<li class=\"dF3vjf\" data-sfc-cb=\"\" data-hveid=\"CAcQAg\" data-complete=\"true\" data-sae=\"\"><span class=\"T286Pc\" data-sfc-cp=\"\" data-sfc-cb=\"\" data-complete=\"true\"><strong class=\"Yjhzub\" data-sfc-cb=\"\" data-complete=\"true\">Camping y Ocio:<\/strong>\u00a0Funciona como suelo para tiendas de campa\u00f1a (aislante de humedad) o como refugio temporal (\u00abtarp\u00bb) contra el sol o lluvia ligera.<\/span><\/li>\n<li class=\"dF3vjf\" data-sfc-cb=\"\" data-hveid=\"CAcQAw\" data-complete=\"true\" data-sae=\"\"><span class=\"T286Pc\" data-sfc-cp=\"\" data-sfc-cb=\"\" data-complete=\"true\"><strong class=\"Yjhzub\" data-sfc-cb=\"\" data-complete=\"true\">Transporte:<\/strong> \u00datil para cubrir cargas peque\u00f1as en remolques o camionetas.<\/span><\/li>\n<\/ul>\n<p>&nbsp;<\/p>\n<p>&nbsp;<\/p>\n","protected":false},"excerpt":{"rendered":"<p>toldo protector 2x3mts<\/p>\n","protected":false},"featured_media":5457,"template":"","meta":{"_monsterinsights_skip_tracking":false,"_monsterinsights_sitenote_active":false,"_monsterinsights_sitenote_note":"","_monsterinsights_sitenote_category":0},"product_brand":[],"product_cat":[495,498],"product_tag":[],"class_list":{"0":"post-5456","1":"product","2":"type-product","3":"status-publish","4":"has-post-thumbnail","6":"product_cat-varios-ferreteria","7":"product_cat-varios-jardin","9":"first","10":"instock","11":"taxable","12":"shipping-taxable","13":"purchasable","14":"product-type-simple"},"yoast_head":"<!-- This site is optimized with the Yoast SEO plugin v27.1.1 - https:\/\/yoast.com\/product\/yoast-seo-wordpress\/ -->\n<title>toldo protector 2x3mts - Ferreter\u00eda Juli\u00e0<\/title>\n<meta name=\"description\" content=\"toldo protector 2x3mts - Ferreter\u00eda Juli\u00e0 - Ferreter\u00eda Barcelona - 933 59 84 12 - info@ferreteriajulia.com - Gran variedad de productos\" \/>\n<meta name=\"robots\" content=\"index, follow, max-snippet:-1, max-image-preview:large, max-video-preview:-1\" \/>\n<link rel=\"canonical\" href=\"https:\/\/ferreteriajulia.com\/tienda\/producto\/toldo-protector-2x3mts\/\" \/>\n<meta property=\"og:locale\" content=\"es_ES\" \/>\n<meta property=\"og:type\" content=\"article\" \/>\n<meta property=\"og:title\" content=\"toldo protector 2x3mts - Ferreter\u00eda Juli\u00e0\" \/>\n<meta property=\"og:description\" content=\"toldo protector 2x3mts - Ferreter\u00eda Juli\u00e0 - Ferreter\u00eda Barcelona - 933 59 84 12 - info@ferreteriajulia.com - Gran variedad de productos\" \/>\n<meta property=\"og:url\" content=\"https:\/\/ferreteriajulia.com\/tienda\/producto\/toldo-protector-2x3mts\/\" \/>\n<meta property=\"og:site_name\" content=\"Ferreter\u00eda Juli\u00e0\" \/>\n<meta property=\"article:modified_time\" content=\"2026-03-18T10:27:12+00:00\" \/>\n<meta property=\"og:image\" content=\"https:\/\/ferreteriajulia.com\/tienda\/wp-content\/uploads\/2015\/01\/p-5456-toldo-protector.jpg\" \/>\n\t<meta property=\"og:image:width\" content=\"500\" \/>\n\t<meta property=\"og:image:height\" content=\"500\" \/>\n\t<meta property=\"og:image:type\" content=\"image\/jpeg\" \/>\n<meta name=\"twitter:card\" content=\"summary_large_image\" \/>\n<meta name=\"twitter:label1\" content=\"Tiempo de lectura\" \/>\n\t<meta name=\"twitter:data1\" content=\"2 minutos\" \/>\n<script type=\"application\/ld+json\" class=\"yoast-schema-graph\">{\"@context\":\"https:\/\/schema.org\",\"@graph\":[{\"@type\":\"WebPage\",\"@id\":\"https:\/\/ferreteriajulia.com\/tienda\/producto\/toldo-protector-2x3mts\/\",\"url\":\"https:\/\/ferreteriajulia.com\/tienda\/producto\/toldo-protector-2x3mts\/\",\"name\":\"toldo protector 2x3mts - Ferreter\u00eda Juli\u00e0\",\"isPartOf\":{\"@id\":\"https:\/\/ferreteriajulia.com\/tienda\/#website\"},\"primaryImageOfPage\":{\"@id\":\"https:\/\/ferreteriajulia.com\/tienda\/producto\/toldo-protector-2x3mts\/#primaryimage\"},\"image\":{\"@id\":\"https:\/\/ferreteriajulia.com\/tienda\/producto\/toldo-protector-2x3mts\/#primaryimage\"},\"thumbnailUrl\":\"https:\/\/ferreteriajulia.com\/tienda\/wp-content\/uploads\/2015\/01\/p-5456-toldo-protector.jpg\",\"datePublished\":\"2015-01-30T16:17:39+00:00\",\"dateModified\":\"2026-03-18T10:27:12+00:00\",\"description\":\"toldo protector 2x3mts - Ferreter\u00eda Juli\u00e0 - Ferreter\u00eda Barcelona - 933 59 84 12 - info@ferreteriajulia.com - Gran variedad de productos\",\"breadcrumb\":{\"@id\":\"https:\/\/ferreteriajulia.com\/tienda\/producto\/toldo-protector-2x3mts\/#breadcrumb\"},\"inLanguage\":\"es\",\"potentialAction\":[{\"@type\":\"ReadAction\",\"target\":[\"https:\/\/ferreteriajulia.com\/tienda\/producto\/toldo-protector-2x3mts\/\"]}]},{\"@type\":\"ImageObject\",\"inLanguage\":\"es\",\"@id\":\"https:\/\/ferreteriajulia.com\/tienda\/producto\/toldo-protector-2x3mts\/#primaryimage\",\"url\":\"https:\/\/ferreteriajulia.com\/tienda\/wp-content\/uploads\/2015\/01\/p-5456-toldo-protector.jpg\",\"contentUrl\":\"https:\/\/ferreteriajulia.com\/tienda\/wp-content\/uploads\/2015\/01\/p-5456-toldo-protector.jpg\",\"width\":500,\"height\":500},{\"@type\":\"BreadcrumbList\",\"@id\":\"https:\/\/ferreteriajulia.com\/tienda\/producto\/toldo-protector-2x3mts\/#breadcrumb\",\"itemListElement\":[{\"@type\":\"ListItem\",\"position\":1,\"name\":\"Portada\",\"item\":\"https:\/\/ferreteriajulia.com\/tienda\/\"},{\"@type\":\"ListItem\",\"position\":2,\"name\":\"Tienda online\",\"item\":\"https:\/\/ferreteriajulia.com\/tienda\/shop\/\"},{\"@type\":\"ListItem\",\"position\":3,\"name\":\"toldo protector 2x3mts\"}]},{\"@type\":\"WebSite\",\"@id\":\"https:\/\/ferreteriajulia.com\/tienda\/#website\",\"url\":\"https:\/\/ferreteriajulia.com\/tienda\/\",\"name\":\"Ferreter\u00eda Juli\u00e0\",\"description\":\"Ferreter\u00eda generalista, material para intalaciones y reparaciones.\",\"publisher\":{\"@id\":\"https:\/\/ferreteriajulia.com\/tienda\/#organization\"},\"potentialAction\":[{\"@type\":\"SearchAction\",\"target\":{\"@type\":\"EntryPoint\",\"urlTemplate\":\"https:\/\/ferreteriajulia.com\/tienda\/?s={search_term_string}\"},\"query-input\":{\"@type\":\"PropertyValueSpecification\",\"valueRequired\":true,\"valueName\":\"search_term_string\"}}],\"inLanguage\":\"es\"},{\"@type\":\"Organization\",\"@id\":\"https:\/\/ferreteriajulia.com\/tienda\/#organization\",\"name\":\"Ferreter\u00eda Juli\u00e0\",\"url\":\"https:\/\/ferreteriajulia.com\/tienda\/\",\"logo\":{\"@type\":\"ImageObject\",\"inLanguage\":\"es\",\"@id\":\"https:\/\/ferreteriajulia.com\/tienda\/#\/schema\/logo\/image\/\",\"url\":\"https:\/\/ferreteriajulia.com\/tienda\/wp-content\/uploads\/2023\/04\/LOGO_Ferreteria_Julia_HD-e1680625558319.png\",\"contentUrl\":\"https:\/\/ferreteriajulia.com\/tienda\/wp-content\/uploads\/2023\/04\/LOGO_Ferreteria_Julia_HD-e1680625558319.png\",\"width\":240,\"height\":89,\"caption\":\"Ferreter\u00eda Juli\u00e0\"},\"image\":{\"@id\":\"https:\/\/ferreteriajulia.com\/tienda\/#\/schema\/logo\/image\/\"}}]}<\/script>\n<!-- \/ Yoast SEO plugin. -->","yoast_head_json":{"title":"toldo protector 2x3mts - Ferreter\u00eda Juli\u00e0","description":"toldo protector 2x3mts - Ferreter\u00eda Juli\u00e0 - Ferreter\u00eda Barcelona - 933 59 84 12 - info@ferreteriajulia.com - Gran variedad de productos","robots":{"index":"index","follow":"follow","max-snippet":"max-snippet:-1","max-image-preview":"max-image-preview:large","max-video-preview":"max-video-preview:-1"},"canonical":"https:\/\/ferreteriajulia.com\/tienda\/producto\/toldo-protector-2x3mts\/","og_locale":"es_ES","og_type":"article","og_title":"toldo protector 2x3mts - Ferreter\u00eda Juli\u00e0","og_description":"toldo protector 2x3mts - Ferreter\u00eda Juli\u00e0 - Ferreter\u00eda Barcelona - 933 59 84 12 - info@ferreteriajulia.com - Gran variedad de productos","og_url":"https:\/\/ferreteriajulia.com\/tienda\/producto\/toldo-protector-2x3mts\/","og_site_name":"Ferreter\u00eda Juli\u00e0","article_modified_time":"2026-03-18T10:27:12+00:00","og_image":[{"width":500,"height":500,"url":"https:\/\/ferreteriajulia.com\/tienda\/wp-content\/uploads\/2015\/01\/p-5456-toldo-protector.jpg","type":"image\/jpeg"}],"twitter_card":"summary_large_image","twitter_misc":{"Tiempo de lectura":"2 minutos"},"schema":{"@context":"https:\/\/schema.org","@graph":[{"@type":"WebPage","@id":"https:\/\/ferreteriajulia.com\/tienda\/producto\/toldo-protector-2x3mts\/","url":"https:\/\/ferreteriajulia.com\/tienda\/producto\/toldo-protector-2x3mts\/","name":"toldo protector 2x3mts - Ferreter\u00eda Juli\u00e0","isPartOf":{"@id":"https:\/\/ferreteriajulia.com\/tienda\/#website"},"primaryImageOfPage":{"@id":"https:\/\/ferreteriajulia.com\/tienda\/producto\/toldo-protector-2x3mts\/#primaryimage"},"image":{"@id":"https:\/\/ferreteriajulia.com\/tienda\/producto\/toldo-protector-2x3mts\/#primaryimage"},"thumbnailUrl":"https:\/\/ferreteriajulia.com\/tienda\/wp-content\/uploads\/2015\/01\/p-5456-toldo-protector.jpg","datePublished":"2015-01-30T16:17:39+00:00","dateModified":"2026-03-18T10:27:12+00:00","description":"toldo protector 2x3mts - Ferreter\u00eda Juli\u00e0 - Ferreter\u00eda Barcelona - 933 59 84 12 - info@ferreteriajulia.com - Gran variedad de productos","breadcrumb":{"@id":"https:\/\/ferreteriajulia.com\/tienda\/producto\/toldo-protector-2x3mts\/#breadcrumb"},"inLanguage":"es","potentialAction":[{"@type":"ReadAction","target":["https:\/\/ferreteriajulia.com\/tienda\/producto\/toldo-protector-2x3mts\/"]}]},{"@type":"ImageObject","inLanguage":"es","@id":"https:\/\/ferreteriajulia.com\/tienda\/producto\/toldo-protector-2x3mts\/#primaryimage","url":"https:\/\/ferreteriajulia.com\/tienda\/wp-content\/uploads\/2015\/01\/p-5456-toldo-protector.jpg","contentUrl":"https:\/\/ferreteriajulia.com\/tienda\/wp-content\/uploads\/2015\/01\/p-5456-toldo-protector.jpg","width":500,"height":500},{"@type":"BreadcrumbList","@id":"https:\/\/ferreteriajulia.com\/tienda\/producto\/toldo-protector-2x3mts\/#breadcrumb","itemListElement":[{"@type":"ListItem","position":1,"name":"Portada","item":"https:\/\/ferreteriajulia.com\/tienda\/"},{"@type":"ListItem","position":2,"name":"Tienda online","item":"https:\/\/ferreteriajulia.com\/tienda\/shop\/"},{"@type":"ListItem","position":3,"name":"toldo protector 2x3mts"}]},{"@type":"WebSite","@id":"https:\/\/ferreteriajulia.com\/tienda\/#website","url":"https:\/\/ferreteriajulia.com\/tienda\/","name":"Ferreter\u00eda Juli\u00e0","description":"Ferreter\u00eda generalista, material para intalaciones y reparaciones.","publisher":{"@id":"https:\/\/ferreteriajulia.com\/tienda\/#organization"},"potentialAction":[{"@type":"SearchAction","target":{"@type":"EntryPoint","urlTemplate":"https:\/\/ferreteriajulia.com\/tienda\/?s={search_term_string}"},"query-input":{"@type":"PropertyValueSpecification","valueRequired":true,"valueName":"search_term_string"}}],"inLanguage":"es"},{"@type":"Organization","@id":"https:\/\/ferreteriajulia.com\/tienda\/#organization","name":"Ferreter\u00eda Juli\u00e0","url":"https:\/\/ferreteriajulia.com\/tienda\/","logo":{"@type":"ImageObject","inLanguage":"es","@id":"https:\/\/ferreteriajulia.com\/tienda\/#\/schema\/logo\/image\/","url":"https:\/\/ferreteriajulia.com\/tienda\/wp-content\/uploads\/2023\/04\/LOGO_Ferreteria_Julia_HD-e1680625558319.png","contentUrl":"https:\/\/ferreteriajulia.com\/tienda\/wp-content\/uploads\/2023\/04\/LOGO_Ferreteria_Julia_HD-e1680625558319.png","width":240,"height":89,"caption":"Ferreter\u00eda Juli\u00e0"},"image":{"@id":"https:\/\/ferreteriajulia.com\/tienda\/#\/schema\/logo\/image\/"}}]}},"_links":{"self":[{"href":"https:\/\/ferreteriajulia.com\/tienda\/wp-json\/wp\/v2\/product\/5456","targetHints":{"allow":["GET"]}}],"collection":[{"href":"https:\/\/ferreteriajulia.com\/tienda\/wp-json\/wp\/v2\/product"}],"about":[{"href":"https:\/\/ferreteriajulia.com\/tienda\/wp-json\/wp\/v2\/types\/product"}],"wp:featuredmedia":[{"embeddable":true,"href":"https:\/\/ferreteriajulia.com\/tienda\/wp-json\/wp\/v2\/media\/5457"}],"wp:attachment":[{"href":"https:\/\/ferreteriajulia.com\/tienda\/wp-json\/wp\/v2\/media?parent=5456"}],"wp:term":[{"taxonomy":"product_brand","embeddable":true,"href":"https:\/\/ferreteriajulia.com\/tienda\/wp-json\/wp\/v2\/product_brand?post=5456"},{"taxonomy":"product_cat","embeddable":true,"href":"https:\/\/ferreteriajulia.com\/tienda\/wp-json\/wp\/v2\/product_cat?post=5456"},{"taxonomy":"product_tag","embeddable":true,"href":"https:\/\/ferreteriajulia.com\/tienda\/wp-json\/wp\/v2\/product_tag?post=5456"}],"curies":[{"name":"wp","href":"https:\/\/api.w.org\/{rel}","templated":true}]}}