{"id":5655,"date":"2015-06-22T15:13:58","date_gmt":"2015-06-22T13:13:58","guid":{"rendered":"http:\/\/ferreteriajulia.com\/tienda\/?post_type=product&#038;p=5655"},"modified":"2025-11-05T16:03:10","modified_gmt":"2025-11-05T15:03:10","slug":"destornillador-magnetico-alyco-11-puntas","status":"publish","type":"product","link":"https:\/\/ferreteriajulia.com\/tienda\/producto\/destornillador-magnetico-alyco-11-puntas\/","title":{"rendered":"destornillador magn\u00e9tico ALYCO 11 puntas"},"content":{"rendered":"<p>destornillador magn\u00e9tico ALYCO 11 puntas y adaptador para vasos 1\/4&#8243;<br \/>\nvarilla acero cromo vanadio<br \/>\nmango bicomponente y ergon\u00f3mico<\/p>\n<div class=\"entradilla\">\n<ul>\n<li>Conjunto muy completo para multitud de aprietes tanto en hogar como en mantenimiento, industria, etc.<\/li>\n<li>Mango ergon\u00f3mico que trasmite la fuerza con mucha efectividad en el apriete.<\/li>\n<li>Puntas de alta calidad de material y acabado, lo que asegura una vida \u00fatil muy larga, y una efectividad de atornillado.<\/li>\n<li>Multitud de bocas diferentes que casi aseguran que no haya que buscar otras puntas.<\/li>\n<li>Posibilidad de uso con vasos de 1\/4&#8243;, en caso de tuercas con atornillamiento con vaso.<\/li>\n<\/ul>\n<\/div>\n<div class=\"nowrap-kendu-azalpena\">Conjunto de mango bimaterial con varilla con alojamiento con im\u00e1n, y conjunto de 10 puntas de atornillar y 1 adaptador para vasos de 1\/4&#8243;.<br \/>\nEl mango es bimaterial y ergon\u00f3mico, para tener una gran capacidad de agarre, y que el esfuerzo de la mano se trasmita ventajosamente a la operaci\u00f3n de atornillado.<br \/>\nLa varilla del mango est\u00e1 fabricada en Acero al Cromo Vanadio. Tiene un alojamiento en la punta con hex\u00e1gono de 1\/4&#8243; con una base imantada para atraer y fijar la punta. Tambi\u00e9n ese alojamiento magn\u00e9tico sirve para extraer la punta y la tuerca.<br \/>\nLas puntas son en Acero al Cromo Vanadio especial con una dureza suficiente para la labor de atornillado.<br \/>\nPuntas de 1\/4&#8243; con huella Plano 4, 5 y 6 mm., Torx TX T10, T15, T20, Phillips PH1, PH2, Pozidrive PZ1, PZ2.<br \/>\nY 1 adaptador de 1\/4&#8243; para vasos de 1\/4&#8243;.<br \/>\nEl conjunto es muy sencillo pero a la vez muy vers\u00e1til, pues las huellas son el 80% del uso en autom\u00f3vil, carpinter\u00eda, bricolaje, etc.<\/p>\n<p>Por favor, utilice este producto con precauci\u00f3n y aseg\u00farese de seguir todas las medidas de seguridad necesarias para garantizar un uso seguro y eficaz.<\/p><\/div>\n","protected":false},"excerpt":{"rendered":"<p>destornillador magn\u00e9tico ALYCO 11 puntas<\/p>\n","protected":false},"featured_media":22279,"template":"","meta":{"_monsterinsights_skip_tracking":false,"_monsterinsights_sitenote_active":false,"_monsterinsights_sitenote_note":"","_monsterinsights_sitenote_category":0},"product_brand":[324],"product_cat":[864,740],"product_tag":[],"class_list":{"0":"post-5655","1":"product","2":"type-product","3":"status-publish","4":"has-post-thumbnail","6":"product_brand-324","7":"product_cat-alicates-tenazas-graduables-y-destornilladores","8":"product_cat-los-imprescindibles","10":"first","11":"instock","12":"taxable","13":"shipping-taxable","14":"purchasable","15":"product-type-simple"},"yoast_head":"<!-- This site is optimized with the Yoast SEO plugin v27.4 - https:\/\/yoast.com\/product\/yoast-seo-wordpress\/ -->\n<title>destornillador magn\u00e9tico ALYCO 11 puntas - Ferreter\u00eda Juli\u00e0<\/title>\n<meta name=\"description\" content=\"destornillador magn\u00e9tico ALYCO 11 puntas - Ferreter\u00eda Juli\u00e0 - Ferreter\u00eda en Barcelona y venta On-line - telf.933 59 84 12 - info@ferreteriajulia.com - Gran variedad de productos\" \/>\n<meta name=\"robots\" content=\"index, follow, max-snippet:-1, max-image-preview:large, max-video-preview:-1\" \/>\n<link rel=\"canonical\" href=\"https:\/\/ferreteriajulia.com\/tienda\/producto\/destornillador-magnetico-alyco-11-puntas\/\" \/>\n<meta property=\"og:locale\" content=\"es_ES\" \/>\n<meta property=\"og:type\" content=\"article\" \/>\n<meta property=\"og:title\" content=\"destornillador magn\u00e9tico ALYCO 11 puntas - Ferreter\u00eda Juli\u00e0\" \/>\n<meta property=\"og:description\" content=\"destornillador magn\u00e9tico ALYCO 11 puntas - Ferreter\u00eda Juli\u00e0 - Ferreter\u00eda en Barcelona y venta On-line - telf.933 59 84 12 - info@ferreteriajulia.com - Gran variedad de productos\" \/>\n<meta property=\"og:url\" content=\"https:\/\/ferreteriajulia.com\/tienda\/producto\/destornillador-magnetico-alyco-11-puntas\/\" \/>\n<meta property=\"og:site_name\" content=\"Ferreter\u00eda Juli\u00e0\" \/>\n<meta property=\"article:modified_time\" content=\"2025-11-05T15:03:10+00:00\" \/>\n<meta property=\"og:image\" content=\"https:\/\/ferreteriajulia.com\/tienda\/wp-content\/uploads\/2015\/06\/destornillador-puntas-119110.png\" \/>\n\t<meta property=\"og:image:width\" content=\"1251\" \/>\n\t<meta property=\"og:image:height\" content=\"1017\" \/>\n\t<meta property=\"og:image:type\" content=\"image\/png\" \/>\n<meta name=\"twitter:card\" content=\"summary_large_image\" \/>\n<meta name=\"twitter:label1\" content=\"Tiempo de lectura\" \/>\n\t<meta name=\"twitter:data1\" content=\"2 minutos\" \/>\n<script type=\"application\/ld+json\" class=\"yoast-schema-graph\">{\"@context\":\"https:\\\/\\\/schema.org\",\"@graph\":[{\"@type\":\"WebPage\",\"@id\":\"https:\\\/\\\/ferreteriajulia.com\\\/tienda\\\/producto\\\/destornillador-magnetico-alyco-11-puntas\\\/\",\"url\":\"https:\\\/\\\/ferreteriajulia.com\\\/tienda\\\/producto\\\/destornillador-magnetico-alyco-11-puntas\\\/\",\"name\":\"destornillador magn\u00e9tico ALYCO 11 puntas - Ferreter\u00eda Juli\u00e0\",\"isPartOf\":{\"@id\":\"https:\\\/\\\/ferreteriajulia.com\\\/tienda\\\/#website\"},\"primaryImageOfPage\":{\"@id\":\"https:\\\/\\\/ferreteriajulia.com\\\/tienda\\\/producto\\\/destornillador-magnetico-alyco-11-puntas\\\/#primaryimage\"},\"image\":{\"@id\":\"https:\\\/\\\/ferreteriajulia.com\\\/tienda\\\/producto\\\/destornillador-magnetico-alyco-11-puntas\\\/#primaryimage\"},\"thumbnailUrl\":\"https:\\\/\\\/ferreteriajulia.com\\\/tienda\\\/wp-content\\\/uploads\\\/2015\\\/06\\\/destornillador-puntas-119110.png\",\"datePublished\":\"2015-06-22T13:13:58+00:00\",\"dateModified\":\"2025-11-05T15:03:10+00:00\",\"description\":\"destornillador magn\u00e9tico ALYCO 11 puntas - Ferreter\u00eda Juli\u00e0 - Ferreter\u00eda en Barcelona y venta On-line - telf.933 59 84 12 - info@ferreteriajulia.com - Gran variedad de productos\",\"breadcrumb\":{\"@id\":\"https:\\\/\\\/ferreteriajulia.com\\\/tienda\\\/producto\\\/destornillador-magnetico-alyco-11-puntas\\\/#breadcrumb\"},\"inLanguage\":\"es\",\"potentialAction\":[{\"@type\":\"ReadAction\",\"target\":[\"https:\\\/\\\/ferreteriajulia.com\\\/tienda\\\/producto\\\/destornillador-magnetico-alyco-11-puntas\\\/\"]}]},{\"@type\":\"ImageObject\",\"inLanguage\":\"es\",\"@id\":\"https:\\\/\\\/ferreteriajulia.com\\\/tienda\\\/producto\\\/destornillador-magnetico-alyco-11-puntas\\\/#primaryimage\",\"url\":\"https:\\\/\\\/ferreteriajulia.com\\\/tienda\\\/wp-content\\\/uploads\\\/2015\\\/06\\\/destornillador-puntas-119110.png\",\"contentUrl\":\"https:\\\/\\\/ferreteriajulia.com\\\/tienda\\\/wp-content\\\/uploads\\\/2015\\\/06\\\/destornillador-puntas-119110.png\",\"width\":1251,\"height\":1017},{\"@type\":\"BreadcrumbList\",\"@id\":\"https:\\\/\\\/ferreteriajulia.com\\\/tienda\\\/producto\\\/destornillador-magnetico-alyco-11-puntas\\\/#breadcrumb\",\"itemListElement\":[{\"@type\":\"ListItem\",\"position\":1,\"name\":\"Portada\",\"item\":\"https:\\\/\\\/ferreteriajulia.com\\\/tienda\\\/\"},{\"@type\":\"ListItem\",\"position\":2,\"name\":\"Tienda online\",\"item\":\"https:\\\/\\\/ferreteriajulia.com\\\/tienda\\\/shop\\\/\"},{\"@type\":\"ListItem\",\"position\":3,\"name\":\"destornillador magn\u00e9tico ALYCO 11 puntas\"}]},{\"@type\":\"WebSite\",\"@id\":\"https:\\\/\\\/ferreteriajulia.com\\\/tienda\\\/#website\",\"url\":\"https:\\\/\\\/ferreteriajulia.com\\\/tienda\\\/\",\"name\":\"Ferreter\u00eda Juli\u00e0\",\"description\":\"Ferreter\u00eda generalista, material para intalaciones y reparaciones.\",\"publisher\":{\"@id\":\"https:\\\/\\\/ferreteriajulia.com\\\/tienda\\\/#organization\"},\"potentialAction\":[{\"@type\":\"SearchAction\",\"target\":{\"@type\":\"EntryPoint\",\"urlTemplate\":\"https:\\\/\\\/ferreteriajulia.com\\\/tienda\\\/?s={search_term_string}\"},\"query-input\":{\"@type\":\"PropertyValueSpecification\",\"valueRequired\":true,\"valueName\":\"search_term_string\"}}],\"inLanguage\":\"es\"},{\"@type\":\"Organization\",\"@id\":\"https:\\\/\\\/ferreteriajulia.com\\\/tienda\\\/#organization\",\"name\":\"Ferreter\u00eda Juli\u00e0\",\"url\":\"https:\\\/\\\/ferreteriajulia.com\\\/tienda\\\/\",\"logo\":{\"@type\":\"ImageObject\",\"inLanguage\":\"es\",\"@id\":\"https:\\\/\\\/ferreteriajulia.com\\\/tienda\\\/#\\\/schema\\\/logo\\\/image\\\/\",\"url\":\"https:\\\/\\\/ferreteriajulia.com\\\/tienda\\\/wp-content\\\/uploads\\\/2023\\\/04\\\/LOGO_Ferreteria_Julia_HD-e1680625558319.png\",\"contentUrl\":\"https:\\\/\\\/ferreteriajulia.com\\\/tienda\\\/wp-content\\\/uploads\\\/2023\\\/04\\\/LOGO_Ferreteria_Julia_HD-e1680625558319.png\",\"width\":240,\"height\":89,\"caption\":\"Ferreter\u00eda Juli\u00e0\"},\"image\":{\"@id\":\"https:\\\/\\\/ferreteriajulia.com\\\/tienda\\\/#\\\/schema\\\/logo\\\/image\\\/\"}}]}<\/script>\n<!-- \/ Yoast SEO plugin. -->","yoast_head_json":{"title":"destornillador magn\u00e9tico ALYCO 11 puntas - Ferreter\u00eda Juli\u00e0","description":"destornillador magn\u00e9tico ALYCO 11 puntas - Ferreter\u00eda Juli\u00e0 - Ferreter\u00eda en Barcelona y venta On-line - telf.933 59 84 12 - info@ferreteriajulia.com - Gran variedad de productos","robots":{"index":"index","follow":"follow","max-snippet":"max-snippet:-1","max-image-preview":"max-image-preview:large","max-video-preview":"max-video-preview:-1"},"canonical":"https:\/\/ferreteriajulia.com\/tienda\/producto\/destornillador-magnetico-alyco-11-puntas\/","og_locale":"es_ES","og_type":"article","og_title":"destornillador magn\u00e9tico ALYCO 11 puntas - Ferreter\u00eda Juli\u00e0","og_description":"destornillador magn\u00e9tico ALYCO 11 puntas - Ferreter\u00eda Juli\u00e0 - Ferreter\u00eda en Barcelona y venta On-line - telf.933 59 84 12 - info@ferreteriajulia.com - Gran variedad de productos","og_url":"https:\/\/ferreteriajulia.com\/tienda\/producto\/destornillador-magnetico-alyco-11-puntas\/","og_site_name":"Ferreter\u00eda Juli\u00e0","article_modified_time":"2025-11-05T15:03:10+00:00","og_image":[{"width":1251,"height":1017,"url":"https:\/\/ferreteriajulia.com\/tienda\/wp-content\/uploads\/2015\/06\/destornillador-puntas-119110.png","type":"image\/png"}],"twitter_card":"summary_large_image","twitter_misc":{"Tiempo de lectura":"2 minutos"},"schema":{"@context":"https:\/\/schema.org","@graph":[{"@type":"WebPage","@id":"https:\/\/ferreteriajulia.com\/tienda\/producto\/destornillador-magnetico-alyco-11-puntas\/","url":"https:\/\/ferreteriajulia.com\/tienda\/producto\/destornillador-magnetico-alyco-11-puntas\/","name":"destornillador magn\u00e9tico ALYCO 11 puntas - Ferreter\u00eda Juli\u00e0","isPartOf":{"@id":"https:\/\/ferreteriajulia.com\/tienda\/#website"},"primaryImageOfPage":{"@id":"https:\/\/ferreteriajulia.com\/tienda\/producto\/destornillador-magnetico-alyco-11-puntas\/#primaryimage"},"image":{"@id":"https:\/\/ferreteriajulia.com\/tienda\/producto\/destornillador-magnetico-alyco-11-puntas\/#primaryimage"},"thumbnailUrl":"https:\/\/ferreteriajulia.com\/tienda\/wp-content\/uploads\/2015\/06\/destornillador-puntas-119110.png","datePublished":"2015-06-22T13:13:58+00:00","dateModified":"2025-11-05T15:03:10+00:00","description":"destornillador magn\u00e9tico ALYCO 11 puntas - Ferreter\u00eda Juli\u00e0 - Ferreter\u00eda en Barcelona y venta On-line - telf.933 59 84 12 - info@ferreteriajulia.com - Gran variedad de productos","breadcrumb":{"@id":"https:\/\/ferreteriajulia.com\/tienda\/producto\/destornillador-magnetico-alyco-11-puntas\/#breadcrumb"},"inLanguage":"es","potentialAction":[{"@type":"ReadAction","target":["https:\/\/ferreteriajulia.com\/tienda\/producto\/destornillador-magnetico-alyco-11-puntas\/"]}]},{"@type":"ImageObject","inLanguage":"es","@id":"https:\/\/ferreteriajulia.com\/tienda\/producto\/destornillador-magnetico-alyco-11-puntas\/#primaryimage","url":"https:\/\/ferreteriajulia.com\/tienda\/wp-content\/uploads\/2015\/06\/destornillador-puntas-119110.png","contentUrl":"https:\/\/ferreteriajulia.com\/tienda\/wp-content\/uploads\/2015\/06\/destornillador-puntas-119110.png","width":1251,"height":1017},{"@type":"BreadcrumbList","@id":"https:\/\/ferreteriajulia.com\/tienda\/producto\/destornillador-magnetico-alyco-11-puntas\/#breadcrumb","itemListElement":[{"@type":"ListItem","position":1,"name":"Portada","item":"https:\/\/ferreteriajulia.com\/tienda\/"},{"@type":"ListItem","position":2,"name":"Tienda online","item":"https:\/\/ferreteriajulia.com\/tienda\/shop\/"},{"@type":"ListItem","position":3,"name":"destornillador magn\u00e9tico ALYCO 11 puntas"}]},{"@type":"WebSite","@id":"https:\/\/ferreteriajulia.com\/tienda\/#website","url":"https:\/\/ferreteriajulia.com\/tienda\/","name":"Ferreter\u00eda Juli\u00e0","description":"Ferreter\u00eda generalista, material para intalaciones y reparaciones.","publisher":{"@id":"https:\/\/ferreteriajulia.com\/tienda\/#organization"},"potentialAction":[{"@type":"SearchAction","target":{"@type":"EntryPoint","urlTemplate":"https:\/\/ferreteriajulia.com\/tienda\/?s={search_term_string}"},"query-input":{"@type":"PropertyValueSpecification","valueRequired":true,"valueName":"search_term_string"}}],"inLanguage":"es"},{"@type":"Organization","@id":"https:\/\/ferreteriajulia.com\/tienda\/#organization","name":"Ferreter\u00eda Juli\u00e0","url":"https:\/\/ferreteriajulia.com\/tienda\/","logo":{"@type":"ImageObject","inLanguage":"es","@id":"https:\/\/ferreteriajulia.com\/tienda\/#\/schema\/logo\/image\/","url":"https:\/\/ferreteriajulia.com\/tienda\/wp-content\/uploads\/2023\/04\/LOGO_Ferreteria_Julia_HD-e1680625558319.png","contentUrl":"https:\/\/ferreteriajulia.com\/tienda\/wp-content\/uploads\/2023\/04\/LOGO_Ferreteria_Julia_HD-e1680625558319.png","width":240,"height":89,"caption":"Ferreter\u00eda Juli\u00e0"},"image":{"@id":"https:\/\/ferreteriajulia.com\/tienda\/#\/schema\/logo\/image\/"}}]}},"_links":{"self":[{"href":"https:\/\/ferreteriajulia.com\/tienda\/wp-json\/wp\/v2\/product\/5655","targetHints":{"allow":["GET"]}}],"collection":[{"href":"https:\/\/ferreteriajulia.com\/tienda\/wp-json\/wp\/v2\/product"}],"about":[{"href":"https:\/\/ferreteriajulia.com\/tienda\/wp-json\/wp\/v2\/types\/product"}],"wp:featuredmedia":[{"embeddable":true,"href":"https:\/\/ferreteriajulia.com\/tienda\/wp-json\/wp\/v2\/media\/22279"}],"wp:attachment":[{"href":"https:\/\/ferreteriajulia.com\/tienda\/wp-json\/wp\/v2\/media?parent=5655"}],"wp:term":[{"taxonomy":"product_brand","embeddable":true,"href":"https:\/\/ferreteriajulia.com\/tienda\/wp-json\/wp\/v2\/product_brand?post=5655"},{"taxonomy":"product_cat","embeddable":true,"href":"https:\/\/ferreteriajulia.com\/tienda\/wp-json\/wp\/v2\/product_cat?post=5655"},{"taxonomy":"product_tag","embeddable":true,"href":"https:\/\/ferreteriajulia.com\/tienda\/wp-json\/wp\/v2\/product_tag?post=5655"}],"curies":[{"name":"wp","href":"https:\/\/api.w.org\/{rel}","templated":true}]}}