{"id":5785,"date":"2015-09-04T16:29:30","date_gmt":"2015-09-04T14:29:30","guid":{"rendered":"http:\/\/ferreteriajulia.com\/tienda\/?post_type=product&#038;p=5785"},"modified":"2026-05-03T20:28:22","modified_gmt":"2026-05-03T18:28:22","slug":"enganche-frontal-cajon-cocina-indaux","status":"publish","type":"product","link":"https:\/\/ferreteriajulia.com\/tienda\/producto\/enganche-frontal-cajon-cocina-indaux\/","title":{"rendered":"enganche frontal caj\u00f3n cocina Indaux"},"content":{"rendered":"<p>enganche frontal caj\u00f3n cocina Indaux<\/p>\n<h3>Descripci\u00f3n:<\/h3>\n<p>juego enganches Indaux supra 86-118-150 niquelados,\u00a0 para frontal caj\u00f3n cocina o mueble.<br \/>\nmarca INDAUX\u00a0centro tornillos 64mm<br \/>\n<span style=\"color: #ed1c24;\"><strong>PRECIO JUEGO 2 UNIDADES, PARA UN CAJ\u00d3N<\/strong>.<\/span><\/p>\n<p>Recambio original Indaux, revise las medidas con las de la imagen<\/p>\n<p>Repare su caj\u00f3n de cocina con el recambio original Indaux para los frontales de caj\u00f3n.<br \/>\nAl ser modelo original Indaux le coincidir\u00e1n la instalaci\u00f3n de los tornillos, por lo que podr\u00e1 reparar su caj\u00f3n s\u00f3lo con un destornillador.<\/p>\n<p>El enganche frontal\u00a0<strong class=\"Yjhzub\" data-sfc-cb=\"\" data-processed=\"true\">Indaux Supra <\/strong>est\u00e1 dise\u00f1ado para fijar el frente de los cajones de manera firme. Fabricado principalmente en metal niquelado (o zamak), ofrece ajuste 3D para una alineaci\u00f3n precisa y alta durabilidad, siendo compatible con los sistemas Supra-86, 118 y 150<\/p>\n<div class=\"Y3BBE\" data-sfc-cp=\"\" data-sfc-cb=\"\" data-hveid=\"CAIQAA\" data-processed=\"true\"><strong class=\"Yjhzub\" data-sfc-cb=\"\" data-processed=\"true\">Caracter\u00edsticas enganche frontal caj\u00f3n cocina Indaux:<\/strong><\/div>\n<ul class=\"KsbFXc U6u95\" data-sfc-cb=\"\" data-processed=\"true\">\n<li class=\"dF3vjf\" data-sfc-cb=\"\" data-hveid=\"CAMQAA\" data-processed=\"true\"><span class=\"T286Pc\" data-sfc-cp=\"\" data-sfc-cb=\"\" data-processed=\"true\"><strong class=\"Yjhzub\" data-sfc-cb=\"\" data-processed=\"true\">Modelo:<\/strong>\u00a0Original Indaux Supra (fijaci\u00f3n frontal).<\/span><\/li>\n<li class=\"dF3vjf\" data-sfc-cb=\"\" data-hveid=\"CAMQAQ\" data-processed=\"true\"><span class=\"T286Pc\" data-sfc-cp=\"\" data-sfc-cb=\"\" data-processed=\"true\"><strong class=\"Yjhzub\" data-sfc-cb=\"\" data-processed=\"true\">Material:<\/strong> Metal niquelado ( zamak ) resistente a la corrosi\u00f3n.<\/span><\/li>\n<li class=\"dF3vjf\" data-sfc-cb=\"\" data-hveid=\"CAMQAg\" data-processed=\"true\"><span class=\"T286Pc\" data-sfc-cp=\"\" data-sfc-cb=\"\" data-processed=\"true\"><strong class=\"Yjhzub\" data-sfc-cb=\"\" data-processed=\"true\">Ajuste:<\/strong>\u00a0Permite regulaci\u00f3n tridimensional (3D) para una alineaci\u00f3n perfecta del frente del caj\u00f3n (altura lateral \u00b13-4 mm).<\/span><\/li>\n<li class=\"dF3vjf\" data-sfc-cb=\"\" data-hveid=\"CAMQAw\" data-processed=\"true\"><span class=\"T286Pc\" data-sfc-cp=\"\" data-sfc-cb=\"\" data-processed=\"true\"><strong class=\"Yjhzub\" data-sfc-cb=\"\" data-processed=\"true\">Compatibilidad:<\/strong>\u00a0Compatible con los sistemas de caj\u00f3n Indaux Supra (86 mm, 118 mm, 150 mm).<\/span><\/li>\n<li class=\"dF3vjf\" data-sfc-cb=\"\" data-hveid=\"CAMQBA\" data-processed=\"true\"><span class=\"T286Pc\" data-sfc-cp=\"\" data-sfc-cb=\"\" data-processed=\"true\"><strong class=\"Yjhzub\" data-sfc-cb=\"\" data-processed=\"true\">Montaje:<\/strong>\u00a0Sistema de anclaje r\u00e1pido y preciso, ideal para la reparaci\u00f3n o instalaci\u00f3n de cajones.<\/span><\/li>\n<li class=\"dF3vjf\" data-sfc-cb=\"\" data-hveid=\"CAMQBQ\" data-processed=\"true\"><span class=\"T286Pc\" data-sfc-cp=\"\" data-sfc-cb=\"\" data-processed=\"true\"><strong class=\"Yjhzub\" data-sfc-cb=\"\" data-processed=\"true\">Uso:<\/strong>\u00a0Apto para muebles de cocina, ba\u00f1os o armarios.<\/span><\/li>\n<\/ul>\n<p>Recomendamos lubricar las gu\u00edas con aerosol de silicona:<\/p>\n<p>&nbsp;<\/p>\n<blockquote class=\"wp-embedded-content\" data-secret=\"WBKIjNPp7i\"><p><a href=\"https:\/\/ferreteriajulia.com\/tienda\/producto\/aerosol-de-silicona-400ml\/\">aerosol de silicona 400ml<\/a><\/p><\/blockquote>\n<p><iframe loading=\"lazy\" class=\"wp-embedded-content\" sandbox=\"allow-scripts\" security=\"restricted\" style=\"position: absolute; visibility: hidden;\" title=\"\u00abaerosol de silicona 400ml\u00bb \u2014 Ferreter\u00eda Juli\u00e0\" src=\"https:\/\/ferreteriajulia.com\/tienda\/producto\/aerosol-de-silicona-400ml\/embed\/#?secret=4U9FWL7iSB#?secret=WBKIjNPp7i\" data-secret=\"WBKIjNPp7i\" width=\"600\" height=\"338\" frameborder=\"0\" marginwidth=\"0\" marginheight=\"0\" scrolling=\"no\"><\/iframe><\/p>\n<p>&nbsp;<\/p>\n<p>&nbsp;<\/p>\n<p>&nbsp;<\/p>\n","protected":false},"excerpt":{"rendered":"<p>enganche frontal caj\u00f3n cocina Indaux<\/p>\n<p>se entregan 2 unidades, juego para un caj\u00f3n<\/p>\n","protected":false},"featured_media":17479,"template":"","meta":{"_monsterinsights_skip_tracking":false,"_monsterinsights_sitenote_active":false,"_monsterinsights_sitenote_note":"","_monsterinsights_sitenote_category":0},"product_brand":[],"product_cat":[838],"product_tag":[],"class_list":{"0":"post-5785","1":"product","2":"type-product","3":"status-publish","4":"has-post-thumbnail","6":"product_cat-herrajes-para-muebles-y-cajones","8":"first","9":"instock","10":"featured","11":"taxable","12":"shipping-taxable","13":"purchasable","14":"product-type-simple"},"yoast_head":"<!-- This site is optimized with the Yoast SEO plugin v27.4 - https:\/\/yoast.com\/product\/yoast-seo-wordpress\/ -->\n<title>enganche frontal caj\u00f3n cocina Indaux - Ferreter\u00eda Juli\u00e0<\/title>\n<meta name=\"description\" content=\"enganche frontal caj\u00f3n cocina Indaux - Ferreter\u00eda Juli\u00e0 - Ferreter\u00eda en Barcelona - 933 59 84 12 - info@ferreteriajulia.com - Gran variedad de productos\" \/>\n<meta name=\"robots\" content=\"index, follow, max-snippet:-1, max-image-preview:large, max-video-preview:-1\" \/>\n<link rel=\"canonical\" href=\"https:\/\/ferreteriajulia.com\/tienda\/producto\/enganche-frontal-cajon-cocina-indaux\/\" \/>\n<meta property=\"og:locale\" content=\"es_ES\" \/>\n<meta property=\"og:type\" content=\"article\" \/>\n<meta property=\"og:title\" content=\"enganche frontal caj\u00f3n cocina Indaux - Ferreter\u00eda Juli\u00e0\" \/>\n<meta property=\"og:description\" content=\"enganche frontal caj\u00f3n cocina Indaux - Ferreter\u00eda Juli\u00e0 - Ferreter\u00eda en Barcelona - 933 59 84 12 - info@ferreteriajulia.com - Gran variedad de productos\" \/>\n<meta property=\"og:url\" content=\"https:\/\/ferreteriajulia.com\/tienda\/producto\/enganche-frontal-cajon-cocina-indaux\/\" \/>\n<meta property=\"og:site_name\" content=\"Ferreter\u00eda Juli\u00e0\" \/>\n<meta property=\"article:modified_time\" content=\"2026-05-03T18:28:22+00:00\" \/>\n<meta property=\"og:image\" content=\"https:\/\/ferreteriajulia.com\/tienda\/wp-content\/uploads\/2015\/09\/juego-enganche-cajon-cocina-indaux-supra-Ferreteria-Julia.png\" \/>\n\t<meta property=\"og:image:width\" content=\"1200\" \/>\n\t<meta property=\"og:image:height\" content=\"1200\" \/>\n\t<meta property=\"og:image:type\" content=\"image\/png\" \/>\n<meta name=\"twitter:card\" content=\"summary_large_image\" \/>\n<meta name=\"twitter:label1\" content=\"Tiempo de lectura\" \/>\n\t<meta name=\"twitter:data1\" content=\"2 minutos\" \/>\n<script type=\"application\/ld+json\" class=\"yoast-schema-graph\">{\"@context\":\"https:\\\/\\\/schema.org\",\"@graph\":[{\"@type\":\"WebPage\",\"@id\":\"https:\\\/\\\/ferreteriajulia.com\\\/tienda\\\/producto\\\/enganche-frontal-cajon-cocina-indaux\\\/\",\"url\":\"https:\\\/\\\/ferreteriajulia.com\\\/tienda\\\/producto\\\/enganche-frontal-cajon-cocina-indaux\\\/\",\"name\":\"enganche frontal caj\u00f3n cocina Indaux - Ferreter\u00eda Juli\u00e0\",\"isPartOf\":{\"@id\":\"https:\\\/\\\/ferreteriajulia.com\\\/tienda\\\/#website\"},\"primaryImageOfPage\":{\"@id\":\"https:\\\/\\\/ferreteriajulia.com\\\/tienda\\\/producto\\\/enganche-frontal-cajon-cocina-indaux\\\/#primaryimage\"},\"image\":{\"@id\":\"https:\\\/\\\/ferreteriajulia.com\\\/tienda\\\/producto\\\/enganche-frontal-cajon-cocina-indaux\\\/#primaryimage\"},\"thumbnailUrl\":\"https:\\\/\\\/ferreteriajulia.com\\\/tienda\\\/wp-content\\\/uploads\\\/2015\\\/09\\\/juego-enganche-cajon-cocina-indaux-supra-Ferreteria-Julia.png\",\"datePublished\":\"2015-09-04T14:29:30+00:00\",\"dateModified\":\"2026-05-03T18:28:22+00:00\",\"description\":\"enganche frontal caj\u00f3n cocina Indaux - Ferreter\u00eda Juli\u00e0 - Ferreter\u00eda en Barcelona - 933 59 84 12 - info@ferreteriajulia.com - Gran variedad de productos\",\"breadcrumb\":{\"@id\":\"https:\\\/\\\/ferreteriajulia.com\\\/tienda\\\/producto\\\/enganche-frontal-cajon-cocina-indaux\\\/#breadcrumb\"},\"inLanguage\":\"es\",\"potentialAction\":[{\"@type\":\"ReadAction\",\"target\":[\"https:\\\/\\\/ferreteriajulia.com\\\/tienda\\\/producto\\\/enganche-frontal-cajon-cocina-indaux\\\/\"]}]},{\"@type\":\"ImageObject\",\"inLanguage\":\"es\",\"@id\":\"https:\\\/\\\/ferreteriajulia.com\\\/tienda\\\/producto\\\/enganche-frontal-cajon-cocina-indaux\\\/#primaryimage\",\"url\":\"https:\\\/\\\/ferreteriajulia.com\\\/tienda\\\/wp-content\\\/uploads\\\/2015\\\/09\\\/juego-enganche-cajon-cocina-indaux-supra-Ferreteria-Julia.png\",\"contentUrl\":\"https:\\\/\\\/ferreteriajulia.com\\\/tienda\\\/wp-content\\\/uploads\\\/2015\\\/09\\\/juego-enganche-cajon-cocina-indaux-supra-Ferreteria-Julia.png\",\"width\":1200,\"height\":1200,\"caption\":\"enganche frontal caj\u00f3n cocina Indaux\"},{\"@type\":\"BreadcrumbList\",\"@id\":\"https:\\\/\\\/ferreteriajulia.com\\\/tienda\\\/producto\\\/enganche-frontal-cajon-cocina-indaux\\\/#breadcrumb\",\"itemListElement\":[{\"@type\":\"ListItem\",\"position\":1,\"name\":\"Portada\",\"item\":\"https:\\\/\\\/ferreteriajulia.com\\\/tienda\\\/\"},{\"@type\":\"ListItem\",\"position\":2,\"name\":\"Tienda online\",\"item\":\"https:\\\/\\\/ferreteriajulia.com\\\/tienda\\\/shop\\\/\"},{\"@type\":\"ListItem\",\"position\":3,\"name\":\"enganche frontal caj\u00f3n cocina Indaux\"}]},{\"@type\":\"WebSite\",\"@id\":\"https:\\\/\\\/ferreteriajulia.com\\\/tienda\\\/#website\",\"url\":\"https:\\\/\\\/ferreteriajulia.com\\\/tienda\\\/\",\"name\":\"Ferreter\u00eda Juli\u00e0\",\"description\":\"Ferreter\u00eda generalista, material para intalaciones y reparaciones.\",\"publisher\":{\"@id\":\"https:\\\/\\\/ferreteriajulia.com\\\/tienda\\\/#organization\"},\"potentialAction\":[{\"@type\":\"SearchAction\",\"target\":{\"@type\":\"EntryPoint\",\"urlTemplate\":\"https:\\\/\\\/ferreteriajulia.com\\\/tienda\\\/?s={search_term_string}\"},\"query-input\":{\"@type\":\"PropertyValueSpecification\",\"valueRequired\":true,\"valueName\":\"search_term_string\"}}],\"inLanguage\":\"es\"},{\"@type\":\"Organization\",\"@id\":\"https:\\\/\\\/ferreteriajulia.com\\\/tienda\\\/#organization\",\"name\":\"Ferreter\u00eda Juli\u00e0\",\"url\":\"https:\\\/\\\/ferreteriajulia.com\\\/tienda\\\/\",\"logo\":{\"@type\":\"ImageObject\",\"inLanguage\":\"es\",\"@id\":\"https:\\\/\\\/ferreteriajulia.com\\\/tienda\\\/#\\\/schema\\\/logo\\\/image\\\/\",\"url\":\"https:\\\/\\\/ferreteriajulia.com\\\/tienda\\\/wp-content\\\/uploads\\\/2023\\\/04\\\/LOGO_Ferreteria_Julia_HD-e1680625558319.png\",\"contentUrl\":\"https:\\\/\\\/ferreteriajulia.com\\\/tienda\\\/wp-content\\\/uploads\\\/2023\\\/04\\\/LOGO_Ferreteria_Julia_HD-e1680625558319.png\",\"width\":240,\"height\":89,\"caption\":\"Ferreter\u00eda Juli\u00e0\"},\"image\":{\"@id\":\"https:\\\/\\\/ferreteriajulia.com\\\/tienda\\\/#\\\/schema\\\/logo\\\/image\\\/\"}}]}<\/script>\n<!-- \/ Yoast SEO plugin. -->","yoast_head_json":{"title":"enganche frontal caj\u00f3n cocina Indaux - Ferreter\u00eda Juli\u00e0","description":"enganche frontal caj\u00f3n cocina Indaux - Ferreter\u00eda Juli\u00e0 - Ferreter\u00eda en Barcelona - 933 59 84 12 - info@ferreteriajulia.com - Gran variedad de productos","robots":{"index":"index","follow":"follow","max-snippet":"max-snippet:-1","max-image-preview":"max-image-preview:large","max-video-preview":"max-video-preview:-1"},"canonical":"https:\/\/ferreteriajulia.com\/tienda\/producto\/enganche-frontal-cajon-cocina-indaux\/","og_locale":"es_ES","og_type":"article","og_title":"enganche frontal caj\u00f3n cocina Indaux - Ferreter\u00eda Juli\u00e0","og_description":"enganche frontal caj\u00f3n cocina Indaux - Ferreter\u00eda Juli\u00e0 - Ferreter\u00eda en Barcelona - 933 59 84 12 - info@ferreteriajulia.com - Gran variedad de productos","og_url":"https:\/\/ferreteriajulia.com\/tienda\/producto\/enganche-frontal-cajon-cocina-indaux\/","og_site_name":"Ferreter\u00eda Juli\u00e0","article_modified_time":"2026-05-03T18:28:22+00:00","og_image":[{"width":1200,"height":1200,"url":"https:\/\/ferreteriajulia.com\/tienda\/wp-content\/uploads\/2015\/09\/juego-enganche-cajon-cocina-indaux-supra-Ferreteria-Julia.png","type":"image\/png"}],"twitter_card":"summary_large_image","twitter_misc":{"Tiempo de lectura":"2 minutos"},"schema":{"@context":"https:\/\/schema.org","@graph":[{"@type":"WebPage","@id":"https:\/\/ferreteriajulia.com\/tienda\/producto\/enganche-frontal-cajon-cocina-indaux\/","url":"https:\/\/ferreteriajulia.com\/tienda\/producto\/enganche-frontal-cajon-cocina-indaux\/","name":"enganche frontal caj\u00f3n cocina Indaux - Ferreter\u00eda Juli\u00e0","isPartOf":{"@id":"https:\/\/ferreteriajulia.com\/tienda\/#website"},"primaryImageOfPage":{"@id":"https:\/\/ferreteriajulia.com\/tienda\/producto\/enganche-frontal-cajon-cocina-indaux\/#primaryimage"},"image":{"@id":"https:\/\/ferreteriajulia.com\/tienda\/producto\/enganche-frontal-cajon-cocina-indaux\/#primaryimage"},"thumbnailUrl":"https:\/\/ferreteriajulia.com\/tienda\/wp-content\/uploads\/2015\/09\/juego-enganche-cajon-cocina-indaux-supra-Ferreteria-Julia.png","datePublished":"2015-09-04T14:29:30+00:00","dateModified":"2026-05-03T18:28:22+00:00","description":"enganche frontal caj\u00f3n cocina Indaux - Ferreter\u00eda Juli\u00e0 - Ferreter\u00eda en Barcelona - 933 59 84 12 - info@ferreteriajulia.com - Gran variedad de productos","breadcrumb":{"@id":"https:\/\/ferreteriajulia.com\/tienda\/producto\/enganche-frontal-cajon-cocina-indaux\/#breadcrumb"},"inLanguage":"es","potentialAction":[{"@type":"ReadAction","target":["https:\/\/ferreteriajulia.com\/tienda\/producto\/enganche-frontal-cajon-cocina-indaux\/"]}]},{"@type":"ImageObject","inLanguage":"es","@id":"https:\/\/ferreteriajulia.com\/tienda\/producto\/enganche-frontal-cajon-cocina-indaux\/#primaryimage","url":"https:\/\/ferreteriajulia.com\/tienda\/wp-content\/uploads\/2015\/09\/juego-enganche-cajon-cocina-indaux-supra-Ferreteria-Julia.png","contentUrl":"https:\/\/ferreteriajulia.com\/tienda\/wp-content\/uploads\/2015\/09\/juego-enganche-cajon-cocina-indaux-supra-Ferreteria-Julia.png","width":1200,"height":1200,"caption":"enganche frontal caj\u00f3n cocina Indaux"},{"@type":"BreadcrumbList","@id":"https:\/\/ferreteriajulia.com\/tienda\/producto\/enganche-frontal-cajon-cocina-indaux\/#breadcrumb","itemListElement":[{"@type":"ListItem","position":1,"name":"Portada","item":"https:\/\/ferreteriajulia.com\/tienda\/"},{"@type":"ListItem","position":2,"name":"Tienda online","item":"https:\/\/ferreteriajulia.com\/tienda\/shop\/"},{"@type":"ListItem","position":3,"name":"enganche frontal caj\u00f3n cocina Indaux"}]},{"@type":"WebSite","@id":"https:\/\/ferreteriajulia.com\/tienda\/#website","url":"https:\/\/ferreteriajulia.com\/tienda\/","name":"Ferreter\u00eda Juli\u00e0","description":"Ferreter\u00eda generalista, material para intalaciones y reparaciones.","publisher":{"@id":"https:\/\/ferreteriajulia.com\/tienda\/#organization"},"potentialAction":[{"@type":"SearchAction","target":{"@type":"EntryPoint","urlTemplate":"https:\/\/ferreteriajulia.com\/tienda\/?s={search_term_string}"},"query-input":{"@type":"PropertyValueSpecification","valueRequired":true,"valueName":"search_term_string"}}],"inLanguage":"es"},{"@type":"Organization","@id":"https:\/\/ferreteriajulia.com\/tienda\/#organization","name":"Ferreter\u00eda Juli\u00e0","url":"https:\/\/ferreteriajulia.com\/tienda\/","logo":{"@type":"ImageObject","inLanguage":"es","@id":"https:\/\/ferreteriajulia.com\/tienda\/#\/schema\/logo\/image\/","url":"https:\/\/ferreteriajulia.com\/tienda\/wp-content\/uploads\/2023\/04\/LOGO_Ferreteria_Julia_HD-e1680625558319.png","contentUrl":"https:\/\/ferreteriajulia.com\/tienda\/wp-content\/uploads\/2023\/04\/LOGO_Ferreteria_Julia_HD-e1680625558319.png","width":240,"height":89,"caption":"Ferreter\u00eda Juli\u00e0"},"image":{"@id":"https:\/\/ferreteriajulia.com\/tienda\/#\/schema\/logo\/image\/"}}]}},"_links":{"self":[{"href":"https:\/\/ferreteriajulia.com\/tienda\/wp-json\/wp\/v2\/product\/5785","targetHints":{"allow":["GET"]}}],"collection":[{"href":"https:\/\/ferreteriajulia.com\/tienda\/wp-json\/wp\/v2\/product"}],"about":[{"href":"https:\/\/ferreteriajulia.com\/tienda\/wp-json\/wp\/v2\/types\/product"}],"wp:featuredmedia":[{"embeddable":true,"href":"https:\/\/ferreteriajulia.com\/tienda\/wp-json\/wp\/v2\/media\/17479"}],"wp:attachment":[{"href":"https:\/\/ferreteriajulia.com\/tienda\/wp-json\/wp\/v2\/media?parent=5785"}],"wp:term":[{"taxonomy":"product_brand","embeddable":true,"href":"https:\/\/ferreteriajulia.com\/tienda\/wp-json\/wp\/v2\/product_brand?post=5785"},{"taxonomy":"product_cat","embeddable":true,"href":"https:\/\/ferreteriajulia.com\/tienda\/wp-json\/wp\/v2\/product_cat?post=5785"},{"taxonomy":"product_tag","embeddable":true,"href":"https:\/\/ferreteriajulia.com\/tienda\/wp-json\/wp\/v2\/product_tag?post=5785"}],"curies":[{"name":"wp","href":"https:\/\/api.w.org\/{rel}","templated":true}]}}