{"id":5863,"date":"2015-09-21T14:41:46","date_gmt":"2015-09-21T12:41:46","guid":{"rendered":"http:\/\/ferreteriajulia.com\/tienda\/?post_type=product&#038;p=5863"},"modified":"2026-03-12T15:11:49","modified_gmt":"2026-03-12T14:11:49","slug":"caja-estanca-3085-bipolar-fusibles-neozed-63a","status":"publish","type":"product","link":"https:\/\/ferreteriajulia.com\/tienda\/producto\/caja-estanca-3085-bipolar-fusibles-neozed-63a\/","title":{"rendered":"caja estanca 3085 bipolar fusibles neozed 63A"},"content":{"rendered":"<p>caja estanca 3085 bipolar fusibles neozed 63A<\/p>\n<p>caja BOX famatel 3085 bipolar (<a href=\"https:\/\/ferreteriajulia.com\/tienda\/producto\/base-neozed-fusible-63a-tapa-tapon-neozed\/\">2 base y 2 fusibles completos, con tapa<\/a>) neozed 63A<br \/>\nIP55 160*135mm<\/p>\n<ul>\n<li>Caja estanca con fusible bipolar 63A \u2013 AcquaBOX; IP55;<\/li>\n<li>Tapa y base en ABS<\/li>\n<li>Sujecci\u00f3n tapa al abrir la caja<\/li>\n<li>Tornillos 1\/4 de vuelta<\/li>\n<li>Incluye 2 conos<\/li>\n<\/ul>\n<h3 class=\"otQkpb\" role=\"heading\" aria-level=\"3\" data-complete=\"true\" data-processed=\"true\">Componentes y Dise\u00f1o de caja estanca 3085 bipolar fusibles neozed 63A:<\/h3>\n<ul class=\"KsbFXc U6u95\" data-sfc-cb=\"\" data-processed=\"true\" data-complete=\"true\">\n<li class=\"dF3vjf\" data-sfc-cb=\"\" data-hveid=\"CAYQAA\" data-complete=\"true\" data-sae=\"\"><span class=\"T286Pc\" data-sfc-cp=\"\" data-sfc-cb=\"\" data-complete=\"true\"><strong class=\"Yjhzub\" data-sfc-cb=\"\" data-complete=\"true\">Cierre<\/strong>: La tapa se sujeta mediante tornillos de\u00a0<strong class=\"Yjhzub\" data-sfc-cb=\"\" data-complete=\"true\">1\/4 de vuelta<\/strong>\u00a0para facilitar el acceso r\u00e1pido, y suele incluir un sistema que mantiene la tapa unida a la base al abrirla para evitar ca\u00eddas.<\/span><\/li>\n<li class=\"dF3vjf\" data-sfc-cb=\"\" data-hveid=\"CAYQAQ\" data-sae=\"\" data-complete=\"true\"><span class=\"T286Pc\" data-sfc-cp=\"\" data-sfc-cb=\"\" data-complete=\"true\"><strong class=\"Yjhzub\" data-sfc-cb=\"\" data-complete=\"true\">Instalaci\u00f3n<\/strong>: Dise\u00f1ada para montaje en superficie, suele incluir conos para la entrada de cables que ayudan a mantener la estanqueidad.<\/span><\/li>\n<li class=\"dF3vjf\" data-sfc-cb=\"\" data-hveid=\"CAYQAg\" data-complete=\"true\" data-processed=\"true\" data-sae=\"\"><span class=\"T286Pc\" data-sfc-cp=\"\" data-sfc-cb=\"\" data-complete=\"true\"><strong class=\"Yjhzub\" data-sfc-cb=\"\" data-complete=\"true\">Seguridad<\/strong>: El sistema Neozed est\u00e1 homologado para su manipulaci\u00f3n incluso por personas sin conocimientos t\u00e9cnicos avanzados, lo que lo hace com\u00fan tanto en cuadros industriales como en acometidas dom\u00e9sticas.<\/span><span class=\"uJ19be notranslate\" data-wiz-uids=\"jhoLTe_29,jhoLTe_2a\" data-sfc-cb=\"\" data-complete=\"true\"><span class=\"vKEkVd\" data-animation-atomic=\"\" data-wiz-attrbind=\"class=jhoLTe_28\/TKHnVd\" data-sae=\"\"><span aria-hidden=\"true\" aria-owns=\"action-menu-parent-container\">\u00a0<\/span><\/span><\/span><\/li>\n<\/ul>\n<p>La\u00a0<strong class=\"Yjhzub\" data-sfc-cb=\"\" data-complete=\"true\" data-processed=\"true\">caja estanca 3085<\/strong> es una envolvente de protecci\u00f3n dise\u00f1ada para albergar los fusibles en instalaciones el\u00e9ctricas de baja tensi\u00f3n.<\/p>\n<p>&nbsp;<\/p>\n<p>&nbsp;<\/p>\n<p><img loading=\"lazy\" decoding=\"async\" class=\"alignnone size-large wp-image-18586\" src=\"http:\/\/ferreteriajulia.com\/tienda\/wp-content\/uploads\/2015\/09\/ficha-tenica-caja-famatel-3085-neozed-637x1024.png\" alt=\"\" width=\"637\" height=\"1024\" srcset=\"https:\/\/ferreteriajulia.com\/tienda\/wp-content\/uploads\/2015\/09\/ficha-tenica-caja-famatel-3085-neozed-637x1024.png 637w, https:\/\/ferreteriajulia.com\/tienda\/wp-content\/uploads\/2015\/09\/ficha-tenica-caja-famatel-3085-neozed-187x300.png 187w, https:\/\/ferreteriajulia.com\/tienda\/wp-content\/uploads\/2015\/09\/ficha-tenica-caja-famatel-3085-neozed-768x1235.png 768w, https:\/\/ferreteriajulia.com\/tienda\/wp-content\/uploads\/2015\/09\/ficha-tenica-caja-famatel-3085-neozed-955x1536.png 955w, https:\/\/ferreteriajulia.com\/tienda\/wp-content\/uploads\/2015\/09\/ficha-tenica-caja-famatel-3085-neozed-510x820.png 510w, https:\/\/ferreteriajulia.com\/tienda\/wp-content\/uploads\/2015\/09\/ficha-tenica-caja-famatel-3085-neozed.png 1145w\" sizes=\"auto, (max-width: 637px) 100vw, 637px\" \/><\/p>\n<blockquote class=\"wp-embedded-content\" data-secret=\"WxJun2Jhf0\"><p><a href=\"https:\/\/ferreteriajulia.com\/tienda\/producto\/caja-modulo-contador-monofasico\/\">caja m\u00f3dulo contador monof\u00e1sico<\/a><\/p><\/blockquote>\n<p><iframe loading=\"lazy\" class=\"wp-embedded-content\" sandbox=\"allow-scripts\" security=\"restricted\" style=\"position: absolute; visibility: hidden;\" title=\"\u00abcaja m\u00f3dulo contador monof\u00e1sico\u00bb \u2014 Ferreter\u00eda Juli\u00e0\" src=\"https:\/\/ferreteriajulia.com\/tienda\/producto\/caja-modulo-contador-monofasico\/embed\/#?secret=YxZrnJ6oVU#?secret=WxJun2Jhf0\" data-secret=\"WxJun2Jhf0\" width=\"600\" height=\"338\" frameborder=\"0\" marginwidth=\"0\" marginheight=\"0\" scrolling=\"no\"><\/iframe><\/p>\n<p>&nbsp;<\/p>\n<p>&nbsp;<\/p>\n","protected":false},"excerpt":{"rendered":"<p>caja estanca 3085 bipolar fusibles neozed 63A<\/p>\n","protected":false},"featured_media":14483,"template":"","meta":{"_monsterinsights_skip_tracking":false,"_monsterinsights_sitenote_active":false,"_monsterinsights_sitenote_note":"","_monsterinsights_sitenote_category":0},"product_brand":[276],"product_cat":[736],"product_tag":[],"class_list":{"0":"post-5863","1":"product","2":"type-product","3":"status-publish","4":"has-post-thumbnail","6":"product_brand-276","7":"product_cat-modulo-contador-y-accesorios-instalacion","9":"first","10":"instock","11":"sale","12":"taxable","13":"shipping-taxable","14":"purchasable","15":"product-type-simple"},"yoast_head":"<!-- This site is optimized with the Yoast SEO plugin v27.4 - https:\/\/yoast.com\/product\/yoast-seo-wordpress\/ -->\n<title>caja estanca 3085 bipolar fusibles neozed 63A - Ferreter\u00eda Juli\u00e0<\/title>\n<meta name=\"description\" content=\"caja estanca 3085 bipolar fusibles neozed 63A - Ferreter\u00eda Juli\u00e0 - Ferreter\u00eda Barcelona - 933 59 84 12 - info@ferreteriajulia.com - Gran variedad de productos como la caja estanca 3085 bipolar fusibles neozed 63A\" \/>\n<meta name=\"robots\" content=\"index, follow, max-snippet:-1, max-image-preview:large, max-video-preview:-1\" \/>\n<link rel=\"canonical\" href=\"https:\/\/ferreteriajulia.com\/tienda\/producto\/caja-estanca-3085-bipolar-fusibles-neozed-63a\/\" \/>\n<meta property=\"og:locale\" content=\"es_ES\" \/>\n<meta property=\"og:type\" content=\"article\" \/>\n<meta property=\"og:title\" content=\"caja estanca 3085 bipolar fusibles neozed 63A - Ferreter\u00eda Juli\u00e0\" \/>\n<meta property=\"og:description\" content=\"caja estanca 3085 bipolar fusibles neozed 63A - Ferreter\u00eda Juli\u00e0 - Ferreter\u00eda Barcelona - 933 59 84 12 - info@ferreteriajulia.com - Gran variedad de productos como la caja estanca 3085 bipolar fusibles neozed 63A\" \/>\n<meta property=\"og:url\" content=\"https:\/\/ferreteriajulia.com\/tienda\/producto\/caja-estanca-3085-bipolar-fusibles-neozed-63a\/\" \/>\n<meta property=\"og:site_name\" content=\"Ferreter\u00eda Juli\u00e0\" \/>\n<meta property=\"article:modified_time\" content=\"2026-03-12T14:11:49+00:00\" \/>\n<meta property=\"og:image\" content=\"https:\/\/ferreteriajulia.com\/tienda\/wp-content\/uploads\/2015\/09\/caja-estanca-con-fusibles-neozed-63A.png\" \/>\n\t<meta property=\"og:image:width\" content=\"560\" \/>\n\t<meta property=\"og:image:height\" content=\"478\" \/>\n\t<meta property=\"og:image:type\" content=\"image\/png\" \/>\n<meta name=\"twitter:card\" content=\"summary_large_image\" \/>\n<meta name=\"twitter:label1\" content=\"Tiempo de lectura\" \/>\n\t<meta name=\"twitter:data1\" content=\"2 minutos\" \/>\n<script type=\"application\/ld+json\" class=\"yoast-schema-graph\">{\"@context\":\"https:\\\/\\\/schema.org\",\"@graph\":[{\"@type\":\"WebPage\",\"@id\":\"https:\\\/\\\/ferreteriajulia.com\\\/tienda\\\/producto\\\/caja-estanca-3085-bipolar-fusibles-neozed-63a\\\/\",\"url\":\"https:\\\/\\\/ferreteriajulia.com\\\/tienda\\\/producto\\\/caja-estanca-3085-bipolar-fusibles-neozed-63a\\\/\",\"name\":\"caja estanca 3085 bipolar fusibles neozed 63A - Ferreter\u00eda Juli\u00e0\",\"isPartOf\":{\"@id\":\"http:\\\/\\\/ferreteriajulia.com\\\/tienda\\\/#website\"},\"primaryImageOfPage\":{\"@id\":\"https:\\\/\\\/ferreteriajulia.com\\\/tienda\\\/producto\\\/caja-estanca-3085-bipolar-fusibles-neozed-63a\\\/#primaryimage\"},\"image\":{\"@id\":\"https:\\\/\\\/ferreteriajulia.com\\\/tienda\\\/producto\\\/caja-estanca-3085-bipolar-fusibles-neozed-63a\\\/#primaryimage\"},\"thumbnailUrl\":\"https:\\\/\\\/ferreteriajulia.com\\\/tienda\\\/wp-content\\\/uploads\\\/2015\\\/09\\\/caja-estanca-con-fusibles-neozed-63A.png\",\"datePublished\":\"2015-09-21T12:41:46+00:00\",\"dateModified\":\"2026-03-12T14:11:49+00:00\",\"description\":\"caja estanca 3085 bipolar fusibles neozed 63A - Ferreter\u00eda Juli\u00e0 - Ferreter\u00eda Barcelona - 933 59 84 12 - info@ferreteriajulia.com - Gran variedad de productos como la caja estanca 3085 bipolar fusibles neozed 63A\",\"breadcrumb\":{\"@id\":\"https:\\\/\\\/ferreteriajulia.com\\\/tienda\\\/producto\\\/caja-estanca-3085-bipolar-fusibles-neozed-63a\\\/#breadcrumb\"},\"inLanguage\":\"es\",\"potentialAction\":[{\"@type\":\"ReadAction\",\"target\":[\"https:\\\/\\\/ferreteriajulia.com\\\/tienda\\\/producto\\\/caja-estanca-3085-bipolar-fusibles-neozed-63a\\\/\"]}]},{\"@type\":\"ImageObject\",\"inLanguage\":\"es\",\"@id\":\"https:\\\/\\\/ferreteriajulia.com\\\/tienda\\\/producto\\\/caja-estanca-3085-bipolar-fusibles-neozed-63a\\\/#primaryimage\",\"url\":\"https:\\\/\\\/ferreteriajulia.com\\\/tienda\\\/wp-content\\\/uploads\\\/2015\\\/09\\\/caja-estanca-con-fusibles-neozed-63A.png\",\"contentUrl\":\"https:\\\/\\\/ferreteriajulia.com\\\/tienda\\\/wp-content\\\/uploads\\\/2015\\\/09\\\/caja-estanca-con-fusibles-neozed-63A.png\",\"width\":560,\"height\":478},{\"@type\":\"BreadcrumbList\",\"@id\":\"https:\\\/\\\/ferreteriajulia.com\\\/tienda\\\/producto\\\/caja-estanca-3085-bipolar-fusibles-neozed-63a\\\/#breadcrumb\",\"itemListElement\":[{\"@type\":\"ListItem\",\"position\":1,\"name\":\"Portada\",\"item\":\"http:\\\/\\\/ferreteriajulia.com\\\/tienda\\\/\"},{\"@type\":\"ListItem\",\"position\":2,\"name\":\"Tienda online\",\"item\":\"http:\\\/\\\/ferreteriajulia.com\\\/tienda\\\/shop\\\/\"},{\"@type\":\"ListItem\",\"position\":3,\"name\":\"caja estanca 3085 bipolar fusibles neozed 63A\"}]},{\"@type\":\"WebSite\",\"@id\":\"http:\\\/\\\/ferreteriajulia.com\\\/tienda\\\/#website\",\"url\":\"http:\\\/\\\/ferreteriajulia.com\\\/tienda\\\/\",\"name\":\"Ferreter\u00eda Juli\u00e0\",\"description\":\"Ferreter\u00eda generalista, material para intalaciones y reparaciones.\",\"publisher\":{\"@id\":\"http:\\\/\\\/ferreteriajulia.com\\\/tienda\\\/#organization\"},\"potentialAction\":[{\"@type\":\"SearchAction\",\"target\":{\"@type\":\"EntryPoint\",\"urlTemplate\":\"http:\\\/\\\/ferreteriajulia.com\\\/tienda\\\/?s={search_term_string}\"},\"query-input\":{\"@type\":\"PropertyValueSpecification\",\"valueRequired\":true,\"valueName\":\"search_term_string\"}}],\"inLanguage\":\"es\"},{\"@type\":\"Organization\",\"@id\":\"http:\\\/\\\/ferreteriajulia.com\\\/tienda\\\/#organization\",\"name\":\"Ferreter\u00eda Juli\u00e0\",\"url\":\"http:\\\/\\\/ferreteriajulia.com\\\/tienda\\\/\",\"logo\":{\"@type\":\"ImageObject\",\"inLanguage\":\"es\",\"@id\":\"http:\\\/\\\/ferreteriajulia.com\\\/tienda\\\/#\\\/schema\\\/logo\\\/image\\\/\",\"url\":\"https:\\\/\\\/ferreteriajulia.com\\\/tienda\\\/wp-content\\\/uploads\\\/2023\\\/04\\\/LOGO_Ferreteria_Julia_HD-e1680625558319.png\",\"contentUrl\":\"https:\\\/\\\/ferreteriajulia.com\\\/tienda\\\/wp-content\\\/uploads\\\/2023\\\/04\\\/LOGO_Ferreteria_Julia_HD-e1680625558319.png\",\"width\":240,\"height\":89,\"caption\":\"Ferreter\u00eda Juli\u00e0\"},\"image\":{\"@id\":\"http:\\\/\\\/ferreteriajulia.com\\\/tienda\\\/#\\\/schema\\\/logo\\\/image\\\/\"}}]}<\/script>\n<!-- \/ Yoast SEO plugin. -->","yoast_head_json":{"title":"caja estanca 3085 bipolar fusibles neozed 63A - Ferreter\u00eda Juli\u00e0","description":"caja estanca 3085 bipolar fusibles neozed 63A - Ferreter\u00eda Juli\u00e0 - Ferreter\u00eda Barcelona - 933 59 84 12 - info@ferreteriajulia.com - Gran variedad de productos como la caja estanca 3085 bipolar fusibles neozed 63A","robots":{"index":"index","follow":"follow","max-snippet":"max-snippet:-1","max-image-preview":"max-image-preview:large","max-video-preview":"max-video-preview:-1"},"canonical":"https:\/\/ferreteriajulia.com\/tienda\/producto\/caja-estanca-3085-bipolar-fusibles-neozed-63a\/","og_locale":"es_ES","og_type":"article","og_title":"caja estanca 3085 bipolar fusibles neozed 63A - Ferreter\u00eda Juli\u00e0","og_description":"caja estanca 3085 bipolar fusibles neozed 63A - Ferreter\u00eda Juli\u00e0 - Ferreter\u00eda Barcelona - 933 59 84 12 - info@ferreteriajulia.com - Gran variedad de productos como la caja estanca 3085 bipolar fusibles neozed 63A","og_url":"https:\/\/ferreteriajulia.com\/tienda\/producto\/caja-estanca-3085-bipolar-fusibles-neozed-63a\/","og_site_name":"Ferreter\u00eda Juli\u00e0","article_modified_time":"2026-03-12T14:11:49+00:00","og_image":[{"width":560,"height":478,"url":"https:\/\/ferreteriajulia.com\/tienda\/wp-content\/uploads\/2015\/09\/caja-estanca-con-fusibles-neozed-63A.png","type":"image\/png"}],"twitter_card":"summary_large_image","twitter_misc":{"Tiempo de lectura":"2 minutos"},"schema":{"@context":"https:\/\/schema.org","@graph":[{"@type":"WebPage","@id":"https:\/\/ferreteriajulia.com\/tienda\/producto\/caja-estanca-3085-bipolar-fusibles-neozed-63a\/","url":"https:\/\/ferreteriajulia.com\/tienda\/producto\/caja-estanca-3085-bipolar-fusibles-neozed-63a\/","name":"caja estanca 3085 bipolar fusibles neozed 63A - Ferreter\u00eda Juli\u00e0","isPartOf":{"@id":"http:\/\/ferreteriajulia.com\/tienda\/#website"},"primaryImageOfPage":{"@id":"https:\/\/ferreteriajulia.com\/tienda\/producto\/caja-estanca-3085-bipolar-fusibles-neozed-63a\/#primaryimage"},"image":{"@id":"https:\/\/ferreteriajulia.com\/tienda\/producto\/caja-estanca-3085-bipolar-fusibles-neozed-63a\/#primaryimage"},"thumbnailUrl":"https:\/\/ferreteriajulia.com\/tienda\/wp-content\/uploads\/2015\/09\/caja-estanca-con-fusibles-neozed-63A.png","datePublished":"2015-09-21T12:41:46+00:00","dateModified":"2026-03-12T14:11:49+00:00","description":"caja estanca 3085 bipolar fusibles neozed 63A - Ferreter\u00eda Juli\u00e0 - Ferreter\u00eda Barcelona - 933 59 84 12 - info@ferreteriajulia.com - Gran variedad de productos como la caja estanca 3085 bipolar fusibles neozed 63A","breadcrumb":{"@id":"https:\/\/ferreteriajulia.com\/tienda\/producto\/caja-estanca-3085-bipolar-fusibles-neozed-63a\/#breadcrumb"},"inLanguage":"es","potentialAction":[{"@type":"ReadAction","target":["https:\/\/ferreteriajulia.com\/tienda\/producto\/caja-estanca-3085-bipolar-fusibles-neozed-63a\/"]}]},{"@type":"ImageObject","inLanguage":"es","@id":"https:\/\/ferreteriajulia.com\/tienda\/producto\/caja-estanca-3085-bipolar-fusibles-neozed-63a\/#primaryimage","url":"https:\/\/ferreteriajulia.com\/tienda\/wp-content\/uploads\/2015\/09\/caja-estanca-con-fusibles-neozed-63A.png","contentUrl":"https:\/\/ferreteriajulia.com\/tienda\/wp-content\/uploads\/2015\/09\/caja-estanca-con-fusibles-neozed-63A.png","width":560,"height":478},{"@type":"BreadcrumbList","@id":"https:\/\/ferreteriajulia.com\/tienda\/producto\/caja-estanca-3085-bipolar-fusibles-neozed-63a\/#breadcrumb","itemListElement":[{"@type":"ListItem","position":1,"name":"Portada","item":"http:\/\/ferreteriajulia.com\/tienda\/"},{"@type":"ListItem","position":2,"name":"Tienda online","item":"http:\/\/ferreteriajulia.com\/tienda\/shop\/"},{"@type":"ListItem","position":3,"name":"caja estanca 3085 bipolar fusibles neozed 63A"}]},{"@type":"WebSite","@id":"http:\/\/ferreteriajulia.com\/tienda\/#website","url":"http:\/\/ferreteriajulia.com\/tienda\/","name":"Ferreter\u00eda Juli\u00e0","description":"Ferreter\u00eda generalista, material para intalaciones y reparaciones.","publisher":{"@id":"http:\/\/ferreteriajulia.com\/tienda\/#organization"},"potentialAction":[{"@type":"SearchAction","target":{"@type":"EntryPoint","urlTemplate":"http:\/\/ferreteriajulia.com\/tienda\/?s={search_term_string}"},"query-input":{"@type":"PropertyValueSpecification","valueRequired":true,"valueName":"search_term_string"}}],"inLanguage":"es"},{"@type":"Organization","@id":"http:\/\/ferreteriajulia.com\/tienda\/#organization","name":"Ferreter\u00eda Juli\u00e0","url":"http:\/\/ferreteriajulia.com\/tienda\/","logo":{"@type":"ImageObject","inLanguage":"es","@id":"http:\/\/ferreteriajulia.com\/tienda\/#\/schema\/logo\/image\/","url":"https:\/\/ferreteriajulia.com\/tienda\/wp-content\/uploads\/2023\/04\/LOGO_Ferreteria_Julia_HD-e1680625558319.png","contentUrl":"https:\/\/ferreteriajulia.com\/tienda\/wp-content\/uploads\/2023\/04\/LOGO_Ferreteria_Julia_HD-e1680625558319.png","width":240,"height":89,"caption":"Ferreter\u00eda Juli\u00e0"},"image":{"@id":"http:\/\/ferreteriajulia.com\/tienda\/#\/schema\/logo\/image\/"}}]}},"_links":{"self":[{"href":"https:\/\/ferreteriajulia.com\/tienda\/wp-json\/wp\/v2\/product\/5863","targetHints":{"allow":["GET"]}}],"collection":[{"href":"https:\/\/ferreteriajulia.com\/tienda\/wp-json\/wp\/v2\/product"}],"about":[{"href":"https:\/\/ferreteriajulia.com\/tienda\/wp-json\/wp\/v2\/types\/product"}],"wp:featuredmedia":[{"embeddable":true,"href":"https:\/\/ferreteriajulia.com\/tienda\/wp-json\/wp\/v2\/media\/14483"}],"wp:attachment":[{"href":"https:\/\/ferreteriajulia.com\/tienda\/wp-json\/wp\/v2\/media?parent=5863"}],"wp:term":[{"taxonomy":"product_brand","embeddable":true,"href":"https:\/\/ferreteriajulia.com\/tienda\/wp-json\/wp\/v2\/product_brand?post=5863"},{"taxonomy":"product_cat","embeddable":true,"href":"https:\/\/ferreteriajulia.com\/tienda\/wp-json\/wp\/v2\/product_cat?post=5863"},{"taxonomy":"product_tag","embeddable":true,"href":"https:\/\/ferreteriajulia.com\/tienda\/wp-json\/wp\/v2\/product_tag?post=5863"}],"curies":[{"name":"wp","href":"https:\/\/api.w.org\/{rel}","templated":true}]}}