{"id":5972,"date":"2015-09-30T11:23:17","date_gmt":"2015-09-30T09:23:17","guid":{"rendered":"http:\/\/ferreteriajulia.com\/tienda\/?post_type=product&#038;p=5972"},"modified":"2026-02-18T18:39:20","modified_gmt":"2026-02-18T17:39:20","slug":"llave-gas-botella-camping","status":"publish","type":"product","link":"https:\/\/ferreteriajulia.com\/tienda\/producto\/llave-gas-botella-camping\/","title":{"rendered":"llave gas botella camping."},"content":{"rendered":"<p>v\u00e1lvula para botella campin gas<\/p>\n","protected":false},"excerpt":{"rendered":"<p>llave gas botella camping<\/p>\n","protected":false},"featured_media":5973,"template":"","meta":{"_monsterinsights_skip_tracking":false,"_monsterinsights_sitenote_active":false,"_monsterinsights_sitenote_note":"","_monsterinsights_sitenote_category":0},"product_brand":[],"product_cat":[759],"product_tag":[],"class_list":{"0":"post-5972","1":"product","2":"type-product","3":"status-publish","4":"has-post-thumbnail","6":"product_cat-paelleros-cocinas-y-accesorios","8":"first","9":"instock","10":"taxable","11":"shipping-taxable","12":"purchasable","13":"product-type-simple"},"yoast_head":"<!-- This site is optimized with the Yoast SEO plugin v27.1.1 - https:\/\/yoast.com\/product\/yoast-seo-wordpress\/ -->\n<title>llave gas botella camping. - Ferreter\u00eda Juli\u00e0<\/title>\n<meta name=\"robots\" content=\"index, follow, max-snippet:-1, max-image-preview:large, max-video-preview:-1\" \/>\n<link rel=\"canonical\" href=\"http:\/\/ferreteriajulia.com\/tienda\/producto\/llave-gas-botella-camping\/\" \/>\n<meta property=\"og:locale\" content=\"es_ES\" \/>\n<meta property=\"og:type\" content=\"article\" \/>\n<meta property=\"og:title\" content=\"llave gas botella camping. - Ferreter\u00eda Juli\u00e0\" \/>\n<meta property=\"og:description\" content=\"llave gas botella camping\" \/>\n<meta property=\"og:url\" content=\"http:\/\/ferreteriajulia.com\/tienda\/producto\/llave-gas-botella-camping\/\" \/>\n<meta property=\"og:site_name\" content=\"Ferreter\u00eda Juli\u00e0\" \/>\n<meta property=\"article:modified_time\" content=\"2026-02-18T17:39:20+00:00\" \/>\n<meta property=\"og:image\" content=\"http:\/\/ferreteriajulia.com\/tienda\/wp-content\/uploads\/2015\/09\/p-5972-llave-gas-botella-camping.jpg\" \/>\n\t<meta property=\"og:image:width\" content=\"764\" \/>\n\t<meta property=\"og:image:height\" content=\"633\" \/>\n\t<meta property=\"og:image:type\" content=\"image\/jpeg\" \/>\n<meta name=\"twitter:card\" content=\"summary_large_image\" \/>\n<meta name=\"twitter:label1\" content=\"Tiempo de lectura\" \/>\n\t<meta name=\"twitter:data1\" content=\"1 minuto\" \/>\n<script type=\"application\/ld+json\" class=\"yoast-schema-graph\">{\"@context\":\"https:\/\/schema.org\",\"@graph\":[{\"@type\":\"WebPage\",\"@id\":\"http:\/\/ferreteriajulia.com\/tienda\/producto\/llave-gas-botella-camping\/\",\"url\":\"http:\/\/ferreteriajulia.com\/tienda\/producto\/llave-gas-botella-camping\/\",\"name\":\"llave gas botella camping. - Ferreter\u00eda Juli\u00e0\",\"isPartOf\":{\"@id\":\"https:\/\/ferreteriajulia.com\/tienda\/#website\"},\"primaryImageOfPage\":{\"@id\":\"http:\/\/ferreteriajulia.com\/tienda\/producto\/llave-gas-botella-camping\/#primaryimage\"},\"image\":{\"@id\":\"http:\/\/ferreteriajulia.com\/tienda\/producto\/llave-gas-botella-camping\/#primaryimage\"},\"thumbnailUrl\":\"https:\/\/ferreteriajulia.com\/tienda\/wp-content\/uploads\/2015\/09\/p-5972-llave-gas-botella-camping.jpg\",\"datePublished\":\"2015-09-30T09:23:17+00:00\",\"dateModified\":\"2026-02-18T17:39:20+00:00\",\"breadcrumb\":{\"@id\":\"http:\/\/ferreteriajulia.com\/tienda\/producto\/llave-gas-botella-camping\/#breadcrumb\"},\"inLanguage\":\"es\",\"potentialAction\":[{\"@type\":\"ReadAction\",\"target\":[\"http:\/\/ferreteriajulia.com\/tienda\/producto\/llave-gas-botella-camping\/\"]}]},{\"@type\":\"ImageObject\",\"inLanguage\":\"es\",\"@id\":\"http:\/\/ferreteriajulia.com\/tienda\/producto\/llave-gas-botella-camping\/#primaryimage\",\"url\":\"https:\/\/ferreteriajulia.com\/tienda\/wp-content\/uploads\/2015\/09\/p-5972-llave-gas-botella-camping.jpg\",\"contentUrl\":\"https:\/\/ferreteriajulia.com\/tienda\/wp-content\/uploads\/2015\/09\/p-5972-llave-gas-botella-camping.jpg\",\"width\":764,\"height\":633},{\"@type\":\"BreadcrumbList\",\"@id\":\"http:\/\/ferreteriajulia.com\/tienda\/producto\/llave-gas-botella-camping\/#breadcrumb\",\"itemListElement\":[{\"@type\":\"ListItem\",\"position\":1,\"name\":\"Portada\",\"item\":\"https:\/\/ferreteriajulia.com\/tienda\/\"},{\"@type\":\"ListItem\",\"position\":2,\"name\":\"Tienda online\",\"item\":\"https:\/\/ferreteriajulia.com\/tienda\/shop\/\"},{\"@type\":\"ListItem\",\"position\":3,\"name\":\"llave gas botella camping.\"}]},{\"@type\":\"WebSite\",\"@id\":\"https:\/\/ferreteriajulia.com\/tienda\/#website\",\"url\":\"https:\/\/ferreteriajulia.com\/tienda\/\",\"name\":\"Ferreter\u00eda Juli\u00e0\",\"description\":\"Ferreter\u00eda generalista, material para intalaciones y reparaciones.\",\"publisher\":{\"@id\":\"https:\/\/ferreteriajulia.com\/tienda\/#organization\"},\"potentialAction\":[{\"@type\":\"SearchAction\",\"target\":{\"@type\":\"EntryPoint\",\"urlTemplate\":\"https:\/\/ferreteriajulia.com\/tienda\/?s={search_term_string}\"},\"query-input\":{\"@type\":\"PropertyValueSpecification\",\"valueRequired\":true,\"valueName\":\"search_term_string\"}}],\"inLanguage\":\"es\"},{\"@type\":\"Organization\",\"@id\":\"https:\/\/ferreteriajulia.com\/tienda\/#organization\",\"name\":\"Ferreter\u00eda Juli\u00e0\",\"url\":\"https:\/\/ferreteriajulia.com\/tienda\/\",\"logo\":{\"@type\":\"ImageObject\",\"inLanguage\":\"es\",\"@id\":\"https:\/\/ferreteriajulia.com\/tienda\/#\/schema\/logo\/image\/\",\"url\":\"https:\/\/ferreteriajulia.com\/tienda\/wp-content\/uploads\/2023\/04\/LOGO_Ferreteria_Julia_HD-e1680625558319.png\",\"contentUrl\":\"https:\/\/ferreteriajulia.com\/tienda\/wp-content\/uploads\/2023\/04\/LOGO_Ferreteria_Julia_HD-e1680625558319.png\",\"width\":240,\"height\":89,\"caption\":\"Ferreter\u00eda Juli\u00e0\"},\"image\":{\"@id\":\"https:\/\/ferreteriajulia.com\/tienda\/#\/schema\/logo\/image\/\"}}]}<\/script>\n<!-- \/ Yoast SEO plugin. -->","yoast_head_json":{"title":"llave gas botella camping. - Ferreter\u00eda Juli\u00e0","robots":{"index":"index","follow":"follow","max-snippet":"max-snippet:-1","max-image-preview":"max-image-preview:large","max-video-preview":"max-video-preview:-1"},"canonical":"http:\/\/ferreteriajulia.com\/tienda\/producto\/llave-gas-botella-camping\/","og_locale":"es_ES","og_type":"article","og_title":"llave gas botella camping. - Ferreter\u00eda Juli\u00e0","og_description":"llave gas botella camping","og_url":"http:\/\/ferreteriajulia.com\/tienda\/producto\/llave-gas-botella-camping\/","og_site_name":"Ferreter\u00eda Juli\u00e0","article_modified_time":"2026-02-18T17:39:20+00:00","og_image":[{"width":764,"height":633,"url":"http:\/\/ferreteriajulia.com\/tienda\/wp-content\/uploads\/2015\/09\/p-5972-llave-gas-botella-camping.jpg","type":"image\/jpeg"}],"twitter_card":"summary_large_image","twitter_misc":{"Tiempo de lectura":"1 minuto"},"schema":{"@context":"https:\/\/schema.org","@graph":[{"@type":"WebPage","@id":"http:\/\/ferreteriajulia.com\/tienda\/producto\/llave-gas-botella-camping\/","url":"http:\/\/ferreteriajulia.com\/tienda\/producto\/llave-gas-botella-camping\/","name":"llave gas botella camping. - Ferreter\u00eda Juli\u00e0","isPartOf":{"@id":"https:\/\/ferreteriajulia.com\/tienda\/#website"},"primaryImageOfPage":{"@id":"http:\/\/ferreteriajulia.com\/tienda\/producto\/llave-gas-botella-camping\/#primaryimage"},"image":{"@id":"http:\/\/ferreteriajulia.com\/tienda\/producto\/llave-gas-botella-camping\/#primaryimage"},"thumbnailUrl":"https:\/\/ferreteriajulia.com\/tienda\/wp-content\/uploads\/2015\/09\/p-5972-llave-gas-botella-camping.jpg","datePublished":"2015-09-30T09:23:17+00:00","dateModified":"2026-02-18T17:39:20+00:00","breadcrumb":{"@id":"http:\/\/ferreteriajulia.com\/tienda\/producto\/llave-gas-botella-camping\/#breadcrumb"},"inLanguage":"es","potentialAction":[{"@type":"ReadAction","target":["http:\/\/ferreteriajulia.com\/tienda\/producto\/llave-gas-botella-camping\/"]}]},{"@type":"ImageObject","inLanguage":"es","@id":"http:\/\/ferreteriajulia.com\/tienda\/producto\/llave-gas-botella-camping\/#primaryimage","url":"https:\/\/ferreteriajulia.com\/tienda\/wp-content\/uploads\/2015\/09\/p-5972-llave-gas-botella-camping.jpg","contentUrl":"https:\/\/ferreteriajulia.com\/tienda\/wp-content\/uploads\/2015\/09\/p-5972-llave-gas-botella-camping.jpg","width":764,"height":633},{"@type":"BreadcrumbList","@id":"http:\/\/ferreteriajulia.com\/tienda\/producto\/llave-gas-botella-camping\/#breadcrumb","itemListElement":[{"@type":"ListItem","position":1,"name":"Portada","item":"https:\/\/ferreteriajulia.com\/tienda\/"},{"@type":"ListItem","position":2,"name":"Tienda online","item":"https:\/\/ferreteriajulia.com\/tienda\/shop\/"},{"@type":"ListItem","position":3,"name":"llave gas botella camping."}]},{"@type":"WebSite","@id":"https:\/\/ferreteriajulia.com\/tienda\/#website","url":"https:\/\/ferreteriajulia.com\/tienda\/","name":"Ferreter\u00eda Juli\u00e0","description":"Ferreter\u00eda generalista, material para intalaciones y reparaciones.","publisher":{"@id":"https:\/\/ferreteriajulia.com\/tienda\/#organization"},"potentialAction":[{"@type":"SearchAction","target":{"@type":"EntryPoint","urlTemplate":"https:\/\/ferreteriajulia.com\/tienda\/?s={search_term_string}"},"query-input":{"@type":"PropertyValueSpecification","valueRequired":true,"valueName":"search_term_string"}}],"inLanguage":"es"},{"@type":"Organization","@id":"https:\/\/ferreteriajulia.com\/tienda\/#organization","name":"Ferreter\u00eda Juli\u00e0","url":"https:\/\/ferreteriajulia.com\/tienda\/","logo":{"@type":"ImageObject","inLanguage":"es","@id":"https:\/\/ferreteriajulia.com\/tienda\/#\/schema\/logo\/image\/","url":"https:\/\/ferreteriajulia.com\/tienda\/wp-content\/uploads\/2023\/04\/LOGO_Ferreteria_Julia_HD-e1680625558319.png","contentUrl":"https:\/\/ferreteriajulia.com\/tienda\/wp-content\/uploads\/2023\/04\/LOGO_Ferreteria_Julia_HD-e1680625558319.png","width":240,"height":89,"caption":"Ferreter\u00eda Juli\u00e0"},"image":{"@id":"https:\/\/ferreteriajulia.com\/tienda\/#\/schema\/logo\/image\/"}}]}},"_links":{"self":[{"href":"https:\/\/ferreteriajulia.com\/tienda\/wp-json\/wp\/v2\/product\/5972","targetHints":{"allow":["GET"]}}],"collection":[{"href":"https:\/\/ferreteriajulia.com\/tienda\/wp-json\/wp\/v2\/product"}],"about":[{"href":"https:\/\/ferreteriajulia.com\/tienda\/wp-json\/wp\/v2\/types\/product"}],"wp:featuredmedia":[{"embeddable":true,"href":"https:\/\/ferreteriajulia.com\/tienda\/wp-json\/wp\/v2\/media\/5973"}],"wp:attachment":[{"href":"https:\/\/ferreteriajulia.com\/tienda\/wp-json\/wp\/v2\/media?parent=5972"}],"wp:term":[{"taxonomy":"product_brand","embeddable":true,"href":"https:\/\/ferreteriajulia.com\/tienda\/wp-json\/wp\/v2\/product_brand?post=5972"},{"taxonomy":"product_cat","embeddable":true,"href":"https:\/\/ferreteriajulia.com\/tienda\/wp-json\/wp\/v2\/product_cat?post=5972"},{"taxonomy":"product_tag","embeddable":true,"href":"https:\/\/ferreteriajulia.com\/tienda\/wp-json\/wp\/v2\/product_tag?post=5972"}],"curies":[{"name":"wp","href":"https:\/\/api.w.org\/{rel}","templated":true}]}}