{"id":6604,"date":"2016-01-22T18:32:04","date_gmt":"2016-01-22T17:32:04","guid":{"rendered":"http:\/\/ferreteriajulia.com\/tienda\/?post_type=product&#038;p=6604"},"modified":"2026-02-21T11:16:08","modified_gmt":"2026-02-21T10:16:08","slug":"candado-combinacion-abus-145-30","status":"publish","type":"product","link":"https:\/\/ferreteriajulia.com\/tienda\/producto\/candado-combinacion-abus-145-30\/","title":{"rendered":"candado combinaci\u00f3n ABUS 145\/30"},"content":{"rendered":"<p>candado combinaci\u00f3n ABUS 145\/30<br \/>\ncon combinaci\u00f3n de tres d\u00edgitos, ideal taquillas, elija su c\u00f3digo de apertura personalizado, si nos lo escribe en observaciones del pediddo, se lo enviamos con la numeraci\u00f3n ya programada.<\/p>\n<p>marca la casilla con el color deseado, la imagen del carrito puede no correponder con el color elegido.<\/p>\n<h4>Informaci\u00f3n candado combinaci\u00f3n ABUS 145\/30:<\/h4>\n<div class=\"copy\"><span class=\"copy--bold\">Nuestro antirrobo candado combinaci\u00f3n ABUS 145\/30145 est\u00e1 disponible en 3 llamativos colores y cuenta con un revestimiento especial para una protecci\u00f3n especialmente robusta.<\/span><\/div>\n<div class=\"copy\">El candado 145 de ABUS consta de un cuerpo de candado de aluminio macizo y un arco de acero. Es adecuado para cerrar bolsas, maletas, cofres, cajetines, taquillas y mucho m\u00e1s.<\/div>\n<div class=\"copy\">Recomendamos las variante 145\/30 si quiere asegurar objetos o valores peque\u00f1os o el riesgo de robo es reducido.<\/div>\n<div class=\"copy\">El c\u00f3digo num\u00e9rico puede ajustarse individualmente con las ruedas num\u00e9ricas.<\/div>\n<div class=\"copy\">Gracias a su reducido peso, nuestros antirrobos de combinaci\u00f3n 145 son f\u00e1ciles de utilizar en cualquier momento, incluso durante un viaje.<\/div>\n<div><\/div>\n<h4>Detalles candado combinaci\u00f3n ABUS 145\/30:<\/h4>\n<div>\n<ul class=\"list list--ul\">\n<li>Cuerpo de aluminio anodizado de colores, anticorrosivo<\/li>\n<li>Soporte de resorte para un mejor ajuste de la combinaci\u00f3n de apertura<\/li>\n<li>145\/30: Sistema de combinaci\u00f3n re-programable de 3 d\u00edgitos<\/li>\n<li>F\u00e1cil de usar sin llave, peso ligero, f\u00e1cil de detectar con colores intensos<\/li>\n<li>Alto valor de reconocimiento a trav\u00e9s de colores fuertes<\/li>\n<li>\u00a0145\/30: Para asegurar objetos de poco valor o de riesgo de robo m\u00ednimo<\/li>\n<\/ul>\n<\/div>\n<div><\/div>\n","protected":false},"excerpt":{"rendered":"<p>candado combinaci\u00f3n ABUS 145\/30<\/p>\n","protected":false},"featured_media":20490,"template":"","meta":{"_monsterinsights_skip_tracking":false,"_monsterinsights_sitenote_active":false,"_monsterinsights_sitenote_note":"","_monsterinsights_sitenote_category":0},"product_brand":[279],"product_cat":[451],"product_tag":[],"class_list":{"0":"post-6604","1":"product","2":"type-product","3":"status-publish","4":"has-post-thumbnail","6":"product_brand-279","7":"product_cat-candados","9":"first","10":"instock","11":"sale","12":"featured","13":"taxable","14":"shipping-taxable","15":"purchasable","16":"product-type-simple"},"yoast_head":"<!-- This site is optimized with the Yoast SEO plugin v27.4 - https:\/\/yoast.com\/product\/yoast-seo-wordpress\/ -->\n<title>candado combinaci\u00f3n ABUS 145\/30 - Ferreter\u00eda Juli\u00e0<\/title>\n<meta name=\"description\" content=\"candado combinaci\u00f3n ABUS 145\/30 - Ferreter\u00eda Juli\u00e0 - Ferreter\u00eda en Barcelona y venta on-line- telf.933 59 84 12 - info@ferreteriajulia.com - Gran variedad de productos\" \/>\n<meta name=\"robots\" content=\"index, follow, max-snippet:-1, max-image-preview:large, max-video-preview:-1\" \/>\n<link rel=\"canonical\" href=\"https:\/\/ferreteriajulia.com\/tienda\/producto\/candado-combinacion-abus-145-30\/\" \/>\n<meta property=\"og:locale\" content=\"es_ES\" \/>\n<meta property=\"og:type\" content=\"article\" \/>\n<meta property=\"og:title\" content=\"candado combinaci\u00f3n ABUS 145\/30 - Ferreter\u00eda Juli\u00e0\" \/>\n<meta property=\"og:description\" content=\"candado combinaci\u00f3n ABUS 145\/30 - Ferreter\u00eda Juli\u00e0 - Ferreter\u00eda en Barcelona y venta on-line- telf.933 59 84 12 - info@ferreteriajulia.com - Gran variedad de productos\" \/>\n<meta property=\"og:url\" content=\"https:\/\/ferreteriajulia.com\/tienda\/producto\/candado-combinacion-abus-145-30\/\" \/>\n<meta property=\"og:site_name\" content=\"Ferreter\u00eda Juli\u00e0\" \/>\n<meta property=\"article:modified_time\" content=\"2026-02-21T10:16:08+00:00\" \/>\n<meta property=\"og:image\" content=\"https:\/\/ferreteriajulia.com\/tienda\/wp-content\/uploads\/2016\/01\/candado-abus-145-30-plata-ferreteria-julia.png\" \/>\n\t<meta property=\"og:image:width\" content=\"1044\" \/>\n\t<meta property=\"og:image:height\" content=\"968\" \/>\n\t<meta property=\"og:image:type\" content=\"image\/png\" \/>\n<meta name=\"twitter:card\" content=\"summary_large_image\" \/>\n<meta name=\"twitter:label1\" content=\"Tiempo de lectura\" \/>\n\t<meta name=\"twitter:data1\" content=\"2 minutos\" \/>\n<script type=\"application\/ld+json\" class=\"yoast-schema-graph\">{\"@context\":\"https:\\\/\\\/schema.org\",\"@graph\":[{\"@type\":\"WebPage\",\"@id\":\"https:\\\/\\\/ferreteriajulia.com\\\/tienda\\\/producto\\\/candado-combinacion-abus-145-30\\\/\",\"url\":\"https:\\\/\\\/ferreteriajulia.com\\\/tienda\\\/producto\\\/candado-combinacion-abus-145-30\\\/\",\"name\":\"candado combinaci\u00f3n ABUS 145\\\/30 - Ferreter\u00eda Juli\u00e0\",\"isPartOf\":{\"@id\":\"http:\\\/\\\/ferreteriajulia.com\\\/tienda\\\/#website\"},\"primaryImageOfPage\":{\"@id\":\"https:\\\/\\\/ferreteriajulia.com\\\/tienda\\\/producto\\\/candado-combinacion-abus-145-30\\\/#primaryimage\"},\"image\":{\"@id\":\"https:\\\/\\\/ferreteriajulia.com\\\/tienda\\\/producto\\\/candado-combinacion-abus-145-30\\\/#primaryimage\"},\"thumbnailUrl\":\"https:\\\/\\\/ferreteriajulia.com\\\/tienda\\\/wp-content\\\/uploads\\\/2016\\\/01\\\/candado-abus-145-30-plata-ferreteria-julia.png\",\"datePublished\":\"2016-01-22T17:32:04+00:00\",\"dateModified\":\"2026-02-21T10:16:08+00:00\",\"description\":\"candado combinaci\u00f3n ABUS 145\\\/30 - Ferreter\u00eda Juli\u00e0 - Ferreter\u00eda en Barcelona y venta on-line- telf.933 59 84 12 - info@ferreteriajulia.com - Gran variedad de productos\",\"breadcrumb\":{\"@id\":\"https:\\\/\\\/ferreteriajulia.com\\\/tienda\\\/producto\\\/candado-combinacion-abus-145-30\\\/#breadcrumb\"},\"inLanguage\":\"es\",\"potentialAction\":[{\"@type\":\"ReadAction\",\"target\":[\"https:\\\/\\\/ferreteriajulia.com\\\/tienda\\\/producto\\\/candado-combinacion-abus-145-30\\\/\"]}]},{\"@type\":\"ImageObject\",\"inLanguage\":\"es\",\"@id\":\"https:\\\/\\\/ferreteriajulia.com\\\/tienda\\\/producto\\\/candado-combinacion-abus-145-30\\\/#primaryimage\",\"url\":\"https:\\\/\\\/ferreteriajulia.com\\\/tienda\\\/wp-content\\\/uploads\\\/2016\\\/01\\\/candado-abus-145-30-plata-ferreteria-julia.png\",\"contentUrl\":\"https:\\\/\\\/ferreteriajulia.com\\\/tienda\\\/wp-content\\\/uploads\\\/2016\\\/01\\\/candado-abus-145-30-plata-ferreteria-julia.png\",\"width\":1044,\"height\":968},{\"@type\":\"BreadcrumbList\",\"@id\":\"https:\\\/\\\/ferreteriajulia.com\\\/tienda\\\/producto\\\/candado-combinacion-abus-145-30\\\/#breadcrumb\",\"itemListElement\":[{\"@type\":\"ListItem\",\"position\":1,\"name\":\"Portada\",\"item\":\"http:\\\/\\\/ferreteriajulia.com\\\/tienda\\\/\"},{\"@type\":\"ListItem\",\"position\":2,\"name\":\"Tienda online\",\"item\":\"http:\\\/\\\/ferreteriajulia.com\\\/tienda\\\/shop\\\/\"},{\"@type\":\"ListItem\",\"position\":3,\"name\":\"candado combinaci\u00f3n ABUS 145\\\/30\"}]},{\"@type\":\"WebSite\",\"@id\":\"http:\\\/\\\/ferreteriajulia.com\\\/tienda\\\/#website\",\"url\":\"http:\\\/\\\/ferreteriajulia.com\\\/tienda\\\/\",\"name\":\"Ferreter\u00eda Juli\u00e0\",\"description\":\"Ferreter\u00eda generalista, material para intalaciones y reparaciones.\",\"publisher\":{\"@id\":\"http:\\\/\\\/ferreteriajulia.com\\\/tienda\\\/#organization\"},\"potentialAction\":[{\"@type\":\"SearchAction\",\"target\":{\"@type\":\"EntryPoint\",\"urlTemplate\":\"http:\\\/\\\/ferreteriajulia.com\\\/tienda\\\/?s={search_term_string}\"},\"query-input\":{\"@type\":\"PropertyValueSpecification\",\"valueRequired\":true,\"valueName\":\"search_term_string\"}}],\"inLanguage\":\"es\"},{\"@type\":\"Organization\",\"@id\":\"http:\\\/\\\/ferreteriajulia.com\\\/tienda\\\/#organization\",\"name\":\"Ferreter\u00eda Juli\u00e0\",\"url\":\"http:\\\/\\\/ferreteriajulia.com\\\/tienda\\\/\",\"logo\":{\"@type\":\"ImageObject\",\"inLanguage\":\"es\",\"@id\":\"http:\\\/\\\/ferreteriajulia.com\\\/tienda\\\/#\\\/schema\\\/logo\\\/image\\\/\",\"url\":\"https:\\\/\\\/ferreteriajulia.com\\\/tienda\\\/wp-content\\\/uploads\\\/2023\\\/04\\\/LOGO_Ferreteria_Julia_HD-e1680625558319.png\",\"contentUrl\":\"https:\\\/\\\/ferreteriajulia.com\\\/tienda\\\/wp-content\\\/uploads\\\/2023\\\/04\\\/LOGO_Ferreteria_Julia_HD-e1680625558319.png\",\"width\":240,\"height\":89,\"caption\":\"Ferreter\u00eda Juli\u00e0\"},\"image\":{\"@id\":\"http:\\\/\\\/ferreteriajulia.com\\\/tienda\\\/#\\\/schema\\\/logo\\\/image\\\/\"}}]}<\/script>\n<!-- \/ Yoast SEO plugin. -->","yoast_head_json":{"title":"candado combinaci\u00f3n ABUS 145\/30 - Ferreter\u00eda Juli\u00e0","description":"candado combinaci\u00f3n ABUS 145\/30 - Ferreter\u00eda Juli\u00e0 - Ferreter\u00eda en Barcelona y venta on-line- telf.933 59 84 12 - info@ferreteriajulia.com - Gran variedad de productos","robots":{"index":"index","follow":"follow","max-snippet":"max-snippet:-1","max-image-preview":"max-image-preview:large","max-video-preview":"max-video-preview:-1"},"canonical":"https:\/\/ferreteriajulia.com\/tienda\/producto\/candado-combinacion-abus-145-30\/","og_locale":"es_ES","og_type":"article","og_title":"candado combinaci\u00f3n ABUS 145\/30 - Ferreter\u00eda Juli\u00e0","og_description":"candado combinaci\u00f3n ABUS 145\/30 - Ferreter\u00eda Juli\u00e0 - Ferreter\u00eda en Barcelona y venta on-line- telf.933 59 84 12 - info@ferreteriajulia.com - Gran variedad de productos","og_url":"https:\/\/ferreteriajulia.com\/tienda\/producto\/candado-combinacion-abus-145-30\/","og_site_name":"Ferreter\u00eda Juli\u00e0","article_modified_time":"2026-02-21T10:16:08+00:00","og_image":[{"width":1044,"height":968,"url":"https:\/\/ferreteriajulia.com\/tienda\/wp-content\/uploads\/2016\/01\/candado-abus-145-30-plata-ferreteria-julia.png","type":"image\/png"}],"twitter_card":"summary_large_image","twitter_misc":{"Tiempo de lectura":"2 minutos"},"schema":{"@context":"https:\/\/schema.org","@graph":[{"@type":"WebPage","@id":"https:\/\/ferreteriajulia.com\/tienda\/producto\/candado-combinacion-abus-145-30\/","url":"https:\/\/ferreteriajulia.com\/tienda\/producto\/candado-combinacion-abus-145-30\/","name":"candado combinaci\u00f3n ABUS 145\/30 - Ferreter\u00eda Juli\u00e0","isPartOf":{"@id":"http:\/\/ferreteriajulia.com\/tienda\/#website"},"primaryImageOfPage":{"@id":"https:\/\/ferreteriajulia.com\/tienda\/producto\/candado-combinacion-abus-145-30\/#primaryimage"},"image":{"@id":"https:\/\/ferreteriajulia.com\/tienda\/producto\/candado-combinacion-abus-145-30\/#primaryimage"},"thumbnailUrl":"https:\/\/ferreteriajulia.com\/tienda\/wp-content\/uploads\/2016\/01\/candado-abus-145-30-plata-ferreteria-julia.png","datePublished":"2016-01-22T17:32:04+00:00","dateModified":"2026-02-21T10:16:08+00:00","description":"candado combinaci\u00f3n ABUS 145\/30 - Ferreter\u00eda Juli\u00e0 - Ferreter\u00eda en Barcelona y venta on-line- telf.933 59 84 12 - info@ferreteriajulia.com - Gran variedad de productos","breadcrumb":{"@id":"https:\/\/ferreteriajulia.com\/tienda\/producto\/candado-combinacion-abus-145-30\/#breadcrumb"},"inLanguage":"es","potentialAction":[{"@type":"ReadAction","target":["https:\/\/ferreteriajulia.com\/tienda\/producto\/candado-combinacion-abus-145-30\/"]}]},{"@type":"ImageObject","inLanguage":"es","@id":"https:\/\/ferreteriajulia.com\/tienda\/producto\/candado-combinacion-abus-145-30\/#primaryimage","url":"https:\/\/ferreteriajulia.com\/tienda\/wp-content\/uploads\/2016\/01\/candado-abus-145-30-plata-ferreteria-julia.png","contentUrl":"https:\/\/ferreteriajulia.com\/tienda\/wp-content\/uploads\/2016\/01\/candado-abus-145-30-plata-ferreteria-julia.png","width":1044,"height":968},{"@type":"BreadcrumbList","@id":"https:\/\/ferreteriajulia.com\/tienda\/producto\/candado-combinacion-abus-145-30\/#breadcrumb","itemListElement":[{"@type":"ListItem","position":1,"name":"Portada","item":"http:\/\/ferreteriajulia.com\/tienda\/"},{"@type":"ListItem","position":2,"name":"Tienda online","item":"http:\/\/ferreteriajulia.com\/tienda\/shop\/"},{"@type":"ListItem","position":3,"name":"candado combinaci\u00f3n ABUS 145\/30"}]},{"@type":"WebSite","@id":"http:\/\/ferreteriajulia.com\/tienda\/#website","url":"http:\/\/ferreteriajulia.com\/tienda\/","name":"Ferreter\u00eda Juli\u00e0","description":"Ferreter\u00eda generalista, material para intalaciones y reparaciones.","publisher":{"@id":"http:\/\/ferreteriajulia.com\/tienda\/#organization"},"potentialAction":[{"@type":"SearchAction","target":{"@type":"EntryPoint","urlTemplate":"http:\/\/ferreteriajulia.com\/tienda\/?s={search_term_string}"},"query-input":{"@type":"PropertyValueSpecification","valueRequired":true,"valueName":"search_term_string"}}],"inLanguage":"es"},{"@type":"Organization","@id":"http:\/\/ferreteriajulia.com\/tienda\/#organization","name":"Ferreter\u00eda Juli\u00e0","url":"http:\/\/ferreteriajulia.com\/tienda\/","logo":{"@type":"ImageObject","inLanguage":"es","@id":"http:\/\/ferreteriajulia.com\/tienda\/#\/schema\/logo\/image\/","url":"https:\/\/ferreteriajulia.com\/tienda\/wp-content\/uploads\/2023\/04\/LOGO_Ferreteria_Julia_HD-e1680625558319.png","contentUrl":"https:\/\/ferreteriajulia.com\/tienda\/wp-content\/uploads\/2023\/04\/LOGO_Ferreteria_Julia_HD-e1680625558319.png","width":240,"height":89,"caption":"Ferreter\u00eda Juli\u00e0"},"image":{"@id":"http:\/\/ferreteriajulia.com\/tienda\/#\/schema\/logo\/image\/"}}]}},"_links":{"self":[{"href":"https:\/\/ferreteriajulia.com\/tienda\/wp-json\/wp\/v2\/product\/6604","targetHints":{"allow":["GET"]}}],"collection":[{"href":"https:\/\/ferreteriajulia.com\/tienda\/wp-json\/wp\/v2\/product"}],"about":[{"href":"https:\/\/ferreteriajulia.com\/tienda\/wp-json\/wp\/v2\/types\/product"}],"wp:featuredmedia":[{"embeddable":true,"href":"https:\/\/ferreteriajulia.com\/tienda\/wp-json\/wp\/v2\/media\/20490"}],"wp:attachment":[{"href":"https:\/\/ferreteriajulia.com\/tienda\/wp-json\/wp\/v2\/media?parent=6604"}],"wp:term":[{"taxonomy":"product_brand","embeddable":true,"href":"https:\/\/ferreteriajulia.com\/tienda\/wp-json\/wp\/v2\/product_brand?post=6604"},{"taxonomy":"product_cat","embeddable":true,"href":"https:\/\/ferreteriajulia.com\/tienda\/wp-json\/wp\/v2\/product_cat?post=6604"},{"taxonomy":"product_tag","embeddable":true,"href":"https:\/\/ferreteriajulia.com\/tienda\/wp-json\/wp\/v2\/product_tag?post=6604"}],"curies":[{"name":"wp","href":"https:\/\/api.w.org\/{rel}","templated":true}]}}