{"id":6606,"date":"2016-01-23T09:08:25","date_gmt":"2016-01-23T09:08:25","guid":{"rendered":"http:\/\/ferreteriajulia.com\/tienda\/?post_type=product&#038;p=6606"},"modified":"2026-02-20T15:44:57","modified_gmt":"2026-02-20T14:44:57","slug":"candado-abus-bloque-titalium-70mm-98ti-70","status":"publish","type":"product","link":"https:\/\/ferreteriajulia.com\/tienda\/producto\/candado-abus-bloque-titalium-70mm-98ti-70\/","title":{"rendered":"candado ABUS bloque TITALIUM 70mm 98TI\/70"},"content":{"rendered":"<p>candado ABUS bloque TITALIUM 70mm 98TI\/70<\/p>\n<p>gama titalium <strong><span style=\"color: #ed1c24;\">Nivel de seguridad en el hogar:\u00a0<\/span> \u00a0<span style=\"color: #ed1c24;\">7<\/span><\/strong><\/p>\n<p>Recomendamos nuestro candado Monobloc 98 Titalium\u2122 para zonas de dif\u00edcil acceso y otras zonas de cierre especiales en caso de riesgo de robo medio.<\/p>\n<p>ligero y seguro, pitonaje de precisi\u00f3n, con 2 llaves de puntos, cierre autom\u00e1tico a presi\u00f3n y pasasdor de acero 12mm.<\/p>\n<p>En algunas zonas de cierre no es posible utilizar un candado convencional. Este puede ser el caso si la zona a asegurar no ofrece suficiente espacio. Hemos dise\u00f1ado el candado de tal forma que la llave encaje horizontalmente desde el lateral. Su robusto pestillo de cierre recto y su macizo cuerpo del candado garantizan la alta seguridad del 82TI\/70 con un peso reducido. El bul\u00f3n pasador de 12 mil\u00edmetros de grosor es de acero templado. El reducido espacio entre el pestillo de cierre y el candado garantiza que los posibles ladrones no puedan utilizar herramientas m\u00e1s grandes, como cortadoras de pernos.<\/p>\n<p>&nbsp;<\/p>\n<ul class=\"list list--ul\">\n<li>Cuerpo del candado de aleaci\u00f3n especial de aluminio TITALIUM\u2122<\/li>\n<li>12 mm Arco de acero enduricido especial<\/li>\n<li>Un pit\u00f3n de acero endurecido protege el lado estrecho del cuerpo contra corte con sierra<\/li>\n<li>Cilindro de pitones de precisi\u00f3n y gran cantidad de combinaciones distintas posibles<\/li>\n<li>Cierre autom\u00e1tico: Cierre sin llave presionando el arco<\/li>\n<\/ul>\n<div class=\"row\">\n<div class=\"mob-4 tab-sm-4 tab-lg-12 dt-12 column\">\n<div class=\"section-headline\">Especificaciones<\/div>\n<\/div>\n<\/div>\n<div id=\"specs-expand-section\" class=\"expand-section expand-section--initialized expand-section--animate\" data-expand-section=\"9000006601376\">\n<div class=\"row expand-section__inner\">\n<div class=\"mob-4 tab-sm-4 tab-lg-6 dt-6 column\">\n<table class=\"content-table content-table--basic\" style=\"height: 163px;\" width=\"265\">\n<tbody>\n<tr>\n<th>Tipos de cierre:<\/th>\n<td>llave<\/td>\n<\/tr>\n<tr>\n<th>color:<\/th>\n<td>aluminio<\/td>\n<\/tr>\n<tr>\n<th>Holgura horizontal b:<\/th>\n<td>22 mm<\/td>\n<\/tr>\n<tr>\n<th>Di\u00e1metro d del arco:<\/th>\n<td>12 mm<\/td>\n<\/tr>\n<tr>\n<th>Altura f:<\/th>\n<td>50 mm<\/td>\n<\/tr>\n<tr>\n<th>Llaves iguales:<\/th>\n<td>No<\/td>\n<\/tr>\n<\/tbody>\n<\/table>\n<\/div>\n<div class=\"mob-4 tab-sm-4 tab-lg-6 dt-6 column\">\n<table class=\"content-table content-table--basic\">\n<tbody>\n<tr>\n<th>Incluye Tarjeta de seguridad:<\/th>\n<td>No<\/td>\n<\/tr>\n<tr>\n<th>Anchura a:<\/th>\n<td>70 mm<\/td>\n<\/tr>\n<tr>\n<th>Holgura vertical c:<\/th>\n<td>13 mm<\/td>\n<\/tr>\n<tr>\n<th>Profundidad e:<\/th>\n<td>20 mm<\/td>\n<\/tr>\n<tr>\n<th>Peso:<\/th>\n<td>195 g<\/td>\n<\/tr>\n<tr>\n<th><span style=\"color: #ed1c24;\">Nivel de seguridad en el hogar:\u00a0<\/span><\/th>\n<td><strong><span style=\"color: #ed1c24;\">7<\/span><\/strong><\/td>\n<\/tr>\n<\/tbody>\n<\/table>\n<\/div>\n<\/div>\n<\/div>\n","protected":false},"excerpt":{"rendered":"<p>candado ABUS bloque TITALIUM 70mm 98TI\/70<\/p>\n","protected":false},"featured_media":20509,"template":"","meta":{"_monsterinsights_skip_tracking":false,"_monsterinsights_sitenote_active":false,"_monsterinsights_sitenote_note":"","_monsterinsights_sitenote_category":0},"product_brand":[279],"product_cat":[451],"product_tag":[],"class_list":{"0":"post-6606","1":"product","2":"type-product","3":"status-publish","4":"has-post-thumbnail","6":"product_brand-279","7":"product_cat-candados","9":"first","10":"instock","11":"taxable","12":"shipping-taxable","13":"purchasable","14":"product-type-simple"},"yoast_head":"<!-- This site is optimized with the Yoast SEO plugin v27.1.1 - https:\/\/yoast.com\/product\/yoast-seo-wordpress\/ -->\n<title>candado ABUS bloque TITALIUM 70mm 98TI\/70 - Ferreter\u00eda Juli\u00e0<\/title>\n<meta name=\"description\" content=\"candado ABUS bloque TITALIUM 70mm 98TI\/70 - Ferreter\u00eda Juli\u00e0 - Ferreter\u00eda en Barcelona y venta On-line - telf.933 59 84 12 - info@ferreteriajulia.com - Gran variedad de productos\" \/>\n<meta name=\"robots\" content=\"index, follow, max-snippet:-1, max-image-preview:large, max-video-preview:-1\" \/>\n<link rel=\"canonical\" href=\"http:\/\/ferreteriajulia.com\/tienda\/producto\/candado-abus-bloque-titalium-70mm-98ti-70\/\" \/>\n<meta property=\"og:locale\" content=\"es_ES\" \/>\n<meta property=\"og:type\" content=\"article\" \/>\n<meta property=\"og:title\" content=\"candado ABUS bloque TITALIUM 70mm 98TI\/70 - Ferreter\u00eda Juli\u00e0\" \/>\n<meta property=\"og:description\" content=\"candado ABUS bloque TITALIUM 70mm 98TI\/70 - Ferreter\u00eda Juli\u00e0 - Ferreter\u00eda en Barcelona y venta On-line - telf.933 59 84 12 - info@ferreteriajulia.com - Gran variedad de productos\" \/>\n<meta property=\"og:url\" content=\"http:\/\/ferreteriajulia.com\/tienda\/producto\/candado-abus-bloque-titalium-70mm-98ti-70\/\" \/>\n<meta property=\"og:site_name\" content=\"Ferreter\u00eda Juli\u00e0\" \/>\n<meta property=\"article:modified_time\" content=\"2026-02-20T14:44:57+00:00\" \/>\n<meta property=\"og:image\" content=\"http:\/\/ferreteriajulia.com\/tienda\/wp-content\/uploads\/2016\/01\/candado-abus-98ti-llave-puntos.png\" \/>\n\t<meta property=\"og:image:width\" content=\"1070\" \/>\n\t<meta property=\"og:image:height\" content=\"1024\" \/>\n\t<meta property=\"og:image:type\" content=\"image\/png\" \/>\n<meta name=\"twitter:card\" content=\"summary_large_image\" \/>\n<meta name=\"twitter:label1\" content=\"Tiempo de lectura\" \/>\n\t<meta name=\"twitter:data1\" content=\"2 minutos\" \/>\n<script type=\"application\/ld+json\" class=\"yoast-schema-graph\">{\"@context\":\"https:\/\/schema.org\",\"@graph\":[{\"@type\":\"WebPage\",\"@id\":\"http:\/\/ferreteriajulia.com\/tienda\/producto\/candado-abus-bloque-titalium-70mm-98ti-70\/\",\"url\":\"http:\/\/ferreteriajulia.com\/tienda\/producto\/candado-abus-bloque-titalium-70mm-98ti-70\/\",\"name\":\"candado ABUS bloque TITALIUM 70mm 98TI\/70 - Ferreter\u00eda Juli\u00e0\",\"isPartOf\":{\"@id\":\"https:\/\/ferreteriajulia.com\/tienda\/#website\"},\"primaryImageOfPage\":{\"@id\":\"http:\/\/ferreteriajulia.com\/tienda\/producto\/candado-abus-bloque-titalium-70mm-98ti-70\/#primaryimage\"},\"image\":{\"@id\":\"http:\/\/ferreteriajulia.com\/tienda\/producto\/candado-abus-bloque-titalium-70mm-98ti-70\/#primaryimage\"},\"thumbnailUrl\":\"https:\/\/ferreteriajulia.com\/tienda\/wp-content\/uploads\/2016\/01\/candado-abus-98ti-llave-puntos.png\",\"datePublished\":\"2016-01-23T09:08:25+00:00\",\"dateModified\":\"2026-02-20T14:44:57+00:00\",\"description\":\"candado ABUS bloque TITALIUM 70mm 98TI\/70 - Ferreter\u00eda Juli\u00e0 - Ferreter\u00eda en Barcelona y venta On-line - telf.933 59 84 12 - info@ferreteriajulia.com - Gran variedad de productos\",\"breadcrumb\":{\"@id\":\"http:\/\/ferreteriajulia.com\/tienda\/producto\/candado-abus-bloque-titalium-70mm-98ti-70\/#breadcrumb\"},\"inLanguage\":\"es\",\"potentialAction\":[{\"@type\":\"ReadAction\",\"target\":[\"http:\/\/ferreteriajulia.com\/tienda\/producto\/candado-abus-bloque-titalium-70mm-98ti-70\/\"]}]},{\"@type\":\"ImageObject\",\"inLanguage\":\"es\",\"@id\":\"http:\/\/ferreteriajulia.com\/tienda\/producto\/candado-abus-bloque-titalium-70mm-98ti-70\/#primaryimage\",\"url\":\"https:\/\/ferreteriajulia.com\/tienda\/wp-content\/uploads\/2016\/01\/candado-abus-98ti-llave-puntos.png\",\"contentUrl\":\"https:\/\/ferreteriajulia.com\/tienda\/wp-content\/uploads\/2016\/01\/candado-abus-98ti-llave-puntos.png\",\"width\":1070,\"height\":1024},{\"@type\":\"BreadcrumbList\",\"@id\":\"http:\/\/ferreteriajulia.com\/tienda\/producto\/candado-abus-bloque-titalium-70mm-98ti-70\/#breadcrumb\",\"itemListElement\":[{\"@type\":\"ListItem\",\"position\":1,\"name\":\"Portada\",\"item\":\"https:\/\/ferreteriajulia.com\/tienda\/\"},{\"@type\":\"ListItem\",\"position\":2,\"name\":\"Tienda online\",\"item\":\"https:\/\/ferreteriajulia.com\/tienda\/shop\/\"},{\"@type\":\"ListItem\",\"position\":3,\"name\":\"candado ABUS bloque TITALIUM 70mm 98TI\/70\"}]},{\"@type\":\"WebSite\",\"@id\":\"https:\/\/ferreteriajulia.com\/tienda\/#website\",\"url\":\"https:\/\/ferreteriajulia.com\/tienda\/\",\"name\":\"Ferreter\u00eda Juli\u00e0\",\"description\":\"Ferreter\u00eda generalista, material para intalaciones y reparaciones.\",\"publisher\":{\"@id\":\"https:\/\/ferreteriajulia.com\/tienda\/#organization\"},\"potentialAction\":[{\"@type\":\"SearchAction\",\"target\":{\"@type\":\"EntryPoint\",\"urlTemplate\":\"https:\/\/ferreteriajulia.com\/tienda\/?s={search_term_string}\"},\"query-input\":{\"@type\":\"PropertyValueSpecification\",\"valueRequired\":true,\"valueName\":\"search_term_string\"}}],\"inLanguage\":\"es\"},{\"@type\":\"Organization\",\"@id\":\"https:\/\/ferreteriajulia.com\/tienda\/#organization\",\"name\":\"Ferreter\u00eda Juli\u00e0\",\"url\":\"https:\/\/ferreteriajulia.com\/tienda\/\",\"logo\":{\"@type\":\"ImageObject\",\"inLanguage\":\"es\",\"@id\":\"https:\/\/ferreteriajulia.com\/tienda\/#\/schema\/logo\/image\/\",\"url\":\"https:\/\/ferreteriajulia.com\/tienda\/wp-content\/uploads\/2023\/04\/LOGO_Ferreteria_Julia_HD-e1680625558319.png\",\"contentUrl\":\"https:\/\/ferreteriajulia.com\/tienda\/wp-content\/uploads\/2023\/04\/LOGO_Ferreteria_Julia_HD-e1680625558319.png\",\"width\":240,\"height\":89,\"caption\":\"Ferreter\u00eda Juli\u00e0\"},\"image\":{\"@id\":\"https:\/\/ferreteriajulia.com\/tienda\/#\/schema\/logo\/image\/\"}}]}<\/script>\n<!-- \/ Yoast SEO plugin. -->","yoast_head_json":{"title":"candado ABUS bloque TITALIUM 70mm 98TI\/70 - Ferreter\u00eda Juli\u00e0","description":"candado ABUS bloque TITALIUM 70mm 98TI\/70 - Ferreter\u00eda Juli\u00e0 - Ferreter\u00eda en Barcelona y venta On-line - telf.933 59 84 12 - info@ferreteriajulia.com - Gran variedad de productos","robots":{"index":"index","follow":"follow","max-snippet":"max-snippet:-1","max-image-preview":"max-image-preview:large","max-video-preview":"max-video-preview:-1"},"canonical":"http:\/\/ferreteriajulia.com\/tienda\/producto\/candado-abus-bloque-titalium-70mm-98ti-70\/","og_locale":"es_ES","og_type":"article","og_title":"candado ABUS bloque TITALIUM 70mm 98TI\/70 - Ferreter\u00eda Juli\u00e0","og_description":"candado ABUS bloque TITALIUM 70mm 98TI\/70 - Ferreter\u00eda Juli\u00e0 - Ferreter\u00eda en Barcelona y venta On-line - telf.933 59 84 12 - info@ferreteriajulia.com - Gran variedad de productos","og_url":"http:\/\/ferreteriajulia.com\/tienda\/producto\/candado-abus-bloque-titalium-70mm-98ti-70\/","og_site_name":"Ferreter\u00eda Juli\u00e0","article_modified_time":"2026-02-20T14:44:57+00:00","og_image":[{"width":1070,"height":1024,"url":"http:\/\/ferreteriajulia.com\/tienda\/wp-content\/uploads\/2016\/01\/candado-abus-98ti-llave-puntos.png","type":"image\/png"}],"twitter_card":"summary_large_image","twitter_misc":{"Tiempo de lectura":"2 minutos"},"schema":{"@context":"https:\/\/schema.org","@graph":[{"@type":"WebPage","@id":"http:\/\/ferreteriajulia.com\/tienda\/producto\/candado-abus-bloque-titalium-70mm-98ti-70\/","url":"http:\/\/ferreteriajulia.com\/tienda\/producto\/candado-abus-bloque-titalium-70mm-98ti-70\/","name":"candado ABUS bloque TITALIUM 70mm 98TI\/70 - Ferreter\u00eda Juli\u00e0","isPartOf":{"@id":"https:\/\/ferreteriajulia.com\/tienda\/#website"},"primaryImageOfPage":{"@id":"http:\/\/ferreteriajulia.com\/tienda\/producto\/candado-abus-bloque-titalium-70mm-98ti-70\/#primaryimage"},"image":{"@id":"http:\/\/ferreteriajulia.com\/tienda\/producto\/candado-abus-bloque-titalium-70mm-98ti-70\/#primaryimage"},"thumbnailUrl":"https:\/\/ferreteriajulia.com\/tienda\/wp-content\/uploads\/2016\/01\/candado-abus-98ti-llave-puntos.png","datePublished":"2016-01-23T09:08:25+00:00","dateModified":"2026-02-20T14:44:57+00:00","description":"candado ABUS bloque TITALIUM 70mm 98TI\/70 - Ferreter\u00eda Juli\u00e0 - Ferreter\u00eda en Barcelona y venta On-line - telf.933 59 84 12 - info@ferreteriajulia.com - Gran variedad de productos","breadcrumb":{"@id":"http:\/\/ferreteriajulia.com\/tienda\/producto\/candado-abus-bloque-titalium-70mm-98ti-70\/#breadcrumb"},"inLanguage":"es","potentialAction":[{"@type":"ReadAction","target":["http:\/\/ferreteriajulia.com\/tienda\/producto\/candado-abus-bloque-titalium-70mm-98ti-70\/"]}]},{"@type":"ImageObject","inLanguage":"es","@id":"http:\/\/ferreteriajulia.com\/tienda\/producto\/candado-abus-bloque-titalium-70mm-98ti-70\/#primaryimage","url":"https:\/\/ferreteriajulia.com\/tienda\/wp-content\/uploads\/2016\/01\/candado-abus-98ti-llave-puntos.png","contentUrl":"https:\/\/ferreteriajulia.com\/tienda\/wp-content\/uploads\/2016\/01\/candado-abus-98ti-llave-puntos.png","width":1070,"height":1024},{"@type":"BreadcrumbList","@id":"http:\/\/ferreteriajulia.com\/tienda\/producto\/candado-abus-bloque-titalium-70mm-98ti-70\/#breadcrumb","itemListElement":[{"@type":"ListItem","position":1,"name":"Portada","item":"https:\/\/ferreteriajulia.com\/tienda\/"},{"@type":"ListItem","position":2,"name":"Tienda online","item":"https:\/\/ferreteriajulia.com\/tienda\/shop\/"},{"@type":"ListItem","position":3,"name":"candado ABUS bloque TITALIUM 70mm 98TI\/70"}]},{"@type":"WebSite","@id":"https:\/\/ferreteriajulia.com\/tienda\/#website","url":"https:\/\/ferreteriajulia.com\/tienda\/","name":"Ferreter\u00eda Juli\u00e0","description":"Ferreter\u00eda generalista, material para intalaciones y reparaciones.","publisher":{"@id":"https:\/\/ferreteriajulia.com\/tienda\/#organization"},"potentialAction":[{"@type":"SearchAction","target":{"@type":"EntryPoint","urlTemplate":"https:\/\/ferreteriajulia.com\/tienda\/?s={search_term_string}"},"query-input":{"@type":"PropertyValueSpecification","valueRequired":true,"valueName":"search_term_string"}}],"inLanguage":"es"},{"@type":"Organization","@id":"https:\/\/ferreteriajulia.com\/tienda\/#organization","name":"Ferreter\u00eda Juli\u00e0","url":"https:\/\/ferreteriajulia.com\/tienda\/","logo":{"@type":"ImageObject","inLanguage":"es","@id":"https:\/\/ferreteriajulia.com\/tienda\/#\/schema\/logo\/image\/","url":"https:\/\/ferreteriajulia.com\/tienda\/wp-content\/uploads\/2023\/04\/LOGO_Ferreteria_Julia_HD-e1680625558319.png","contentUrl":"https:\/\/ferreteriajulia.com\/tienda\/wp-content\/uploads\/2023\/04\/LOGO_Ferreteria_Julia_HD-e1680625558319.png","width":240,"height":89,"caption":"Ferreter\u00eda Juli\u00e0"},"image":{"@id":"https:\/\/ferreteriajulia.com\/tienda\/#\/schema\/logo\/image\/"}}]}},"_links":{"self":[{"href":"https:\/\/ferreteriajulia.com\/tienda\/wp-json\/wp\/v2\/product\/6606","targetHints":{"allow":["GET"]}}],"collection":[{"href":"https:\/\/ferreteriajulia.com\/tienda\/wp-json\/wp\/v2\/product"}],"about":[{"href":"https:\/\/ferreteriajulia.com\/tienda\/wp-json\/wp\/v2\/types\/product"}],"wp:featuredmedia":[{"embeddable":true,"href":"https:\/\/ferreteriajulia.com\/tienda\/wp-json\/wp\/v2\/media\/20509"}],"wp:attachment":[{"href":"https:\/\/ferreteriajulia.com\/tienda\/wp-json\/wp\/v2\/media?parent=6606"}],"wp:term":[{"taxonomy":"product_brand","embeddable":true,"href":"https:\/\/ferreteriajulia.com\/tienda\/wp-json\/wp\/v2\/product_brand?post=6606"},{"taxonomy":"product_cat","embeddable":true,"href":"https:\/\/ferreteriajulia.com\/tienda\/wp-json\/wp\/v2\/product_cat?post=6606"},{"taxonomy":"product_tag","embeddable":true,"href":"https:\/\/ferreteriajulia.com\/tienda\/wp-json\/wp\/v2\/product_tag?post=6606"}],"curies":[{"name":"wp","href":"https:\/\/api.w.org\/{rel}","templated":true}]}}