{"id":7184,"date":"2016-10-22T10:29:59","date_gmt":"2016-10-22T08:29:59","guid":{"rendered":"http:\/\/ferreteriajulia.com\/tienda\/?post_type=product&#038;p=7184"},"modified":"2023-03-17T16:56:52","modified_gmt":"2023-03-17T15:56:52","slug":"cable-coaxial-75ohms-100mts","status":"publish","type":"product","link":"https:\/\/ferreteriajulia.com\/tienda\/producto\/cable-coaxial-75ohms-100mts\/","title":{"rendered":"cable coaxial 75Ohms 100mts."},"content":{"rendered":"<p>cable coaxial 75Ohms bobina &nbsp;100mts<br \/>\nCaracter&iacute;sticas:<br \/>\nTipoRG-6\/ULongitudcarrete 100 m<br \/>\nConductor interiorsecci&oacute;n1 x &Oslash;1&#8217;024 mm<br \/>\nmaterial acero con ba&ntilde;o de cobre<br \/>\nImpedancia75 &Omega;Atenuaci&oacute;n nominal (a 800 MHz)19 dB\/100m<br \/>\nDi&aacute;metro exterior&Oslash;7 mm Aislamientodi&aacute;metro &Oslash;4&#8217;57 mm material PE<br \/>\nTipo blindaje trenza de aluminio cobreado. 64\/0&#8217;1 mm<br \/>\nCubierta exterior color blanco material PVC<br \/>\nMaterial l&aacute;mina de aluminio AL\/PET\/AL 100%<\/p>\n","protected":false},"excerpt":{"rendered":"<p>cable coaxial 75Ohms 100mts<\/p>\n","protected":false},"featured_media":7185,"template":"","meta":{"_monsterinsights_skip_tracking":false,"_monsterinsights_sitenote_active":false,"_monsterinsights_sitenote_note":"","_monsterinsights_sitenote_category":0},"product_brand":[],"product_cat":[793,752],"product_tag":[],"class_list":{"0":"post-7184","1":"product","2":"type-product","3":"status-publish","4":"has-post-thumbnail","6":"product_cat-alargos-red-utp-hdmi-y-coaxial-tv","7":"product_cat-cables-y-mangueras","9":"first","10":"instock","11":"taxable","12":"shipping-taxable","13":"product-type-simple"},"yoast_head":"<!-- This site is optimized with the Yoast SEO plugin v27.4 - https:\/\/yoast.com\/product\/yoast-seo-wordpress\/ -->\n<title>cable coaxial 75Ohms 100mts. - Ferreter\u00eda Juli\u00e0<\/title>\n<meta name=\"robots\" content=\"index, follow, max-snippet:-1, max-image-preview:large, max-video-preview:-1\" \/>\n<link rel=\"canonical\" href=\"http:\/\/ferreteriajulia.com\/tienda\/producto\/cable-coaxial-75ohms-100mts\/\" \/>\n<meta property=\"og:locale\" content=\"es_ES\" \/>\n<meta property=\"og:type\" content=\"article\" \/>\n<meta property=\"og:title\" content=\"cable coaxial 75Ohms 100mts. - Ferreter\u00eda Juli\u00e0\" \/>\n<meta property=\"og:description\" content=\"cable coaxial 75Ohms 100mts\" \/>\n<meta property=\"og:url\" content=\"http:\/\/ferreteriajulia.com\/tienda\/producto\/cable-coaxial-75ohms-100mts\/\" \/>\n<meta property=\"og:site_name\" content=\"Ferreter\u00eda Juli\u00e0\" \/>\n<meta property=\"article:modified_time\" content=\"2023-03-17T15:56:52+00:00\" \/>\n<meta property=\"og:image\" content=\"http:\/\/ferreteriajulia.com\/tienda\/wp-content\/uploads\/2016\/10\/p-7184-cable-coaxial.jpg\" \/>\n\t<meta property=\"og:image:width\" content=\"300\" \/>\n\t<meta property=\"og:image:height\" content=\"300\" \/>\n\t<meta property=\"og:image:type\" content=\"image\/jpeg\" \/>\n<meta name=\"twitter:card\" content=\"summary_large_image\" \/>\n<script type=\"application\/ld+json\" class=\"yoast-schema-graph\">{\"@context\":\"https:\\\/\\\/schema.org\",\"@graph\":[{\"@type\":\"WebPage\",\"@id\":\"http:\\\/\\\/ferreteriajulia.com\\\/tienda\\\/producto\\\/cable-coaxial-75ohms-100mts\\\/\",\"url\":\"http:\\\/\\\/ferreteriajulia.com\\\/tienda\\\/producto\\\/cable-coaxial-75ohms-100mts\\\/\",\"name\":\"cable coaxial 75Ohms 100mts. - Ferreter\u00eda Juli\u00e0\",\"isPartOf\":{\"@id\":\"https:\\\/\\\/ferreteriajulia.com\\\/tienda\\\/#website\"},\"primaryImageOfPage\":{\"@id\":\"http:\\\/\\\/ferreteriajulia.com\\\/tienda\\\/producto\\\/cable-coaxial-75ohms-100mts\\\/#primaryimage\"},\"image\":{\"@id\":\"http:\\\/\\\/ferreteriajulia.com\\\/tienda\\\/producto\\\/cable-coaxial-75ohms-100mts\\\/#primaryimage\"},\"thumbnailUrl\":\"https:\\\/\\\/ferreteriajulia.com\\\/tienda\\\/wp-content\\\/uploads\\\/2016\\\/10\\\/p-7184-cable-coaxial.jpg\",\"datePublished\":\"2016-10-22T08:29:59+00:00\",\"dateModified\":\"2023-03-17T15:56:52+00:00\",\"breadcrumb\":{\"@id\":\"http:\\\/\\\/ferreteriajulia.com\\\/tienda\\\/producto\\\/cable-coaxial-75ohms-100mts\\\/#breadcrumb\"},\"inLanguage\":\"es\",\"potentialAction\":[{\"@type\":\"ReadAction\",\"target\":[\"http:\\\/\\\/ferreteriajulia.com\\\/tienda\\\/producto\\\/cable-coaxial-75ohms-100mts\\\/\"]}]},{\"@type\":\"ImageObject\",\"inLanguage\":\"es\",\"@id\":\"http:\\\/\\\/ferreteriajulia.com\\\/tienda\\\/producto\\\/cable-coaxial-75ohms-100mts\\\/#primaryimage\",\"url\":\"https:\\\/\\\/ferreteriajulia.com\\\/tienda\\\/wp-content\\\/uploads\\\/2016\\\/10\\\/p-7184-cable-coaxial.jpg\",\"contentUrl\":\"https:\\\/\\\/ferreteriajulia.com\\\/tienda\\\/wp-content\\\/uploads\\\/2016\\\/10\\\/p-7184-cable-coaxial.jpg\",\"width\":300,\"height\":300},{\"@type\":\"BreadcrumbList\",\"@id\":\"http:\\\/\\\/ferreteriajulia.com\\\/tienda\\\/producto\\\/cable-coaxial-75ohms-100mts\\\/#breadcrumb\",\"itemListElement\":[{\"@type\":\"ListItem\",\"position\":1,\"name\":\"Portada\",\"item\":\"https:\\\/\\\/ferreteriajulia.com\\\/tienda\\\/\"},{\"@type\":\"ListItem\",\"position\":2,\"name\":\"Tienda online\",\"item\":\"https:\\\/\\\/ferreteriajulia.com\\\/tienda\\\/shop\\\/\"},{\"@type\":\"ListItem\",\"position\":3,\"name\":\"cable coaxial 75Ohms 100mts.\"}]},{\"@type\":\"WebSite\",\"@id\":\"https:\\\/\\\/ferreteriajulia.com\\\/tienda\\\/#website\",\"url\":\"https:\\\/\\\/ferreteriajulia.com\\\/tienda\\\/\",\"name\":\"Ferreter\u00eda Juli\u00e0\",\"description\":\"Ferreter\u00eda generalista, material para intalaciones y reparaciones.\",\"publisher\":{\"@id\":\"https:\\\/\\\/ferreteriajulia.com\\\/tienda\\\/#organization\"},\"potentialAction\":[{\"@type\":\"SearchAction\",\"target\":{\"@type\":\"EntryPoint\",\"urlTemplate\":\"https:\\\/\\\/ferreteriajulia.com\\\/tienda\\\/?s={search_term_string}\"},\"query-input\":{\"@type\":\"PropertyValueSpecification\",\"valueRequired\":true,\"valueName\":\"search_term_string\"}}],\"inLanguage\":\"es\"},{\"@type\":\"Organization\",\"@id\":\"https:\\\/\\\/ferreteriajulia.com\\\/tienda\\\/#organization\",\"name\":\"Ferreter\u00eda Juli\u00e0\",\"url\":\"https:\\\/\\\/ferreteriajulia.com\\\/tienda\\\/\",\"logo\":{\"@type\":\"ImageObject\",\"inLanguage\":\"es\",\"@id\":\"https:\\\/\\\/ferreteriajulia.com\\\/tienda\\\/#\\\/schema\\\/logo\\\/image\\\/\",\"url\":\"https:\\\/\\\/ferreteriajulia.com\\\/tienda\\\/wp-content\\\/uploads\\\/2023\\\/04\\\/LOGO_Ferreteria_Julia_HD-e1680625558319.png\",\"contentUrl\":\"https:\\\/\\\/ferreteriajulia.com\\\/tienda\\\/wp-content\\\/uploads\\\/2023\\\/04\\\/LOGO_Ferreteria_Julia_HD-e1680625558319.png\",\"width\":240,\"height\":89,\"caption\":\"Ferreter\u00eda Juli\u00e0\"},\"image\":{\"@id\":\"https:\\\/\\\/ferreteriajulia.com\\\/tienda\\\/#\\\/schema\\\/logo\\\/image\\\/\"}}]}<\/script>\n<!-- \/ Yoast SEO plugin. -->","yoast_head_json":{"title":"cable coaxial 75Ohms 100mts. - Ferreter\u00eda Juli\u00e0","robots":{"index":"index","follow":"follow","max-snippet":"max-snippet:-1","max-image-preview":"max-image-preview:large","max-video-preview":"max-video-preview:-1"},"canonical":"http:\/\/ferreteriajulia.com\/tienda\/producto\/cable-coaxial-75ohms-100mts\/","og_locale":"es_ES","og_type":"article","og_title":"cable coaxial 75Ohms 100mts. - Ferreter\u00eda Juli\u00e0","og_description":"cable coaxial 75Ohms 100mts","og_url":"http:\/\/ferreteriajulia.com\/tienda\/producto\/cable-coaxial-75ohms-100mts\/","og_site_name":"Ferreter\u00eda Juli\u00e0","article_modified_time":"2023-03-17T15:56:52+00:00","og_image":[{"width":300,"height":300,"url":"http:\/\/ferreteriajulia.com\/tienda\/wp-content\/uploads\/2016\/10\/p-7184-cable-coaxial.jpg","type":"image\/jpeg"}],"twitter_card":"summary_large_image","schema":{"@context":"https:\/\/schema.org","@graph":[{"@type":"WebPage","@id":"http:\/\/ferreteriajulia.com\/tienda\/producto\/cable-coaxial-75ohms-100mts\/","url":"http:\/\/ferreteriajulia.com\/tienda\/producto\/cable-coaxial-75ohms-100mts\/","name":"cable coaxial 75Ohms 100mts. - Ferreter\u00eda Juli\u00e0","isPartOf":{"@id":"https:\/\/ferreteriajulia.com\/tienda\/#website"},"primaryImageOfPage":{"@id":"http:\/\/ferreteriajulia.com\/tienda\/producto\/cable-coaxial-75ohms-100mts\/#primaryimage"},"image":{"@id":"http:\/\/ferreteriajulia.com\/tienda\/producto\/cable-coaxial-75ohms-100mts\/#primaryimage"},"thumbnailUrl":"https:\/\/ferreteriajulia.com\/tienda\/wp-content\/uploads\/2016\/10\/p-7184-cable-coaxial.jpg","datePublished":"2016-10-22T08:29:59+00:00","dateModified":"2023-03-17T15:56:52+00:00","breadcrumb":{"@id":"http:\/\/ferreteriajulia.com\/tienda\/producto\/cable-coaxial-75ohms-100mts\/#breadcrumb"},"inLanguage":"es","potentialAction":[{"@type":"ReadAction","target":["http:\/\/ferreteriajulia.com\/tienda\/producto\/cable-coaxial-75ohms-100mts\/"]}]},{"@type":"ImageObject","inLanguage":"es","@id":"http:\/\/ferreteriajulia.com\/tienda\/producto\/cable-coaxial-75ohms-100mts\/#primaryimage","url":"https:\/\/ferreteriajulia.com\/tienda\/wp-content\/uploads\/2016\/10\/p-7184-cable-coaxial.jpg","contentUrl":"https:\/\/ferreteriajulia.com\/tienda\/wp-content\/uploads\/2016\/10\/p-7184-cable-coaxial.jpg","width":300,"height":300},{"@type":"BreadcrumbList","@id":"http:\/\/ferreteriajulia.com\/tienda\/producto\/cable-coaxial-75ohms-100mts\/#breadcrumb","itemListElement":[{"@type":"ListItem","position":1,"name":"Portada","item":"https:\/\/ferreteriajulia.com\/tienda\/"},{"@type":"ListItem","position":2,"name":"Tienda online","item":"https:\/\/ferreteriajulia.com\/tienda\/shop\/"},{"@type":"ListItem","position":3,"name":"cable coaxial 75Ohms 100mts."}]},{"@type":"WebSite","@id":"https:\/\/ferreteriajulia.com\/tienda\/#website","url":"https:\/\/ferreteriajulia.com\/tienda\/","name":"Ferreter\u00eda Juli\u00e0","description":"Ferreter\u00eda generalista, material para intalaciones y reparaciones.","publisher":{"@id":"https:\/\/ferreteriajulia.com\/tienda\/#organization"},"potentialAction":[{"@type":"SearchAction","target":{"@type":"EntryPoint","urlTemplate":"https:\/\/ferreteriajulia.com\/tienda\/?s={search_term_string}"},"query-input":{"@type":"PropertyValueSpecification","valueRequired":true,"valueName":"search_term_string"}}],"inLanguage":"es"},{"@type":"Organization","@id":"https:\/\/ferreteriajulia.com\/tienda\/#organization","name":"Ferreter\u00eda Juli\u00e0","url":"https:\/\/ferreteriajulia.com\/tienda\/","logo":{"@type":"ImageObject","inLanguage":"es","@id":"https:\/\/ferreteriajulia.com\/tienda\/#\/schema\/logo\/image\/","url":"https:\/\/ferreteriajulia.com\/tienda\/wp-content\/uploads\/2023\/04\/LOGO_Ferreteria_Julia_HD-e1680625558319.png","contentUrl":"https:\/\/ferreteriajulia.com\/tienda\/wp-content\/uploads\/2023\/04\/LOGO_Ferreteria_Julia_HD-e1680625558319.png","width":240,"height":89,"caption":"Ferreter\u00eda Juli\u00e0"},"image":{"@id":"https:\/\/ferreteriajulia.com\/tienda\/#\/schema\/logo\/image\/"}}]}},"_links":{"self":[{"href":"https:\/\/ferreteriajulia.com\/tienda\/wp-json\/wp\/v2\/product\/7184","targetHints":{"allow":["GET"]}}],"collection":[{"href":"https:\/\/ferreteriajulia.com\/tienda\/wp-json\/wp\/v2\/product"}],"about":[{"href":"https:\/\/ferreteriajulia.com\/tienda\/wp-json\/wp\/v2\/types\/product"}],"wp:featuredmedia":[{"embeddable":true,"href":"https:\/\/ferreteriajulia.com\/tienda\/wp-json\/wp\/v2\/media\/7185"}],"wp:attachment":[{"href":"https:\/\/ferreteriajulia.com\/tienda\/wp-json\/wp\/v2\/media?parent=7184"}],"wp:term":[{"taxonomy":"product_brand","embeddable":true,"href":"https:\/\/ferreteriajulia.com\/tienda\/wp-json\/wp\/v2\/product_brand?post=7184"},{"taxonomy":"product_cat","embeddable":true,"href":"https:\/\/ferreteriajulia.com\/tienda\/wp-json\/wp\/v2\/product_cat?post=7184"},{"taxonomy":"product_tag","embeddable":true,"href":"https:\/\/ferreteriajulia.com\/tienda\/wp-json\/wp\/v2\/product_tag?post=7184"}],"curies":[{"name":"wp","href":"https:\/\/api.w.org\/{rel}","templated":true}]}}