{"id":7200,"date":"2016-11-18T10:54:59","date_gmt":"2016-11-18T10:54:59","guid":{"rendered":"http:\/\/ferreteriajulia.com\/tienda\/?post_type=product&#038;p=7200"},"modified":"2024-11-28T11:38:26","modified_gmt":"2024-11-28T10:38:26","slug":"mini-portabrocas-atornilladores","status":"publish","type":"product","link":"https:\/\/ferreteriajulia.com\/tienda\/producto\/mini-portabrocas-atornilladores\/","title":{"rendered":"mini portabrocas atornilladores 1\/4&#8243; 0,5-8mm"},"content":{"rendered":"<p>mini portabrocas atornilladores<\/p>\n<p>Sujecci\u00f3n r\u00e1pida para atornilladores de bater\u00eda con fijaci\u00f3n hexagonal 1\/4.<\/p>\n<p>Giro derechas. DIN-316<\/p>\n<p>para brocas de 0,5-8mm<\/p>\n<p>la imagen es orientativa del producto<\/p>\n","protected":false},"excerpt":{"rendered":"<p>mini portabrocas atornilladores<\/p>\n","protected":false},"featured_media":7201,"template":"","meta":{"_monsterinsights_skip_tracking":false,"_monsterinsights_sitenote_active":false,"_monsterinsights_sitenote_note":"","_monsterinsights_sitenote_category":0},"product_brand":[260],"product_cat":[867],"product_tag":[],"class_list":{"0":"post-7200","1":"product","2":"type-product","3":"status-publish","4":"has-post-thumbnail","6":"product_brand-260","7":"product_cat-portapuntas-y-puntas-atornillar-1-4","9":"first","10":"instock","11":"taxable","12":"shipping-taxable","13":"purchasable","14":"product-type-simple"},"yoast_head":"<!-- This site is optimized with the Yoast SEO plugin v27.4 - https:\/\/yoast.com\/product\/yoast-seo-wordpress\/ -->\n<title>mini portabrocas atornilladores 1\/4&quot; 0,5-8mm - Ferreter\u00eda Juli\u00e0<\/title>\n<meta name=\"description\" content=\"mini portabrocas atornilladores 1\/4&quot; 0,5-8mm - Ferreter\u00eda Juli\u00e0 - Ferreter\u00eda en Barcelona - 933 59 84 12 - info@ferreteriajulia.com - Gran variedad de productos\" \/>\n<meta name=\"robots\" content=\"index, follow, max-snippet:-1, max-image-preview:large, max-video-preview:-1\" \/>\n<link rel=\"canonical\" href=\"http:\/\/ferreteriajulia.com\/tienda\/producto\/mini-portabrocas-atornilladores\/\" \/>\n<meta property=\"og:locale\" content=\"es_ES\" \/>\n<meta property=\"og:type\" content=\"article\" \/>\n<meta property=\"og:title\" content=\"mini portabrocas atornilladores 1\/4&quot; 0,5-8mm - Ferreter\u00eda Juli\u00e0\" \/>\n<meta property=\"og:description\" content=\"mini portabrocas atornilladores 1\/4&quot; 0,5-8mm - Ferreter\u00eda Juli\u00e0 - Ferreter\u00eda en Barcelona - 933 59 84 12 - info@ferreteriajulia.com - Gran variedad de productos\" \/>\n<meta property=\"og:url\" content=\"http:\/\/ferreteriajulia.com\/tienda\/producto\/mini-portabrocas-atornilladores\/\" \/>\n<meta property=\"og:site_name\" content=\"Ferreter\u00eda Juli\u00e0\" \/>\n<meta property=\"article:modified_time\" content=\"2024-11-28T10:38:26+00:00\" \/>\n<meta property=\"og:image\" content=\"http:\/\/ferreteriajulia.com\/tienda\/wp-content\/uploads\/2016\/11\/p-7200-portabrocas-para-atornillador.jpg\" \/>\n\t<meta property=\"og:image:width\" content=\"190\" \/>\n\t<meta property=\"og:image:height\" content=\"190\" \/>\n\t<meta property=\"og:image:type\" content=\"image\/jpeg\" \/>\n<meta name=\"twitter:card\" content=\"summary_large_image\" \/>\n<meta name=\"twitter:label1\" content=\"Tiempo de lectura\" \/>\n\t<meta name=\"twitter:data1\" content=\"1 minuto\" \/>\n<script type=\"application\/ld+json\" class=\"yoast-schema-graph\">{\"@context\":\"https:\\\/\\\/schema.org\",\"@graph\":[{\"@type\":\"WebPage\",\"@id\":\"http:\\\/\\\/ferreteriajulia.com\\\/tienda\\\/producto\\\/mini-portabrocas-atornilladores\\\/\",\"url\":\"http:\\\/\\\/ferreteriajulia.com\\\/tienda\\\/producto\\\/mini-portabrocas-atornilladores\\\/\",\"name\":\"mini portabrocas atornilladores 1\\\/4\\\" 0,5-8mm - Ferreter\u00eda Juli\u00e0\",\"isPartOf\":{\"@id\":\"https:\\\/\\\/ferreteriajulia.com\\\/tienda\\\/#website\"},\"primaryImageOfPage\":{\"@id\":\"http:\\\/\\\/ferreteriajulia.com\\\/tienda\\\/producto\\\/mini-portabrocas-atornilladores\\\/#primaryimage\"},\"image\":{\"@id\":\"http:\\\/\\\/ferreteriajulia.com\\\/tienda\\\/producto\\\/mini-portabrocas-atornilladores\\\/#primaryimage\"},\"thumbnailUrl\":\"https:\\\/\\\/ferreteriajulia.com\\\/tienda\\\/wp-content\\\/uploads\\\/2016\\\/11\\\/p-7200-portabrocas-para-atornillador.jpg\",\"datePublished\":\"2016-11-18T10:54:59+00:00\",\"dateModified\":\"2024-11-28T10:38:26+00:00\",\"description\":\"mini portabrocas atornilladores 1\\\/4\\\" 0,5-8mm - Ferreter\u00eda Juli\u00e0 - Ferreter\u00eda en Barcelona - 933 59 84 12 - info@ferreteriajulia.com - Gran variedad de productos\",\"breadcrumb\":{\"@id\":\"http:\\\/\\\/ferreteriajulia.com\\\/tienda\\\/producto\\\/mini-portabrocas-atornilladores\\\/#breadcrumb\"},\"inLanguage\":\"es\",\"potentialAction\":[{\"@type\":\"ReadAction\",\"target\":[\"http:\\\/\\\/ferreteriajulia.com\\\/tienda\\\/producto\\\/mini-portabrocas-atornilladores\\\/\"]}]},{\"@type\":\"ImageObject\",\"inLanguage\":\"es\",\"@id\":\"http:\\\/\\\/ferreteriajulia.com\\\/tienda\\\/producto\\\/mini-portabrocas-atornilladores\\\/#primaryimage\",\"url\":\"https:\\\/\\\/ferreteriajulia.com\\\/tienda\\\/wp-content\\\/uploads\\\/2016\\\/11\\\/p-7200-portabrocas-para-atornillador.jpg\",\"contentUrl\":\"https:\\\/\\\/ferreteriajulia.com\\\/tienda\\\/wp-content\\\/uploads\\\/2016\\\/11\\\/p-7200-portabrocas-para-atornillador.jpg\",\"width\":190,\"height\":190},{\"@type\":\"BreadcrumbList\",\"@id\":\"http:\\\/\\\/ferreteriajulia.com\\\/tienda\\\/producto\\\/mini-portabrocas-atornilladores\\\/#breadcrumb\",\"itemListElement\":[{\"@type\":\"ListItem\",\"position\":1,\"name\":\"Portada\",\"item\":\"https:\\\/\\\/ferreteriajulia.com\\\/tienda\\\/\"},{\"@type\":\"ListItem\",\"position\":2,\"name\":\"Tienda online\",\"item\":\"https:\\\/\\\/ferreteriajulia.com\\\/tienda\\\/shop\\\/\"},{\"@type\":\"ListItem\",\"position\":3,\"name\":\"mini portabrocas atornilladores 1\\\/4&#8243; 0,5-8mm\"}]},{\"@type\":\"WebSite\",\"@id\":\"https:\\\/\\\/ferreteriajulia.com\\\/tienda\\\/#website\",\"url\":\"https:\\\/\\\/ferreteriajulia.com\\\/tienda\\\/\",\"name\":\"Ferreter\u00eda Juli\u00e0\",\"description\":\"Ferreter\u00eda generalista, material para intalaciones y reparaciones.\",\"publisher\":{\"@id\":\"https:\\\/\\\/ferreteriajulia.com\\\/tienda\\\/#organization\"},\"potentialAction\":[{\"@type\":\"SearchAction\",\"target\":{\"@type\":\"EntryPoint\",\"urlTemplate\":\"https:\\\/\\\/ferreteriajulia.com\\\/tienda\\\/?s={search_term_string}\"},\"query-input\":{\"@type\":\"PropertyValueSpecification\",\"valueRequired\":true,\"valueName\":\"search_term_string\"}}],\"inLanguage\":\"es\"},{\"@type\":\"Organization\",\"@id\":\"https:\\\/\\\/ferreteriajulia.com\\\/tienda\\\/#organization\",\"name\":\"Ferreter\u00eda Juli\u00e0\",\"url\":\"https:\\\/\\\/ferreteriajulia.com\\\/tienda\\\/\",\"logo\":{\"@type\":\"ImageObject\",\"inLanguage\":\"es\",\"@id\":\"https:\\\/\\\/ferreteriajulia.com\\\/tienda\\\/#\\\/schema\\\/logo\\\/image\\\/\",\"url\":\"https:\\\/\\\/ferreteriajulia.com\\\/tienda\\\/wp-content\\\/uploads\\\/2023\\\/04\\\/LOGO_Ferreteria_Julia_HD-e1680625558319.png\",\"contentUrl\":\"https:\\\/\\\/ferreteriajulia.com\\\/tienda\\\/wp-content\\\/uploads\\\/2023\\\/04\\\/LOGO_Ferreteria_Julia_HD-e1680625558319.png\",\"width\":240,\"height\":89,\"caption\":\"Ferreter\u00eda Juli\u00e0\"},\"image\":{\"@id\":\"https:\\\/\\\/ferreteriajulia.com\\\/tienda\\\/#\\\/schema\\\/logo\\\/image\\\/\"}}]}<\/script>\n<!-- \/ Yoast SEO plugin. -->","yoast_head_json":{"title":"mini portabrocas atornilladores 1\/4\" 0,5-8mm - Ferreter\u00eda Juli\u00e0","description":"mini portabrocas atornilladores 1\/4\" 0,5-8mm - Ferreter\u00eda Juli\u00e0 - Ferreter\u00eda en Barcelona - 933 59 84 12 - info@ferreteriajulia.com - Gran variedad de productos","robots":{"index":"index","follow":"follow","max-snippet":"max-snippet:-1","max-image-preview":"max-image-preview:large","max-video-preview":"max-video-preview:-1"},"canonical":"http:\/\/ferreteriajulia.com\/tienda\/producto\/mini-portabrocas-atornilladores\/","og_locale":"es_ES","og_type":"article","og_title":"mini portabrocas atornilladores 1\/4\" 0,5-8mm - Ferreter\u00eda Juli\u00e0","og_description":"mini portabrocas atornilladores 1\/4\" 0,5-8mm - Ferreter\u00eda Juli\u00e0 - Ferreter\u00eda en Barcelona - 933 59 84 12 - info@ferreteriajulia.com - Gran variedad de productos","og_url":"http:\/\/ferreteriajulia.com\/tienda\/producto\/mini-portabrocas-atornilladores\/","og_site_name":"Ferreter\u00eda Juli\u00e0","article_modified_time":"2024-11-28T10:38:26+00:00","og_image":[{"width":190,"height":190,"url":"http:\/\/ferreteriajulia.com\/tienda\/wp-content\/uploads\/2016\/11\/p-7200-portabrocas-para-atornillador.jpg","type":"image\/jpeg"}],"twitter_card":"summary_large_image","twitter_misc":{"Tiempo de lectura":"1 minuto"},"schema":{"@context":"https:\/\/schema.org","@graph":[{"@type":"WebPage","@id":"http:\/\/ferreteriajulia.com\/tienda\/producto\/mini-portabrocas-atornilladores\/","url":"http:\/\/ferreteriajulia.com\/tienda\/producto\/mini-portabrocas-atornilladores\/","name":"mini portabrocas atornilladores 1\/4\" 0,5-8mm - Ferreter\u00eda Juli\u00e0","isPartOf":{"@id":"https:\/\/ferreteriajulia.com\/tienda\/#website"},"primaryImageOfPage":{"@id":"http:\/\/ferreteriajulia.com\/tienda\/producto\/mini-portabrocas-atornilladores\/#primaryimage"},"image":{"@id":"http:\/\/ferreteriajulia.com\/tienda\/producto\/mini-portabrocas-atornilladores\/#primaryimage"},"thumbnailUrl":"https:\/\/ferreteriajulia.com\/tienda\/wp-content\/uploads\/2016\/11\/p-7200-portabrocas-para-atornillador.jpg","datePublished":"2016-11-18T10:54:59+00:00","dateModified":"2024-11-28T10:38:26+00:00","description":"mini portabrocas atornilladores 1\/4\" 0,5-8mm - Ferreter\u00eda Juli\u00e0 - Ferreter\u00eda en Barcelona - 933 59 84 12 - info@ferreteriajulia.com - Gran variedad de productos","breadcrumb":{"@id":"http:\/\/ferreteriajulia.com\/tienda\/producto\/mini-portabrocas-atornilladores\/#breadcrumb"},"inLanguage":"es","potentialAction":[{"@type":"ReadAction","target":["http:\/\/ferreteriajulia.com\/tienda\/producto\/mini-portabrocas-atornilladores\/"]}]},{"@type":"ImageObject","inLanguage":"es","@id":"http:\/\/ferreteriajulia.com\/tienda\/producto\/mini-portabrocas-atornilladores\/#primaryimage","url":"https:\/\/ferreteriajulia.com\/tienda\/wp-content\/uploads\/2016\/11\/p-7200-portabrocas-para-atornillador.jpg","contentUrl":"https:\/\/ferreteriajulia.com\/tienda\/wp-content\/uploads\/2016\/11\/p-7200-portabrocas-para-atornillador.jpg","width":190,"height":190},{"@type":"BreadcrumbList","@id":"http:\/\/ferreteriajulia.com\/tienda\/producto\/mini-portabrocas-atornilladores\/#breadcrumb","itemListElement":[{"@type":"ListItem","position":1,"name":"Portada","item":"https:\/\/ferreteriajulia.com\/tienda\/"},{"@type":"ListItem","position":2,"name":"Tienda online","item":"https:\/\/ferreteriajulia.com\/tienda\/shop\/"},{"@type":"ListItem","position":3,"name":"mini portabrocas atornilladores 1\/4&#8243; 0,5-8mm"}]},{"@type":"WebSite","@id":"https:\/\/ferreteriajulia.com\/tienda\/#website","url":"https:\/\/ferreteriajulia.com\/tienda\/","name":"Ferreter\u00eda Juli\u00e0","description":"Ferreter\u00eda generalista, material para intalaciones y reparaciones.","publisher":{"@id":"https:\/\/ferreteriajulia.com\/tienda\/#organization"},"potentialAction":[{"@type":"SearchAction","target":{"@type":"EntryPoint","urlTemplate":"https:\/\/ferreteriajulia.com\/tienda\/?s={search_term_string}"},"query-input":{"@type":"PropertyValueSpecification","valueRequired":true,"valueName":"search_term_string"}}],"inLanguage":"es"},{"@type":"Organization","@id":"https:\/\/ferreteriajulia.com\/tienda\/#organization","name":"Ferreter\u00eda Juli\u00e0","url":"https:\/\/ferreteriajulia.com\/tienda\/","logo":{"@type":"ImageObject","inLanguage":"es","@id":"https:\/\/ferreteriajulia.com\/tienda\/#\/schema\/logo\/image\/","url":"https:\/\/ferreteriajulia.com\/tienda\/wp-content\/uploads\/2023\/04\/LOGO_Ferreteria_Julia_HD-e1680625558319.png","contentUrl":"https:\/\/ferreteriajulia.com\/tienda\/wp-content\/uploads\/2023\/04\/LOGO_Ferreteria_Julia_HD-e1680625558319.png","width":240,"height":89,"caption":"Ferreter\u00eda Juli\u00e0"},"image":{"@id":"https:\/\/ferreteriajulia.com\/tienda\/#\/schema\/logo\/image\/"}}]}},"_links":{"self":[{"href":"https:\/\/ferreteriajulia.com\/tienda\/wp-json\/wp\/v2\/product\/7200","targetHints":{"allow":["GET"]}}],"collection":[{"href":"https:\/\/ferreteriajulia.com\/tienda\/wp-json\/wp\/v2\/product"}],"about":[{"href":"https:\/\/ferreteriajulia.com\/tienda\/wp-json\/wp\/v2\/types\/product"}],"wp:featuredmedia":[{"embeddable":true,"href":"https:\/\/ferreteriajulia.com\/tienda\/wp-json\/wp\/v2\/media\/7201"}],"wp:attachment":[{"href":"https:\/\/ferreteriajulia.com\/tienda\/wp-json\/wp\/v2\/media?parent=7200"}],"wp:term":[{"taxonomy":"product_brand","embeddable":true,"href":"https:\/\/ferreteriajulia.com\/tienda\/wp-json\/wp\/v2\/product_brand?post=7200"},{"taxonomy":"product_cat","embeddable":true,"href":"https:\/\/ferreteriajulia.com\/tienda\/wp-json\/wp\/v2\/product_cat?post=7200"},{"taxonomy":"product_tag","embeddable":true,"href":"https:\/\/ferreteriajulia.com\/tienda\/wp-json\/wp\/v2\/product_tag?post=7200"}],"curies":[{"name":"wp","href":"https:\/\/api.w.org\/{rel}","templated":true}]}}